{"id":282,"date":"2010-12-30T08:50:10","date_gmt":"2010-12-30T08:50:10","guid":{"rendered":"http:\/\/www.adeudima.com\/?page_id=282"},"modified":"2010-12-30T08:50:10","modified_gmt":"2010-12-30T08:50:10","slug":"5-resumen","status":"publish","type":"page","link":"https:\/\/blogs.udima.es\/administracion-y-direccion-de-empresas\/libros\/introduccion-a-la-organizacion-de-empresas-2\/unidad-didactica-3-analisis-economico-del-sistema-tecnico-de-la-empresa\/5-resumen\/","title":{"rendered":"5. Resumen"},"content":{"rendered":"<p>El sistema t\u00e9cnico representa el conjunto de  procesos, m\u00e9todos,  tecnolog\u00edas e instrumentos que facilitan el desarrollo de  bienes y  servicios de la empresa, de esta forma, se trata del esquema que se   ci\u00f1e al proceso de transformaci\u00f3n de valor en la organizaci\u00f3n.<\/p>\n<p>Las actividades, tareas y operaciones del sistema se  analizan en  t\u00e9rminos reales (circulaci\u00f3n f\u00edsica) y monetarios (circulaci\u00f3n   financiera). Para identificar la eficiencia t\u00e9cnico-econ\u00f3mica se  utilizan los  conceptos de productividad y rentabilidad. En cuanto a la  primera, se han  expuesto los diferentes niveles de la misma, parcial o  de cada factor, y global  o correspondiente al excedente global logrado  por una compa\u00f1\u00eda en dos periodos  consecutivos. En ambos casos, se miden  tanto en unidades f\u00edsicas o t\u00e9cnicas,  como en monetarias o precios. En  virtud de la segunda, habr\u00eda que distinguir  entre rentabilidad  econ\u00f3mica o sobre la inversi\u00f3n (ROI), o los activos netos  totales (ROA)  o sobre las ventas (margen de ventas o ROS) y entre la  rentabilidad  financiera o sobre los recursos propios (ROE).<\/p>\n<p>El sistema t\u00e9cnico se compone por el sistema de  inversi\u00f3n, el  sistema de financiaci\u00f3n, el sistema de producci\u00f3n (operaciones) y  el  sistema de comercializaci\u00f3n (marketing). Tales componentes determinan  una  circulaci\u00f3n econ\u00f3mico-financiera concreta que seg\u00fan su temporalidad  o  vinculaci\u00f3n a uno o varios ejercicios econ\u00f3micos clasific\u00e1ndose en  dos ciclos:  el de la explotaci\u00f3n y el del capital. Este muestra las  din\u00e1micas relativas a  la captaci\u00f3n de recursos financieros, la  aplicaci\u00f3n en activos o inversiones y  la generaci\u00f3n de nuevos recursos o  retornos (desinversi\u00f3n) a trav\u00e9s de la tarea  productiva, remunerando  as\u00ed a inversores en virtud de las aportaciones de  capital realizadas, o  incluso considerando la reinversi\u00f3n (autofinanciaci\u00f3n).<\/p>\n<p>El mencionado ciclo de explotaci\u00f3n expone la  circulaci\u00f3n cl\u00e1sica  \u00abdinero-mercanc\u00eda-dinero\u00bb, centrada en el desglose de una  serie de  fases: aprovisionamiento, producci\u00f3n, venta y cobro. El sumatorio de   estas fases concreta el \u00abperiodo medio de maduraci\u00f3n\u00bb, t\u00e9rmino que  expresa el  plazo promedio en un ejercicio que tarda la empresa en  recuperar una unidad  monetaria invertida en el activo circulante. Dado  que existen cr\u00e9ditos de  provisi\u00f3n o aplazamientos de pagos, este  concepto permite el c\u00e1lculo del  capital circulante m\u00ednimo o fondo de  maniobra que requiere la organizaci\u00f3n.<\/p>\n<p>Por su parte, la inversi\u00f3n representa un proceso de  materializaci\u00f3n  de recursos financieros en activos productivos. Este  planteamiento  implica su desarrollo en el marco de diferentes formas y  objetivos,  dando lugar a diversas clases de inversi\u00f3n. Entre las opciones  existentes  cabe recordar la importancia del car\u00e1cter simple o \u00abno  simple\u00bb (al menos un  flujo de caja negativo, al margen del desembolso  inicial) en el c\u00e1lculo de la  tasa interna de rentabilidad.<\/p>\n<p>El an\u00e1lisis temporal del conjunto de inversiones se  lleva a cabo a  trav\u00e9s del c\u00e1lculo de los flujos de fondos (flujos netos de  caja) que  responden a la diferencia entre cobros y pagos de cada periodo.<\/p>\n<p>Los criterios m\u00e1s utilizados para la selecci\u00f3n de  inversiones son: el plazo de recuperaci\u00f3n (<em>pay back<\/em>),  el valor actual neto  (VAN) y la tasa interna de rendimiento (TIR). El  primero, es un criterio claro  de liquidez; el segundo, resulta ser el  m\u00e1s equilibrado, con menos cr\u00edticas  operativas, tratando de llevar al  momento presente los distintos valores de los  flujos de caja  descontados a un tipo de inter\u00e9s determinado por el valor del  dinero en  los mercados financieros con un riesgo e inflaci\u00f3n aceptables o   normales. Finalmente, el tercero, es caracter\u00edstico de un enfoque de   rentabilidad, condicionado con el coste de los recursos financieros  utilizados.<\/p>\n","protected":false},"excerpt":{"rendered":"<p>El sistema t\u00e9cnico representa el conjunto de procesos, m\u00e9todos, tecnolog\u00edas e instrumentos que facilitan el desarrollo de bienes y servicios de la empresa, de esta forma, se trata del esquema que se ci\u00f1e al proceso de transformaci\u00f3n de valor en la organizaci\u00f3n. Las actividades, tareas y operaciones del sistema se analizan en t\u00e9rminos reales (circulaci\u00f3n [&hellip;]<\/p>\n","protected":false},"author":2,"featured_media":0,"parent":1071,"menu_order":6,"comment_status":"open","ping_status":"open","template":"","meta":{"footnotes":""},"yoast_head":"<!-- This site is optimized with the Yoast SEO plugin v22.9 - https:\/\/yoast.com\/wordpress\/plugins\/seo\/ -->\n<title>5. Resumen - Blog de ADE<\/title>\n<meta name=\"robots\" content=\"index, follow, max-snippet:-1, max-image-preview:large, max-video-preview:-1\" \/>\n<link rel=\"canonical\" href=\"https:\/\/blogs.udima.es\/administracion-y-direccion-de-empresas\/libros\/introduccion-a-la-organizacion-de-empresas-2\/unidad-didactica-3-analisis-economico-del-sistema-tecnico-de-la-empresa\/5-resumen\/\" \/>\n<meta property=\"og:locale\" content=\"es_ES\" \/>\n<meta property=\"og:type\" content=\"article\" \/>\n<meta property=\"og:title\" content=\"5. Resumen - Blog de ADE\" \/>\n<meta property=\"og:description\" content=\"El sistema t\u00e9cnico representa el conjunto de procesos, m\u00e9todos, tecnolog\u00edas e instrumentos que facilitan el desarrollo de bienes y servicios de la empresa, de esta forma, se trata del esquema que se ci\u00f1e al proceso de transformaci\u00f3n de valor en la organizaci\u00f3n. Las actividades, tareas y operaciones del sistema se analizan en t\u00e9rminos reales (circulaci\u00f3n [&hellip;]\" \/>\n<meta property=\"og:url\" content=\"https:\/\/blogs.udima.es\/administracion-y-direccion-de-empresas\/libros\/introduccion-a-la-organizacion-de-empresas-2\/unidad-didactica-3-analisis-economico-del-sistema-tecnico-de-la-empresa\/5-resumen\/\" \/>\n<meta property=\"og:site_name\" content=\"Blog de ADE - Universidad a Distancia de Madrid | UDIMA\" \/>\n<meta name=\"twitter:card\" content=\"summary_large_image\" \/>\n<meta name=\"twitter:label1\" content=\"Tiempo de lectura\" \/>\n\t<meta name=\"twitter:data1\" content=\"3 minutos\" \/>\n<script type=\"application\/ld+json\" class=\"yoast-schema-graph\">{\"@context\":\"https:\/\/schema.org\",\"@graph\":[{\"@type\":\"WebPage\",\"@id\":\"https:\/\/blogs.udima.es\/administracion-y-direccion-de-empresas\/libros\/introduccion-a-la-organizacion-de-empresas-2\/unidad-didactica-3-analisis-economico-del-sistema-tecnico-de-la-empresa\/5-resumen\/\",\"url\":\"https:\/\/blogs.udima.es\/administracion-y-direccion-de-empresas\/libros\/introduccion-a-la-organizacion-de-empresas-2\/unidad-didactica-3-analisis-economico-del-sistema-tecnico-de-la-empresa\/5-resumen\/\",\"name\":\"5. Resumen - Blog de ADE\",\"isPartOf\":{\"@id\":\"https:\/\/blogs.udima.es\/administracion-y-direccion-de-empresas\/#website\"},\"datePublished\":\"2010-12-30T08:50:10+00:00\",\"dateModified\":\"2010-12-30T08:50:10+00:00\",\"breadcrumb\":{\"@id\":\"https:\/\/blogs.udima.es\/administracion-y-direccion-de-empresas\/libros\/introduccion-a-la-organizacion-de-empresas-2\/unidad-didactica-3-analisis-economico-del-sistema-tecnico-de-la-empresa\/5-resumen\/#breadcrumb\"},\"inLanguage\":\"es\",\"potentialAction\":[{\"@type\":\"ReadAction\",\"target\":[\"https:\/\/blogs.udima.es\/administracion-y-direccion-de-empresas\/libros\/introduccion-a-la-organizacion-de-empresas-2\/unidad-didactica-3-analisis-economico-del-sistema-tecnico-de-la-empresa\/5-resumen\/\"]}]},{\"@type\":\"BreadcrumbList\",\"@id\":\"https:\/\/blogs.udima.es\/administracion-y-direccion-de-empresas\/libros\/introduccion-a-la-organizacion-de-empresas-2\/unidad-didactica-3-analisis-economico-del-sistema-tecnico-de-la-empresa\/5-resumen\/#breadcrumb\",\"itemListElement\":[{\"@type\":\"ListItem\",\"position\":1,\"name\":\"Portada\",\"item\":\"https:\/\/blogs.udima.es\/administracion-y-direccion-de-empresas\/\"},{\"@type\":\"ListItem\",\"position\":2,\"name\":\"Libros\",\"item\":\"https:\/\/blogs.udima.es\/administracion-y-direccion-de-empresas\/libros\/\"},{\"@type\":\"ListItem\",\"position\":3,\"name\":\"Introducci\u00f3n a la Organizaci\u00f3n de Empresas\",\"item\":\"https:\/\/blogs.udima.es\/administracion-y-direccion-de-empresas\/libros\/introduccion-a-la-organizacion-de-empresas-2\/\"},{\"@type\":\"ListItem\",\"position\":4,\"name\":\"Unidad did\u00e1ctica 3. An\u00e1lisis econ\u00f3mico del sistema t\u00e9cnico de la empresa\",\"item\":\"https:\/\/blogs.udima.es\/administracion-y-direccion-de-empresas\/libros\/introduccion-a-la-organizacion-de-empresas-2\/unidad-didactica-3-analisis-economico-del-sistema-tecnico-de-la-empresa\/\"},{\"@type\":\"ListItem\",\"position\":5,\"name\":\"5. Resumen\"}]},{\"@type\":\"WebSite\",\"@id\":\"https:\/\/blogs.udima.es\/administracion-y-direccion-de-empresas\/#website\",\"url\":\"https:\/\/blogs.udima.es\/administracion-y-direccion-de-empresas\/\",\"name\":\"Blog de ADE - Universidad a Distancia de Madrid | UDIMA\",\"description\":\"\",\"potentialAction\":[{\"@type\":\"SearchAction\",\"target\":{\"@type\":\"EntryPoint\",\"urlTemplate\":\"https:\/\/blogs.udima.es\/administracion-y-direccion-de-empresas\/?s={search_term_string}\"},\"query-input\":\"required name=search_term_string\"}],\"inLanguage\":\"es\"}]}<\/script>\n<!-- \/ Yoast SEO plugin. -->","yoast_head_json":{"title":"5. Resumen - Blog de ADE","robots":{"index":"index","follow":"follow","max-snippet":"max-snippet:-1","max-image-preview":"max-image-preview:large","max-video-preview":"max-video-preview:-1"},"canonical":"https:\/\/blogs.udima.es\/administracion-y-direccion-de-empresas\/libros\/introduccion-a-la-organizacion-de-empresas-2\/unidad-didactica-3-analisis-economico-del-sistema-tecnico-de-la-empresa\/5-resumen\/","og_locale":"es_ES","og_type":"article","og_title":"5. Resumen - Blog de ADE","og_description":"El sistema t\u00e9cnico representa el conjunto de procesos, m\u00e9todos, tecnolog\u00edas e instrumentos que facilitan el desarrollo de bienes y servicios de la empresa, de esta forma, se trata del esquema que se ci\u00f1e al proceso de transformaci\u00f3n de valor en la organizaci\u00f3n. Las actividades, tareas y operaciones del sistema se analizan en t\u00e9rminos reales (circulaci\u00f3n [&hellip;]","og_url":"https:\/\/blogs.udima.es\/administracion-y-direccion-de-empresas\/libros\/introduccion-a-la-organizacion-de-empresas-2\/unidad-didactica-3-analisis-economico-del-sistema-tecnico-de-la-empresa\/5-resumen\/","og_site_name":"Blog de ADE - Universidad a Distancia de Madrid | UDIMA","twitter_card":"summary_large_image","twitter_misc":{"Tiempo de lectura":"3 minutos"},"schema":{"@context":"https:\/\/schema.org","@graph":[{"@type":"WebPage","@id":"https:\/\/blogs.udima.es\/administracion-y-direccion-de-empresas\/libros\/introduccion-a-la-organizacion-de-empresas-2\/unidad-didactica-3-analisis-economico-del-sistema-tecnico-de-la-empresa\/5-resumen\/","url":"https:\/\/blogs.udima.es\/administracion-y-direccion-de-empresas\/libros\/introduccion-a-la-organizacion-de-empresas-2\/unidad-didactica-3-analisis-economico-del-sistema-tecnico-de-la-empresa\/5-resumen\/","name":"5. Resumen - Blog de ADE","isPartOf":{"@id":"https:\/\/blogs.udima.es\/administracion-y-direccion-de-empresas\/#website"},"datePublished":"2010-12-30T08:50:10+00:00","dateModified":"2010-12-30T08:50:10+00:00","breadcrumb":{"@id":"https:\/\/blogs.udima.es\/administracion-y-direccion-de-empresas\/libros\/introduccion-a-la-organizacion-de-empresas-2\/unidad-didactica-3-analisis-economico-del-sistema-tecnico-de-la-empresa\/5-resumen\/#breadcrumb"},"inLanguage":"es","potentialAction":[{"@type":"ReadAction","target":["https:\/\/blogs.udima.es\/administracion-y-direccion-de-empresas\/libros\/introduccion-a-la-organizacion-de-empresas-2\/unidad-didactica-3-analisis-economico-del-sistema-tecnico-de-la-empresa\/5-resumen\/"]}]},{"@type":"BreadcrumbList","@id":"https:\/\/blogs.udima.es\/administracion-y-direccion-de-empresas\/libros\/introduccion-a-la-organizacion-de-empresas-2\/unidad-didactica-3-analisis-economico-del-sistema-tecnico-de-la-empresa\/5-resumen\/#breadcrumb","itemListElement":[{"@type":"ListItem","position":1,"name":"Portada","item":"https:\/\/blogs.udima.es\/administracion-y-direccion-de-empresas\/"},{"@type":"ListItem","position":2,"name":"Libros","item":"https:\/\/blogs.udima.es\/administracion-y-direccion-de-empresas\/libros\/"},{"@type":"ListItem","position":3,"name":"Introducci\u00f3n a la Organizaci\u00f3n de Empresas","item":"https:\/\/blogs.udima.es\/administracion-y-direccion-de-empresas\/libros\/introduccion-a-la-organizacion-de-empresas-2\/"},{"@type":"ListItem","position":4,"name":"Unidad did\u00e1ctica 3. An\u00e1lisis econ\u00f3mico del sistema t\u00e9cnico de la empresa","item":"https:\/\/blogs.udima.es\/administracion-y-direccion-de-empresas\/libros\/introduccion-a-la-organizacion-de-empresas-2\/unidad-didactica-3-analisis-economico-del-sistema-tecnico-de-la-empresa\/"},{"@type":"ListItem","position":5,"name":"5. Resumen"}]},{"@type":"WebSite","@id":"https:\/\/blogs.udima.es\/administracion-y-direccion-de-empresas\/#website","url":"https:\/\/blogs.udima.es\/administracion-y-direccion-de-empresas\/","name":"Blog de ADE - Universidad a Distancia de Madrid | UDIMA","description":"","potentialAction":[{"@type":"SearchAction","target":{"@type":"EntryPoint","urlTemplate":"https:\/\/blogs.udima.es\/administracion-y-direccion-de-empresas\/?s={search_term_string}"},"query-input":"required name=search_term_string"}],"inLanguage":"es"}]}},"_links":{"self":[{"href":"https:\/\/blogs.udima.es\/administracion-y-direccion-de-empresas\/wp-json\/wp\/v2\/pages\/282"}],"collection":[{"href":"https:\/\/blogs.udima.es\/administracion-y-direccion-de-empresas\/wp-json\/wp\/v2\/pages"}],"about":[{"href":"https:\/\/blogs.udima.es\/administracion-y-direccion-de-empresas\/wp-json\/wp\/v2\/types\/page"}],"author":[{"embeddable":true,"href":"https:\/\/blogs.udima.es\/administracion-y-direccion-de-empresas\/wp-json\/wp\/v2\/users\/2"}],"replies":[{"embeddable":true,"href":"https:\/\/blogs.udima.es\/administracion-y-direccion-de-empresas\/wp-json\/wp\/v2\/comments?post=282"}],"version-history":[{"count":0,"href":"https:\/\/blogs.udima.es\/administracion-y-direccion-de-empresas\/wp-json\/wp\/v2\/pages\/282\/revisions"}],"up":[{"embeddable":true,"href":"https:\/\/blogs.udima.es\/administracion-y-direccion-de-empresas\/wp-json\/wp\/v2\/pages\/1071"}],"wp:attachment":[{"href":"https:\/\/blogs.udima.es\/administracion-y-direccion-de-empresas\/wp-json\/wp\/v2\/media?parent=282"}],"curies":[{"name":"wp","href":"https:\/\/api.w.org\/{rel}","templated":true}]}}