{"id":261,"date":"2010-12-30T08:40:07","date_gmt":"2010-12-30T08:40:07","guid":{"rendered":"http:\/\/www.adeudima.com\/?page_id=261"},"modified":"2016-07-01T10:58:50","modified_gmt":"2016-07-01T10:58:50","slug":"3-concepto-de-inversion-y-sus-clases","status":"publish","type":"page","link":"https:\/\/blogs.udima.es\/administracion-y-direccion-de-empresas\/libros\/introduccion-a-la-organizacion-de-empresas-2\/unidad-didactica-3-analisis-economico-del-sistema-tecnico-de-la-empresa\/3-concepto-de-inversion-y-sus-clases\/","title":{"rendered":"3. Concepto de inversi\u00f3n y sus clases"},"content":{"rendered":"<p>La empresa se plantea dos tipos de decisiones o cuestiones sobre la temporalidad relativa a la circulaci\u00f3n de valor, ya sea referente al citado \u00abciclo de explotaci\u00f3n\u00bb (a corto plazo), o al \u00abciclo de capital\u00bb correspondiente a varios ejercicios econ\u00f3micos.<\/p>\n<p>El argumento asociado a las decisiones de inversi\u00f3n suele girar alrededor del largo plazo, comprometiendo un conjunto de factores durante un periodo de tiempo, elecci\u00f3n que pretende la creaci\u00f3n de una estructura econ\u00f3mica (inmovilizaciones t\u00e9cnicas) cuyo desarrollo facilite la actividad productiva sostenible en un plazo determinado, requiriendo adem\u00e1s una serie de inmovilizaciones de ejercicio tambi\u00e9n necesarias para el normal transcurrir de este proceso, conocidas como \u00abcapital circulante m\u00ednimo\u00bb o \u00abfondo de maniobra\u00bb. Todos estos retos y compromisos financieros implican riesgos concretos, lo que genera la necesidad de elegir ciertos criterios de selecci\u00f3n ante diferentes escenarios de inversi\u00f3n alternativos.<\/p>\n<p>Desde un esquema inicial la inversi\u00f3n se caracteriza como \u00abel factor que promueve el desarrollo econ\u00f3mico\u00bb o que facilita la existencia del proceso productivo por el que se obtienen determinados bienes y servicios y, consecuentemente la creaci\u00f3n de riqueza.<\/p>\n<p>Una iniciativa de inversi\u00f3n siempre responde a la transformaci\u00f3n de recursos financieros que se encuentran en manos de los inversores, captados v\u00eda mercados financieros, indistintamente de su naturaleza y funci\u00f3n en determinados activos o bienes espec\u00edficos que ostentan la capacidad de producir u obtener rendimientos o renta a trav\u00e9s del proceso de transformaci\u00f3n de valor. Concretamente este rendimiento en el contexto de una empresa industrial se logra con la fabricaci\u00f3n y venta de productos tangibles, mientras que en la realidad de una compa\u00f1\u00eda de servicios tal rendimiento se alcanza con las ventas, con la prestaci\u00f3n de servicios.<\/p>\n<p>Generalmente en materia econ\u00f3mica la inversi\u00f3n resulta ser toda materializaci\u00f3n de recursos financieros en activos bajo un prisma de \u00abconsumo\u00bb (activo circulante) como de \u00abequipo\u00bb (activo fijo). En todo caso, en el contexto de la empresa se suele asociar la inversi\u00f3n con temas estructurales, activos fijos o el largo plazo.<\/p>\n<p>La componente de decisi\u00f3n en las compa\u00f1\u00edas debe responder a cuestiones cuantitativas (cu\u00e1nto invertir), cualitativas (en qu\u00e9 invertir) y pol\u00edticas (qui\u00e9n invierte). Por tanto, aparece el proceso de inversi\u00f3n requiriendo una serie de m\u00e1rgenes superiores a los costes marginales. Normalmente, se tiene en cuenta como ingreso, retorno o rendimiento de la inversi\u00f3n, su propia rentabilidad (Ro), as\u00ed, para poder diagnosticar y determinar la viabilidad de una determinada inversi\u00f3n se requiere el planteamiento del proyecto a modo de proceso temporal como una corriente de cobros y pagos, lo que genera saldos peri\u00f3dicos o flujos de caja sobre los que aplicar los m\u00e9todos para la elecci\u00f3n del proyecto.<\/p>\n<p>Dentro de este argumento las inversiones pueden clasificarse en funci\u00f3n de diferentes alternativas y naturalezas, a saber:<\/p>\n<ul>\n<li>Seg\u00fan su relaci\u00f3n con la estructura econ\u00f3mica de la empresa:<\/li>\n<\/ul>\n<blockquote><p>&#8211; Inversiones fijas o del activo fijo.<br \/>\n&#8211; Inversiones de circulante o fondo de maniobra.<\/p><\/blockquote>\n<ul>\n<li>Seg\u00fan su finalidad:<\/li>\n<\/ul>\n<blockquote><p>&#8211; Inversiones industriales y comerciales o aquellas que dotan a la empresa de una estructura t\u00e9cnica, apta para producir.<br \/>\n&#8211; Inversiones en investigaci\u00f3n y desarrollo (I + D) o dirigidas para crear las bases de la innovaci\u00f3n tecnol\u00f3gica.<br \/>\n&#8211; Inversiones sociales o destinadas a la mejora de las condiciones de trabajo y ambientales de la organizaci\u00f3n.<br \/>\n&#8211; Inversiones financieras, bien con el \u00e1nimo de controlar otras empresas, o bien para buscar rentabilidad a los excedentes financieros.<\/p><\/blockquote>\n<ul>\n<li>Seg\u00fan los motivos de su realizaci\u00f3n:<\/li>\n<\/ul>\n<blockquote><p>&#8211; Inversiones de renovaci\u00f3n de la estructura t\u00e9cnica, motivadas por el envejecimiento u obsolescencia de los activos que la componen.<br \/>\n&#8211; Inversiones de expansi\u00f3n de la actividad actual.<br \/>\n&#8211; Inversiones de innovaci\u00f3n o de modernizaci\u00f3n del sistema t\u00e9cnico para mejorar la posici\u00f3n competitiva.<br \/>\n&#8211; Inversiones de diversificaci\u00f3n o que tienen por objeto mejorar o defender la posici\u00f3n competitiva a trav\u00e9s de la elaboraci\u00f3n de nuevos productos y la venta en nuevos mercados. Las primeras son de car\u00e1cter ofensivo y las segundas de tipo defensivo.<\/p><\/blockquote>\n<ul>\n<li>Seg\u00fan su interdependencia:<\/li>\n<\/ul>\n<blockquote><p>&#8211; Inversiones aut\u00f3nomas o proyectos independientes.<br \/>\n&#8211; Inversiones sustitutivas o proyectos excluyentes.<br \/>\n&#8211; Inversiones complementarias o proyectos dependientes entre s\u00ed.<\/p><\/blockquote>\n<ul>\n<li>Seg\u00fan las corrientes de flujos netos de caja:<\/li>\n<\/ul>\n<blockquote><p>&#8211; Inversiones simples o proyectos cuya corriente de fondos se caracteriza por un pago inicial y unos ingresos posteriores (cobros netos). Estas inversiones se caracterizan por esta sucesi\u00f3n de signos:<\/p><\/blockquote>\n<p><a href=\"https:\/\/blogs.udima.es\/administracion-y-direccion-de-empresas\/wp-content\/uploads\/03_03_01.jpg\"><img loading=\"lazy\" decoding=\"async\" class=\"aligncenter size-full wp-image-262\" title=\"03_03_01\" src=\"https:\/\/blogs.udima.es\/administracion-y-direccion-de-empresas\/wp-content\/uploads\/03_03_01.jpg\" alt=\"\" width=\"439\" height=\"71\" srcset=\"https:\/\/blogs.udima.es\/administracion-y-direccion-de-empresas\/wp-content\/uploads\/03_03_01.jpg 439w, https:\/\/blogs.udima.es\/administracion-y-direccion-de-empresas\/wp-content\/uploads\/03_03_01-300x49.jpg 300w\" sizes=\"(max-width: 439px) 100vw, 439px\" \/><\/a><\/p>\n<blockquote><p>&#8211; Inversiones no simples o proyectos con una corriente de fondos que se inicia con un desembolso inicial y unos flujos de cajas positivos y negativos, por ejemplo:<\/p><\/blockquote>\n<p><a href=\"https:\/\/blogs.udima.es\/administracion-y-direccion-de-empresas\/wp-content\/uploads\/03_03_02.jpg\"><img loading=\"lazy\" decoding=\"async\" class=\"aligncenter size-full wp-image-263\" title=\"03_03_02\" src=\"https:\/\/blogs.udima.es\/administracion-y-direccion-de-empresas\/wp-content\/uploads\/03_03_02.jpg\" alt=\"\" width=\"451\" height=\"81\" srcset=\"https:\/\/blogs.udima.es\/administracion-y-direccion-de-empresas\/wp-content\/uploads\/03_03_02.jpg 451w, https:\/\/blogs.udima.es\/administracion-y-direccion-de-empresas\/wp-content\/uploads\/03_03_02-300x54.jpg 300w\" sizes=\"(max-width: 451px) 100vw, 451px\" \/><\/a><\/p>\n","protected":false},"excerpt":{"rendered":"<p>La empresa se plantea dos tipos de decisiones o cuestiones sobre la temporalidad relativa a la circulaci\u00f3n de valor, ya sea referente al citado \u00abciclo de explotaci\u00f3n\u00bb (a corto plazo), o al \u00abciclo de capital\u00bb correspondiente a varios ejercicios econ\u00f3micos. El argumento asociado a las decisiones de inversi\u00f3n suele girar alrededor del largo plazo, comprometiendo [&hellip;]<\/p>\n","protected":false},"author":2,"featured_media":0,"parent":1071,"menu_order":4,"comment_status":"open","ping_status":"open","template":"","meta":{"footnotes":""},"yoast_head":"<!-- This site is optimized with the Yoast SEO plugin v22.9 - https:\/\/yoast.com\/wordpress\/plugins\/seo\/ -->\n<title>3. Concepto de inversi\u00f3n y sus clases - Blog de ADE<\/title>\n<meta name=\"robots\" content=\"index, follow, max-snippet:-1, max-image-preview:large, max-video-preview:-1\" \/>\n<link rel=\"canonical\" href=\"https:\/\/blogs.udima.es\/administracion-y-direccion-de-empresas\/libros\/introduccion-a-la-organizacion-de-empresas-2\/unidad-didactica-3-analisis-economico-del-sistema-tecnico-de-la-empresa\/3-concepto-de-inversion-y-sus-clases\/\" \/>\n<meta property=\"og:locale\" content=\"es_ES\" \/>\n<meta property=\"og:type\" content=\"article\" \/>\n<meta property=\"og:title\" content=\"3. Concepto de inversi\u00f3n y sus clases - Blog de ADE\" \/>\n<meta property=\"og:description\" content=\"La empresa se plantea dos tipos de decisiones o cuestiones sobre la temporalidad relativa a la circulaci\u00f3n de valor, ya sea referente al citado \u00abciclo de explotaci\u00f3n\u00bb (a corto plazo), o al \u00abciclo de capital\u00bb correspondiente a varios ejercicios econ\u00f3micos. El argumento asociado a las decisiones de inversi\u00f3n suele girar alrededor del largo plazo, comprometiendo [&hellip;]\" \/>\n<meta property=\"og:url\" content=\"https:\/\/blogs.udima.es\/administracion-y-direccion-de-empresas\/libros\/introduccion-a-la-organizacion-de-empresas-2\/unidad-didactica-3-analisis-economico-del-sistema-tecnico-de-la-empresa\/3-concepto-de-inversion-y-sus-clases\/\" \/>\n<meta property=\"og:site_name\" content=\"Blog de ADE - Universidad a Distancia de Madrid | UDIMA\" \/>\n<meta property=\"article:modified_time\" content=\"2016-07-01T10:58:50+00:00\" \/>\n<meta property=\"og:image\" content=\"https:\/\/blogs.udima.es\/administracion-y-direccion-de-empresas\/wp-content\/uploads\/03_03_01.jpg\" \/>\n<meta name=\"twitter:card\" content=\"summary_large_image\" \/>\n<meta name=\"twitter:label1\" content=\"Tiempo de lectura\" \/>\n\t<meta name=\"twitter:data1\" content=\"4 minutos\" \/>\n<script type=\"application\/ld+json\" class=\"yoast-schema-graph\">{\"@context\":\"https:\/\/schema.org\",\"@graph\":[{\"@type\":\"WebPage\",\"@id\":\"https:\/\/blogs.udima.es\/administracion-y-direccion-de-empresas\/libros\/introduccion-a-la-organizacion-de-empresas-2\/unidad-didactica-3-analisis-economico-del-sistema-tecnico-de-la-empresa\/3-concepto-de-inversion-y-sus-clases\/\",\"url\":\"https:\/\/blogs.udima.es\/administracion-y-direccion-de-empresas\/libros\/introduccion-a-la-organizacion-de-empresas-2\/unidad-didactica-3-analisis-economico-del-sistema-tecnico-de-la-empresa\/3-concepto-de-inversion-y-sus-clases\/\",\"name\":\"3. Concepto de inversi\u00f3n y sus clases - Blog de ADE\",\"isPartOf\":{\"@id\":\"https:\/\/blogs.udima.es\/administracion-y-direccion-de-empresas\/#website\"},\"primaryImageOfPage\":{\"@id\":\"https:\/\/blogs.udima.es\/administracion-y-direccion-de-empresas\/libros\/introduccion-a-la-organizacion-de-empresas-2\/unidad-didactica-3-analisis-economico-del-sistema-tecnico-de-la-empresa\/3-concepto-de-inversion-y-sus-clases\/#primaryimage\"},\"image\":{\"@id\":\"https:\/\/blogs.udima.es\/administracion-y-direccion-de-empresas\/libros\/introduccion-a-la-organizacion-de-empresas-2\/unidad-didactica-3-analisis-economico-del-sistema-tecnico-de-la-empresa\/3-concepto-de-inversion-y-sus-clases\/#primaryimage\"},\"thumbnailUrl\":\"https:\/\/blogs.udima.es\/administracion-y-direccion-de-empresas\/wp-content\/uploads\/03_03_01.jpg\",\"datePublished\":\"2010-12-30T08:40:07+00:00\",\"dateModified\":\"2016-07-01T10:58:50+00:00\",\"breadcrumb\":{\"@id\":\"https:\/\/blogs.udima.es\/administracion-y-direccion-de-empresas\/libros\/introduccion-a-la-organizacion-de-empresas-2\/unidad-didactica-3-analisis-economico-del-sistema-tecnico-de-la-empresa\/3-concepto-de-inversion-y-sus-clases\/#breadcrumb\"},\"inLanguage\":\"es\",\"potentialAction\":[{\"@type\":\"ReadAction\",\"target\":[\"https:\/\/blogs.udima.es\/administracion-y-direccion-de-empresas\/libros\/introduccion-a-la-organizacion-de-empresas-2\/unidad-didactica-3-analisis-economico-del-sistema-tecnico-de-la-empresa\/3-concepto-de-inversion-y-sus-clases\/\"]}]},{\"@type\":\"ImageObject\",\"inLanguage\":\"es\",\"@id\":\"https:\/\/blogs.udima.es\/administracion-y-direccion-de-empresas\/libros\/introduccion-a-la-organizacion-de-empresas-2\/unidad-didactica-3-analisis-economico-del-sistema-tecnico-de-la-empresa\/3-concepto-de-inversion-y-sus-clases\/#primaryimage\",\"url\":\"https:\/\/blogs.udima.es\/administracion-y-direccion-de-empresas\/wp-content\/uploads\/03_03_01.jpg\",\"contentUrl\":\"https:\/\/blogs.udima.es\/administracion-y-direccion-de-empresas\/wp-content\/uploads\/03_03_01.jpg\",\"width\":439,\"height\":71},{\"@type\":\"BreadcrumbList\",\"@id\":\"https:\/\/blogs.udima.es\/administracion-y-direccion-de-empresas\/libros\/introduccion-a-la-organizacion-de-empresas-2\/unidad-didactica-3-analisis-economico-del-sistema-tecnico-de-la-empresa\/3-concepto-de-inversion-y-sus-clases\/#breadcrumb\",\"itemListElement\":[{\"@type\":\"ListItem\",\"position\":1,\"name\":\"Portada\",\"item\":\"https:\/\/blogs.udima.es\/administracion-y-direccion-de-empresas\/\"},{\"@type\":\"ListItem\",\"position\":2,\"name\":\"Libros\",\"item\":\"https:\/\/blogs.udima.es\/administracion-y-direccion-de-empresas\/libros\/\"},{\"@type\":\"ListItem\",\"position\":3,\"name\":\"Introducci\u00f3n a la Organizaci\u00f3n de Empresas\",\"item\":\"https:\/\/blogs.udima.es\/administracion-y-direccion-de-empresas\/libros\/introduccion-a-la-organizacion-de-empresas-2\/\"},{\"@type\":\"ListItem\",\"position\":4,\"name\":\"Unidad did\u00e1ctica 3. An\u00e1lisis econ\u00f3mico del sistema t\u00e9cnico de la empresa\",\"item\":\"https:\/\/blogs.udima.es\/administracion-y-direccion-de-empresas\/libros\/introduccion-a-la-organizacion-de-empresas-2\/unidad-didactica-3-analisis-economico-del-sistema-tecnico-de-la-empresa\/\"},{\"@type\":\"ListItem\",\"position\":5,\"name\":\"3. Concepto de inversi\u00f3n y sus clases\"}]},{\"@type\":\"WebSite\",\"@id\":\"https:\/\/blogs.udima.es\/administracion-y-direccion-de-empresas\/#website\",\"url\":\"https:\/\/blogs.udima.es\/administracion-y-direccion-de-empresas\/\",\"name\":\"Blog de ADE - Universidad a Distancia de Madrid | UDIMA\",\"description\":\"\",\"potentialAction\":[{\"@type\":\"SearchAction\",\"target\":{\"@type\":\"EntryPoint\",\"urlTemplate\":\"https:\/\/blogs.udima.es\/administracion-y-direccion-de-empresas\/?s={search_term_string}\"},\"query-input\":\"required name=search_term_string\"}],\"inLanguage\":\"es\"}]}<\/script>\n<!-- \/ Yoast SEO plugin. -->","yoast_head_json":{"title":"3. Concepto de inversi\u00f3n y sus clases - Blog de ADE","robots":{"index":"index","follow":"follow","max-snippet":"max-snippet:-1","max-image-preview":"max-image-preview:large","max-video-preview":"max-video-preview:-1"},"canonical":"https:\/\/blogs.udima.es\/administracion-y-direccion-de-empresas\/libros\/introduccion-a-la-organizacion-de-empresas-2\/unidad-didactica-3-analisis-economico-del-sistema-tecnico-de-la-empresa\/3-concepto-de-inversion-y-sus-clases\/","og_locale":"es_ES","og_type":"article","og_title":"3. Concepto de inversi\u00f3n y sus clases - Blog de ADE","og_description":"La empresa se plantea dos tipos de decisiones o cuestiones sobre la temporalidad relativa a la circulaci\u00f3n de valor, ya sea referente al citado \u00abciclo de explotaci\u00f3n\u00bb (a corto plazo), o al \u00abciclo de capital\u00bb correspondiente a varios ejercicios econ\u00f3micos. El argumento asociado a las decisiones de inversi\u00f3n suele girar alrededor del largo plazo, comprometiendo [&hellip;]","og_url":"https:\/\/blogs.udima.es\/administracion-y-direccion-de-empresas\/libros\/introduccion-a-la-organizacion-de-empresas-2\/unidad-didactica-3-analisis-economico-del-sistema-tecnico-de-la-empresa\/3-concepto-de-inversion-y-sus-clases\/","og_site_name":"Blog de ADE - Universidad a Distancia de Madrid | UDIMA","article_modified_time":"2016-07-01T10:58:50+00:00","og_image":[{"url":"https:\/\/blogs.udima.es\/administracion-y-direccion-de-empresas\/wp-content\/uploads\/03_03_01.jpg"}],"twitter_card":"summary_large_image","twitter_misc":{"Tiempo de lectura":"4 minutos"},"schema":{"@context":"https:\/\/schema.org","@graph":[{"@type":"WebPage","@id":"https:\/\/blogs.udima.es\/administracion-y-direccion-de-empresas\/libros\/introduccion-a-la-organizacion-de-empresas-2\/unidad-didactica-3-analisis-economico-del-sistema-tecnico-de-la-empresa\/3-concepto-de-inversion-y-sus-clases\/","url":"https:\/\/blogs.udima.es\/administracion-y-direccion-de-empresas\/libros\/introduccion-a-la-organizacion-de-empresas-2\/unidad-didactica-3-analisis-economico-del-sistema-tecnico-de-la-empresa\/3-concepto-de-inversion-y-sus-clases\/","name":"3. Concepto de inversi\u00f3n y sus clases - Blog de ADE","isPartOf":{"@id":"https:\/\/blogs.udima.es\/administracion-y-direccion-de-empresas\/#website"},"primaryImageOfPage":{"@id":"https:\/\/blogs.udima.es\/administracion-y-direccion-de-empresas\/libros\/introduccion-a-la-organizacion-de-empresas-2\/unidad-didactica-3-analisis-economico-del-sistema-tecnico-de-la-empresa\/3-concepto-de-inversion-y-sus-clases\/#primaryimage"},"image":{"@id":"https:\/\/blogs.udima.es\/administracion-y-direccion-de-empresas\/libros\/introduccion-a-la-organizacion-de-empresas-2\/unidad-didactica-3-analisis-economico-del-sistema-tecnico-de-la-empresa\/3-concepto-de-inversion-y-sus-clases\/#primaryimage"},"thumbnailUrl":"https:\/\/blogs.udima.es\/administracion-y-direccion-de-empresas\/wp-content\/uploads\/03_03_01.jpg","datePublished":"2010-12-30T08:40:07+00:00","dateModified":"2016-07-01T10:58:50+00:00","breadcrumb":{"@id":"https:\/\/blogs.udima.es\/administracion-y-direccion-de-empresas\/libros\/introduccion-a-la-organizacion-de-empresas-2\/unidad-didactica-3-analisis-economico-del-sistema-tecnico-de-la-empresa\/3-concepto-de-inversion-y-sus-clases\/#breadcrumb"},"inLanguage":"es","potentialAction":[{"@type":"ReadAction","target":["https:\/\/blogs.udima.es\/administracion-y-direccion-de-empresas\/libros\/introduccion-a-la-organizacion-de-empresas-2\/unidad-didactica-3-analisis-economico-del-sistema-tecnico-de-la-empresa\/3-concepto-de-inversion-y-sus-clases\/"]}]},{"@type":"ImageObject","inLanguage":"es","@id":"https:\/\/blogs.udima.es\/administracion-y-direccion-de-empresas\/libros\/introduccion-a-la-organizacion-de-empresas-2\/unidad-didactica-3-analisis-economico-del-sistema-tecnico-de-la-empresa\/3-concepto-de-inversion-y-sus-clases\/#primaryimage","url":"https:\/\/blogs.udima.es\/administracion-y-direccion-de-empresas\/wp-content\/uploads\/03_03_01.jpg","contentUrl":"https:\/\/blogs.udima.es\/administracion-y-direccion-de-empresas\/wp-content\/uploads\/03_03_01.jpg","width":439,"height":71},{"@type":"BreadcrumbList","@id":"https:\/\/blogs.udima.es\/administracion-y-direccion-de-empresas\/libros\/introduccion-a-la-organizacion-de-empresas-2\/unidad-didactica-3-analisis-economico-del-sistema-tecnico-de-la-empresa\/3-concepto-de-inversion-y-sus-clases\/#breadcrumb","itemListElement":[{"@type":"ListItem","position":1,"name":"Portada","item":"https:\/\/blogs.udima.es\/administracion-y-direccion-de-empresas\/"},{"@type":"ListItem","position":2,"name":"Libros","item":"https:\/\/blogs.udima.es\/administracion-y-direccion-de-empresas\/libros\/"},{"@type":"ListItem","position":3,"name":"Introducci\u00f3n a la Organizaci\u00f3n de Empresas","item":"https:\/\/blogs.udima.es\/administracion-y-direccion-de-empresas\/libros\/introduccion-a-la-organizacion-de-empresas-2\/"},{"@type":"ListItem","position":4,"name":"Unidad did\u00e1ctica 3. An\u00e1lisis econ\u00f3mico del sistema t\u00e9cnico de la empresa","item":"https:\/\/blogs.udima.es\/administracion-y-direccion-de-empresas\/libros\/introduccion-a-la-organizacion-de-empresas-2\/unidad-didactica-3-analisis-economico-del-sistema-tecnico-de-la-empresa\/"},{"@type":"ListItem","position":5,"name":"3. Concepto de inversi\u00f3n y sus clases"}]},{"@type":"WebSite","@id":"https:\/\/blogs.udima.es\/administracion-y-direccion-de-empresas\/#website","url":"https:\/\/blogs.udima.es\/administracion-y-direccion-de-empresas\/","name":"Blog de ADE - Universidad a Distancia de Madrid | UDIMA","description":"","potentialAction":[{"@type":"SearchAction","target":{"@type":"EntryPoint","urlTemplate":"https:\/\/blogs.udima.es\/administracion-y-direccion-de-empresas\/?s={search_term_string}"},"query-input":"required name=search_term_string"}],"inLanguage":"es"}]}},"_links":{"self":[{"href":"https:\/\/blogs.udima.es\/administracion-y-direccion-de-empresas\/wp-json\/wp\/v2\/pages\/261"}],"collection":[{"href":"https:\/\/blogs.udima.es\/administracion-y-direccion-de-empresas\/wp-json\/wp\/v2\/pages"}],"about":[{"href":"https:\/\/blogs.udima.es\/administracion-y-direccion-de-empresas\/wp-json\/wp\/v2\/types\/page"}],"author":[{"embeddable":true,"href":"https:\/\/blogs.udima.es\/administracion-y-direccion-de-empresas\/wp-json\/wp\/v2\/users\/2"}],"replies":[{"embeddable":true,"href":"https:\/\/blogs.udima.es\/administracion-y-direccion-de-empresas\/wp-json\/wp\/v2\/comments?post=261"}],"version-history":[{"count":2,"href":"https:\/\/blogs.udima.es\/administracion-y-direccion-de-empresas\/wp-json\/wp\/v2\/pages\/261\/revisions"}],"predecessor-version":[{"id":1785,"href":"https:\/\/blogs.udima.es\/administracion-y-direccion-de-empresas\/wp-json\/wp\/v2\/pages\/261\/revisions\/1785"}],"up":[{"embeddable":true,"href":"https:\/\/blogs.udima.es\/administracion-y-direccion-de-empresas\/wp-json\/wp\/v2\/pages\/1071"}],"wp:attachment":[{"href":"https:\/\/blogs.udima.es\/administracion-y-direccion-de-empresas\/wp-json\/wp\/v2\/media?parent=261"}],"curies":[{"name":"wp","href":"https:\/\/api.w.org\/{rel}","templated":true}]}}