{"id":244,"date":"2010-12-30T08:24:18","date_gmt":"2010-12-30T08:24:18","guid":{"rendered":"http:\/\/www.adeudima.com\/?page_id=244"},"modified":"2010-12-30T08:24:18","modified_gmt":"2010-12-30T08:24:18","slug":"objetivos-de-la-unidad-3","status":"publish","type":"page","link":"https:\/\/blogs.udima.es\/administracion-y-direccion-de-empresas\/libros\/introduccion-a-la-organizacion-de-empresas-2\/unidad-didactica-3-analisis-economico-del-sistema-tecnico-de-la-empresa\/objetivos-de-la-unidad-3\/","title":{"rendered":"OBJETIVOS DE LA UNIDAD 3"},"content":{"rendered":"<p>En las Unidades did\u00e1cticas 1 y 2 se han ido introduciendo, de una u   otra forma, los contenidos b\u00e1sicos del \u00abaspecto\u00bb m\u00e1s aprehensible de la   \u00abempresa como organizaci\u00f3n\u00bb, es decir, su sistema t\u00e9cnico. Este  \u00abaspecto\u00bb o  subsistema representa los procesos de transformaci\u00f3n de  valor que se  desarrollan en el seno de la empresa en relaci\u00f3n con los  mercados de factores y  de productos.<\/p>\n<p>En consecuencia, en el primer ep\u00edgrafe se tratar\u00e1 de  describir el  concepto y estructura del sistema t\u00e9cnico, a trav\u00e9s de un an\u00e1lisis   funcional caracter\u00edstico de los enfoques m\u00e1s utilizados en el estudio de  la Econom\u00eda de la Empresa.<\/p>\n<p>En el ep\u00edgrafe siguiente se abordar\u00e1 el an\u00e1lisis de  los dos ciclos o  formas en que circulan los valores en la empresa: el ciclo de  capital y  el ciclo de la explotaci\u00f3n. El primero referente a periodos  econ\u00f3micos  a largo plazo y el segundo a periodos a corto o correspondientes al   ejercicio econ\u00f3mico.<\/p>\n<p>En el ep\u00edgrafe tercero se introduce el concepto de  inversi\u00f3n en la  empresa y las diferentes clases que la misma presenta desde la   perspectiva de su implicaci\u00f3n funcional.<\/p>\n<p>En el ep\u00edgrafe cuarto se hace una presentaci\u00f3n del  an\u00e1lisis  temporal de los proyectos de inversi\u00f3n y de c\u00f3mo se elige el m\u00e1s   conveniente a partir de la aplicaci\u00f3n de los criterios m\u00e1s conocidos.<\/p>\n<p>En el ep\u00edgrafe quinto se recoge el \u00abResumen\u00bb y  despu\u00e9s los \u00abConceptos clave o b\u00e1sicos a retener\u00bb por el alumno.<\/p>\n<p>Despu\u00e9s se presentan las actividades de la Unidad did\u00e1ctica a   desarrollar por el alumno y, por \u00faltimo,\u00a0  se recoge la bibliograf\u00eda  b\u00e1sica y avanzada.<\/p>\n","protected":false},"excerpt":{"rendered":"<p>En las Unidades did\u00e1cticas 1 y 2 se han ido introduciendo, de una u otra forma, los contenidos b\u00e1sicos del \u00abaspecto\u00bb m\u00e1s aprehensible de la \u00abempresa como organizaci\u00f3n\u00bb, es decir, su sistema t\u00e9cnico. Este \u00abaspecto\u00bb o subsistema representa los procesos de transformaci\u00f3n de valor que se desarrollan en el seno de la empresa en relaci\u00f3n [&hellip;]<\/p>\n","protected":false},"author":2,"featured_media":0,"parent":1071,"menu_order":1,"comment_status":"open","ping_status":"open","template":"","meta":{"footnotes":""},"yoast_head":"<!-- This site is optimized with the Yoast SEO plugin v22.9 - https:\/\/yoast.com\/wordpress\/plugins\/seo\/ -->\n<title>OBJETIVOS DE LA UNIDAD 3 - Blog de ADE<\/title>\n<meta name=\"robots\" content=\"index, follow, max-snippet:-1, max-image-preview:large, max-video-preview:-1\" \/>\n<link rel=\"canonical\" href=\"https:\/\/blogs.udima.es\/administracion-y-direccion-de-empresas\/libros\/introduccion-a-la-organizacion-de-empresas-2\/unidad-didactica-3-analisis-economico-del-sistema-tecnico-de-la-empresa\/objetivos-de-la-unidad-3\/\" \/>\n<meta property=\"og:locale\" content=\"es_ES\" \/>\n<meta property=\"og:type\" content=\"article\" \/>\n<meta property=\"og:title\" content=\"OBJETIVOS DE LA UNIDAD 3 - Blog de ADE\" \/>\n<meta property=\"og:description\" content=\"En las Unidades did\u00e1cticas 1 y 2 se han ido introduciendo, de una u otra forma, los contenidos b\u00e1sicos del \u00abaspecto\u00bb m\u00e1s aprehensible de la \u00abempresa como organizaci\u00f3n\u00bb, es decir, su sistema t\u00e9cnico. Este \u00abaspecto\u00bb o subsistema representa los procesos de transformaci\u00f3n de valor que se desarrollan en el seno de la empresa en relaci\u00f3n [&hellip;]\" \/>\n<meta property=\"og:url\" content=\"https:\/\/blogs.udima.es\/administracion-y-direccion-de-empresas\/libros\/introduccion-a-la-organizacion-de-empresas-2\/unidad-didactica-3-analisis-economico-del-sistema-tecnico-de-la-empresa\/objetivos-de-la-unidad-3\/\" \/>\n<meta property=\"og:site_name\" content=\"Blog de ADE - Universidad a Distancia de Madrid | UDIMA\" \/>\n<meta name=\"twitter:card\" content=\"summary_large_image\" \/>\n<meta name=\"twitter:label1\" content=\"Tiempo de lectura\" \/>\n\t<meta name=\"twitter:data1\" content=\"1 minuto\" \/>\n<script type=\"application\/ld+json\" class=\"yoast-schema-graph\">{\"@context\":\"https:\/\/schema.org\",\"@graph\":[{\"@type\":\"WebPage\",\"@id\":\"https:\/\/blogs.udima.es\/administracion-y-direccion-de-empresas\/libros\/introduccion-a-la-organizacion-de-empresas-2\/unidad-didactica-3-analisis-economico-del-sistema-tecnico-de-la-empresa\/objetivos-de-la-unidad-3\/\",\"url\":\"https:\/\/blogs.udima.es\/administracion-y-direccion-de-empresas\/libros\/introduccion-a-la-organizacion-de-empresas-2\/unidad-didactica-3-analisis-economico-del-sistema-tecnico-de-la-empresa\/objetivos-de-la-unidad-3\/\",\"name\":\"OBJETIVOS DE LA UNIDAD 3 - Blog de ADE\",\"isPartOf\":{\"@id\":\"https:\/\/blogs.udima.es\/administracion-y-direccion-de-empresas\/#website\"},\"datePublished\":\"2010-12-30T08:24:18+00:00\",\"dateModified\":\"2010-12-30T08:24:18+00:00\",\"breadcrumb\":{\"@id\":\"https:\/\/blogs.udima.es\/administracion-y-direccion-de-empresas\/libros\/introduccion-a-la-organizacion-de-empresas-2\/unidad-didactica-3-analisis-economico-del-sistema-tecnico-de-la-empresa\/objetivos-de-la-unidad-3\/#breadcrumb\"},\"inLanguage\":\"es\",\"potentialAction\":[{\"@type\":\"ReadAction\",\"target\":[\"https:\/\/blogs.udima.es\/administracion-y-direccion-de-empresas\/libros\/introduccion-a-la-organizacion-de-empresas-2\/unidad-didactica-3-analisis-economico-del-sistema-tecnico-de-la-empresa\/objetivos-de-la-unidad-3\/\"]}]},{\"@type\":\"BreadcrumbList\",\"@id\":\"https:\/\/blogs.udima.es\/administracion-y-direccion-de-empresas\/libros\/introduccion-a-la-organizacion-de-empresas-2\/unidad-didactica-3-analisis-economico-del-sistema-tecnico-de-la-empresa\/objetivos-de-la-unidad-3\/#breadcrumb\",\"itemListElement\":[{\"@type\":\"ListItem\",\"position\":1,\"name\":\"Portada\",\"item\":\"https:\/\/blogs.udima.es\/administracion-y-direccion-de-empresas\/\"},{\"@type\":\"ListItem\",\"position\":2,\"name\":\"Libros\",\"item\":\"https:\/\/blogs.udima.es\/administracion-y-direccion-de-empresas\/libros\/\"},{\"@type\":\"ListItem\",\"position\":3,\"name\":\"Introducci\u00f3n a la Organizaci\u00f3n de Empresas\",\"item\":\"https:\/\/blogs.udima.es\/administracion-y-direccion-de-empresas\/libros\/introduccion-a-la-organizacion-de-empresas-2\/\"},{\"@type\":\"ListItem\",\"position\":4,\"name\":\"Unidad did\u00e1ctica 3. An\u00e1lisis econ\u00f3mico del sistema t\u00e9cnico de la empresa\",\"item\":\"https:\/\/blogs.udima.es\/administracion-y-direccion-de-empresas\/libros\/introduccion-a-la-organizacion-de-empresas-2\/unidad-didactica-3-analisis-economico-del-sistema-tecnico-de-la-empresa\/\"},{\"@type\":\"ListItem\",\"position\":5,\"name\":\"OBJETIVOS DE LA UNIDAD 3\"}]},{\"@type\":\"WebSite\",\"@id\":\"https:\/\/blogs.udima.es\/administracion-y-direccion-de-empresas\/#website\",\"url\":\"https:\/\/blogs.udima.es\/administracion-y-direccion-de-empresas\/\",\"name\":\"Blog de ADE - Universidad a Distancia de Madrid | UDIMA\",\"description\":\"\",\"potentialAction\":[{\"@type\":\"SearchAction\",\"target\":{\"@type\":\"EntryPoint\",\"urlTemplate\":\"https:\/\/blogs.udima.es\/administracion-y-direccion-de-empresas\/?s={search_term_string}\"},\"query-input\":\"required name=search_term_string\"}],\"inLanguage\":\"es\"}]}<\/script>\n<!-- \/ Yoast SEO plugin. -->","yoast_head_json":{"title":"OBJETIVOS DE LA UNIDAD 3 - Blog de ADE","robots":{"index":"index","follow":"follow","max-snippet":"max-snippet:-1","max-image-preview":"max-image-preview:large","max-video-preview":"max-video-preview:-1"},"canonical":"https:\/\/blogs.udima.es\/administracion-y-direccion-de-empresas\/libros\/introduccion-a-la-organizacion-de-empresas-2\/unidad-didactica-3-analisis-economico-del-sistema-tecnico-de-la-empresa\/objetivos-de-la-unidad-3\/","og_locale":"es_ES","og_type":"article","og_title":"OBJETIVOS DE LA UNIDAD 3 - Blog de ADE","og_description":"En las Unidades did\u00e1cticas 1 y 2 se han ido introduciendo, de una u otra forma, los contenidos b\u00e1sicos del \u00abaspecto\u00bb m\u00e1s aprehensible de la \u00abempresa como organizaci\u00f3n\u00bb, es decir, su sistema t\u00e9cnico. Este \u00abaspecto\u00bb o subsistema representa los procesos de transformaci\u00f3n de valor que se desarrollan en el seno de la empresa en relaci\u00f3n [&hellip;]","og_url":"https:\/\/blogs.udima.es\/administracion-y-direccion-de-empresas\/libros\/introduccion-a-la-organizacion-de-empresas-2\/unidad-didactica-3-analisis-economico-del-sistema-tecnico-de-la-empresa\/objetivos-de-la-unidad-3\/","og_site_name":"Blog de ADE - Universidad a Distancia de Madrid | UDIMA","twitter_card":"summary_large_image","twitter_misc":{"Tiempo de lectura":"1 minuto"},"schema":{"@context":"https:\/\/schema.org","@graph":[{"@type":"WebPage","@id":"https:\/\/blogs.udima.es\/administracion-y-direccion-de-empresas\/libros\/introduccion-a-la-organizacion-de-empresas-2\/unidad-didactica-3-analisis-economico-del-sistema-tecnico-de-la-empresa\/objetivos-de-la-unidad-3\/","url":"https:\/\/blogs.udima.es\/administracion-y-direccion-de-empresas\/libros\/introduccion-a-la-organizacion-de-empresas-2\/unidad-didactica-3-analisis-economico-del-sistema-tecnico-de-la-empresa\/objetivos-de-la-unidad-3\/","name":"OBJETIVOS DE LA UNIDAD 3 - Blog de ADE","isPartOf":{"@id":"https:\/\/blogs.udima.es\/administracion-y-direccion-de-empresas\/#website"},"datePublished":"2010-12-30T08:24:18+00:00","dateModified":"2010-12-30T08:24:18+00:00","breadcrumb":{"@id":"https:\/\/blogs.udima.es\/administracion-y-direccion-de-empresas\/libros\/introduccion-a-la-organizacion-de-empresas-2\/unidad-didactica-3-analisis-economico-del-sistema-tecnico-de-la-empresa\/objetivos-de-la-unidad-3\/#breadcrumb"},"inLanguage":"es","potentialAction":[{"@type":"ReadAction","target":["https:\/\/blogs.udima.es\/administracion-y-direccion-de-empresas\/libros\/introduccion-a-la-organizacion-de-empresas-2\/unidad-didactica-3-analisis-economico-del-sistema-tecnico-de-la-empresa\/objetivos-de-la-unidad-3\/"]}]},{"@type":"BreadcrumbList","@id":"https:\/\/blogs.udima.es\/administracion-y-direccion-de-empresas\/libros\/introduccion-a-la-organizacion-de-empresas-2\/unidad-didactica-3-analisis-economico-del-sistema-tecnico-de-la-empresa\/objetivos-de-la-unidad-3\/#breadcrumb","itemListElement":[{"@type":"ListItem","position":1,"name":"Portada","item":"https:\/\/blogs.udima.es\/administracion-y-direccion-de-empresas\/"},{"@type":"ListItem","position":2,"name":"Libros","item":"https:\/\/blogs.udima.es\/administracion-y-direccion-de-empresas\/libros\/"},{"@type":"ListItem","position":3,"name":"Introducci\u00f3n a la Organizaci\u00f3n de Empresas","item":"https:\/\/blogs.udima.es\/administracion-y-direccion-de-empresas\/libros\/introduccion-a-la-organizacion-de-empresas-2\/"},{"@type":"ListItem","position":4,"name":"Unidad did\u00e1ctica 3. An\u00e1lisis econ\u00f3mico del sistema t\u00e9cnico de la empresa","item":"https:\/\/blogs.udima.es\/administracion-y-direccion-de-empresas\/libros\/introduccion-a-la-organizacion-de-empresas-2\/unidad-didactica-3-analisis-economico-del-sistema-tecnico-de-la-empresa\/"},{"@type":"ListItem","position":5,"name":"OBJETIVOS DE LA UNIDAD 3"}]},{"@type":"WebSite","@id":"https:\/\/blogs.udima.es\/administracion-y-direccion-de-empresas\/#website","url":"https:\/\/blogs.udima.es\/administracion-y-direccion-de-empresas\/","name":"Blog de ADE - Universidad a Distancia de Madrid | UDIMA","description":"","potentialAction":[{"@type":"SearchAction","target":{"@type":"EntryPoint","urlTemplate":"https:\/\/blogs.udima.es\/administracion-y-direccion-de-empresas\/?s={search_term_string}"},"query-input":"required name=search_term_string"}],"inLanguage":"es"}]}},"_links":{"self":[{"href":"https:\/\/blogs.udima.es\/administracion-y-direccion-de-empresas\/wp-json\/wp\/v2\/pages\/244"}],"collection":[{"href":"https:\/\/blogs.udima.es\/administracion-y-direccion-de-empresas\/wp-json\/wp\/v2\/pages"}],"about":[{"href":"https:\/\/blogs.udima.es\/administracion-y-direccion-de-empresas\/wp-json\/wp\/v2\/types\/page"}],"author":[{"embeddable":true,"href":"https:\/\/blogs.udima.es\/administracion-y-direccion-de-empresas\/wp-json\/wp\/v2\/users\/2"}],"replies":[{"embeddable":true,"href":"https:\/\/blogs.udima.es\/administracion-y-direccion-de-empresas\/wp-json\/wp\/v2\/comments?post=244"}],"version-history":[{"count":0,"href":"https:\/\/blogs.udima.es\/administracion-y-direccion-de-empresas\/wp-json\/wp\/v2\/pages\/244\/revisions"}],"up":[{"embeddable":true,"href":"https:\/\/blogs.udima.es\/administracion-y-direccion-de-empresas\/wp-json\/wp\/v2\/pages\/1071"}],"wp:attachment":[{"href":"https:\/\/blogs.udima.es\/administracion-y-direccion-de-empresas\/wp-json\/wp\/v2\/media?parent=244"}],"curies":[{"name":"wp","href":"https:\/\/api.w.org\/{rel}","templated":true}]}}