{"id":2125,"date":"2016-07-18T07:11:10","date_gmt":"2016-07-18T07:11:10","guid":{"rendered":"http:\/\/blogs.udima.es\/administracion-y-direccion-de-empresas\/?page_id=2125"},"modified":"2016-07-18T07:11:39","modified_gmt":"2016-07-18T07:11:39","slug":"9-2-vida-mediana-vmed-html","status":"publish","type":"page","link":"https:\/\/blogs.udima.es\/administracion-y-direccion-de-empresas\/9-2-vida-mediana-vmed-html\/","title":{"rendered":"9.2. Vida mediana (Vmed)"},"content":{"rendered":"<p>Se define como el tiempo que debe transcurrir para que el n\u00famero de t\u00edtulos en circulaci\u00f3n en la fecha de estudio quede reducido a la mitad o, lo que es lo mismo, el tiempo que ha de transcurrir para que la probabilidad de que un t\u00edtulo resulte amortizado en ese intervalo sea 1\/2.<\/p>\n<p>Haciendo el estudio en el momento k, tendremos que buscar cu\u00e1ntos sorteos (a\u00f1os) tienen que pasar para que se cumpla la definici\u00f3n de vida mediana, es decir, el n\u00famero de sorteos que tienen que efectuarse para que se cumplan cualesquiera de las siguientes expresiones:<\/p>\n<p>\u2022 El n\u00famero de t\u00edtulos amortizados sea la mitad de los que hab\u00eda en circulaci\u00f3n en la fecha de estudio:<\/p>\n<blockquote>\n<p><img loading=\"lazy\" decoding=\"async\" src=\"https:\/\/blogs.udima.es\/administracion-y-direccion-de-empresas\/images_book\/p528-03.png\" width=\"195\" height=\"61\" \/><\/p>\n<\/blockquote>\n<p>\u2022 La probabilidad de que un t\u00edtulo en circulaci\u00f3n en la fecha de estudio resulte amortizado en ese intervalo sea 1\/2:<\/p>\n<blockquote>\n<p> <img loading=\"lazy\" decoding=\"async\" src=\"https:\/\/blogs.udima.es\/administracion-y-direccion-de-empresas\/images_book\/p529-01.png\" width=\"143\" height=\"101\" \/><\/p>\n<\/blockquote>\n<p>Esta forma de calcular resulta aplicable a cualquier empr\u00e9stito, pero tiene como principal inconveniente la necesidad de conocer el n\u00famero de t\u00edtulos en circulaci\u00f3n en la fecha de estudio (N<sub>k+1<\/sub>) as\u00ed como el n\u00famero de t\u00edtulos a amortizar desde esa fecha en adelante.<\/p>\n<p> No obstante, para empr\u00e9stitos con anualidad constante y cup\u00f3n peri\u00f3dico, constante y vencido (clase I, tipo I) se puede emplear, en el origen, la siguiente expresi\u00f3n simplificada (v\u00e9ase demostraci\u00f3n en el anexo II al final del cap\u00edtulo):<\/p>\n<blockquote>\n<p>&nbsp;&nbsp;&nbsp;&nbsp;&nbsp;&nbsp;&nbsp;&nbsp;&nbsp;&nbsp;&nbsp;&nbsp;&nbsp;&nbsp;&nbsp;&nbsp;&nbsp;&nbsp;&nbsp;&nbsp;&nbsp;&nbsp;&nbsp;&nbsp;(1 + i)<sup>n<\/sup> + 1<br \/>\n    (1 + i)<sup>Vmed<\/sup> = &#8212;&#8212;&#8212;&#8212;&#8212;-<br \/>\n  &nbsp;&nbsp;&nbsp;&nbsp;&nbsp;&nbsp;&nbsp;&nbsp;&nbsp;&nbsp;&nbsp;&nbsp;&nbsp;&nbsp;&nbsp;&nbsp;&nbsp;&nbsp;&nbsp;&nbsp;&nbsp;&nbsp;&nbsp;&nbsp;&nbsp;&nbsp;&nbsp;&nbsp;&nbsp;&nbsp;&nbsp;2<\/p>\n<\/blockquote>\n<p>donde:<\/p>\n<blockquote>\n<p> i: Tanto del cup\u00f3n del empr\u00e9stito.<br \/>\n    n: N\u00famero de sorteos del empr\u00e9stito.<br \/>\n  V<sub>med<\/sub>: Vida mediana del empr\u00e9stito.<\/p>\n<\/blockquote>\n<p> m\u00e9todo v\u00e1lido si el estudio se realiza en el origen. Para aplicar la f\u00f3rmula en cualquier momento k, bastar\u00e1 con sustituir n (n\u00famero de sorteos pendientes) por n\u2013k (n\u00famero de sorteos pendientes desde la fecha de estudio). Adem\u00e1s, si el empr\u00e9stito tuviera caracter\u00edsticas comerciales, habr\u00eda que normalizar y la expresi\u00f3n seguir\u00e1 siendo v\u00e1lida pero cambiando i por i&#8217; (tanto normalizado), resultando:<\/p>\n<blockquote>\n<p>&nbsp;&nbsp;&nbsp;&nbsp;&nbsp;&nbsp;&nbsp;&nbsp;&nbsp;&nbsp;&nbsp;&nbsp;&nbsp;&nbsp;&nbsp;&nbsp;&nbsp;&nbsp;&nbsp;&nbsp;&nbsp;&nbsp;(1 + i&#8217;)n\u2013k + 1<br \/>\n    (1 + i&#8217;)<sup>Vmed<\/sup> = &#8212;&#8212;&#8212;&#8212;&#8212;&#8212;-<br \/>\n    &nbsp;&nbsp;&nbsp;&nbsp;&nbsp;&nbsp;&nbsp;&nbsp;&nbsp;&nbsp;&nbsp;&nbsp;&nbsp;&nbsp;&nbsp;&nbsp;&nbsp;&nbsp;&nbsp;&nbsp;&nbsp;&nbsp;&nbsp;&nbsp;&nbsp;&nbsp;&nbsp;&nbsp;&nbsp;&nbsp;&nbsp;2<\/p>\n<\/blockquote>\n<p>siendo:<\/p>\n<blockquote>\n<p> i&#8217;: Tanto normalizado del empr\u00e9stito.<br \/>\n    n\u2013k: N\u00famero de sorteos pendientes del empr\u00e9stito.<br \/>\n  V<sub>med<\/sub>: Vida mediana del empr\u00e9stito.<\/p>\n<\/blockquote>\n<p>&nbsp; <\/p>\n<div class=\"ejemplo\">\n<p align=\"left\"><strong>EJEMPLO 24<\/strong><\/p>\n<p>Se emite el siguiente empr\u00e9stito:<\/p>\n<ul>\n<li> T\u00edtulos emitidos: 20.000.<\/li>\n<li> Nominal t\u00edtulo: 1.000 euros.<\/li>\n<li> Cup\u00f3n anual: 50 euros.<\/li>\n<li> Duraci\u00f3n: 4 a\u00f1os.<\/li>\n<li> Prima amortizaci\u00f3n: 200 euros.<\/li>\n<li> Anualidad constante.<\/li>\n<\/ul>\n<p class=\"progress\">Se pide:<\/p>\n<ul>\n<li> Vida mediana en el origen.<\/li>\n<li> Vida mediana en el momento 1.<\/li>\n<\/ul>\n<p class=\"progress\">Soluci\u00f3n:<\/p>\n<p> El c\u00e1lculo de los t\u00edtulos amortizados no se realiza ya que se trata del mismo empr\u00e9stito del ejemplo anterior, por lo que tomamos esa informaci\u00f3n del mismo.<\/p>\n<p class=\"progress\">Vida mediana en el origen<\/p>\n<p>    Se trata de determinar cu\u00e1nto tiempo ha de transcurrir para que el total de t\u00edtulos emitidos se reduzca a la mitad.<\/p>\n<p>&nbsp;<\/p>\n<p align=\"center\"><img loading=\"lazy\" decoding=\"async\" src=\"https:\/\/blogs.udima.es\/administracion-y-direccion-de-empresas\/images_book\/p531-01.png\" width=\"536\" height=\"226\" \/><\/p>\n<p>&nbsp;<\/p>\n<p>La vida mediana estar\u00e1 comprendida entre 2 y 3, por lo que si se quiere un valor m\u00e1s aproximado habr\u00e1 que realizar una interpolaci\u00f3n lineal:<\/p>\n<p>&nbsp;<\/p>\n<table border=\"0\" align=\"center\" cellpadding=\"5\" cellspacing=\"0\">\n<tr>\n<td>\n<div align=\"left\">1 &#8212;&#8212;&#8212;&#8212;&#8212; 5.098 <\/div>\n<\/td>\n<td>\n<div align=\"center\">o bien <\/div>\n<\/td>\n<td>\n<div align=\"left\">1 &#8212;&#8212;&#8212;&#8212;&#8212; (0,4796 \u2013 0,7345)<\/div>\n<\/td>\n<\/tr>\n<tr>\n<td>\n<div align=\"left\">t &#8212;&#8212;&#8212;&#8212;&#8212; (10.000 \u2013 9.592)<\/div>\n<\/td>\n<td>\n<div align=\"center\"><\/div>\n<\/td>\n<td>\n<div align=\"left\">t &#8212;&#8212;&#8212;&#8212;&#8212;- (0,4796 \u2013 0,5)<\/div>\n<\/td>\n<\/tr>\n<tr>\n<td>\n<div align=\"center\">t = 0,08003 <\/div>\n<\/td>\n<td>\n<div align=\"center\"><\/div>\n<\/td>\n<td>\n<div align=\"center\">t = 0,0800314<\/div>\n<\/td>\n<\/tr>\n<tr>\n<td>\n<div align=\"center\" class=\"progress\">V<sub>med<\/sub> = 2 + t = 2,08003 a\u00f1os <\/div>\n<\/td>\n<td>\n<div align=\"center\"><\/div>\n<\/td>\n<td>\n<div align=\"center\" class=\"progress\">V<sub>med<\/sub> = 2 + t = 2,08003 a\u00f1os<\/div>\n<\/td>\n<\/tr>\n<\/table>\n<p>&nbsp;\n    <\/p>\n<p>Otra posibilidad consistir\u00e1 en emplear la f\u00f3rmula antes indicada:<\/p>\n<blockquote>\n<p> &nbsp;&nbsp;&nbsp;&nbsp;&nbsp;&nbsp;&nbsp;&nbsp;&nbsp;&nbsp;&nbsp;&nbsp;&nbsp;&nbsp;&nbsp;&nbsp;&nbsp;&nbsp;&nbsp;&nbsp;&nbsp;&nbsp;&nbsp;&nbsp;&nbsp;&nbsp;&nbsp;&nbsp;&nbsp;1,04166<sup>4<\/sup> + 1<br \/>\n      1,04166 V<sup>med<\/sup> = &#8212;&#8212;&#8212;&#8212;&#8212;&#8212;&#8211; <br \/>\n      &nbsp;&nbsp;&nbsp;&nbsp;&nbsp;&nbsp;&nbsp;&nbsp;&nbsp;&nbsp;&nbsp;&nbsp;&nbsp;&nbsp;&nbsp;&nbsp;&nbsp;&nbsp;&nbsp;&nbsp;&nbsp;&nbsp;&nbsp;&nbsp;&nbsp;&nbsp;&nbsp;&nbsp;&nbsp;&nbsp;&nbsp;&nbsp;&nbsp;&nbsp;&nbsp;&nbsp;&nbsp;&nbsp;2<\/p>\n<\/blockquote>\n<p> Aplicando logaritmos a un miembro y a otro, y teniendo en cuenta las propiedades de los logaritmos, despejaremos la variable buscada:<\/p>\n<blockquote>\n<p><img loading=\"lazy\" decoding=\"async\" src=\"https:\/\/blogs.udima.es\/administracion-y-direccion-de-empresas\/images_book\/p531-02.png\" width=\"328\" height=\"70\" \/><\/p>\n<\/blockquote>\n<p> De donde: <\/p>\n<blockquote>\n<p class=\"progress\"> Vmed = 2,08155 a\u00f1os<\/p>\n<\/blockquote>\n<p class=\"progress\"> Vida mediana en el momento 1<\/p>\n<p class=\"progress\">&nbsp;<\/p>\n<p align=\"center\"> <img loading=\"lazy\" decoding=\"async\" src=\"https:\/\/blogs.udima.es\/administracion-y-direccion-de-empresas\/images_book\/p532-01.png\" width=\"527\" height=\"201\" \/><\/p>\n<p align=\"center\">&nbsp;<\/p>\n<p> La vida mediana estar\u00e1 comprendida entre los sorteos 2.\u00ba y 3.\u00ba (1.\u00ba y 2.\u00ba contados desde la fecha de estudio) por lo que si se quiere un valor m\u00e1s aproximado habr\u00e1 que realizar una interpolaci\u00f3n lineal.<\/p>\n<p>Realizando una interpolaci\u00f3n lineal:<\/p>\n<p>&nbsp;<\/p>\n<table border=\"0\" align=\"center\" cellpadding=\"5\" cellspacing=\"0\">\n<tr>\n<td>\n<div align=\"left\">1 &#8212;&#8212;&#8212;&#8212;&#8212; 5.098 <\/div>\n<\/td>\n<td>\n<div align=\"center\">o bien <\/div>\n<\/td>\n<td>\n<div align=\"left\">1 &#8212;&#8212;&#8212;&#8212;&#8212; (0,3198 \u2013 0,6530)<\/div>\n<\/td>\n<\/tr>\n<tr>\n<td>\n<div align=\"left\">t &#8212;&#8212;&#8212;&#8212;&#8212;  (7.651 \u2013 4.894)<\/div>\n<\/td>\n<td>\n<div align=\"center\"><\/div>\n<\/td>\n<td>\n<div align=\"left\">t &#8212;&#8212;&#8212;&#8212;&#8212;- (0,3198 \u2013 0,5)<\/div>\n<\/td>\n<\/tr>\n<tr>\n<td>\n<div align=\"center\"> t = 0,54080<\/div>\n<\/td>\n<td>\n<div align=\"center\"><\/div>\n<\/td>\n<td>\n<div align=\"center\">t = 0,54083<\/div>\n<\/td>\n<\/tr>\n<tr>\n<td>\n<div align=\"center\" class=\"progress\">V<sub>med<\/sub> = 1 + t = 1,54080 a\u00f1os <\/div>\n<\/td>\n<td>\n<div align=\"center\"><\/div>\n<\/td>\n<td>\n<div align=\"center\" class=\"progress\">V<sub>med<\/sub> = 1 + t = 1,54080 a\u00f1os<\/div>\n<\/td>\n<\/tr>\n<\/table>\n<p>&nbsp;<\/p>\n<p>Otra posibilidad, mediante la expresi\u00f3n empleada para los empr\u00e9stitos de estas caracter\u00edsticas:<\/p>\n<blockquote>\n<p> &nbsp;&nbsp;&nbsp;&nbsp;&nbsp;&nbsp;&nbsp;&nbsp;&nbsp;&nbsp;&nbsp;&nbsp;&nbsp;&nbsp;&nbsp;&nbsp;&nbsp;&nbsp;&nbsp;&nbsp;&nbsp;&nbsp;&nbsp;&nbsp;&nbsp;&nbsp;&nbsp;1,04166<sup>3<\/sup> + 1<br \/>\n      1,04166 V<sup>med<\/sup> = &#8212;&#8212;&#8212;&#8212;&#8212;&#8212;&#8211; <br \/>\n      &nbsp;&nbsp;&nbsp;&nbsp;&nbsp;&nbsp;&nbsp;&nbsp;&nbsp;&nbsp;&nbsp;&nbsp;&nbsp;&nbsp;&nbsp;&nbsp;&nbsp;&nbsp;&nbsp;&nbsp;&nbsp;&nbsp;&nbsp;&nbsp;&nbsp;&nbsp;&nbsp;&nbsp;&nbsp;&nbsp;&nbsp;&nbsp;&nbsp;&nbsp;&nbsp;2<\/p>\n<\/blockquote>\n<p>Aplicando logaritmos:<\/p>\n<blockquote>\n<p><img loading=\"lazy\" decoding=\"async\" src=\"https:\/\/blogs.udima.es\/administracion-y-direccion-de-empresas\/images_book\/p532-02.png\" width=\"327\" height=\"64\" \/><\/p>\n<\/blockquote>\n<p>De donde: <\/p>\n<blockquote>\n<p class=\"progress\"> V<sub>med<\/sub> = 1,5459 a\u00f1os<\/p>\n<\/blockquote>\n<\/div>\n","protected":false},"excerpt":{"rendered":"<p>Se define como el tiempo que debe transcurrir para que el n\u00famero de t\u00edtulos en circulaci\u00f3n en la fecha de estudio quede reducido a la mitad o, lo que es lo mismo, el tiempo que ha de transcurrir para que la probabilidad de que un t\u00edtulo resulte amortizado en ese intervalo sea 1\/2. Haciendo el [&hellip;]<\/p>\n","protected":false},"author":27,"featured_media":0,"parent":0,"menu_order":5092,"comment_status":"closed","ping_status":"closed","template":"","meta":{"footnotes":""},"yoast_head":"<!-- This site is optimized with the Yoast SEO plugin v22.9 - https:\/\/yoast.com\/wordpress\/plugins\/seo\/ -->\n<title>9.2. Vida mediana (Vmed) - Blog de ADE<\/title>\n<meta name=\"robots\" content=\"index, follow, max-snippet:-1, max-image-preview:large, max-video-preview:-1\" \/>\n<link rel=\"canonical\" href=\"https:\/\/blogs.udima.es\/administracion-y-direccion-de-empresas\/9-2-vida-mediana-vmed-html\/\" \/>\n<meta property=\"og:locale\" content=\"es_ES\" \/>\n<meta property=\"og:type\" content=\"article\" \/>\n<meta property=\"og:title\" content=\"9.2. Vida mediana (Vmed) - Blog de ADE\" \/>\n<meta property=\"og:description\" content=\"Se define como el tiempo que debe transcurrir para que el n\u00famero de t\u00edtulos en circulaci\u00f3n en la fecha de estudio quede reducido a la mitad o, lo que es lo mismo, el tiempo que ha de transcurrir para que la probabilidad de que un t\u00edtulo resulte amortizado en ese intervalo sea 1\/2. Haciendo el [&hellip;]\" \/>\n<meta property=\"og:url\" content=\"https:\/\/blogs.udima.es\/administracion-y-direccion-de-empresas\/9-2-vida-mediana-vmed-html\/\" \/>\n<meta property=\"og:site_name\" content=\"Blog de ADE - Universidad a Distancia de Madrid | UDIMA\" \/>\n<meta property=\"article:modified_time\" content=\"2016-07-18T07:11:39+00:00\" \/>\n<meta property=\"og:image\" content=\"https:\/\/blogs.udima.es\/administracion-y-direccion-de-empresas\/images_book\/p528-03.png\" \/>\n<meta name=\"twitter:card\" content=\"summary_large_image\" \/>\n<meta name=\"twitter:label1\" content=\"Tiempo de lectura\" \/>\n\t<meta name=\"twitter:data1\" content=\"4 minutos\" \/>\n<script type=\"application\/ld+json\" class=\"yoast-schema-graph\">{\"@context\":\"https:\/\/schema.org\",\"@graph\":[{\"@type\":\"WebPage\",\"@id\":\"https:\/\/blogs.udima.es\/administracion-y-direccion-de-empresas\/9-2-vida-mediana-vmed-html\/\",\"url\":\"https:\/\/blogs.udima.es\/administracion-y-direccion-de-empresas\/9-2-vida-mediana-vmed-html\/\",\"name\":\"9.2. Vida mediana (Vmed) - Blog de ADE\",\"isPartOf\":{\"@id\":\"https:\/\/blogs.udima.es\/administracion-y-direccion-de-empresas\/#website\"},\"primaryImageOfPage\":{\"@id\":\"https:\/\/blogs.udima.es\/administracion-y-direccion-de-empresas\/9-2-vida-mediana-vmed-html\/#primaryimage\"},\"image\":{\"@id\":\"https:\/\/blogs.udima.es\/administracion-y-direccion-de-empresas\/9-2-vida-mediana-vmed-html\/#primaryimage\"},\"thumbnailUrl\":\"https:\/\/blogs.udima.es\/administracion-y-direccion-de-empresas\/images_book\/p528-03.png\",\"datePublished\":\"2016-07-18T07:11:10+00:00\",\"dateModified\":\"2016-07-18T07:11:39+00:00\",\"breadcrumb\":{\"@id\":\"https:\/\/blogs.udima.es\/administracion-y-direccion-de-empresas\/9-2-vida-mediana-vmed-html\/#breadcrumb\"},\"inLanguage\":\"es\",\"potentialAction\":[{\"@type\":\"ReadAction\",\"target\":[\"https:\/\/blogs.udima.es\/administracion-y-direccion-de-empresas\/9-2-vida-mediana-vmed-html\/\"]}]},{\"@type\":\"ImageObject\",\"inLanguage\":\"es\",\"@id\":\"https:\/\/blogs.udima.es\/administracion-y-direccion-de-empresas\/9-2-vida-mediana-vmed-html\/#primaryimage\",\"url\":\"https:\/\/blogs.udima.es\/administracion-y-direccion-de-empresas\/images_book\/p528-03.png\",\"contentUrl\":\"https:\/\/blogs.udima.es\/administracion-y-direccion-de-empresas\/images_book\/p528-03.png\"},{\"@type\":\"BreadcrumbList\",\"@id\":\"https:\/\/blogs.udima.es\/administracion-y-direccion-de-empresas\/9-2-vida-mediana-vmed-html\/#breadcrumb\",\"itemListElement\":[{\"@type\":\"ListItem\",\"position\":1,\"name\":\"Portada\",\"item\":\"https:\/\/blogs.udima.es\/administracion-y-direccion-de-empresas\/\"},{\"@type\":\"ListItem\",\"position\":2,\"name\":\"9.2. Vida mediana (Vmed)\"}]},{\"@type\":\"WebSite\",\"@id\":\"https:\/\/blogs.udima.es\/administracion-y-direccion-de-empresas\/#website\",\"url\":\"https:\/\/blogs.udima.es\/administracion-y-direccion-de-empresas\/\",\"name\":\"Blog de ADE - Universidad a Distancia de Madrid | UDIMA\",\"description\":\"\",\"potentialAction\":[{\"@type\":\"SearchAction\",\"target\":{\"@type\":\"EntryPoint\",\"urlTemplate\":\"https:\/\/blogs.udima.es\/administracion-y-direccion-de-empresas\/?s={search_term_string}\"},\"query-input\":\"required name=search_term_string\"}],\"inLanguage\":\"es\"}]}<\/script>\n<!-- \/ Yoast SEO plugin. -->","yoast_head_json":{"title":"9.2. Vida mediana (Vmed) - Blog de ADE","robots":{"index":"index","follow":"follow","max-snippet":"max-snippet:-1","max-image-preview":"max-image-preview:large","max-video-preview":"max-video-preview:-1"},"canonical":"https:\/\/blogs.udima.es\/administracion-y-direccion-de-empresas\/9-2-vida-mediana-vmed-html\/","og_locale":"es_ES","og_type":"article","og_title":"9.2. Vida mediana (Vmed) - Blog de ADE","og_description":"Se define como el tiempo que debe transcurrir para que el n\u00famero de t\u00edtulos en circulaci\u00f3n en la fecha de estudio quede reducido a la mitad o, lo que es lo mismo, el tiempo que ha de transcurrir para que la probabilidad de que un t\u00edtulo resulte amortizado en ese intervalo sea 1\/2. Haciendo el [&hellip;]","og_url":"https:\/\/blogs.udima.es\/administracion-y-direccion-de-empresas\/9-2-vida-mediana-vmed-html\/","og_site_name":"Blog de ADE - Universidad a Distancia de Madrid | UDIMA","article_modified_time":"2016-07-18T07:11:39+00:00","og_image":[{"url":"https:\/\/blogs.udima.es\/administracion-y-direccion-de-empresas\/images_book\/p528-03.png"}],"twitter_card":"summary_large_image","twitter_misc":{"Tiempo de lectura":"4 minutos"},"schema":{"@context":"https:\/\/schema.org","@graph":[{"@type":"WebPage","@id":"https:\/\/blogs.udima.es\/administracion-y-direccion-de-empresas\/9-2-vida-mediana-vmed-html\/","url":"https:\/\/blogs.udima.es\/administracion-y-direccion-de-empresas\/9-2-vida-mediana-vmed-html\/","name":"9.2. Vida mediana (Vmed) - Blog de ADE","isPartOf":{"@id":"https:\/\/blogs.udima.es\/administracion-y-direccion-de-empresas\/#website"},"primaryImageOfPage":{"@id":"https:\/\/blogs.udima.es\/administracion-y-direccion-de-empresas\/9-2-vida-mediana-vmed-html\/#primaryimage"},"image":{"@id":"https:\/\/blogs.udima.es\/administracion-y-direccion-de-empresas\/9-2-vida-mediana-vmed-html\/#primaryimage"},"thumbnailUrl":"https:\/\/blogs.udima.es\/administracion-y-direccion-de-empresas\/images_book\/p528-03.png","datePublished":"2016-07-18T07:11:10+00:00","dateModified":"2016-07-18T07:11:39+00:00","breadcrumb":{"@id":"https:\/\/blogs.udima.es\/administracion-y-direccion-de-empresas\/9-2-vida-mediana-vmed-html\/#breadcrumb"},"inLanguage":"es","potentialAction":[{"@type":"ReadAction","target":["https:\/\/blogs.udima.es\/administracion-y-direccion-de-empresas\/9-2-vida-mediana-vmed-html\/"]}]},{"@type":"ImageObject","inLanguage":"es","@id":"https:\/\/blogs.udima.es\/administracion-y-direccion-de-empresas\/9-2-vida-mediana-vmed-html\/#primaryimage","url":"https:\/\/blogs.udima.es\/administracion-y-direccion-de-empresas\/images_book\/p528-03.png","contentUrl":"https:\/\/blogs.udima.es\/administracion-y-direccion-de-empresas\/images_book\/p528-03.png"},{"@type":"BreadcrumbList","@id":"https:\/\/blogs.udima.es\/administracion-y-direccion-de-empresas\/9-2-vida-mediana-vmed-html\/#breadcrumb","itemListElement":[{"@type":"ListItem","position":1,"name":"Portada","item":"https:\/\/blogs.udima.es\/administracion-y-direccion-de-empresas\/"},{"@type":"ListItem","position":2,"name":"9.2. Vida mediana (Vmed)"}]},{"@type":"WebSite","@id":"https:\/\/blogs.udima.es\/administracion-y-direccion-de-empresas\/#website","url":"https:\/\/blogs.udima.es\/administracion-y-direccion-de-empresas\/","name":"Blog de ADE - Universidad a Distancia de Madrid | UDIMA","description":"","potentialAction":[{"@type":"SearchAction","target":{"@type":"EntryPoint","urlTemplate":"https:\/\/blogs.udima.es\/administracion-y-direccion-de-empresas\/?s={search_term_string}"},"query-input":"required name=search_term_string"}],"inLanguage":"es"}]}},"_links":{"self":[{"href":"https:\/\/blogs.udima.es\/administracion-y-direccion-de-empresas\/wp-json\/wp\/v2\/pages\/2125"}],"collection":[{"href":"https:\/\/blogs.udima.es\/administracion-y-direccion-de-empresas\/wp-json\/wp\/v2\/pages"}],"about":[{"href":"https:\/\/blogs.udima.es\/administracion-y-direccion-de-empresas\/wp-json\/wp\/v2\/types\/page"}],"author":[{"embeddable":true,"href":"https:\/\/blogs.udima.es\/administracion-y-direccion-de-empresas\/wp-json\/wp\/v2\/users\/27"}],"replies":[{"embeddable":true,"href":"https:\/\/blogs.udima.es\/administracion-y-direccion-de-empresas\/wp-json\/wp\/v2\/comments?post=2125"}],"version-history":[{"count":2,"href":"https:\/\/blogs.udima.es\/administracion-y-direccion-de-empresas\/wp-json\/wp\/v2\/pages\/2125\/revisions"}],"predecessor-version":[{"id":2127,"href":"https:\/\/blogs.udima.es\/administracion-y-direccion-de-empresas\/wp-json\/wp\/v2\/pages\/2125\/revisions\/2127"}],"wp:attachment":[{"href":"https:\/\/blogs.udima.es\/administracion-y-direccion-de-empresas\/wp-json\/wp\/v2\/media?parent=2125"}],"curies":[{"name":"wp","href":"https:\/\/api.w.org\/{rel}","templated":true}]}}