{"id":2119,"date":"2016-07-18T07:08:35","date_gmt":"2016-07-18T07:08:35","guid":{"rendered":"http:\/\/blogs.udima.es\/administracion-y-direccion-de-empresas\/?page_id=2119"},"modified":"2016-07-18T07:09:44","modified_gmt":"2016-07-18T07:09:44","slug":"probabilidad-en-los-emprestitos-i-p66-htm","status":"publish","type":"page","link":"https:\/\/blogs.udima.es\/administracion-y-direccion-de-empresas\/probabilidad-en-los-emprestitos-i-p66-htm\/","title":{"rendered":"9. Probabilidad en los empr\u00e9stitos"},"content":{"rendered":"<p>Hasta ahora se han estudiado los empr\u00e9stitos enfocados desde el punto de vista del emisor, considerando la operaci\u00f3n como un todo, centr\u00e1ndonos en la construcci\u00f3n de los cuadros de amortizaci\u00f3n.<\/p>\n<p>Sin embargo, el obligacionista se plantea la necesidad de estimar la duraci\u00f3n de los t\u00edtulos que adquiere y la rentabilidad que le supondr\u00e1n.<\/p>\n<p>El estudio de la probabilidad en los empr\u00e9stitos tiene raz\u00f3n de ser al considerar esta operaci\u00f3n desde el punto de vista del obligacionista, el cual, cuando adquiere t\u00edtulos desea conocer la rentabilidad de la inversi\u00f3n efectuada. Ahora bien, la rentabilidad efectiva implica conocer no s\u00f3lo el importe econ\u00f3mico de los derechos futuros (cupones, valor de reembolso y posibles lotes) sino del n\u00famero de ellos, que, a su vez, depender\u00e1 del momento en el que el t\u00edtulo resultar\u00e1 amortizado. <\/p>\n<p>Dado que la amortizaci\u00f3n de los t\u00edtulos se realiza por sorteo un obligacionista no sabr\u00e1 con certeza cu\u00e1ndo su t\u00edtulo resultar\u00e1 retirado de la circulaci\u00f3n. Es preciso estimar la probabilidad de que el t\u00edtulo est\u00e9 vivo (en circulaci\u00f3n) m\u00e1s o menos tiempo.<\/p>\n<p>Definimos el concepto de probabilidad como el resultado de dividir el n\u00famero de casos favorables de que ocurra un determinado fen\u00f3meno concreto (en este caso, amortizaci\u00f3n de un t\u00edtulo) entre el n\u00famero de casos posibles en una fecha de estudio concreta.<\/p>\n<p>El estudio de probabilidad supone conocer las caracter\u00edsticas del empr\u00e9stito y en qu\u00e9 momento nos encontramos desde la emisi\u00f3n del mismo. As\u00ed, por ejemplo, para un empr\u00e9stito de N<sub>1<\/sub> emitidos, con una duraci\u00f3n de n per\u00edodos, realiz\u00e1ndose sorteos peri\u00f3dicos en los que se amortizan M<sub>1<\/sub>, M<sub>2<\/sub>, \u2026, M<sub>n<\/sub>, respectivamente, si quisi\u00e9ramos hacer un estudio de probabilidad en el momento k desde el origen, gr\u00e1ficamente ser\u00eda:<\/p>\n<p>&nbsp;<\/p>\n<p align=\"center\"><img loading=\"lazy\" decoding=\"async\" src=\"https:\/\/blogs.udima.es\/administracion-y-direccion-de-empresas\/images_book\/p522-01.png\" width=\"553\" height=\"212\" \/><\/p>\n<p>&nbsp;<\/p>\n<p>Las probabilidades objeto de estudio m\u00e1s frecuentes son las siguientes:<\/p>\n<p>a) Probabilidad de que un t\u00edtulo en circulaci\u00f3n a principios de k+1 resulte amortizado en el momento t:<\/p>\n<blockquote>\n<p> &nbsp;&nbsp;&nbsp;&nbsp;&nbsp;&nbsp;&nbsp;&nbsp;&nbsp;&nbsp;M<sub>t<\/sub><br \/>\n    P = &#8212;&#8212;&#8212; <br \/>\n  &nbsp;&nbsp;&nbsp;&nbsp;&nbsp;&nbsp;&nbsp;&nbsp;N<sub>k+1<\/sub><\/p>\n<\/blockquote>\n<p> b) Probabilidad de que un t\u00edtulo en circulaci\u00f3n a principios de k+1 contin\u00fae en circulaci\u00f3n en el momento t:<\/p>\n<blockquote>\n<p>&nbsp;&nbsp;&nbsp;&nbsp;&nbsp;&nbsp;&nbsp;&nbsp;N<sub>t+1<\/sub><br \/>\n    P = &#8212;&#8212;&#8212; <br \/>\n  &nbsp;&nbsp;&nbsp;&nbsp;&nbsp;&nbsp;&nbsp;&nbsp;N<sub>k+1<\/sub><\/p>\n<\/blockquote>\n<p> c) Probabilidad de que un t\u00edtulo en circulaci\u00f3n a principios de k+1 resulte amortizado en cualquier sorteo hasta el momento t (incluido):<\/p>\n<blockquote>\n<p>&nbsp;&nbsp;&nbsp;&nbsp;&nbsp;&nbsp;&nbsp;Mk+1 + Mk+2 + \u2026 + Mtt &nbsp;&nbsp;&nbsp;&nbsp;&nbsp;&nbsp;Nk+1 \u2013 Nt+1&nbsp;&nbsp;&nbsp;&nbsp;&nbsp;&nbsp;&nbsp;&nbsp;&nbsp;&nbsp;&nbsp; Nt+1<br \/>\n    P = &#8212;&#8212;&#8212;&#8212;&#8212;&#8212;&#8212;&#8212;&#8212;&#8212;- = &#8212;&#8212;&#8212;&#8212;&#8212;&#8212; = 1 \u2013 &#8212;&#8212;&#8211; <br \/>\n  &nbsp;&nbsp;&nbsp;&nbsp;&nbsp;&nbsp;&nbsp;&nbsp;&nbsp;&nbsp;&nbsp;&nbsp;&nbsp;&nbsp;&nbsp;&nbsp;&nbsp;&nbsp;&nbsp;&nbsp;&nbsp;&nbsp;Nk+1&nbsp;&nbsp;&nbsp;&nbsp;&nbsp;&nbsp;&nbsp;&nbsp;&nbsp;&nbsp;&nbsp;&nbsp;&nbsp;&nbsp;&nbsp;&nbsp;&nbsp;&nbsp;&nbsp;&nbsp;&nbsp;&nbsp;&nbsp;&nbsp;&nbsp;&nbsp; Nk+1&nbsp;&nbsp;&nbsp;&nbsp;&nbsp;&nbsp;&nbsp;&nbsp;&nbsp;&nbsp;&nbsp;&nbsp;&nbsp;&nbsp;&nbsp;&nbsp;&nbsp; Nk+1<\/p>\n<\/blockquote>\n<p>A partir del concepto de probabilidad, se puede estimar el tiempo que puede estar en circulaci\u00f3n un t\u00edtulo adquirido en cualquier momento de tiempo (vida del t\u00edtulo), pudi\u00e9ndose utilizar diferentes promedios entre los que destacamos los siguientes:<\/p>\n<ol class=\"lalpha\">\n<li> Vida media.<\/li>\n<li> Vida mediana. <\/li>\n<li> Vida matem\u00e1tica o financiera.<\/li>\n<\/ol>\n<ul>\n<li><a href=\"http:\/\/www.matematicas-financieras.com\/9-1-vida-media-esperada-titulo-vm.html\" target=\"_blank\" rel=\"nofollow\">9.1. Vida media o esperada de un t\u00edtulo (Vm)<\/a><\/li>\n<li><a href=\"https:\/\/blogs.udima.es\/administracion-y-direccion-de-empresas\/9-2-vida-mediana-vmed.html\">9.2. Vida mediana (Vmed)<\/a><\/li>\n<li><a href=\"https:\/\/blogs.udima.es\/administracion-y-direccion-de-empresas\/9-3-valor-usufructo-nuda-propiedad-titulo.html\">9.3. Valor, usufructo y nuda propiedad de un t\u00edtulo<\/a><\/li>\n<li><a href=\"https:\/\/blogs.udima.es\/administracion-y-direccion-de-empresas\/9-4-vida-financiera-matematica.html\">9.4. Vida financiera o matem\u00e1tica<\/a>\n  <\/li>\n<\/ul>\n","protected":false},"excerpt":{"rendered":"<p>Hasta ahora se han estudiado los empr\u00e9stitos enfocados desde el punto de vista del emisor, considerando la operaci\u00f3n como un todo, centr\u00e1ndonos en la construcci\u00f3n de los cuadros de amortizaci\u00f3n. Sin embargo, el obligacionista se plantea la necesidad de estimar la duraci\u00f3n de los t\u00edtulos que adquiere y la rentabilidad que le supondr\u00e1n. El estudio [&hellip;]<\/p>\n","protected":false},"author":27,"featured_media":0,"parent":0,"menu_order":5090,"comment_status":"closed","ping_status":"closed","template":"","meta":{"footnotes":""},"yoast_head":"<!-- This site is optimized with the Yoast SEO plugin v22.9 - https:\/\/yoast.com\/wordpress\/plugins\/seo\/ -->\n<title>9. Probabilidad en los empr\u00e9stitos - Blog de ADE<\/title>\n<meta name=\"robots\" content=\"index, follow, max-snippet:-1, max-image-preview:large, max-video-preview:-1\" \/>\n<link rel=\"canonical\" href=\"https:\/\/blogs.udima.es\/administracion-y-direccion-de-empresas\/probabilidad-en-los-emprestitos-i-p66-htm\/\" \/>\n<meta property=\"og:locale\" content=\"es_ES\" \/>\n<meta property=\"og:type\" content=\"article\" \/>\n<meta property=\"og:title\" content=\"9. Probabilidad en los empr\u00e9stitos - Blog de ADE\" \/>\n<meta property=\"og:description\" content=\"Hasta ahora se han estudiado los empr\u00e9stitos enfocados desde el punto de vista del emisor, considerando la operaci\u00f3n como un todo, centr\u00e1ndonos en la construcci\u00f3n de los cuadros de amortizaci\u00f3n. Sin embargo, el obligacionista se plantea la necesidad de estimar la duraci\u00f3n de los t\u00edtulos que adquiere y la rentabilidad que le supondr\u00e1n. El estudio [&hellip;]\" \/>\n<meta property=\"og:url\" content=\"https:\/\/blogs.udima.es\/administracion-y-direccion-de-empresas\/probabilidad-en-los-emprestitos-i-p66-htm\/\" \/>\n<meta property=\"og:site_name\" content=\"Blog de ADE - Universidad a Distancia de Madrid | UDIMA\" \/>\n<meta property=\"article:modified_time\" content=\"2016-07-18T07:09:44+00:00\" \/>\n<meta property=\"og:image\" content=\"https:\/\/blogs.udima.es\/administracion-y-direccion-de-empresas\/images_book\/p522-01.png\" \/>\n<meta name=\"twitter:card\" content=\"summary_large_image\" \/>\n<meta name=\"twitter:label1\" content=\"Tiempo de lectura\" \/>\n\t<meta name=\"twitter:data1\" content=\"3 minutos\" \/>\n<script type=\"application\/ld+json\" class=\"yoast-schema-graph\">{\"@context\":\"https:\/\/schema.org\",\"@graph\":[{\"@type\":\"WebPage\",\"@id\":\"https:\/\/blogs.udima.es\/administracion-y-direccion-de-empresas\/probabilidad-en-los-emprestitos-i-p66-htm\/\",\"url\":\"https:\/\/blogs.udima.es\/administracion-y-direccion-de-empresas\/probabilidad-en-los-emprestitos-i-p66-htm\/\",\"name\":\"9. Probabilidad en los empr\u00e9stitos - Blog de ADE\",\"isPartOf\":{\"@id\":\"https:\/\/blogs.udima.es\/administracion-y-direccion-de-empresas\/#website\"},\"primaryImageOfPage\":{\"@id\":\"https:\/\/blogs.udima.es\/administracion-y-direccion-de-empresas\/probabilidad-en-los-emprestitos-i-p66-htm\/#primaryimage\"},\"image\":{\"@id\":\"https:\/\/blogs.udima.es\/administracion-y-direccion-de-empresas\/probabilidad-en-los-emprestitos-i-p66-htm\/#primaryimage\"},\"thumbnailUrl\":\"https:\/\/blogs.udima.es\/administracion-y-direccion-de-empresas\/images_book\/p522-01.png\",\"datePublished\":\"2016-07-18T07:08:35+00:00\",\"dateModified\":\"2016-07-18T07:09:44+00:00\",\"breadcrumb\":{\"@id\":\"https:\/\/blogs.udima.es\/administracion-y-direccion-de-empresas\/probabilidad-en-los-emprestitos-i-p66-htm\/#breadcrumb\"},\"inLanguage\":\"es\",\"potentialAction\":[{\"@type\":\"ReadAction\",\"target\":[\"https:\/\/blogs.udima.es\/administracion-y-direccion-de-empresas\/probabilidad-en-los-emprestitos-i-p66-htm\/\"]}]},{\"@type\":\"ImageObject\",\"inLanguage\":\"es\",\"@id\":\"https:\/\/blogs.udima.es\/administracion-y-direccion-de-empresas\/probabilidad-en-los-emprestitos-i-p66-htm\/#primaryimage\",\"url\":\"https:\/\/blogs.udima.es\/administracion-y-direccion-de-empresas\/images_book\/p522-01.png\",\"contentUrl\":\"https:\/\/blogs.udima.es\/administracion-y-direccion-de-empresas\/images_book\/p522-01.png\"},{\"@type\":\"BreadcrumbList\",\"@id\":\"https:\/\/blogs.udima.es\/administracion-y-direccion-de-empresas\/probabilidad-en-los-emprestitos-i-p66-htm\/#breadcrumb\",\"itemListElement\":[{\"@type\":\"ListItem\",\"position\":1,\"name\":\"Portada\",\"item\":\"https:\/\/blogs.udima.es\/administracion-y-direccion-de-empresas\/\"},{\"@type\":\"ListItem\",\"position\":2,\"name\":\"9. Probabilidad en los empr\u00e9stitos\"}]},{\"@type\":\"WebSite\",\"@id\":\"https:\/\/blogs.udima.es\/administracion-y-direccion-de-empresas\/#website\",\"url\":\"https:\/\/blogs.udima.es\/administracion-y-direccion-de-empresas\/\",\"name\":\"Blog de ADE - Universidad a Distancia de Madrid | UDIMA\",\"description\":\"\",\"potentialAction\":[{\"@type\":\"SearchAction\",\"target\":{\"@type\":\"EntryPoint\",\"urlTemplate\":\"https:\/\/blogs.udima.es\/administracion-y-direccion-de-empresas\/?s={search_term_string}\"},\"query-input\":\"required name=search_term_string\"}],\"inLanguage\":\"es\"}]}<\/script>\n<!-- \/ Yoast SEO plugin. -->","yoast_head_json":{"title":"9. Probabilidad en los empr\u00e9stitos - Blog de ADE","robots":{"index":"index","follow":"follow","max-snippet":"max-snippet:-1","max-image-preview":"max-image-preview:large","max-video-preview":"max-video-preview:-1"},"canonical":"https:\/\/blogs.udima.es\/administracion-y-direccion-de-empresas\/probabilidad-en-los-emprestitos-i-p66-htm\/","og_locale":"es_ES","og_type":"article","og_title":"9. Probabilidad en los empr\u00e9stitos - Blog de ADE","og_description":"Hasta ahora se han estudiado los empr\u00e9stitos enfocados desde el punto de vista del emisor, considerando la operaci\u00f3n como un todo, centr\u00e1ndonos en la construcci\u00f3n de los cuadros de amortizaci\u00f3n. Sin embargo, el obligacionista se plantea la necesidad de estimar la duraci\u00f3n de los t\u00edtulos que adquiere y la rentabilidad que le supondr\u00e1n. El estudio [&hellip;]","og_url":"https:\/\/blogs.udima.es\/administracion-y-direccion-de-empresas\/probabilidad-en-los-emprestitos-i-p66-htm\/","og_site_name":"Blog de ADE - Universidad a Distancia de Madrid | UDIMA","article_modified_time":"2016-07-18T07:09:44+00:00","og_image":[{"url":"https:\/\/blogs.udima.es\/administracion-y-direccion-de-empresas\/images_book\/p522-01.png"}],"twitter_card":"summary_large_image","twitter_misc":{"Tiempo de lectura":"3 minutos"},"schema":{"@context":"https:\/\/schema.org","@graph":[{"@type":"WebPage","@id":"https:\/\/blogs.udima.es\/administracion-y-direccion-de-empresas\/probabilidad-en-los-emprestitos-i-p66-htm\/","url":"https:\/\/blogs.udima.es\/administracion-y-direccion-de-empresas\/probabilidad-en-los-emprestitos-i-p66-htm\/","name":"9. Probabilidad en los empr\u00e9stitos - Blog de ADE","isPartOf":{"@id":"https:\/\/blogs.udima.es\/administracion-y-direccion-de-empresas\/#website"},"primaryImageOfPage":{"@id":"https:\/\/blogs.udima.es\/administracion-y-direccion-de-empresas\/probabilidad-en-los-emprestitos-i-p66-htm\/#primaryimage"},"image":{"@id":"https:\/\/blogs.udima.es\/administracion-y-direccion-de-empresas\/probabilidad-en-los-emprestitos-i-p66-htm\/#primaryimage"},"thumbnailUrl":"https:\/\/blogs.udima.es\/administracion-y-direccion-de-empresas\/images_book\/p522-01.png","datePublished":"2016-07-18T07:08:35+00:00","dateModified":"2016-07-18T07:09:44+00:00","breadcrumb":{"@id":"https:\/\/blogs.udima.es\/administracion-y-direccion-de-empresas\/probabilidad-en-los-emprestitos-i-p66-htm\/#breadcrumb"},"inLanguage":"es","potentialAction":[{"@type":"ReadAction","target":["https:\/\/blogs.udima.es\/administracion-y-direccion-de-empresas\/probabilidad-en-los-emprestitos-i-p66-htm\/"]}]},{"@type":"ImageObject","inLanguage":"es","@id":"https:\/\/blogs.udima.es\/administracion-y-direccion-de-empresas\/probabilidad-en-los-emprestitos-i-p66-htm\/#primaryimage","url":"https:\/\/blogs.udima.es\/administracion-y-direccion-de-empresas\/images_book\/p522-01.png","contentUrl":"https:\/\/blogs.udima.es\/administracion-y-direccion-de-empresas\/images_book\/p522-01.png"},{"@type":"BreadcrumbList","@id":"https:\/\/blogs.udima.es\/administracion-y-direccion-de-empresas\/probabilidad-en-los-emprestitos-i-p66-htm\/#breadcrumb","itemListElement":[{"@type":"ListItem","position":1,"name":"Portada","item":"https:\/\/blogs.udima.es\/administracion-y-direccion-de-empresas\/"},{"@type":"ListItem","position":2,"name":"9. Probabilidad en los empr\u00e9stitos"}]},{"@type":"WebSite","@id":"https:\/\/blogs.udima.es\/administracion-y-direccion-de-empresas\/#website","url":"https:\/\/blogs.udima.es\/administracion-y-direccion-de-empresas\/","name":"Blog de ADE - Universidad a Distancia de Madrid | UDIMA","description":"","potentialAction":[{"@type":"SearchAction","target":{"@type":"EntryPoint","urlTemplate":"https:\/\/blogs.udima.es\/administracion-y-direccion-de-empresas\/?s={search_term_string}"},"query-input":"required name=search_term_string"}],"inLanguage":"es"}]}},"_links":{"self":[{"href":"https:\/\/blogs.udima.es\/administracion-y-direccion-de-empresas\/wp-json\/wp\/v2\/pages\/2119"}],"collection":[{"href":"https:\/\/blogs.udima.es\/administracion-y-direccion-de-empresas\/wp-json\/wp\/v2\/pages"}],"about":[{"href":"https:\/\/blogs.udima.es\/administracion-y-direccion-de-empresas\/wp-json\/wp\/v2\/types\/page"}],"author":[{"embeddable":true,"href":"https:\/\/blogs.udima.es\/administracion-y-direccion-de-empresas\/wp-json\/wp\/v2\/users\/27"}],"replies":[{"embeddable":true,"href":"https:\/\/blogs.udima.es\/administracion-y-direccion-de-empresas\/wp-json\/wp\/v2\/comments?post=2119"}],"version-history":[{"count":2,"href":"https:\/\/blogs.udima.es\/administracion-y-direccion-de-empresas\/wp-json\/wp\/v2\/pages\/2119\/revisions"}],"predecessor-version":[{"id":2121,"href":"https:\/\/blogs.udima.es\/administracion-y-direccion-de-empresas\/wp-json\/wp\/v2\/pages\/2119\/revisions\/2121"}],"wp:attachment":[{"href":"https:\/\/blogs.udima.es\/administracion-y-direccion-de-empresas\/wp-json\/wp\/v2\/media?parent=2119"}],"curies":[{"name":"wp","href":"https:\/\/api.w.org\/{rel}","templated":true}]}}