{"id":2107,"date":"2016-07-18T07:04:07","date_gmt":"2016-07-18T07:04:07","guid":{"rendered":"http:\/\/blogs.udima.es\/administracion-y-direccion-de-empresas\/?page_id=2107"},"modified":"2016-07-18T07:04:42","modified_gmt":"2016-07-18T07:04:42","slug":"7-1-emprestito-cupon-acumulado-con-igual-numero-titulos-amortizados-cada-sorteo-html","status":"publish","type":"page","link":"https:\/\/blogs.udima.es\/administracion-y-direccion-de-empresas\/7-1-emprestito-cupon-acumulado-con-igual-numero-titulos-amortizados-cada-sorteo-html\/","title":{"rendered":"7.1. Empr\u00e9stito de cup\u00f3n acumulado con igual n\u00famero de t\u00edtulos amortizados en cada sorteo"},"content":{"rendered":"<p>En este tipo de empr\u00e9stito, el emisor se compromete a amortizar el mismo n\u00famero de t\u00edtulos en cada sorteo a lo largo del tiempo que dure la operaci\u00f3n.<\/p>\n<h3>7.1.1. Pasos a seguir<\/h3>\n<p> Lo m\u00e1s f\u00e1cil ser\u00e1 calcular el n\u00famero de t\u00edtulos amortizados en cada sorteo, para posteriormente ver qu\u00e9 se les ha de pagar. A continuaci\u00f3n, se determinar\u00e1 el importe total a desembolsar por parte del emisor en cada per\u00edodo (t\u00e9rmino amortizativo).<\/p>\n<h4>7.1.1.1. C\u00e1lculo del n\u00famero de t\u00edtulos amortizados en cada sorteo (M)<\/h4>\n<p> Se parte de la igualdad entre los t\u00edtulos inicialmente emitidos y los t\u00edtulos que se amortizar\u00e1n a lo largo de la vida del empr\u00e9stito.<\/p>\n<blockquote>\n<p>N<sub>1<\/sub> = M<sub>1<\/sub> + M<sub>2<\/sub> + M<sub>3<\/sub> + \u2026 + M<sub>n<\/sub> = M x n<\/p>\n<\/blockquote>\n<p> de donde se obtiene:<\/p>\n<blockquote>\n<p>&nbsp;&nbsp;&nbsp;&nbsp;&nbsp;&nbsp;&nbsp;&nbsp;N<sub>1<\/sub><br \/>\n    M = &#8212;&#8211; <br \/>\n  &nbsp;&nbsp;&nbsp;&nbsp;&nbsp;&nbsp;&nbsp;&nbsp;n<\/p>\n<\/blockquote>\n<h4> 7.1.1.2. C\u00e1lculo del total de t\u00edtulos amortizados despu\u00e9s de k per\u00edodos (m<sub>k<\/sub>)<\/h4>\n<p>&nbsp; <\/p>\n<p align=\"center\"><img loading=\"lazy\" decoding=\"async\" src=\"https:\/\/blogs.udima.es\/administracion-y-direccion-de-empresas\/images_book\/p496-01.png\" width=\"445\" height=\"162\" \/><\/p>\n<p>&nbsp;<\/p>\n<p> Si se conocen los t\u00edtulos que se amortizan en cada sorteo, el total amortizado hasta una fecha dada ser\u00e1 la suma aritm\u00e9tica de los t\u00edtulos sorteados en ese intervalo.<\/p>\n<blockquote>\n<p>m<sub>k<\/sub> = M<sub>1<\/sub> + M<sub>2<\/sub> + \u2026 + M<sub>k<\/sub> = M x k<\/p>\n<\/blockquote>\n<h4> 7.1.1.3. C\u00e1lculo de los t\u00edtulos en circulaci\u00f3n a principios del per\u00edodo k+1 (N<sub>k+1<\/sub>)<\/h4>\n<p> Se realizar\u00e1 a trav\u00e9s de los t\u00edtulos amortizados (pasados o futuros).<\/p>\n<p>&nbsp;<\/p>\n<p align=\"center\"><img loading=\"lazy\" decoding=\"async\" src=\"https:\/\/blogs.udima.es\/administracion-y-direccion-de-empresas\/images_book\/p497-01.png\" width=\"490\" height=\"198\" \/><\/p>\n<p>&nbsp;<\/p>\n<p> \u2022 M\u00e9todo retrospectivo: los t\u00edtulos pendientes de amortizar ser\u00e1n los emitidos minorados en los ya amortizados hasta ese momento.<\/p>\n<blockquote>\n<p>N<sub>k+1<\/sub> = N<sub>1<\/sub> \u2013 m<sub>k<\/sub> = N<sub>1<\/sub> \u2013 M x k<\/p>\n<\/blockquote>\n<p> \u2022 M\u00e9todo prospectivo: los t\u00edtulos pendientes de amortizar ser\u00e1n la suma aritm\u00e9tica de los que a\u00fan quedan pendientes de ser amortizados.<\/p>\n<blockquote>\n<p>N<sub>k+1<\/sub> = (n \u2013 k) x M<\/p>\n<\/blockquote>\n<h4> 7.1.1.4. C\u00e1lculo de los t\u00e9rminos amortizativos: ley de recurrencia (a<sub>k<\/sub>)<\/h4>\n<p> Al mantenerse constante el n\u00famero de t\u00edtulos a los que hay que amortizar y el importe del cup\u00f3n acumulado ir aumentando, los t\u00e9rminos amortizativos necesariamente tendr\u00e1n que ir creciendo. <\/p>\n<p> La estructura de la anualidad quedar\u00e1 de la siguiente forma:<\/p>\n<p>&nbsp; <\/p>\n<blockquote>\n<p><img loading=\"lazy\" decoding=\"async\" src=\"https:\/\/blogs.udima.es\/administracion-y-direccion-de-empresas\/images_book\/p498-01.png\" width=\"317\" height=\"63\" \/><\/p>\n<\/blockquote>\n<p>&nbsp;<\/p>\n<p>Para calcular el importe de los t\u00e9rminos amortizativos planteamos dos alternativas:<\/p>\n<p> A) 1.\u00aa posibilidad: dando valores a k en la estructura del t\u00e9rmino amortizativo<\/p>\n<p>&nbsp;<\/p>\n<table border=\"0\" align=\"left\" cellpadding=\"5\" cellspacing=\"0\">\n<tr>\n<td>Per\u00edodo 1: <\/td>\n<td>a<sub>1<\/sub> = c x (1 + i) x M<\/td>\n<\/tr>\n<tr>\n<td>Per\u00edodo 2:<\/td>\n<td> a<sub>2<\/sub> = c x (1 + i)<sup>2<\/sup> x M<\/td>\n<\/tr>\n<tr>\n<td>\u2026<\/td>\n<td>&nbsp;<\/td>\n<\/tr>\n<\/table>\n<p>&nbsp;<\/p>\n<p>&nbsp;<\/p>\n<p>&nbsp; <\/p>\n<p>&nbsp;<\/p>\n<p>&nbsp;<\/p>\n<p>B)<br \/>\n2.\u00aa posibilidad: a trav\u00e9s de la ley de recurrencia que siguen los t\u00e9rminos amortizativos<\/p>\n<p> Se calcula el primer t\u00e9rmino y el resto se obtienen a trav\u00e9s de la ley de recurrencia que siguen y que se obtendr\u00e1 al relacionar, por cocientes, dos t\u00e9rminos amortizativos consecutivos cualesquiera:<\/p>\n<p>&nbsp; <\/p>\n<table border=\"0\" align=\"left\" cellpadding=\"5\" cellspacing=\"0\">\n<tr>\n<td>Per\u00edodo k:      <\/td>\n<td> a<sub>k<\/sub> = c x (1 + i)<sup>k<\/sup> x M<\/td>\n<\/tr>\n<tr>\n<td>Per\u00edodo k+1:<\/td>\n<td> a<sub>k+1<\/sub> = c x (1 + i)<sup>k+1<\/sup> x M<\/td>\n<\/tr>\n<tr>\n<td>&nbsp;<\/td>\n<td>&#8212;&#8212;&#8212;&#8212;&#8212;&#8212;&#8212;&#8212;&#8212;&#8212;&#8212;<\/td>\n<\/tr>\n<tr>\n<td>&nbsp;<\/td>\n<td>&nbsp;&nbsp;&nbsp;a<sub>k<\/sub>&nbsp;&nbsp;&nbsp;&nbsp;&nbsp;&nbsp;&nbsp;&nbsp;&nbsp;&nbsp;c x (1 + i)<sup>k<\/sup> x M<br \/>\n&#8212;&#8212;&#8211; = &#8212;&#8212;&#8212;&#8212;&#8212;&#8212;&#8212;&#8212; <br \/>\n&nbsp;a<sub>k+1<\/sub>&nbsp;&nbsp;&nbsp;&nbsp;&nbsp;&nbsp; c x (1 + i)<sup>k+1<\/sup> x M<\/td>\n<\/tr>\n<\/table>\n<p>&nbsp;<\/p>\n<p>&nbsp;<\/p>\n<p>&nbsp;<\/p>\n<p>&nbsp;<\/p>\n<p>&nbsp;<\/p>\n<p>&nbsp;<\/p>\n<p>&nbsp;<\/p>\n<p>simplificando el segundo miembro:<\/p>\n<blockquote>\n<p> &nbsp;&nbsp;&nbsp;a<sub>k<\/sub>&nbsp;&nbsp;&nbsp;&nbsp;&nbsp;&nbsp;&nbsp;&nbsp;&nbsp;&nbsp; 1<br \/>\n    &#8212;&#8212;- = &#8212;&#8212;&#8211; <br \/>\n    &nbsp;a<sub>k+1<\/sub> &nbsp;&nbsp;&nbsp;&nbsp;&nbsp;&nbsp;1 + i<\/p>\n<\/blockquote>\n<p>finalmente, se obtiene:<\/p>\n<blockquote>\n<p> a<sub>k+1<\/sub> = a<sub>k<\/sub> x (1 + i) <\/p>\n<\/blockquote>\n<p>lo que indica que los t\u00e9rminos var\u00edan en progresi\u00f3n geom\u00e9trica de raz\u00f3n (1 + i), por lo que todos los t\u00e9rminos se pueden calcular a partir del primero de ellos, siguiendo la ley de recurrencia:<\/p>\n<blockquote>\n<p>a<sub>k+1<\/sub> = a1 x (1 + i)k<\/p>\n<\/blockquote>\n<p> Si hay caracter\u00edsticas comerciales, \u00e9stas s\u00f3lo afectar\u00edan al c\u00e1lculo de los t\u00e9rminos amortizativos y, en consecuencia, a la ley de recurrencia que siguen. No se normaliza.<\/p>\n<p>&nbsp;  <\/p>\n<div class=\"ejemplo\">\n<p><strong>EJEMPLO 18<\/strong><\/p>\n<p>Se emite el siguiente empr\u00e9stito:<\/p>\n<ul>\n<li>  T\u00edtulos emitidos: 60.000.<\/li>\n<li> Nominal del t\u00edtulo: 1.000 euros.<\/li>\n<li> Duraci\u00f3n: 6 a\u00f1os.<\/li>\n<li> Los t\u00edtulos se adquieren a la par.<\/li>\n<li> No abono de cupones anuales, acumul\u00e1ndose al momento del sorteo al 10% anual.<\/li>\n<li> Sorteos anuales, amortiz\u00e1ndose el mismo n\u00famero de t\u00edtulos.<\/li>\n<li> Gastos de administraci\u00f3n del 1\u2030 sobre las cantidades pagadas anualmente a los obligacionistas.<\/li>\n<li> Gastos iniciales a cargo del emisor de 10.000 euros.<\/li>\n<\/ul>\n<p class=\"progress\">Se pide:<\/p>\n<p> T\u00e9rminos amortizativos del empr\u00e9stito.<\/p>\n<p class=\"progress\">Soluci\u00f3n:<\/p>\n<p> El n\u00famero de t\u00edtulos a amortizar en cada sorteo es la sexta parte del total de t\u00edtulos emitidos:<\/p>\n<blockquote>\n<p>&nbsp;&nbsp;&nbsp;&nbsp;&nbsp;&nbsp;&nbsp;&nbsp;&nbsp;&nbsp;&nbsp;&nbsp;&nbsp;&nbsp;&nbsp;&nbsp;&nbsp;&nbsp;&nbsp;&nbsp;&nbsp;&nbsp;&nbsp;&nbsp;&nbsp;&nbsp;&nbsp;&nbsp;&nbsp;&nbsp;&nbsp;&nbsp;&nbsp;&nbsp;&nbsp;&nbsp;&nbsp;&nbsp;&nbsp;&nbsp;&nbsp;60.000<br \/>\n      M<sub>1<\/sub> = M<sub>2<\/sub> = \u2026 = M<sub>6<\/sub> = M = &#8212;&#8212;&#8212;&#8211; = 10.000<br \/>\n      &nbsp;&nbsp;&nbsp;&nbsp;&nbsp;&nbsp;&nbsp;&nbsp;&nbsp;&nbsp;&nbsp;&nbsp;&nbsp;&nbsp;&nbsp;&nbsp;&nbsp;&nbsp;&nbsp;&nbsp;&nbsp;&nbsp;&nbsp;&nbsp;&nbsp;&nbsp;&nbsp;&nbsp;&nbsp;&nbsp;&nbsp;&nbsp;&nbsp;&nbsp;&nbsp;&nbsp;&nbsp;&nbsp;&nbsp;&nbsp;&nbsp;&nbsp;&nbsp;&nbsp;&nbsp;6<\/p>\n<\/blockquote>\n<p>La anualidad variable se destina a amortizar el mismo n\u00famero de t\u00edtulos, reembols\u00e1ndoles el nominal y el cup\u00f3n acumulado hasta el sorteo en compuesta, adem\u00e1s de unos gastos de administraci\u00f3n:<\/p>\n<p>&nbsp; <\/p>\n<blockquote>\n<p><img loading=\"lazy\" decoding=\"async\" src=\"https:\/\/blogs.udima.es\/administracion-y-direccion-de-empresas\/images_book\/p500-01.png\" width=\"347\" height=\"55\" \/><\/p>\n<\/blockquote>\n<p>&nbsp;<\/p>\n<p>Para conocer la cuant\u00eda de los t\u00e9rminos, basta con darle valores a la anualidad, seg\u00fan el per\u00edodo al que le queramos calcular la anualidad:<\/p>\n<p>&nbsp;<\/p>\n<table border=\"0\" align=\"left\" cellpadding=\"5\" cellspacing=\"0\">\n<tr>\n<td>A\u00f1o 1: <\/td>\n<td>a<sub>1<\/sub> = c x (1 + i)<sup>1<\/sup> x M x (1 + g)<\/td>\n<\/tr>\n<tr>\n<td><\/td>\n<td>a<sub>1<\/sub> = 1.000 x 1,1 x 10.000 x 1,001 = 11.011.000<\/td>\n<\/tr>\n<tr>\n<td>A\u00f1o 2: <\/td>\n<td>a<sub>2<\/sub> = c x (1 + i)<sup>2<\/sup> x M x (1 + g)<\/td>\n<\/tr>\n<tr>\n<td>&nbsp;<\/td>\n<td>a<sub>2<\/sub> = 1.000 x 1,12 x 10.000 x 1,001 = 12.112.100<\/td>\n<\/tr>\n<tr>\n<td>A\u00f1o 3:         <\/td>\n<td>a<sub>3<\/sub> = c x (1 + i)<sup>3<\/sup> x M x (1 + g)<\/td>\n<\/tr>\n<tr>\n<td><\/td>\n<td>a<sub>3<\/sub> = 1.000 x 1,13 x 10.000 x 1,001 = 13.323.310<\/td>\n<\/tr>\n<tr>\n<td>A\u00f1o 4: <\/td>\n<td>a<sub>4<\/sub> = c x (1 + i)<sup>4<\/sup> x M x (1 + g)<\/td>\n<\/tr>\n<tr>\n<td>&nbsp;<\/td>\n<td>a<sub>4<\/sub> = 1.000 x 1,14 x 10.000 x 1,001 = 14.655.641<\/td>\n<\/tr>\n<tr>\n<td>A\u00f1o 5: <\/td>\n<td>a<sub>5<\/sub> = c x (1 + i)<sup>5<\/sup> x M x (1 + g)<\/td>\n<\/tr>\n<tr>\n<td>&nbsp;<\/td>\n<td>a<sub>5<\/sub> = 1.000 x 1,15 x 10.000 x 1,001 = 16.121.205,1<\/td>\n<\/tr>\n<tr>\n<td>A\u00f1o 6:<\/td>\n<td> a<sub>6<\/sub> = c x (1 + i)<sup>6<\/sup> x M x (1 + g)<\/td>\n<\/tr>\n<tr>\n<td>&nbsp;<\/td>\n<td>a<sub>6<\/sub> = 1.000 x 1,16 x 10.000 x 1,001 = 17.733.325,6<\/td>\n<\/tr>\n<\/table>\n<blockquote>\n<p>&nbsp;<\/p>\n<\/blockquote>\n<p>&nbsp;<\/p>\n<p>&nbsp;<\/p>\n<p>&nbsp;<\/p>\n<p>&nbsp;<\/p>\n<p>&nbsp;<\/p>\n<p>&nbsp;<\/p>\n<p>&nbsp;<\/p>\n<p>&nbsp;<\/p>\n<p>&nbsp;<\/p>\n<p>&nbsp;<\/p>\n<p>&nbsp;<\/p>\n<p>&nbsp;<\/p>\n<p>&nbsp;<\/p>\n<p>Tambi\u00e9n se pod\u00edan haber calculado todas las anualidades a partir de la primera (a1), observando que var\u00edan en progresi\u00f3n geom\u00e9trica de raz\u00f3n 1 + i.<\/p>\n<\/div>\n","protected":false},"excerpt":{"rendered":"<p>En este tipo de empr\u00e9stito, el emisor se compromete a amortizar el mismo n\u00famero de t\u00edtulos en cada sorteo a lo largo del tiempo que dure la operaci\u00f3n. 7.1.1. Pasos a seguir Lo m\u00e1s f\u00e1cil ser\u00e1 calcular el n\u00famero de t\u00edtulos amortizados en cada sorteo, para posteriormente ver qu\u00e9 se les ha de pagar. A [&hellip;]<\/p>\n","protected":false},"author":27,"featured_media":0,"parent":0,"menu_order":5071,"comment_status":"closed","ping_status":"closed","template":"","meta":{"footnotes":""},"yoast_head":"<!-- This site is optimized with the Yoast SEO plugin v22.9 - https:\/\/yoast.com\/wordpress\/plugins\/seo\/ -->\n<title>7.1. Empr\u00e9stito de cup\u00f3n acumulado con igual n\u00famero de t\u00edtulos amortizados en cada sorteo - Blog de ADE<\/title>\n<meta name=\"robots\" content=\"index, follow, max-snippet:-1, max-image-preview:large, max-video-preview:-1\" \/>\n<link rel=\"canonical\" href=\"https:\/\/blogs.udima.es\/administracion-y-direccion-de-empresas\/7-1-emprestito-cupon-acumulado-con-igual-numero-titulos-amortizados-cada-sorteo-html\/\" \/>\n<meta property=\"og:locale\" content=\"es_ES\" \/>\n<meta property=\"og:type\" content=\"article\" \/>\n<meta property=\"og:title\" content=\"7.1. Empr\u00e9stito de cup\u00f3n acumulado con igual n\u00famero de t\u00edtulos amortizados en cada sorteo - Blog de ADE\" \/>\n<meta property=\"og:description\" content=\"En este tipo de empr\u00e9stito, el emisor se compromete a amortizar el mismo n\u00famero de t\u00edtulos en cada sorteo a lo largo del tiempo que dure la operaci\u00f3n. 7.1.1. Pasos a seguir Lo m\u00e1s f\u00e1cil ser\u00e1 calcular el n\u00famero de t\u00edtulos amortizados en cada sorteo, para posteriormente ver qu\u00e9 se les ha de pagar. A [&hellip;]\" \/>\n<meta property=\"og:url\" content=\"https:\/\/blogs.udima.es\/administracion-y-direccion-de-empresas\/7-1-emprestito-cupon-acumulado-con-igual-numero-titulos-amortizados-cada-sorteo-html\/\" \/>\n<meta property=\"og:site_name\" content=\"Blog de ADE - Universidad a Distancia de Madrid | UDIMA\" \/>\n<meta property=\"article:modified_time\" content=\"2016-07-18T07:04:42+00:00\" \/>\n<meta property=\"og:image\" content=\"https:\/\/blogs.udima.es\/administracion-y-direccion-de-empresas\/images_book\/p496-01.png\" \/>\n<meta name=\"twitter:card\" content=\"summary_large_image\" \/>\n<meta name=\"twitter:label1\" content=\"Tiempo de lectura\" \/>\n\t<meta name=\"twitter:data1\" content=\"5 minutos\" \/>\n<script type=\"application\/ld+json\" class=\"yoast-schema-graph\">{\"@context\":\"https:\/\/schema.org\",\"@graph\":[{\"@type\":\"WebPage\",\"@id\":\"https:\/\/blogs.udima.es\/administracion-y-direccion-de-empresas\/7-1-emprestito-cupon-acumulado-con-igual-numero-titulos-amortizados-cada-sorteo-html\/\",\"url\":\"https:\/\/blogs.udima.es\/administracion-y-direccion-de-empresas\/7-1-emprestito-cupon-acumulado-con-igual-numero-titulos-amortizados-cada-sorteo-html\/\",\"name\":\"7.1. Empr\u00e9stito de cup\u00f3n acumulado con igual n\u00famero de t\u00edtulos amortizados en cada sorteo - Blog de ADE\",\"isPartOf\":{\"@id\":\"https:\/\/blogs.udima.es\/administracion-y-direccion-de-empresas\/#website\"},\"primaryImageOfPage\":{\"@id\":\"https:\/\/blogs.udima.es\/administracion-y-direccion-de-empresas\/7-1-emprestito-cupon-acumulado-con-igual-numero-titulos-amortizados-cada-sorteo-html\/#primaryimage\"},\"image\":{\"@id\":\"https:\/\/blogs.udima.es\/administracion-y-direccion-de-empresas\/7-1-emprestito-cupon-acumulado-con-igual-numero-titulos-amortizados-cada-sorteo-html\/#primaryimage\"},\"thumbnailUrl\":\"https:\/\/blogs.udima.es\/administracion-y-direccion-de-empresas\/images_book\/p496-01.png\",\"datePublished\":\"2016-07-18T07:04:07+00:00\",\"dateModified\":\"2016-07-18T07:04:42+00:00\",\"breadcrumb\":{\"@id\":\"https:\/\/blogs.udima.es\/administracion-y-direccion-de-empresas\/7-1-emprestito-cupon-acumulado-con-igual-numero-titulos-amortizados-cada-sorteo-html\/#breadcrumb\"},\"inLanguage\":\"es\",\"potentialAction\":[{\"@type\":\"ReadAction\",\"target\":[\"https:\/\/blogs.udima.es\/administracion-y-direccion-de-empresas\/7-1-emprestito-cupon-acumulado-con-igual-numero-titulos-amortizados-cada-sorteo-html\/\"]}]},{\"@type\":\"ImageObject\",\"inLanguage\":\"es\",\"@id\":\"https:\/\/blogs.udima.es\/administracion-y-direccion-de-empresas\/7-1-emprestito-cupon-acumulado-con-igual-numero-titulos-amortizados-cada-sorteo-html\/#primaryimage\",\"url\":\"https:\/\/blogs.udima.es\/administracion-y-direccion-de-empresas\/images_book\/p496-01.png\",\"contentUrl\":\"https:\/\/blogs.udima.es\/administracion-y-direccion-de-empresas\/images_book\/p496-01.png\"},{\"@type\":\"BreadcrumbList\",\"@id\":\"https:\/\/blogs.udima.es\/administracion-y-direccion-de-empresas\/7-1-emprestito-cupon-acumulado-con-igual-numero-titulos-amortizados-cada-sorteo-html\/#breadcrumb\",\"itemListElement\":[{\"@type\":\"ListItem\",\"position\":1,\"name\":\"Portada\",\"item\":\"https:\/\/blogs.udima.es\/administracion-y-direccion-de-empresas\/\"},{\"@type\":\"ListItem\",\"position\":2,\"name\":\"7.1. Empr\u00e9stito de cup\u00f3n acumulado con igual n\u00famero de t\u00edtulos amortizados en cada sorteo\"}]},{\"@type\":\"WebSite\",\"@id\":\"https:\/\/blogs.udima.es\/administracion-y-direccion-de-empresas\/#website\",\"url\":\"https:\/\/blogs.udima.es\/administracion-y-direccion-de-empresas\/\",\"name\":\"Blog de ADE - Universidad a Distancia de Madrid | UDIMA\",\"description\":\"\",\"potentialAction\":[{\"@type\":\"SearchAction\",\"target\":{\"@type\":\"EntryPoint\",\"urlTemplate\":\"https:\/\/blogs.udima.es\/administracion-y-direccion-de-empresas\/?s={search_term_string}\"},\"query-input\":\"required name=search_term_string\"}],\"inLanguage\":\"es\"}]}<\/script>\n<!-- \/ Yoast SEO plugin. -->","yoast_head_json":{"title":"7.1. Empr\u00e9stito de cup\u00f3n acumulado con igual n\u00famero de t\u00edtulos amortizados en cada sorteo - Blog de ADE","robots":{"index":"index","follow":"follow","max-snippet":"max-snippet:-1","max-image-preview":"max-image-preview:large","max-video-preview":"max-video-preview:-1"},"canonical":"https:\/\/blogs.udima.es\/administracion-y-direccion-de-empresas\/7-1-emprestito-cupon-acumulado-con-igual-numero-titulos-amortizados-cada-sorteo-html\/","og_locale":"es_ES","og_type":"article","og_title":"7.1. Empr\u00e9stito de cup\u00f3n acumulado con igual n\u00famero de t\u00edtulos amortizados en cada sorteo - Blog de ADE","og_description":"En este tipo de empr\u00e9stito, el emisor se compromete a amortizar el mismo n\u00famero de t\u00edtulos en cada sorteo a lo largo del tiempo que dure la operaci\u00f3n. 7.1.1. Pasos a seguir Lo m\u00e1s f\u00e1cil ser\u00e1 calcular el n\u00famero de t\u00edtulos amortizados en cada sorteo, para posteriormente ver qu\u00e9 se les ha de pagar. A [&hellip;]","og_url":"https:\/\/blogs.udima.es\/administracion-y-direccion-de-empresas\/7-1-emprestito-cupon-acumulado-con-igual-numero-titulos-amortizados-cada-sorteo-html\/","og_site_name":"Blog de ADE - Universidad a Distancia de Madrid | UDIMA","article_modified_time":"2016-07-18T07:04:42+00:00","og_image":[{"url":"https:\/\/blogs.udima.es\/administracion-y-direccion-de-empresas\/images_book\/p496-01.png"}],"twitter_card":"summary_large_image","twitter_misc":{"Tiempo de lectura":"5 minutos"},"schema":{"@context":"https:\/\/schema.org","@graph":[{"@type":"WebPage","@id":"https:\/\/blogs.udima.es\/administracion-y-direccion-de-empresas\/7-1-emprestito-cupon-acumulado-con-igual-numero-titulos-amortizados-cada-sorteo-html\/","url":"https:\/\/blogs.udima.es\/administracion-y-direccion-de-empresas\/7-1-emprestito-cupon-acumulado-con-igual-numero-titulos-amortizados-cada-sorteo-html\/","name":"7.1. Empr\u00e9stito de cup\u00f3n acumulado con igual n\u00famero de t\u00edtulos amortizados en cada sorteo - Blog de ADE","isPartOf":{"@id":"https:\/\/blogs.udima.es\/administracion-y-direccion-de-empresas\/#website"},"primaryImageOfPage":{"@id":"https:\/\/blogs.udima.es\/administracion-y-direccion-de-empresas\/7-1-emprestito-cupon-acumulado-con-igual-numero-titulos-amortizados-cada-sorteo-html\/#primaryimage"},"image":{"@id":"https:\/\/blogs.udima.es\/administracion-y-direccion-de-empresas\/7-1-emprestito-cupon-acumulado-con-igual-numero-titulos-amortizados-cada-sorteo-html\/#primaryimage"},"thumbnailUrl":"https:\/\/blogs.udima.es\/administracion-y-direccion-de-empresas\/images_book\/p496-01.png","datePublished":"2016-07-18T07:04:07+00:00","dateModified":"2016-07-18T07:04:42+00:00","breadcrumb":{"@id":"https:\/\/blogs.udima.es\/administracion-y-direccion-de-empresas\/7-1-emprestito-cupon-acumulado-con-igual-numero-titulos-amortizados-cada-sorteo-html\/#breadcrumb"},"inLanguage":"es","potentialAction":[{"@type":"ReadAction","target":["https:\/\/blogs.udima.es\/administracion-y-direccion-de-empresas\/7-1-emprestito-cupon-acumulado-con-igual-numero-titulos-amortizados-cada-sorteo-html\/"]}]},{"@type":"ImageObject","inLanguage":"es","@id":"https:\/\/blogs.udima.es\/administracion-y-direccion-de-empresas\/7-1-emprestito-cupon-acumulado-con-igual-numero-titulos-amortizados-cada-sorteo-html\/#primaryimage","url":"https:\/\/blogs.udima.es\/administracion-y-direccion-de-empresas\/images_book\/p496-01.png","contentUrl":"https:\/\/blogs.udima.es\/administracion-y-direccion-de-empresas\/images_book\/p496-01.png"},{"@type":"BreadcrumbList","@id":"https:\/\/blogs.udima.es\/administracion-y-direccion-de-empresas\/7-1-emprestito-cupon-acumulado-con-igual-numero-titulos-amortizados-cada-sorteo-html\/#breadcrumb","itemListElement":[{"@type":"ListItem","position":1,"name":"Portada","item":"https:\/\/blogs.udima.es\/administracion-y-direccion-de-empresas\/"},{"@type":"ListItem","position":2,"name":"7.1. Empr\u00e9stito de cup\u00f3n acumulado con igual n\u00famero de t\u00edtulos amortizados en cada sorteo"}]},{"@type":"WebSite","@id":"https:\/\/blogs.udima.es\/administracion-y-direccion-de-empresas\/#website","url":"https:\/\/blogs.udima.es\/administracion-y-direccion-de-empresas\/","name":"Blog de ADE - Universidad a Distancia de Madrid | UDIMA","description":"","potentialAction":[{"@type":"SearchAction","target":{"@type":"EntryPoint","urlTemplate":"https:\/\/blogs.udima.es\/administracion-y-direccion-de-empresas\/?s={search_term_string}"},"query-input":"required name=search_term_string"}],"inLanguage":"es"}]}},"_links":{"self":[{"href":"https:\/\/blogs.udima.es\/administracion-y-direccion-de-empresas\/wp-json\/wp\/v2\/pages\/2107"}],"collection":[{"href":"https:\/\/blogs.udima.es\/administracion-y-direccion-de-empresas\/wp-json\/wp\/v2\/pages"}],"about":[{"href":"https:\/\/blogs.udima.es\/administracion-y-direccion-de-empresas\/wp-json\/wp\/v2\/types\/page"}],"author":[{"embeddable":true,"href":"https:\/\/blogs.udima.es\/administracion-y-direccion-de-empresas\/wp-json\/wp\/v2\/users\/27"}],"replies":[{"embeddable":true,"href":"https:\/\/blogs.udima.es\/administracion-y-direccion-de-empresas\/wp-json\/wp\/v2\/comments?post=2107"}],"version-history":[{"count":2,"href":"https:\/\/blogs.udima.es\/administracion-y-direccion-de-empresas\/wp-json\/wp\/v2\/pages\/2107\/revisions"}],"predecessor-version":[{"id":2109,"href":"https:\/\/blogs.udima.es\/administracion-y-direccion-de-empresas\/wp-json\/wp\/v2\/pages\/2107\/revisions\/2109"}],"wp:attachment":[{"href":"https:\/\/blogs.udima.es\/administracion-y-direccion-de-empresas\/wp-json\/wp\/v2\/media?parent=2107"}],"curies":[{"name":"wp","href":"https:\/\/api.w.org\/{rel}","templated":true}]}}