{"id":2103,"date":"2016-07-18T06:55:53","date_gmt":"2016-07-18T06:55:53","guid":{"rendered":"http:\/\/blogs.udima.es\/administracion-y-direccion-de-empresas\/?page_id=2103"},"modified":"2016-07-18T06:57:33","modified_gmt":"2016-07-18T06:57:33","slug":"emprestito-clase-ii-tipo-ii-i-p64-htm","status":"publish","type":"page","link":"https:\/\/blogs.udima.es\/administracion-y-direccion-de-empresas\/emprestito-clase-ii-tipo-ii-i-p64-htm\/","title":{"rendered":"7. Empr\u00e9stito clase II. Tipo II"},"content":{"rendered":"<p>Se caracteriza porque el emisor paga durante toda la vida del empr\u00e9stito una cantidad variable (t\u00e9rmino amortizativo), que destina a retribuir a los obligacionistas cuyos t\u00edtulos resulten amortizados en cada sorteo, los cuales cobrar\u00e1n el cup\u00f3n acumu-lado hasta la fecha y el valor nominal del t\u00edtulo.<\/p>\n<p>La estructura del t\u00e9rmino amortizativo ser\u00e1 la siguiente:<\/p>\n<blockquote>\n<p><img loading=\"lazy\" decoding=\"async\" src=\"https:\/\/blogs.udima.es\/administracion-y-direccion-de-empresas\/images_book\/p495-03.png\" alt=\"\" width=\"329\" height=\"60\" \/><\/p>\n<\/blockquote>\n<p>Empr\u00e9stitos que responden a esta estructura gen\u00e9rica ser\u00e1n los siguientes:<\/p>\n<ol class=\"lalpha\">\n<li>Aquellos empr\u00e9stitos en los que el n\u00famero de t\u00edtulos amortizados en cada sorteo permanezca constante.<\/li>\n<li>Empr\u00e9stitos en los que el emisor acuerde un t\u00e9rmino amortizativo varia-ble en progresi\u00f3n geom\u00e9trica, de raz\u00f3n conocida.<\/li>\n<li>Empr\u00e9stitos en los que el emisor acuerde un t\u00e9rmino amortizativo varia-ble en progresi\u00f3n aritm\u00e9tica, de raz\u00f3n conocida.<\/li>\n<\/ol>\n<ul>\n<li><a href=\"https:\/\/blogs.udima.es\/administracion-y-direccion-de-empresas\/7-1-emprestito-cupon-acumulado-con-igual-numero-titulos-amortizados-cada-sorteo.html\">7.1. Empr\u00e9stito de cup\u00f3n acumulado con igual n\u00famero de t\u00edtulos amortizados en cada sorteo<\/a><\/li>\n<li><a href=\"https:\/\/blogs.udima.es\/administracion-y-direccion-de-empresas\/7-2-emprestito-cupon-acumulado-anualidad-variable-progresion-geometrica-puro.html\">7.2. Empr\u00e9stito de cup\u00f3n acumulado y anualidad variable en progresi\u00f3n geom\u00e9trica puro<\/a><\/li>\n<li><a href=\"https:\/\/blogs.udima.es\/administracion-y-direccion-de-empresas\/7-3-emprestito-cupon-acumulado-constante-anualidades-progresion-geometrica-con-caracteristicas-comerciales.html\">7.3. Empr\u00e9stito de cup\u00f3n acumulado constante y anualidades en progresi\u00f3n geom\u00e9trica con caracter\u00edsticas comerciales<\/a>\n  <\/li>\n<\/ul>\n","protected":false},"excerpt":{"rendered":"<p>Se caracteriza porque el emisor paga durante toda la vida del empr\u00e9stito una cantidad variable (t\u00e9rmino amortizativo), que destina a retribuir a los obligacionistas cuyos t\u00edtulos resulten amortizados en cada sorteo, los cuales cobrar\u00e1n el cup\u00f3n acumu-lado hasta la fecha y el valor nominal del t\u00edtulo. La estructura del t\u00e9rmino amortizativo ser\u00e1 la siguiente: Empr\u00e9stitos [&hellip;]<\/p>\n","protected":false},"author":27,"featured_media":0,"parent":0,"menu_order":5070,"comment_status":"closed","ping_status":"closed","template":"","meta":{"footnotes":""},"yoast_head":"<!-- This site is optimized with the Yoast SEO plugin v22.9 - https:\/\/yoast.com\/wordpress\/plugins\/seo\/ -->\n<title>7. Empr\u00e9stito clase II. Tipo II - Blog de ADE<\/title>\n<meta name=\"robots\" content=\"index, follow, max-snippet:-1, max-image-preview:large, max-video-preview:-1\" \/>\n<link rel=\"canonical\" href=\"https:\/\/blogs.udima.es\/administracion-y-direccion-de-empresas\/emprestito-clase-ii-tipo-ii-i-p64-htm\/\" \/>\n<meta property=\"og:locale\" content=\"es_ES\" \/>\n<meta property=\"og:type\" content=\"article\" \/>\n<meta property=\"og:title\" content=\"7. Empr\u00e9stito clase II. Tipo II - Blog de ADE\" \/>\n<meta property=\"og:description\" content=\"Se caracteriza porque el emisor paga durante toda la vida del empr\u00e9stito una cantidad variable (t\u00e9rmino amortizativo), que destina a retribuir a los obligacionistas cuyos t\u00edtulos resulten amortizados en cada sorteo, los cuales cobrar\u00e1n el cup\u00f3n acumu-lado hasta la fecha y el valor nominal del t\u00edtulo. La estructura del t\u00e9rmino amortizativo ser\u00e1 la siguiente: Empr\u00e9stitos [&hellip;]\" \/>\n<meta property=\"og:url\" content=\"https:\/\/blogs.udima.es\/administracion-y-direccion-de-empresas\/emprestito-clase-ii-tipo-ii-i-p64-htm\/\" \/>\n<meta property=\"og:site_name\" content=\"Blog de ADE - Universidad a Distancia de Madrid | UDIMA\" \/>\n<meta property=\"article:modified_time\" content=\"2016-07-18T06:57:33+00:00\" \/>\n<meta property=\"og:image\" content=\"https:\/\/blogs.udima.es\/administracion-y-direccion-de-empresas\/images_book\/p495-03.png\" \/>\n<meta name=\"twitter:card\" content=\"summary_large_image\" \/>\n<meta name=\"twitter:label1\" content=\"Tiempo de lectura\" \/>\n\t<meta name=\"twitter:data1\" content=\"1 minuto\" \/>\n<script type=\"application\/ld+json\" class=\"yoast-schema-graph\">{\"@context\":\"https:\/\/schema.org\",\"@graph\":[{\"@type\":\"WebPage\",\"@id\":\"https:\/\/blogs.udima.es\/administracion-y-direccion-de-empresas\/emprestito-clase-ii-tipo-ii-i-p64-htm\/\",\"url\":\"https:\/\/blogs.udima.es\/administracion-y-direccion-de-empresas\/emprestito-clase-ii-tipo-ii-i-p64-htm\/\",\"name\":\"7. Empr\u00e9stito clase II. Tipo II - Blog de ADE\",\"isPartOf\":{\"@id\":\"https:\/\/blogs.udima.es\/administracion-y-direccion-de-empresas\/#website\"},\"primaryImageOfPage\":{\"@id\":\"https:\/\/blogs.udima.es\/administracion-y-direccion-de-empresas\/emprestito-clase-ii-tipo-ii-i-p64-htm\/#primaryimage\"},\"image\":{\"@id\":\"https:\/\/blogs.udima.es\/administracion-y-direccion-de-empresas\/emprestito-clase-ii-tipo-ii-i-p64-htm\/#primaryimage\"},\"thumbnailUrl\":\"https:\/\/blogs.udima.es\/administracion-y-direccion-de-empresas\/images_book\/p495-03.png\",\"datePublished\":\"2016-07-18T06:55:53+00:00\",\"dateModified\":\"2016-07-18T06:57:33+00:00\",\"breadcrumb\":{\"@id\":\"https:\/\/blogs.udima.es\/administracion-y-direccion-de-empresas\/emprestito-clase-ii-tipo-ii-i-p64-htm\/#breadcrumb\"},\"inLanguage\":\"es\",\"potentialAction\":[{\"@type\":\"ReadAction\",\"target\":[\"https:\/\/blogs.udima.es\/administracion-y-direccion-de-empresas\/emprestito-clase-ii-tipo-ii-i-p64-htm\/\"]}]},{\"@type\":\"ImageObject\",\"inLanguage\":\"es\",\"@id\":\"https:\/\/blogs.udima.es\/administracion-y-direccion-de-empresas\/emprestito-clase-ii-tipo-ii-i-p64-htm\/#primaryimage\",\"url\":\"https:\/\/blogs.udima.es\/administracion-y-direccion-de-empresas\/images_book\/p495-03.png\",\"contentUrl\":\"https:\/\/blogs.udima.es\/administracion-y-direccion-de-empresas\/images_book\/p495-03.png\"},{\"@type\":\"BreadcrumbList\",\"@id\":\"https:\/\/blogs.udima.es\/administracion-y-direccion-de-empresas\/emprestito-clase-ii-tipo-ii-i-p64-htm\/#breadcrumb\",\"itemListElement\":[{\"@type\":\"ListItem\",\"position\":1,\"name\":\"Portada\",\"item\":\"https:\/\/blogs.udima.es\/administracion-y-direccion-de-empresas\/\"},{\"@type\":\"ListItem\",\"position\":2,\"name\":\"7. Empr\u00e9stito clase II. Tipo II\"}]},{\"@type\":\"WebSite\",\"@id\":\"https:\/\/blogs.udima.es\/administracion-y-direccion-de-empresas\/#website\",\"url\":\"https:\/\/blogs.udima.es\/administracion-y-direccion-de-empresas\/\",\"name\":\"Blog de ADE - Universidad a Distancia de Madrid | UDIMA\",\"description\":\"\",\"potentialAction\":[{\"@type\":\"SearchAction\",\"target\":{\"@type\":\"EntryPoint\",\"urlTemplate\":\"https:\/\/blogs.udima.es\/administracion-y-direccion-de-empresas\/?s={search_term_string}\"},\"query-input\":\"required name=search_term_string\"}],\"inLanguage\":\"es\"}]}<\/script>\n<!-- \/ Yoast SEO plugin. -->","yoast_head_json":{"title":"7. Empr\u00e9stito clase II. Tipo II - Blog de ADE","robots":{"index":"index","follow":"follow","max-snippet":"max-snippet:-1","max-image-preview":"max-image-preview:large","max-video-preview":"max-video-preview:-1"},"canonical":"https:\/\/blogs.udima.es\/administracion-y-direccion-de-empresas\/emprestito-clase-ii-tipo-ii-i-p64-htm\/","og_locale":"es_ES","og_type":"article","og_title":"7. Empr\u00e9stito clase II. Tipo II - Blog de ADE","og_description":"Se caracteriza porque el emisor paga durante toda la vida del empr\u00e9stito una cantidad variable (t\u00e9rmino amortizativo), que destina a retribuir a los obligacionistas cuyos t\u00edtulos resulten amortizados en cada sorteo, los cuales cobrar\u00e1n el cup\u00f3n acumu-lado hasta la fecha y el valor nominal del t\u00edtulo. La estructura del t\u00e9rmino amortizativo ser\u00e1 la siguiente: Empr\u00e9stitos [&hellip;]","og_url":"https:\/\/blogs.udima.es\/administracion-y-direccion-de-empresas\/emprestito-clase-ii-tipo-ii-i-p64-htm\/","og_site_name":"Blog de ADE - Universidad a Distancia de Madrid | UDIMA","article_modified_time":"2016-07-18T06:57:33+00:00","og_image":[{"url":"https:\/\/blogs.udima.es\/administracion-y-direccion-de-empresas\/images_book\/p495-03.png"}],"twitter_card":"summary_large_image","twitter_misc":{"Tiempo de lectura":"1 minuto"},"schema":{"@context":"https:\/\/schema.org","@graph":[{"@type":"WebPage","@id":"https:\/\/blogs.udima.es\/administracion-y-direccion-de-empresas\/emprestito-clase-ii-tipo-ii-i-p64-htm\/","url":"https:\/\/blogs.udima.es\/administracion-y-direccion-de-empresas\/emprestito-clase-ii-tipo-ii-i-p64-htm\/","name":"7. Empr\u00e9stito clase II. Tipo II - Blog de ADE","isPartOf":{"@id":"https:\/\/blogs.udima.es\/administracion-y-direccion-de-empresas\/#website"},"primaryImageOfPage":{"@id":"https:\/\/blogs.udima.es\/administracion-y-direccion-de-empresas\/emprestito-clase-ii-tipo-ii-i-p64-htm\/#primaryimage"},"image":{"@id":"https:\/\/blogs.udima.es\/administracion-y-direccion-de-empresas\/emprestito-clase-ii-tipo-ii-i-p64-htm\/#primaryimage"},"thumbnailUrl":"https:\/\/blogs.udima.es\/administracion-y-direccion-de-empresas\/images_book\/p495-03.png","datePublished":"2016-07-18T06:55:53+00:00","dateModified":"2016-07-18T06:57:33+00:00","breadcrumb":{"@id":"https:\/\/blogs.udima.es\/administracion-y-direccion-de-empresas\/emprestito-clase-ii-tipo-ii-i-p64-htm\/#breadcrumb"},"inLanguage":"es","potentialAction":[{"@type":"ReadAction","target":["https:\/\/blogs.udima.es\/administracion-y-direccion-de-empresas\/emprestito-clase-ii-tipo-ii-i-p64-htm\/"]}]},{"@type":"ImageObject","inLanguage":"es","@id":"https:\/\/blogs.udima.es\/administracion-y-direccion-de-empresas\/emprestito-clase-ii-tipo-ii-i-p64-htm\/#primaryimage","url":"https:\/\/blogs.udima.es\/administracion-y-direccion-de-empresas\/images_book\/p495-03.png","contentUrl":"https:\/\/blogs.udima.es\/administracion-y-direccion-de-empresas\/images_book\/p495-03.png"},{"@type":"BreadcrumbList","@id":"https:\/\/blogs.udima.es\/administracion-y-direccion-de-empresas\/emprestito-clase-ii-tipo-ii-i-p64-htm\/#breadcrumb","itemListElement":[{"@type":"ListItem","position":1,"name":"Portada","item":"https:\/\/blogs.udima.es\/administracion-y-direccion-de-empresas\/"},{"@type":"ListItem","position":2,"name":"7. Empr\u00e9stito clase II. Tipo II"}]},{"@type":"WebSite","@id":"https:\/\/blogs.udima.es\/administracion-y-direccion-de-empresas\/#website","url":"https:\/\/blogs.udima.es\/administracion-y-direccion-de-empresas\/","name":"Blog de ADE - Universidad a Distancia de Madrid | UDIMA","description":"","potentialAction":[{"@type":"SearchAction","target":{"@type":"EntryPoint","urlTemplate":"https:\/\/blogs.udima.es\/administracion-y-direccion-de-empresas\/?s={search_term_string}"},"query-input":"required name=search_term_string"}],"inLanguage":"es"}]}},"_links":{"self":[{"href":"https:\/\/blogs.udima.es\/administracion-y-direccion-de-empresas\/wp-json\/wp\/v2\/pages\/2103"}],"collection":[{"href":"https:\/\/blogs.udima.es\/administracion-y-direccion-de-empresas\/wp-json\/wp\/v2\/pages"}],"about":[{"href":"https:\/\/blogs.udima.es\/administracion-y-direccion-de-empresas\/wp-json\/wp\/v2\/types\/page"}],"author":[{"embeddable":true,"href":"https:\/\/blogs.udima.es\/administracion-y-direccion-de-empresas\/wp-json\/wp\/v2\/users\/27"}],"replies":[{"embeddable":true,"href":"https:\/\/blogs.udima.es\/administracion-y-direccion-de-empresas\/wp-json\/wp\/v2\/comments?post=2103"}],"version-history":[{"count":3,"href":"https:\/\/blogs.udima.es\/administracion-y-direccion-de-empresas\/wp-json\/wp\/v2\/pages\/2103\/revisions"}],"predecessor-version":[{"id":2106,"href":"https:\/\/blogs.udima.es\/administracion-y-direccion-de-empresas\/wp-json\/wp\/v2\/pages\/2103\/revisions\/2106"}],"wp:attachment":[{"href":"https:\/\/blogs.udima.es\/administracion-y-direccion-de-empresas\/wp-json\/wp\/v2\/media?parent=2103"}],"curies":[{"name":"wp","href":"https:\/\/api.w.org\/{rel}","templated":true}]}}