{"id":2091,"date":"2016-07-18T06:49:47","date_gmt":"2016-07-18T06:49:47","guid":{"rendered":"http:\/\/blogs.udima.es\/administracion-y-direccion-de-empresas\/?page_id=2091"},"modified":"2016-07-18T06:50:26","modified_gmt":"2016-07-18T06:50:26","slug":"5-4-emprestito-cupon-periodico-constante-prepagable-con-igual-numero-titulos-amortizados-cada-sorteo-html","status":"publish","type":"page","link":"https:\/\/blogs.udima.es\/administracion-y-direccion-de-empresas\/5-4-emprestito-cupon-periodico-constante-prepagable-con-igual-numero-titulos-amortizados-cada-sorteo-html\/","title":{"rendered":"5.4. Empr\u00e9stito de cup\u00f3n peri\u00f3dico constante prepagable con igual n\u00famero de t\u00edtulos amortizados en cada sorteo"},"content":{"rendered":"<p>En este tipo de empr\u00e9stito, al igual que ocurr\u00eda cuando el cup\u00f3n se pagaba por vencido, el emisor se compromete a amortizar todos los per\u00edodos el mismo n\u00famero de t\u00edtulos, por tanto, la cantidad destinada al reembolso se mantiene constante durante toda la operaci\u00f3n.<\/p>\n<h2>5.4.1. Pasos a seguir<\/h2>\n<p>Para el caso de un empr\u00e9stito de N<sub>1<\/sub> t\u00edtulos, de nominal c, cup\u00f3n peri\u00f3dico prepagable c x i*, con una duraci\u00f3n de n per\u00edodos se calcular\u00e1 en primer lugar todo lo que tenga que ver con la amortizaci\u00f3n de t\u00edtulos, f\u00e1ciles de obtener, y a continuaci\u00f3n lo referente a los cupones y, finalmente, los t\u00e9rminos amortizativos.<\/p>\n<p>La forma de c\u00e1lculo de los t\u00edtulos (amortizados, total amortizados y en circulaci\u00f3n) es igual a la explicada cuando el cup\u00f3n se pagaba por vencido.<\/p>\n<h4>5.4.1.1. C\u00e1lculo del n\u00famero de t\u00edtulos amortizados en cada sorteo (M)<\/h4>\n<p>Sabiendo que la suma de los t\u00edtulos amortizados en cada sorteo es el n\u00famero de t\u00edtulos emitidos, se debe cumplir:<\/p>\n<p> N<sub>1<\/sub> = M<sub>1<\/sub> + M<sub>2<\/sub> + M<sub>3<\/sub> + &#8230; + M<sub>n<\/sub> = M x n<\/p>\n<p>de donde se obtiene:<\/p>\n<p> &nbsp;&nbsp;&nbsp;&nbsp;&nbsp;&nbsp;&nbsp;&nbsp;N<sub>1<\/sub><br \/>\n    M = &#8212;&#8212; <br \/>\n    &nbsp;&nbsp;&nbsp;&nbsp;&nbsp;&nbsp;&nbsp;&nbsp;&nbsp;n<\/p>\n<p>Donde n representa el n\u00famero de sorteos realizados a lo largo de la vida del empr\u00e9stito.<\/p>\n<h4> 5.4.1.2. C\u00e1lculo del total de t\u00edtulos amortizados despu\u00e9s de k per\u00edodos (m<sub>k<\/sub>)<\/h4>\n<p>&nbsp;<\/p>\n<p align=\"center\"> <img loading=\"lazy\" decoding=\"async\" src=\"https:\/\/blogs.udima.es\/administracion-y-direccion-de-empresas\/images_book\/p469-01.png\" width=\"445\" height=\"146\" \/><\/p>\n<p>  Conocidos los t\u00edtulos que se amortizan en cada sorteo, el total de ellos retirados de la circulaci\u00f3n hasta una fecha concreta vendr\u00e1 dado por la suma aritm\u00e9tica de los t\u00edtulos amortizados correspondiente a los per\u00edodos transcurridos.<\/p>\n<p>m<sub>k<\/sub> = M<sub>1<\/sub> + M<sub>2<\/sub> + \u2026 + M<sub>k<\/sub> = M x k<\/p>\n<h4> 5.4.1.3. C\u00e1lculo de los t\u00edtulos en circulaci\u00f3n a principios del per\u00edodo k+1 (N<sub>k+1<\/sub>)<\/h4>\n<p> Se realizar\u00e1 a trav\u00e9s de los t\u00edtulos amortizados (pasados o futuros).<\/p>\n<p>&nbsp;<\/p>\n<p align=\"center\"> <img loading=\"lazy\" decoding=\"async\" src=\"https:\/\/blogs.udima.es\/administracion-y-direccion-de-empresas\/images_book\/p470-01.png\" width=\"503\" height=\"206\" \/><\/p>\n<p align=\"center\">&nbsp;<\/p>\n<ul>\n<li><em> M\u00e9todo retrospectivo:<\/em> los t\u00edtulos pendientes de amortizar ser\u00e1n los emitidos minorados en los ya amortizados hasta ese momento.<\/li>\n<\/ul>\n<p>N<sub>k+1<\/sub> = N<sub>1<\/sub> \u2013 m<sub>k<\/sub> = N<sub>1<\/sub> \u2013 M x k<\/p>\n<ul>\n<li>  <em>M\u00e9todo prospectivo:<\/em> los t\u00edtulos en circulaci\u00f3n ser\u00e1n la suma aritm\u00e9tica de los que a\u00fan quedan pendientes de ser amortizados.<\/li>\n<\/ul>\n<p>N<sub>k+1<\/sub> = (n \u2013 k) x M<\/p>\n<h4> 5.4.1.4. C\u00e1lculo del pago de cupones en el momento k<\/h4>\n<p>Los intereses de cualquier per\u00edodo se calcular\u00e1n a partir de los t\u00edtulos en circulaci\u00f3n a principios de ese per\u00edodo, a los que se les entregar\u00e1 el cup\u00f3n acordado (c x i*) al principio del per\u00edodo al que se refieran.<\/p>\n<p>En el momento k: c x i* x N<sub>k+1<\/sub><\/p>\n<h4> 5.4.1.5. C\u00e1lculo de los t\u00e9rminos amortizativos: ley de recurrencia (a<sub>k<\/sub>)<\/h4>\n<p> Al mantenerse constante la parte del t\u00e9rmino amortizativo que se destina al reembolso de t\u00edtulos e ir disminuyendo la cantidad destinada a pago de cupones (porque va siendo cada vez menor el n\u00famero de t\u00edtulos en circulaci\u00f3n que tiene derecho a cobrarlo), los t\u00e9rminos amortizativos necesariamente tendr\u00e1n que ir decreciendo. Adem\u00e1s, los t\u00e9rminos variar\u00e1n como lo hacen las cantidades destinadas al pago de cupones y seguir\u00e1n una ley matem\u00e1tica.<\/p>\n<p>La estructura del t\u00e9rmino amortizativo quedar\u00e1 de la siguiente forma:<\/p>\n<p>&nbsp;<\/p>\n<p><img loading=\"lazy\" decoding=\"async\" src=\"https:\/\/blogs.udima.es\/administracion-y-direccion-de-empresas\/images_book\/p471-01.png\" width=\"367\" height=\"65\" \/><\/p>\n<p>&nbsp;<\/p>\n<p> El c\u00e1lculo de los diferentes t\u00e9rminos se podr\u00e1 realizar de dos formas posibles:<\/p>\n<p>A) 1.\u00aa posibilidad: dando valores a k en la estructura del t\u00e9rmino amortizativo<\/p>\n<p>Calculando el importe del pago de cupones a realizar a los t\u00edtulos a\u00fan en circulaci\u00f3n y a\u00f1adiendo el valor de reembolso constante ya conocido:<\/p>\n<p>Momento 0: a<sub>0<\/sub> = c x i x N<sub>1<\/sub><br \/>\n    Momento 1: a<sub>1<\/sub> = c x i x N<sub>2<\/sub> + c x M = c x i x (N<sub>1<\/sub> \u2013 M) + c x M<br \/>\n    Momento 2: a<sub>2<\/sub> = c x i x N<sub>3<\/sub> + c x M = c x i x (N<sub>2<\/sub> \u2013 M) + c x M<br \/>\n    \u2026<\/p>\n<p>B)<br \/>\n2.\u00aa posibilidad: a trav\u00e9s de la ley de recurrencia que siguen los t\u00e9rminos amortizativos<\/p>\n<p>Se calcula el primer t\u00e9rmino y el resto se obtienen a trav\u00e9s de la ley de recurrencia que siguen y que se obtendr\u00e1 al relacionar, por diferencias, dos t\u00e9rminos amortizativos consecutivos cualesquiera:<\/p>\n<p>&nbsp;<\/p>\n<table border=\"0\" align=\"left\" cellpadding=\"5\" cellspacing=\"0\">\n<tr>\n<td>Per\u00edodo k: ak = <\/td>\n<td>\n<div align=\"center\">c x i* x N<sub>k+1<\/sub> + c x M<\/div>\n<\/td>\n<\/tr>\n<tr>\n<td>Per\u00edodo k+1: <\/td>\n<td>\n<div align=\"center\">a<sub>k+1<\/sub> = c x i* x N<sub>k+2<\/sub> + c x M<\/div>\n<\/td>\n<\/tr>\n<tr>\n<td>&nbsp;<\/td>\n<td>\n<div align=\"center\">&#8212;&#8212;&#8212;&#8212;&#8212;&#8212;&#8212;&#8212;&#8212;&#8212;&#8212;&#8212;&#8212;&#8212;&#8212;&#8212;&#8212;&#8212;&#8212;&#8212;&#8212;&#8212;&#8212;&#8212;<\/div>\n<\/td>\n<\/tr>\n<tr>\n<td>&nbsp;<\/td>\n<td>&nbsp;<br \/>\na<sub>k<\/sub> \u2013 a<sub>k+1<\/sub> = c x i* x N<sub>k+1<\/sub> \u2013 c x i* x N<sub>k+2<\/sub> + c x M \u2013 c x M<\/td>\n<\/tr>\n<\/table>\n<p>&nbsp;<\/p>\n<p>&nbsp;<\/p>\n<p>&nbsp;<\/p>\n<p>&nbsp;<\/p>\n<p>&nbsp;<\/p>\n<p>&nbsp;<\/p>\n<p>simplificando:<\/p>\n<p> a<sub>k<\/sub> \u2013 a<sub>k+1<\/sub> = c x i* x (N<sub>k+1<\/sub> \u2013 N<sub>k+2<\/sub>)<\/p>\n<p>siendo:<\/p>\n<p> N<sub>k+1<\/sub> \u2013 N<sub>k+2<\/sub> = M<\/p>\n<p>se puede deducir:<\/p>\n<p> a<sub>k+1<\/sub> = a<sub>k<\/sub> \u2013 c x i* x M<\/p>\n<p>lo que indica que cualquier t\u00e9rmino amortizativo es el anterior menos una cuant\u00eda constante, es decir, los t\u00e9rminos var\u00edan en progresi\u00f3n aritm\u00e9tica de raz\u00f3n \u2013 (c x i* x M), por lo que todos los t\u00e9rminos se pueden calcular a partir del primero de ellos, en base a esa recurrencia:<\/p>\n<p>a<sub>k+1<\/sub> = a<sub>1<\/sub> \u2013 k x c x i* x M<\/p>\n<p> Si hay caracter\u00edsticas comerciales, \u00e9stas s\u00f3lo afectar\u00edan al c\u00e1lculo de los t\u00e9rminos amortizativos y, en consecuencia, a la ley de recurrencia que siguen. <span class=\"progress\">No se normaliza.<\/span><\/p>\n","protected":false},"excerpt":{"rendered":"<p>En este tipo de empr\u00e9stito, al igual que ocurr\u00eda cuando el cup\u00f3n se pagaba por vencido, el emisor se compromete a amortizar todos los per\u00edodos el mismo n\u00famero de t\u00edtulos, por tanto, la cantidad destinada al reembolso se mantiene constante durante toda la operaci\u00f3n. 5.4.1. Pasos a seguir Para el caso de un empr\u00e9stito de [&hellip;]<\/p>\n","protected":false},"author":27,"featured_media":0,"parent":0,"menu_order":5054,"comment_status":"closed","ping_status":"closed","template":"","meta":{"footnotes":""},"yoast_head":"<!-- This site is optimized with the Yoast SEO plugin v22.9 - https:\/\/yoast.com\/wordpress\/plugins\/seo\/ -->\n<title>5.4. Empr\u00e9stito de cup\u00f3n peri\u00f3dico constante prepagable con igual n\u00famero de t\u00edtulos amortizados en cada sorteo - Blog de ADE<\/title>\n<meta name=\"robots\" content=\"index, follow, max-snippet:-1, max-image-preview:large, max-video-preview:-1\" \/>\n<link rel=\"canonical\" href=\"https:\/\/blogs.udima.es\/administracion-y-direccion-de-empresas\/5-4-emprestito-cupon-periodico-constante-prepagable-con-igual-numero-titulos-amortizados-cada-sorteo-html\/\" \/>\n<meta property=\"og:locale\" content=\"es_ES\" \/>\n<meta property=\"og:type\" content=\"article\" \/>\n<meta property=\"og:title\" content=\"5.4. Empr\u00e9stito de cup\u00f3n peri\u00f3dico constante prepagable con igual n\u00famero de t\u00edtulos amortizados en cada sorteo - Blog de ADE\" \/>\n<meta property=\"og:description\" content=\"En este tipo de empr\u00e9stito, al igual que ocurr\u00eda cuando el cup\u00f3n se pagaba por vencido, el emisor se compromete a amortizar todos los per\u00edodos el mismo n\u00famero de t\u00edtulos, por tanto, la cantidad destinada al reembolso se mantiene constante durante toda la operaci\u00f3n. 5.4.1. Pasos a seguir Para el caso de un empr\u00e9stito de [&hellip;]\" \/>\n<meta property=\"og:url\" content=\"https:\/\/blogs.udima.es\/administracion-y-direccion-de-empresas\/5-4-emprestito-cupon-periodico-constante-prepagable-con-igual-numero-titulos-amortizados-cada-sorteo-html\/\" \/>\n<meta property=\"og:site_name\" content=\"Blog de ADE - Universidad a Distancia de Madrid | UDIMA\" \/>\n<meta property=\"article:modified_time\" content=\"2016-07-18T06:50:26+00:00\" \/>\n<meta property=\"og:image\" content=\"https:\/\/blogs.udima.es\/administracion-y-direccion-de-empresas\/images_book\/p469-01.png\" \/>\n<meta name=\"twitter:card\" content=\"summary_large_image\" \/>\n<meta name=\"twitter:label1\" content=\"Tiempo de lectura\" \/>\n\t<meta name=\"twitter:data1\" content=\"4 minutos\" \/>\n<script type=\"application\/ld+json\" class=\"yoast-schema-graph\">{\"@context\":\"https:\/\/schema.org\",\"@graph\":[{\"@type\":\"WebPage\",\"@id\":\"https:\/\/blogs.udima.es\/administracion-y-direccion-de-empresas\/5-4-emprestito-cupon-periodico-constante-prepagable-con-igual-numero-titulos-amortizados-cada-sorteo-html\/\",\"url\":\"https:\/\/blogs.udima.es\/administracion-y-direccion-de-empresas\/5-4-emprestito-cupon-periodico-constante-prepagable-con-igual-numero-titulos-amortizados-cada-sorteo-html\/\",\"name\":\"5.4. Empr\u00e9stito de cup\u00f3n peri\u00f3dico constante prepagable con igual n\u00famero de t\u00edtulos amortizados en cada sorteo - Blog de ADE\",\"isPartOf\":{\"@id\":\"https:\/\/blogs.udima.es\/administracion-y-direccion-de-empresas\/#website\"},\"primaryImageOfPage\":{\"@id\":\"https:\/\/blogs.udima.es\/administracion-y-direccion-de-empresas\/5-4-emprestito-cupon-periodico-constante-prepagable-con-igual-numero-titulos-amortizados-cada-sorteo-html\/#primaryimage\"},\"image\":{\"@id\":\"https:\/\/blogs.udima.es\/administracion-y-direccion-de-empresas\/5-4-emprestito-cupon-periodico-constante-prepagable-con-igual-numero-titulos-amortizados-cada-sorteo-html\/#primaryimage\"},\"thumbnailUrl\":\"https:\/\/blogs.udima.es\/administracion-y-direccion-de-empresas\/images_book\/p469-01.png\",\"datePublished\":\"2016-07-18T06:49:47+00:00\",\"dateModified\":\"2016-07-18T06:50:26+00:00\",\"breadcrumb\":{\"@id\":\"https:\/\/blogs.udima.es\/administracion-y-direccion-de-empresas\/5-4-emprestito-cupon-periodico-constante-prepagable-con-igual-numero-titulos-amortizados-cada-sorteo-html\/#breadcrumb\"},\"inLanguage\":\"es\",\"potentialAction\":[{\"@type\":\"ReadAction\",\"target\":[\"https:\/\/blogs.udima.es\/administracion-y-direccion-de-empresas\/5-4-emprestito-cupon-periodico-constante-prepagable-con-igual-numero-titulos-amortizados-cada-sorteo-html\/\"]}]},{\"@type\":\"ImageObject\",\"inLanguage\":\"es\",\"@id\":\"https:\/\/blogs.udima.es\/administracion-y-direccion-de-empresas\/5-4-emprestito-cupon-periodico-constante-prepagable-con-igual-numero-titulos-amortizados-cada-sorteo-html\/#primaryimage\",\"url\":\"https:\/\/blogs.udima.es\/administracion-y-direccion-de-empresas\/images_book\/p469-01.png\",\"contentUrl\":\"https:\/\/blogs.udima.es\/administracion-y-direccion-de-empresas\/images_book\/p469-01.png\"},{\"@type\":\"BreadcrumbList\",\"@id\":\"https:\/\/blogs.udima.es\/administracion-y-direccion-de-empresas\/5-4-emprestito-cupon-periodico-constante-prepagable-con-igual-numero-titulos-amortizados-cada-sorteo-html\/#breadcrumb\",\"itemListElement\":[{\"@type\":\"ListItem\",\"position\":1,\"name\":\"Portada\",\"item\":\"https:\/\/blogs.udima.es\/administracion-y-direccion-de-empresas\/\"},{\"@type\":\"ListItem\",\"position\":2,\"name\":\"5.4. Empr\u00e9stito de cup\u00f3n peri\u00f3dico constante prepagable con igual n\u00famero de t\u00edtulos amortizados en cada sorteo\"}]},{\"@type\":\"WebSite\",\"@id\":\"https:\/\/blogs.udima.es\/administracion-y-direccion-de-empresas\/#website\",\"url\":\"https:\/\/blogs.udima.es\/administracion-y-direccion-de-empresas\/\",\"name\":\"Blog de ADE - Universidad a Distancia de Madrid | UDIMA\",\"description\":\"\",\"potentialAction\":[{\"@type\":\"SearchAction\",\"target\":{\"@type\":\"EntryPoint\",\"urlTemplate\":\"https:\/\/blogs.udima.es\/administracion-y-direccion-de-empresas\/?s={search_term_string}\"},\"query-input\":\"required name=search_term_string\"}],\"inLanguage\":\"es\"}]}<\/script>\n<!-- \/ Yoast SEO plugin. -->","yoast_head_json":{"title":"5.4. Empr\u00e9stito de cup\u00f3n peri\u00f3dico constante prepagable con igual n\u00famero de t\u00edtulos amortizados en cada sorteo - Blog de ADE","robots":{"index":"index","follow":"follow","max-snippet":"max-snippet:-1","max-image-preview":"max-image-preview:large","max-video-preview":"max-video-preview:-1"},"canonical":"https:\/\/blogs.udima.es\/administracion-y-direccion-de-empresas\/5-4-emprestito-cupon-periodico-constante-prepagable-con-igual-numero-titulos-amortizados-cada-sorteo-html\/","og_locale":"es_ES","og_type":"article","og_title":"5.4. Empr\u00e9stito de cup\u00f3n peri\u00f3dico constante prepagable con igual n\u00famero de t\u00edtulos amortizados en cada sorteo - Blog de ADE","og_description":"En este tipo de empr\u00e9stito, al igual que ocurr\u00eda cuando el cup\u00f3n se pagaba por vencido, el emisor se compromete a amortizar todos los per\u00edodos el mismo n\u00famero de t\u00edtulos, por tanto, la cantidad destinada al reembolso se mantiene constante durante toda la operaci\u00f3n. 5.4.1. Pasos a seguir Para el caso de un empr\u00e9stito de [&hellip;]","og_url":"https:\/\/blogs.udima.es\/administracion-y-direccion-de-empresas\/5-4-emprestito-cupon-periodico-constante-prepagable-con-igual-numero-titulos-amortizados-cada-sorteo-html\/","og_site_name":"Blog de ADE - Universidad a Distancia de Madrid | UDIMA","article_modified_time":"2016-07-18T06:50:26+00:00","og_image":[{"url":"https:\/\/blogs.udima.es\/administracion-y-direccion-de-empresas\/images_book\/p469-01.png"}],"twitter_card":"summary_large_image","twitter_misc":{"Tiempo de lectura":"4 minutos"},"schema":{"@context":"https:\/\/schema.org","@graph":[{"@type":"WebPage","@id":"https:\/\/blogs.udima.es\/administracion-y-direccion-de-empresas\/5-4-emprestito-cupon-periodico-constante-prepagable-con-igual-numero-titulos-amortizados-cada-sorteo-html\/","url":"https:\/\/blogs.udima.es\/administracion-y-direccion-de-empresas\/5-4-emprestito-cupon-periodico-constante-prepagable-con-igual-numero-titulos-amortizados-cada-sorteo-html\/","name":"5.4. Empr\u00e9stito de cup\u00f3n peri\u00f3dico constante prepagable con igual n\u00famero de t\u00edtulos amortizados en cada sorteo - Blog de ADE","isPartOf":{"@id":"https:\/\/blogs.udima.es\/administracion-y-direccion-de-empresas\/#website"},"primaryImageOfPage":{"@id":"https:\/\/blogs.udima.es\/administracion-y-direccion-de-empresas\/5-4-emprestito-cupon-periodico-constante-prepagable-con-igual-numero-titulos-amortizados-cada-sorteo-html\/#primaryimage"},"image":{"@id":"https:\/\/blogs.udima.es\/administracion-y-direccion-de-empresas\/5-4-emprestito-cupon-periodico-constante-prepagable-con-igual-numero-titulos-amortizados-cada-sorteo-html\/#primaryimage"},"thumbnailUrl":"https:\/\/blogs.udima.es\/administracion-y-direccion-de-empresas\/images_book\/p469-01.png","datePublished":"2016-07-18T06:49:47+00:00","dateModified":"2016-07-18T06:50:26+00:00","breadcrumb":{"@id":"https:\/\/blogs.udima.es\/administracion-y-direccion-de-empresas\/5-4-emprestito-cupon-periodico-constante-prepagable-con-igual-numero-titulos-amortizados-cada-sorteo-html\/#breadcrumb"},"inLanguage":"es","potentialAction":[{"@type":"ReadAction","target":["https:\/\/blogs.udima.es\/administracion-y-direccion-de-empresas\/5-4-emprestito-cupon-periodico-constante-prepagable-con-igual-numero-titulos-amortizados-cada-sorteo-html\/"]}]},{"@type":"ImageObject","inLanguage":"es","@id":"https:\/\/blogs.udima.es\/administracion-y-direccion-de-empresas\/5-4-emprestito-cupon-periodico-constante-prepagable-con-igual-numero-titulos-amortizados-cada-sorteo-html\/#primaryimage","url":"https:\/\/blogs.udima.es\/administracion-y-direccion-de-empresas\/images_book\/p469-01.png","contentUrl":"https:\/\/blogs.udima.es\/administracion-y-direccion-de-empresas\/images_book\/p469-01.png"},{"@type":"BreadcrumbList","@id":"https:\/\/blogs.udima.es\/administracion-y-direccion-de-empresas\/5-4-emprestito-cupon-periodico-constante-prepagable-con-igual-numero-titulos-amortizados-cada-sorteo-html\/#breadcrumb","itemListElement":[{"@type":"ListItem","position":1,"name":"Portada","item":"https:\/\/blogs.udima.es\/administracion-y-direccion-de-empresas\/"},{"@type":"ListItem","position":2,"name":"5.4. Empr\u00e9stito de cup\u00f3n peri\u00f3dico constante prepagable con igual n\u00famero de t\u00edtulos amortizados en cada sorteo"}]},{"@type":"WebSite","@id":"https:\/\/blogs.udima.es\/administracion-y-direccion-de-empresas\/#website","url":"https:\/\/blogs.udima.es\/administracion-y-direccion-de-empresas\/","name":"Blog de ADE - Universidad a Distancia de Madrid | UDIMA","description":"","potentialAction":[{"@type":"SearchAction","target":{"@type":"EntryPoint","urlTemplate":"https:\/\/blogs.udima.es\/administracion-y-direccion-de-empresas\/?s={search_term_string}"},"query-input":"required name=search_term_string"}],"inLanguage":"es"}]}},"_links":{"self":[{"href":"https:\/\/blogs.udima.es\/administracion-y-direccion-de-empresas\/wp-json\/wp\/v2\/pages\/2091"}],"collection":[{"href":"https:\/\/blogs.udima.es\/administracion-y-direccion-de-empresas\/wp-json\/wp\/v2\/pages"}],"about":[{"href":"https:\/\/blogs.udima.es\/administracion-y-direccion-de-empresas\/wp-json\/wp\/v2\/types\/page"}],"author":[{"embeddable":true,"href":"https:\/\/blogs.udima.es\/administracion-y-direccion-de-empresas\/wp-json\/wp\/v2\/users\/27"}],"replies":[{"embeddable":true,"href":"https:\/\/blogs.udima.es\/administracion-y-direccion-de-empresas\/wp-json\/wp\/v2\/comments?post=2091"}],"version-history":[{"count":2,"href":"https:\/\/blogs.udima.es\/administracion-y-direccion-de-empresas\/wp-json\/wp\/v2\/pages\/2091\/revisions"}],"predecessor-version":[{"id":2093,"href":"https:\/\/blogs.udima.es\/administracion-y-direccion-de-empresas\/wp-json\/wp\/v2\/pages\/2091\/revisions\/2093"}],"wp:attachment":[{"href":"https:\/\/blogs.udima.es\/administracion-y-direccion-de-empresas\/wp-json\/wp\/v2\/media?parent=2091"}],"curies":[{"name":"wp","href":"https:\/\/api.w.org\/{rel}","templated":true}]}}