{"id":2061,"date":"2016-07-15T13:04:06","date_gmt":"2016-07-15T13:04:06","guid":{"rendered":"http:\/\/blogs.udima.es\/administracion-y-direccion-de-empresas\/?page_id=2061"},"modified":"2016-07-15T13:06:36","modified_gmt":"2016-07-15T13:06:36","slug":"deuda-publica-i-p57-htm","status":"publish","type":"page","link":"https:\/\/blogs.udima.es\/administracion-y-direccion-de-empresas\/deuda-publica-i-p57-htm\/","title":{"rendered":"6. Deuda p\u00fablica"},"content":{"rendered":"<p>Se entiende por Deuda P\u00fablica al conjunto de t\u00edtulos de renta fija (t\u00edtulos representativos de una parte al\u00edcuota de un cr\u00e9dito concedido contra la entidad que los emite) emitidos por el Estado y que se corresponden con la deuda que tiene contra\u00edda con los inversores que han suscrito dichos valores, que cuenta con la garant\u00eda del Estado.<\/p>\n<p>La actividad del mercado de deuda p\u00fablica ha aumentado en los \u00faltimos a\u00f1os. Entre los factores que han determinado esta evoluci\u00f3n pueden destacarse:<\/p>\n<ul>\n<li> Un sistema eficiente de representaci\u00f3n de los valores mediante anotaciones en cuenta, gestionado por una \u00abCentral de Anotaciones\u00bb radicada en el Banco de Espa\u00f1a. <\/li>\n<li> Un sistema transparente y competitivo de negociaci\u00f3n, con un alto grado de liquidez, garantizado por la existencia de un grupo selecto de entidades \u2013Creadores de Mercado\u2013, y un amplio espectro de operaciones \u2013contado, plazo, repos\u2013, que asegura la cobertura de las m\u00e1s diversas necesidades para el inversor. <\/li>\n<li> Un sistema flexible y totalmente seguro de compensaci\u00f3n y liquidaci\u00f3n de operaciones entre miembros del mercado, gestionado por la \u00abCentral de Anotaciones\u00bb, y conectado con los principales mercados internacionales.<\/li>\n<li> La existencia de mercados de productos derivados altamente desarrollados que permiten la cobertura de riesgos y la gesti\u00f3n activa de carteras. \n  <\/li>\n<\/ul>\n<p><strong>\u00cdndice<\/strong><\/p>\n<ul>\n<li><a href=\"https:\/\/blogs.udima.es\/administracion-y-direccion-de-empresas\/6-1-instrumentos-deuda-estado.html\">6.1. Instrumentos de deuda del Estado<\/a><\/li>\n<li><a href=\"https:\/\/blogs.udima.es\/administracion-y-direccion-de-empresas\/6-2-operaciones-que-se-realizan.html\">6.2. Operaciones que se realizan<\/a><\/li>\n<li><a href=\"https:\/\/blogs.udima.es\/administracion-y-direccion-de-empresas\/6-3-calculo-rentabilidades.html\">6.3. C\u00e1lculo de rentabilidades<\/a><\/li>\n<li><a href=\"https:\/\/blogs.udima.es\/administracion-y-direccion-de-empresas\/6-4-otros-activos-renta-fija.html\">6.4. Otros activos de renta fija<\/a><\/li>\n<\/ul>\n","protected":false},"excerpt":{"rendered":"<p>Se entiende por Deuda P\u00fablica al conjunto de t\u00edtulos de renta fija (t\u00edtulos representativos de una parte al\u00edcuota de un cr\u00e9dito concedido contra la entidad que los emite) emitidos por el Estado y que se corresponden con la deuda que tiene contra\u00edda con los inversores que han suscrito dichos valores, que cuenta con la garant\u00eda [&hellip;]<\/p>\n","protected":false},"author":27,"featured_media":0,"parent":0,"menu_order":6060,"comment_status":"closed","ping_status":"closed","template":"","meta":{"footnotes":""},"yoast_head":"<!-- This site is optimized with the Yoast SEO plugin v22.9 - https:\/\/yoast.com\/wordpress\/plugins\/seo\/ -->\n<title>6. Deuda p\u00fablica - Blog de ADE<\/title>\n<meta name=\"robots\" content=\"index, follow, max-snippet:-1, max-image-preview:large, max-video-preview:-1\" \/>\n<link rel=\"canonical\" href=\"https:\/\/blogs.udima.es\/administracion-y-direccion-de-empresas\/deuda-publica-i-p57-htm\/\" \/>\n<meta property=\"og:locale\" content=\"es_ES\" \/>\n<meta property=\"og:type\" content=\"article\" \/>\n<meta property=\"og:title\" content=\"6. Deuda p\u00fablica - Blog de ADE\" \/>\n<meta property=\"og:description\" content=\"Se entiende por Deuda P\u00fablica al conjunto de t\u00edtulos de renta fija (t\u00edtulos representativos de una parte al\u00edcuota de un cr\u00e9dito concedido contra la entidad que los emite) emitidos por el Estado y que se corresponden con la deuda que tiene contra\u00edda con los inversores que han suscrito dichos valores, que cuenta con la garant\u00eda [&hellip;]\" \/>\n<meta property=\"og:url\" content=\"https:\/\/blogs.udima.es\/administracion-y-direccion-de-empresas\/deuda-publica-i-p57-htm\/\" \/>\n<meta property=\"og:site_name\" content=\"Blog de ADE - Universidad a Distancia de Madrid | UDIMA\" \/>\n<meta property=\"article:modified_time\" content=\"2016-07-15T13:06:36+00:00\" \/>\n<meta name=\"twitter:card\" content=\"summary_large_image\" \/>\n<meta name=\"twitter:label1\" content=\"Tiempo de lectura\" \/>\n\t<meta name=\"twitter:data1\" content=\"1 minuto\" \/>\n<script type=\"application\/ld+json\" class=\"yoast-schema-graph\">{\"@context\":\"https:\/\/schema.org\",\"@graph\":[{\"@type\":\"WebPage\",\"@id\":\"https:\/\/blogs.udima.es\/administracion-y-direccion-de-empresas\/deuda-publica-i-p57-htm\/\",\"url\":\"https:\/\/blogs.udima.es\/administracion-y-direccion-de-empresas\/deuda-publica-i-p57-htm\/\",\"name\":\"6. Deuda p\u00fablica - Blog de ADE\",\"isPartOf\":{\"@id\":\"https:\/\/blogs.udima.es\/administracion-y-direccion-de-empresas\/#website\"},\"datePublished\":\"2016-07-15T13:04:06+00:00\",\"dateModified\":\"2016-07-15T13:06:36+00:00\",\"breadcrumb\":{\"@id\":\"https:\/\/blogs.udima.es\/administracion-y-direccion-de-empresas\/deuda-publica-i-p57-htm\/#breadcrumb\"},\"inLanguage\":\"es\",\"potentialAction\":[{\"@type\":\"ReadAction\",\"target\":[\"https:\/\/blogs.udima.es\/administracion-y-direccion-de-empresas\/deuda-publica-i-p57-htm\/\"]}]},{\"@type\":\"BreadcrumbList\",\"@id\":\"https:\/\/blogs.udima.es\/administracion-y-direccion-de-empresas\/deuda-publica-i-p57-htm\/#breadcrumb\",\"itemListElement\":[{\"@type\":\"ListItem\",\"position\":1,\"name\":\"Portada\",\"item\":\"https:\/\/blogs.udima.es\/administracion-y-direccion-de-empresas\/\"},{\"@type\":\"ListItem\",\"position\":2,\"name\":\"6. Deuda p\u00fablica\"}]},{\"@type\":\"WebSite\",\"@id\":\"https:\/\/blogs.udima.es\/administracion-y-direccion-de-empresas\/#website\",\"url\":\"https:\/\/blogs.udima.es\/administracion-y-direccion-de-empresas\/\",\"name\":\"Blog de ADE - Universidad a Distancia de Madrid | UDIMA\",\"description\":\"\",\"potentialAction\":[{\"@type\":\"SearchAction\",\"target\":{\"@type\":\"EntryPoint\",\"urlTemplate\":\"https:\/\/blogs.udima.es\/administracion-y-direccion-de-empresas\/?s={search_term_string}\"},\"query-input\":\"required name=search_term_string\"}],\"inLanguage\":\"es\"}]}<\/script>\n<!-- \/ Yoast SEO plugin. -->","yoast_head_json":{"title":"6. Deuda p\u00fablica - Blog de ADE","robots":{"index":"index","follow":"follow","max-snippet":"max-snippet:-1","max-image-preview":"max-image-preview:large","max-video-preview":"max-video-preview:-1"},"canonical":"https:\/\/blogs.udima.es\/administracion-y-direccion-de-empresas\/deuda-publica-i-p57-htm\/","og_locale":"es_ES","og_type":"article","og_title":"6. Deuda p\u00fablica - Blog de ADE","og_description":"Se entiende por Deuda P\u00fablica al conjunto de t\u00edtulos de renta fija (t\u00edtulos representativos de una parte al\u00edcuota de un cr\u00e9dito concedido contra la entidad que los emite) emitidos por el Estado y que se corresponden con la deuda que tiene contra\u00edda con los inversores que han suscrito dichos valores, que cuenta con la garant\u00eda [&hellip;]","og_url":"https:\/\/blogs.udima.es\/administracion-y-direccion-de-empresas\/deuda-publica-i-p57-htm\/","og_site_name":"Blog de ADE - Universidad a Distancia de Madrid | UDIMA","article_modified_time":"2016-07-15T13:06:36+00:00","twitter_card":"summary_large_image","twitter_misc":{"Tiempo de lectura":"1 minuto"},"schema":{"@context":"https:\/\/schema.org","@graph":[{"@type":"WebPage","@id":"https:\/\/blogs.udima.es\/administracion-y-direccion-de-empresas\/deuda-publica-i-p57-htm\/","url":"https:\/\/blogs.udima.es\/administracion-y-direccion-de-empresas\/deuda-publica-i-p57-htm\/","name":"6. Deuda p\u00fablica - Blog de ADE","isPartOf":{"@id":"https:\/\/blogs.udima.es\/administracion-y-direccion-de-empresas\/#website"},"datePublished":"2016-07-15T13:04:06+00:00","dateModified":"2016-07-15T13:06:36+00:00","breadcrumb":{"@id":"https:\/\/blogs.udima.es\/administracion-y-direccion-de-empresas\/deuda-publica-i-p57-htm\/#breadcrumb"},"inLanguage":"es","potentialAction":[{"@type":"ReadAction","target":["https:\/\/blogs.udima.es\/administracion-y-direccion-de-empresas\/deuda-publica-i-p57-htm\/"]}]},{"@type":"BreadcrumbList","@id":"https:\/\/blogs.udima.es\/administracion-y-direccion-de-empresas\/deuda-publica-i-p57-htm\/#breadcrumb","itemListElement":[{"@type":"ListItem","position":1,"name":"Portada","item":"https:\/\/blogs.udima.es\/administracion-y-direccion-de-empresas\/"},{"@type":"ListItem","position":2,"name":"6. Deuda p\u00fablica"}]},{"@type":"WebSite","@id":"https:\/\/blogs.udima.es\/administracion-y-direccion-de-empresas\/#website","url":"https:\/\/blogs.udima.es\/administracion-y-direccion-de-empresas\/","name":"Blog de ADE - Universidad a Distancia de Madrid | UDIMA","description":"","potentialAction":[{"@type":"SearchAction","target":{"@type":"EntryPoint","urlTemplate":"https:\/\/blogs.udima.es\/administracion-y-direccion-de-empresas\/?s={search_term_string}"},"query-input":"required name=search_term_string"}],"inLanguage":"es"}]}},"_links":{"self":[{"href":"https:\/\/blogs.udima.es\/administracion-y-direccion-de-empresas\/wp-json\/wp\/v2\/pages\/2061"}],"collection":[{"href":"https:\/\/blogs.udima.es\/administracion-y-direccion-de-empresas\/wp-json\/wp\/v2\/pages"}],"about":[{"href":"https:\/\/blogs.udima.es\/administracion-y-direccion-de-empresas\/wp-json\/wp\/v2\/types\/page"}],"author":[{"embeddable":true,"href":"https:\/\/blogs.udima.es\/administracion-y-direccion-de-empresas\/wp-json\/wp\/v2\/users\/27"}],"replies":[{"embeddable":true,"href":"https:\/\/blogs.udima.es\/administracion-y-direccion-de-empresas\/wp-json\/wp\/v2\/comments?post=2061"}],"version-history":[{"count":4,"href":"https:\/\/blogs.udima.es\/administracion-y-direccion-de-empresas\/wp-json\/wp\/v2\/pages\/2061\/revisions"}],"predecessor-version":[{"id":2065,"href":"https:\/\/blogs.udima.es\/administracion-y-direccion-de-empresas\/wp-json\/wp\/v2\/pages\/2061\/revisions\/2065"}],"wp:attachment":[{"href":"https:\/\/blogs.udima.es\/administracion-y-direccion-de-empresas\/wp-json\/wp\/v2\/media?parent=2061"}],"curies":[{"name":"wp","href":"https:\/\/api.w.org\/{rel}","templated":true}]}}