{"id":2058,"date":"2016-07-15T13:02:01","date_gmt":"2016-07-15T13:02:01","guid":{"rendered":"http:\/\/blogs.udima.es\/administracion-y-direccion-de-empresas\/?page_id=2058"},"modified":"2016-07-15T13:02:47","modified_gmt":"2016-07-15T13:02:47","slug":"5-2-ventas-credito-html","status":"publish","type":"page","link":"https:\/\/blogs.udima.es\/administracion-y-direccion-de-empresas\/5-2-ventas-credito-html\/","title":{"rendered":"5.2. Ventas a cr\u00e9dito"},"content":{"rendered":"<h3>5.2.1. Perfil del inversor<\/h3>\n<p> El vendedor a cr\u00e9dito es un inversor con un sentimiento bajista, es decir, piensa que la cotizaci\u00f3n del t\u00edtulo va a bajar a corto plazo y decide vender cuando el t\u00edtulo est\u00e1 alto para comprar m\u00e1s tarde a un precio inferior. La idea es vender caro y comprar barato.<\/p>\n<h3>5.2.2. Realizaci\u00f3n de la operaci\u00f3n<\/h3>\n<p> Una vez firmado el contrato marco entre el inversor final, el intermediario y Bancoval, el inversor ordena a su intermediario la operaci\u00f3n de venta en bolsa, como si de una operaci\u00f3n de venta al contado se tratara, notific\u00e1ndole que se realizar\u00e1 con cr\u00e9dito al mercado.<\/p>\n<p>Previamente a su ejecuci\u00f3n en el mercado, el intermediario financiero comprobar\u00e1 con Bancoval la disponibilidad de los valores necesarios para la operaci\u00f3n.<\/p>\n<h3>5.2.3. Cr\u00e9dito de Bancoval<\/h3>\n<p> En este tipo de operaciones lo que Bancoval realiza es un pr\u00e9stamo de t\u00edtulos, en este sentido Bancoval prestar\u00e1 la totalidad de los valores vendidos para efectuar la liquidaci\u00f3n como si de una operaci\u00f3n de contado se tratara. <\/p>\n<p>Inicialmente, la operaci\u00f3n implica una aportaci\u00f3n en efectivo correspondiente al 35% del efectivo de la venta en concepto de garant\u00eda inicial, as\u00ed como la totalidad de los gastos inherentes a la operaci\u00f3n: derechos de bolsa, comisi\u00f3n intermediario y liquidaci\u00f3n de Bancoval (1\u2030 del efectivo burs\u00e1til).<\/p>\n<h3>5.2.4. Intereses del pr\u00e9stamo de t\u00edtulos<\/h3>\n<p> En la actualidad el vendedor a cr\u00e9dito no deber\u00e1 pagar ning\u00fan tipo de inter\u00e9s por el pr\u00e9stamo de t\u00edtulos.<\/p>\n<h3>5.2.5. Remuneraci\u00f3n de las garant\u00edas<\/h3>\n<p> La garant\u00eda inicial aportada por el inversor es remunerada por Bancoval a tipos de mercado, procediendo al abono de los correspondientes intereses al finalizar el plazo del primer vencimiento, al t\u00e9rmino de la primera y segunda pr\u00f3rroga, en su caso, y en la cancelaci\u00f3n de la operaci\u00f3n. <\/p>\n<p>Bancoval aplicar\u00e1 el tipo de inter\u00e9s vigente en el momento en que se inicia cada per\u00edodo en que se estructura la operaci\u00f3n sobre el montante del cr\u00e9dito concedido. El inversor cobrar\u00e1 los intereses devengados, que ser\u00e1n ingresados en su cuenta en los plazos indicados. <\/p>\n<p>Para el c\u00e1lculo de estos intereses se considerar\u00e1n las mismas reglas que en los intereses de las compras a cr\u00e9dito.<\/p>\n<h3> 5.2.6. Garant\u00edas complementarias<\/h3>\n<p> El inversor deber\u00e1 aportar garant\u00edas complementarias a partir de la fecha en la que se produzca un incremento de la cotizaci\u00f3n de los valores vendidos igual o superior al 10% con relaci\u00f3n al \u00faltimo precio de c\u00e1lculo de las mismas.<\/p>\n<p>El montante total de las garant\u00edas deber\u00e1 cubrir en todo momento el 25% del valor efectivo de los t\u00edtulos a precios de mercado m\u00e1s la p\u00e9rdida derivada de la diferencia de cotizaci\u00f3n respecto al precio inicial de la operaci\u00f3n. <\/p>\n<p>Se efectuar\u00e1 devoluci\u00f3n de garant\u00edas complementarias cuando la cotizaci\u00f3n del valor suba m\u00e1s de 10% respecto al \u00faltimo c\u00e1lculo de garant\u00edas efectuado.<\/p>\n<h3>5.2.7. Dep\u00f3sito de garant\u00edas<\/h3>\n<p> El importe de la venta a cr\u00e9dito al mercado y el total de las garant\u00edas econ\u00f3micas aportadas por el vendedor quedar\u00e1 depositado en Bancoval hasta la cancelaci\u00f3n de la operaci\u00f3n.<\/p>\n<h3>5.2.8.<br \/>\n  Remuneraci\u00f3n de las garant\u00edas<\/h3>\n<p> Bancoval remunera las garant\u00edas inicial y complementarias aportadas por el inversor y procede al abono de los correspondientes intereses:<\/p>\n<ul>\n<li> En el momento de la cancelaci\u00f3n.<\/li>\n<li> En caso de devoluci\u00f3n.<\/li>\n<li> Al finalizar el plazo del primer vencimiento.<\/li>\n<li> Al t\u00e9rmino de la primera y segunda pr\u00f3rroga.<\/li>\n<\/ul>\n<h3>5.2.9.<br \/>\n  Devengo de derechos econ\u00f3micos durante la vigencia de la operaci\u00f3n<\/h3>\n<p> Los derechos econ\u00f3micos que se puedan devengar durante el per\u00edodo de vigencia del pr\u00e9stamo de los t\u00edtulos pertenecen al prestamista de los mismos, por lo que el vendedor de los t\u00edtulos a cr\u00e9dito est\u00e1 obligado a aportar, en el momento del devengo, la cantidad equivalente al importe bruto de los derechos econ\u00f3micos (dividendos, primas de asistencia a juntas, etc.) que correspondan a los valores vendidos con cr\u00e9dito al mercado durante el per\u00edodo de vigencia de la operaci\u00f3n. <\/p>\n<p> Esto ocurrir\u00e1 si hubiera un reparto de <em>dividendos<\/em>, debi\u00e9ndose pagar en efectivo a Bancoval el importe bruto de los mismos, quien a su vez se los entregar\u00e1 a quien suministr\u00f3 a Bancoval los t\u00edtulos objeto de pr\u00e9stamo posterior.<\/p>\n<p>Respecto a las <em>ampliaciones de capital<\/em>, el vendedor a cr\u00e9dito deber\u00e1 pagar a Bancoval el precio de mercado de los derechos de suscripci\u00f3n que conlleven los t\u00edtulos que recibi\u00f3 en pr\u00e9stamo. <\/p>\n<p>Estas aportaciones no perjudican ni benefician al vendedor a cr\u00e9dito, puesto que la minusval\u00eda que estas aportaciones le suponen se compensa con un menor precio a pagar por la compra futura de las acciones por la te\u00f3rica bajada que experimentan las acciones despu\u00e9s del reparto de dividendos o de una ampliaci\u00f3n.<\/p>\n<p>&nbsp;<\/p>\n<div class=\"ejemplo\">\n<p><strong>EJEMPLO 10 <\/strong><\/p>\n<p>El se\u00f1or Ruiz vende a cr\u00e9dito el 26 de agosto 1.000 acciones de la S.A. \u00abS\u00bb, a trav\u00e9s de Bancoval, siendo las caracter\u00edsticas de la operaci\u00f3n las siguientes:<\/p>\n<ul>\n<li> Cotizaci\u00f3n burs\u00e1til de las acciones: 28,85 euros<\/li>\n<li> Garant\u00eda inicial: 25%<\/li>\n<li> Comisi\u00f3n intermediario: 2,5\u2030 <\/li>\n<li> C\u00e1nones sociedad rectora: 8,42 euros<\/li>\n<li> Liquidaci\u00f3n Bancoval: 1\u2030<\/li>\n<li> Remuneraci\u00f3n de las garant\u00edas: 3% (retenci\u00f3n 15%)<\/li>\n<\/ul>\n<p>\u2022  El 30 de septiembre, no habi\u00e9ndose producido la baja prevista en las cotizaciones, el se\u00f1or Ruiz acepta la pr\u00f3rroga de un mes, cuyo vencimiento es el 31 de octubre.<\/p>\n<p> \u2022 El 8 de octubre la S.A. \u00abS\u00bb paga un dividendo bruto de 0,30 euros por acci\u00f3n.<\/p>\n<p> \u2022 El 15 de octubre la cotizaci\u00f3n de las acciones de la S.A. \u00abS\u00bb es de 32,00 euros.<\/p>\n<p> \u2022 El d\u00eda 31 de octubre, al encontrarse el se\u00f1or Ruiz en situaci\u00f3n de p\u00e9rdidas, acepta una segunda pr\u00f3rroga de un mes, siendo su vencimiento el 30 de noviembre. <\/p>\n<p>\u2022 El d\u00eda 15 de noviembre la S.A. \u00abS\u00bb realiza una ampliaci\u00f3n de capital con las siguientes caracter\u00edsticas:<\/p>\n<blockquote>\n<p>\u2013 1 nueva por 10 antiguas, a la par<br \/>\n      \u2013 Nominal de las acciones: 3,01 euros<br \/>\n      \u2013 Cotizaci\u00f3n de las acciones el 4 de junio: 28,25 euros<\/p>\n<\/blockquote>\n<p>El d\u00eda 16 de noviembre el valor burs\u00e1til del derecho de suscripci\u00f3n es de 2,22 euros.<\/p>\n<p> \u2022 El d\u00eda 20 de noviembre la cotizaci\u00f3n de las acciones de la S.A. \u00abS\u00bb es de 22,84 euros por lo que el se\u00f1or Ruiz decide cancelar su posici\u00f3n y da orden de compra a su intermediario de los t\u00edtulos vendidos inicialmente. Las caracter\u00edsticas de esta operaci\u00f3n son:<\/p>\n<blockquote>\n<p>\u2013 Comisi\u00f3n intermediario: 2,5\u2030<br \/>\n      \u2013 Canon sociedad rectora: 8,42 euros<br \/>\n      \u2013 Liquidaci\u00f3n Bancoval: 1\u2030<\/p>\n<\/blockquote>\n<p class=\"progress\">Se pide:<\/p>\n<ul>\n<li> Liquidaci\u00f3n efectuada al se\u00f1or Ruiz.<\/li>\n<li> Resultado de la operaci\u00f3n.<\/li>\n<li> Rentabilidad.<\/li>\n<\/ul>\n<p class=\"progress\">Soluci\u00f3n:<\/p>\n<p>&nbsp;<\/p>\n<p class=\"progress\">Liquidaci\u00f3n de la venta a cr\u00e9dito <\/p>\n<p class=\"progress\">&nbsp;<\/p>\n<table border=\"1\" align=\"center\" cellpadding=\"5\" cellspacing=\"0\">\n<tr>\n<td>\n<div align=\"center\" class=\"progress\">Fecha <\/div>\n<\/td>\n<td>\n<div align=\"center\" class=\"progress\">Concepto <\/div>\n<\/td>\n<td>\n<div align=\"center\" class=\"progress\">Descripci\u00f3n <\/div>\n<\/td>\n<td>\n<div align=\"center\" class=\"progress\">Importe<\/div>\n<\/td>\n<\/tr>\n<tr>\n<td>\n<div align=\"center\">26 agosto <\/p><\/div>\n<\/td>\n<td>\n<div align=\"left\">Liquidaci\u00f3n venta <\/p><\/div>\n<\/td>\n<td>\n<div align=\"left\">Garant\u00eda inicial [25% (1.000 x 28,85)]<br \/>\n        Comisi\u00f3n intermed. [2,5\u2030 (1.000 x 28,85)] <br \/>\n        Canon bolsa <br \/>\n        Liquidaci\u00f3n Bancoval [1\u2030 (1.000 x 28,85)]<\/div>\n<\/td>\n<td>\n<div align=\"right\">(7.212,50)<br \/>\n        (72,13)<br \/>\n        (8,42)<br \/>\n        (28,85)<\/div>\n<\/td>\n<\/tr>\n<tr>\n<td>\n<div align=\"center\">30 sept.<\/p><\/div>\n<\/td>\n<td>\n<div align=\"left\">Final 1.<sup>er<\/sup> vencimiento <br \/>\n        Inicio 1.\u00aa pr\u00f3rroga\n      <\/div>\n<\/td>\n<td>\n<div align=\"left\">        Remuneraci\u00f3n garant\u00edas <br \/>\n        [(0,03 x 0,85) x 7.212,50 x 36\/360]<\/div>\n<\/td>\n<td>\n<div align=\"right\"> 18,39<\/p><\/div>\n<\/td>\n<\/tr>\n<tr>\n<td>\n<div align=\"center\">8 octubre              \n      <\/div>\n<\/td>\n<td>\n<div align=\"left\">Dividendo              \n      <\/div>\n<\/td>\n<td>\n<div align=\"left\">Importe bruto (0,30 x 1.000) <\/div>\n<\/td>\n<td>\n<div align=\"right\">(300,00)<\/div>\n<\/td>\n<\/tr>\n<tr>\n<td>\n<div align=\"center\">15 octubre              <\/p>\n<p>\n      <\/div>\n<\/td>\n<td>\n<div align=\"left\">Garant\u00eda complementaria              <\/p>\n<p>\n      <\/div>\n<\/td>\n<td>\n<div align=\"left\">P\u00e9rdida potencial<br \/>\n        [1.000 x (32,00 \u2013 28,85) = 3.150,00]<br \/>\n        Garant\u00eda exigida<br \/>\n    [25% x (1.000 x 32,00) = 8.000,00]<br \/>\n        Garant\u00eda existente (7.212,50)<br \/>\n        Diferencia (7.212,50 \u2013 3.150,00 \u2013 8.000,00) <\/div>\n<\/td>\n<td>\n<div align=\"right\"> (3.937,50)              <\/p>\n<p>\n      <\/div>\n<\/td>\n<\/tr>\n<tr>\n<td>\n<div align=\"center\">31 octubre              <\/p>\n<p>\n      <\/div>\n<\/td>\n<td>\n<div align=\"left\">Final 1.\u00aa pr\u00f3rroga <br \/>\n        Inicio 2.\u00aa pr\u00f3rroga<\/p><\/div>\n<\/td>\n<td>\n<div align=\"left\">        Remuneraci\u00f3n garant\u00edas <br \/>\n        [(0,03 x 0,85) x 7.212,50 x 31\/360]<br \/>\n[(0,03 x 0,85) x 3.937,50 x 16\/360]<\/div>\n<\/td>\n<td>\n<div align=\"right\">\n        15,83<br \/>\n          4,46<\/div>\n<\/td>\n<\/tr>\n<tr>\n<td>\n<div align=\"center\">16 nov. <\/div>\n<\/td>\n<td>\n<div align=\"left\">Ampliaci\u00f3n capital <\/div>\n<\/td>\n<td>\n<div align=\"left\">Compra  derechos (2,22 x 1.000) <\/div>\n<\/td>\n<td>\n<div align=\"right\">(2.220,00)<\/div>\n<\/td>\n<\/tr>\n<tr>\n<td>\n<div align=\"center\">20 nov.              <\/p>\n<p>\n      <\/div>\n<\/td>\n<td>\n<div align=\"left\">Cancelaci\u00f3n voluntaria              <\/p>\n<p>\n      <\/div>\n<\/td>\n<td>\n<div align=\"left\">Importe compra (22,84 x 1.000)<br \/>\n        Comisi\u00f3n intermed. [2,5\u2030 (22,84 x 1.000)<br \/>\n        Canon bolsa        <br \/>\n        Remuneraci\u00f3n garant\u00edas <br \/>\n        [(0,03 x 0,85) x (7.212,50 + 3.937,50) x 20\/360]<br \/>\n        Liquidaci\u00f3n Bancoval <br \/>\n        [1\u2030 (22,84 x 1.000)]<br \/>\n        Devoluci\u00f3n garant\u00edas (inicial y compl.)<br \/>\n        Cancelaci\u00f3n venta (28,85 x 1.000)<\/div>\n<\/td>\n<td>\n<div align=\"right\">(22.840,00)<br \/>\n         (57,10)<br \/>\n        (8,42)<br \/>\n        15,80        <\/p>\n<p>        (22,84)<\/p>\n<p>        11.150,00<br \/>\n        28.850,00<\/div>\n<\/td>\n<\/tr>\n<tr>\n<td><span class=\"progress\">&nbsp;<\/span><\/td>\n<td><span class=\"progress\">&nbsp;<\/span><\/td>\n<td><span class=\"progress\">RESULTADO <\/span><\/td>\n<td>\n<div align=\"right\">3.346,72<\/div>\n<\/td>\n<\/tr>\n<\/table>\n<p>\n<\/p>\n<p class=\"progress\">  Rentabilidad de la operaci\u00f3n<\/p>\n<p> Habr\u00e1 que tener en cuenta el resultado obtenido y la inversi\u00f3n efectuada:<\/p>\n<p> &nbsp;&nbsp;&nbsp;&nbsp;&nbsp;&nbsp;&nbsp;&nbsp;&nbsp;&nbsp;&nbsp;&nbsp;&nbsp;&nbsp;&nbsp;&nbsp;&nbsp;&nbsp;&nbsp;&nbsp;&nbsp;&nbsp;&nbsp;&nbsp;&nbsp;&nbsp;&nbsp;&nbsp;&nbsp;&nbsp;&nbsp;&nbsp;&nbsp;&nbsp;&nbsp;&nbsp;&nbsp;&nbsp;&nbsp;&nbsp;&nbsp;&nbsp;&nbsp;&nbsp;&nbsp;&nbsp;&nbsp;&nbsp;&nbsp;&nbsp;&nbsp;&nbsp;&nbsp;&nbsp;&nbsp;&nbsp;&nbsp;&nbsp;&nbsp;&nbsp;&nbsp;&nbsp;&nbsp;3.346,72<br \/>\n    Rentabilidad = &#8212;&#8212;&#8212;&#8212;&#8212;&#8212;&#8212;&#8212;&#8212;&#8212;&#8212;&#8212;&#8212;&#8212;&#8212;&#8212;&#8212;&#8212;&#8212;&#8212;&#8212;&#8212;&#8212;&#8212;&#8212;&#8212;- x 100 = 24,24%<br \/>\n    &nbsp;&nbsp;&nbsp;&nbsp;&nbsp;&nbsp;&nbsp;&nbsp;&nbsp;&nbsp;&nbsp;&nbsp;&nbsp;&nbsp;&nbsp;&nbsp;&nbsp;&nbsp;&nbsp;&nbsp;&nbsp;&nbsp;&nbsp;&nbsp;&nbsp;(7.212,50 + 72,13 + 8,42 + 28,85) + 300 + 3.937,50 + 2.220<\/p>\n<\/div>\n","protected":false},"excerpt":{"rendered":"<p>5.2.1. Perfil del inversor El vendedor a cr\u00e9dito es un inversor con un sentimiento bajista, es decir, piensa que la cotizaci\u00f3n del t\u00edtulo va a bajar a corto plazo y decide vender cuando el t\u00edtulo est\u00e1 alto para comprar m\u00e1s tarde a un precio inferior. La idea es vender caro y comprar barato. 5.2.2. Realizaci\u00f3n [&hellip;]<\/p>\n","protected":false},"author":27,"featured_media":0,"parent":0,"menu_order":6052,"comment_status":"closed","ping_status":"closed","template":"","meta":{"footnotes":""},"yoast_head":"<!-- This site is optimized with the Yoast SEO plugin v22.9 - https:\/\/yoast.com\/wordpress\/plugins\/seo\/ -->\n<title>5.2. Ventas a cr\u00e9dito - Blog de ADE<\/title>\n<meta name=\"robots\" content=\"index, follow, max-snippet:-1, max-image-preview:large, max-video-preview:-1\" \/>\n<link rel=\"canonical\" href=\"https:\/\/blogs.udima.es\/administracion-y-direccion-de-empresas\/5-2-ventas-credito-html\/\" \/>\n<meta property=\"og:locale\" content=\"es_ES\" \/>\n<meta property=\"og:type\" content=\"article\" \/>\n<meta property=\"og:title\" content=\"5.2. Ventas a cr\u00e9dito - Blog de ADE\" \/>\n<meta property=\"og:description\" content=\"5.2.1. Perfil del inversor El vendedor a cr\u00e9dito es un inversor con un sentimiento bajista, es decir, piensa que la cotizaci\u00f3n del t\u00edtulo va a bajar a corto plazo y decide vender cuando el t\u00edtulo est\u00e1 alto para comprar m\u00e1s tarde a un precio inferior. La idea es vender caro y comprar barato. 5.2.2. Realizaci\u00f3n [&hellip;]\" \/>\n<meta property=\"og:url\" content=\"https:\/\/blogs.udima.es\/administracion-y-direccion-de-empresas\/5-2-ventas-credito-html\/\" \/>\n<meta property=\"og:site_name\" content=\"Blog de ADE - Universidad a Distancia de Madrid | UDIMA\" \/>\n<meta property=\"article:modified_time\" content=\"2016-07-15T13:02:47+00:00\" \/>\n<meta name=\"twitter:card\" content=\"summary_large_image\" \/>\n<meta name=\"twitter:label1\" content=\"Tiempo de lectura\" \/>\n\t<meta name=\"twitter:data1\" content=\"7 minutos\" \/>\n<script type=\"application\/ld+json\" class=\"yoast-schema-graph\">{\"@context\":\"https:\/\/schema.org\",\"@graph\":[{\"@type\":\"WebPage\",\"@id\":\"https:\/\/blogs.udima.es\/administracion-y-direccion-de-empresas\/5-2-ventas-credito-html\/\",\"url\":\"https:\/\/blogs.udima.es\/administracion-y-direccion-de-empresas\/5-2-ventas-credito-html\/\",\"name\":\"5.2. Ventas a cr\u00e9dito - Blog de ADE\",\"isPartOf\":{\"@id\":\"https:\/\/blogs.udima.es\/administracion-y-direccion-de-empresas\/#website\"},\"datePublished\":\"2016-07-15T13:02:01+00:00\",\"dateModified\":\"2016-07-15T13:02:47+00:00\",\"breadcrumb\":{\"@id\":\"https:\/\/blogs.udima.es\/administracion-y-direccion-de-empresas\/5-2-ventas-credito-html\/#breadcrumb\"},\"inLanguage\":\"es\",\"potentialAction\":[{\"@type\":\"ReadAction\",\"target\":[\"https:\/\/blogs.udima.es\/administracion-y-direccion-de-empresas\/5-2-ventas-credito-html\/\"]}]},{\"@type\":\"BreadcrumbList\",\"@id\":\"https:\/\/blogs.udima.es\/administracion-y-direccion-de-empresas\/5-2-ventas-credito-html\/#breadcrumb\",\"itemListElement\":[{\"@type\":\"ListItem\",\"position\":1,\"name\":\"Portada\",\"item\":\"https:\/\/blogs.udima.es\/administracion-y-direccion-de-empresas\/\"},{\"@type\":\"ListItem\",\"position\":2,\"name\":\"5.2. Ventas a cr\u00e9dito\"}]},{\"@type\":\"WebSite\",\"@id\":\"https:\/\/blogs.udima.es\/administracion-y-direccion-de-empresas\/#website\",\"url\":\"https:\/\/blogs.udima.es\/administracion-y-direccion-de-empresas\/\",\"name\":\"Blog de ADE - Universidad a Distancia de Madrid | UDIMA\",\"description\":\"\",\"potentialAction\":[{\"@type\":\"SearchAction\",\"target\":{\"@type\":\"EntryPoint\",\"urlTemplate\":\"https:\/\/blogs.udima.es\/administracion-y-direccion-de-empresas\/?s={search_term_string}\"},\"query-input\":\"required name=search_term_string\"}],\"inLanguage\":\"es\"}]}<\/script>\n<!-- \/ Yoast SEO plugin. -->","yoast_head_json":{"title":"5.2. Ventas a cr\u00e9dito - Blog de ADE","robots":{"index":"index","follow":"follow","max-snippet":"max-snippet:-1","max-image-preview":"max-image-preview:large","max-video-preview":"max-video-preview:-1"},"canonical":"https:\/\/blogs.udima.es\/administracion-y-direccion-de-empresas\/5-2-ventas-credito-html\/","og_locale":"es_ES","og_type":"article","og_title":"5.2. Ventas a cr\u00e9dito - Blog de ADE","og_description":"5.2.1. Perfil del inversor El vendedor a cr\u00e9dito es un inversor con un sentimiento bajista, es decir, piensa que la cotizaci\u00f3n del t\u00edtulo va a bajar a corto plazo y decide vender cuando el t\u00edtulo est\u00e1 alto para comprar m\u00e1s tarde a un precio inferior. La idea es vender caro y comprar barato. 5.2.2. Realizaci\u00f3n [&hellip;]","og_url":"https:\/\/blogs.udima.es\/administracion-y-direccion-de-empresas\/5-2-ventas-credito-html\/","og_site_name":"Blog de ADE - Universidad a Distancia de Madrid | UDIMA","article_modified_time":"2016-07-15T13:02:47+00:00","twitter_card":"summary_large_image","twitter_misc":{"Tiempo de lectura":"7 minutos"},"schema":{"@context":"https:\/\/schema.org","@graph":[{"@type":"WebPage","@id":"https:\/\/blogs.udima.es\/administracion-y-direccion-de-empresas\/5-2-ventas-credito-html\/","url":"https:\/\/blogs.udima.es\/administracion-y-direccion-de-empresas\/5-2-ventas-credito-html\/","name":"5.2. Ventas a cr\u00e9dito - Blog de ADE","isPartOf":{"@id":"https:\/\/blogs.udima.es\/administracion-y-direccion-de-empresas\/#website"},"datePublished":"2016-07-15T13:02:01+00:00","dateModified":"2016-07-15T13:02:47+00:00","breadcrumb":{"@id":"https:\/\/blogs.udima.es\/administracion-y-direccion-de-empresas\/5-2-ventas-credito-html\/#breadcrumb"},"inLanguage":"es","potentialAction":[{"@type":"ReadAction","target":["https:\/\/blogs.udima.es\/administracion-y-direccion-de-empresas\/5-2-ventas-credito-html\/"]}]},{"@type":"BreadcrumbList","@id":"https:\/\/blogs.udima.es\/administracion-y-direccion-de-empresas\/5-2-ventas-credito-html\/#breadcrumb","itemListElement":[{"@type":"ListItem","position":1,"name":"Portada","item":"https:\/\/blogs.udima.es\/administracion-y-direccion-de-empresas\/"},{"@type":"ListItem","position":2,"name":"5.2. Ventas a cr\u00e9dito"}]},{"@type":"WebSite","@id":"https:\/\/blogs.udima.es\/administracion-y-direccion-de-empresas\/#website","url":"https:\/\/blogs.udima.es\/administracion-y-direccion-de-empresas\/","name":"Blog de ADE - Universidad a Distancia de Madrid | UDIMA","description":"","potentialAction":[{"@type":"SearchAction","target":{"@type":"EntryPoint","urlTemplate":"https:\/\/blogs.udima.es\/administracion-y-direccion-de-empresas\/?s={search_term_string}"},"query-input":"required name=search_term_string"}],"inLanguage":"es"}]}},"_links":{"self":[{"href":"https:\/\/blogs.udima.es\/administracion-y-direccion-de-empresas\/wp-json\/wp\/v2\/pages\/2058"}],"collection":[{"href":"https:\/\/blogs.udima.es\/administracion-y-direccion-de-empresas\/wp-json\/wp\/v2\/pages"}],"about":[{"href":"https:\/\/blogs.udima.es\/administracion-y-direccion-de-empresas\/wp-json\/wp\/v2\/types\/page"}],"author":[{"embeddable":true,"href":"https:\/\/blogs.udima.es\/administracion-y-direccion-de-empresas\/wp-json\/wp\/v2\/users\/27"}],"replies":[{"embeddable":true,"href":"https:\/\/blogs.udima.es\/administracion-y-direccion-de-empresas\/wp-json\/wp\/v2\/comments?post=2058"}],"version-history":[{"count":2,"href":"https:\/\/blogs.udima.es\/administracion-y-direccion-de-empresas\/wp-json\/wp\/v2\/pages\/2058\/revisions"}],"predecessor-version":[{"id":2060,"href":"https:\/\/blogs.udima.es\/administracion-y-direccion-de-empresas\/wp-json\/wp\/v2\/pages\/2058\/revisions\/2060"}],"wp:attachment":[{"href":"https:\/\/blogs.udima.es\/administracion-y-direccion-de-empresas\/wp-json\/wp\/v2\/media?parent=2058"}],"curies":[{"name":"wp","href":"https:\/\/api.w.org\/{rel}","templated":true}]}}