{"id":2055,"date":"2016-07-15T13:00:09","date_gmt":"2016-07-15T13:00:09","guid":{"rendered":"http:\/\/blogs.udima.es\/administracion-y-direccion-de-empresas\/?page_id=2055"},"modified":"2016-07-15T13:00:59","modified_gmt":"2016-07-15T13:00:59","slug":"5-1-compras-credito-html","status":"publish","type":"page","link":"https:\/\/blogs.udima.es\/administracion-y-direccion-de-empresas\/5-1-compras-credito-html\/","title":{"rendered":"5.1. Compras a cr\u00e9dito"},"content":{"rendered":"<h3>5.1.1. Perfil del inversor<\/h3>\n<p>El comprador a cr\u00e9dito es un inversor con un sentimiento alcista, es decir, piensa que la cotizaci\u00f3n del t\u00edtulo va a subir a corto plazo, y, aunque no tiene dinero suficiente para realizar la operaci\u00f3n de contado, decide comprar cuando el t\u00edtulo est\u00e1 bajo para vender m\u00e1s tarde a un precio superior.<\/p>\n<h3>5.1.2. Realizaci\u00f3n de la operaci\u00f3n<\/h3>\n<p>Una vez que el contrato marco est\u00e1 firmado, el inversor no tiene m\u00e1s que operar como si de una operaci\u00f3n de contado se tratara, introduci\u00e9ndose la orden de la misma forma, si bien habr\u00e1 que comunicar al intermediario el hecho de tratarse de una operaci\u00f3n a cr\u00e9dito.<\/p>\n<h3>5.1.3. Cr\u00e9dito de Bancoval<\/h3>\n<p>En el momento de dar la orden de compra el inversor tiene concedido de forma autom\u00e1tica un cr\u00e9dito por importe del 75% del efectivo de la operaci\u00f3n realizada, de forma que solamente aportar\u00e1 en efectivo el 25% restante, as\u00ed como todos los gastos inherentes a una compra de contado (derechos de bolsa y corretajes del intermediario) y la liquidaci\u00f3n efectuada por Bancoval, en la actualidad un 1\u2030 del efectivo burs\u00e1til.<\/p>\n<h3>5.1.4. Intereses de la operaci\u00f3n a cr\u00e9dito<\/h3>\n<p>Bancoval aplicar\u00e1 el tipo de inter\u00e9s vigente en el momento en que se inicia cada per\u00edodo en que se estructura la operaci\u00f3n sobre el montante del cr\u00e9dito concedido. El inversor deber\u00e1 abonar los intereses devengados al finalizar el plazo del primer vencimiento, al t\u00e9rmino de la primera y segunda pr\u00f3rroga, en su caso, y a la cancelaci\u00f3n de la operaci\u00f3n.<\/p>\n<p>Para el c\u00e1lculo de los intereses se considerar\u00e1n d\u00edas naturales pero se dividir\u00e1n por 360 para pasarlos a a\u00f1os.<\/p>\n<h3>5.1.5. Garant\u00edas complementarias<\/h3>\n<p>Ante subidas de la cotizaci\u00f3n (es lo previsible) no se har\u00e1 aportaci\u00f3n de ning\u00fan tipo. En caso contrario, ante descensos de la cotizaci\u00f3n del valor, el inversor deber\u00e1 aportar garant\u00edas complementarias en la fecha en la que se produzca una bajada igual o superior al 10% con relaci\u00f3n al \u00faltimo precio de c\u00e1lculo de las mismas.<\/p>\n<p>El importe total de las garant\u00edas deber\u00e1 cubrir en todo momento el 25% del valor efectivo de los t\u00edtulos a precios de mercado m\u00e1s la p\u00e9rdida derivada de la diferencia de cotizaci\u00f3n respecto al precio inicial de la operaci\u00f3n. <\/p>\n<p>Para el c\u00f3mputo de las garant\u00edas adicionales se tendr\u00e1 en cuenta el importe de los derechos econ\u00f3micos devengados durante la vigencia de las posiciones.<\/p>\n<p>Se efectuar\u00e1 devoluci\u00f3n de garant\u00edas complementarias cuando la cotizaci\u00f3n del valor suba m\u00e1s de un 10% respecto al \u00faltimo c\u00e1lculo de garant\u00edas efectuado.<\/p>\n<h3>5.1.6. Dep\u00f3sito de garant\u00edas<\/h3>\n<p>Los valores adquiridos y el total de las garant\u00edas econ\u00f3micas aportadas por el inversor quedar\u00e1n depositados en Bancoval hasta la cancelaci\u00f3n del cr\u00e9dito.<\/p>\n<h3>5.1.7. Devengo de derechos econ\u00f3micos durante la vigencia del cr\u00e9dito<\/h3>\n<p>El titular de una compra a cr\u00e9dito tiene derecho a percibir todos los derechos econ\u00f3micos que se devenguen durante el per\u00edodo de vigencia del cr\u00e9dito. En este sentido si durante el transcurso de la operaci\u00f3n la sociedad emisora de los t\u00edtulos repartiera dividendos, \u00e9stos corresponder\u00edan al comprador a cr\u00e9dito. El importe l\u00edquido de los <span class=\"progress\">dividendos<\/span> quedar\u00e1 depositado en Bancoval e incrementar\u00e1 las garant\u00edas aportadas.<\/p>\n<p>En el caso de las <em>ampliaciones de capital<\/em>, el inversor podr\u00e1 disponer de los derechos de suscripci\u00f3n correspondientes a los valores comprados en la fecha de comienzo de la ampliaci\u00f3n, a fin de que pueda suscribir las acciones que le puedan corresponder, o vender dichos derechos en bolsa. Para ello, Bancoval entregar\u00e1 los derechos al intermediario, siendo a partir de ese momento una operaci\u00f3n ajena al propio cr\u00e9dito.<\/p>\n<h3>5.1.8. Remuneraci\u00f3n de las garant\u00edas<\/h3>\n<p> Bancoval remunera las garant\u00edas complementarias aportadas por el inversor y procede al abono de los correspondientes intereses:<\/p>\n<ul>\n<li> En el momento de la cancelaci\u00f3n.<\/li>\n<li> En caso de devoluci\u00f3n.<\/li>\n<li> Al finalizar el plazo del primer vencimiento.<\/li>\n<li> Al t\u00e9rmino de la primera y segunda pr\u00f3rroga.<\/li>\n<\/ul>\n<p>&nbsp;<\/p>\n<div class=\"ejemplo\">\n<p><strong>EJEMPLO 9 <\/strong><\/p>\n<p>El 26 de agosto el se\u00f1or Nieto compra a cr\u00e9dito 1.000 acciones de la S.A. \u00abY\u00bb, a trav\u00e9s del sistema Credibolsa de Bancoval. Las caracter\u00edsticas de la operaci\u00f3n son:<\/p>\n<ul>\n<li> Cotizaci\u00f3n burs\u00e1til de las acciones: 11,90 euros<\/li>\n<li> Garant\u00eda inicial: 25%<\/li>\n<li> Comisi\u00f3n intermediario: 2,5\u2030<\/li>\n<li> Canon sociedad rectora: 7,02 euros<\/li>\n<li> Liquidaci\u00f3n de Bancoval: 1\u2030<\/li>\n<li> Tipo de inter\u00e9s del prestamo: 8%<\/li>\n<li> Remuneraci\u00f3n de las garant\u00edas: 3% (retenci\u00f3n 15%)<\/li>\n<\/ul>\n<p>Se sabe adem\u00e1s:<\/p>\n<p> \u2022 El 30 de septiembre, no habi\u00e9ndose producido el crecimiento previsto de las cotizaciones, el se\u00f1or Nieto acepta una pr\u00f3rroga de la operaci\u00f3n, hasta el 31 de octubre.<\/p>\n<p>\u2022 El 8 de octubre la S.A. \u00abY\u00bb paga un dividendo l\u00edquido de 0,14 euros por acci\u00f3n.<\/p>\n<p>\u2022 El 15 de octubre la cotizaci\u00f3n de las acciones de la S.A. \u00abY\u00bb es de 10,40 euros.<\/p>\n<p>\u2022 El d\u00eda 31 de octubre, al encontrarse el se\u00f1or Nieto en situaci\u00f3n de p\u00e9rdidas, acepta una segunda pr\u00f3rroga, siendo su vencimiento el 30 de noviembre.<\/p>\n<p>\u2022 El d\u00eda 15 de noviembre la S.A. \u00abY\u00bb realiza una ampliaci\u00f3n de capital con las caracter\u00edsticas:<\/p>\n<blockquote>\n<p>\u2013 1 nueva por 4 antiguas, al 150%<br \/>\n      \u2013 Nominal de las acciones: 3 euros<br \/>\n      \u2013 Cotizaci\u00f3n de las acciones el 15 de noviembre: 12,92 eurosEl d\u00eda 16 de noviembre el valor burs\u00e1til del derecho de suscripci\u00f3n es de 2,10 euros.<\/p>\n<\/blockquote>\n<p>\u2022  El d\u00eda 20 de noviembre la cotizaci\u00f3n de las acciones de la S.A. \u00abY\u00bb es de 12,92 euros por lo que el se\u00f1or Nieto decide cancelar su posici\u00f3n y da orden de venta a su intermediario de los t\u00edtulos comprados. Las caracter\u00edsticas de esta operaci\u00f3n son:<\/p>\n<blockquote>\n<p>\u2013 Comisi\u00f3n intermediario: 2,5\u2030<br \/>\n      \u2013 Canon sociedad rectora: 7,02 euros<br \/>\n      \u2013 Liquidaci\u00f3n Bancoval: 1\u2030<\/p>\n<\/blockquote>\n<p class=\"progress\">Se pide:<\/p>\n<ul>\n<li> Liquidaci\u00f3n efectuada al se\u00f1or Nieto.<\/li>\n<li> Resultado de la operaci\u00f3n.<\/li>\n<li> Rentabilidad.<\/li>\n<\/ul>\n<p class=\"progress\">Soluci\u00f3n:<\/p>\n<p class=\"progress\"> Liquidaci\u00f3n y resultado de la compra a cr\u00e9dito<\/p>\n<p>&nbsp; <\/p>\n<table border=\"1\" align=\"center\" cellpadding=\"5\" cellspacing=\"0\">\n<tr>\n<td>\n<div align=\"center\" class=\"progress\">Fecha <\/div>\n<\/td>\n<td>\n<div align=\"center\" class=\"progress\">Concepto <\/div>\n<\/td>\n<td>\n<div align=\"center\" class=\"progress\">Descripci\u00f3n <\/div>\n<\/td>\n<td>\n<div align=\"center\" class=\"progress\">Importe<\/div>\n<\/td>\n<\/tr>\n<tr>\n<td>\n<div align=\"center\">26 agosto <\/p><\/div>\n<\/td>\n<td>\n<div align=\"left\">Liquidaci\u00f3n compra<\/p><\/div>\n<\/td>\n<td>\n<div align=\"left\">Garant\u00eda inicial [25% (1.000 x 11,90)]<br \/>\n        Comisi\u00f3n intermed. [2,5\u2030 (1.000 x 11,90)] <br \/>\n        Canon bolsa <br \/>\n        Liquidaci\u00f3n Bancoval [1\u2030 (1.000 x 11,90)]<\/div>\n<\/td>\n<td>\n<div align=\"right\">(2.975,00)<br \/>\n        (29,75)<br \/>\n        (7,02)<br \/>\n        (11,90)<\/div>\n<\/td>\n<\/tr>\n<tr>\n<td>\n<div align=\"center\">30 sept.<\/p><\/div>\n<\/td>\n<td>\n<div align=\"left\">Final 1.<sup>er<\/sup> vencimiento <br \/>\n        Inicio 1.\u00aa pr\u00f3rroga<\/p>\n<p>\n      <\/div>\n<\/td>\n<td>\n<div align=\"left\">Liquidaci\u00f3n intereses<br \/>\n        [0,08 x (0,75 x 11.900,00) x 36\/360] <br \/>\n        Remuneraci\u00f3n garant\u00edas <br \/>\n        [(0,03 x 0,85) x 2.975,00 x 36\/360]<\/div>\n<\/td>\n<td>\n<div align=\"right\"> (71,40)<\/p>\n<p>        7,59<\/p><\/div>\n<\/td>\n<\/tr>\n<tr>\n<td>\n<div align=\"center\">8 octubre<\/p><\/div>\n<\/td>\n<td>\n<div align=\"left\">Dividendo <\/p><\/div>\n<\/td>\n<td>\n<div align=\"left\">Importe l\u00edquido (0,14 x 1.000) <br \/>\n        Incremento garant\u00edas<\/div>\n<\/td>\n<td>\n<div align=\"right\">140,00<br \/>\n        (140,00)<\/div>\n<\/td>\n<\/tr>\n<tr>\n<td>\n<div align=\"center\">15 octubre <\/p><\/div>\n<\/td>\n<td>\n<div align=\"left\">Garant\u00eda complementaria<\/p>\n<p>\n      <\/div>\n<\/td>\n<td>\n<div align=\"left\">P\u00e9rdida potencial <br \/>\n        [1.000 x (11,90 \u2013 10,40) = 1.500,00]<br \/>\n        Garant\u00eda exigida<br \/>\n        [25% x 1.000 x 10,40 = 2.600,00]<br \/>\n        Garant\u00eda existente (2.975,00)<br \/>\n        Dividendos (140,00)<br \/>\n        Diferencia [(1.500 + 2.600) <br \/>\n        \u2013 (2.975 + 140)] = \u2013 985,00<\/div>\n<\/td>\n<td>\n<div align=\"right\">(985,00)<\/p><\/div>\n<\/td>\n<\/tr>\n<tr>\n<td>\n<div align=\"center\">31 octubre <\/p><\/div>\n<\/td>\n<td>\n<div align=\"left\">Final 1.\u00aa pr\u00f3rroga <br \/>\n        Inicio 2.\u00aa pr\u00f3rroga<\/p>\n<p>\n      <\/div>\n<\/td>\n<td>\n<div align=\"left\">Liquidaci\u00f3n intereses <br \/>\n        [0,08 x (0,75 x 11.900,00) x 31\/360] <br \/>\n        Remuneraci\u00f3n garant\u00edas <br \/>\n        [(0,03 x 0,85) x 2.975,00 x 31\/360]<br \/>\n        [(0,03 x 0,85) x 140,00 x 23\/360]<br \/>\n        [(0,03 x 0,85) x 985,00 x 16\/360]<\/div>\n<\/td>\n<td>\n<div align=\"right\">(61,48)<\/p>\n<p>        7,88<\/p><\/div>\n<\/td>\n<\/tr>\n<tr>\n<td>\n<div align=\"center\">16 nov. <\/div>\n<\/td>\n<td>\n<div align=\"left\">Ampliaci\u00f3n capital <\/div>\n<\/td>\n<td>\n<div align=\"left\">Venta derechos (2,10 x 1.000) <\/div>\n<\/td>\n<td>\n<div align=\"right\">2.100,00<\/div>\n<\/td>\n<\/tr>\n<tr>\n<td>\n<div align=\"center\">20 nov. <\/p>\n<p>\n      <\/div>\n<\/td>\n<td>\n<div align=\"left\">Cancelaci\u00f3n voluntaria<\/p>\n<p>\n      <\/div>\n<\/td>\n<td>\n<div align=\"left\">Importe venta (12,92 x 1.000) <br \/>\n        Comisi\u00f3n intermed. [2,5\u2030 (12,92 x 1.000)] <br \/>\n        Canon bolsa <br \/>\n        Liquidaci\u00f3n intereses <br \/>\n        [0,08 x (0,75 x 11.900,00) x 20\/360]<br \/>\n        Remuneraci\u00f3n garant\u00edas <br \/>\n        [(0,03 x 0,85) x (2.975,00 + 140,00 + 985,00) x 20\/360] <br \/>\n        Liquidaci\u00f3n Bancoval <br \/>\n        [1\u2030 (12,92 x 1.000)]<br \/>\n        Devoluci\u00f3n garant\u00edas (inicial, compl y divid.) <br \/>\n        Cancelaci\u00f3n compra (11,90 x 1.000) <\/div>\n<\/td>\n<td>\n<div align=\"right\">12.920,00<br \/>\n        (32,30)<br \/>\n        (7,02)<br \/>\n        (39,67)<\/p>\n<p>        5,81<\/p>\n<p>        (12,92)<\/p>\n<p>        4.100,00<br \/>\n        (11.900,00)<\/div>\n<\/td>\n<\/tr>\n<tr>\n<td><span class=\"progress\">&nbsp;<\/span><\/td>\n<td><span class=\"progress\">&nbsp;<\/span><\/td>\n<td><span class=\"progress\">RESULTADO <\/span><\/td>\n<td>\n<div align=\"right\"><span class=\"progress\">3.007,82<\/span><\/div>\n<\/td>\n<\/tr>\n<\/table>\n<p>&nbsp;<\/p>\n<p class=\"progress\">Rentabilidad de la operaci\u00f3n<\/p>\n<p> Habr\u00e1 que tener en cuenta el resultado obtenido y la inversi\u00f3n efectuada:<\/p>\n<blockquote>\n<p> &nbsp;&nbsp;&nbsp;&nbsp;&nbsp;&nbsp;&nbsp;&nbsp;&nbsp;&nbsp;&nbsp;&nbsp;&nbsp;&nbsp;&nbsp;&nbsp;&nbsp;&nbsp;&nbsp;&nbsp;&nbsp;&nbsp;&nbsp;&nbsp;&nbsp;&nbsp;&nbsp;&nbsp;&nbsp;&nbsp;&nbsp;Resultado<br \/>\n    Rentabilidad = &#8212;&#8212;&#8212;&#8212;&#8212;&#8212;&#8212;- x 100<br \/>\n&nbsp;&nbsp;&nbsp;&nbsp;&nbsp;&nbsp;&nbsp;&nbsp;&nbsp;&nbsp;&nbsp;&nbsp;&nbsp;&nbsp;&nbsp;&nbsp;&nbsp;&nbsp;&nbsp;&nbsp;&nbsp;&nbsp;&nbsp;&nbsp;&nbsp;Capital invertido<\/p>\n<\/blockquote>\n<p> &nbsp;&nbsp;&nbsp;&nbsp;&nbsp;&nbsp;&nbsp;&nbsp;&nbsp;&nbsp;&nbsp;&nbsp;&nbsp;&nbsp;&nbsp;&nbsp;&nbsp;&nbsp;&nbsp;&nbsp;&nbsp;&nbsp;&nbsp;&nbsp;&nbsp;&nbsp;&nbsp;&nbsp;&nbsp;&nbsp;&nbsp;&nbsp;&nbsp;&nbsp;&nbsp;&nbsp;&nbsp;&nbsp;&nbsp;&nbsp;&nbsp;&nbsp;&nbsp;&nbsp;&nbsp;&nbsp;&nbsp;&nbsp;&nbsp;&nbsp;&nbsp;&nbsp;&nbsp;&nbsp;3.007,82<br \/>\n  Rentabilidad = &#8212;&#8212;&#8212;&#8212;&#8212;&#8212;&#8212;&#8212;&#8212;&#8212;&#8212;&#8212;&#8212;&#8212;&#8212;&#8212;&#8212;&#8212;&#8212;- x 100 = 75,03%<br \/>\n&nbsp;&nbsp;&nbsp;&nbsp;&nbsp;&nbsp;&nbsp;&nbsp;&nbsp;&nbsp;&nbsp;&nbsp;&nbsp;&nbsp;&nbsp;&nbsp;&nbsp;&nbsp;&nbsp;&nbsp;&nbsp;&nbsp;&nbsp;&nbsp;&nbsp;(2.975,00 + 29,75 + 7,02 + 11,90) + 985,00\n  <\/p>\n<\/div>\n<p>&nbsp;<\/p>\n","protected":false},"excerpt":{"rendered":"<p>5.1.1. Perfil del inversor El comprador a cr\u00e9dito es un inversor con un sentimiento alcista, es decir, piensa que la cotizaci\u00f3n del t\u00edtulo va a subir a corto plazo, y, aunque no tiene dinero suficiente para realizar la operaci\u00f3n de contado, decide comprar cuando el t\u00edtulo est\u00e1 bajo para vender m\u00e1s tarde a un precio [&hellip;]<\/p>\n","protected":false},"author":27,"featured_media":0,"parent":0,"menu_order":6051,"comment_status":"closed","ping_status":"closed","template":"","meta":{"footnotes":""},"yoast_head":"<!-- This site is optimized with the Yoast SEO plugin v22.9 - https:\/\/yoast.com\/wordpress\/plugins\/seo\/ -->\n<title>5.1. Compras a cr\u00e9dito - Blog de ADE<\/title>\n<meta name=\"robots\" content=\"index, follow, max-snippet:-1, max-image-preview:large, max-video-preview:-1\" \/>\n<link rel=\"canonical\" href=\"https:\/\/blogs.udima.es\/administracion-y-direccion-de-empresas\/5-1-compras-credito-html\/\" \/>\n<meta property=\"og:locale\" content=\"es_ES\" \/>\n<meta property=\"og:type\" content=\"article\" \/>\n<meta property=\"og:title\" content=\"5.1. Compras a cr\u00e9dito - Blog de ADE\" \/>\n<meta property=\"og:description\" content=\"5.1.1. Perfil del inversor El comprador a cr\u00e9dito es un inversor con un sentimiento alcista, es decir, piensa que la cotizaci\u00f3n del t\u00edtulo va a subir a corto plazo, y, aunque no tiene dinero suficiente para realizar la operaci\u00f3n de contado, decide comprar cuando el t\u00edtulo est\u00e1 bajo para vender m\u00e1s tarde a un precio [&hellip;]\" \/>\n<meta property=\"og:url\" content=\"https:\/\/blogs.udima.es\/administracion-y-direccion-de-empresas\/5-1-compras-credito-html\/\" \/>\n<meta property=\"og:site_name\" content=\"Blog de ADE - Universidad a Distancia de Madrid | UDIMA\" \/>\n<meta property=\"article:modified_time\" content=\"2016-07-15T13:00:59+00:00\" \/>\n<meta name=\"twitter:card\" content=\"summary_large_image\" \/>\n<meta name=\"twitter:label1\" content=\"Tiempo de lectura\" \/>\n\t<meta name=\"twitter:data1\" content=\"7 minutos\" \/>\n<script type=\"application\/ld+json\" class=\"yoast-schema-graph\">{\"@context\":\"https:\/\/schema.org\",\"@graph\":[{\"@type\":\"WebPage\",\"@id\":\"https:\/\/blogs.udima.es\/administracion-y-direccion-de-empresas\/5-1-compras-credito-html\/\",\"url\":\"https:\/\/blogs.udima.es\/administracion-y-direccion-de-empresas\/5-1-compras-credito-html\/\",\"name\":\"5.1. Compras a cr\u00e9dito - Blog de ADE\",\"isPartOf\":{\"@id\":\"https:\/\/blogs.udima.es\/administracion-y-direccion-de-empresas\/#website\"},\"datePublished\":\"2016-07-15T13:00:09+00:00\",\"dateModified\":\"2016-07-15T13:00:59+00:00\",\"breadcrumb\":{\"@id\":\"https:\/\/blogs.udima.es\/administracion-y-direccion-de-empresas\/5-1-compras-credito-html\/#breadcrumb\"},\"inLanguage\":\"es\",\"potentialAction\":[{\"@type\":\"ReadAction\",\"target\":[\"https:\/\/blogs.udima.es\/administracion-y-direccion-de-empresas\/5-1-compras-credito-html\/\"]}]},{\"@type\":\"BreadcrumbList\",\"@id\":\"https:\/\/blogs.udima.es\/administracion-y-direccion-de-empresas\/5-1-compras-credito-html\/#breadcrumb\",\"itemListElement\":[{\"@type\":\"ListItem\",\"position\":1,\"name\":\"Portada\",\"item\":\"https:\/\/blogs.udima.es\/administracion-y-direccion-de-empresas\/\"},{\"@type\":\"ListItem\",\"position\":2,\"name\":\"5.1. Compras a cr\u00e9dito\"}]},{\"@type\":\"WebSite\",\"@id\":\"https:\/\/blogs.udima.es\/administracion-y-direccion-de-empresas\/#website\",\"url\":\"https:\/\/blogs.udima.es\/administracion-y-direccion-de-empresas\/\",\"name\":\"Blog de ADE - Universidad a Distancia de Madrid | UDIMA\",\"description\":\"\",\"potentialAction\":[{\"@type\":\"SearchAction\",\"target\":{\"@type\":\"EntryPoint\",\"urlTemplate\":\"https:\/\/blogs.udima.es\/administracion-y-direccion-de-empresas\/?s={search_term_string}\"},\"query-input\":\"required name=search_term_string\"}],\"inLanguage\":\"es\"}]}<\/script>\n<!-- \/ Yoast SEO plugin. -->","yoast_head_json":{"title":"5.1. Compras a cr\u00e9dito - Blog de ADE","robots":{"index":"index","follow":"follow","max-snippet":"max-snippet:-1","max-image-preview":"max-image-preview:large","max-video-preview":"max-video-preview:-1"},"canonical":"https:\/\/blogs.udima.es\/administracion-y-direccion-de-empresas\/5-1-compras-credito-html\/","og_locale":"es_ES","og_type":"article","og_title":"5.1. Compras a cr\u00e9dito - Blog de ADE","og_description":"5.1.1. Perfil del inversor El comprador a cr\u00e9dito es un inversor con un sentimiento alcista, es decir, piensa que la cotizaci\u00f3n del t\u00edtulo va a subir a corto plazo, y, aunque no tiene dinero suficiente para realizar la operaci\u00f3n de contado, decide comprar cuando el t\u00edtulo est\u00e1 bajo para vender m\u00e1s tarde a un precio [&hellip;]","og_url":"https:\/\/blogs.udima.es\/administracion-y-direccion-de-empresas\/5-1-compras-credito-html\/","og_site_name":"Blog de ADE - Universidad a Distancia de Madrid | UDIMA","article_modified_time":"2016-07-15T13:00:59+00:00","twitter_card":"summary_large_image","twitter_misc":{"Tiempo de lectura":"7 minutos"},"schema":{"@context":"https:\/\/schema.org","@graph":[{"@type":"WebPage","@id":"https:\/\/blogs.udima.es\/administracion-y-direccion-de-empresas\/5-1-compras-credito-html\/","url":"https:\/\/blogs.udima.es\/administracion-y-direccion-de-empresas\/5-1-compras-credito-html\/","name":"5.1. Compras a cr\u00e9dito - Blog de ADE","isPartOf":{"@id":"https:\/\/blogs.udima.es\/administracion-y-direccion-de-empresas\/#website"},"datePublished":"2016-07-15T13:00:09+00:00","dateModified":"2016-07-15T13:00:59+00:00","breadcrumb":{"@id":"https:\/\/blogs.udima.es\/administracion-y-direccion-de-empresas\/5-1-compras-credito-html\/#breadcrumb"},"inLanguage":"es","potentialAction":[{"@type":"ReadAction","target":["https:\/\/blogs.udima.es\/administracion-y-direccion-de-empresas\/5-1-compras-credito-html\/"]}]},{"@type":"BreadcrumbList","@id":"https:\/\/blogs.udima.es\/administracion-y-direccion-de-empresas\/5-1-compras-credito-html\/#breadcrumb","itemListElement":[{"@type":"ListItem","position":1,"name":"Portada","item":"https:\/\/blogs.udima.es\/administracion-y-direccion-de-empresas\/"},{"@type":"ListItem","position":2,"name":"5.1. Compras a cr\u00e9dito"}]},{"@type":"WebSite","@id":"https:\/\/blogs.udima.es\/administracion-y-direccion-de-empresas\/#website","url":"https:\/\/blogs.udima.es\/administracion-y-direccion-de-empresas\/","name":"Blog de ADE - Universidad a Distancia de Madrid | UDIMA","description":"","potentialAction":[{"@type":"SearchAction","target":{"@type":"EntryPoint","urlTemplate":"https:\/\/blogs.udima.es\/administracion-y-direccion-de-empresas\/?s={search_term_string}"},"query-input":"required name=search_term_string"}],"inLanguage":"es"}]}},"_links":{"self":[{"href":"https:\/\/blogs.udima.es\/administracion-y-direccion-de-empresas\/wp-json\/wp\/v2\/pages\/2055"}],"collection":[{"href":"https:\/\/blogs.udima.es\/administracion-y-direccion-de-empresas\/wp-json\/wp\/v2\/pages"}],"about":[{"href":"https:\/\/blogs.udima.es\/administracion-y-direccion-de-empresas\/wp-json\/wp\/v2\/types\/page"}],"author":[{"embeddable":true,"href":"https:\/\/blogs.udima.es\/administracion-y-direccion-de-empresas\/wp-json\/wp\/v2\/users\/27"}],"replies":[{"embeddable":true,"href":"https:\/\/blogs.udima.es\/administracion-y-direccion-de-empresas\/wp-json\/wp\/v2\/comments?post=2055"}],"version-history":[{"count":2,"href":"https:\/\/blogs.udima.es\/administracion-y-direccion-de-empresas\/wp-json\/wp\/v2\/pages\/2055\/revisions"}],"predecessor-version":[{"id":2057,"href":"https:\/\/blogs.udima.es\/administracion-y-direccion-de-empresas\/wp-json\/wp\/v2\/pages\/2055\/revisions\/2057"}],"wp:attachment":[{"href":"https:\/\/blogs.udima.es\/administracion-y-direccion-de-empresas\/wp-json\/wp\/v2\/media?parent=2055"}],"curies":[{"name":"wp","href":"https:\/\/api.w.org\/{rel}","templated":true}]}}