{"id":2050,"date":"2016-07-15T12:53:31","date_gmt":"2016-07-15T12:53:31","guid":{"rendered":"http:\/\/blogs.udima.es\/administracion-y-direccion-de-empresas\/?page_id=2050"},"modified":"2016-07-15T12:58:17","modified_gmt":"2016-07-15T12:58:17","slug":"operaciones-a-credito-con-acciones-i-p56-htm","status":"publish","type":"page","link":"https:\/\/blogs.udima.es\/administracion-y-direccion-de-empresas\/operaciones-a-credito-con-acciones-i-p56-htm\/","title":{"rendered":"5. Operaciones a cr\u00e9dito con acciones"},"content":{"rendered":"\n<p>Las operaciones a cr\u00e9dito son un caso concreto de operaciones de contado en las que una determinada entidad presta, bien dinero (compra a cr\u00e9dito) o t\u00edtulos (venta a cr\u00e9dito), para que la operaci\u00f3n se pueda realizar finalmente como operaci\u00f3n de contado.<\/p>\n<p> Este tipo de operaciones permite al inversor operar por importe muy superior al de sus disponibilidades efectivas, al ser un mecanismo de apalancamiento financiero. Se trata por tanto de operaciones con alto componente especulativo que requieren del inversor un conocimiento m\u00e1s profundo del mercado.<\/p>\n<p>La operativa a cr\u00e9dito esta regulada b\u00e1sicamente por la Orden Ministerial de 25 de marzo de 1991 sobre Sistema de Cr\u00e9dito al Mercado, que permite otorgar cr\u00e9ditos de valores y de efectivo tanto a las sociedades de valores como a las entidades oficiales de cr\u00e9dito, los bancos y cajas de ahorro, incluidas la Confederaci\u00f3n Espa\u00f1ola de Cajas de Ahorro, la Caja Postal de Ahorros y las cooperativas de cr\u00e9dito. No obstante, en la actualidad destaca una entidad bancaria que ha desarrollado esta pr\u00e1ctica y es Bancoval S.A., que ha dise\u00f1ado el sistema denominado CREDIBOLSA.<\/p>\n<p>Las caracter\u00edsticas m\u00e1s importantes del sistema CREDIBOLSA son las siguientes:<\/p>\n<ol class=\"lalpha\">\n<li>  Qui\u00e9n puede operar a cr\u00e9dito<br \/>\n  Cualquier inversor con capacidad legal para contratar en el mercado burs\u00e1til puede operar a cr\u00e9dito. Los tr\u00e1mites para acceder a la operatoria de cr\u00e9dito al mercado se realizan entre el inversor final, su intermediario financiero y Bancoval, mediante la firma de un contrato marco, v\u00e1lido para todas las operaciones que se efect\u00faen en esta modalidad.<\/li>\n<li> Sobre qu\u00e9 valores se puede operar a cr\u00e9dito<br \/>\n  Ser\u00e1n las Sociedades Rectoras de las Bolsas de Madrid, Barcelona y Valencia las que determinar\u00e1n los valores sobre los que se pueda operar, que en la actualidad son los valores que componen el \u00edndice IBEX-35.<\/li>\n<li> C\u00f3mo se realizan las operaciones a cr\u00e9dito<br \/>\n  Una vez firmado el contrato para operar a cr\u00e9dito, las compras y las ventas se llevan a cabo a trav\u00e9s del intermediario financiero habitual, comunic\u00e1ndole que \u00e9stas se realizan con cr\u00e9dito al mercado.<\/li>\n<li> Importe m\u00ednimo y m\u00e1ximo del cr\u00e9dito<br \/>\n  Las operaciones de compra y venta a cr\u00e9dito deber\u00e1n realizarse por un m\u00ednimo de 1.202 euros, siendo el importe m\u00e1ximo del cr\u00e9dito el establecido en el contrato marco de cada inversor. <\/li>\n<li> Condiciones econ\u00f3micas de las operaciones a cr\u00e9dito<br \/>\n    La formalizaci\u00f3n del contrato marco otorgado por Bancoval para la realizaci\u00f3n de operaciones a cr\u00e9dito conlleva una comisi\u00f3n de apertura o ampliaci\u00f3n de la l\u00ednea de cr\u00e9dito del 1\u2030, con un m\u00ednimo de 30 euros. No obstante, Bancoval cobrar\u00e1 una comisi\u00f3n por cada operaci\u00f3n celebrada al amparo del contrato que se fijar\u00e1 en un determinado porcentaje (en la actualidad un 1\u2030) del valor efectivo de la operaci\u00f3n.<br \/>\n  En cuanto al tipo de inter\u00e9s e importe de las garant\u00edas exigidas por Bancoval, as\u00ed como las variaciones de las mismas, ser\u00e1n fijadas por Bancoval y comunicadas a las Sociedades Rectoras de las Bolsas y publicadas en los Boletines Oficiales de Cotizaci\u00f3n de las mismas.<\/li>\n<li> Duraci\u00f3n de las operaciones con cr\u00e9dito al mercado<br \/>\n    Las compras y ventas con cr\u00e9dito al mercado no tienen un plazo m\u00ednimo de duraci\u00f3n, pudiendo realizarse en todo momento.El plazo m\u00e1ximo de duraci\u00f3n o vencimiento final de las operaciones con cr\u00e9dito al mercado depende de su fecha de contrataci\u00f3n y se estructura en tres per\u00edodos: un vencimiento inicial, y un m\u00e1ximo de dos pr\u00f3rrogas autom\u00e1ticas, salvo cancelaci\u00f3n por parte del cliente.<br \/>\n    \u2022 Para las compras y ventas efectuadas en la primera quincena h\u00e1bil de un mes, el vencimiento inicial ser\u00e1 el \u00faltimo d\u00eda h\u00e1bil del mismo mes, con la posibilidad de ampliar este plazo mediante dos pr\u00f3rrogas de un mes natural cada una de ellas, de forma que la m\u00e1xima duraci\u00f3n de cada operaci\u00f3n oscilar\u00eda entre dos meses y medio y tres.<br \/>\n  \u2022 Para las compras y ventas efectuadas en la segunda quincena h\u00e1bil de un mes, el vencimiento inicial ser\u00e1 el \u00faltimo d\u00eda h\u00e1bil del mes siguiente, con la posibilidad de ampliar este plazo mediante dos pr\u00f3rrogas de un mes natural cada una de ellas, de forma que la m\u00e1xima duraci\u00f3n de las operaciones oscilar\u00eda entre tres y tres meses y medio.<\/li>\n<li> Cancelaci\u00f3n de las operaciones con cr\u00e9dito al mercado<br \/>\n    El inversor puede cancelar sus compras y ventas con cr\u00e9dito al mercado en cualquier momento antes de la fecha de su vencimiento inicial o del final de las pr\u00f3rrogas (cancelaci\u00f3n voluntaria), mediante la realizaci\u00f3n de la correspondiente operaci\u00f3n de signo contrario a la inicial o mediante la entrega del efectivo o de los valores prestados.<br \/>\n    Con independencia de los plazos citados anteriormente, Bancoval proceder\u00e1 a la cancelaci\u00f3n autom\u00e1tica de las operaciones con cr\u00e9dito al mercado en el caso de incumplimiento de las obligaciones econ\u00f3micas y al t\u00e9rmino del plazo de la segunda pr\u00f3rroga.\n  <\/li>\n<\/ol>\n<p><strong>\u00cdndice<\/strong><\/p>\n<ul>\n<li><a href=\"https:\/\/blogs.udima.es\/administracion-y-direccion-de-empresas\/5-1-compras-credito.html\">5.1. Compras a cr\u00e9dito<\/a><\/li>\n<li><a href=\"https:\/\/blogs.udima.es\/administracion-y-direccion-de-empresas\/5-2-ventas-credito.html\">5.2. Ventas a cr\u00e9dito<\/a><\/li>\n<\/ul>\n","protected":false},"excerpt":{"rendered":"<p>Las operaciones a cr\u00e9dito son un caso concreto de operaciones de contado en las que una determinada entidad presta, bien dinero (compra a cr\u00e9dito) o t\u00edtulos (venta a cr\u00e9dito), para que la operaci\u00f3n se pueda realizar finalmente como operaci\u00f3n de contado. Este tipo de operaciones permite al inversor operar por importe muy superior al de [&hellip;]<\/p>\n","protected":false},"author":27,"featured_media":0,"parent":0,"menu_order":6050,"comment_status":"closed","ping_status":"closed","template":"","meta":{"footnotes":""},"yoast_head":"<!-- This site is optimized with the Yoast SEO plugin v22.9 - https:\/\/yoast.com\/wordpress\/plugins\/seo\/ -->\n<title>5. Operaciones a cr\u00e9dito con acciones - Blog de ADE<\/title>\n<meta name=\"robots\" content=\"index, follow, max-snippet:-1, max-image-preview:large, max-video-preview:-1\" \/>\n<link rel=\"canonical\" href=\"https:\/\/blogs.udima.es\/administracion-y-direccion-de-empresas\/operaciones-a-credito-con-acciones-i-p56-htm\/\" \/>\n<meta property=\"og:locale\" content=\"es_ES\" \/>\n<meta property=\"og:type\" content=\"article\" \/>\n<meta property=\"og:title\" content=\"5. Operaciones a cr\u00e9dito con acciones - Blog de ADE\" \/>\n<meta property=\"og:description\" content=\"Las operaciones a cr\u00e9dito son un caso concreto de operaciones de contado en las que una determinada entidad presta, bien dinero (compra a cr\u00e9dito) o t\u00edtulos (venta a cr\u00e9dito), para que la operaci\u00f3n se pueda realizar finalmente como operaci\u00f3n de contado. Este tipo de operaciones permite al inversor operar por importe muy superior al de [&hellip;]\" \/>\n<meta property=\"og:url\" content=\"https:\/\/blogs.udima.es\/administracion-y-direccion-de-empresas\/operaciones-a-credito-con-acciones-i-p56-htm\/\" \/>\n<meta property=\"og:site_name\" content=\"Blog de ADE - Universidad a Distancia de Madrid | UDIMA\" \/>\n<meta property=\"article:modified_time\" content=\"2016-07-15T12:58:17+00:00\" \/>\n<meta name=\"twitter:card\" content=\"summary_large_image\" \/>\n<meta name=\"twitter:label1\" content=\"Tiempo de lectura\" \/>\n\t<meta name=\"twitter:data1\" content=\"4 minutos\" \/>\n<script type=\"application\/ld+json\" class=\"yoast-schema-graph\">{\"@context\":\"https:\/\/schema.org\",\"@graph\":[{\"@type\":\"WebPage\",\"@id\":\"https:\/\/blogs.udima.es\/administracion-y-direccion-de-empresas\/operaciones-a-credito-con-acciones-i-p56-htm\/\",\"url\":\"https:\/\/blogs.udima.es\/administracion-y-direccion-de-empresas\/operaciones-a-credito-con-acciones-i-p56-htm\/\",\"name\":\"5. Operaciones a cr\u00e9dito con acciones - Blog de ADE\",\"isPartOf\":{\"@id\":\"https:\/\/blogs.udima.es\/administracion-y-direccion-de-empresas\/#website\"},\"datePublished\":\"2016-07-15T12:53:31+00:00\",\"dateModified\":\"2016-07-15T12:58:17+00:00\",\"breadcrumb\":{\"@id\":\"https:\/\/blogs.udima.es\/administracion-y-direccion-de-empresas\/operaciones-a-credito-con-acciones-i-p56-htm\/#breadcrumb\"},\"inLanguage\":\"es\",\"potentialAction\":[{\"@type\":\"ReadAction\",\"target\":[\"https:\/\/blogs.udima.es\/administracion-y-direccion-de-empresas\/operaciones-a-credito-con-acciones-i-p56-htm\/\"]}]},{\"@type\":\"BreadcrumbList\",\"@id\":\"https:\/\/blogs.udima.es\/administracion-y-direccion-de-empresas\/operaciones-a-credito-con-acciones-i-p56-htm\/#breadcrumb\",\"itemListElement\":[{\"@type\":\"ListItem\",\"position\":1,\"name\":\"Portada\",\"item\":\"https:\/\/blogs.udima.es\/administracion-y-direccion-de-empresas\/\"},{\"@type\":\"ListItem\",\"position\":2,\"name\":\"5. Operaciones a cr\u00e9dito con acciones\"}]},{\"@type\":\"WebSite\",\"@id\":\"https:\/\/blogs.udima.es\/administracion-y-direccion-de-empresas\/#website\",\"url\":\"https:\/\/blogs.udima.es\/administracion-y-direccion-de-empresas\/\",\"name\":\"Blog de ADE - Universidad a Distancia de Madrid | UDIMA\",\"description\":\"\",\"potentialAction\":[{\"@type\":\"SearchAction\",\"target\":{\"@type\":\"EntryPoint\",\"urlTemplate\":\"https:\/\/blogs.udima.es\/administracion-y-direccion-de-empresas\/?s={search_term_string}\"},\"query-input\":\"required name=search_term_string\"}],\"inLanguage\":\"es\"}]}<\/script>\n<!-- \/ Yoast SEO plugin. -->","yoast_head_json":{"title":"5. Operaciones a cr\u00e9dito con acciones - Blog de ADE","robots":{"index":"index","follow":"follow","max-snippet":"max-snippet:-1","max-image-preview":"max-image-preview:large","max-video-preview":"max-video-preview:-1"},"canonical":"https:\/\/blogs.udima.es\/administracion-y-direccion-de-empresas\/operaciones-a-credito-con-acciones-i-p56-htm\/","og_locale":"es_ES","og_type":"article","og_title":"5. Operaciones a cr\u00e9dito con acciones - Blog de ADE","og_description":"Las operaciones a cr\u00e9dito son un caso concreto de operaciones de contado en las que una determinada entidad presta, bien dinero (compra a cr\u00e9dito) o t\u00edtulos (venta a cr\u00e9dito), para que la operaci\u00f3n se pueda realizar finalmente como operaci\u00f3n de contado. Este tipo de operaciones permite al inversor operar por importe muy superior al de [&hellip;]","og_url":"https:\/\/blogs.udima.es\/administracion-y-direccion-de-empresas\/operaciones-a-credito-con-acciones-i-p56-htm\/","og_site_name":"Blog de ADE - Universidad a Distancia de Madrid | UDIMA","article_modified_time":"2016-07-15T12:58:17+00:00","twitter_card":"summary_large_image","twitter_misc":{"Tiempo de lectura":"4 minutos"},"schema":{"@context":"https:\/\/schema.org","@graph":[{"@type":"WebPage","@id":"https:\/\/blogs.udima.es\/administracion-y-direccion-de-empresas\/operaciones-a-credito-con-acciones-i-p56-htm\/","url":"https:\/\/blogs.udima.es\/administracion-y-direccion-de-empresas\/operaciones-a-credito-con-acciones-i-p56-htm\/","name":"5. Operaciones a cr\u00e9dito con acciones - Blog de ADE","isPartOf":{"@id":"https:\/\/blogs.udima.es\/administracion-y-direccion-de-empresas\/#website"},"datePublished":"2016-07-15T12:53:31+00:00","dateModified":"2016-07-15T12:58:17+00:00","breadcrumb":{"@id":"https:\/\/blogs.udima.es\/administracion-y-direccion-de-empresas\/operaciones-a-credito-con-acciones-i-p56-htm\/#breadcrumb"},"inLanguage":"es","potentialAction":[{"@type":"ReadAction","target":["https:\/\/blogs.udima.es\/administracion-y-direccion-de-empresas\/operaciones-a-credito-con-acciones-i-p56-htm\/"]}]},{"@type":"BreadcrumbList","@id":"https:\/\/blogs.udima.es\/administracion-y-direccion-de-empresas\/operaciones-a-credito-con-acciones-i-p56-htm\/#breadcrumb","itemListElement":[{"@type":"ListItem","position":1,"name":"Portada","item":"https:\/\/blogs.udima.es\/administracion-y-direccion-de-empresas\/"},{"@type":"ListItem","position":2,"name":"5. Operaciones a cr\u00e9dito con acciones"}]},{"@type":"WebSite","@id":"https:\/\/blogs.udima.es\/administracion-y-direccion-de-empresas\/#website","url":"https:\/\/blogs.udima.es\/administracion-y-direccion-de-empresas\/","name":"Blog de ADE - Universidad a Distancia de Madrid | UDIMA","description":"","potentialAction":[{"@type":"SearchAction","target":{"@type":"EntryPoint","urlTemplate":"https:\/\/blogs.udima.es\/administracion-y-direccion-de-empresas\/?s={search_term_string}"},"query-input":"required name=search_term_string"}],"inLanguage":"es"}]}},"_links":{"self":[{"href":"https:\/\/blogs.udima.es\/administracion-y-direccion-de-empresas\/wp-json\/wp\/v2\/pages\/2050"}],"collection":[{"href":"https:\/\/blogs.udima.es\/administracion-y-direccion-de-empresas\/wp-json\/wp\/v2\/pages"}],"about":[{"href":"https:\/\/blogs.udima.es\/administracion-y-direccion-de-empresas\/wp-json\/wp\/v2\/types\/page"}],"author":[{"embeddable":true,"href":"https:\/\/blogs.udima.es\/administracion-y-direccion-de-empresas\/wp-json\/wp\/v2\/users\/27"}],"replies":[{"embeddable":true,"href":"https:\/\/blogs.udima.es\/administracion-y-direccion-de-empresas\/wp-json\/wp\/v2\/comments?post=2050"}],"version-history":[{"count":4,"href":"https:\/\/blogs.udima.es\/administracion-y-direccion-de-empresas\/wp-json\/wp\/v2\/pages\/2050\/revisions"}],"predecessor-version":[{"id":2054,"href":"https:\/\/blogs.udima.es\/administracion-y-direccion-de-empresas\/wp-json\/wp\/v2\/pages\/2050\/revisions\/2054"}],"wp:attachment":[{"href":"https:\/\/blogs.udima.es\/administracion-y-direccion-de-empresas\/wp-json\/wp\/v2\/media?parent=2050"}],"curies":[{"name":"wp","href":"https:\/\/api.w.org\/{rel}","templated":true}]}}