{"id":2047,"date":"2016-07-15T12:51:27","date_gmt":"2016-07-15T12:51:27","guid":{"rendered":"http:\/\/blogs.udima.es\/administracion-y-direccion-de-empresas\/?page_id=2047"},"modified":"2016-07-15T12:52:21","modified_gmt":"2016-07-15T12:52:21","slug":"operaciones-al-contado-con-acciones-p55-htm","status":"publish","type":"page","link":"https:\/\/blogs.udima.es\/administracion-y-direccion-de-empresas\/operaciones-al-contado-con-acciones-p55-htm\/","title":{"rendered":"4. Operaciones al contado con acciones"},"content":{"rendered":"<p>Las operaciones de contado consisten en un intercambio simult\u00e1neo de dinero por t\u00edtulos a la cotizaci\u00f3n que tenga el valor en ese momento. El vendedor hace entrega de los t\u00edtulos a su SVB (sociedad de valores de bolsa) o AVB (agencia de valores de bolsa) y recibe el dinero, mientras que el comprador aporta el dinero a su SVB o AVB y recibe los t\u00edtulos objeto de la operaci\u00f3n. <\/p>\n<h2>4.1. VALOR DE COMPRA DE LAS ACCIONES<\/h2>\n<p> Si no existiesen intermediarios de ning\u00fan tipo se pagar\u00eda el valor efectivo de los t\u00edtulos (cotizaci\u00f3n del valor multiplicado por el n\u00famero de t\u00edtulos comprados), tambi\u00e9n denominado efectivo burs\u00e1til (E<sub>B<\/sub>).<\/p>\n<blockquote>\n<p>E<sub>B<\/sub> = N\u00famero de acciones x Cotizaci\u00f3n <\/p>\n<\/blockquote>\n<p> Al existir intermediarios el precio real de compra se incrementar\u00e1 en los gastos que \u00e9stos repercuten al inversor. La liquidaci\u00f3n efectuada finalmente al comprador ser\u00e1:<\/p>\n<p>&nbsp;<\/p>\n<table border=\"0\" align=\"center\" cellpadding=\"5\" cellspacing=\"0\">\n<tr>\n<td>\n<div align=\"center\">Efectivo burs\u00e1til  <\/div>\n<\/td>\n<td>\n<div align=\"center\">Cotizaci\u00f3n x N\u00famero de t\u00edtulos<\/div>\n<\/td>\n<\/tr>\n<tr>\n<td>(+) C\u00e1nones de bolsa <\/td>\n<td>Canon de gesti\u00f3n burs\u00e1til y de liquidaci\u00f3n cobrados por la bolsa <\/td>\n<\/tr>\n<tr>\n<td>  (+) Comisi\u00f3n de la<br \/>\n  SVB o AVB<\/td>\n<td>El mayor de aplicar un determinado porcentaje al efectivo de la operaci\u00f3n y un m\u00ednimo establecido por la propia SVB<\/td>\n<\/tr>\n<tr>\n<td>(+) Comisi\u00f3n bancaria <\/td>\n<td>En el caso de que la operaci\u00f3n se realice a trav\u00e9s de una entidad no autorizada para operar en bolsa (no es miembro del mercado)<br \/>\n    Funciona igual que la comisi\u00f3n de la sociedad o agencia de valores<\/td>\n<\/tr>\n<tr>\n<td><span class=\"progress\">(=) Efectivo a pagar por el<br \/>\ncliente en la compra (E<sub>C<\/sub>) <\/span><\/td>\n<td><span class=\"progress\"> Efectivo burs\u00e1til + Canon bolsa + Comisi\u00f3n sociedad\/agencia valores + Comisi\u00f3n bancaria<\/span><\/td>\n<\/tr>\n<\/table>\n<p>&nbsp;<\/p>\n<p>&nbsp;<\/p>\n<div class=\"ejemplo\">\n<p><strong>EJEMPLO 7 <\/strong><\/p>\n<\/p>\n<p>Determinar el importe de la compra de 1.000 acciones de la sociedad X que actualmente cotizan (1 de mayo) a 20,00 euros. La comisi\u00f3n de la sociedad de valores es del 2,5\u2030 (con un m\u00ednimo de 8,00 euros). Los c\u00e1nones de bolsa ascienden a 8,42 euros.<\/p>\n<p>&nbsp;<\/p>\n<table border=\"0\" align=\"left\" cellpadding=\"5\" cellspacing=\"0\">\n<tr>\n<td>Efectivo de compra (1.000 x 20)<\/td>\n<td>\n<div align=\"right\">20.000,00 \u20ac<\/div>\n<\/td>\n<\/tr>\n<tr>\n<td>(+) Comisi\u00f3n SVB <br \/>\n<sub>      M\u00e1ximo (2,5\u2030 x 20.000; 8)<\/sub><\/td>\n<td>\n<div align=\"right\">50,00 \u20ac<\/div>\n<\/td>\n<\/tr>\n<tr>\n<td>(+) C\u00e1nones bolsa <\/td>\n<td>\n<div align=\"right\">8,42 \u20ac<\/div>\n<\/td>\n<\/tr>\n<tr>\n<td colspan=\"2\">&#8212;&#8212;&#8212;&#8212;&#8212;&#8212;&#8212;&#8212;&#8212;&#8212;&#8212;&#8212;&#8212;&#8212;&#8212;&#8212;&#8212;&#8212;&#8212;&#8212;&#8212;&#8212;&#8212;&#8212;        <\/p>\n<div align=\"right\"><\/div>\n<\/td>\n<\/tr>\n<tr>\n<td>(=) Efectivo compra (E<sub>c<\/sub>) (importe a pagar) <\/td>\n<td>\n<div align=\"right\">20.058,42 \u20ac<\/div>\n<\/td>\n<\/tr>\n<\/table>\n<p>&nbsp;<\/p>\n<p>&nbsp;<\/p>\n<p>&nbsp;<\/p>\n<p>&nbsp;<\/p>\n<p>&nbsp;<\/p>\n<p>&nbsp;<\/p>\n<p>&nbsp;<\/p>\n<p>&nbsp;<\/p>\n<\/div>\n<p>&nbsp;<\/p>\n<p>&nbsp;<\/p>\n<h2>4.2. VALOR DE VENTA DE LAS ACCIONES<\/h2>\n<p> Al igual que en la compra, de no haber intermediarios en la operaci\u00f3n se cobrar\u00eda el valor efectivo (E<sub>B<\/sub>) de los t\u00edtulos (efectivo burs\u00e1til = cotizaci\u00f3n del valor multiplicado por el n\u00famero de t\u00edtulos vendidos).<\/p>\n<p>Al existir intermediarios el precio real de venta se ve disminuido en los gastos que \u00e9stos repercuten al vendedor. La liquidaci\u00f3n efectuada finalmente al vendedor ser\u00e1:<\/p>\n<p>&nbsp;<\/p>\n<table border=\"0\" align=\"center\" cellpadding=\"5\" cellspacing=\"0\">\n<tr>\n<td>\n<div align=\"center\">Efectivo burs\u00e1til <\/div>\n<\/td>\n<td>\n<div align=\"center\">Cotizaci\u00f3n x N\u00famero de t\u00edtulos<\/div>\n<\/td>\n<\/tr>\n<tr>\n<td>(-) C\u00e1nones de bolsa <\/td>\n<td>Canon de gesti\u00f3n burs\u00e1til y de liquidaci\u00f3n cobrados por la bolsa <\/td>\n<\/tr>\n<tr>\n<td> (-) Comisi\u00f3n de la SVB o AVB<\/td>\n<td>El mayor de aplicar un determinado porcentaje al efectivo de la operaci\u00f3n y un m\u00ednimo establecido por la propia SVB<\/td>\n<\/tr>\n<tr>\n<td>(-) Comisi\u00f3n bancaria <\/td>\n<td>En el caso de que la operaci\u00f3n se realice a trav\u00e9s de una entidad no autorizada para operar en bolsa (no es miembro del mercado)<br \/>\n  Funciona igual que la comisi\u00f3n de la sociedad o agencia de valores<\/td>\n<\/tr>\n<tr>\n<td><span class=\"progress\">(=) Efectivo a cobrar por el cliente en la venta (E<sub>V<\/sub>)<\/span><\/td>\n<td><span class=\"progress\"> Efectivo burs\u00e1til &#8211; Canon bolsa &#8211; Comisi\u00f3n sociedad\/agencia valores &#8211; Comisi\u00f3n bancaria<\/span><\/td>\n<\/tr>\n<\/table>\n<p>&nbsp;<\/p>\n<div class=\"ejemplo\">\n<p><strong>EJEMPLO 8 <\/strong><\/p>\n<\/p>\n<p>Determinar el importe neto de la venta de las 1.000 acciones de la sociedad X del ejemplo anterior, si en el momento de su venta (31 de mayo) cotizan a 22,00 euros. La comisi\u00f3n de la sociedad de valores es del 2,5\u2030 (con un m\u00ednimo de 8,00 euros). Los c\u00e1nones de bolsa ascienden a 8,42 euros.<\/p>\n<p>&nbsp;<\/p>\n<table border=\"0\" align=\"left\" cellpadding=\"5\" cellspacing=\"0\">\n<tr>\n<td>Efectivo de compra (1.000 x 22)<\/td>\n<td>\n<div align=\"right\">22.000,00 \u20ac<\/div>\n<\/td>\n<\/tr>\n<tr>\n<td>(-) Comisi\u00f3n SVB <br \/>\n          <sub> M\u00e1ximo (2,5\u2030 x 22.000; 8)<\/sub><\/td>\n<td>\n<div align=\"right\">55,00 \u20ac<\/div>\n<\/td>\n<\/tr>\n<tr>\n<td>(-) C\u00e1nones bolsa <\/td>\n<td>\n<div align=\"right\">8,42 \u20ac<\/div>\n<\/td>\n<\/tr>\n<tr>\n<td colspan=\"2\">&#8212;&#8212;&#8212;&#8212;&#8212;&#8212;&#8212;&#8212;&#8212;&#8212;&#8212;&#8212;&#8212;&#8212;&#8212;&#8212;&#8212;&#8212;&#8212;&#8212;&#8212;&#8212;&#8212;&#8212;<\/p>\n<div align=\"right\"><\/div>\n<\/td>\n<\/tr>\n<tr>\n<td>(=) Efectivo venta (E<sub>V<\/sub>) (importe a cobrar) <\/td>\n<td>\n<div align=\"right\">21.936,58 \u20ac<\/div>\n<\/td>\n<\/tr>\n<\/table>\n<p>&nbsp;<\/p>\n<p>&nbsp;<\/p>\n<p>&nbsp;<\/p>\n<p>&nbsp;<\/p>\n<p>&nbsp;<\/p>\n<p>&nbsp;<\/p>\n<p>&nbsp;<\/p>\n<\/div>\n<p>&nbsp;<\/p>\n<h2>4.3.<br \/>\nBENEFICIO NETO (ANTES DE IMPUESTOS) DE UNA OPERACI\u00d3N DE COMPRA-VENTA<\/h2>\n<p> El beneficio neto (o antes de impuestos) se obtiene de restar al efectivo total ob-tenido por la venta (E<sub>V<\/sub>) de un(os) t\u00edtulo(s) el precio total pagado en el momento de su compra (E<sub>c<\/sub>). Es decir:<\/p>\n<blockquote>\n<p>Beneficio neto = BAI = E<sub>V<\/sub> \u2013 E<sub>C<\/sub><\/p>\n<\/blockquote>\n<p>En el caso de la compra-venta de los ejemplos anteriores, el beneficio neto ser\u00e1:<\/p>\n<blockquote>\n<p> Beneficio neto = 21.936,58 \u2013 20.058,42 = 1.878,16 \u20ac<\/p>\n<\/blockquote>\n<h2>4.4. RENTABILIDAD DE UNA OPERACI\u00d3N DE COMPRA-VENTA<\/h2>\n<p> La rentabilidad de una operaci\u00f3n la podemos medir por el r\u00e9dito o por el tanto. <\/p>\n<p>Recordemos que:<\/p>\n<p> <em>\u2022 R\u00e9dito<\/em> es el rendimiento de cada unidad monetaria del capital invertido.<\/p>\n<blockquote>\n<p>&nbsp;&nbsp;&nbsp;&nbsp;&nbsp;&nbsp;&nbsp;&nbsp;&nbsp;&nbsp;&nbsp;&nbsp;&nbsp;&nbsp;&nbsp;&nbsp;&nbsp;&nbsp;&nbsp;&nbsp;&nbsp;&nbsp;&nbsp;&nbsp;&nbsp;&nbsp;BAI<br \/>\n    Rentabilidad = &#8212;&#8212;&#8211; x 100<br \/>\n    &nbsp;&nbsp;&nbsp;&nbsp;&nbsp;&nbsp;&nbsp;&nbsp;&nbsp;&nbsp;&nbsp;&nbsp;&nbsp;&nbsp;&nbsp;&nbsp;&nbsp;&nbsp;&nbsp;&nbsp;&nbsp;&nbsp;&nbsp;&nbsp;&nbsp;&nbsp;&nbsp;E<sub>C<\/sub><\/p>\n<\/blockquote>\n<p> <em>\u2022 Tanto<\/em> es el rendimiento de cada unidad monetaria del capital invertido y en cada unidad de tiempo. Habr\u00eda, por tanto, que enfrentar financieramente el efectivo de compra con el efectivo de la venta para determinar la rentabilidad de la operaci\u00f3n (tanto efectivo \u2013i\u2013).<\/p>\n<p>Si calculamos la rentabilidad de la compra-venta de los ejemplos anteriores:<\/p>\n<p> \u2022 Rentabilidad en t\u00e9rminos de r\u00e9dito:<\/p>\n<blockquote>\n<p>&nbsp;&nbsp;&nbsp;&nbsp;&nbsp;&nbsp;&nbsp;&nbsp;&nbsp;&nbsp;&nbsp;&nbsp;&nbsp;&nbsp;&nbsp;&nbsp;&nbsp;&nbsp;&nbsp;&nbsp;&nbsp;&nbsp;&nbsp;&nbsp;&nbsp;&nbsp;&nbsp;1.878,16<br \/>\n    Rentabilidad = &#8212;&#8212;&#8212;&#8212;&#8212;- x 100 = 9,36%<br \/>\n    &nbsp;&nbsp;&nbsp;&nbsp;&nbsp;&nbsp;&nbsp;&nbsp;&nbsp;&nbsp;&nbsp;&nbsp;&nbsp;&nbsp;&nbsp;&nbsp;&nbsp;&nbsp;&nbsp;&nbsp;&nbsp;&nbsp;&nbsp;&nbsp;&nbsp;&nbsp;20.058,42<\/p>\n<\/blockquote>\n<p>\u2022 Rentabilidad en t\u00e9rminos de tanto:<\/p>\n<p>&nbsp;<\/p>\n<blockquote>\n<p align=\"center\"><img loading=\"lazy\" decoding=\"async\" src=\"https:\/\/blogs.udima.es\/administracion-y-direccion-de-empresas\/images_book\/p656-01.png\" width=\"373\" height=\"296\" \/><\/p>\n<p align=\"center\">&nbsp;<\/p>\n<\/blockquote>\n<p>Los c\u00e1nones de operaciones y liquidaci\u00f3n de la Bolsa de Madrid para operaciones de renta variable vigentes en 2006, cobrados tanto por la Sociedad de Compensaci\u00f3n y Liquidaci\u00f3n de Valores como por la Sociedad Rectora de Bolsa en la actualidad son los siguientes:<\/p>\n<p>Para el efectivo negociado en el d\u00eda por un mismo <em>cliente final, valor, precio y sentido<\/em>, la cantidad que resulte de aplicar la siguiente escala:<\/p>\n<p>&nbsp; <\/p>\n<table border=\"1\" align=\"center\" cellpadding=\"5\" cellspacing=\"0\">\n<tr>\n<td>&nbsp;<\/td>\n<td>\n<p align=\"center\" class=\"progress\">Negociaci\u00f3n (*)<br \/>\n  (Tramo en euros) \n  <\/p>\n<\/td>\n<td>\n<div align=\"center\"><span class=\"progress\">Tarifa aplicable (en euros)<\/span><\/div>\n<\/td>\n<\/tr>\n<tr>\n<td><span class=\"progress\">Hasta<br \/>\n      De<br \/>\n      De<br \/>\n      De<br \/>\n      De<br \/>\n      Desde <\/span><\/td>\n<td>\n<p align=\"right\" class=\"progress\"> 300 <br \/>\n   300,01 a 3.000 <br \/>\n   3.000,01 a 35.000 <br \/>\n  35.000,01 a 70.000<br \/>\n  70.000,01 a 140.000 <br \/>\n  140.000,01 \n  <\/p>\n<\/td>\n<td>\n<div align=\"right\" class=\"progress\">1,10<br \/>\n    2,45 + 2,4 PB<br \/>\n    4,65 + 1,2 PB<br \/> <br \/>\n    6,40 + 0,7 PB<br \/>\n    9,20 + 0,3 PB<br \/>\n    13,40 <\/div>\n<\/td>\n<\/tr>\n<tr>\n<td colspan=\"3\"><sub><\/p>\n<p>(*) Si la suma de esta tarifa para un mismo <em>cliente final, valor y sentido<\/em> es superior a 100 euros, se tomar\u00e1 el importe menor de entre las siguientes cantidades:<\/p>\n<ul>\n<li> 1 punto b\u00e1sico (1\/10.000) sobre el efectivo negociado (con un m\u00ednimo de 100 euros).<\/li>\n<li> La tarifa ya calculada.<\/li>\n<li> 300 euros (tarifa m\u00e1xima).<\/li>\n<\/ul>\n<p><\/sub><\/td>\n<\/tr>\n<\/table>\n<p>&nbsp;<\/p>\n<p>Asimismo, en el momento de la liquidaci\u00f3n es cuando los intermediarios cobran a sus clientes las comisiones de intermediaci\u00f3n (corretaje). Actualmente las comisiones que cobran los intermediarios son totalmente libres y el \u00fanico requisito es su previa comunicaci\u00f3n a la Comisi\u00f3n Nacional del Mercado de<\/p>\n<p>Valores (CNMV). Incluso para un mismo intermediario las comisiones que finalmente repercuten a sus clientes pueden variar de unos a otros, en funci\u00f3n de la calidad del mismo, que se determina en base al volumen de operaciones que el inversor realice.<\/p>\n<p>En el supuesto de que la orden sea tramitada a trav\u00e9s de una entidad bancaria adem\u00e1s de los c\u00e1nones de bolsa y del corretaje del intermediario, tendr\u00e1 que pagar una comisi\u00f3n (comisi\u00f3n bancaria) a esa entidad por tramitar la operaci\u00f3n. Lo mismo ocurre con cualquier intermediario financiero que no sea miembro de una bolsa. Las comisiones bancarias tambi\u00e9n son libres.<\/p>\n","protected":false},"excerpt":{"rendered":"<p>Las operaciones de contado consisten en un intercambio simult\u00e1neo de dinero por t\u00edtulos a la cotizaci\u00f3n que tenga el valor en ese momento. El vendedor hace entrega de los t\u00edtulos a su SVB (sociedad de valores de bolsa) o AVB (agencia de valores de bolsa) y recibe el dinero, mientras que el comprador aporta el [&hellip;]<\/p>\n","protected":false},"author":27,"featured_media":0,"parent":0,"menu_order":6040,"comment_status":"closed","ping_status":"closed","template":"","meta":{"footnotes":""},"yoast_head":"<!-- This site is optimized with the Yoast SEO plugin v22.9 - https:\/\/yoast.com\/wordpress\/plugins\/seo\/ -->\n<title>4. Operaciones al contado con acciones - Blog de ADE<\/title>\n<meta name=\"robots\" content=\"index, follow, max-snippet:-1, max-image-preview:large, max-video-preview:-1\" \/>\n<link rel=\"canonical\" href=\"https:\/\/blogs.udima.es\/administracion-y-direccion-de-empresas\/operaciones-al-contado-con-acciones-p55-htm\/\" \/>\n<meta property=\"og:locale\" content=\"es_ES\" \/>\n<meta property=\"og:type\" content=\"article\" \/>\n<meta property=\"og:title\" content=\"4. Operaciones al contado con acciones - Blog de ADE\" \/>\n<meta property=\"og:description\" content=\"Las operaciones de contado consisten en un intercambio simult\u00e1neo de dinero por t\u00edtulos a la cotizaci\u00f3n que tenga el valor en ese momento. El vendedor hace entrega de los t\u00edtulos a su SVB (sociedad de valores de bolsa) o AVB (agencia de valores de bolsa) y recibe el dinero, mientras que el comprador aporta el [&hellip;]\" \/>\n<meta property=\"og:url\" content=\"https:\/\/blogs.udima.es\/administracion-y-direccion-de-empresas\/operaciones-al-contado-con-acciones-p55-htm\/\" \/>\n<meta property=\"og:site_name\" content=\"Blog de ADE - Universidad a Distancia de Madrid | UDIMA\" \/>\n<meta property=\"article:modified_time\" content=\"2016-07-15T12:52:21+00:00\" \/>\n<meta property=\"og:image\" content=\"https:\/\/blogs.udima.es\/administracion-y-direccion-de-empresas\/images_book\/p656-01.png\" \/>\n<meta name=\"twitter:card\" content=\"summary_large_image\" \/>\n<meta name=\"twitter:label1\" content=\"Tiempo de lectura\" \/>\n\t<meta name=\"twitter:data1\" content=\"6 minutos\" \/>\n<script type=\"application\/ld+json\" class=\"yoast-schema-graph\">{\"@context\":\"https:\/\/schema.org\",\"@graph\":[{\"@type\":\"WebPage\",\"@id\":\"https:\/\/blogs.udima.es\/administracion-y-direccion-de-empresas\/operaciones-al-contado-con-acciones-p55-htm\/\",\"url\":\"https:\/\/blogs.udima.es\/administracion-y-direccion-de-empresas\/operaciones-al-contado-con-acciones-p55-htm\/\",\"name\":\"4. Operaciones al contado con acciones - Blog de ADE\",\"isPartOf\":{\"@id\":\"https:\/\/blogs.udima.es\/administracion-y-direccion-de-empresas\/#website\"},\"primaryImageOfPage\":{\"@id\":\"https:\/\/blogs.udima.es\/administracion-y-direccion-de-empresas\/operaciones-al-contado-con-acciones-p55-htm\/#primaryimage\"},\"image\":{\"@id\":\"https:\/\/blogs.udima.es\/administracion-y-direccion-de-empresas\/operaciones-al-contado-con-acciones-p55-htm\/#primaryimage\"},\"thumbnailUrl\":\"https:\/\/blogs.udima.es\/administracion-y-direccion-de-empresas\/images_book\/p656-01.png\",\"datePublished\":\"2016-07-15T12:51:27+00:00\",\"dateModified\":\"2016-07-15T12:52:21+00:00\",\"breadcrumb\":{\"@id\":\"https:\/\/blogs.udima.es\/administracion-y-direccion-de-empresas\/operaciones-al-contado-con-acciones-p55-htm\/#breadcrumb\"},\"inLanguage\":\"es\",\"potentialAction\":[{\"@type\":\"ReadAction\",\"target\":[\"https:\/\/blogs.udima.es\/administracion-y-direccion-de-empresas\/operaciones-al-contado-con-acciones-p55-htm\/\"]}]},{\"@type\":\"ImageObject\",\"inLanguage\":\"es\",\"@id\":\"https:\/\/blogs.udima.es\/administracion-y-direccion-de-empresas\/operaciones-al-contado-con-acciones-p55-htm\/#primaryimage\",\"url\":\"https:\/\/blogs.udima.es\/administracion-y-direccion-de-empresas\/images_book\/p656-01.png\",\"contentUrl\":\"https:\/\/blogs.udima.es\/administracion-y-direccion-de-empresas\/images_book\/p656-01.png\"},{\"@type\":\"BreadcrumbList\",\"@id\":\"https:\/\/blogs.udima.es\/administracion-y-direccion-de-empresas\/operaciones-al-contado-con-acciones-p55-htm\/#breadcrumb\",\"itemListElement\":[{\"@type\":\"ListItem\",\"position\":1,\"name\":\"Portada\",\"item\":\"https:\/\/blogs.udima.es\/administracion-y-direccion-de-empresas\/\"},{\"@type\":\"ListItem\",\"position\":2,\"name\":\"4. Operaciones al contado con acciones\"}]},{\"@type\":\"WebSite\",\"@id\":\"https:\/\/blogs.udima.es\/administracion-y-direccion-de-empresas\/#website\",\"url\":\"https:\/\/blogs.udima.es\/administracion-y-direccion-de-empresas\/\",\"name\":\"Blog de ADE - Universidad a Distancia de Madrid | UDIMA\",\"description\":\"\",\"potentialAction\":[{\"@type\":\"SearchAction\",\"target\":{\"@type\":\"EntryPoint\",\"urlTemplate\":\"https:\/\/blogs.udima.es\/administracion-y-direccion-de-empresas\/?s={search_term_string}\"},\"query-input\":\"required name=search_term_string\"}],\"inLanguage\":\"es\"}]}<\/script>\n<!-- \/ Yoast SEO plugin. -->","yoast_head_json":{"title":"4. Operaciones al contado con acciones - Blog de ADE","robots":{"index":"index","follow":"follow","max-snippet":"max-snippet:-1","max-image-preview":"max-image-preview:large","max-video-preview":"max-video-preview:-1"},"canonical":"https:\/\/blogs.udima.es\/administracion-y-direccion-de-empresas\/operaciones-al-contado-con-acciones-p55-htm\/","og_locale":"es_ES","og_type":"article","og_title":"4. Operaciones al contado con acciones - Blog de ADE","og_description":"Las operaciones de contado consisten en un intercambio simult\u00e1neo de dinero por t\u00edtulos a la cotizaci\u00f3n que tenga el valor en ese momento. El vendedor hace entrega de los t\u00edtulos a su SVB (sociedad de valores de bolsa) o AVB (agencia de valores de bolsa) y recibe el dinero, mientras que el comprador aporta el [&hellip;]","og_url":"https:\/\/blogs.udima.es\/administracion-y-direccion-de-empresas\/operaciones-al-contado-con-acciones-p55-htm\/","og_site_name":"Blog de ADE - Universidad a Distancia de Madrid | UDIMA","article_modified_time":"2016-07-15T12:52:21+00:00","og_image":[{"url":"https:\/\/blogs.udima.es\/administracion-y-direccion-de-empresas\/images_book\/p656-01.png"}],"twitter_card":"summary_large_image","twitter_misc":{"Tiempo de lectura":"6 minutos"},"schema":{"@context":"https:\/\/schema.org","@graph":[{"@type":"WebPage","@id":"https:\/\/blogs.udima.es\/administracion-y-direccion-de-empresas\/operaciones-al-contado-con-acciones-p55-htm\/","url":"https:\/\/blogs.udima.es\/administracion-y-direccion-de-empresas\/operaciones-al-contado-con-acciones-p55-htm\/","name":"4. Operaciones al contado con acciones - Blog de ADE","isPartOf":{"@id":"https:\/\/blogs.udima.es\/administracion-y-direccion-de-empresas\/#website"},"primaryImageOfPage":{"@id":"https:\/\/blogs.udima.es\/administracion-y-direccion-de-empresas\/operaciones-al-contado-con-acciones-p55-htm\/#primaryimage"},"image":{"@id":"https:\/\/blogs.udima.es\/administracion-y-direccion-de-empresas\/operaciones-al-contado-con-acciones-p55-htm\/#primaryimage"},"thumbnailUrl":"https:\/\/blogs.udima.es\/administracion-y-direccion-de-empresas\/images_book\/p656-01.png","datePublished":"2016-07-15T12:51:27+00:00","dateModified":"2016-07-15T12:52:21+00:00","breadcrumb":{"@id":"https:\/\/blogs.udima.es\/administracion-y-direccion-de-empresas\/operaciones-al-contado-con-acciones-p55-htm\/#breadcrumb"},"inLanguage":"es","potentialAction":[{"@type":"ReadAction","target":["https:\/\/blogs.udima.es\/administracion-y-direccion-de-empresas\/operaciones-al-contado-con-acciones-p55-htm\/"]}]},{"@type":"ImageObject","inLanguage":"es","@id":"https:\/\/blogs.udima.es\/administracion-y-direccion-de-empresas\/operaciones-al-contado-con-acciones-p55-htm\/#primaryimage","url":"https:\/\/blogs.udima.es\/administracion-y-direccion-de-empresas\/images_book\/p656-01.png","contentUrl":"https:\/\/blogs.udima.es\/administracion-y-direccion-de-empresas\/images_book\/p656-01.png"},{"@type":"BreadcrumbList","@id":"https:\/\/blogs.udima.es\/administracion-y-direccion-de-empresas\/operaciones-al-contado-con-acciones-p55-htm\/#breadcrumb","itemListElement":[{"@type":"ListItem","position":1,"name":"Portada","item":"https:\/\/blogs.udima.es\/administracion-y-direccion-de-empresas\/"},{"@type":"ListItem","position":2,"name":"4. Operaciones al contado con acciones"}]},{"@type":"WebSite","@id":"https:\/\/blogs.udima.es\/administracion-y-direccion-de-empresas\/#website","url":"https:\/\/blogs.udima.es\/administracion-y-direccion-de-empresas\/","name":"Blog de ADE - Universidad a Distancia de Madrid | UDIMA","description":"","potentialAction":[{"@type":"SearchAction","target":{"@type":"EntryPoint","urlTemplate":"https:\/\/blogs.udima.es\/administracion-y-direccion-de-empresas\/?s={search_term_string}"},"query-input":"required name=search_term_string"}],"inLanguage":"es"}]}},"_links":{"self":[{"href":"https:\/\/blogs.udima.es\/administracion-y-direccion-de-empresas\/wp-json\/wp\/v2\/pages\/2047"}],"collection":[{"href":"https:\/\/blogs.udima.es\/administracion-y-direccion-de-empresas\/wp-json\/wp\/v2\/pages"}],"about":[{"href":"https:\/\/blogs.udima.es\/administracion-y-direccion-de-empresas\/wp-json\/wp\/v2\/types\/page"}],"author":[{"embeddable":true,"href":"https:\/\/blogs.udima.es\/administracion-y-direccion-de-empresas\/wp-json\/wp\/v2\/users\/27"}],"replies":[{"embeddable":true,"href":"https:\/\/blogs.udima.es\/administracion-y-direccion-de-empresas\/wp-json\/wp\/v2\/comments?post=2047"}],"version-history":[{"count":2,"href":"https:\/\/blogs.udima.es\/administracion-y-direccion-de-empresas\/wp-json\/wp\/v2\/pages\/2047\/revisions"}],"predecessor-version":[{"id":2049,"href":"https:\/\/blogs.udima.es\/administracion-y-direccion-de-empresas\/wp-json\/wp\/v2\/pages\/2047\/revisions\/2049"}],"wp:attachment":[{"href":"https:\/\/blogs.udima.es\/administracion-y-direccion-de-empresas\/wp-json\/wp\/v2\/media?parent=2047"}],"curies":[{"name":"wp","href":"https:\/\/api.w.org\/{rel}","templated":true}]}}