{"id":2044,"date":"2016-07-15T12:49:37","date_gmt":"2016-07-15T12:49:37","guid":{"rendered":"http:\/\/blogs.udima.es\/administracion-y-direccion-de-empresas\/?page_id=2044"},"modified":"2016-07-15T12:50:19","modified_gmt":"2016-07-15T12:50:19","slug":"ampliacion-blanca-p54-htm","status":"publish","type":"page","link":"https:\/\/blogs.udima.es\/administracion-y-direccion-de-empresas\/ampliacion-blanca-p54-htm\/","title":{"rendered":"3. Ampliaci\u00f3n blanca"},"content":{"rendered":"<p>Se denomina ampliaci\u00f3n blanca (o ampliaci\u00f3n mixta compensada) a aquella en la que el accionista acude a la ampliaci\u00f3n ejercitando s\u00f3lo una parte de los derechos de suscripci\u00f3n que posee, vendiendo los restantes de forma que, con el dinero obtenido de la venta de esos derechos, obtenga la cantidad que tiene que pagar por la suscripci\u00f3n de las acciones nuevas, de forma que no tenga que desembolsar nada por la operaci\u00f3n.<\/p>\n<p>El accionista que realiza esta operaci\u00f3n se ha de plantear el siguiente objetivo:<\/p>\n<p>&nbsp;<\/p>\n<table border=\"0\" align=\"center\" cellpadding=\"5\" cellspacing=\"0\">\n<tr>\n<td>Importe obtenido por venta derechos suscripci\u00f3n<\/td>\n<td>=<\/td>\n<td>Precio a pagar por compra acciones nuevas<\/td>\n<\/tr>\n<\/table>\n<p>&nbsp; <\/p>\n<p>Para el caso de un individuo que tenga n acciones (y, por tanto, n derechos de suscripci\u00f3n), tendr\u00e1 que vender un n\u00famero \u00abX\u00bb de ellos, al precio del mercado (p<sub>d<\/sub>), obteniendo: X x p<sub>d<\/sub><\/p>\n<p>Con los restantes derechos (n \u2013 X) acude a la ampliaci\u00f3n, pudiendo suscribir un n\u00famero de acciones nuevas determinado por la proporci\u00f3n de la ampliaci\u00f3n:<\/p>\n<p>&nbsp;<\/p>\n<table border=\"0\" align=\"center\" cellpadding=\"5\" cellspacing=\"0\">\n<tr>\n<td>N\u00famero de acciones nuevas a suscribir<\/td>\n<td>=<\/td>\n<td>(n \u2013 X) x Proporci\u00f3n ampliaci\u00f3n<\/td>\n<\/tr>\n<\/table>\n<p>&nbsp;<\/p>\n<p> El desembolso por la compra de esas acciones nuevas ser\u00e1:<\/p>\n<p>&nbsp;<\/p>\n<table border=\"0\" align=\"center\" cellpadding=\"5\" cellspacing=\"0\">\n<tr>\n<td>N\u00famero de acciones suscritas x Precio de emisi\u00f3n<\/td>\n<\/tr>\n<tr>\n<td>(n \u2013 X) x Proporci\u00f3n ampliaci\u00f3n x Precio de emisi\u00f3n<\/td>\n<\/tr>\n<\/table>\n<p>&nbsp;<\/p>\n<p>El inversor deber\u00e1 obligar el cumplimiento de su objetivo de partida:<\/p>\n<p>&nbsp;<\/p>\n<table border=\"0\" align=\"center\" cellpadding=\"5\" cellspacing=\"0\">\n<tr>\n<td>Importe obtenido por venta derechos suscripci\u00f3n<\/td>\n<td>=<\/td>\n<td>Precio a pagar por compra acciones nuevas<\/td>\n<\/tr>\n<\/table>\n<p>&nbsp;<\/p>\n<table border=\"0\" align=\"center\" cellpadding=\"5\" cellspacing=\"0\">\n<tr>\n<td>X x pd = (n \u2013 X ) x Proporci\u00f3n ampliaci\u00f3n x Precio de emisi\u00f3n<\/td>\n<\/tr>\n<\/table>\n<p>&nbsp;<\/p>\n<p> de donde se despejar\u00e1 el n\u00famero de derechos a vender (X) para luego determinar el n\u00famero de acciones nuevas que se pueden comprar.<\/p>\n<p>El n\u00famero de acciones finalmente suscritas debe redondearse en funci\u00f3n de las acciones nuevas de la proporci\u00f3n (siempre por defecto a la unidad).<\/p>\n<p>&nbsp;<\/p>\n<div class=\"ejemplo\">\n<p><strong>EJEMPLO 5<\/strong><\/p>\n<p>La se\u00f1ora Pi posee 500 acciones de la sociedad \u00abCATE, S.A.\u00bb, la cual ampl\u00eda su capital en la proporci\u00f3n de 2 acciones nuevas por cada 5 antiguas, emitiendo a la par las acciones necesarias, de la misma clase y con los mismos derechos que las antiguas (acciones de 5 euros nominales).<\/p>\n<p>Las acciones se cotizan antes de la ampliaci\u00f3n al 240%.<\/p>\n<p class=\"progress\">Se pide:<\/p>\n<p> \u00bfCu\u00e1ntas acciones podr\u00e1 suscribir la citada se\u00f1ora de forma tal que su posici\u00f3n de efectivo no var\u00ede? La venta de los derechos que sean necesarios se realiza por su valor te\u00f3rico.<\/p>\n<p class=\"progress\">Soluci\u00f3n:<\/p>\n<p>&nbsp; <\/p>\n<p align=\"center\"><img loading=\"lazy\" decoding=\"async\" src=\"https:\/\/blogs.udima.es\/administracion-y-direccion-de-empresas\/images_book\/p649-01.png\" width=\"378\" height=\"171\" \/><\/p>\n<p>&nbsp;<\/p>\n<table border=\"1\" align=\"center\" cellpadding=\"5\" cellspacing=\"0\">\n<tr>\n<td>5 t\u00edtulos antiguos valen 5 x 12 &#8230;&#8230;&#8230;&#8230;&#8230;&#8230;&#8230;&#8230;&#8230;&#8230;&#8230;&#8230;<\/td>\n<td>60,00 \u20ac<\/td>\n<\/tr>\n<tr>\n<td>Por 2 t\u00edtulos nuevos se desembolsan &#8230;&#8230;&#8230;&#8230;&#8230;&#8230;&#8230;&#8230;..<\/td>\n<td>10,00 \u20ac<\/td>\n<\/tr>\n<tr>\n<td colspan=\"2\">&#8212;&#8212;&#8212;&#8212;&#8212;&#8212;&#8212;&#8212;&#8212;&#8212;&#8212;&#8212;&#8212;&#8212;&#8212;&#8212;&#8212;&#8212;&#8212;&#8212;&#8212;&#8212;&#8212;&#8212;&#8212;&#8212;&#8211;<\/td>\n<\/tr>\n<tr>\n<td>7 t\u00edtulos despu\u00e9s de la ampliaci\u00f3n valen &#8230;&#8230;&#8230;&#8230;&#8230;&#8230;&#8230;<\/td>\n<td>70,00 \u20ac<\/td>\n<\/tr>\n<tr>\n<td>Valor de una acci\u00f3n antes ampliaci\u00f3n         &#8230;&#8230;&#8230;&#8230;&#8230;&#8230;&#8230;&#8230;..<\/td>\n<td>12,00 \u20ac<\/td>\n<\/tr>\n<tr>\n<td>&nbsp;&nbsp;&nbsp;&nbsp;&nbsp;&nbsp;&nbsp;&nbsp;&nbsp;&nbsp;&nbsp;&nbsp;&nbsp;&nbsp;&nbsp;&nbsp;&nbsp;&nbsp;&nbsp;&nbsp;&nbsp;&nbsp;&nbsp;&nbsp;&nbsp;&nbsp;&nbsp;&nbsp;&nbsp;&nbsp;&nbsp;&nbsp;&nbsp;&nbsp;&nbsp;&nbsp;&nbsp;&nbsp;&nbsp;&nbsp;&nbsp;&nbsp;&nbsp;&nbsp;&nbsp;&nbsp;&nbsp;&nbsp;&nbsp;&nbsp;&nbsp;&nbsp;&nbsp;&nbsp;&nbsp;&nbsp;&nbsp;&nbsp;&nbsp;&nbsp;&nbsp;&nbsp;&nbsp;&nbsp;&nbsp;70,00<br \/>\n        Valor de una acci\u00f3n despu\u00e9s ampliaci\u00f3n &#8212;&#8212;&#8212; &#8230;&#8230;&#8230;<br \/>\n&nbsp;&nbsp;&nbsp;&nbsp;&nbsp;&nbsp;&nbsp;&nbsp;&nbsp;&nbsp;&nbsp;&nbsp;&nbsp;&nbsp;&nbsp;&nbsp;&nbsp;&nbsp;&nbsp;&nbsp;&nbsp;&nbsp;&nbsp;&nbsp;&nbsp;&nbsp;&nbsp;&nbsp;&nbsp;&nbsp;&nbsp;&nbsp;&nbsp;&nbsp;&nbsp;&nbsp;&nbsp;&nbsp;&nbsp;&nbsp;&nbsp;&nbsp;&nbsp;&nbsp;&nbsp;&nbsp;&nbsp;&nbsp;&nbsp;&nbsp;&nbsp;&nbsp;&nbsp;&nbsp;&nbsp;&nbsp;&nbsp;&nbsp;&nbsp;&nbsp;&nbsp;&nbsp;&nbsp;&nbsp;&nbsp;&nbsp;&nbsp;&nbsp;7<\/td>\n<td>10,00 \u20ac<\/td>\n<\/tr>\n<tr>\n<td>\n<p class=\"progress\">&nbsp;<\/p>\n<p class=\"progress\">Valor te\u00f3rico del derecho = 12,00 \u2013 10,00 = 2,00 \u20ac<\/p>\n<\/td>\n<td>&nbsp; <\/td>\n<\/tr>\n<\/table>\n<p>&nbsp;<\/p>\n<p>El planteamiento de la se\u00f1ora Pi consistir\u00e1 en vender X derechos de los 500 disponibles al precio de mercado (2,00 euros). A continuaci\u00f3n, acudir\u00e1 a la ampliaci\u00f3n ejerciendo los derechos no vendidos (500 \u2013 X) seg\u00fan la proporci\u00f3n de la ampliaci\u00f3n (2 x 5) y entregando 5 euros por cada acci\u00f3n suscrita. <\/p>\n<p>Para que su posici\u00f3n de tesorer\u00eda no var\u00ede (no tenga que pagar m\u00e1s dinero del que ha obtenido por la venta de los derechos) tendr\u00e1 que hacer coincidir la cantidad ingresada por la venta de los derechos con la cantidad a pagar por la suscripci\u00f3n de las nuevas acciones. As\u00ed:<\/p>\n<ul>\n<li> Importe obtenido por la venta de X derechos:\n<p>      X x 2,00\n    <\/li>\n<li> Importe a pagar por la compra de Y acciones:\n<p>&nbsp;&nbsp;&nbsp;&nbsp;&nbsp;&nbsp;&nbsp;&nbsp;&nbsp;&nbsp;&nbsp;&nbsp;&nbsp;&nbsp;&nbsp;&nbsp;&nbsp;&nbsp;      &nbsp;&nbsp;2 <br \/>\n      (500 \u2013 X ) x &#8212;- x 5,00 <br \/>\n      &nbsp;&nbsp;&nbsp;&nbsp;&nbsp;&nbsp;&nbsp;&nbsp;&nbsp;&nbsp;&nbsp;&nbsp;&nbsp;&nbsp;&nbsp;&nbsp;&nbsp;&nbsp; &nbsp;&nbsp;5<\/p>\n<p>      Igualando ambas cuant\u00edas: <\/p>\n<p>      &nbsp;&nbsp;&nbsp;&nbsp;&nbsp;&nbsp;&nbsp;&nbsp;&nbsp;&nbsp;&nbsp;&nbsp;&nbsp;&nbsp;&nbsp;&nbsp;&nbsp;&nbsp; &nbsp;&nbsp;&nbsp;&nbsp;&nbsp;&nbsp;&nbsp;&nbsp;&nbsp;&nbsp;&nbsp;&nbsp; 2<br \/>\n      X x 2 = (500 \u2013 X) x &#8212;- x 5<br \/>\n      &nbsp;&nbsp;&nbsp;&nbsp;&nbsp;&nbsp;&nbsp;&nbsp;&nbsp;&nbsp;&nbsp;&nbsp;&nbsp;&nbsp;&nbsp;&nbsp;&nbsp;&nbsp; &nbsp;&nbsp;&nbsp;&nbsp;&nbsp;&nbsp;&nbsp;&nbsp;&nbsp;&nbsp;&nbsp;&nbsp; 5<\/p>\n<p>      X = 250 derechos a vender<\/li>\n<\/ul>\n<p>El n\u00famero de acciones nuevas que se podr\u00e1 suscribir depender\u00e1 de los derechos pendientes de ejercer (500 iniciales \u2013 250 vendidos) y la proporci\u00f3n de la ampliaci\u00f3n (2 x 5). El resultado es:<\/p>\n<p>&nbsp;&nbsp;&nbsp;&nbsp;&nbsp;&nbsp;&nbsp;&nbsp;&nbsp;&nbsp;&nbsp;&nbsp;&nbsp;&nbsp;&nbsp;&nbsp;&nbsp;&nbsp;&nbsp;&nbsp;&nbsp;&nbsp;&nbsp;&nbsp;&nbsp;&nbsp;&nbsp;&nbsp;&nbsp;&nbsp;&nbsp; &nbsp;&nbsp;&nbsp;&nbsp;&nbsp;&nbsp;&nbsp;&nbsp;&nbsp;&nbsp;&nbsp;&nbsp; &nbsp;&nbsp;&nbsp;&nbsp;&nbsp;&nbsp;&nbsp;&nbsp;&nbsp;&nbsp;&nbsp;&nbsp;&nbsp;&nbsp;&nbsp;&nbsp;&nbsp;&nbsp; &nbsp;&nbsp;&nbsp;&nbsp;&nbsp;&nbsp;&nbsp;&nbsp;&nbsp;&nbsp;&nbsp;&nbsp;  2<br \/>\n    N\u00famero de acciones a comprar = (500 \u2013 250) x &#8212;- = 100 acciones<br \/>\n    &nbsp;&nbsp;&nbsp;&nbsp;&nbsp;&nbsp;&nbsp;&nbsp;&nbsp;&nbsp;&nbsp;&nbsp;&nbsp;&nbsp;&nbsp;&nbsp;&nbsp;&nbsp;&nbsp;&nbsp;&nbsp;&nbsp;&nbsp;&nbsp;&nbsp;&nbsp;&nbsp;&nbsp;&nbsp;&nbsp;&nbsp; &nbsp;&nbsp;&nbsp;&nbsp;&nbsp;&nbsp;&nbsp;&nbsp;&nbsp;&nbsp;&nbsp;&nbsp; &nbsp;&nbsp;&nbsp;&nbsp;&nbsp;&nbsp;&nbsp;&nbsp;&nbsp;&nbsp;&nbsp;&nbsp;&nbsp;&nbsp;&nbsp;&nbsp;&nbsp;&nbsp; &nbsp;&nbsp;&nbsp;&nbsp;&nbsp;&nbsp;&nbsp;&nbsp;&nbsp;&nbsp;&nbsp;&nbsp; 5<\/p>\n<\/div>\n<p>&nbsp;<\/p>\n<p>&nbsp;<\/p>\n<div class=\"ejemplo\">\n<p><strong>EJEMPLO 6 <\/strong><\/p>\n<p>Don \u00d3scar posee 1.000 acciones de la sociedad an\u00f3nima \u00abLOZAVI , S.L.\u00bb de 10,00 euros de nominal que anuncia una ampliaci\u00f3n de capital de una acci\u00f3n nueva por cuatro antiguas, a la par. Manteniendo el mismo nominal y con los mismos derechos econ\u00f3micos que las antiguas.<\/p>\n<p>Antes de la ampliaci\u00f3n las acciones de esta sociedad cotizan a 12,00 euros.<\/p>\n<p>Don \u00d3scar desea acudir a la ampliaci\u00f3n suscribiendo las acciones a las que tenga derecho, disponiendo para ello exclusivamente del dinero obtenido por la venta de los derechos de suscripci\u00f3n que no le sean necesarios.<\/p>\n<p>La venta de los derechos supone un gasto de 0,01 euros\/t\u00edtulo m\u00e1s un importe total de 6 euros por diversos conceptos y la realiza por su valor te\u00f3rico.<\/p>\n<p class=\"progress\">Se pide:<\/p>\n<ol class=\"lalpha\">\n<li> N\u00famero de acciones que podr\u00e1 comprar.<\/li>\n<li> Excedente de la operaci\u00f3n.<\/li>\n<\/ol>\n<p class=\"progress\">Soluci\u00f3n:<\/p>\n<p>&nbsp; <\/p>\n<p align=\"center\"><img loading=\"lazy\" decoding=\"async\" src=\"https:\/\/blogs.udima.es\/administracion-y-direccion-de-empresas\/images_book\/p651-01.png\" width=\"356\" height=\"164\" \/><\/p>\n<p>&nbsp;<\/p>\n<table border=\"1\" align=\"center\" cellpadding=\"5\" cellspacing=\"0\">\n<tr>\n<td>4 t\u00edtulos antiguos valen 4 x 12 &#8230;&#8230;&#8230;&#8230;&#8230;&#8230;&#8230;&#8230;&#8230;&#8230;&#8230;&#8230;<\/td>\n<td>48,00 \u20ac<\/td>\n<\/tr>\n<tr>\n<td>Por 1 t\u00edtulo nuevo se desembolsan &#8230;&#8230;&#8230;&#8230;&#8230;&#8230;&#8230;&#8230;..<\/td>\n<td>10,00 \u20ac<\/td>\n<\/tr>\n<tr>\n<td colspan=\"2\">&#8212;&#8212;&#8212;&#8212;&#8212;&#8212;&#8212;&#8212;&#8212;&#8212;&#8212;&#8212;&#8212;&#8212;&#8212;&#8212;&#8212;&#8212;&#8212;&#8212;&#8212;&#8212;&#8212;&#8212;&#8212;&#8212;&#8211;<\/td>\n<\/tr>\n<tr>\n<td> 5 t\u00edtulos despu\u00e9s de la ampliaci\u00f3n valen &#8230;&#8230;&#8230;&#8230;&#8230;&#8230;&#8230;<\/td>\n<td>58,00 \u20ac<\/td>\n<\/tr>\n<tr>\n<td>\nValor de una acci\u00f3n antes ampliaci\u00f3n &#8230;&#8230;&#8230;&#8230;&#8230;&#8230;&#8230;&#8230;..<\/td>\n<td>12,00 \u20ac<\/td>\n<\/tr>\n<tr>\n<td>&nbsp;&nbsp;&nbsp;&nbsp;&nbsp;&nbsp;&nbsp;&nbsp;&nbsp;&nbsp;&nbsp;&nbsp;&nbsp;&nbsp;&nbsp;&nbsp;&nbsp;&nbsp;&nbsp;&nbsp;&nbsp;&nbsp;&nbsp;&nbsp;&nbsp;&nbsp;&nbsp;&nbsp;&nbsp;&nbsp;&nbsp;&nbsp;&nbsp;&nbsp;&nbsp;&nbsp;&nbsp;&nbsp;&nbsp;&nbsp;&nbsp;&nbsp;&nbsp;&nbsp;&nbsp;&nbsp;&nbsp;&nbsp;&nbsp;&nbsp;&nbsp;&nbsp;&nbsp;&nbsp;&nbsp;&nbsp;&nbsp;&nbsp;&nbsp;&nbsp;&nbsp;&nbsp;&nbsp;&nbsp;&nbsp;58,00<br \/>\n      Valor de una acci\u00f3n despu\u00e9s ampliaci\u00f3n  &#8212;&#8212;&#8212; &#8230;&#8230;&#8230;<br \/>\n&nbsp;&nbsp;&nbsp;&nbsp;&nbsp;&nbsp;&nbsp;&nbsp;&nbsp;&nbsp;&nbsp;&nbsp;&nbsp;&nbsp;&nbsp;&nbsp;&nbsp;&nbsp;&nbsp;&nbsp;&nbsp;&nbsp;&nbsp;&nbsp;&nbsp;&nbsp;&nbsp;&nbsp;&nbsp;&nbsp;&nbsp;&nbsp;&nbsp;&nbsp;&nbsp;&nbsp;&nbsp;&nbsp;&nbsp;&nbsp;&nbsp;&nbsp;&nbsp;&nbsp;&nbsp;&nbsp;&nbsp;&nbsp;&nbsp;&nbsp;&nbsp;&nbsp;&nbsp;&nbsp;&nbsp;&nbsp;&nbsp;&nbsp;&nbsp;&nbsp;&nbsp;&nbsp;&nbsp;&nbsp;&nbsp;&nbsp;&nbsp;&nbsp;5<\/td>\n<td>11,60 \u20ac<\/td>\n<\/tr>\n<tr>\n<td>\n<p class=\"progress\">&nbsp;<\/p>\n<p class=\"progress\">Valor te\u00f3rico del derecho = 12,00 \u2013 11,60 = 0,40 \u20ac<\/p>\n<\/td>\n<td>&nbsp; <\/td>\n<\/tr>\n<\/table>\n<p>&nbsp;<\/p>\n<p>Don \u00d3scar vender\u00e1 X derechos de los 1.000 disponibles al precio de mercado (0,40 euros). A continuaci\u00f3n, acudir\u00e1 a la ampliaci\u00f3n ejerciendo los derechos no vendidos (1.000 \u2013 X) seg\u00fan la proporci\u00f3n de la ampliaci\u00f3n (1 x 4) y entregando 10,00 euros por cada acci\u00f3n suscrita. <\/p>\n<p>Para que su posici\u00f3n de tesorer\u00eda no var\u00ede (no tenga que pagar m\u00e1s dinero del que ha obtenido por la venta de los derechos) tendr\u00e1 que hacer coincidir la cantidad ingresada por la venta de los derechos \u2013gastos incluidos\u2013 con la cantidad a pagar por la suscripci\u00f3n de las nuevas acciones. As\u00ed:<\/p>\n<ul>\n<li> Importe obtenido por la venta de X derechos:\n<p>      X x (0,40 \u2013 0,01) \u2013 6,00\n    <\/li>\n<li> Importe a pagar por la compra de Y acciones:\n<p>      &nbsp;&nbsp;&nbsp;&nbsp;&nbsp;&nbsp;&nbsp;&nbsp;&nbsp;&nbsp;&nbsp;&nbsp;&nbsp;&nbsp;&nbsp;&nbsp;&nbsp;&nbsp;&nbsp;&nbsp;&nbsp;&nbsp;&nbsp;1<br \/>\n      (1.000 \u2013 X) x &#8212;- x 10,00<br \/>\n      &nbsp;&nbsp;&nbsp;&nbsp;&nbsp;&nbsp;&nbsp;&nbsp;&nbsp;&nbsp;&nbsp;&nbsp;&nbsp;&nbsp;&nbsp;&nbsp;&nbsp;&nbsp;&nbsp;&nbsp;&nbsp;&nbsp;&nbsp;4<\/p>\n<p>      Igualando ambas cuant\u00edas: <\/p>\n<p>      &nbsp;&nbsp;&nbsp;&nbsp;&nbsp;&nbsp;&nbsp;&nbsp;&nbsp;&nbsp;&nbsp;&nbsp;&nbsp;&nbsp;&nbsp;&nbsp;&nbsp;&nbsp;&nbsp;&nbsp;&nbsp;&nbsp;&nbsp;&nbsp;&nbsp;&nbsp;&nbsp;&nbsp;&nbsp;&nbsp;&nbsp;&nbsp;&nbsp;&nbsp;&nbsp;&nbsp;&nbsp;&nbsp;&nbsp;&nbsp;&nbsp;&nbsp;&nbsp;&nbsp;&nbsp;&nbsp;&nbsp;&nbsp;&nbsp;&nbsp;&nbsp;&nbsp;&nbsp;&nbsp;&nbsp;&nbsp;&nbsp;&nbsp;&nbsp;&nbsp;&nbsp;&nbsp;&nbsp;&nbsp;1<br \/>\n      X x (0,40 \u2013 0,01) \u2013 6,00 = (1.000 \u2013 X) x &#8212;- x 10,00<br \/>\n      &nbsp;&nbsp;&nbsp;&nbsp;&nbsp;&nbsp;&nbsp;&nbsp;&nbsp;&nbsp;&nbsp;&nbsp;&nbsp;&nbsp;&nbsp;&nbsp;&nbsp;&nbsp;&nbsp;&nbsp;&nbsp;&nbsp;&nbsp;&nbsp;&nbsp;&nbsp;&nbsp;&nbsp;&nbsp;&nbsp;&nbsp;&nbsp;&nbsp;&nbsp;&nbsp;&nbsp;&nbsp;&nbsp;&nbsp;&nbsp;&nbsp;&nbsp;&nbsp;&nbsp;&nbsp;&nbsp;&nbsp;&nbsp;&nbsp;&nbsp;&nbsp;&nbsp;&nbsp;&nbsp;&nbsp;&nbsp;&nbsp;&nbsp;&nbsp;&nbsp;&nbsp;&nbsp;&nbsp;&nbsp;4<\/p>\n<p>      <img loading=\"lazy\" decoding=\"async\" src=\"https:\/\/blogs.udima.es\/administracion-y-direccion-de-empresas\/images_book\/p652-01.png\" width=\"290\" height=\"52\" \/><\/li>\n<\/ul>\n<p>El n\u00famero de acciones nuevas que se podr\u00e1 suscribir depender\u00e1 de los derechos pendientes de ejercer (1.000 iniciales \u2013 868 vendidos) y la proporci\u00f3n de la ampliaci\u00f3n (1 x 4). El resultado es:<\/p>\n<blockquote>\n<table border=\"0\" align=\"left\" cellpadding=\"5\" cellspacing=\"0\">\n<tr>\n<td>&nbsp;&nbsp;&nbsp;&nbsp;&nbsp;&nbsp;&nbsp;&nbsp;&nbsp;&nbsp;&nbsp;&nbsp;&nbsp;&nbsp;&nbsp;&nbsp;&nbsp;&nbsp;&nbsp;&nbsp;&nbsp;&nbsp;&nbsp;&nbsp;&nbsp;&nbsp;&nbsp;&nbsp;&nbsp;&nbsp;&nbsp;&nbsp;&nbsp;&nbsp;&nbsp;&nbsp;&nbsp;&nbsp;&nbsp;&nbsp;&nbsp;&nbsp;&nbsp;&nbsp;&nbsp;&nbsp;&nbsp;&nbsp;&nbsp;&nbsp;&nbsp;&nbsp;&nbsp;&nbsp;&nbsp;&nbsp;&nbsp;&nbsp;&nbsp;&nbsp;&nbsp;&nbsp;&nbsp;&nbsp;&nbsp;&nbsp;&nbsp;&nbsp;&nbsp;&nbsp;&nbsp;&nbsp;&nbsp;&nbsp;&nbsp;&nbsp;&nbsp;&nbsp;&nbsp;&nbsp;&nbsp;&nbsp;&nbsp;&nbsp;<span class=\"progress\">&nbsp;&nbsp;1<br \/>\n      N\u00famero de acciones a comprar = (1.000 \u2013 868) x &#8212;- = 33 acciones <br \/>\n&nbsp;&nbsp;&nbsp;&nbsp;&nbsp;&nbsp;&nbsp;&nbsp;&nbsp;&nbsp;&nbsp;&nbsp;&nbsp;&nbsp;&nbsp;&nbsp;&nbsp;&nbsp;&nbsp;&nbsp;&nbsp;&nbsp;&nbsp;&nbsp;&nbsp;&nbsp;&nbsp;&nbsp;&nbsp;&nbsp;&nbsp;&nbsp;&nbsp;&nbsp;&nbsp;&nbsp;&nbsp;&nbsp;&nbsp;&nbsp;&nbsp;&nbsp;&nbsp;&nbsp;&nbsp;&nbsp;&nbsp;&nbsp;&nbsp;&nbsp;&nbsp;&nbsp;&nbsp;&nbsp;&nbsp;&nbsp;&nbsp;&nbsp;&nbsp;&nbsp;&nbsp;&nbsp;&nbsp;&nbsp;&nbsp;&nbsp;&nbsp;&nbsp;&nbsp;&nbsp;&nbsp;&nbsp;&nbsp;&nbsp;&nbsp;&nbsp;&nbsp;&nbsp;&nbsp;&nbsp;&nbsp;&nbsp;&nbsp;&nbsp;&nbsp;&nbsp;4<\/span><\/td>\n<\/tr>\n<\/table>\n<p><span class=\"progress\"><br \/>\n&nbsp;<\/span><\/p>\n<p>&nbsp;<\/p>\n<\/blockquote>\n<p>&nbsp;<\/p>\n<table border=\"0\" align=\"center\" cellpadding=\"5\" cellspacing=\"0\">\n<tr>\n<td>Importe neto obtenido por venta derechos [868 x (0,40 \u2013 0,01) \u2013 6,00] &#8230;.. <\/td>\n<td>\n<div align=\"right\">332,52 \u20ac<\/div>\n<\/td>\n<\/tr>\n<tr>\n<td>Importe a pagar por compra acciones (33 x 10,00) &#8230;&#8230;&#8230;&#8230;&#8230;&#8230;&#8230;&#8230;&#8230;&#8230;&#8230;&#8230;.. <\/td>\n<td>\n<div align=\"right\"> 330,00 \u20ac<\/div>\n<\/td>\n<\/tr>\n<tr>\n<td colspan=\"2\">&#8212;&#8212;&#8212;&#8212;&#8212;&#8212;&#8212;&#8212;&#8212;&#8212;&#8212;&#8212;&#8212;&#8212;&#8212;&#8212;&#8212;&#8212;&#8212;&#8212;&#8212;&#8212;&#8212;&#8212;&#8212;&#8212;&#8212;&#8212;&#8212;&#8212;&#8212;&#8212;&#8212;&#8212;&#8212;&#8212;<\/td>\n<\/tr>\n<tr>\n<td><span class=\"progress\">Excedente monetario<\/span> (332,52 \u2013 330,00) &#8230;&#8230;&#8230;&#8230;&#8230;&#8230;&#8230;&#8230;&#8230;&#8230;&#8230;&#8230;&#8230;&#8230;&#8230;&#8230;&#8230;..<\/td>\n<td>\n<div align=\"right\">2,52 \u20ac<\/div>\n<\/td>\n<\/tr>\n<\/table>\n<p>&nbsp;<\/p>\n<p> Aunque en el planteamiento inicial se igual\u00f3 el importe obtenido en la venta de los derechos con el precio a pagar por las acciones nuevas, se ha realizado un redondeo (por exceso) en el n\u00famero de derechos vendidos, lo que ha generado ese excedente a favor del accionista. <\/p>\n<\/div>\n<p>&nbsp;<\/p>\n","protected":false},"excerpt":{"rendered":"<p>Se denomina ampliaci\u00f3n blanca (o ampliaci\u00f3n mixta compensada) a aquella en la que el accionista acude a la ampliaci\u00f3n ejercitando s\u00f3lo una parte de los derechos de suscripci\u00f3n que posee, vendiendo los restantes de forma que, con el dinero obtenido de la venta de esos derechos, obtenga la cantidad que tiene que pagar por la [&hellip;]<\/p>\n","protected":false},"author":27,"featured_media":0,"parent":0,"menu_order":6030,"comment_status":"closed","ping_status":"closed","template":"","meta":{"footnotes":""},"yoast_head":"<!-- This site is optimized with the Yoast SEO plugin v22.9 - https:\/\/yoast.com\/wordpress\/plugins\/seo\/ -->\n<title>3. Ampliaci\u00f3n blanca - Blog de ADE<\/title>\n<meta name=\"robots\" content=\"index, follow, max-snippet:-1, max-image-preview:large, max-video-preview:-1\" \/>\n<link rel=\"canonical\" href=\"https:\/\/blogs.udima.es\/administracion-y-direccion-de-empresas\/ampliacion-blanca-p54-htm\/\" \/>\n<meta property=\"og:locale\" content=\"es_ES\" \/>\n<meta property=\"og:type\" content=\"article\" \/>\n<meta property=\"og:title\" content=\"3. Ampliaci\u00f3n blanca - Blog de ADE\" \/>\n<meta property=\"og:description\" content=\"Se denomina ampliaci\u00f3n blanca (o ampliaci\u00f3n mixta compensada) a aquella en la que el accionista acude a la ampliaci\u00f3n ejercitando s\u00f3lo una parte de los derechos de suscripci\u00f3n que posee, vendiendo los restantes de forma que, con el dinero obtenido de la venta de esos derechos, obtenga la cantidad que tiene que pagar por la [&hellip;]\" \/>\n<meta property=\"og:url\" content=\"https:\/\/blogs.udima.es\/administracion-y-direccion-de-empresas\/ampliacion-blanca-p54-htm\/\" \/>\n<meta property=\"og:site_name\" content=\"Blog de ADE - Universidad a Distancia de Madrid | UDIMA\" \/>\n<meta property=\"article:modified_time\" content=\"2016-07-15T12:50:19+00:00\" \/>\n<meta property=\"og:image\" content=\"https:\/\/blogs.udima.es\/administracion-y-direccion-de-empresas\/images_book\/p649-01.png\" \/>\n<meta name=\"twitter:card\" content=\"summary_large_image\" \/>\n<meta name=\"twitter:label1\" content=\"Tiempo de lectura\" \/>\n\t<meta name=\"twitter:data1\" content=\"10 minutos\" \/>\n<script type=\"application\/ld+json\" class=\"yoast-schema-graph\">{\"@context\":\"https:\/\/schema.org\",\"@graph\":[{\"@type\":\"WebPage\",\"@id\":\"https:\/\/blogs.udima.es\/administracion-y-direccion-de-empresas\/ampliacion-blanca-p54-htm\/\",\"url\":\"https:\/\/blogs.udima.es\/administracion-y-direccion-de-empresas\/ampliacion-blanca-p54-htm\/\",\"name\":\"3. Ampliaci\u00f3n blanca - Blog de ADE\",\"isPartOf\":{\"@id\":\"https:\/\/blogs.udima.es\/administracion-y-direccion-de-empresas\/#website\"},\"primaryImageOfPage\":{\"@id\":\"https:\/\/blogs.udima.es\/administracion-y-direccion-de-empresas\/ampliacion-blanca-p54-htm\/#primaryimage\"},\"image\":{\"@id\":\"https:\/\/blogs.udima.es\/administracion-y-direccion-de-empresas\/ampliacion-blanca-p54-htm\/#primaryimage\"},\"thumbnailUrl\":\"https:\/\/blogs.udima.es\/administracion-y-direccion-de-empresas\/images_book\/p649-01.png\",\"datePublished\":\"2016-07-15T12:49:37+00:00\",\"dateModified\":\"2016-07-15T12:50:19+00:00\",\"breadcrumb\":{\"@id\":\"https:\/\/blogs.udima.es\/administracion-y-direccion-de-empresas\/ampliacion-blanca-p54-htm\/#breadcrumb\"},\"inLanguage\":\"es\",\"potentialAction\":[{\"@type\":\"ReadAction\",\"target\":[\"https:\/\/blogs.udima.es\/administracion-y-direccion-de-empresas\/ampliacion-blanca-p54-htm\/\"]}]},{\"@type\":\"ImageObject\",\"inLanguage\":\"es\",\"@id\":\"https:\/\/blogs.udima.es\/administracion-y-direccion-de-empresas\/ampliacion-blanca-p54-htm\/#primaryimage\",\"url\":\"https:\/\/blogs.udima.es\/administracion-y-direccion-de-empresas\/images_book\/p649-01.png\",\"contentUrl\":\"https:\/\/blogs.udima.es\/administracion-y-direccion-de-empresas\/images_book\/p649-01.png\"},{\"@type\":\"BreadcrumbList\",\"@id\":\"https:\/\/blogs.udima.es\/administracion-y-direccion-de-empresas\/ampliacion-blanca-p54-htm\/#breadcrumb\",\"itemListElement\":[{\"@type\":\"ListItem\",\"position\":1,\"name\":\"Portada\",\"item\":\"https:\/\/blogs.udima.es\/administracion-y-direccion-de-empresas\/\"},{\"@type\":\"ListItem\",\"position\":2,\"name\":\"3. Ampliaci\u00f3n blanca\"}]},{\"@type\":\"WebSite\",\"@id\":\"https:\/\/blogs.udima.es\/administracion-y-direccion-de-empresas\/#website\",\"url\":\"https:\/\/blogs.udima.es\/administracion-y-direccion-de-empresas\/\",\"name\":\"Blog de ADE - Universidad a Distancia de Madrid | UDIMA\",\"description\":\"\",\"potentialAction\":[{\"@type\":\"SearchAction\",\"target\":{\"@type\":\"EntryPoint\",\"urlTemplate\":\"https:\/\/blogs.udima.es\/administracion-y-direccion-de-empresas\/?s={search_term_string}\"},\"query-input\":\"required name=search_term_string\"}],\"inLanguage\":\"es\"}]}<\/script>\n<!-- \/ Yoast SEO plugin. -->","yoast_head_json":{"title":"3. Ampliaci\u00f3n blanca - Blog de ADE","robots":{"index":"index","follow":"follow","max-snippet":"max-snippet:-1","max-image-preview":"max-image-preview:large","max-video-preview":"max-video-preview:-1"},"canonical":"https:\/\/blogs.udima.es\/administracion-y-direccion-de-empresas\/ampliacion-blanca-p54-htm\/","og_locale":"es_ES","og_type":"article","og_title":"3. Ampliaci\u00f3n blanca - Blog de ADE","og_description":"Se denomina ampliaci\u00f3n blanca (o ampliaci\u00f3n mixta compensada) a aquella en la que el accionista acude a la ampliaci\u00f3n ejercitando s\u00f3lo una parte de los derechos de suscripci\u00f3n que posee, vendiendo los restantes de forma que, con el dinero obtenido de la venta de esos derechos, obtenga la cantidad que tiene que pagar por la [&hellip;]","og_url":"https:\/\/blogs.udima.es\/administracion-y-direccion-de-empresas\/ampliacion-blanca-p54-htm\/","og_site_name":"Blog de ADE - Universidad a Distancia de Madrid | UDIMA","article_modified_time":"2016-07-15T12:50:19+00:00","og_image":[{"url":"https:\/\/blogs.udima.es\/administracion-y-direccion-de-empresas\/images_book\/p649-01.png"}],"twitter_card":"summary_large_image","twitter_misc":{"Tiempo de lectura":"10 minutos"},"schema":{"@context":"https:\/\/schema.org","@graph":[{"@type":"WebPage","@id":"https:\/\/blogs.udima.es\/administracion-y-direccion-de-empresas\/ampliacion-blanca-p54-htm\/","url":"https:\/\/blogs.udima.es\/administracion-y-direccion-de-empresas\/ampliacion-blanca-p54-htm\/","name":"3. Ampliaci\u00f3n blanca - Blog de ADE","isPartOf":{"@id":"https:\/\/blogs.udima.es\/administracion-y-direccion-de-empresas\/#website"},"primaryImageOfPage":{"@id":"https:\/\/blogs.udima.es\/administracion-y-direccion-de-empresas\/ampliacion-blanca-p54-htm\/#primaryimage"},"image":{"@id":"https:\/\/blogs.udima.es\/administracion-y-direccion-de-empresas\/ampliacion-blanca-p54-htm\/#primaryimage"},"thumbnailUrl":"https:\/\/blogs.udima.es\/administracion-y-direccion-de-empresas\/images_book\/p649-01.png","datePublished":"2016-07-15T12:49:37+00:00","dateModified":"2016-07-15T12:50:19+00:00","breadcrumb":{"@id":"https:\/\/blogs.udima.es\/administracion-y-direccion-de-empresas\/ampliacion-blanca-p54-htm\/#breadcrumb"},"inLanguage":"es","potentialAction":[{"@type":"ReadAction","target":["https:\/\/blogs.udima.es\/administracion-y-direccion-de-empresas\/ampliacion-blanca-p54-htm\/"]}]},{"@type":"ImageObject","inLanguage":"es","@id":"https:\/\/blogs.udima.es\/administracion-y-direccion-de-empresas\/ampliacion-blanca-p54-htm\/#primaryimage","url":"https:\/\/blogs.udima.es\/administracion-y-direccion-de-empresas\/images_book\/p649-01.png","contentUrl":"https:\/\/blogs.udima.es\/administracion-y-direccion-de-empresas\/images_book\/p649-01.png"},{"@type":"BreadcrumbList","@id":"https:\/\/blogs.udima.es\/administracion-y-direccion-de-empresas\/ampliacion-blanca-p54-htm\/#breadcrumb","itemListElement":[{"@type":"ListItem","position":1,"name":"Portada","item":"https:\/\/blogs.udima.es\/administracion-y-direccion-de-empresas\/"},{"@type":"ListItem","position":2,"name":"3. Ampliaci\u00f3n blanca"}]},{"@type":"WebSite","@id":"https:\/\/blogs.udima.es\/administracion-y-direccion-de-empresas\/#website","url":"https:\/\/blogs.udima.es\/administracion-y-direccion-de-empresas\/","name":"Blog de ADE - Universidad a Distancia de Madrid | UDIMA","description":"","potentialAction":[{"@type":"SearchAction","target":{"@type":"EntryPoint","urlTemplate":"https:\/\/blogs.udima.es\/administracion-y-direccion-de-empresas\/?s={search_term_string}"},"query-input":"required name=search_term_string"}],"inLanguage":"es"}]}},"_links":{"self":[{"href":"https:\/\/blogs.udima.es\/administracion-y-direccion-de-empresas\/wp-json\/wp\/v2\/pages\/2044"}],"collection":[{"href":"https:\/\/blogs.udima.es\/administracion-y-direccion-de-empresas\/wp-json\/wp\/v2\/pages"}],"about":[{"href":"https:\/\/blogs.udima.es\/administracion-y-direccion-de-empresas\/wp-json\/wp\/v2\/types\/page"}],"author":[{"embeddable":true,"href":"https:\/\/blogs.udima.es\/administracion-y-direccion-de-empresas\/wp-json\/wp\/v2\/users\/27"}],"replies":[{"embeddable":true,"href":"https:\/\/blogs.udima.es\/administracion-y-direccion-de-empresas\/wp-json\/wp\/v2\/comments?post=2044"}],"version-history":[{"count":2,"href":"https:\/\/blogs.udima.es\/administracion-y-direccion-de-empresas\/wp-json\/wp\/v2\/pages\/2044\/revisions"}],"predecessor-version":[{"id":2046,"href":"https:\/\/blogs.udima.es\/administracion-y-direccion-de-empresas\/wp-json\/wp\/v2\/pages\/2044\/revisions\/2046"}],"wp:attachment":[{"href":"https:\/\/blogs.udima.es\/administracion-y-direccion-de-empresas\/wp-json\/wp\/v2\/media?parent=2044"}],"curies":[{"name":"wp","href":"https:\/\/api.w.org\/{rel}","templated":true}]}}