{"id":2035,"date":"2016-07-15T12:44:05","date_gmt":"2016-07-15T12:44:05","guid":{"rendered":"http:\/\/blogs.udima.es\/administracion-y-direccion-de-empresas\/?page_id=2035"},"modified":"2016-07-15T12:45:26","modified_gmt":"2016-07-15T12:45:26","slug":"introduccion-p8-htm","status":"publish","type":"page","link":"https:\/\/blogs.udima.es\/administracion-y-direccion-de-empresas\/introduccion-p8-htm\/","title":{"rendered":"1. Introducci\u00f3n"},"content":{"rendered":"<p>Se entiende por activo todo bien que se posee y que tiene un valor de cambio.<\/p>\n<p>Los activos se pueden clasificar en:<\/p>\n<ul>\n<li> Tangibles: bienes que poseen unas propiedades f\u00edsicas espec\u00edficas.<\/li>\n<li> Intangibles: bienes que proporcionan el derecho a percibir un beneficio futuro y que son independientes del soporte f\u00edsico.<\/li>\n<\/ul>\n<p>Los activos financieros (valores mobiliarios) son, por tanto, activos intangibles.<\/p>\n<h2>1.1. CONCEPTO<\/h2>\n<p> Los valores mobiliarios son documentos representativos de la participaci\u00f3n de una persona en una sociedad, bien como prestamista (activos financieros de deuda), bien como propietario (activos financieros en propiedad), de la misma.<\/p>\n<h2>1.2. MOTIVOS PARA INVERTIR EN VALORES MOBILIARIOS<\/h2>\n<ul>\n<li> Por motivo de rentabilidad: comprar t\u00edtulos con intenci\u00f3n de mantenerlos en cartera y recibir por ellos una renta.<\/li>\n<li> Por motivo de especulaci\u00f3n: operaci\u00f3n a corto plazo con objeto de vender a precio superior al de compra.<\/li>\n<li> Por motivo de control: para tener mayor poder de decisi\u00f3n y poder controlar la sociedad.<\/li>\n<\/ul>\n<h2>1.3. CLASES DE VALORES MOBILIARIOS<\/h2>\n<p> Atendiendo a la condici\u00f3n que adquiere el propietario de los t\u00edtulos, los valores mobiliarios se pueden clasificar de la siguiente forma:<\/p>\n<ul>\n<li> Valores mobiliarios de renta variable: acciones.<br \/>\n    Reconocen a su titular como propietario de la sociedad emisora, y, por tanto, part\u00edcipe en los resultados de la empresa.<\/li>\n<li> Valores mobiliarios de renta fija: privada y p\u00fablica.<br \/>\n    El emisor del t\u00edtulo reconoce al poseedor del t\u00edtulo (inversor) la cuant\u00eda de una deuda que tiene contra\u00edda con \u00e9l.<br \/>\n    El poseedor del t\u00edtulo tiene derecho a percibir un inter\u00e9s, que se denomina \u00abcup\u00f3n\u00bb, y, en una fecha, que se denomina \u00abfecha de amortizaci\u00f3n\u00bb, tiene derecho a percibir la cantidad escriturada.<\/li>\n<li> Valores mobiliarios de renta fija convertibles en acciones.<br \/>\n    Acreditan a su titular como prestamista pero con la posibilidad de cambiarlos por acciones en los plazos y condiciones que se hayan fijado, si as\u00ed lo desea el prestamista.<\/li>\n<\/ul>\n<h2>1.4. FORMAS DE ADQUISICI\u00d3N DE VALORES MOBILIARIOS<\/h2>\n<ul>\n<li>  En mercado primario: suscripci\u00f3n de t\u00edtulos nuevos emitidos por la sociedad.<\/li>\n<li> En mercado secundario: compra a un antiguo propietario de un t\u00edtulo ya existente.<\/li>\n<\/ul>\n<h2>1.5.<br \/>\nESQUEMA DE UNA OPERACI\u00d3N DE COMPRA-VENTA EN UN MERCADO SECUNDARIO<\/h2>\n<h2> 1.6. TERMINOLOG\u00cdA<\/h2>\n<p> En cualquier t\u00edtulo mobiliario hay que distinguir distintos valores:<\/p>\n<ul>\n<li> Valor nominal. Es el que va impreso en el t\u00edtulo.<br \/>\n    Lo decide la entidad emisora (0,5, 1, 100 euros, \u2026).<\/li>\n<li> Valor de emisi\u00f3n. Es por el que se ponen en circulaci\u00f3n.<br \/>\n    Se suele expresar en porcentaje sobre el valor nominal.<\/li>\n<li> Valor de cotizaci\u00f3n. El precio de un t\u00edtulo en el mercado en un momento dado.<\/li>\n<\/ul>\n<h2>1.7. CARACTER\u00cdSTICAS DE UNA EMISI\u00d3N DE RENTA FIJA<\/h2>\n<p> En el folleto de emisi\u00f3n de t\u00edtulos de renta fija aparecer\u00e1 la siguiente informaci\u00f3n, de inter\u00e9s para el suscriptor:<\/p>\n<ol class=\"lalpha\">\n<li> El importe total de la emisi\u00f3n.<\/li>\n<li> N\u00famero de t\u00edtulos emitidos.<\/li>\n<li> Nominal de cada t\u00edtulo.<\/li>\n<li> Precio de emisi\u00f3n de los t\u00edtulos:<br \/>\n    \u2022 A la par (por su valor nominal).<br \/>\n    \u2022 Bajo la par (precio inferior al nominal).<\/li>\n<li> El inter\u00e9s que se va a pagar:<br \/>\n    \u2022 Expresado en porcentaje sobre el nominal del t\u00edtulo (anual, semestral,\u2026).<br \/>\n    \u2022 Puede ser fijo o variable \u2013referenciado a un \u00edndice\u2013.<br \/>\n    \u2022 Posibilidad de un cup\u00f3n cero (no hay cup\u00f3n peri\u00f3dico).<\/li>\n<li> El per\u00edodo de amortizaci\u00f3n, indicando asimismo la forma de amortizaci\u00f3n de los t\u00edtulos:<br \/>\n    \u2022 Todos los t\u00edtulos en el mismo momento.<br \/>\n    \u2022 En varios momentos distintos, por sorteos.<br \/>\n    \u2022 En varios momentos distintos, por reducci\u00f3n del nominal.<br \/>\n    \u2022 Mediante amortizaci\u00f3n anticipada (si est\u00e1 prevista en las condiciones de emisi\u00f3n).<br \/>\n    \u2022 Sin plazo de amortizaci\u00f3n (deuda perpetua).<\/li>\n<li> El precio de amortizaci\u00f3n:<br \/>\n    \u2022 A la par (reembolso por el nominal).<br \/>\n    \u2022 Sobre la par o con prima de amortizaci\u00f3n (devoluci\u00f3n por encima del nominal).<\/li>\n<\/ol>\n<h2>1.8. CARACTER\u00cdSTICAS DE UNA EMISI\u00d3N DE RENTA VARIABLE<\/h2>\n<p> La acci\u00f3n es un valor mobiliario que representa una parte proporcional del capital social de una sociedad.<\/p>\n<p>El accionista (titular de una acci\u00f3n) es propietario de la sociedad, participando del riesgo econ\u00f3mico de la sociedad y de los resultados de la misma. Si en un momento dado desea abandonar la sociedad no tiene otra alternativa que la venta de las acciones a un precio determinado por la libre negociaci\u00f3n en el mercado secundario.<\/p>\n<p> Entre otras cosas, en una emisi\u00f3n de acciones se indica:<\/p>\n<ol class=\"lalpha\">\n<li> El nominal de cada t\u00edtulo.<\/li>\n<li> El precio de emisi\u00f3n del t\u00edtulo:<br \/>\n    \u2022 A la par.<br \/>\n    \u2022 Sobre la par.<br \/>\n    \u2022 A la par, parcial o totalmente liberada, en cuyo caso el accionista paga una parte \u2013liberada parcial\u2013 o nada \u2013liberada total\u2013 y el resto lo aporta la sociedad emisora con cargo a sus fondos propios.<\/li>\n<li> Plazo de suscripci\u00f3n.<br \/>\n    Per\u00edodo en el que se puede comprar esos t\u00edtulos.<\/li>\n<li> El desembolso a realizar en el momento de la compra (m\u00ednimo el 25% del nominal y el 100% de la prima).<\/li>\n<li> El momento a partir del cual esas acciones tendr\u00e1n derecho a dividendo.<\/li>\n<li> La fecha a partir de la cual las acciones nuevas que se emitan tendr\u00e1n los mismos derechos que las antiguas, si las hubiera.<\/li>\n<li> Si se trata de una ampliaci\u00f3n, la proporci\u00f3n de la ampliaci\u00f3n (relaci\u00f3n entre el n\u00famero de acciones nuevas y el n\u00famero de acciones antiguas que participan en la ampliaci\u00f3n).<\/li>\n<li> Diferencia de dividendo.<br \/>\n    Quiere decir que hay unos beneficios del ejercicio que corresponden a las acciones antiguas en circulaci\u00f3n, a los que no tienen derecho las acciones nuevas que se emiten si la fecha de emisi\u00f3n es posterior al comienzo del ejercicio.<\/li>\n<\/ol>\n<h3>1.8.1. Derechos y obligaciones del accionista<\/h3>\n<h4> 1.8.1.1. Derechos<\/h4>\n<ul>\n<li>  A recibir el dividendo, si la sociedad obtiene beneficios y decide repartirlos.<br \/>\n    Existe obligaci\u00f3n por parte de la sociedad de retener a cuenta del impuesto sobre la renta, pudi\u00e9ndose hablar de:<br \/>\n    \u2013 Dividendo bruto.<br \/>\n    \u2013 Dividendo l\u00edquido (dividendo bruto \u2013 retenci\u00f3n).<br \/>\n    Adem\u00e1s se podr\u00e1 dar:<br \/>\n    \u2013 Dividendo a cuenta, de futuros beneficios.<br \/>\n    \u2013 Dividendo complementario, esto es, la diferencia entre el dividendo definitivo y el entregado a cuenta.<\/li>\n<li> De suscripci\u00f3n preferente en las ampliaciones de capital, en la parte que corresponda y al precio que se se\u00f1ale.<\/li>\n<li> A la parte que le corresponda en el caso de liquidaci\u00f3n de la sociedad.<\/li>\n<li> Al voto en las decisiones, si posee el n\u00famero m\u00ednimo fijado en los estatutos.<\/li>\n<\/ul>\n<h4>1.8.1.2. Obligaciones<\/h4>\n<p> \u2022 La obligaci\u00f3n fundamental es la de pagar, en los plazos previstos, las cantidades pendientes (dividendo pasivo).<\/p>\n","protected":false},"excerpt":{"rendered":"<p>Se entiende por activo todo bien que se posee y que tiene un valor de cambio. Los activos se pueden clasificar en: Tangibles: bienes que poseen unas propiedades f\u00edsicas espec\u00edficas. Intangibles: bienes que proporcionan el derecho a percibir un beneficio futuro y que son independientes del soporte f\u00edsico. Los activos financieros (valores mobiliarios) son, por [&hellip;]<\/p>\n","protected":false},"author":27,"featured_media":0,"parent":0,"menu_order":6010,"comment_status":"closed","ping_status":"closed","template":"","meta":{"footnotes":""},"yoast_head":"<!-- This site is optimized with the Yoast SEO plugin v22.9 - https:\/\/yoast.com\/wordpress\/plugins\/seo\/ -->\n<title>1. Introducci\u00f3n - Blog de ADE<\/title>\n<meta name=\"robots\" content=\"index, follow, max-snippet:-1, max-image-preview:large, max-video-preview:-1\" \/>\n<link rel=\"canonical\" href=\"https:\/\/blogs.udima.es\/administracion-y-direccion-de-empresas\/introduccion-p8-htm\/\" \/>\n<meta property=\"og:locale\" content=\"es_ES\" \/>\n<meta property=\"og:type\" content=\"article\" \/>\n<meta property=\"og:title\" content=\"1. Introducci\u00f3n - Blog de ADE\" \/>\n<meta property=\"og:description\" content=\"Se entiende por activo todo bien que se posee y que tiene un valor de cambio. Los activos se pueden clasificar en: Tangibles: bienes que poseen unas propiedades f\u00edsicas espec\u00edficas. Intangibles: bienes que proporcionan el derecho a percibir un beneficio futuro y que son independientes del soporte f\u00edsico. Los activos financieros (valores mobiliarios) son, por [&hellip;]\" \/>\n<meta property=\"og:url\" content=\"https:\/\/blogs.udima.es\/administracion-y-direccion-de-empresas\/introduccion-p8-htm\/\" \/>\n<meta property=\"og:site_name\" content=\"Blog de ADE - Universidad a Distancia de Madrid | UDIMA\" \/>\n<meta property=\"article:modified_time\" content=\"2016-07-15T12:45:26+00:00\" \/>\n<meta name=\"twitter:card\" content=\"summary_large_image\" \/>\n<meta name=\"twitter:label1\" content=\"Tiempo de lectura\" \/>\n\t<meta name=\"twitter:data1\" content=\"5 minutos\" \/>\n<script type=\"application\/ld+json\" class=\"yoast-schema-graph\">{\"@context\":\"https:\/\/schema.org\",\"@graph\":[{\"@type\":\"WebPage\",\"@id\":\"https:\/\/blogs.udima.es\/administracion-y-direccion-de-empresas\/introduccion-p8-htm\/\",\"url\":\"https:\/\/blogs.udima.es\/administracion-y-direccion-de-empresas\/introduccion-p8-htm\/\",\"name\":\"1. Introducci\u00f3n - Blog de ADE\",\"isPartOf\":{\"@id\":\"https:\/\/blogs.udima.es\/administracion-y-direccion-de-empresas\/#website\"},\"datePublished\":\"2016-07-15T12:44:05+00:00\",\"dateModified\":\"2016-07-15T12:45:26+00:00\",\"breadcrumb\":{\"@id\":\"https:\/\/blogs.udima.es\/administracion-y-direccion-de-empresas\/introduccion-p8-htm\/#breadcrumb\"},\"inLanguage\":\"es\",\"potentialAction\":[{\"@type\":\"ReadAction\",\"target\":[\"https:\/\/blogs.udima.es\/administracion-y-direccion-de-empresas\/introduccion-p8-htm\/\"]}]},{\"@type\":\"BreadcrumbList\",\"@id\":\"https:\/\/blogs.udima.es\/administracion-y-direccion-de-empresas\/introduccion-p8-htm\/#breadcrumb\",\"itemListElement\":[{\"@type\":\"ListItem\",\"position\":1,\"name\":\"Portada\",\"item\":\"https:\/\/blogs.udima.es\/administracion-y-direccion-de-empresas\/\"},{\"@type\":\"ListItem\",\"position\":2,\"name\":\"1. Introducci\u00f3n\"}]},{\"@type\":\"WebSite\",\"@id\":\"https:\/\/blogs.udima.es\/administracion-y-direccion-de-empresas\/#website\",\"url\":\"https:\/\/blogs.udima.es\/administracion-y-direccion-de-empresas\/\",\"name\":\"Blog de ADE - Universidad a Distancia de Madrid | UDIMA\",\"description\":\"\",\"potentialAction\":[{\"@type\":\"SearchAction\",\"target\":{\"@type\":\"EntryPoint\",\"urlTemplate\":\"https:\/\/blogs.udima.es\/administracion-y-direccion-de-empresas\/?s={search_term_string}\"},\"query-input\":\"required name=search_term_string\"}],\"inLanguage\":\"es\"}]}<\/script>\n<!-- \/ Yoast SEO plugin. -->","yoast_head_json":{"title":"1. Introducci\u00f3n - Blog de ADE","robots":{"index":"index","follow":"follow","max-snippet":"max-snippet:-1","max-image-preview":"max-image-preview:large","max-video-preview":"max-video-preview:-1"},"canonical":"https:\/\/blogs.udima.es\/administracion-y-direccion-de-empresas\/introduccion-p8-htm\/","og_locale":"es_ES","og_type":"article","og_title":"1. Introducci\u00f3n - Blog de ADE","og_description":"Se entiende por activo todo bien que se posee y que tiene un valor de cambio. Los activos se pueden clasificar en: Tangibles: bienes que poseen unas propiedades f\u00edsicas espec\u00edficas. Intangibles: bienes que proporcionan el derecho a percibir un beneficio futuro y que son independientes del soporte f\u00edsico. Los activos financieros (valores mobiliarios) son, por [&hellip;]","og_url":"https:\/\/blogs.udima.es\/administracion-y-direccion-de-empresas\/introduccion-p8-htm\/","og_site_name":"Blog de ADE - Universidad a Distancia de Madrid | UDIMA","article_modified_time":"2016-07-15T12:45:26+00:00","twitter_card":"summary_large_image","twitter_misc":{"Tiempo de lectura":"5 minutos"},"schema":{"@context":"https:\/\/schema.org","@graph":[{"@type":"WebPage","@id":"https:\/\/blogs.udima.es\/administracion-y-direccion-de-empresas\/introduccion-p8-htm\/","url":"https:\/\/blogs.udima.es\/administracion-y-direccion-de-empresas\/introduccion-p8-htm\/","name":"1. Introducci\u00f3n - Blog de ADE","isPartOf":{"@id":"https:\/\/blogs.udima.es\/administracion-y-direccion-de-empresas\/#website"},"datePublished":"2016-07-15T12:44:05+00:00","dateModified":"2016-07-15T12:45:26+00:00","breadcrumb":{"@id":"https:\/\/blogs.udima.es\/administracion-y-direccion-de-empresas\/introduccion-p8-htm\/#breadcrumb"},"inLanguage":"es","potentialAction":[{"@type":"ReadAction","target":["https:\/\/blogs.udima.es\/administracion-y-direccion-de-empresas\/introduccion-p8-htm\/"]}]},{"@type":"BreadcrumbList","@id":"https:\/\/blogs.udima.es\/administracion-y-direccion-de-empresas\/introduccion-p8-htm\/#breadcrumb","itemListElement":[{"@type":"ListItem","position":1,"name":"Portada","item":"https:\/\/blogs.udima.es\/administracion-y-direccion-de-empresas\/"},{"@type":"ListItem","position":2,"name":"1. Introducci\u00f3n"}]},{"@type":"WebSite","@id":"https:\/\/blogs.udima.es\/administracion-y-direccion-de-empresas\/#website","url":"https:\/\/blogs.udima.es\/administracion-y-direccion-de-empresas\/","name":"Blog de ADE - Universidad a Distancia de Madrid | UDIMA","description":"","potentialAction":[{"@type":"SearchAction","target":{"@type":"EntryPoint","urlTemplate":"https:\/\/blogs.udima.es\/administracion-y-direccion-de-empresas\/?s={search_term_string}"},"query-input":"required name=search_term_string"}],"inLanguage":"es"}]}},"_links":{"self":[{"href":"https:\/\/blogs.udima.es\/administracion-y-direccion-de-empresas\/wp-json\/wp\/v2\/pages\/2035"}],"collection":[{"href":"https:\/\/blogs.udima.es\/administracion-y-direccion-de-empresas\/wp-json\/wp\/v2\/pages"}],"about":[{"href":"https:\/\/blogs.udima.es\/administracion-y-direccion-de-empresas\/wp-json\/wp\/v2\/types\/page"}],"author":[{"embeddable":true,"href":"https:\/\/blogs.udima.es\/administracion-y-direccion-de-empresas\/wp-json\/wp\/v2\/users\/27"}],"replies":[{"embeddable":true,"href":"https:\/\/blogs.udima.es\/administracion-y-direccion-de-empresas\/wp-json\/wp\/v2\/comments?post=2035"}],"version-history":[{"count":3,"href":"https:\/\/blogs.udima.es\/administracion-y-direccion-de-empresas\/wp-json\/wp\/v2\/pages\/2035\/revisions"}],"predecessor-version":[{"id":2038,"href":"https:\/\/blogs.udima.es\/administracion-y-direccion-de-empresas\/wp-json\/wp\/v2\/pages\/2035\/revisions\/2038"}],"wp:attachment":[{"href":"https:\/\/blogs.udima.es\/administracion-y-direccion-de-empresas\/wp-json\/wp\/v2\/media?parent=2035"}],"curies":[{"name":"wp","href":"https:\/\/api.w.org\/{rel}","templated":true}]}}