{"id":2028,"date":"2016-07-15T12:40:15","date_gmt":"2016-07-15T12:40:15","guid":{"rendered":"http:\/\/blogs.udima.es\/administracion-y-direccion-de-empresas\/?page_id=2028"},"modified":"2016-07-15T12:41:26","modified_gmt":"2016-07-15T12:41:26","slug":"emprestito-de-cupon-periodico-prepagable-i-p62-htm","status":"publish","type":"page","link":"https:\/\/blogs.udima.es\/administracion-y-direccion-de-empresas\/emprestito-de-cupon-periodico-prepagable-i-p62-htm\/","title":{"rendered":"5. Empr\u00e9stito de cup\u00f3n peri\u00f3dico prepagable"},"content":{"rendered":"<p>Se caracteriza porque los cupones se pagan anticipadamente, al principio del pe-r\u00edodo correspondiente, a tipo de inter\u00e9s prepagable (i*), mientras que la amortizaci\u00f3n de t\u00edtulos se sigue realizando al final del per\u00edodo correspondiente.<\/p>\n<p>El esquema de flujos de caja en un empr\u00e9stito a amortizar en n per\u00edodos, a un tanto de inter\u00e9s i* es el siguiente:<\/p>\n<p>&nbsp; <\/p>\n<p><img loading=\"lazy\" decoding=\"async\" src=\"https:\/\/blogs.udima.es\/administracion-y-direccion-de-empresas\/images_book\/p456-01.png\" width=\"557\" height=\"168\" \/><\/p>\n<p>&nbsp;<\/p>\n<p>La estructura gen\u00e9rica del t\u00e9rmino amortizativo (anualidad) en este empr\u00e9stito ser\u00e1 la siguiente:<\/p>\n<p>&nbsp; <\/p>\n<p><img loading=\"lazy\" decoding=\"async\" src=\"https:\/\/blogs.udima.es\/administracion-y-direccion-de-empresas\/images_book\/p457-01.png\" width=\"375\" height=\"68\" \/><\/p>\n<p>&nbsp;<\/p>\n<p>es decir, cada pago realizado incluye los cupones del per\u00edodo que empieza y el valor de reembolso correspondiente al per\u00edodo que acaba, con independencia del importe total del t\u00e9rmino amortizativo, que podr\u00e1 ser constante o variable.<\/p>\n<ul>\n<li><a href=\"https:\/\/blogs.udima.es\/administracion-y-direccion-de-empresas\/5-1-emprestito-cupon-periodico-constante-prepagable-con-anualidad-constante-puro.html\">5.1. Empr\u00e9stito de cup\u00f3n peri\u00f3dico constante prepagable con anualidad constante y puro<\/a><\/li>\n<li><a href=\"https:\/\/blogs.udima.es\/administracion-y-direccion-de-empresas\/5-2-emprestito-cupon-periodico-constante-prepagable-anualidad-constante-con-caracteristicas-comerciales.html\">5.2. Empr\u00e9stito de cup\u00f3n peri\u00f3dico constante prepagable y anualidad constante con caracter\u00edsticas comerciales<\/a><\/li>\n<li><a href=\"https:\/\/blogs.udima.es\/administracion-y-direccion-de-empresas\/5-3-emprestito-cupon-periodico-constante-prepagable-anualidad-variable.html\">5.3. Empr\u00e9stito de cup\u00f3n peri\u00f3dico constante prepagable y anualidad variable<\/a><\/li>\n<li><a href=\"https:\/\/blogs.udima.es\/administracion-y-direccion-de-empresas\/5-4-emprestito-cupon-periodico-constante-prepagable-con-igual-numero-titulos-amortizados-cada-sorteo.html\">5.4. Empr\u00e9stito de cup\u00f3n peri\u00f3dico constante prepagable con igual n\u00famero de t\u00edtulos amortizados en cada sorteo<\/a><\/li>\n<li><a href=\"https:\/\/blogs.udima.es\/administracion-y-direccion-de-empresas\/5-5-emprestito-cupon-periodico-constante-prepagable-con-anualidad-variable-progresion-geometrica-puro.html\">5.5. Empr\u00e9stito de cup\u00f3n peri\u00f3dico constante prepagable con anualidad variable en progresi\u00f3n geom\u00e9trica y puro<\/a><\/li>\n<li><a href=\"https:\/\/blogs.udima.es\/administracion-y-direccion-de-empresas\/5-6-emprestito-cupon-periodico-constante-prepagable-con-anualidad-variable-progresion-aritmetica-puro.html\">5.6. Empr\u00e9stito de cup\u00f3n peri\u00f3dico constante prepagable con anualidad variable en progresi\u00f3n aritm\u00e9tica y puro<\/a><\/li>\n<\/ul>\n","protected":false},"excerpt":{"rendered":"<p>Se caracteriza porque los cupones se pagan anticipadamente, al principio del pe-r\u00edodo correspondiente, a tipo de inter\u00e9s prepagable (i*), mientras que la amortizaci\u00f3n de t\u00edtulos se sigue realizando al final del per\u00edodo correspondiente. El esquema de flujos de caja en un empr\u00e9stito a amortizar en n per\u00edodos, a un tanto de inter\u00e9s i* es el [&hellip;]<\/p>\n","protected":false},"author":27,"featured_media":0,"parent":0,"menu_order":5050,"comment_status":"closed","ping_status":"closed","template":"","meta":{"footnotes":""},"yoast_head":"<!-- This site is optimized with the Yoast SEO plugin v22.9 - https:\/\/yoast.com\/wordpress\/plugins\/seo\/ -->\n<title>5. Empr\u00e9stito de cup\u00f3n peri\u00f3dico prepagable - Blog de ADE<\/title>\n<meta name=\"robots\" content=\"index, follow, max-snippet:-1, max-image-preview:large, max-video-preview:-1\" \/>\n<link rel=\"canonical\" href=\"https:\/\/blogs.udima.es\/administracion-y-direccion-de-empresas\/emprestito-de-cupon-periodico-prepagable-i-p62-htm\/\" \/>\n<meta property=\"og:locale\" content=\"es_ES\" \/>\n<meta property=\"og:type\" content=\"article\" \/>\n<meta property=\"og:title\" content=\"5. Empr\u00e9stito de cup\u00f3n peri\u00f3dico prepagable - Blog de ADE\" \/>\n<meta property=\"og:description\" content=\"Se caracteriza porque los cupones se pagan anticipadamente, al principio del pe-r\u00edodo correspondiente, a tipo de inter\u00e9s prepagable (i*), mientras que la amortizaci\u00f3n de t\u00edtulos se sigue realizando al final del per\u00edodo correspondiente. El esquema de flujos de caja en un empr\u00e9stito a amortizar en n per\u00edodos, a un tanto de inter\u00e9s i* es el [&hellip;]\" \/>\n<meta property=\"og:url\" content=\"https:\/\/blogs.udima.es\/administracion-y-direccion-de-empresas\/emprestito-de-cupon-periodico-prepagable-i-p62-htm\/\" \/>\n<meta property=\"og:site_name\" content=\"Blog de ADE - Universidad a Distancia de Madrid | UDIMA\" \/>\n<meta property=\"article:modified_time\" content=\"2016-07-15T12:41:26+00:00\" \/>\n<meta property=\"og:image\" content=\"https:\/\/blogs.udima.es\/administracion-y-direccion-de-empresas\/images_book\/p456-01.png\" \/>\n<meta name=\"twitter:card\" content=\"summary_large_image\" \/>\n<meta name=\"twitter:label1\" content=\"Tiempo de lectura\" \/>\n\t<meta name=\"twitter:data1\" content=\"1 minuto\" \/>\n<script type=\"application\/ld+json\" class=\"yoast-schema-graph\">{\"@context\":\"https:\/\/schema.org\",\"@graph\":[{\"@type\":\"WebPage\",\"@id\":\"https:\/\/blogs.udima.es\/administracion-y-direccion-de-empresas\/emprestito-de-cupon-periodico-prepagable-i-p62-htm\/\",\"url\":\"https:\/\/blogs.udima.es\/administracion-y-direccion-de-empresas\/emprestito-de-cupon-periodico-prepagable-i-p62-htm\/\",\"name\":\"5. Empr\u00e9stito de cup\u00f3n peri\u00f3dico prepagable - Blog de ADE\",\"isPartOf\":{\"@id\":\"https:\/\/blogs.udima.es\/administracion-y-direccion-de-empresas\/#website\"},\"primaryImageOfPage\":{\"@id\":\"https:\/\/blogs.udima.es\/administracion-y-direccion-de-empresas\/emprestito-de-cupon-periodico-prepagable-i-p62-htm\/#primaryimage\"},\"image\":{\"@id\":\"https:\/\/blogs.udima.es\/administracion-y-direccion-de-empresas\/emprestito-de-cupon-periodico-prepagable-i-p62-htm\/#primaryimage\"},\"thumbnailUrl\":\"https:\/\/blogs.udima.es\/administracion-y-direccion-de-empresas\/images_book\/p456-01.png\",\"datePublished\":\"2016-07-15T12:40:15+00:00\",\"dateModified\":\"2016-07-15T12:41:26+00:00\",\"breadcrumb\":{\"@id\":\"https:\/\/blogs.udima.es\/administracion-y-direccion-de-empresas\/emprestito-de-cupon-periodico-prepagable-i-p62-htm\/#breadcrumb\"},\"inLanguage\":\"es\",\"potentialAction\":[{\"@type\":\"ReadAction\",\"target\":[\"https:\/\/blogs.udima.es\/administracion-y-direccion-de-empresas\/emprestito-de-cupon-periodico-prepagable-i-p62-htm\/\"]}]},{\"@type\":\"ImageObject\",\"inLanguage\":\"es\",\"@id\":\"https:\/\/blogs.udima.es\/administracion-y-direccion-de-empresas\/emprestito-de-cupon-periodico-prepagable-i-p62-htm\/#primaryimage\",\"url\":\"https:\/\/blogs.udima.es\/administracion-y-direccion-de-empresas\/images_book\/p456-01.png\",\"contentUrl\":\"https:\/\/blogs.udima.es\/administracion-y-direccion-de-empresas\/images_book\/p456-01.png\"},{\"@type\":\"BreadcrumbList\",\"@id\":\"https:\/\/blogs.udima.es\/administracion-y-direccion-de-empresas\/emprestito-de-cupon-periodico-prepagable-i-p62-htm\/#breadcrumb\",\"itemListElement\":[{\"@type\":\"ListItem\",\"position\":1,\"name\":\"Portada\",\"item\":\"https:\/\/blogs.udima.es\/administracion-y-direccion-de-empresas\/\"},{\"@type\":\"ListItem\",\"position\":2,\"name\":\"5. Empr\u00e9stito de cup\u00f3n peri\u00f3dico prepagable\"}]},{\"@type\":\"WebSite\",\"@id\":\"https:\/\/blogs.udima.es\/administracion-y-direccion-de-empresas\/#website\",\"url\":\"https:\/\/blogs.udima.es\/administracion-y-direccion-de-empresas\/\",\"name\":\"Blog de ADE - Universidad a Distancia de Madrid | UDIMA\",\"description\":\"\",\"potentialAction\":[{\"@type\":\"SearchAction\",\"target\":{\"@type\":\"EntryPoint\",\"urlTemplate\":\"https:\/\/blogs.udima.es\/administracion-y-direccion-de-empresas\/?s={search_term_string}\"},\"query-input\":\"required name=search_term_string\"}],\"inLanguage\":\"es\"}]}<\/script>\n<!-- \/ Yoast SEO plugin. -->","yoast_head_json":{"title":"5. Empr\u00e9stito de cup\u00f3n peri\u00f3dico prepagable - Blog de ADE","robots":{"index":"index","follow":"follow","max-snippet":"max-snippet:-1","max-image-preview":"max-image-preview:large","max-video-preview":"max-video-preview:-1"},"canonical":"https:\/\/blogs.udima.es\/administracion-y-direccion-de-empresas\/emprestito-de-cupon-periodico-prepagable-i-p62-htm\/","og_locale":"es_ES","og_type":"article","og_title":"5. Empr\u00e9stito de cup\u00f3n peri\u00f3dico prepagable - Blog de ADE","og_description":"Se caracteriza porque los cupones se pagan anticipadamente, al principio del pe-r\u00edodo correspondiente, a tipo de inter\u00e9s prepagable (i*), mientras que la amortizaci\u00f3n de t\u00edtulos se sigue realizando al final del per\u00edodo correspondiente. El esquema de flujos de caja en un empr\u00e9stito a amortizar en n per\u00edodos, a un tanto de inter\u00e9s i* es el [&hellip;]","og_url":"https:\/\/blogs.udima.es\/administracion-y-direccion-de-empresas\/emprestito-de-cupon-periodico-prepagable-i-p62-htm\/","og_site_name":"Blog de ADE - Universidad a Distancia de Madrid | UDIMA","article_modified_time":"2016-07-15T12:41:26+00:00","og_image":[{"url":"https:\/\/blogs.udima.es\/administracion-y-direccion-de-empresas\/images_book\/p456-01.png"}],"twitter_card":"summary_large_image","twitter_misc":{"Tiempo de lectura":"1 minuto"},"schema":{"@context":"https:\/\/schema.org","@graph":[{"@type":"WebPage","@id":"https:\/\/blogs.udima.es\/administracion-y-direccion-de-empresas\/emprestito-de-cupon-periodico-prepagable-i-p62-htm\/","url":"https:\/\/blogs.udima.es\/administracion-y-direccion-de-empresas\/emprestito-de-cupon-periodico-prepagable-i-p62-htm\/","name":"5. Empr\u00e9stito de cup\u00f3n peri\u00f3dico prepagable - Blog de ADE","isPartOf":{"@id":"https:\/\/blogs.udima.es\/administracion-y-direccion-de-empresas\/#website"},"primaryImageOfPage":{"@id":"https:\/\/blogs.udima.es\/administracion-y-direccion-de-empresas\/emprestito-de-cupon-periodico-prepagable-i-p62-htm\/#primaryimage"},"image":{"@id":"https:\/\/blogs.udima.es\/administracion-y-direccion-de-empresas\/emprestito-de-cupon-periodico-prepagable-i-p62-htm\/#primaryimage"},"thumbnailUrl":"https:\/\/blogs.udima.es\/administracion-y-direccion-de-empresas\/images_book\/p456-01.png","datePublished":"2016-07-15T12:40:15+00:00","dateModified":"2016-07-15T12:41:26+00:00","breadcrumb":{"@id":"https:\/\/blogs.udima.es\/administracion-y-direccion-de-empresas\/emprestito-de-cupon-periodico-prepagable-i-p62-htm\/#breadcrumb"},"inLanguage":"es","potentialAction":[{"@type":"ReadAction","target":["https:\/\/blogs.udima.es\/administracion-y-direccion-de-empresas\/emprestito-de-cupon-periodico-prepagable-i-p62-htm\/"]}]},{"@type":"ImageObject","inLanguage":"es","@id":"https:\/\/blogs.udima.es\/administracion-y-direccion-de-empresas\/emprestito-de-cupon-periodico-prepagable-i-p62-htm\/#primaryimage","url":"https:\/\/blogs.udima.es\/administracion-y-direccion-de-empresas\/images_book\/p456-01.png","contentUrl":"https:\/\/blogs.udima.es\/administracion-y-direccion-de-empresas\/images_book\/p456-01.png"},{"@type":"BreadcrumbList","@id":"https:\/\/blogs.udima.es\/administracion-y-direccion-de-empresas\/emprestito-de-cupon-periodico-prepagable-i-p62-htm\/#breadcrumb","itemListElement":[{"@type":"ListItem","position":1,"name":"Portada","item":"https:\/\/blogs.udima.es\/administracion-y-direccion-de-empresas\/"},{"@type":"ListItem","position":2,"name":"5. Empr\u00e9stito de cup\u00f3n peri\u00f3dico prepagable"}]},{"@type":"WebSite","@id":"https:\/\/blogs.udima.es\/administracion-y-direccion-de-empresas\/#website","url":"https:\/\/blogs.udima.es\/administracion-y-direccion-de-empresas\/","name":"Blog de ADE - Universidad a Distancia de Madrid | UDIMA","description":"","potentialAction":[{"@type":"SearchAction","target":{"@type":"EntryPoint","urlTemplate":"https:\/\/blogs.udima.es\/administracion-y-direccion-de-empresas\/?s={search_term_string}"},"query-input":"required name=search_term_string"}],"inLanguage":"es"}]}},"_links":{"self":[{"href":"https:\/\/blogs.udima.es\/administracion-y-direccion-de-empresas\/wp-json\/wp\/v2\/pages\/2028"}],"collection":[{"href":"https:\/\/blogs.udima.es\/administracion-y-direccion-de-empresas\/wp-json\/wp\/v2\/pages"}],"about":[{"href":"https:\/\/blogs.udima.es\/administracion-y-direccion-de-empresas\/wp-json\/wp\/v2\/types\/page"}],"author":[{"embeddable":true,"href":"https:\/\/blogs.udima.es\/administracion-y-direccion-de-empresas\/wp-json\/wp\/v2\/users\/27"}],"replies":[{"embeddable":true,"href":"https:\/\/blogs.udima.es\/administracion-y-direccion-de-empresas\/wp-json\/wp\/v2\/comments?post=2028"}],"version-history":[{"count":3,"href":"https:\/\/blogs.udima.es\/administracion-y-direccion-de-empresas\/wp-json\/wp\/v2\/pages\/2028\/revisions"}],"predecessor-version":[{"id":2031,"href":"https:\/\/blogs.udima.es\/administracion-y-direccion-de-empresas\/wp-json\/wp\/v2\/pages\/2028\/revisions\/2031"}],"wp:attachment":[{"href":"https:\/\/blogs.udima.es\/administracion-y-direccion-de-empresas\/wp-json\/wp\/v2\/media?parent=2028"}],"curies":[{"name":"wp","href":"https:\/\/api.w.org\/{rel}","templated":true}]}}