{"id":2000,"date":"2016-07-15T12:23:23","date_gmt":"2016-07-15T12:23:23","guid":{"rendered":"http:\/\/blogs.udima.es\/administracion-y-direccion-de-empresas\/?page_id=2000"},"modified":"2016-07-15T12:33:53","modified_gmt":"2016-07-15T12:33:53","slug":"3-8-emprestito-cupon-periodico-constante-anualidad-constante-con-primas-html","status":"publish","type":"page","link":"https:\/\/blogs.udima.es\/administracion-y-direccion-de-empresas\/3-8-emprestito-cupon-periodico-constante-anualidad-constante-con-primas-html\/","title":{"rendered":"3.8. Empr\u00e9stito de cup\u00f3n peri\u00f3dico constante y anualidad constante con primas"},"content":{"rendered":"<p>La dificultad en este caso viene dada como consecuencia de la normalizaci\u00f3n, que origina unas anualidades normalizadas y unos tantos normalizados variables sin ninguna ley matem\u00e1tica.<\/p>\n<p>En su resoluci\u00f3n no podr\u00e1 aplicarse ninguna de las expresiones v\u00e1lidas para empr\u00e9stitos clase I, tipo I. Ser\u00e1 preciso calcular en primer lugar la anualidad te\u00f3rica para, a partir de ella, calcular el resto de datos.<\/p>\n<p>El c\u00e1lculo de la anualidad se har\u00e1 planteando (como siempre) la equivalencia financiera en el origen entre el nominal del empr\u00e9stito y las anualidades normalizadas actualizadas a los tantos normalizados vigentes en cada momento. En este caso, como consecuencia de las primas de amortizaci\u00f3n variables, tanto las anualidades normalizadas como los tantos normalizados no seguir\u00e1n ning\u00fan tipo de ley (ser\u00e1n aleatorios), por lo tanto no se podr\u00e1 utilizar en la actualizaci\u00f3n ni rentas ni sumatorios: habr\u00e1 que desplazar uno a uno cada t\u00e9rmino.<\/p>\n<p>&nbsp;<\/p>\n<div class=\"ejemplo\">\n<p><strong>EJEMPLO 13 <\/strong><\/p>\n<p>Se emite el siguiente empr\u00e9stito:<\/p>\n<ul>\n<li> T\u00edtulos emitidos: 100.000.<\/li>\n<li> Nominal del t\u00edtulo: 1.000 euros.<\/li>\n<li> Duraci\u00f3n: 4 a\u00f1os.<\/li>\n<li> Cup\u00f3n anual: 120 euros.<\/li>\n<li> Sorteos anuales, amortiz\u00e1ndose los t\u00edtulos cada a\u00f1o al 110%, 120%, 130% y 150%, respectivamente.<\/li>\n<li> Anualidad comercial constante.<\/li>\n<\/ul>\n<p class=\"progress\">Se pide:<\/p>\n<ul>\n<li> Anualidad.<\/li>\n<li> Cuadro de amortizaci\u00f3n.<\/li>\n<\/ul>\n<p class=\"progress\">Soluci\u00f3n:<\/p>\n<p> La anualidad constante se destina a pagar un cup\u00f3n peri\u00f3dico constante a los t\u00edtulos en circulaci\u00f3n y a amortizar los t\u00edtulos con primas de amortizaci\u00f3n variables, sin que entre ellas haya ninguna ley matem\u00e1tica. <\/p>\n<p>Pasos a seguir:<\/p>\n<p><em> 1. Estructura de la anualidad te\u00f3rica<\/em><\/p>\n<p><img loading=\"lazy\" decoding=\"async\" src=\"https:\/\/blogs.udima.es\/administracion-y-direccion-de-empresas\/images_book\/p448-01.png\" width=\"315\" height=\"54\" \/><\/p>\n<p><em>2. Normalizaci\u00f3n<\/em><\/p>\n<p> <img loading=\"lazy\" decoding=\"async\" src=\"https:\/\/blogs.udima.es\/administracion-y-direccion-de-empresas\/images_book\/p448-02.png\" width=\"342\" height=\"132\" \/><\/p>\n<p>dando valores a k, para los diferentes a\u00f1os de vida de la operaci\u00f3n resulta:<\/p>\n<p>&nbsp; <\/p>\n<table border=\"0\" align=\"left\" cellpadding=\"5\" cellspacing=\"0\">\n<tr>\n<td>k = 1 <\/td>\n<td>&nbsp;&nbsp;&nbsp;&nbsp;&nbsp;&nbsp;&nbsp;&nbsp;&nbsp;&nbsp;&nbsp;&nbsp;&nbsp;a x c<br \/>\n      a&#8217;<sub>1<\/sub>  = &#8212;&#8212;&#8212;&#8212;-<br \/> <br \/>\n      &nbsp;&nbsp;&nbsp;&nbsp;&nbsp;&nbsp;&nbsp;&nbsp;&nbsp;&nbsp;&nbsp;&nbsp;c + P<sub>1<\/sub> <\/td>\n<td>&nbsp;&nbsp;&nbsp;&nbsp;&nbsp;&nbsp;&nbsp;&nbsp;&nbsp;&nbsp;&nbsp;c x i &nbsp;&nbsp;&nbsp;&nbsp;&nbsp;&nbsp;&nbsp;&nbsp;&nbsp;120<br \/>\n      i&#8217;<sub>1<\/sub>  = &#8212;&#8212;&#8212;- = &#8212;&#8212;&#8212;- = 0,1091<br \/>\n      &nbsp;&nbsp;&nbsp;&nbsp;&nbsp;&nbsp;&nbsp;&nbsp;&nbsp;&nbsp;c + P<sub>1<\/sub>  &nbsp;&nbsp;&nbsp;&nbsp;&nbsp;1.100 <\/td>\n<\/tr>\n<tr>\n<td>k = 2 <\/td>\n<td>&nbsp;&nbsp;&nbsp;&nbsp;&nbsp;&nbsp;&nbsp;&nbsp;&nbsp;&nbsp;&nbsp;&nbsp;&nbsp;a x c<br \/>\n      a&#8217;<sub>2<\/sub> = &#8212;&#8212;&#8212;&#8212; <br \/>\n      &nbsp;&nbsp;&nbsp;&nbsp;&nbsp;&nbsp;&nbsp;&nbsp;&nbsp;&nbsp;&nbsp;&nbsp;c + P<sub>2<\/sub><\/td>\n<td>&nbsp;&nbsp;&nbsp;&nbsp;&nbsp;&nbsp;&nbsp;&nbsp;&nbsp;&nbsp;&nbsp;c x i&nbsp;&nbsp;&nbsp;&nbsp;&nbsp;&nbsp;&nbsp;&nbsp;&nbsp;&nbsp; 120<br \/>\n      i&#8217;<sub>2<\/sub> = &#8212;&#8212;&#8212;- = &#8212;&#8212;&#8212;- = 0,10<br \/> <br \/>\n      &nbsp;&nbsp;&nbsp;&nbsp;&nbsp;&nbsp;&nbsp;&nbsp;&nbsp;&nbsp;c + P<sub>2<\/sub>&nbsp;&nbsp;&nbsp;&nbsp;&nbsp;&nbsp;&nbsp;1.200  <\/td>\n<\/tr>\n<tr>\n<td>k = 3<\/td>\n<td>&nbsp;&nbsp;&nbsp;&nbsp;&nbsp;&nbsp;&nbsp;&nbsp;&nbsp;&nbsp;&nbsp;&nbsp;&nbsp;a x c<br \/>\na&#8217;<sub>3<\/sub> = &#8212;&#8212;&#8212;&#8212; <br \/>\n&nbsp;&nbsp;&nbsp;&nbsp;&nbsp;&nbsp;&nbsp;&nbsp;&nbsp;&nbsp;&nbsp;&nbsp;c + P<sub>3<\/sub><\/td>\n<td>&nbsp;&nbsp;&nbsp;&nbsp;&nbsp;&nbsp;&nbsp;&nbsp;&nbsp;&nbsp;&nbsp;c x i&nbsp;&nbsp;&nbsp;&nbsp;&nbsp;&nbsp;&nbsp;&nbsp;&nbsp;&nbsp; 120<br \/>\ni&#8217;<sub>3<\/sub> = &#8212;&#8212;&#8212;- = &#8212;&#8212;&#8212;- = 0,0923<br \/>\n&nbsp;&nbsp;&nbsp;&nbsp;&nbsp;&nbsp;&nbsp;&nbsp;&nbsp;&nbsp;c + P<sub>3<\/sub>&nbsp;&nbsp;&nbsp;&nbsp;&nbsp;&nbsp;&nbsp;1.300 <\/td>\n<\/tr>\n<tr>\n<td>k = 4<\/td>\n<td>&nbsp;&nbsp;&nbsp;&nbsp;&nbsp;&nbsp;&nbsp;&nbsp;&nbsp;&nbsp;&nbsp;&nbsp;&nbsp;a x c<br \/>\na&#8217;<sub>4<\/sub> = &#8212;&#8212;&#8212;&#8212; <br \/>\n&nbsp;&nbsp;&nbsp;&nbsp;&nbsp;&nbsp;&nbsp;&nbsp;&nbsp;&nbsp;&nbsp;&nbsp;c + P<sub>4<\/sub><\/td>\n<td>&nbsp;&nbsp;&nbsp;&nbsp;&nbsp;&nbsp;&nbsp;&nbsp;&nbsp;&nbsp;&nbsp;c x i&nbsp;&nbsp;&nbsp;&nbsp;&nbsp;&nbsp;&nbsp;&nbsp;&nbsp;&nbsp; 120<br \/>\ni&#8217;<sub>4<\/sub> = &#8212;&#8212;&#8212;- = &#8212;&#8212;&#8212;- = 0,08<br \/>\n&nbsp;&nbsp;&nbsp;&nbsp;&nbsp;&nbsp;&nbsp;&nbsp;&nbsp;&nbsp;c + P<sub>4<\/sub>&nbsp;&nbsp;&nbsp;&nbsp;&nbsp;&nbsp;&nbsp;1.500 <\/td>\n<\/tr>\n<\/table>\n<p>&nbsp;<\/p>\n<p>&nbsp;<\/p>\n<p>&nbsp;<\/p>\n<p>&nbsp;<\/p>\n<p>&nbsp;<\/p>\n<p>&nbsp;<\/p>\n<p>&nbsp;<\/p>\n<p>&nbsp;<\/p>\n<p>&nbsp;<\/p>\n<p>&nbsp;<\/p>\n<p>&nbsp;<\/p>\n<p>donde todo es conocido salvo la anualidad a.<\/p>\n<p><em> 3. Planteamiento de la equivalencia entre el nominal y las anualidades te\u00f3ricas normalizadas actualizando t\u00e9rmino a t\u00e9rmino, al tanto vigente en cada momento<\/em><\/p>\n<p>&nbsp;<\/p>\n<p align=\"center\"><img loading=\"lazy\" decoding=\"async\" src=\"https:\/\/blogs.udima.es\/administracion-y-direccion-de-empresas\/images_book\/p449-01.png\" width=\"442\" height=\"124\" \/><\/p>\n<p>&nbsp;<\/p>\n<p align=\"center\"> <img loading=\"lazy\" decoding=\"async\" src=\"https:\/\/blogs.udima.es\/administracion-y-direccion-de-empresas\/images_book\/p449-02.png\" width=\"449\" height=\"141\" \/><\/p>\n<p>&nbsp;<\/p>\n<p><em>    4. Sustituci\u00f3n de las anualidades y tantos normalizados por los valores obtenidos en la normalizaci\u00f3n<\/em><\/p>\n<p><img loading=\"lazy\" decoding=\"async\" src=\"https:\/\/blogs.udima.es\/administracion-y-direccion-de-empresas\/images_book\/p450-01.png\" width=\"445\" height=\"106\" \/><\/p>\n<p><em>5. Sustituci\u00f3n en la expresi\u00f3n por valores num\u00e9ricos y despeje de a<\/em><\/p>\n<p> <img loading=\"lazy\" decoding=\"async\" src=\"https:\/\/blogs.udima.es\/administracion-y-direccion-de-empresas\/images_book\/p450-02.png\" width=\"440\" height=\"392\" \/><\/p>\n<p class=\"progress\"> Cuadro de amortizaci\u00f3n: c\u00e1lculo de t\u00edtulos amortizados<\/p>\n<p><em> 1.\u00aa posibilidad: a trav\u00e9s de anualidad previamente calculada<\/em><\/p>\n<p> <img loading=\"lazy\" decoding=\"async\" src=\"https:\/\/blogs.udima.es\/administracion-y-direccion-de-empresas\/images_book\/p450-03.png\" width=\"481\" height=\"65\" \/><\/p>\n<p><img loading=\"lazy\" decoding=\"async\" src=\"https:\/\/blogs.udima.es\/administracion-y-direccion-de-empresas\/images_book\/p451-01.png\" width=\"481\" height=\"191\" \/><\/p>\n<p><em> 2.\u00aa posibilidad: a trav\u00e9s de la ley de recurrencia que sigue<\/em><\/p>\n<p> La ley de recurrencia se obtiene al relacionar, por diferencias, las anualidades de dos per\u00edodos consecutivos cualesquiera, as\u00ed:<\/p>\n<p>&nbsp; <\/p>\n<table border=\"0\" align=\"left\" cellpadding=\"5\" cellspacing=\"0\">\n<tr>\n<td>Per\u00edodo k: <\/td>\n<td>\n<div align=\"center\">a = c x i x N<sub>k<\/sub> + c<sub>k<\/sub> x M<sub>k<\/sub> <\/div>\n<\/td>\n<td>siendo: c<sub>k<\/sub> = c + p<sub>k<\/sub><\/td>\n<\/tr>\n<tr>\n<td>Per\u00edodo k+1: <\/td>\n<td>\n<div align=\"center\">a = c x i x N<sub>k+1<\/sub> + c<sub>k+1<\/sub> x M<sub>k+1<\/sub> <\/div>\n<\/td>\n<td>siendo: c<sub>k+1<\/sub> = c + p<sub>k+1<\/sub><\/td>\n<\/tr>\n<tr>\n<td colspan=\"3\">\n<div align=\"right\">&#8212;&#8212;&#8212;&#8212;&#8212;&#8212;&#8212;&#8212;&#8212;&#8212;&#8212;&#8212;&#8212;&#8212;&#8212;&#8212;&#8212;&#8212;&#8212;&#8212;&#8212;&#8212;&#8212;<\/div>\n<\/td>\n<\/tr>\n<tr>\n<td colspan=\"3\">\n<div align=\"right\">a \u2013 a = c x i x (N<sub>k<\/sub> \u2013 N<sub>k+1<\/sub>) + c<sub>k<\/sub> x M<sub>k<\/sub> \u2013 c<sub>k+1<\/sub> x M<sub>k+1<\/sub><\/div>\n<\/td>\n<\/tr>\n<\/table>\n<p>&nbsp;<\/p>\n<p>&nbsp;<\/p>\n<p>&nbsp;<\/p>\n<p>&nbsp;<\/p>\n<p>&nbsp;<\/p>\n<p>&nbsp;<\/p>\n<p>simplificando ambos miembros, sabiendo que N<sub>k<\/sub> \u2013 N<sub>k+1<\/sub> = M<sub>k<\/sub>:<\/p>\n<p> 0 = c x i x M<SUB>k<\/SUB> + c<sub>k<\/sub> x M<sub>k<\/sub> \u2013 c<sub>k+1<\/sub> x <sub>k+1<\/sub><\/p>\n<p>de donde se obtiene:<\/p>\n<p> &nbsp;&nbsp;&nbsp;&nbsp;&nbsp;&nbsp;&nbsp;&nbsp;&nbsp;&nbsp;&nbsp;&nbsp;&nbsp;&nbsp;&nbsp;&nbsp;&nbsp;&nbsp;&nbsp;&nbsp;c x i + c<sub>k<\/sub><br \/>\n      M<sub>k+1 <\/sub>= M<sub>k<\/sub> x &#8212;&#8212;&#8212;&#8212; <br \/>\n&nbsp;&nbsp;&nbsp;&nbsp;&nbsp;&nbsp;&nbsp;&nbsp;&nbsp;&nbsp;&nbsp;&nbsp;&nbsp;&nbsp;&nbsp;&nbsp;&nbsp;&nbsp;&nbsp;&nbsp;&nbsp;&nbsp;&nbsp;c<sub>k+1<\/sub><\/p>\n<p>dando valores a k en la expresi\u00f3n anterior tendremos:<\/p>\n<p>&nbsp;<\/p>\n<p><img loading=\"lazy\" decoding=\"async\" src=\"https:\/\/blogs.udima.es\/administracion-y-direccion-de-empresas\/images_book\/p451-02.png\" width=\"489\" height=\"188\" \/><\/p>\n<p>&nbsp;<\/p>\n<p>Para obtener M1, se tendr\u00e1 en cuenta que se cumple la siguiente igualdad:<\/p>\n<p> N<sub>1<\/sub> = M<sub>1<\/sub> + M<sub>2<\/sub> + M<sub>3<\/sub> + M<sub>4<\/sub><\/p>\n<p>Sustituyendo en el segundo miembro conseguiremos dejar una ecuaci\u00f3n que dependa de M1:<\/p>\n<p>&nbsp;<\/p>\n<p><img loading=\"lazy\" decoding=\"async\" src=\"https:\/\/blogs.udima.es\/administracion-y-direccion-de-empresas\/images_book\/p452-01.png\" width=\"455\" height=\"114\" \/> <\/p>\n<p>&nbsp; <\/p>\n<p>Finalmente se despeja M<sub>1<\/sub>:<\/p>\n<p>&nbsp;<\/p>\n<p><img loading=\"lazy\" decoding=\"async\" src=\"https:\/\/blogs.udima.es\/administracion-y-direccion-de-empresas\/images_book\/p452-02.png\" width=\"468\" height=\"75\" \/>\n    <\/p>\n<p>&nbsp;<\/p>\n<table width=\"520\" height=\"134\" border=\"1\" align=\"center\" cellpadding=\"0\" cellspacing=\"0\">\n<tr>\n<td>\n<div align=\"center\"><span class=\"progress\"><\/p>\n<p>      <\/span><\/div>\n<\/td>\n<td>\n<div align=\"center\"><span class=\"progress\">(1)<\/span><\/div>\n<\/td>\n<td>\n<div align=\"center\"><span class=\"progress\"> (2)<\/span><\/div>\n<\/td>\n<td>\n<div align=\"center\"><span class=\"progress\"> (3)<\/span><\/div>\n<\/td>\n<td>\n<div align=\"center\"><span class=\"progress\"> (4) = (1) x 120<\/span><\/div>\n<\/td>\n<td>\n<div align=\"center\"><span class=\"progress\"> (5) = 2 x (c + p<sub>k<\/sub>) <\/span><\/div>\n<\/td>\n<td>\n<div align=\"center\"><span class=\"progress\">(6) = (4) + (5)<\/span><\/div>\n<\/td>\n<\/tr>\n<tr>\n<td>\n<div align=\"center\"><span class=\"progress\">A\u00f1o <\/span><\/div>\n<\/td>\n<td>\n<div align=\"center\"><span class=\"progress\">T\u00edtulos vivos <\/span><\/div>\n<\/td>\n<td>\n<div align=\"center\"><span class=\"progress\">T\u00edtulos amortiz. <\/span><\/div>\n<\/td>\n<td>\n<div align=\"center\"><span class=\"progress\">Total t\u00edt. amort. <\/span><\/div>\n<\/td>\n<td>\n<div align=\"center\"><span class=\"progress\">Intereses <\/span><\/div>\n<\/td>\n<td>\n<div align=\"center\"><span class=\"progress\">Amortizaci\u00f3n <\/span><\/div>\n<\/td>\n<td>\n<div align=\"center\"><span class=\"progress\">T\u00e9rmino amortizativo<\/span><\/div>\n<\/td>\n<\/tr>\n<tr valign=\"top\">\n<td>\n<div align=\"center\">1 <br \/>\n  2 <br \/>\n  3 <br \/>\n  4 <\/div>\n<\/td>\n<td>\n<div align=\"right\">100.000<br \/>\n        75.163<br \/>\n      49.912<br \/>\n      24.272<\/div>\n<\/td>\n<td>\n<div align=\"right\">24.837<br \/>\n        25.251<br \/>\n        25.640<br \/>\n        24.272\n      <\/div>\n<\/td>\n<td>\n<div align=\"right\">24.837<br \/>\n        50.088<br \/>\n        75.728<br \/>\n        100.000\n      <\/div>\n<\/td>\n<td>\n<div align=\"right\">12.000.000<br \/>\n        9.019.560<br \/>\n        5.989.440<br \/>\n        2.912.640\n      <\/div>\n<\/td>\n<td>\n<div align=\"right\">27.320.700<br \/>\n        30.301.200<br \/>\n        3.332.000<br \/>\n        36.408.000\n      <\/div>\n<\/td>\n<td>\n<div align=\"right\">39.320.700<br \/>\n        39.320.760<br \/>\n      39.321.440<br \/>\n      39.320.640 <\/div>\n<\/td>\n<\/tr>\n<\/table>\n<\/div>\n","protected":false},"excerpt":{"rendered":"<p>La dificultad en este caso viene dada como consecuencia de la normalizaci\u00f3n, que origina unas anualidades normalizadas y unos tantos normalizados variables sin ninguna ley matem\u00e1tica. En su resoluci\u00f3n no podr\u00e1 aplicarse ninguna de las expresiones v\u00e1lidas para empr\u00e9stitos clase I, tipo I. Ser\u00e1 preciso calcular en primer lugar la anualidad te\u00f3rica para, a partir [&hellip;]<\/p>\n","protected":false},"author":27,"featured_media":0,"parent":0,"menu_order":5038,"comment_status":"closed","ping_status":"closed","template":"","meta":{"footnotes":""},"yoast_head":"<!-- This site is optimized with the Yoast SEO plugin v22.9 - https:\/\/yoast.com\/wordpress\/plugins\/seo\/ -->\n<title>3.8. Empr\u00e9stito de cup\u00f3n peri\u00f3dico constante y anualidad constante con primas - Blog de ADE<\/title>\n<meta name=\"robots\" content=\"index, follow, max-snippet:-1, max-image-preview:large, max-video-preview:-1\" \/>\n<link rel=\"canonical\" href=\"https:\/\/blogs.udima.es\/administracion-y-direccion-de-empresas\/3-8-emprestito-cupon-periodico-constante-anualidad-constante-con-primas-html\/\" \/>\n<meta property=\"og:locale\" content=\"es_ES\" \/>\n<meta property=\"og:type\" content=\"article\" \/>\n<meta property=\"og:title\" content=\"3.8. Empr\u00e9stito de cup\u00f3n peri\u00f3dico constante y anualidad constante con primas - Blog de ADE\" \/>\n<meta property=\"og:description\" content=\"La dificultad en este caso viene dada como consecuencia de la normalizaci\u00f3n, que origina unas anualidades normalizadas y unos tantos normalizados variables sin ninguna ley matem\u00e1tica. En su resoluci\u00f3n no podr\u00e1 aplicarse ninguna de las expresiones v\u00e1lidas para empr\u00e9stitos clase I, tipo I. Ser\u00e1 preciso calcular en primer lugar la anualidad te\u00f3rica para, a partir [&hellip;]\" \/>\n<meta property=\"og:url\" content=\"https:\/\/blogs.udima.es\/administracion-y-direccion-de-empresas\/3-8-emprestito-cupon-periodico-constante-anualidad-constante-con-primas-html\/\" \/>\n<meta property=\"og:site_name\" content=\"Blog de ADE - Universidad a Distancia de Madrid | UDIMA\" \/>\n<meta property=\"article:modified_time\" content=\"2016-07-15T12:33:53+00:00\" \/>\n<meta property=\"og:image\" content=\"https:\/\/blogs.udima.es\/administracion-y-direccion-de-empresas\/images_book\/p448-01.png\" \/>\n<meta name=\"twitter:card\" content=\"summary_large_image\" \/>\n<meta name=\"twitter:label1\" content=\"Tiempo de lectura\" \/>\n\t<meta name=\"twitter:data1\" content=\"5 minutos\" \/>\n<script type=\"application\/ld+json\" class=\"yoast-schema-graph\">{\"@context\":\"https:\/\/schema.org\",\"@graph\":[{\"@type\":\"WebPage\",\"@id\":\"https:\/\/blogs.udima.es\/administracion-y-direccion-de-empresas\/3-8-emprestito-cupon-periodico-constante-anualidad-constante-con-primas-html\/\",\"url\":\"https:\/\/blogs.udima.es\/administracion-y-direccion-de-empresas\/3-8-emprestito-cupon-periodico-constante-anualidad-constante-con-primas-html\/\",\"name\":\"3.8. Empr\u00e9stito de cup\u00f3n peri\u00f3dico constante y anualidad constante con primas - Blog de ADE\",\"isPartOf\":{\"@id\":\"https:\/\/blogs.udima.es\/administracion-y-direccion-de-empresas\/#website\"},\"primaryImageOfPage\":{\"@id\":\"https:\/\/blogs.udima.es\/administracion-y-direccion-de-empresas\/3-8-emprestito-cupon-periodico-constante-anualidad-constante-con-primas-html\/#primaryimage\"},\"image\":{\"@id\":\"https:\/\/blogs.udima.es\/administracion-y-direccion-de-empresas\/3-8-emprestito-cupon-periodico-constante-anualidad-constante-con-primas-html\/#primaryimage\"},\"thumbnailUrl\":\"https:\/\/blogs.udima.es\/administracion-y-direccion-de-empresas\/images_book\/p448-01.png\",\"datePublished\":\"2016-07-15T12:23:23+00:00\",\"dateModified\":\"2016-07-15T12:33:53+00:00\",\"breadcrumb\":{\"@id\":\"https:\/\/blogs.udima.es\/administracion-y-direccion-de-empresas\/3-8-emprestito-cupon-periodico-constante-anualidad-constante-con-primas-html\/#breadcrumb\"},\"inLanguage\":\"es\",\"potentialAction\":[{\"@type\":\"ReadAction\",\"target\":[\"https:\/\/blogs.udima.es\/administracion-y-direccion-de-empresas\/3-8-emprestito-cupon-periodico-constante-anualidad-constante-con-primas-html\/\"]}]},{\"@type\":\"ImageObject\",\"inLanguage\":\"es\",\"@id\":\"https:\/\/blogs.udima.es\/administracion-y-direccion-de-empresas\/3-8-emprestito-cupon-periodico-constante-anualidad-constante-con-primas-html\/#primaryimage\",\"url\":\"https:\/\/blogs.udima.es\/administracion-y-direccion-de-empresas\/images_book\/p448-01.png\",\"contentUrl\":\"https:\/\/blogs.udima.es\/administracion-y-direccion-de-empresas\/images_book\/p448-01.png\"},{\"@type\":\"BreadcrumbList\",\"@id\":\"https:\/\/blogs.udima.es\/administracion-y-direccion-de-empresas\/3-8-emprestito-cupon-periodico-constante-anualidad-constante-con-primas-html\/#breadcrumb\",\"itemListElement\":[{\"@type\":\"ListItem\",\"position\":1,\"name\":\"Portada\",\"item\":\"https:\/\/blogs.udima.es\/administracion-y-direccion-de-empresas\/\"},{\"@type\":\"ListItem\",\"position\":2,\"name\":\"3.8. Empr\u00e9stito de cup\u00f3n peri\u00f3dico constante y anualidad constante con primas\"}]},{\"@type\":\"WebSite\",\"@id\":\"https:\/\/blogs.udima.es\/administracion-y-direccion-de-empresas\/#website\",\"url\":\"https:\/\/blogs.udima.es\/administracion-y-direccion-de-empresas\/\",\"name\":\"Blog de ADE - Universidad a Distancia de Madrid | UDIMA\",\"description\":\"\",\"potentialAction\":[{\"@type\":\"SearchAction\",\"target\":{\"@type\":\"EntryPoint\",\"urlTemplate\":\"https:\/\/blogs.udima.es\/administracion-y-direccion-de-empresas\/?s={search_term_string}\"},\"query-input\":\"required name=search_term_string\"}],\"inLanguage\":\"es\"}]}<\/script>\n<!-- \/ Yoast SEO plugin. -->","yoast_head_json":{"title":"3.8. Empr\u00e9stito de cup\u00f3n peri\u00f3dico constante y anualidad constante con primas - Blog de ADE","robots":{"index":"index","follow":"follow","max-snippet":"max-snippet:-1","max-image-preview":"max-image-preview:large","max-video-preview":"max-video-preview:-1"},"canonical":"https:\/\/blogs.udima.es\/administracion-y-direccion-de-empresas\/3-8-emprestito-cupon-periodico-constante-anualidad-constante-con-primas-html\/","og_locale":"es_ES","og_type":"article","og_title":"3.8. Empr\u00e9stito de cup\u00f3n peri\u00f3dico constante y anualidad constante con primas - Blog de ADE","og_description":"La dificultad en este caso viene dada como consecuencia de la normalizaci\u00f3n, que origina unas anualidades normalizadas y unos tantos normalizados variables sin ninguna ley matem\u00e1tica. En su resoluci\u00f3n no podr\u00e1 aplicarse ninguna de las expresiones v\u00e1lidas para empr\u00e9stitos clase I, tipo I. Ser\u00e1 preciso calcular en primer lugar la anualidad te\u00f3rica para, a partir [&hellip;]","og_url":"https:\/\/blogs.udima.es\/administracion-y-direccion-de-empresas\/3-8-emprestito-cupon-periodico-constante-anualidad-constante-con-primas-html\/","og_site_name":"Blog de ADE - Universidad a Distancia de Madrid | UDIMA","article_modified_time":"2016-07-15T12:33:53+00:00","og_image":[{"url":"https:\/\/blogs.udima.es\/administracion-y-direccion-de-empresas\/images_book\/p448-01.png"}],"twitter_card":"summary_large_image","twitter_misc":{"Tiempo de lectura":"5 minutos"},"schema":{"@context":"https:\/\/schema.org","@graph":[{"@type":"WebPage","@id":"https:\/\/blogs.udima.es\/administracion-y-direccion-de-empresas\/3-8-emprestito-cupon-periodico-constante-anualidad-constante-con-primas-html\/","url":"https:\/\/blogs.udima.es\/administracion-y-direccion-de-empresas\/3-8-emprestito-cupon-periodico-constante-anualidad-constante-con-primas-html\/","name":"3.8. Empr\u00e9stito de cup\u00f3n peri\u00f3dico constante y anualidad constante con primas - Blog de ADE","isPartOf":{"@id":"https:\/\/blogs.udima.es\/administracion-y-direccion-de-empresas\/#website"},"primaryImageOfPage":{"@id":"https:\/\/blogs.udima.es\/administracion-y-direccion-de-empresas\/3-8-emprestito-cupon-periodico-constante-anualidad-constante-con-primas-html\/#primaryimage"},"image":{"@id":"https:\/\/blogs.udima.es\/administracion-y-direccion-de-empresas\/3-8-emprestito-cupon-periodico-constante-anualidad-constante-con-primas-html\/#primaryimage"},"thumbnailUrl":"https:\/\/blogs.udima.es\/administracion-y-direccion-de-empresas\/images_book\/p448-01.png","datePublished":"2016-07-15T12:23:23+00:00","dateModified":"2016-07-15T12:33:53+00:00","breadcrumb":{"@id":"https:\/\/blogs.udima.es\/administracion-y-direccion-de-empresas\/3-8-emprestito-cupon-periodico-constante-anualidad-constante-con-primas-html\/#breadcrumb"},"inLanguage":"es","potentialAction":[{"@type":"ReadAction","target":["https:\/\/blogs.udima.es\/administracion-y-direccion-de-empresas\/3-8-emprestito-cupon-periodico-constante-anualidad-constante-con-primas-html\/"]}]},{"@type":"ImageObject","inLanguage":"es","@id":"https:\/\/blogs.udima.es\/administracion-y-direccion-de-empresas\/3-8-emprestito-cupon-periodico-constante-anualidad-constante-con-primas-html\/#primaryimage","url":"https:\/\/blogs.udima.es\/administracion-y-direccion-de-empresas\/images_book\/p448-01.png","contentUrl":"https:\/\/blogs.udima.es\/administracion-y-direccion-de-empresas\/images_book\/p448-01.png"},{"@type":"BreadcrumbList","@id":"https:\/\/blogs.udima.es\/administracion-y-direccion-de-empresas\/3-8-emprestito-cupon-periodico-constante-anualidad-constante-con-primas-html\/#breadcrumb","itemListElement":[{"@type":"ListItem","position":1,"name":"Portada","item":"https:\/\/blogs.udima.es\/administracion-y-direccion-de-empresas\/"},{"@type":"ListItem","position":2,"name":"3.8. Empr\u00e9stito de cup\u00f3n peri\u00f3dico constante y anualidad constante con primas"}]},{"@type":"WebSite","@id":"https:\/\/blogs.udima.es\/administracion-y-direccion-de-empresas\/#website","url":"https:\/\/blogs.udima.es\/administracion-y-direccion-de-empresas\/","name":"Blog de ADE - Universidad a Distancia de Madrid | UDIMA","description":"","potentialAction":[{"@type":"SearchAction","target":{"@type":"EntryPoint","urlTemplate":"https:\/\/blogs.udima.es\/administracion-y-direccion-de-empresas\/?s={search_term_string}"},"query-input":"required name=search_term_string"}],"inLanguage":"es"}]}},"_links":{"self":[{"href":"https:\/\/blogs.udima.es\/administracion-y-direccion-de-empresas\/wp-json\/wp\/v2\/pages\/2000"}],"collection":[{"href":"https:\/\/blogs.udima.es\/administracion-y-direccion-de-empresas\/wp-json\/wp\/v2\/pages"}],"about":[{"href":"https:\/\/blogs.udima.es\/administracion-y-direccion-de-empresas\/wp-json\/wp\/v2\/types\/page"}],"author":[{"embeddable":true,"href":"https:\/\/blogs.udima.es\/administracion-y-direccion-de-empresas\/wp-json\/wp\/v2\/users\/27"}],"replies":[{"embeddable":true,"href":"https:\/\/blogs.udima.es\/administracion-y-direccion-de-empresas\/wp-json\/wp\/v2\/comments?post=2000"}],"version-history":[{"count":7,"href":"https:\/\/blogs.udima.es\/administracion-y-direccion-de-empresas\/wp-json\/wp\/v2\/pages\/2000\/revisions"}],"predecessor-version":[{"id":2021,"href":"https:\/\/blogs.udima.es\/administracion-y-direccion-de-empresas\/wp-json\/wp\/v2\/pages\/2000\/revisions\/2021"}],"wp:attachment":[{"href":"https:\/\/blogs.udima.es\/administracion-y-direccion-de-empresas\/wp-json\/wp\/v2\/media?parent=2000"}],"curies":[{"name":"wp","href":"https:\/\/api.w.org\/{rel}","templated":true}]}}