{"id":1994,"date":"2016-07-15T12:21:33","date_gmt":"2016-07-15T12:21:33","guid":{"rendered":"http:\/\/blogs.udima.es\/administracion-y-direccion-de-empresas\/?page_id=1994"},"modified":"2016-07-15T12:22:14","modified_gmt":"2016-07-15T12:22:14","slug":"11-4-prestamo-con-intereses-prepagables-con-terminos-amortizativos-variables-html","status":"publish","type":"page","link":"https:\/\/blogs.udima.es\/administracion-y-direccion-de-empresas\/11-4-prestamo-con-intereses-prepagables-con-terminos-amortizativos-variables-html\/","title":{"rendered":"11.4. Pr\u00e9stamo con intereses prepagables con t\u00e9rminos amortizativos variables"},"content":{"rendered":"<p>El esquema de la operaci\u00f3n para un pr\u00e9stamo de cuant\u00eda C<sub>0<\/sub>, amortizable en n per\u00edodos, con inter\u00e9s prepagable i*, con t\u00e9rminos amortizativos variables en progresi\u00f3n aritm\u00e9tica de raz\u00f3n d, conocida, es:<\/p>\n<p>&nbsp;<\/p>\n<p><img loading=\"lazy\" decoding=\"async\" src=\"https:\/\/blogs.udima.es\/administracion-y-direccion-de-empresas\/images_book\/p319-01.png\" width=\"545\" height=\"138\" \/>\n  <\/p>\n<p>&nbsp;<\/p>\n<p>Siendo: a<sub>1<\/sub>;  a<sub>2<\/sub>  =  a<sub>1<\/sub>  +  d;  a<sub>3<\/sub>  =  a<sub>1<\/sub>  +  2d;  &#8230;;  a<sub>n<\/sub>  =  a<sub>1<\/sub>  +  (n-1)<sup>d<\/sup><\/p>\n<p> Los pasos a seguir ser\u00e1n los mismos que en el caso anterior, cuando los t\u00e9rminos eran variables en progresi\u00f3n geom\u00e9trica.<\/p>\n","protected":false},"excerpt":{"rendered":"<p>El esquema de la operaci\u00f3n para un pr\u00e9stamo de cuant\u00eda C0, amortizable en n per\u00edodos, con inter\u00e9s prepagable i*, con t\u00e9rminos amortizativos variables en progresi\u00f3n aritm\u00e9tica de raz\u00f3n d, conocida, es: &nbsp; &nbsp; Siendo: a1; a2 = a1 + d; a3 = a1 + 2d; &#8230;; an = a1 + (n-1)d Los pasos a seguir [&hellip;]<\/p>\n","protected":false},"author":27,"featured_media":0,"parent":0,"menu_order":4124,"comment_status":"closed","ping_status":"closed","template":"","meta":{"footnotes":""},"yoast_head":"<!-- This site is optimized with the Yoast SEO plugin v22.9 - https:\/\/yoast.com\/wordpress\/plugins\/seo\/ -->\n<title>11.4. Pr\u00e9stamo con intereses prepagables con t\u00e9rminos amortizativos variables - Blog de ADE<\/title>\n<meta name=\"robots\" content=\"index, follow, max-snippet:-1, max-image-preview:large, max-video-preview:-1\" \/>\n<link rel=\"canonical\" href=\"https:\/\/blogs.udima.es\/administracion-y-direccion-de-empresas\/11-4-prestamo-con-intereses-prepagables-con-terminos-amortizativos-variables-html\/\" \/>\n<meta property=\"og:locale\" content=\"es_ES\" \/>\n<meta property=\"og:type\" content=\"article\" \/>\n<meta property=\"og:title\" content=\"11.4. Pr\u00e9stamo con intereses prepagables con t\u00e9rminos amortizativos variables - Blog de ADE\" \/>\n<meta property=\"og:description\" content=\"El esquema de la operaci\u00f3n para un pr\u00e9stamo de cuant\u00eda C0, amortizable en n per\u00edodos, con inter\u00e9s prepagable i*, con t\u00e9rminos amortizativos variables en progresi\u00f3n aritm\u00e9tica de raz\u00f3n d, conocida, es: &nbsp; &nbsp; Siendo: a1; a2 = a1 + d; a3 = a1 + 2d; &#8230;; an = a1 + (n-1)d Los pasos a seguir [&hellip;]\" \/>\n<meta property=\"og:url\" content=\"https:\/\/blogs.udima.es\/administracion-y-direccion-de-empresas\/11-4-prestamo-con-intereses-prepagables-con-terminos-amortizativos-variables-html\/\" \/>\n<meta property=\"og:site_name\" content=\"Blog de ADE - Universidad a Distancia de Madrid | UDIMA\" \/>\n<meta property=\"article:modified_time\" content=\"2016-07-15T12:22:14+00:00\" \/>\n<meta property=\"og:image\" content=\"https:\/\/blogs.udima.es\/administracion-y-direccion-de-empresas\/images_book\/p319-01.png\" \/>\n<meta name=\"twitter:card\" content=\"summary_large_image\" \/>\n<script type=\"application\/ld+json\" class=\"yoast-schema-graph\">{\"@context\":\"https:\/\/schema.org\",\"@graph\":[{\"@type\":\"WebPage\",\"@id\":\"https:\/\/blogs.udima.es\/administracion-y-direccion-de-empresas\/11-4-prestamo-con-intereses-prepagables-con-terminos-amortizativos-variables-html\/\",\"url\":\"https:\/\/blogs.udima.es\/administracion-y-direccion-de-empresas\/11-4-prestamo-con-intereses-prepagables-con-terminos-amortizativos-variables-html\/\",\"name\":\"11.4. Pr\u00e9stamo con intereses prepagables con t\u00e9rminos amortizativos variables - Blog de ADE\",\"isPartOf\":{\"@id\":\"https:\/\/blogs.udima.es\/administracion-y-direccion-de-empresas\/#website\"},\"primaryImageOfPage\":{\"@id\":\"https:\/\/blogs.udima.es\/administracion-y-direccion-de-empresas\/11-4-prestamo-con-intereses-prepagables-con-terminos-amortizativos-variables-html\/#primaryimage\"},\"image\":{\"@id\":\"https:\/\/blogs.udima.es\/administracion-y-direccion-de-empresas\/11-4-prestamo-con-intereses-prepagables-con-terminos-amortizativos-variables-html\/#primaryimage\"},\"thumbnailUrl\":\"https:\/\/blogs.udima.es\/administracion-y-direccion-de-empresas\/images_book\/p319-01.png\",\"datePublished\":\"2016-07-15T12:21:33+00:00\",\"dateModified\":\"2016-07-15T12:22:14+00:00\",\"breadcrumb\":{\"@id\":\"https:\/\/blogs.udima.es\/administracion-y-direccion-de-empresas\/11-4-prestamo-con-intereses-prepagables-con-terminos-amortizativos-variables-html\/#breadcrumb\"},\"inLanguage\":\"es\",\"potentialAction\":[{\"@type\":\"ReadAction\",\"target\":[\"https:\/\/blogs.udima.es\/administracion-y-direccion-de-empresas\/11-4-prestamo-con-intereses-prepagables-con-terminos-amortizativos-variables-html\/\"]}]},{\"@type\":\"ImageObject\",\"inLanguage\":\"es\",\"@id\":\"https:\/\/blogs.udima.es\/administracion-y-direccion-de-empresas\/11-4-prestamo-con-intereses-prepagables-con-terminos-amortizativos-variables-html\/#primaryimage\",\"url\":\"https:\/\/blogs.udima.es\/administracion-y-direccion-de-empresas\/images_book\/p319-01.png\",\"contentUrl\":\"https:\/\/blogs.udima.es\/administracion-y-direccion-de-empresas\/images_book\/p319-01.png\"},{\"@type\":\"BreadcrumbList\",\"@id\":\"https:\/\/blogs.udima.es\/administracion-y-direccion-de-empresas\/11-4-prestamo-con-intereses-prepagables-con-terminos-amortizativos-variables-html\/#breadcrumb\",\"itemListElement\":[{\"@type\":\"ListItem\",\"position\":1,\"name\":\"Portada\",\"item\":\"https:\/\/blogs.udima.es\/administracion-y-direccion-de-empresas\/\"},{\"@type\":\"ListItem\",\"position\":2,\"name\":\"11.4. Pr\u00e9stamo con intereses prepagables con t\u00e9rminos amortizativos variables\"}]},{\"@type\":\"WebSite\",\"@id\":\"https:\/\/blogs.udima.es\/administracion-y-direccion-de-empresas\/#website\",\"url\":\"https:\/\/blogs.udima.es\/administracion-y-direccion-de-empresas\/\",\"name\":\"Blog de ADE - Universidad a Distancia de Madrid | UDIMA\",\"description\":\"\",\"potentialAction\":[{\"@type\":\"SearchAction\",\"target\":{\"@type\":\"EntryPoint\",\"urlTemplate\":\"https:\/\/blogs.udima.es\/administracion-y-direccion-de-empresas\/?s={search_term_string}\"},\"query-input\":\"required name=search_term_string\"}],\"inLanguage\":\"es\"}]}<\/script>\n<!-- \/ Yoast SEO plugin. -->","yoast_head_json":{"title":"11.4. Pr\u00e9stamo con intereses prepagables con t\u00e9rminos amortizativos variables - Blog de ADE","robots":{"index":"index","follow":"follow","max-snippet":"max-snippet:-1","max-image-preview":"max-image-preview:large","max-video-preview":"max-video-preview:-1"},"canonical":"https:\/\/blogs.udima.es\/administracion-y-direccion-de-empresas\/11-4-prestamo-con-intereses-prepagables-con-terminos-amortizativos-variables-html\/","og_locale":"es_ES","og_type":"article","og_title":"11.4. Pr\u00e9stamo con intereses prepagables con t\u00e9rminos amortizativos variables - Blog de ADE","og_description":"El esquema de la operaci\u00f3n para un pr\u00e9stamo de cuant\u00eda C0, amortizable en n per\u00edodos, con inter\u00e9s prepagable i*, con t\u00e9rminos amortizativos variables en progresi\u00f3n aritm\u00e9tica de raz\u00f3n d, conocida, es: &nbsp; &nbsp; Siendo: a1; a2 = a1 + d; a3 = a1 + 2d; &#8230;; an = a1 + (n-1)d Los pasos a seguir [&hellip;]","og_url":"https:\/\/blogs.udima.es\/administracion-y-direccion-de-empresas\/11-4-prestamo-con-intereses-prepagables-con-terminos-amortizativos-variables-html\/","og_site_name":"Blog de ADE - Universidad a Distancia de Madrid | UDIMA","article_modified_time":"2016-07-15T12:22:14+00:00","og_image":[{"url":"https:\/\/blogs.udima.es\/administracion-y-direccion-de-empresas\/images_book\/p319-01.png"}],"twitter_card":"summary_large_image","schema":{"@context":"https:\/\/schema.org","@graph":[{"@type":"WebPage","@id":"https:\/\/blogs.udima.es\/administracion-y-direccion-de-empresas\/11-4-prestamo-con-intereses-prepagables-con-terminos-amortizativos-variables-html\/","url":"https:\/\/blogs.udima.es\/administracion-y-direccion-de-empresas\/11-4-prestamo-con-intereses-prepagables-con-terminos-amortizativos-variables-html\/","name":"11.4. Pr\u00e9stamo con intereses prepagables con t\u00e9rminos amortizativos variables - Blog de ADE","isPartOf":{"@id":"https:\/\/blogs.udima.es\/administracion-y-direccion-de-empresas\/#website"},"primaryImageOfPage":{"@id":"https:\/\/blogs.udima.es\/administracion-y-direccion-de-empresas\/11-4-prestamo-con-intereses-prepagables-con-terminos-amortizativos-variables-html\/#primaryimage"},"image":{"@id":"https:\/\/blogs.udima.es\/administracion-y-direccion-de-empresas\/11-4-prestamo-con-intereses-prepagables-con-terminos-amortizativos-variables-html\/#primaryimage"},"thumbnailUrl":"https:\/\/blogs.udima.es\/administracion-y-direccion-de-empresas\/images_book\/p319-01.png","datePublished":"2016-07-15T12:21:33+00:00","dateModified":"2016-07-15T12:22:14+00:00","breadcrumb":{"@id":"https:\/\/blogs.udima.es\/administracion-y-direccion-de-empresas\/11-4-prestamo-con-intereses-prepagables-con-terminos-amortizativos-variables-html\/#breadcrumb"},"inLanguage":"es","potentialAction":[{"@type":"ReadAction","target":["https:\/\/blogs.udima.es\/administracion-y-direccion-de-empresas\/11-4-prestamo-con-intereses-prepagables-con-terminos-amortizativos-variables-html\/"]}]},{"@type":"ImageObject","inLanguage":"es","@id":"https:\/\/blogs.udima.es\/administracion-y-direccion-de-empresas\/11-4-prestamo-con-intereses-prepagables-con-terminos-amortizativos-variables-html\/#primaryimage","url":"https:\/\/blogs.udima.es\/administracion-y-direccion-de-empresas\/images_book\/p319-01.png","contentUrl":"https:\/\/blogs.udima.es\/administracion-y-direccion-de-empresas\/images_book\/p319-01.png"},{"@type":"BreadcrumbList","@id":"https:\/\/blogs.udima.es\/administracion-y-direccion-de-empresas\/11-4-prestamo-con-intereses-prepagables-con-terminos-amortizativos-variables-html\/#breadcrumb","itemListElement":[{"@type":"ListItem","position":1,"name":"Portada","item":"https:\/\/blogs.udima.es\/administracion-y-direccion-de-empresas\/"},{"@type":"ListItem","position":2,"name":"11.4. Pr\u00e9stamo con intereses prepagables con t\u00e9rminos amortizativos variables"}]},{"@type":"WebSite","@id":"https:\/\/blogs.udima.es\/administracion-y-direccion-de-empresas\/#website","url":"https:\/\/blogs.udima.es\/administracion-y-direccion-de-empresas\/","name":"Blog de ADE - Universidad a Distancia de Madrid | UDIMA","description":"","potentialAction":[{"@type":"SearchAction","target":{"@type":"EntryPoint","urlTemplate":"https:\/\/blogs.udima.es\/administracion-y-direccion-de-empresas\/?s={search_term_string}"},"query-input":"required name=search_term_string"}],"inLanguage":"es"}]}},"_links":{"self":[{"href":"https:\/\/blogs.udima.es\/administracion-y-direccion-de-empresas\/wp-json\/wp\/v2\/pages\/1994"}],"collection":[{"href":"https:\/\/blogs.udima.es\/administracion-y-direccion-de-empresas\/wp-json\/wp\/v2\/pages"}],"about":[{"href":"https:\/\/blogs.udima.es\/administracion-y-direccion-de-empresas\/wp-json\/wp\/v2\/types\/page"}],"author":[{"embeddable":true,"href":"https:\/\/blogs.udima.es\/administracion-y-direccion-de-empresas\/wp-json\/wp\/v2\/users\/27"}],"replies":[{"embeddable":true,"href":"https:\/\/blogs.udima.es\/administracion-y-direccion-de-empresas\/wp-json\/wp\/v2\/comments?post=1994"}],"version-history":[{"count":2,"href":"https:\/\/blogs.udima.es\/administracion-y-direccion-de-empresas\/wp-json\/wp\/v2\/pages\/1994\/revisions"}],"predecessor-version":[{"id":1998,"href":"https:\/\/blogs.udima.es\/administracion-y-direccion-de-empresas\/wp-json\/wp\/v2\/pages\/1994\/revisions\/1998"}],"wp:attachment":[{"href":"https:\/\/blogs.udima.es\/administracion-y-direccion-de-empresas\/wp-json\/wp\/v2\/media?parent=1994"}],"curies":[{"name":"wp","href":"https:\/\/api.w.org\/{rel}","templated":true}]}}