{"id":1990,"date":"2016-07-15T12:19:06","date_gmt":"2016-07-15T12:19:06","guid":{"rendered":"http:\/\/blogs.udima.es\/administracion-y-direccion-de-empresas\/?page_id=1990"},"modified":"2016-07-15T12:20:07","modified_gmt":"2016-07-15T12:20:07","slug":"11-3-prestamo-con-intereses-prepagables-con-terminos-amortizativos-variables-progresion-geometrica-html","status":"publish","type":"page","link":"https:\/\/blogs.udima.es\/administracion-y-direccion-de-empresas\/11-3-prestamo-con-intereses-prepagables-con-terminos-amortizativos-variables-progresion-geometrica-html\/","title":{"rendered":"11.3. Pr\u00e9stamo con intereses prepagables con t\u00e9rminos amortizativos variables en progresi\u00f3n geom\u00e9trica"},"content":{"rendered":"<p>El esquema de la operaci\u00f3n para un pr\u00e9stamo de cuant\u00eda C<sub>0<\/sub>, amortizable en n per\u00edodos, con inter\u00e9s prepagable i*, con t\u00e9rminos amortizativos variables en progresi\u00f3n geom\u00e9trica de raz\u00f3n q, conocida, es:<\/p>\n<p>&nbsp;<\/p>\n<p><img loading=\"lazy\" decoding=\"async\" src=\"https:\/\/blogs.udima.es\/administracion-y-direccion-de-empresas\/images_book\/p316-01.png\" width=\"542\" height=\"135\" \/><\/p>\n<p>&nbsp;<\/p>\n<p>Siendo: a<sub>1<\/sub>;  a<sub>2<\/sub>  =  a<sub>1<\/sub>  x  q;  a<sub>3<\/sub>  =  a<sub>1<\/sub>  x  q<sup>2<\/sup>;  &#8230;;  a<sub>n<\/sub>  =  a<sub>1<\/sub>  x  q<sup>n-1<\/sup><\/p>\n<h3>11.3.1. Pasos a seguir<\/h3>\n<h4>11.3.1.1. C\u00e1lculo del primer t\u00e9rmino amortizativo (a<sub>1<\/sub>)<\/h4>\n<p>En el momento cero, inicio de la operaci\u00f3n, la cantidad que recibe el prestatario debe ser igual al valor actualizado, al tanto del pr\u00e9stamo (i*), de los pagos que realizar\u00e1 durante toda la operaci\u00f3n:<\/p>\n<p>C<sub>0<\/sub>  =  C<sub>0<\/sub>  x  i*  +  a<sub>1<\/sub>  x  (1  &#8211;  i*)  +  a<sub>2<\/sub>  x  (1  &#8211;  i*)<sup>2<\/sup><sup>  <\/sup>+  &#8230;  +  a<sub>n<\/sub>  x  (1  &#8211;  i*)<sup>n<\/sup><\/p>\n<p>puesto que los t\u00e9rminos var\u00edan en progresi\u00f3n geom\u00e9trica de raz\u00f3n q:<\/p>\n<p>C<sub>0<\/sub>  =  C<sub>0<\/sub>  x  i*  +  a<sub>1<\/sub>  x  (1  &#8211;  i*)  +  a<sub>1<\/sub>  x  q  x  (1  &#8211;  i*)<sup>2<\/sup><sup>  <\/sup>+  &#8230;  +  a<sub>1<\/sub>  x  q<sup>n-1<\/sup>  x  (1  &#8211;  i*)<sup>n<\/sup><\/p>\n<p>donde todo es conocido salvo a<sub>1<\/sub>.<\/p>\n<h4>11.3.1.2. C\u00e1lculo del capital vivo a principio del per\u00edodo k + 1 (C<sub>k<\/sub>)<\/h4>\n<p>En un determinado momento de la vida del pr\u00e9stamo la deuda pendiente coincide con el valor actualizado de los pagos pendientes (incluida la cuota de inter\u00e9s situada en el momento de estudio que corresponde al primer per\u00edodo pendiente):<\/p>\n<p>&nbsp;<\/p>\n<p><img loading=\"lazy\" decoding=\"async\" src=\"https:\/\/blogs.udima.es\/administracion-y-direccion-de-empresas\/images_book\/p317-01.png\" width=\"462\" height=\"142\" \/><\/p>\n<p>&nbsp;<\/p>\n<p>Planteando la equivalencia en el momento k:<\/p>\n<p>C<sub>k<\/sub>  =  C<sub>k<\/sub>  x  i*  +  a<sub>k+1<\/sub>  x  (1  &#8211;  i*)  +  a<sub>k+2<\/sub>  x  (1  &#8211;  i*)<sup>2<\/sup><sup>  <\/sup>+  &#8230;  +  a<sub>n<\/sub>  x  (1  &#8211;  i*)<sup>n-k<\/sup><\/p>\n<p>Simplificando:<\/p>\n<p>C<sub>k<\/sub><sub> <\/sub> =  C<sub>k<\/sub>  x  i* + a<sub>k+1<\/sub>  x  (1  &#8211;  i*)  +  a<sub>k+1<\/sub>  x  q  x  (1  &#8211;  i*)<sup>2<\/sup><sup>  <\/sup>+  &#8230;  +  a <sub>k+1<\/sub>  x  q<sup>n-k-1<\/sup>  x  (1  &#8211;  i*)<sup>n-k<br \/>\n    <\/sup>C<sub>k<\/sub><sub>  <\/sub>(1  &#8211;  i*)  =  a<sub>k+1<\/sub>  x  (1  &#8211;  i*)  +  a<sub>k+1<\/sub>  x  q  x  (1  &#8211;  i*)<sup>2<\/sup><sup>  <\/sup>+<sup>  <\/sup>&#8230;  +  a<sub>k+1<\/sub>  x  q<sup>n-k-1<\/sup>  x  (1  &#8211;  i*)<sup>n-k<br \/>\n    <\/sup>C<sub>k<\/sub><sub>  <\/sub>(1  &#8211;  i*)  =  a<sub>k+1<\/sub>  x  (1  &#8211;  i*)  x  [1  +  q  x  (1  &#8211;  i*)  +  q<sup>2<\/sup>  x  (1  &#8211;  i*)<sup>2<\/sup>  +  &#8230;  +  q<sup>n-k-1<\/sup>  x  (1  &#8211;  i*)<sup>n-k-1<\/sup>]<br \/>\n    C<sub>k<\/sub>  x  <s>(1  &#8211;  i*)<\/s>  =  a<sub>k+1<\/sub>  x  <s>(1  &#8211;  i*)<\/s>  x  [1  +  q  x  (1  &#8211;  i*)  +  q<sup>2<\/sup>  x  (1  &#8211;  i*)<sup>2<\/sup>  +  &#8230;  +  q<sup>n-k-1<\/sup>  x  (1  &#8211;  i*)<sup>n-k-1<\/sup>]<\/p>\n<p>De donde se obtiene la deuda pendiente (C<sub>k<\/sub>).<\/p>\n<p>C<sub>k<\/sub>  =  a<sub>k+1<\/sub>  x  [1  +  q  (1  &#8211;  1*)  +  q<sup>2<\/sup>  (1  &#8211;  i*)<sup>2<\/sup>  +  &#8230;  +  q<sup>n-k-1<\/sup>  x  (1  &#8211;  i*)<sup>n-k-1<\/sup>]<\/p>\n<p>Siendo el corchete una suma de n\u2013k t\u00e9rminos (los que quedan pendientes desde la fecha de estudio hasta el final), que var\u00eda en progresi\u00f3n geom\u00e9trica de raz\u00f3n q x (1 \u2013 i*).<\/p>\n<h4>11.3.1.3. C\u00e1lculo de cuotas de amortizaci\u00f3n (A<sub>k<\/sub>)<\/h4>\n<p>Una vez calculado el t\u00e9rmino amortizativo, se cumple lo siguiente<\/p>\n<p>Per\u00edodo n:      a<sub>n<\/sub> =  A<sub>n<br \/>\n    <\/sub>Per\u00edodo n-1:      a<sub>n-1<\/sub><sub>  <\/sub> =  C<sub>n-1<\/sub>  x  i*  +  A<sub>n-1<\/sub>  =  A<sub>n<\/sub>  x  i*  +  A<sub>n-1<\/sub>  &#8211;&gt;  A<sub>n-1<br \/>\n  <\/sub>Per\u00edodo n-2:                a<sub>n-2<\/sub>  =  C<sub>n-2<\/sub>  x  i*  +  A<sub>n-2 <\/sub> =  (A<sub>n-1  <\/sub>+  A<sub>n<\/sub>)  x  i*  +  A<sub>n-2<\/sub>  &#8211;&gt;  A<sub>n-1<\/sub><\/p>\n<p>Y as\u00ed se continuar\u00eda hasta calcular el resto de cuotas de amortizaci\u00f3n, hasta llegar a la primera.<\/p>\n<h4>11.3.1.4. C\u00e1lculo del total amortizado despu\u00e9s de k per\u00edodos (m<sub>k<\/sub>)<\/h4>\n<p>Como en cualquier sistema amortizativo, el total amortizado se puede obtener de dos maneras posibles:<\/p>\n<ul>\n<li> Por diferencia entre capitales pendientes consecutivos:\n<p><img loading=\"lazy\" decoding=\"async\" src=\"https:\/\/blogs.udima.es\/administracion-y-direccion-de-empresas\/images_book\/p318-01.png\" width=\"454\" height=\"177\" \/><\/p>\n<p>&nbsp;<\/p>\n<p>m<sub>k<\/sub> = C<sub>0<\/sub> \u2013 C<sub>k<\/sub><\/p>\n<\/li>\n<li> Por suma de las cuotas de amortizaci\u00f3n practicadas:<\/li>\n<\/ul>\n<p>&nbsp;<\/p>\n<p><img loading=\"lazy\" decoding=\"async\" src=\"https:\/\/blogs.udima.es\/administracion-y-direccion-de-empresas\/images_book\/p318-02.png\" width=\"458\" height=\"170\" \/><\/p>\n<p>&nbsp;<\/p>\n<p>m<sub>k<\/sub>  =  A<sub>1<\/sub>  +  A<sub>2<\/sub>  +  &#8230;  +  A<sub>k<\/sub><\/p><\/p>\n","protected":false},"excerpt":{"rendered":"<p>El esquema de la operaci\u00f3n para un pr\u00e9stamo de cuant\u00eda C0, amortizable en n per\u00edodos, con inter\u00e9s prepagable i*, con t\u00e9rminos amortizativos variables en progresi\u00f3n geom\u00e9trica de raz\u00f3n q, conocida, es: &nbsp; &nbsp; Siendo: a1; a2 = a1 x q; a3 = a1 x q2; &#8230;; an = a1 x qn-1 11.3.1. Pasos a seguir [&hellip;]<\/p>\n","protected":false},"author":27,"featured_media":0,"parent":0,"menu_order":4123,"comment_status":"closed","ping_status":"closed","template":"","meta":{"footnotes":""},"yoast_head":"<!-- This site is optimized with the Yoast SEO plugin v22.9 - https:\/\/yoast.com\/wordpress\/plugins\/seo\/ -->\n<title>11.3. Pr\u00e9stamo con intereses prepagables con t\u00e9rminos amortizativos variables en progresi\u00f3n geom\u00e9trica - Blog de ADE<\/title>\n<meta name=\"robots\" content=\"index, follow, max-snippet:-1, max-image-preview:large, max-video-preview:-1\" \/>\n<link rel=\"canonical\" href=\"https:\/\/blogs.udima.es\/administracion-y-direccion-de-empresas\/11-3-prestamo-con-intereses-prepagables-con-terminos-amortizativos-variables-progresion-geometrica-html\/\" \/>\n<meta property=\"og:locale\" content=\"es_ES\" \/>\n<meta property=\"og:type\" content=\"article\" \/>\n<meta property=\"og:title\" content=\"11.3. Pr\u00e9stamo con intereses prepagables con t\u00e9rminos amortizativos variables en progresi\u00f3n geom\u00e9trica - Blog de ADE\" \/>\n<meta property=\"og:description\" content=\"El esquema de la operaci\u00f3n para un pr\u00e9stamo de cuant\u00eda C0, amortizable en n per\u00edodos, con inter\u00e9s prepagable i*, con t\u00e9rminos amortizativos variables en progresi\u00f3n geom\u00e9trica de raz\u00f3n q, conocida, es: &nbsp; &nbsp; Siendo: a1; a2 = a1 x q; a3 = a1 x q2; &#8230;; an = a1 x qn-1 11.3.1. Pasos a seguir [&hellip;]\" \/>\n<meta property=\"og:url\" content=\"https:\/\/blogs.udima.es\/administracion-y-direccion-de-empresas\/11-3-prestamo-con-intereses-prepagables-con-terminos-amortizativos-variables-progresion-geometrica-html\/\" \/>\n<meta property=\"og:site_name\" content=\"Blog de ADE - Universidad a Distancia de Madrid | UDIMA\" \/>\n<meta property=\"article:modified_time\" content=\"2016-07-15T12:20:07+00:00\" \/>\n<meta property=\"og:image\" content=\"https:\/\/blogs.udima.es\/administracion-y-direccion-de-empresas\/images_book\/p316-01.png\" \/>\n<meta name=\"twitter:card\" content=\"summary_large_image\" \/>\n<meta name=\"twitter:label1\" content=\"Tiempo de lectura\" \/>\n\t<meta name=\"twitter:data1\" content=\"3 minutos\" \/>\n<script type=\"application\/ld+json\" class=\"yoast-schema-graph\">{\"@context\":\"https:\/\/schema.org\",\"@graph\":[{\"@type\":\"WebPage\",\"@id\":\"https:\/\/blogs.udima.es\/administracion-y-direccion-de-empresas\/11-3-prestamo-con-intereses-prepagables-con-terminos-amortizativos-variables-progresion-geometrica-html\/\",\"url\":\"https:\/\/blogs.udima.es\/administracion-y-direccion-de-empresas\/11-3-prestamo-con-intereses-prepagables-con-terminos-amortizativos-variables-progresion-geometrica-html\/\",\"name\":\"11.3. Pr\u00e9stamo con intereses prepagables con t\u00e9rminos amortizativos variables en progresi\u00f3n geom\u00e9trica - Blog de ADE\",\"isPartOf\":{\"@id\":\"https:\/\/blogs.udima.es\/administracion-y-direccion-de-empresas\/#website\"},\"primaryImageOfPage\":{\"@id\":\"https:\/\/blogs.udima.es\/administracion-y-direccion-de-empresas\/11-3-prestamo-con-intereses-prepagables-con-terminos-amortizativos-variables-progresion-geometrica-html\/#primaryimage\"},\"image\":{\"@id\":\"https:\/\/blogs.udima.es\/administracion-y-direccion-de-empresas\/11-3-prestamo-con-intereses-prepagables-con-terminos-amortizativos-variables-progresion-geometrica-html\/#primaryimage\"},\"thumbnailUrl\":\"https:\/\/blogs.udima.es\/administracion-y-direccion-de-empresas\/images_book\/p316-01.png\",\"datePublished\":\"2016-07-15T12:19:06+00:00\",\"dateModified\":\"2016-07-15T12:20:07+00:00\",\"breadcrumb\":{\"@id\":\"https:\/\/blogs.udima.es\/administracion-y-direccion-de-empresas\/11-3-prestamo-con-intereses-prepagables-con-terminos-amortizativos-variables-progresion-geometrica-html\/#breadcrumb\"},\"inLanguage\":\"es\",\"potentialAction\":[{\"@type\":\"ReadAction\",\"target\":[\"https:\/\/blogs.udima.es\/administracion-y-direccion-de-empresas\/11-3-prestamo-con-intereses-prepagables-con-terminos-amortizativos-variables-progresion-geometrica-html\/\"]}]},{\"@type\":\"ImageObject\",\"inLanguage\":\"es\",\"@id\":\"https:\/\/blogs.udima.es\/administracion-y-direccion-de-empresas\/11-3-prestamo-con-intereses-prepagables-con-terminos-amortizativos-variables-progresion-geometrica-html\/#primaryimage\",\"url\":\"https:\/\/blogs.udima.es\/administracion-y-direccion-de-empresas\/images_book\/p316-01.png\",\"contentUrl\":\"https:\/\/blogs.udima.es\/administracion-y-direccion-de-empresas\/images_book\/p316-01.png\"},{\"@type\":\"BreadcrumbList\",\"@id\":\"https:\/\/blogs.udima.es\/administracion-y-direccion-de-empresas\/11-3-prestamo-con-intereses-prepagables-con-terminos-amortizativos-variables-progresion-geometrica-html\/#breadcrumb\",\"itemListElement\":[{\"@type\":\"ListItem\",\"position\":1,\"name\":\"Portada\",\"item\":\"https:\/\/blogs.udima.es\/administracion-y-direccion-de-empresas\/\"},{\"@type\":\"ListItem\",\"position\":2,\"name\":\"11.3. Pr\u00e9stamo con intereses prepagables con t\u00e9rminos amortizativos variables en progresi\u00f3n geom\u00e9trica\"}]},{\"@type\":\"WebSite\",\"@id\":\"https:\/\/blogs.udima.es\/administracion-y-direccion-de-empresas\/#website\",\"url\":\"https:\/\/blogs.udima.es\/administracion-y-direccion-de-empresas\/\",\"name\":\"Blog de ADE - Universidad a Distancia de Madrid | UDIMA\",\"description\":\"\",\"potentialAction\":[{\"@type\":\"SearchAction\",\"target\":{\"@type\":\"EntryPoint\",\"urlTemplate\":\"https:\/\/blogs.udima.es\/administracion-y-direccion-de-empresas\/?s={search_term_string}\"},\"query-input\":\"required name=search_term_string\"}],\"inLanguage\":\"es\"}]}<\/script>\n<!-- \/ Yoast SEO plugin. -->","yoast_head_json":{"title":"11.3. Pr\u00e9stamo con intereses prepagables con t\u00e9rminos amortizativos variables en progresi\u00f3n geom\u00e9trica - Blog de ADE","robots":{"index":"index","follow":"follow","max-snippet":"max-snippet:-1","max-image-preview":"max-image-preview:large","max-video-preview":"max-video-preview:-1"},"canonical":"https:\/\/blogs.udima.es\/administracion-y-direccion-de-empresas\/11-3-prestamo-con-intereses-prepagables-con-terminos-amortizativos-variables-progresion-geometrica-html\/","og_locale":"es_ES","og_type":"article","og_title":"11.3. Pr\u00e9stamo con intereses prepagables con t\u00e9rminos amortizativos variables en progresi\u00f3n geom\u00e9trica - Blog de ADE","og_description":"El esquema de la operaci\u00f3n para un pr\u00e9stamo de cuant\u00eda C0, amortizable en n per\u00edodos, con inter\u00e9s prepagable i*, con t\u00e9rminos amortizativos variables en progresi\u00f3n geom\u00e9trica de raz\u00f3n q, conocida, es: &nbsp; &nbsp; Siendo: a1; a2 = a1 x q; a3 = a1 x q2; &#8230;; an = a1 x qn-1 11.3.1. Pasos a seguir [&hellip;]","og_url":"https:\/\/blogs.udima.es\/administracion-y-direccion-de-empresas\/11-3-prestamo-con-intereses-prepagables-con-terminos-amortizativos-variables-progresion-geometrica-html\/","og_site_name":"Blog de ADE - Universidad a Distancia de Madrid | UDIMA","article_modified_time":"2016-07-15T12:20:07+00:00","og_image":[{"url":"https:\/\/blogs.udima.es\/administracion-y-direccion-de-empresas\/images_book\/p316-01.png"}],"twitter_card":"summary_large_image","twitter_misc":{"Tiempo de lectura":"3 minutos"},"schema":{"@context":"https:\/\/schema.org","@graph":[{"@type":"WebPage","@id":"https:\/\/blogs.udima.es\/administracion-y-direccion-de-empresas\/11-3-prestamo-con-intereses-prepagables-con-terminos-amortizativos-variables-progresion-geometrica-html\/","url":"https:\/\/blogs.udima.es\/administracion-y-direccion-de-empresas\/11-3-prestamo-con-intereses-prepagables-con-terminos-amortizativos-variables-progresion-geometrica-html\/","name":"11.3. Pr\u00e9stamo con intereses prepagables con t\u00e9rminos amortizativos variables en progresi\u00f3n geom\u00e9trica - Blog de ADE","isPartOf":{"@id":"https:\/\/blogs.udima.es\/administracion-y-direccion-de-empresas\/#website"},"primaryImageOfPage":{"@id":"https:\/\/blogs.udima.es\/administracion-y-direccion-de-empresas\/11-3-prestamo-con-intereses-prepagables-con-terminos-amortizativos-variables-progresion-geometrica-html\/#primaryimage"},"image":{"@id":"https:\/\/blogs.udima.es\/administracion-y-direccion-de-empresas\/11-3-prestamo-con-intereses-prepagables-con-terminos-amortizativos-variables-progresion-geometrica-html\/#primaryimage"},"thumbnailUrl":"https:\/\/blogs.udima.es\/administracion-y-direccion-de-empresas\/images_book\/p316-01.png","datePublished":"2016-07-15T12:19:06+00:00","dateModified":"2016-07-15T12:20:07+00:00","breadcrumb":{"@id":"https:\/\/blogs.udima.es\/administracion-y-direccion-de-empresas\/11-3-prestamo-con-intereses-prepagables-con-terminos-amortizativos-variables-progresion-geometrica-html\/#breadcrumb"},"inLanguage":"es","potentialAction":[{"@type":"ReadAction","target":["https:\/\/blogs.udima.es\/administracion-y-direccion-de-empresas\/11-3-prestamo-con-intereses-prepagables-con-terminos-amortizativos-variables-progresion-geometrica-html\/"]}]},{"@type":"ImageObject","inLanguage":"es","@id":"https:\/\/blogs.udima.es\/administracion-y-direccion-de-empresas\/11-3-prestamo-con-intereses-prepagables-con-terminos-amortizativos-variables-progresion-geometrica-html\/#primaryimage","url":"https:\/\/blogs.udima.es\/administracion-y-direccion-de-empresas\/images_book\/p316-01.png","contentUrl":"https:\/\/blogs.udima.es\/administracion-y-direccion-de-empresas\/images_book\/p316-01.png"},{"@type":"BreadcrumbList","@id":"https:\/\/blogs.udima.es\/administracion-y-direccion-de-empresas\/11-3-prestamo-con-intereses-prepagables-con-terminos-amortizativos-variables-progresion-geometrica-html\/#breadcrumb","itemListElement":[{"@type":"ListItem","position":1,"name":"Portada","item":"https:\/\/blogs.udima.es\/administracion-y-direccion-de-empresas\/"},{"@type":"ListItem","position":2,"name":"11.3. Pr\u00e9stamo con intereses prepagables con t\u00e9rminos amortizativos variables en progresi\u00f3n geom\u00e9trica"}]},{"@type":"WebSite","@id":"https:\/\/blogs.udima.es\/administracion-y-direccion-de-empresas\/#website","url":"https:\/\/blogs.udima.es\/administracion-y-direccion-de-empresas\/","name":"Blog de ADE - Universidad a Distancia de Madrid | UDIMA","description":"","potentialAction":[{"@type":"SearchAction","target":{"@type":"EntryPoint","urlTemplate":"https:\/\/blogs.udima.es\/administracion-y-direccion-de-empresas\/?s={search_term_string}"},"query-input":"required name=search_term_string"}],"inLanguage":"es"}]}},"_links":{"self":[{"href":"https:\/\/blogs.udima.es\/administracion-y-direccion-de-empresas\/wp-json\/wp\/v2\/pages\/1990"}],"collection":[{"href":"https:\/\/blogs.udima.es\/administracion-y-direccion-de-empresas\/wp-json\/wp\/v2\/pages"}],"about":[{"href":"https:\/\/blogs.udima.es\/administracion-y-direccion-de-empresas\/wp-json\/wp\/v2\/types\/page"}],"author":[{"embeddable":true,"href":"https:\/\/blogs.udima.es\/administracion-y-direccion-de-empresas\/wp-json\/wp\/v2\/users\/27"}],"replies":[{"embeddable":true,"href":"https:\/\/blogs.udima.es\/administracion-y-direccion-de-empresas\/wp-json\/wp\/v2\/comments?post=1990"}],"version-history":[{"count":2,"href":"https:\/\/blogs.udima.es\/administracion-y-direccion-de-empresas\/wp-json\/wp\/v2\/pages\/1990\/revisions"}],"predecessor-version":[{"id":1992,"href":"https:\/\/blogs.udima.es\/administracion-y-direccion-de-empresas\/wp-json\/wp\/v2\/pages\/1990\/revisions\/1992"}],"wp:attachment":[{"href":"https:\/\/blogs.udima.es\/administracion-y-direccion-de-empresas\/wp-json\/wp\/v2\/media?parent=1990"}],"curies":[{"name":"wp","href":"https:\/\/api.w.org\/{rel}","templated":true}]}}