{"id":1985,"date":"2016-07-15T12:16:49","date_gmt":"2016-07-15T12:16:49","guid":{"rendered":"http:\/\/blogs.udima.es\/administracion-y-direccion-de-empresas\/?page_id=1985"},"modified":"2016-07-15T12:17:40","modified_gmt":"2016-07-15T12:17:40","slug":"11-2-prestamo-con-intereses-prepagables-cuotas-amortizacion-constante-html","status":"publish","type":"page","link":"https:\/\/blogs.udima.es\/administracion-y-direccion-de-empresas\/11-2-prestamo-con-intereses-prepagables-cuotas-amortizacion-constante-html\/","title":{"rendered":"11.2. Pr\u00e9stamo con intereses prepagables y cuotas de amortizaci\u00f3n constante"},"content":{"rendered":"<p>Considerando que el importe del pr\u00e9stamo es C<sub>0<\/sub>, con un tipo de inter\u00e9s anticipado i*, y amortizable en n per\u00edodos, en este caso debe cumplirse que: A<sub>1<\/sub> = A<sub>2<\/sub> = A<sub>3<\/sub> = = &#8230; = A<sub>n<\/sub><sub> <\/sub>= A<\/p>\n<h3>11.2.1. Pasos a seguir<\/h3>\n<p>En este caso, al igual que ocurr\u00eda cuando se vio el pr\u00e9stamo lineal con intereses vencidos, se calcula en primer lugar todo lo que tenga que ver con las cuotas de amortizaci\u00f3n, f\u00e1ciles de obtener, a continuaci\u00f3n los intereses y, finalmente, los t\u00e9rminos amortizativos.<\/p>\n<h4>11.2.1.1. C\u00e1lculo de la cuota de amortizaci\u00f3n (A)<\/h4>\n<p>Sabiendo que la suma de todas las cuotas de principal es el importe del pr\u00e9stamo y que, adem\u00e1s, \u00e9stas se mantienen constantes se debe cumplir:<\/p>\n<p>C<sub>0<\/sub>  =  A<sub>1<\/sub><sub> <\/sub> +  A<sub>2<\/sub>  +  A<sub>3<\/sub>  +  &#8230;  +  A<sub>n<\/sub>  =  A  x  n<\/p>\n<p>de donde se obtiene:<\/p>\n<p> &nbsp;&nbsp;&nbsp;&nbsp;&nbsp;&nbsp;&nbsp;&nbsp;&nbsp;C<sub>0<br \/>\n     <\/sub>A  = &#8212;&#8212;&#8211; <br \/>\n&nbsp;&nbsp;&nbsp;&nbsp;&nbsp;&nbsp;&nbsp;&nbsp;&nbsp;&nbsp;n<\/p>\n<h4>11.2.1.2. C\u00e1lculo del total amortizado despu\u00e9s de k per\u00edodos (m<sub>k<\/sub><sub><\/sub>)<\/h4>\n<p>m<sub>k<\/sub><sub>  <\/sub>=  A<sub>1<\/sub>  +  A<sub>2<\/sub>  +  &#8230;  +  A<sub>k<\/sub><sub> <\/sub> =  A  x  k<\/p>\n<h4> 11.2.1.3. C\u00e1lculo del capital vivo a principios del per\u00edodo k+1 (C<sub>k<\/sub><sub><\/sub>)<\/h4>\n<p>El car\u00e1cter prepagable de los intereses no afecta a las cuotas de amortizaci\u00f3n que sigue siendo pospagable.<\/p>\n<p>A) 1.\u00aa posibilidad: por el m\u00e9todo retrospectivo<\/p>\n<p>&nbsp;<\/p>\n<p> <img loading=\"lazy\" decoding=\"async\" src=\"https:\/\/blogs.udima.es\/administracion-y-direccion-de-empresas\/images_book\/p313-01.png\" width=\"500\" height=\"179\" \/><\/p>\n<p>&nbsp;<\/p>\n<p>El capital pendiente ser\u00e1 el importe del pr\u00e9stamo disminuido en la totalidad de las cuotas de amortizaci\u00f3n ya practicadas.<\/p>\n<p>C<sub>k  <\/sub>=  C<sub>0<\/sub>  &#8211;  m<sub>k  <\/sub>=  C<sub>0  <\/sub>&#8211;  [A  +  A  +  &#8230;  +  A]  =  C<sub>0  <\/sub>&#8211;  A  x  k<\/p>\n<p>B) 2.\u00aa posibilidad: por el m\u00e9todo prospectivo<\/p>\n<p>&nbsp;<\/p>\n<p><img loading=\"lazy\" decoding=\"async\" src=\"https:\/\/blogs.udima.es\/administracion-y-direccion-de-empresas\/images_book\/p313-02.png\" width=\"501\" height=\"181\" \/><\/p>\n<p>&nbsp;<\/p>\n<p>El capital pendiente ser\u00e1 la suma aritm\u00e9tica de las cuotas de amortizaci\u00f3n a\u00fan pendientes de realizar.<\/p>\n<p>C<sub>k  <\/sub>=  A<sub>k+1<\/sub>  +  A<sub>k+2 <\/sub> +  &#8230;  +  A<sub>n<\/sub>  =  (n  &#8211;  k)  x  A<\/p>\n<h4>11.2.1.4. C\u00e1lculo de cuota de inter\u00e9s de per\u00edodo k + 1 (I<sub>k+1<\/sub>)<\/h4>\n<p>Los intereses de cualquier per\u00edodo se calcular\u00e1n a partir de la deuda pendiente a principios de ese per\u00edodo, al tanto efectivo vigente durante el mismo, pero se pagan al principio de dicho per\u00edodo, as\u00ed en el momento k (principios de k + 1) se pagan los intereses del per\u00edodo k + 1.<\/p>\n<p>&nbsp;<\/p>\n<p>  <img loading=\"lazy\" decoding=\"async\" src=\"https:\/\/blogs.udima.es\/administracion-y-direccion-de-empresas\/images_book\/p314-01.png\" width=\"414\" height=\"129\" \/><\/p>\n<p>&nbsp;<\/p>\n<p>En k:<\/p>\n<p> I<sub>k+1<\/sub> = C<sub>k<\/sub> x i*<\/p>\n<h4> 11.2.1.5. C\u00e1lculo de los t\u00e9rminos amortizativos: ley de recurrencia (a<sub>k<\/sub>)<\/h4>\n<p>Puesto que los t\u00e9rminos amortizativos son la suma de la cuota de inter\u00e9s (decrecientes porque se calculan sobre capitales cada vez menores) y la cuota de amortizaci\u00f3n (en este caso constantes), los t\u00e9rminos variar\u00e1n como lo hacen las cuotas de inter\u00e9s y seguir\u00e1n una ley matem\u00e1tica.<\/p>\n<p><em>1.\u00aa posibilidad:<\/em> calcular el importe del t\u00e9rmino amortizativo a trav\u00e9s de su propia estructura, calculando la cuota de inter\u00e9s y a\u00f1adiendo la cuota de amortizaci\u00f3n constante ya conocida:<\/p>\n<p>En 0:     &nbsp;&nbsp;&nbsp;&nbsp;a<sub>0<\/sub>  =  I<sub>1<\/sub><sub>  <\/sub>=  C<sub>0<\/sub>  x  i*<br \/>\n    En 1:     &nbsp;&nbsp;&nbsp;&nbsp;a<sub>1<\/sub>  =  I<sub>2<\/sub><sub> <\/sub> +  A  =  C<sub>1<\/sub>  x  i*  +  A<br \/>\n  En 2:    &nbsp;&nbsp;&nbsp;&nbsp;a<sub>2<\/sub>  =  I<sub>3 <\/sub> +  A  =  C<sub>2<\/sub>  x  i*  +  A  =  (C<sub>1  <\/sub>&#8211;  A)  x  i*  +  A<br \/>\n  &#8230;\n  <\/p>\n<\/p>\n<p><em>2.\u00aa posibilidad:<\/em> consistir\u00e1 en calcular el primer t\u00e9rmino y obtener todos a trav\u00e9s de la ley de recurrencia que \u00e9stos siguen y que se obtiene al relacionar, por diferencias, dos t\u00e9rminos amortizativos consecutivos cualesquiera:&acute;<\/p>\n<p>&nbsp;<\/p>\n<p><img loading=\"lazy\" decoding=\"async\" src=\"https:\/\/blogs.udima.es\/administracion-y-direccion-de-empresas\/images_book\/p315-01.png\" width=\"500\" height=\"166\" \/><\/p>\n<p>&nbsp;<\/p>\n<p>En k: &nbsp;&nbsp;&nbsp;&nbsp;&nbsp;&nbsp;a<sub>k<\/sub>   =  I<sub>k+1<\/sub>  +  A<sub>  <\/sub>=  C<sub>k<\/sub>  x  i*  +  A<br \/>\n  En k+1: &nbsp;&nbsp;a<sub>k+1<\/sub>   =  I<sub>k+2<\/sub>  +  A  =  C<sub>k+1<\/sub>  x  i*  +  A<br \/>\n  &nbsp;&nbsp;&nbsp;&nbsp;&nbsp;&nbsp;&nbsp;&nbsp;&nbsp;&nbsp;&nbsp;&nbsp;&nbsp;&nbsp;&#8212;&#8212;&#8212;&#8212;&#8212;&#8212;&#8212;&#8212;&#8212;&#8212;&#8212;&#8212;&#8212;&#8212;-<br \/>\n  &nbsp;&nbsp;&nbsp;&nbsp;&nbsp;&nbsp;&nbsp;&nbsp;&nbsp;&nbsp;&nbsp;&nbsp;&nbsp;&nbsp;&nbsp;a<sub>k<\/sub>  &#8211;  a<sub>k+1<\/sub>        =   (C<sub>k<\/sub>  &#8211;  C<sub>k+1<\/sub>)  x  i*  +  A  &#8211;  A<\/p>\n<p>siendo: C<sub>k<\/sub> &#8211; C<sub>k+1<\/sub> = A<\/p>\n<p>resulta:<\/p>\n<p>a<sub>k<\/sub> &#8211; a<sub>k+1<\/sub> = A x i*<\/p>\n<p> De donde se obtiene: a<sub>k+1<\/sub> = a<sub>k<\/sub> \u2013 A x i*, lo que indica que cualquier t\u00e9rmino amortizativo es el anterior menos una cuant\u00eda constante, es decir, los t\u00e9rminos var\u00edan en progresi\u00f3n aritm\u00e9tica de raz\u00f3n \u2013 (A x i*).<\/p>\n","protected":false},"excerpt":{"rendered":"<p>Considerando que el importe del pr\u00e9stamo es C0, con un tipo de inter\u00e9s anticipado i*, y amortizable en n per\u00edodos, en este caso debe cumplirse que: A1 = A2 = A3 = = &#8230; = An = A 11.2.1. Pasos a seguir En este caso, al igual que ocurr\u00eda cuando se vio el pr\u00e9stamo lineal [&hellip;]<\/p>\n","protected":false},"author":27,"featured_media":0,"parent":0,"menu_order":4122,"comment_status":"closed","ping_status":"closed","template":"","meta":{"footnotes":""},"yoast_head":"<!-- This site is optimized with the Yoast SEO plugin v22.9 - https:\/\/yoast.com\/wordpress\/plugins\/seo\/ -->\n<title>11.2. Pr\u00e9stamo con intereses prepagables y cuotas de amortizaci\u00f3n constante - Blog de ADE<\/title>\n<meta name=\"robots\" content=\"index, follow, max-snippet:-1, max-image-preview:large, max-video-preview:-1\" \/>\n<link rel=\"canonical\" href=\"https:\/\/blogs.udima.es\/administracion-y-direccion-de-empresas\/11-2-prestamo-con-intereses-prepagables-cuotas-amortizacion-constante-html\/\" \/>\n<meta property=\"og:locale\" content=\"es_ES\" \/>\n<meta property=\"og:type\" content=\"article\" \/>\n<meta property=\"og:title\" content=\"11.2. Pr\u00e9stamo con intereses prepagables y cuotas de amortizaci\u00f3n constante - Blog de ADE\" \/>\n<meta property=\"og:description\" content=\"Considerando que el importe del pr\u00e9stamo es C0, con un tipo de inter\u00e9s anticipado i*, y amortizable en n per\u00edodos, en este caso debe cumplirse que: A1 = A2 = A3 = = &#8230; = An = A 11.2.1. Pasos a seguir En este caso, al igual que ocurr\u00eda cuando se vio el pr\u00e9stamo lineal [&hellip;]\" \/>\n<meta property=\"og:url\" content=\"https:\/\/blogs.udima.es\/administracion-y-direccion-de-empresas\/11-2-prestamo-con-intereses-prepagables-cuotas-amortizacion-constante-html\/\" \/>\n<meta property=\"og:site_name\" content=\"Blog de ADE - Universidad a Distancia de Madrid | UDIMA\" \/>\n<meta property=\"article:modified_time\" content=\"2016-07-15T12:17:40+00:00\" \/>\n<meta property=\"og:image\" content=\"https:\/\/blogs.udima.es\/administracion-y-direccion-de-empresas\/images_book\/p313-01.png\" \/>\n<meta name=\"twitter:card\" content=\"summary_large_image\" \/>\n<meta name=\"twitter:label1\" content=\"Tiempo de lectura\" \/>\n\t<meta name=\"twitter:data1\" content=\"3 minutos\" \/>\n<script type=\"application\/ld+json\" class=\"yoast-schema-graph\">{\"@context\":\"https:\/\/schema.org\",\"@graph\":[{\"@type\":\"WebPage\",\"@id\":\"https:\/\/blogs.udima.es\/administracion-y-direccion-de-empresas\/11-2-prestamo-con-intereses-prepagables-cuotas-amortizacion-constante-html\/\",\"url\":\"https:\/\/blogs.udima.es\/administracion-y-direccion-de-empresas\/11-2-prestamo-con-intereses-prepagables-cuotas-amortizacion-constante-html\/\",\"name\":\"11.2. Pr\u00e9stamo con intereses prepagables y cuotas de amortizaci\u00f3n constante - Blog de ADE\",\"isPartOf\":{\"@id\":\"https:\/\/blogs.udima.es\/administracion-y-direccion-de-empresas\/#website\"},\"primaryImageOfPage\":{\"@id\":\"https:\/\/blogs.udima.es\/administracion-y-direccion-de-empresas\/11-2-prestamo-con-intereses-prepagables-cuotas-amortizacion-constante-html\/#primaryimage\"},\"image\":{\"@id\":\"https:\/\/blogs.udima.es\/administracion-y-direccion-de-empresas\/11-2-prestamo-con-intereses-prepagables-cuotas-amortizacion-constante-html\/#primaryimage\"},\"thumbnailUrl\":\"https:\/\/blogs.udima.es\/administracion-y-direccion-de-empresas\/images_book\/p313-01.png\",\"datePublished\":\"2016-07-15T12:16:49+00:00\",\"dateModified\":\"2016-07-15T12:17:40+00:00\",\"breadcrumb\":{\"@id\":\"https:\/\/blogs.udima.es\/administracion-y-direccion-de-empresas\/11-2-prestamo-con-intereses-prepagables-cuotas-amortizacion-constante-html\/#breadcrumb\"},\"inLanguage\":\"es\",\"potentialAction\":[{\"@type\":\"ReadAction\",\"target\":[\"https:\/\/blogs.udima.es\/administracion-y-direccion-de-empresas\/11-2-prestamo-con-intereses-prepagables-cuotas-amortizacion-constante-html\/\"]}]},{\"@type\":\"ImageObject\",\"inLanguage\":\"es\",\"@id\":\"https:\/\/blogs.udima.es\/administracion-y-direccion-de-empresas\/11-2-prestamo-con-intereses-prepagables-cuotas-amortizacion-constante-html\/#primaryimage\",\"url\":\"https:\/\/blogs.udima.es\/administracion-y-direccion-de-empresas\/images_book\/p313-01.png\",\"contentUrl\":\"https:\/\/blogs.udima.es\/administracion-y-direccion-de-empresas\/images_book\/p313-01.png\"},{\"@type\":\"BreadcrumbList\",\"@id\":\"https:\/\/blogs.udima.es\/administracion-y-direccion-de-empresas\/11-2-prestamo-con-intereses-prepagables-cuotas-amortizacion-constante-html\/#breadcrumb\",\"itemListElement\":[{\"@type\":\"ListItem\",\"position\":1,\"name\":\"Portada\",\"item\":\"https:\/\/blogs.udima.es\/administracion-y-direccion-de-empresas\/\"},{\"@type\":\"ListItem\",\"position\":2,\"name\":\"11.2. Pr\u00e9stamo con intereses prepagables y cuotas de amortizaci\u00f3n constante\"}]},{\"@type\":\"WebSite\",\"@id\":\"https:\/\/blogs.udima.es\/administracion-y-direccion-de-empresas\/#website\",\"url\":\"https:\/\/blogs.udima.es\/administracion-y-direccion-de-empresas\/\",\"name\":\"Blog de ADE - Universidad a Distancia de Madrid | UDIMA\",\"description\":\"\",\"potentialAction\":[{\"@type\":\"SearchAction\",\"target\":{\"@type\":\"EntryPoint\",\"urlTemplate\":\"https:\/\/blogs.udima.es\/administracion-y-direccion-de-empresas\/?s={search_term_string}\"},\"query-input\":\"required name=search_term_string\"}],\"inLanguage\":\"es\"}]}<\/script>\n<!-- \/ Yoast SEO plugin. -->","yoast_head_json":{"title":"11.2. Pr\u00e9stamo con intereses prepagables y cuotas de amortizaci\u00f3n constante - Blog de ADE","robots":{"index":"index","follow":"follow","max-snippet":"max-snippet:-1","max-image-preview":"max-image-preview:large","max-video-preview":"max-video-preview:-1"},"canonical":"https:\/\/blogs.udima.es\/administracion-y-direccion-de-empresas\/11-2-prestamo-con-intereses-prepagables-cuotas-amortizacion-constante-html\/","og_locale":"es_ES","og_type":"article","og_title":"11.2. Pr\u00e9stamo con intereses prepagables y cuotas de amortizaci\u00f3n constante - Blog de ADE","og_description":"Considerando que el importe del pr\u00e9stamo es C0, con un tipo de inter\u00e9s anticipado i*, y amortizable en n per\u00edodos, en este caso debe cumplirse que: A1 = A2 = A3 = = &#8230; = An = A 11.2.1. Pasos a seguir En este caso, al igual que ocurr\u00eda cuando se vio el pr\u00e9stamo lineal [&hellip;]","og_url":"https:\/\/blogs.udima.es\/administracion-y-direccion-de-empresas\/11-2-prestamo-con-intereses-prepagables-cuotas-amortizacion-constante-html\/","og_site_name":"Blog de ADE - Universidad a Distancia de Madrid | UDIMA","article_modified_time":"2016-07-15T12:17:40+00:00","og_image":[{"url":"https:\/\/blogs.udima.es\/administracion-y-direccion-de-empresas\/images_book\/p313-01.png"}],"twitter_card":"summary_large_image","twitter_misc":{"Tiempo de lectura":"3 minutos"},"schema":{"@context":"https:\/\/schema.org","@graph":[{"@type":"WebPage","@id":"https:\/\/blogs.udima.es\/administracion-y-direccion-de-empresas\/11-2-prestamo-con-intereses-prepagables-cuotas-amortizacion-constante-html\/","url":"https:\/\/blogs.udima.es\/administracion-y-direccion-de-empresas\/11-2-prestamo-con-intereses-prepagables-cuotas-amortizacion-constante-html\/","name":"11.2. Pr\u00e9stamo con intereses prepagables y cuotas de amortizaci\u00f3n constante - Blog de ADE","isPartOf":{"@id":"https:\/\/blogs.udima.es\/administracion-y-direccion-de-empresas\/#website"},"primaryImageOfPage":{"@id":"https:\/\/blogs.udima.es\/administracion-y-direccion-de-empresas\/11-2-prestamo-con-intereses-prepagables-cuotas-amortizacion-constante-html\/#primaryimage"},"image":{"@id":"https:\/\/blogs.udima.es\/administracion-y-direccion-de-empresas\/11-2-prestamo-con-intereses-prepagables-cuotas-amortizacion-constante-html\/#primaryimage"},"thumbnailUrl":"https:\/\/blogs.udima.es\/administracion-y-direccion-de-empresas\/images_book\/p313-01.png","datePublished":"2016-07-15T12:16:49+00:00","dateModified":"2016-07-15T12:17:40+00:00","breadcrumb":{"@id":"https:\/\/blogs.udima.es\/administracion-y-direccion-de-empresas\/11-2-prestamo-con-intereses-prepagables-cuotas-amortizacion-constante-html\/#breadcrumb"},"inLanguage":"es","potentialAction":[{"@type":"ReadAction","target":["https:\/\/blogs.udima.es\/administracion-y-direccion-de-empresas\/11-2-prestamo-con-intereses-prepagables-cuotas-amortizacion-constante-html\/"]}]},{"@type":"ImageObject","inLanguage":"es","@id":"https:\/\/blogs.udima.es\/administracion-y-direccion-de-empresas\/11-2-prestamo-con-intereses-prepagables-cuotas-amortizacion-constante-html\/#primaryimage","url":"https:\/\/blogs.udima.es\/administracion-y-direccion-de-empresas\/images_book\/p313-01.png","contentUrl":"https:\/\/blogs.udima.es\/administracion-y-direccion-de-empresas\/images_book\/p313-01.png"},{"@type":"BreadcrumbList","@id":"https:\/\/blogs.udima.es\/administracion-y-direccion-de-empresas\/11-2-prestamo-con-intereses-prepagables-cuotas-amortizacion-constante-html\/#breadcrumb","itemListElement":[{"@type":"ListItem","position":1,"name":"Portada","item":"https:\/\/blogs.udima.es\/administracion-y-direccion-de-empresas\/"},{"@type":"ListItem","position":2,"name":"11.2. Pr\u00e9stamo con intereses prepagables y cuotas de amortizaci\u00f3n constante"}]},{"@type":"WebSite","@id":"https:\/\/blogs.udima.es\/administracion-y-direccion-de-empresas\/#website","url":"https:\/\/blogs.udima.es\/administracion-y-direccion-de-empresas\/","name":"Blog de ADE - Universidad a Distancia de Madrid | UDIMA","description":"","potentialAction":[{"@type":"SearchAction","target":{"@type":"EntryPoint","urlTemplate":"https:\/\/blogs.udima.es\/administracion-y-direccion-de-empresas\/?s={search_term_string}"},"query-input":"required name=search_term_string"}],"inLanguage":"es"}]}},"_links":{"self":[{"href":"https:\/\/blogs.udima.es\/administracion-y-direccion-de-empresas\/wp-json\/wp\/v2\/pages\/1985"}],"collection":[{"href":"https:\/\/blogs.udima.es\/administracion-y-direccion-de-empresas\/wp-json\/wp\/v2\/pages"}],"about":[{"href":"https:\/\/blogs.udima.es\/administracion-y-direccion-de-empresas\/wp-json\/wp\/v2\/types\/page"}],"author":[{"embeddable":true,"href":"https:\/\/blogs.udima.es\/administracion-y-direccion-de-empresas\/wp-json\/wp\/v2\/users\/27"}],"replies":[{"embeddable":true,"href":"https:\/\/blogs.udima.es\/administracion-y-direccion-de-empresas\/wp-json\/wp\/v2\/comments?post=1985"}],"version-history":[{"count":2,"href":"https:\/\/blogs.udima.es\/administracion-y-direccion-de-empresas\/wp-json\/wp\/v2\/pages\/1985\/revisions"}],"predecessor-version":[{"id":1989,"href":"https:\/\/blogs.udima.es\/administracion-y-direccion-de-empresas\/wp-json\/wp\/v2\/pages\/1985\/revisions\/1989"}],"wp:attachment":[{"href":"https:\/\/blogs.udima.es\/administracion-y-direccion-de-empresas\/wp-json\/wp\/v2\/media?parent=1985"}],"curies":[{"name":"wp","href":"https:\/\/api.w.org\/{rel}","templated":true}]}}