{"id":1958,"date":"2016-07-15T12:02:16","date_gmt":"2016-07-15T12:02:16","guid":{"rendered":"http:\/\/blogs.udima.es\/administracion-y-direccion-de-empresas\/?page_id=1958"},"modified":"2016-07-15T12:03:07","modified_gmt":"2016-07-15T12:03:07","slug":"3-1-emprestito-cupon-periodico-con-igual-numero-titulos-amortizados-html","status":"publish","type":"page","link":"https:\/\/blogs.udima.es\/administracion-y-direccion-de-empresas\/3-1-emprestito-cupon-periodico-con-igual-numero-titulos-amortizados-html\/","title":{"rendered":"3.1. Empr\u00e9stito de cup\u00f3n peri\u00f3dico con igual n\u00famero de t\u00edtulos amortizados"},"content":{"rendered":"<p>En este tipo de empr\u00e9stito, el emisor se compromete a amortizar todos los per\u00edodos el mismo n\u00famero de t\u00edtulos, por tanto, la cantidad destinada al reembolso se mantiene constante durante toda la operaci\u00f3n.<\/p>\n<h3>3.1.1. Pasos a seguir<\/h3>\n<p> Para el caso de un empr\u00e9stito de N<sub>1<\/sub> t\u00edtulos, de nominal c, cup\u00f3n peri\u00f3dico c x i, con una duraci\u00f3n de n per\u00edodos se calcular\u00e1 en primer lugar todo lo que tenga que ver con la amortizaci\u00f3n de t\u00edtulos, f\u00e1ciles de obtener, y a continuaci\u00f3n lo referente a los cupones y, finalmente, los t\u00e9rminos amortizativos.<\/p>\n<h4>3.1.1.1. C\u00e1lculo del n\u00famero de t\u00edtulos amortizados en cada sorteo (M)<\/h4>\n<p> Sabiendo que la suma de los t\u00edtulos amortizados en cada sorteo es el n\u00famero de t\u00edtulos emitidos, se debe cumplir:<\/p>\n<p>N<sub>1<\/sub> = M<sub>1<\/sub> + M<sub>2<\/sub> + M<sub>3<\/sub> + \u2026 + M<sub>n<\/sub> = M x n<\/p>\n<p>de donde se obtiene:<\/p>\n<p>&nbsp;&nbsp;&nbsp;&nbsp;&nbsp;&nbsp;&nbsp;&nbsp;&nbsp;N<sub>1<\/sub><br \/>\n    M = &#8212;&#8212; <br \/>\n&nbsp;&nbsp;&nbsp;&nbsp;&nbsp;&nbsp;&nbsp;&nbsp;&nbsp;n<\/p>\n<p>Donde n representa el n\u00famero de sorteos realizados a lo largo de la vida del empr\u00e9stito.<\/p>\n<h4>3.1.1.2. C\u00e1lculo del total de t\u00edtulos amortizados despu\u00e9s de k per\u00edodos (m<sub>k<\/sub>)<\/h4>\n<p>&nbsp; <\/p>\n<p align=\"center\"><img loading=\"lazy\" decoding=\"async\" src=\"https:\/\/blogs.udima.es\/administracion-y-direccion-de-empresas\/images_book\/p407-01.png\" width=\"413\" height=\"172\" \/><\/p>\n<p>&nbsp;<\/p>\n<p> Conocidos los t\u00edtulos que se amortizan en cada sorteo, el total de ellos retirados de la circulaci\u00f3n hasta una fecha concreta vendr\u00e1 dado por la suma aritm\u00e9tica de los t\u00edtulos amortizados correspondiente a los per\u00edodos transcurridos.<\/p>\n<p>m<sub>k<\/sub> = M<sub>1<\/sub> + M<sub>2<\/sub> + \u2026 + M<sub>k<\/sub> = M x k<\/p>\n<h4> 3.1.1.3. C\u00e1lculo de los t\u00edtulos en circulaci\u00f3n a principios del per\u00edodo k+1 (N<sub>k+1<\/sub>)<\/h4>\n<p> Se realizar\u00e1 a trav\u00e9s de los t\u00edtulos amortizados (pasados o futuros).<\/p>\n<p>&nbsp;<\/p>\n<p align=\"center\"><img loading=\"lazy\" decoding=\"async\" src=\"https:\/\/blogs.udima.es\/administracion-y-direccion-de-empresas\/images_book\/p408-01.png\" width=\"535\" height=\"208\" \/><\/p>\n<p>&nbsp;<\/p>\n<ul>\n<li> M\u00e9todo retrospectivo: los t\u00edtulos pendientes de amortizar ser\u00e1n los emitidos minorados en los ya amortizados hasta ese momento.\n<p>N<sub>k+1<\/sub> = N<sub>1<\/sub> \u2013 m<sub>k<\/sub> = N<sub>1<\/sub> \u2013 M x k<\/p>\n<\/li>\n<li> M\u00e9todo prospectivo: los t\u00edtulos en circulaci\u00f3n ser\u00e1n la suma aritm\u00e9tica de los que a\u00fan quedan pendientes de ser amortizados.\n<p>N<sub>k+1<\/sub> = (n \u2013 k) x M<\/p>\n<\/li>\n<\/ul>\n<h4>3.1.1.4. C\u00e1lculo del pago de cupones en el per\u00edodo k + 1<\/h4>\n<p> Los intereses de cualquier per\u00edodo se calcular\u00e1n a partir de los t\u00edtulos en circulaci\u00f3n a principios de ese per\u00edodo, a los que se les entregar\u00e1 el cup\u00f3n acordado (c x i).<\/p>\n<p>Per\u00edodo k+1:&nbsp;&nbsp;&nbsp;&nbsp;&nbsp;&nbsp; c x i x N<sub>k+1<\/sub><\/p>\n<h4> 3.1.1.5. C\u00e1lculo de los t\u00e9rminos amortizativos: ley de recurrencia (a<sub>k<\/sub>)<\/h4>\n<p>Al mantenerse constante la parte del t\u00e9rmino amortizativo que se destina al reembolso de t\u00edtulos e ir disminuyendo la cantidad destinada a pago de cupones (porque va siendo cada vez menor el n\u00famero de t\u00edtulos en circulaci\u00f3n que tiene derecho a cobrarlo), los t\u00e9rminos amortizativos necesariamente tendr\u00e1n que ir decreciendo. Adem\u00e1s, los t\u00e9rminos variar\u00e1n como lo hacen las cantidades destinadas al pago de cupones y seguir\u00e1n una ley matem\u00e1tica.<\/p>\n<p>La estructura del t\u00e9rmino amortizativo quedar\u00e1 de la siguiente forma:<\/p>\n<p>&nbsp;<\/p>\n<p><img loading=\"lazy\" decoding=\"async\" src=\"https:\/\/blogs.udima.es\/administracion-y-direccion-de-empresas\/images_book\/p409-01.png\" width=\"340\" height=\"58\" \/><\/p>\n<p>&nbsp;<\/p>\n<p> El c\u00e1lculo de los diferentes t\u00e9rminos se podr\u00e1 realizar de dos formas posibles:<\/p>\n<p>A) 1.\u00aa posibilidad: dando valores a k en la estructura del t\u00e9rmino amortizativo<\/p>\n<p> Calculando el importe del pago de cupones a realizar a los t\u00edtulos a\u00fan en circulaci\u00f3n y a\u00f1adiendo el valor de reembolso constante ya conocido:<\/p>\n<p>Per\u00edodo 1: a<sub>1<\/sub> = &nbsp;&nbsp;c x i x N<sub>1<\/sub> + c x M<br \/>\n    Per\u00edodo 2: a<sub>2<\/sub> = &nbsp;&nbsp;c x i x N<sub>2<\/sub> + c x M = c x i x (N<sub>1<\/sub> \u2013 M) + c x M<br \/>\n    \u2026<\/p>\n<p>B)<br \/>\n  2.\u00aa posibilidad: a trav\u00e9s de la ley de recurrencia que siguen los t\u00e9rminos amortizativos<\/p>\n<p>Se calcula el primer t\u00e9rmino y el resto se obtiene a trav\u00e9s de la ley de recurrencia que siguen y que se obtendr\u00e1 al relacionar, por diferencias, dos t\u00e9rminos amortizativos consecutivos cualesquiera:<\/p>\n<p>Per\u00edodo k:&nbsp;&nbsp;&nbsp;&nbsp;&nbsp;&nbsp;&nbsp;&nbsp;&nbsp;&nbsp; a<sub>k<\/sub> = c x i x N<sub>k<\/sub> + c x M<br \/>\n    Per\u00edodo k+1: &nbsp;&nbsp;&nbsp;&nbsp;&nbsp;&nbsp;a<sub>k+1<\/sub> = c x i x N<sub>k<\/sub>+1 + c x M<br \/>\n    &nbsp;&nbsp;&nbsp;&nbsp;&nbsp;&nbsp;&nbsp;&nbsp;&nbsp;&nbsp;&nbsp;&nbsp;&nbsp;&nbsp;&nbsp;&nbsp;&nbsp;&nbsp;&nbsp;&nbsp;&nbsp;&nbsp;&nbsp;&nbsp;&nbsp;&nbsp;&#8212;&#8212;&#8212;&#8212;&#8212;&#8212;&#8212;&#8212;&#8212;&#8212;&#8212;&#8212;&#8212;&#8212;&#8212;&#8212;&#8212;&#8212;&#8212;&#8212;&#8212;<br \/>\n    &nbsp;&nbsp;&nbsp;&nbsp;&nbsp;&nbsp;&nbsp;&nbsp;&nbsp;&nbsp;&nbsp;&nbsp;&nbsp;&nbsp;&nbsp;&nbsp;&nbsp;&nbsp;&nbsp;&nbsp;&nbsp;&nbsp;&nbsp;&nbsp;&nbsp;&nbsp;&nbsp;a<sub>k<\/sub> \u2013 a<sub>k+1<\/sub> = c x i x N<sub>k<\/sub> \u2013 c x i x N<sub>k+1<\/sub> + c x M \u2013 c x M<\/p>\n<p>    simplificando: &nbsp;&nbsp;&nbsp;&nbsp;&nbsp;a<sub>k<\/sub> \u2013 a<sub>k+1<\/sub> = c x i x (N<sub>k<\/sub> \u2013 N<sub>k+1<\/sub>)<\/p>\n<p> siendo :<\/p>\n<p>N<sub>k<\/sub> \u2013 N<sub>k+1<\/sub> = M <\/p>\n<p>se puede deducir:<\/p>\n<p> a<sub>k+1<\/sub> = a<sub>k<\/sub> \u2013 c x i x M<\/p>\n<p> lo que indica que cualquier t\u00e9rmino amortizativo es el anterior menos una cuant\u00eda constante, es decir, los t\u00e9rminos var\u00edan en progresi\u00f3n aritm\u00e9tica de raz\u00f3n \u2013 (c x i x M), por lo que todos los t\u00e9rminos se pueden calcular a partir del primero de ellos, en base a esa recurrencia:<\/p>\n<p>a<sub>k+1<\/sub> = a<sub>1<\/sub> \u2013 k x c x i x M<\/p>\n<p>Si hay caracter\u00edsticas comerciales, \u00e9stas s\u00f3lo afectar\u00edan al c\u00e1lculo de los t\u00e9rminos amortizativos y, en consecuencia, a la ley de recurrencia que siguen. <span class=\"progress\">No se normaliza.<\/span><\/p>\n<p>&nbsp;<\/p>\n<div class=\"ejemplo\">\n<p><strong>EJEMPLO 6 <\/strong><\/p>\n<p>Construir la fila octava del cuadro de amortizaci\u00f3n del siguiente empr\u00e9stito:<\/p>\n<ul>\n<li> T\u00edtulos emitidos: 100.000.<\/li>\n<li> Nominal del t\u00edtulo: 1.000 euros.<\/li>\n<li> Duraci\u00f3n: 10 a\u00f1os.<\/li>\n<li> Los t\u00edtulos se adquieren al 90%.<\/li>\n<li> Cup\u00f3n anual: 120 euros.<\/li>\n<li> Sorteos anuales, amortiz\u00e1ndose el mismo n\u00famero de t\u00edtulos, con prima de 100 euros por t\u00edtulo.<\/li>\n<li> Premio de 5.000 euros para cada uno de los 100 primeros t\u00edtulos amortizados cada a\u00f1o.<\/li>\n<li> Gastos de administraci\u00f3n del 1\u2030 sobre los cupones pagados anualmente.<\/li>\n<\/ul>\n<p class=\"progress\">Soluci\u00f3n:<\/p>\n<p> Es un empr\u00e9stito de cup\u00f3n peri\u00f3dico constante, amortizaci\u00f3n con prima de reembolso, lote constante (5.000 x 100), gastos de administraci\u00f3n calculados exclusivamente sobre el pago de cupones a los obligacionistas y siendo el n\u00famero de t\u00edtulos amortizados constantes. La estructura de la anualidad ser\u00e1:<\/p>\n<p>&nbsp; <\/p>\n<p><img loading=\"lazy\" decoding=\"async\" src=\"https:\/\/blogs.udima.es\/administracion-y-direccion-de-empresas\/images_book\/p411-01.png\" width=\"475\" height=\"57\" \/><\/p>\n<p>&nbsp;<\/p>\n<table width=\"483\" height=\"90\" border=\"1\" align=\"center\" cellpadding=\"0\" cellspacing=\"0\">\n<tr>\n<td>\n<div align=\"center\">&nbsp;<\/div>\n<\/td>\n<td>\n<div align=\"center\"><span class=\"progress\">(2) <\/span><\/div>\n<\/td>\n<td>\n<div align=\"center\"><span class=\"progress\">(1) <\/span><\/div>\n<\/td>\n<td>\n<div align=\"center\"><span class=\"progress\">(3) = 120 x (2) <\/span><\/div>\n<\/td>\n<td>\n<div align=\"center\"><span class=\"progress\">(4) = 1.100 x (1)<\/span><\/div>\n<\/td>\n<td>\n<div align=\"center\"><span class=\"progress\">(5) = 5.000 x 100<\/span><\/div>\n<\/td>\n<td>\n<div align=\"center\"><span class=\"progress\">(6) = 1\u2030 x (3)<\/span><\/div>\n<\/td>\n<td>\n<div align=\"center\"><span class=\"progress\">(7) = (3)<br \/>\n     + (4) + (5) + (6)<\/span><\/div>\n<\/td>\n<\/tr>\n<tr>\n<td>\n<div align=\"center\"><span class=\"progress\">A\u00f1o <\/span><\/div>\n<\/td>\n<td>\n<div align=\"center\"><span class=\"progress\">T\u00edtulos vivos<\/span><\/div>\n<\/td>\n<td>\n<div align=\"center\"><span class=\"progress\">T\u00edtulos amortiz. <\/span><\/div>\n<\/td>\n<td>\n<div align=\"center\"><span class=\"progress\">Intereses <\/span><\/div>\n<\/td>\n<td>\n<div align=\"center\"><span class=\"progress\">Amortiz. <\/span><\/div>\n<\/td>\n<td>\n<div align=\"center\"><span class=\"progress\">Lotes <\/span><\/div>\n<\/td>\n<td>\n<div align=\"center\"><span class=\"progress\">Gastos adm\u00f3n.<\/span><\/div>\n<\/td>\n<td>\n<div align=\"center\"><span class=\"progress\">T\u00e9rmino<br \/>\n    amortizativo<\/span><\/div>\n<\/td>\n<\/tr>\n<tr>\n<td>\n<div align=\"center\">8<\/div>\n<\/td>\n<td>\n<div align=\"right\">30.000 <\/div>\n<\/td>\n<td>\n<div align=\"right\">10.000 <\/div>\n<\/td>\n<td>\n<div align=\"right\">3.600.000 <\/div>\n<\/td>\n<td>\n<div align=\"right\">11.000.000 <\/div>\n<\/td>\n<td>\n<div align=\"right\">500.000 <\/div>\n<\/td>\n<td>\n<div align=\"right\">3.600 <\/div>\n<\/td>\n<td>\n<div align=\"right\">15.103.600<\/div>\n<\/td>\n<\/tr>\n<\/table>\n<p>&nbsp;<\/p>\n<p>&nbsp;&nbsp;&nbsp;&nbsp;&nbsp;&nbsp;&nbsp;&nbsp;&nbsp;&nbsp;&nbsp;&nbsp;&nbsp;&nbsp;&nbsp;&nbsp;&nbsp;&nbsp;&nbsp;&nbsp;&nbsp;&nbsp;&nbsp;&nbsp;&nbsp;&nbsp;&nbsp;&nbsp;&nbsp;&nbsp;&nbsp;&nbsp;&nbsp;&nbsp;&nbsp;&nbsp;&nbsp;&nbsp;&nbsp;&nbsp;&nbsp;&nbsp;&nbsp;&nbsp;&nbsp;&nbsp;&nbsp;&nbsp;&nbsp;100.000<br \/>\n    <span class=\"progress\">(1) <\/span>M<sub>1<\/sub> = M<sub>2<\/sub> = \u2026 = M<sub>10<\/sub> = M = &#8212;&#8212;&#8212;&#8212; = 10.000<br \/>\n&nbsp;&nbsp;&nbsp;&nbsp;&nbsp;&nbsp;&nbsp;&nbsp;&nbsp;&nbsp;&nbsp;&nbsp;&nbsp;&nbsp;&nbsp;&nbsp;&nbsp;&nbsp;&nbsp;&nbsp;&nbsp;&nbsp;&nbsp;&nbsp;&nbsp;&nbsp;&nbsp;&nbsp;&nbsp;&nbsp;&nbsp;&nbsp;&nbsp;&nbsp;&nbsp;&nbsp;&nbsp;&nbsp;&nbsp;&nbsp;&nbsp;&nbsp;&nbsp;&nbsp;&nbsp;&nbsp;&nbsp;&nbsp;&nbsp;&nbsp;&nbsp;&nbsp;&nbsp;10<br \/>\n  <span class=\"progress\">(2) <\/span>N<sub>8<\/sub> = N<sub>1<\/sub> \u2013 m<sub>7<\/sub> = 3 x M = 30.000<\/p>\n<p> La prima de emisi\u00f3n de 100 euros por t\u00edtulo no afecta a los t\u00e9rminos amortizativos.<\/p>\n<\/div>\n","protected":false},"excerpt":{"rendered":"<p>En este tipo de empr\u00e9stito, el emisor se compromete a amortizar todos los per\u00edodos el mismo n\u00famero de t\u00edtulos, por tanto, la cantidad destinada al reembolso se mantiene constante durante toda la operaci\u00f3n. 3.1.1. Pasos a seguir Para el caso de un empr\u00e9stito de N1 t\u00edtulos, de nominal c, cup\u00f3n peri\u00f3dico c x i, con [&hellip;]<\/p>\n","protected":false},"author":27,"featured_media":0,"parent":0,"menu_order":5031,"comment_status":"closed","ping_status":"closed","template":"","meta":{"footnotes":""},"yoast_head":"<!-- This site is optimized with the Yoast SEO plugin v22.9 - https:\/\/yoast.com\/wordpress\/plugins\/seo\/ -->\n<title>3.1. Empr\u00e9stito de cup\u00f3n peri\u00f3dico con igual n\u00famero de t\u00edtulos amortizados - Blog de ADE<\/title>\n<meta name=\"robots\" content=\"index, follow, max-snippet:-1, max-image-preview:large, max-video-preview:-1\" \/>\n<link rel=\"canonical\" href=\"https:\/\/blogs.udima.es\/administracion-y-direccion-de-empresas\/3-1-emprestito-cupon-periodico-con-igual-numero-titulos-amortizados-html\/\" \/>\n<meta property=\"og:locale\" content=\"es_ES\" \/>\n<meta property=\"og:type\" content=\"article\" \/>\n<meta property=\"og:title\" content=\"3.1. Empr\u00e9stito de cup\u00f3n peri\u00f3dico con igual n\u00famero de t\u00edtulos amortizados - Blog de ADE\" \/>\n<meta property=\"og:description\" content=\"En este tipo de empr\u00e9stito, el emisor se compromete a amortizar todos los per\u00edodos el mismo n\u00famero de t\u00edtulos, por tanto, la cantidad destinada al reembolso se mantiene constante durante toda la operaci\u00f3n. 3.1.1. Pasos a seguir Para el caso de un empr\u00e9stito de N1 t\u00edtulos, de nominal c, cup\u00f3n peri\u00f3dico c x i, con [&hellip;]\" \/>\n<meta property=\"og:url\" content=\"https:\/\/blogs.udima.es\/administracion-y-direccion-de-empresas\/3-1-emprestito-cupon-periodico-con-igual-numero-titulos-amortizados-html\/\" \/>\n<meta property=\"og:site_name\" content=\"Blog de ADE - Universidad a Distancia de Madrid | UDIMA\" \/>\n<meta property=\"article:modified_time\" content=\"2016-07-15T12:03:07+00:00\" \/>\n<meta property=\"og:image\" content=\"https:\/\/blogs.udima.es\/administracion-y-direccion-de-empresas\/images_book\/p407-01.png\" \/>\n<meta name=\"twitter:card\" content=\"summary_large_image\" \/>\n<meta name=\"twitter:label1\" content=\"Tiempo de lectura\" \/>\n\t<meta name=\"twitter:data1\" content=\"6 minutos\" \/>\n<script type=\"application\/ld+json\" class=\"yoast-schema-graph\">{\"@context\":\"https:\/\/schema.org\",\"@graph\":[{\"@type\":\"WebPage\",\"@id\":\"https:\/\/blogs.udima.es\/administracion-y-direccion-de-empresas\/3-1-emprestito-cupon-periodico-con-igual-numero-titulos-amortizados-html\/\",\"url\":\"https:\/\/blogs.udima.es\/administracion-y-direccion-de-empresas\/3-1-emprestito-cupon-periodico-con-igual-numero-titulos-amortizados-html\/\",\"name\":\"3.1. Empr\u00e9stito de cup\u00f3n peri\u00f3dico con igual n\u00famero de t\u00edtulos amortizados - Blog de ADE\",\"isPartOf\":{\"@id\":\"https:\/\/blogs.udima.es\/administracion-y-direccion-de-empresas\/#website\"},\"primaryImageOfPage\":{\"@id\":\"https:\/\/blogs.udima.es\/administracion-y-direccion-de-empresas\/3-1-emprestito-cupon-periodico-con-igual-numero-titulos-amortizados-html\/#primaryimage\"},\"image\":{\"@id\":\"https:\/\/blogs.udima.es\/administracion-y-direccion-de-empresas\/3-1-emprestito-cupon-periodico-con-igual-numero-titulos-amortizados-html\/#primaryimage\"},\"thumbnailUrl\":\"https:\/\/blogs.udima.es\/administracion-y-direccion-de-empresas\/images_book\/p407-01.png\",\"datePublished\":\"2016-07-15T12:02:16+00:00\",\"dateModified\":\"2016-07-15T12:03:07+00:00\",\"breadcrumb\":{\"@id\":\"https:\/\/blogs.udima.es\/administracion-y-direccion-de-empresas\/3-1-emprestito-cupon-periodico-con-igual-numero-titulos-amortizados-html\/#breadcrumb\"},\"inLanguage\":\"es\",\"potentialAction\":[{\"@type\":\"ReadAction\",\"target\":[\"https:\/\/blogs.udima.es\/administracion-y-direccion-de-empresas\/3-1-emprestito-cupon-periodico-con-igual-numero-titulos-amortizados-html\/\"]}]},{\"@type\":\"ImageObject\",\"inLanguage\":\"es\",\"@id\":\"https:\/\/blogs.udima.es\/administracion-y-direccion-de-empresas\/3-1-emprestito-cupon-periodico-con-igual-numero-titulos-amortizados-html\/#primaryimage\",\"url\":\"https:\/\/blogs.udima.es\/administracion-y-direccion-de-empresas\/images_book\/p407-01.png\",\"contentUrl\":\"https:\/\/blogs.udima.es\/administracion-y-direccion-de-empresas\/images_book\/p407-01.png\"},{\"@type\":\"BreadcrumbList\",\"@id\":\"https:\/\/blogs.udima.es\/administracion-y-direccion-de-empresas\/3-1-emprestito-cupon-periodico-con-igual-numero-titulos-amortizados-html\/#breadcrumb\",\"itemListElement\":[{\"@type\":\"ListItem\",\"position\":1,\"name\":\"Portada\",\"item\":\"https:\/\/blogs.udima.es\/administracion-y-direccion-de-empresas\/\"},{\"@type\":\"ListItem\",\"position\":2,\"name\":\"3.1. Empr\u00e9stito de cup\u00f3n peri\u00f3dico con igual n\u00famero de t\u00edtulos amortizados\"}]},{\"@type\":\"WebSite\",\"@id\":\"https:\/\/blogs.udima.es\/administracion-y-direccion-de-empresas\/#website\",\"url\":\"https:\/\/blogs.udima.es\/administracion-y-direccion-de-empresas\/\",\"name\":\"Blog de ADE - Universidad a Distancia de Madrid | UDIMA\",\"description\":\"\",\"potentialAction\":[{\"@type\":\"SearchAction\",\"target\":{\"@type\":\"EntryPoint\",\"urlTemplate\":\"https:\/\/blogs.udima.es\/administracion-y-direccion-de-empresas\/?s={search_term_string}\"},\"query-input\":\"required name=search_term_string\"}],\"inLanguage\":\"es\"}]}<\/script>\n<!-- \/ Yoast SEO plugin. -->","yoast_head_json":{"title":"3.1. Empr\u00e9stito de cup\u00f3n peri\u00f3dico con igual n\u00famero de t\u00edtulos amortizados - Blog de ADE","robots":{"index":"index","follow":"follow","max-snippet":"max-snippet:-1","max-image-preview":"max-image-preview:large","max-video-preview":"max-video-preview:-1"},"canonical":"https:\/\/blogs.udima.es\/administracion-y-direccion-de-empresas\/3-1-emprestito-cupon-periodico-con-igual-numero-titulos-amortizados-html\/","og_locale":"es_ES","og_type":"article","og_title":"3.1. Empr\u00e9stito de cup\u00f3n peri\u00f3dico con igual n\u00famero de t\u00edtulos amortizados - Blog de ADE","og_description":"En este tipo de empr\u00e9stito, el emisor se compromete a amortizar todos los per\u00edodos el mismo n\u00famero de t\u00edtulos, por tanto, la cantidad destinada al reembolso se mantiene constante durante toda la operaci\u00f3n. 3.1.1. Pasos a seguir Para el caso de un empr\u00e9stito de N1 t\u00edtulos, de nominal c, cup\u00f3n peri\u00f3dico c x i, con [&hellip;]","og_url":"https:\/\/blogs.udima.es\/administracion-y-direccion-de-empresas\/3-1-emprestito-cupon-periodico-con-igual-numero-titulos-amortizados-html\/","og_site_name":"Blog de ADE - Universidad a Distancia de Madrid | UDIMA","article_modified_time":"2016-07-15T12:03:07+00:00","og_image":[{"url":"https:\/\/blogs.udima.es\/administracion-y-direccion-de-empresas\/images_book\/p407-01.png"}],"twitter_card":"summary_large_image","twitter_misc":{"Tiempo de lectura":"6 minutos"},"schema":{"@context":"https:\/\/schema.org","@graph":[{"@type":"WebPage","@id":"https:\/\/blogs.udima.es\/administracion-y-direccion-de-empresas\/3-1-emprestito-cupon-periodico-con-igual-numero-titulos-amortizados-html\/","url":"https:\/\/blogs.udima.es\/administracion-y-direccion-de-empresas\/3-1-emprestito-cupon-periodico-con-igual-numero-titulos-amortizados-html\/","name":"3.1. Empr\u00e9stito de cup\u00f3n peri\u00f3dico con igual n\u00famero de t\u00edtulos amortizados - Blog de ADE","isPartOf":{"@id":"https:\/\/blogs.udima.es\/administracion-y-direccion-de-empresas\/#website"},"primaryImageOfPage":{"@id":"https:\/\/blogs.udima.es\/administracion-y-direccion-de-empresas\/3-1-emprestito-cupon-periodico-con-igual-numero-titulos-amortizados-html\/#primaryimage"},"image":{"@id":"https:\/\/blogs.udima.es\/administracion-y-direccion-de-empresas\/3-1-emprestito-cupon-periodico-con-igual-numero-titulos-amortizados-html\/#primaryimage"},"thumbnailUrl":"https:\/\/blogs.udima.es\/administracion-y-direccion-de-empresas\/images_book\/p407-01.png","datePublished":"2016-07-15T12:02:16+00:00","dateModified":"2016-07-15T12:03:07+00:00","breadcrumb":{"@id":"https:\/\/blogs.udima.es\/administracion-y-direccion-de-empresas\/3-1-emprestito-cupon-periodico-con-igual-numero-titulos-amortizados-html\/#breadcrumb"},"inLanguage":"es","potentialAction":[{"@type":"ReadAction","target":["https:\/\/blogs.udima.es\/administracion-y-direccion-de-empresas\/3-1-emprestito-cupon-periodico-con-igual-numero-titulos-amortizados-html\/"]}]},{"@type":"ImageObject","inLanguage":"es","@id":"https:\/\/blogs.udima.es\/administracion-y-direccion-de-empresas\/3-1-emprestito-cupon-periodico-con-igual-numero-titulos-amortizados-html\/#primaryimage","url":"https:\/\/blogs.udima.es\/administracion-y-direccion-de-empresas\/images_book\/p407-01.png","contentUrl":"https:\/\/blogs.udima.es\/administracion-y-direccion-de-empresas\/images_book\/p407-01.png"},{"@type":"BreadcrumbList","@id":"https:\/\/blogs.udima.es\/administracion-y-direccion-de-empresas\/3-1-emprestito-cupon-periodico-con-igual-numero-titulos-amortizados-html\/#breadcrumb","itemListElement":[{"@type":"ListItem","position":1,"name":"Portada","item":"https:\/\/blogs.udima.es\/administracion-y-direccion-de-empresas\/"},{"@type":"ListItem","position":2,"name":"3.1. Empr\u00e9stito de cup\u00f3n peri\u00f3dico con igual n\u00famero de t\u00edtulos amortizados"}]},{"@type":"WebSite","@id":"https:\/\/blogs.udima.es\/administracion-y-direccion-de-empresas\/#website","url":"https:\/\/blogs.udima.es\/administracion-y-direccion-de-empresas\/","name":"Blog de ADE - Universidad a Distancia de Madrid | UDIMA","description":"","potentialAction":[{"@type":"SearchAction","target":{"@type":"EntryPoint","urlTemplate":"https:\/\/blogs.udima.es\/administracion-y-direccion-de-empresas\/?s={search_term_string}"},"query-input":"required name=search_term_string"}],"inLanguage":"es"}]}},"_links":{"self":[{"href":"https:\/\/blogs.udima.es\/administracion-y-direccion-de-empresas\/wp-json\/wp\/v2\/pages\/1958"}],"collection":[{"href":"https:\/\/blogs.udima.es\/administracion-y-direccion-de-empresas\/wp-json\/wp\/v2\/pages"}],"about":[{"href":"https:\/\/blogs.udima.es\/administracion-y-direccion-de-empresas\/wp-json\/wp\/v2\/types\/page"}],"author":[{"embeddable":true,"href":"https:\/\/blogs.udima.es\/administracion-y-direccion-de-empresas\/wp-json\/wp\/v2\/users\/27"}],"replies":[{"embeddable":true,"href":"https:\/\/blogs.udima.es\/administracion-y-direccion-de-empresas\/wp-json\/wp\/v2\/comments?post=1958"}],"version-history":[{"count":2,"href":"https:\/\/blogs.udima.es\/administracion-y-direccion-de-empresas\/wp-json\/wp\/v2\/pages\/1958\/revisions"}],"predecessor-version":[{"id":1960,"href":"https:\/\/blogs.udima.es\/administracion-y-direccion-de-empresas\/wp-json\/wp\/v2\/pages\/1958\/revisions\/1960"}],"wp:attachment":[{"href":"https:\/\/blogs.udima.es\/administracion-y-direccion-de-empresas\/wp-json\/wp\/v2\/media?parent=1958"}],"curies":[{"name":"wp","href":"https:\/\/api.w.org\/{rel}","templated":true}]}}