{"id":1954,"date":"2016-07-15T11:58:34","date_gmt":"2016-07-15T11:58:34","guid":{"rendered":"http:\/\/blogs.udima.es\/administracion-y-direccion-de-empresas\/?page_id=1954"},"modified":"2016-07-15T12:01:19","modified_gmt":"2016-07-15T12:01:19","slug":"emprestito-de-cupon-periodico-prepagable-ii-p124-htm","status":"publish","type":"page","link":"https:\/\/blogs.udima.es\/administracion-y-direccion-de-empresas\/emprestito-de-cupon-periodico-prepagable-ii-p124-htm\/","title":{"rendered":"3. Empr\u00e9stitos clase I. Tipo II"},"content":{"rendered":"<p>Se caracterizan por ser de cup\u00f3n peri\u00f3dico que se les paga a los t\u00edtulos en circulaci\u00f3n (clase I), t\u00e9rmino amortizativo variable y cup\u00f3n constante (tipo II), durante toda la operaci\u00f3n.<\/p>\n<p> La estructura del t\u00e9rmino amortizativo puro ser\u00e1 la siguiente:<\/p>\n<p>&nbsp; <\/p>\n<blockquote>\n<p align=\"left\"><img loading=\"lazy\" decoding=\"async\" src=\"https:\/\/blogs.udima.es\/administracion-y-direccion-de-empresas\/images_book\/p406-01.png\" width=\"345\" height=\"68\" \/><\/p>\n<\/blockquote>\n<p>&nbsp;<\/p>\n<p> Empr\u00e9stitos que responden a esta estructura gen\u00e9rica ser\u00e1n los siguientes:<\/p>\n<ol class=\"lalpha\">\n<li> Aquellos empr\u00e9stitos en los que el n\u00famero de t\u00edtulos amortizados en cada sorteo permanezca constante.<\/li>\n<li> Empr\u00e9stitos en los que el emisor acuerde un t\u00e9rmino amortizativo variable en progresi\u00f3n geom\u00e9trica, de raz\u00f3n conocida.<\/li>\n<li> Empr\u00e9stitos en los que el emisor acuerde un t\u00e9rmino amortizativo variable en progresi\u00f3n aritm\u00e9tica, de raz\u00f3n conocida.\n<\/li>\n<\/ol>\n<ul>\n<li><a href=\"https:\/\/blogs.udima.es\/administracion-y-direccion-de-empresas\/3-1-emprestito-cupon-periodico-con-igual-numero-titulos-amortizados.html\">3.1. Empr\u00e9stito de cup\u00f3n peri\u00f3dico con igual n\u00famero de t\u00edtulos amortizados<\/a><\/li>\n<li><a href=\"https:\/\/blogs.udima.es\/administracion-y-direccion-de-empresas\/3-2-emprestito-cupon-periodico-constante-con-anualidad-variable-progresion.html\">3.2. Empr\u00e9stito de cup\u00f3n peri\u00f3dico constante con anualidad variable en progresi\u00f3n<\/a><\/li>\n<li><a href=\"https:\/\/blogs.udima.es\/administracion-y-direccion-de-empresas\/3-3-emprestito-cupon-periodico-anualidades-progresion-geometrica.html\">3.3. Empr\u00e9stito de cup\u00f3n peri\u00f3dico y anualidades en progresi\u00f3n geom\u00e9trica<\/a><\/li>\n<li><a href=\"https:\/\/blogs.udima.es\/administracion-y-direccion-de-empresas\/3-4-emprestito-cupon-periodico-constante-con-anualidad-variable-progresion.html\">3.4. Empr\u00e9stito de cup\u00f3n peri\u00f3dico constante con anualidad variable en progresi\u00f3n<\/a><\/li>\n<li><a href=\"https:\/\/blogs.udima.es\/administracion-y-direccion-de-empresas\/3-5-emprestito-cupon-periodico-anualidades-progresion-aritmetica-con-caracteristicas-comerciales.html\">3.5. Empr\u00e9stito de cup\u00f3n peri\u00f3dico y anualidades en progresi\u00f3n aritm\u00e9tica con caracter\u00edsticas comerciales<\/a><\/li>\n<li><a href=\"https:\/\/blogs.udima.es\/administracion-y-direccion-de-empresas\/3-6-emprestito-con-diferimiento.html\">3.6. Empr\u00e9stito con diferimiento<\/a><\/li>\n<li><a href=\"https:\/\/blogs.udima.es\/administracion-y-direccion-de-empresas\/3-7-emprestito-con-cupon-fraccionado.html\">3.7. Empr\u00e9stito con cup\u00f3n fraccionado<\/a><\/li>\n<li><a href=\"https:\/\/blogs.udima.es\/administracion-y-direccion-de-empresas\/3-8-emprestito-cupon-periodico-constante-anualidad-constante-con-primas.html\">3.8. Empr\u00e9stito de cup\u00f3n peri\u00f3dico constante y anualidad constante con primas<\/a><\/li>\n<\/ul>\n","protected":false},"excerpt":{"rendered":"<p>Se caracterizan por ser de cup\u00f3n peri\u00f3dico que se les paga a los t\u00edtulos en circulaci\u00f3n (clase I), t\u00e9rmino amortizativo variable y cup\u00f3n constante (tipo II), durante toda la operaci\u00f3n. La estructura del t\u00e9rmino amortizativo puro ser\u00e1 la siguiente: &nbsp; &nbsp; Empr\u00e9stitos que responden a esta estructura gen\u00e9rica ser\u00e1n los siguientes: Aquellos empr\u00e9stitos en los [&hellip;]<\/p>\n","protected":false},"author":27,"featured_media":0,"parent":0,"menu_order":5030,"comment_status":"closed","ping_status":"closed","template":"","meta":{"footnotes":""},"yoast_head":"<!-- This site is optimized with the Yoast SEO plugin v22.9 - https:\/\/yoast.com\/wordpress\/plugins\/seo\/ -->\n<title>3. Empr\u00e9stitos clase I. Tipo II - Blog de ADE<\/title>\n<meta name=\"robots\" content=\"index, follow, max-snippet:-1, max-image-preview:large, max-video-preview:-1\" \/>\n<link rel=\"canonical\" href=\"https:\/\/blogs.udima.es\/administracion-y-direccion-de-empresas\/emprestito-de-cupon-periodico-prepagable-ii-p124-htm\/\" \/>\n<meta property=\"og:locale\" content=\"es_ES\" \/>\n<meta property=\"og:type\" content=\"article\" \/>\n<meta property=\"og:title\" content=\"3. Empr\u00e9stitos clase I. Tipo II - Blog de ADE\" \/>\n<meta property=\"og:description\" content=\"Se caracterizan por ser de cup\u00f3n peri\u00f3dico que se les paga a los t\u00edtulos en circulaci\u00f3n (clase I), t\u00e9rmino amortizativo variable y cup\u00f3n constante (tipo II), durante toda la operaci\u00f3n. La estructura del t\u00e9rmino amortizativo puro ser\u00e1 la siguiente: &nbsp; &nbsp; Empr\u00e9stitos que responden a esta estructura gen\u00e9rica ser\u00e1n los siguientes: Aquellos empr\u00e9stitos en los [&hellip;]\" \/>\n<meta property=\"og:url\" content=\"https:\/\/blogs.udima.es\/administracion-y-direccion-de-empresas\/emprestito-de-cupon-periodico-prepagable-ii-p124-htm\/\" \/>\n<meta property=\"og:site_name\" content=\"Blog de ADE - Universidad a Distancia de Madrid | UDIMA\" \/>\n<meta property=\"article:modified_time\" content=\"2016-07-15T12:01:19+00:00\" \/>\n<meta property=\"og:image\" content=\"https:\/\/blogs.udima.es\/administracion-y-direccion-de-empresas\/images_book\/p406-01.png\" \/>\n<meta name=\"twitter:card\" content=\"summary_large_image\" \/>\n<meta name=\"twitter:label1\" content=\"Tiempo de lectura\" \/>\n\t<meta name=\"twitter:data1\" content=\"1 minuto\" \/>\n<script type=\"application\/ld+json\" class=\"yoast-schema-graph\">{\"@context\":\"https:\/\/schema.org\",\"@graph\":[{\"@type\":\"WebPage\",\"@id\":\"https:\/\/blogs.udima.es\/administracion-y-direccion-de-empresas\/emprestito-de-cupon-periodico-prepagable-ii-p124-htm\/\",\"url\":\"https:\/\/blogs.udima.es\/administracion-y-direccion-de-empresas\/emprestito-de-cupon-periodico-prepagable-ii-p124-htm\/\",\"name\":\"3. Empr\u00e9stitos clase I. Tipo II - Blog de ADE\",\"isPartOf\":{\"@id\":\"https:\/\/blogs.udima.es\/administracion-y-direccion-de-empresas\/#website\"},\"primaryImageOfPage\":{\"@id\":\"https:\/\/blogs.udima.es\/administracion-y-direccion-de-empresas\/emprestito-de-cupon-periodico-prepagable-ii-p124-htm\/#primaryimage\"},\"image\":{\"@id\":\"https:\/\/blogs.udima.es\/administracion-y-direccion-de-empresas\/emprestito-de-cupon-periodico-prepagable-ii-p124-htm\/#primaryimage\"},\"thumbnailUrl\":\"https:\/\/blogs.udima.es\/administracion-y-direccion-de-empresas\/images_book\/p406-01.png\",\"datePublished\":\"2016-07-15T11:58:34+00:00\",\"dateModified\":\"2016-07-15T12:01:19+00:00\",\"breadcrumb\":{\"@id\":\"https:\/\/blogs.udima.es\/administracion-y-direccion-de-empresas\/emprestito-de-cupon-periodico-prepagable-ii-p124-htm\/#breadcrumb\"},\"inLanguage\":\"es\",\"potentialAction\":[{\"@type\":\"ReadAction\",\"target\":[\"https:\/\/blogs.udima.es\/administracion-y-direccion-de-empresas\/emprestito-de-cupon-periodico-prepagable-ii-p124-htm\/\"]}]},{\"@type\":\"ImageObject\",\"inLanguage\":\"es\",\"@id\":\"https:\/\/blogs.udima.es\/administracion-y-direccion-de-empresas\/emprestito-de-cupon-periodico-prepagable-ii-p124-htm\/#primaryimage\",\"url\":\"https:\/\/blogs.udima.es\/administracion-y-direccion-de-empresas\/images_book\/p406-01.png\",\"contentUrl\":\"https:\/\/blogs.udima.es\/administracion-y-direccion-de-empresas\/images_book\/p406-01.png\"},{\"@type\":\"BreadcrumbList\",\"@id\":\"https:\/\/blogs.udima.es\/administracion-y-direccion-de-empresas\/emprestito-de-cupon-periodico-prepagable-ii-p124-htm\/#breadcrumb\",\"itemListElement\":[{\"@type\":\"ListItem\",\"position\":1,\"name\":\"Portada\",\"item\":\"https:\/\/blogs.udima.es\/administracion-y-direccion-de-empresas\/\"},{\"@type\":\"ListItem\",\"position\":2,\"name\":\"3. Empr\u00e9stitos clase I. Tipo II\"}]},{\"@type\":\"WebSite\",\"@id\":\"https:\/\/blogs.udima.es\/administracion-y-direccion-de-empresas\/#website\",\"url\":\"https:\/\/blogs.udima.es\/administracion-y-direccion-de-empresas\/\",\"name\":\"Blog de ADE - Universidad a Distancia de Madrid | UDIMA\",\"description\":\"\",\"potentialAction\":[{\"@type\":\"SearchAction\",\"target\":{\"@type\":\"EntryPoint\",\"urlTemplate\":\"https:\/\/blogs.udima.es\/administracion-y-direccion-de-empresas\/?s={search_term_string}\"},\"query-input\":\"required name=search_term_string\"}],\"inLanguage\":\"es\"}]}<\/script>\n<!-- \/ Yoast SEO plugin. -->","yoast_head_json":{"title":"3. Empr\u00e9stitos clase I. Tipo II - Blog de ADE","robots":{"index":"index","follow":"follow","max-snippet":"max-snippet:-1","max-image-preview":"max-image-preview:large","max-video-preview":"max-video-preview:-1"},"canonical":"https:\/\/blogs.udima.es\/administracion-y-direccion-de-empresas\/emprestito-de-cupon-periodico-prepagable-ii-p124-htm\/","og_locale":"es_ES","og_type":"article","og_title":"3. Empr\u00e9stitos clase I. Tipo II - Blog de ADE","og_description":"Se caracterizan por ser de cup\u00f3n peri\u00f3dico que se les paga a los t\u00edtulos en circulaci\u00f3n (clase I), t\u00e9rmino amortizativo variable y cup\u00f3n constante (tipo II), durante toda la operaci\u00f3n. La estructura del t\u00e9rmino amortizativo puro ser\u00e1 la siguiente: &nbsp; &nbsp; Empr\u00e9stitos que responden a esta estructura gen\u00e9rica ser\u00e1n los siguientes: Aquellos empr\u00e9stitos en los [&hellip;]","og_url":"https:\/\/blogs.udima.es\/administracion-y-direccion-de-empresas\/emprestito-de-cupon-periodico-prepagable-ii-p124-htm\/","og_site_name":"Blog de ADE - Universidad a Distancia de Madrid | UDIMA","article_modified_time":"2016-07-15T12:01:19+00:00","og_image":[{"url":"https:\/\/blogs.udima.es\/administracion-y-direccion-de-empresas\/images_book\/p406-01.png"}],"twitter_card":"summary_large_image","twitter_misc":{"Tiempo de lectura":"1 minuto"},"schema":{"@context":"https:\/\/schema.org","@graph":[{"@type":"WebPage","@id":"https:\/\/blogs.udima.es\/administracion-y-direccion-de-empresas\/emprestito-de-cupon-periodico-prepagable-ii-p124-htm\/","url":"https:\/\/blogs.udima.es\/administracion-y-direccion-de-empresas\/emprestito-de-cupon-periodico-prepagable-ii-p124-htm\/","name":"3. Empr\u00e9stitos clase I. Tipo II - Blog de ADE","isPartOf":{"@id":"https:\/\/blogs.udima.es\/administracion-y-direccion-de-empresas\/#website"},"primaryImageOfPage":{"@id":"https:\/\/blogs.udima.es\/administracion-y-direccion-de-empresas\/emprestito-de-cupon-periodico-prepagable-ii-p124-htm\/#primaryimage"},"image":{"@id":"https:\/\/blogs.udima.es\/administracion-y-direccion-de-empresas\/emprestito-de-cupon-periodico-prepagable-ii-p124-htm\/#primaryimage"},"thumbnailUrl":"https:\/\/blogs.udima.es\/administracion-y-direccion-de-empresas\/images_book\/p406-01.png","datePublished":"2016-07-15T11:58:34+00:00","dateModified":"2016-07-15T12:01:19+00:00","breadcrumb":{"@id":"https:\/\/blogs.udima.es\/administracion-y-direccion-de-empresas\/emprestito-de-cupon-periodico-prepagable-ii-p124-htm\/#breadcrumb"},"inLanguage":"es","potentialAction":[{"@type":"ReadAction","target":["https:\/\/blogs.udima.es\/administracion-y-direccion-de-empresas\/emprestito-de-cupon-periodico-prepagable-ii-p124-htm\/"]}]},{"@type":"ImageObject","inLanguage":"es","@id":"https:\/\/blogs.udima.es\/administracion-y-direccion-de-empresas\/emprestito-de-cupon-periodico-prepagable-ii-p124-htm\/#primaryimage","url":"https:\/\/blogs.udima.es\/administracion-y-direccion-de-empresas\/images_book\/p406-01.png","contentUrl":"https:\/\/blogs.udima.es\/administracion-y-direccion-de-empresas\/images_book\/p406-01.png"},{"@type":"BreadcrumbList","@id":"https:\/\/blogs.udima.es\/administracion-y-direccion-de-empresas\/emprestito-de-cupon-periodico-prepagable-ii-p124-htm\/#breadcrumb","itemListElement":[{"@type":"ListItem","position":1,"name":"Portada","item":"https:\/\/blogs.udima.es\/administracion-y-direccion-de-empresas\/"},{"@type":"ListItem","position":2,"name":"3. Empr\u00e9stitos clase I. Tipo II"}]},{"@type":"WebSite","@id":"https:\/\/blogs.udima.es\/administracion-y-direccion-de-empresas\/#website","url":"https:\/\/blogs.udima.es\/administracion-y-direccion-de-empresas\/","name":"Blog de ADE - Universidad a Distancia de Madrid | UDIMA","description":"","potentialAction":[{"@type":"SearchAction","target":{"@type":"EntryPoint","urlTemplate":"https:\/\/blogs.udima.es\/administracion-y-direccion-de-empresas\/?s={search_term_string}"},"query-input":"required name=search_term_string"}],"inLanguage":"es"}]}},"_links":{"self":[{"href":"https:\/\/blogs.udima.es\/administracion-y-direccion-de-empresas\/wp-json\/wp\/v2\/pages\/1954"}],"collection":[{"href":"https:\/\/blogs.udima.es\/administracion-y-direccion-de-empresas\/wp-json\/wp\/v2\/pages"}],"about":[{"href":"https:\/\/blogs.udima.es\/administracion-y-direccion-de-empresas\/wp-json\/wp\/v2\/types\/page"}],"author":[{"embeddable":true,"href":"https:\/\/blogs.udima.es\/administracion-y-direccion-de-empresas\/wp-json\/wp\/v2\/users\/27"}],"replies":[{"embeddable":true,"href":"https:\/\/blogs.udima.es\/administracion-y-direccion-de-empresas\/wp-json\/wp\/v2\/comments?post=1954"}],"version-history":[{"count":3,"href":"https:\/\/blogs.udima.es\/administracion-y-direccion-de-empresas\/wp-json\/wp\/v2\/pages\/1954\/revisions"}],"predecessor-version":[{"id":1957,"href":"https:\/\/blogs.udima.es\/administracion-y-direccion-de-empresas\/wp-json\/wp\/v2\/pages\/1954\/revisions\/1957"}],"wp:attachment":[{"href":"https:\/\/blogs.udima.es\/administracion-y-direccion-de-empresas\/wp-json\/wp\/v2\/media?parent=1954"}],"curies":[{"name":"wp","href":"https:\/\/api.w.org\/{rel}","templated":true}]}}