{"id":1938,"date":"2016-07-15T11:43:54","date_gmt":"2016-07-15T11:43:54","guid":{"rendered":"http:\/\/blogs.udima.es\/administracion-y-direccion-de-empresas\/?page_id=1938"},"modified":"2016-07-15T11:50:01","modified_gmt":"2016-07-15T11:50:01","slug":"emprestito-clase-i-tipo-i-puro-i-p59-htm","status":"publish","type":"page","link":"https:\/\/blogs.udima.es\/administracion-y-direccion-de-empresas\/emprestito-clase-i-tipo-i-puro-i-p59-htm\/","title":{"rendered":"2. Empr\u00e9stito clase I. Tipo I. Puro"},"content":{"rendered":"<h2>2. EMPR\u00c9STITO CLASE I. TIPO I. PURO<\/h2>\n<p> Tambi\u00e9n conocido como empr\u00e9stito normal, se caracteriza por ser de cup\u00f3n peri\u00f3dico (clase I), t\u00e9rmino amortizativo pagadero por el emisor y cup\u00f3n constantes (tipo I), y no presentar ninguna otra caracter\u00edstica especial. Por tanto, el pago del emisor se destina a retribuir con un cup\u00f3n peri\u00f3dico constante a los t\u00edtulos en circulaci\u00f3n (c x i x N<sub>k<\/sub>) y a amortizar por el nominal los t\u00edtulos que corresponda (c x M<sub>k<\/sub>).<\/p>\n<p>La estructura del t\u00e9rmino amortizativo (en adelante anualidad) ser\u00e1 la siguiente:<\/p>\n<p>&nbsp;<\/p>\n<blockquote>\n<p> <img loading=\"lazy\" decoding=\"async\" src=\"https:\/\/blogs.udima.es\/administracion-y-direccion-de-empresas\/images_book\/p383-01.png\" width=\"344\" height=\"61\" \/><\/p>\n<p>&nbsp;<\/p>\n<\/blockquote>\n<p>Gr\u00e1ficamente, el esquema de cobros y pagos que origina para el emisor un empr\u00e9stito de N1 t\u00edtulos, de nominal c, cup\u00f3n peri\u00f3dico c x i, con una duraci\u00f3n de n per\u00edodos y t\u00e9rminos amortizativos constantes (a), es el siguiente:<\/p>\n<p>&nbsp;<\/p>\n<p align=\"center\"><img loading=\"lazy\" decoding=\"async\" src=\"https:\/\/blogs.udima.es\/administracion-y-direccion-de-empresas\/images_book\/p383-02.png\" width=\"545\" height=\"164\" \/><\/p>\n<p align=\"center\">&nbsp;<\/p>\n<p>Donde c x N<sub>1<\/sub> representa el importe nominal del empr\u00e9stito, n el n\u00famero de pagos (t\u00e9rminos amortizativos) en los que se amortiza, i el tipo de inter\u00e9s del cup\u00f3n y a es el importe del t\u00e9rmino amortizativo constante.<\/p>\n<p>Este empr\u00e9stito, considerado globalmente, es un pr\u00e9stamo franc\u00e9s.\n<\/p>\n<ul>\n<li><a href=\"https:\/\/blogs.udima.es\/administracion-y-direccion-de-empresas\/2-1-pasos-seguir.html\">2.1. Pasos a seguir<\/a><\/li>\n<li><a href=\"https:\/\/blogs.udima.es\/administracion-y-direccion-de-empresas\/2-2-emprestito-cupon-periodico-constante-anualidad-constante-con-caracteristicas-comerciales.html\">2.2. Empr\u00e9stito de cup\u00f3n peri\u00f3dico constante y anualidad constante con caracter\u00edsticas comerciales<\/a><\/li>\n<\/ul>\n","protected":false},"excerpt":{"rendered":"<p>2. EMPR\u00c9STITO CLASE I. TIPO I. PURO Tambi\u00e9n conocido como empr\u00e9stito normal, se caracteriza por ser de cup\u00f3n peri\u00f3dico (clase I), t\u00e9rmino amortizativo pagadero por el emisor y cup\u00f3n constantes (tipo I), y no presentar ninguna otra caracter\u00edstica especial. Por tanto, el pago del emisor se destina a retribuir con un cup\u00f3n peri\u00f3dico constante a [&hellip;]<\/p>\n","protected":false},"author":27,"featured_media":0,"parent":0,"menu_order":5020,"comment_status":"closed","ping_status":"closed","template":"","meta":{"footnotes":""},"yoast_head":"<!-- This site is optimized with the Yoast SEO plugin v22.9 - https:\/\/yoast.com\/wordpress\/plugins\/seo\/ -->\n<title>2. Empr\u00e9stito clase I. Tipo I. Puro - Blog de ADE<\/title>\n<meta name=\"robots\" content=\"index, follow, max-snippet:-1, max-image-preview:large, max-video-preview:-1\" \/>\n<link rel=\"canonical\" href=\"https:\/\/blogs.udima.es\/administracion-y-direccion-de-empresas\/emprestito-clase-i-tipo-i-puro-i-p59-htm\/\" \/>\n<meta property=\"og:locale\" content=\"es_ES\" \/>\n<meta property=\"og:type\" content=\"article\" \/>\n<meta property=\"og:title\" content=\"2. Empr\u00e9stito clase I. Tipo I. Puro - Blog de ADE\" \/>\n<meta property=\"og:description\" content=\"2. EMPR\u00c9STITO CLASE I. TIPO I. PURO Tambi\u00e9n conocido como empr\u00e9stito normal, se caracteriza por ser de cup\u00f3n peri\u00f3dico (clase I), t\u00e9rmino amortizativo pagadero por el emisor y cup\u00f3n constantes (tipo I), y no presentar ninguna otra caracter\u00edstica especial. Por tanto, el pago del emisor se destina a retribuir con un cup\u00f3n peri\u00f3dico constante a [&hellip;]\" \/>\n<meta property=\"og:url\" content=\"https:\/\/blogs.udima.es\/administracion-y-direccion-de-empresas\/emprestito-clase-i-tipo-i-puro-i-p59-htm\/\" \/>\n<meta property=\"og:site_name\" content=\"Blog de ADE - Universidad a Distancia de Madrid | UDIMA\" \/>\n<meta property=\"article:modified_time\" content=\"2016-07-15T11:50:01+00:00\" \/>\n<meta property=\"og:image\" content=\"https:\/\/blogs.udima.es\/administracion-y-direccion-de-empresas\/images_book\/p383-01.png\" \/>\n<meta name=\"twitter:card\" content=\"summary_large_image\" \/>\n<meta name=\"twitter:label1\" content=\"Tiempo de lectura\" \/>\n\t<meta name=\"twitter:data1\" content=\"1 minuto\" \/>\n<script type=\"application\/ld+json\" class=\"yoast-schema-graph\">{\"@context\":\"https:\/\/schema.org\",\"@graph\":[{\"@type\":\"WebPage\",\"@id\":\"https:\/\/blogs.udima.es\/administracion-y-direccion-de-empresas\/emprestito-clase-i-tipo-i-puro-i-p59-htm\/\",\"url\":\"https:\/\/blogs.udima.es\/administracion-y-direccion-de-empresas\/emprestito-clase-i-tipo-i-puro-i-p59-htm\/\",\"name\":\"2. Empr\u00e9stito clase I. Tipo I. Puro - Blog de ADE\",\"isPartOf\":{\"@id\":\"https:\/\/blogs.udima.es\/administracion-y-direccion-de-empresas\/#website\"},\"primaryImageOfPage\":{\"@id\":\"https:\/\/blogs.udima.es\/administracion-y-direccion-de-empresas\/emprestito-clase-i-tipo-i-puro-i-p59-htm\/#primaryimage\"},\"image\":{\"@id\":\"https:\/\/blogs.udima.es\/administracion-y-direccion-de-empresas\/emprestito-clase-i-tipo-i-puro-i-p59-htm\/#primaryimage\"},\"thumbnailUrl\":\"https:\/\/blogs.udima.es\/administracion-y-direccion-de-empresas\/images_book\/p383-01.png\",\"datePublished\":\"2016-07-15T11:43:54+00:00\",\"dateModified\":\"2016-07-15T11:50:01+00:00\",\"breadcrumb\":{\"@id\":\"https:\/\/blogs.udima.es\/administracion-y-direccion-de-empresas\/emprestito-clase-i-tipo-i-puro-i-p59-htm\/#breadcrumb\"},\"inLanguage\":\"es\",\"potentialAction\":[{\"@type\":\"ReadAction\",\"target\":[\"https:\/\/blogs.udima.es\/administracion-y-direccion-de-empresas\/emprestito-clase-i-tipo-i-puro-i-p59-htm\/\"]}]},{\"@type\":\"ImageObject\",\"inLanguage\":\"es\",\"@id\":\"https:\/\/blogs.udima.es\/administracion-y-direccion-de-empresas\/emprestito-clase-i-tipo-i-puro-i-p59-htm\/#primaryimage\",\"url\":\"https:\/\/blogs.udima.es\/administracion-y-direccion-de-empresas\/images_book\/p383-01.png\",\"contentUrl\":\"https:\/\/blogs.udima.es\/administracion-y-direccion-de-empresas\/images_book\/p383-01.png\"},{\"@type\":\"BreadcrumbList\",\"@id\":\"https:\/\/blogs.udima.es\/administracion-y-direccion-de-empresas\/emprestito-clase-i-tipo-i-puro-i-p59-htm\/#breadcrumb\",\"itemListElement\":[{\"@type\":\"ListItem\",\"position\":1,\"name\":\"Portada\",\"item\":\"https:\/\/blogs.udima.es\/administracion-y-direccion-de-empresas\/\"},{\"@type\":\"ListItem\",\"position\":2,\"name\":\"2. Empr\u00e9stito clase I. Tipo I. Puro\"}]},{\"@type\":\"WebSite\",\"@id\":\"https:\/\/blogs.udima.es\/administracion-y-direccion-de-empresas\/#website\",\"url\":\"https:\/\/blogs.udima.es\/administracion-y-direccion-de-empresas\/\",\"name\":\"Blog de ADE - Universidad a Distancia de Madrid | UDIMA\",\"description\":\"\",\"potentialAction\":[{\"@type\":\"SearchAction\",\"target\":{\"@type\":\"EntryPoint\",\"urlTemplate\":\"https:\/\/blogs.udima.es\/administracion-y-direccion-de-empresas\/?s={search_term_string}\"},\"query-input\":\"required name=search_term_string\"}],\"inLanguage\":\"es\"}]}<\/script>\n<!-- \/ Yoast SEO plugin. -->","yoast_head_json":{"title":"2. Empr\u00e9stito clase I. Tipo I. Puro - Blog de ADE","robots":{"index":"index","follow":"follow","max-snippet":"max-snippet:-1","max-image-preview":"max-image-preview:large","max-video-preview":"max-video-preview:-1"},"canonical":"https:\/\/blogs.udima.es\/administracion-y-direccion-de-empresas\/emprestito-clase-i-tipo-i-puro-i-p59-htm\/","og_locale":"es_ES","og_type":"article","og_title":"2. Empr\u00e9stito clase I. Tipo I. Puro - Blog de ADE","og_description":"2. EMPR\u00c9STITO CLASE I. TIPO I. PURO Tambi\u00e9n conocido como empr\u00e9stito normal, se caracteriza por ser de cup\u00f3n peri\u00f3dico (clase I), t\u00e9rmino amortizativo pagadero por el emisor y cup\u00f3n constantes (tipo I), y no presentar ninguna otra caracter\u00edstica especial. Por tanto, el pago del emisor se destina a retribuir con un cup\u00f3n peri\u00f3dico constante a [&hellip;]","og_url":"https:\/\/blogs.udima.es\/administracion-y-direccion-de-empresas\/emprestito-clase-i-tipo-i-puro-i-p59-htm\/","og_site_name":"Blog de ADE - Universidad a Distancia de Madrid | UDIMA","article_modified_time":"2016-07-15T11:50:01+00:00","og_image":[{"url":"https:\/\/blogs.udima.es\/administracion-y-direccion-de-empresas\/images_book\/p383-01.png"}],"twitter_card":"summary_large_image","twitter_misc":{"Tiempo de lectura":"1 minuto"},"schema":{"@context":"https:\/\/schema.org","@graph":[{"@type":"WebPage","@id":"https:\/\/blogs.udima.es\/administracion-y-direccion-de-empresas\/emprestito-clase-i-tipo-i-puro-i-p59-htm\/","url":"https:\/\/blogs.udima.es\/administracion-y-direccion-de-empresas\/emprestito-clase-i-tipo-i-puro-i-p59-htm\/","name":"2. Empr\u00e9stito clase I. Tipo I. Puro - Blog de ADE","isPartOf":{"@id":"https:\/\/blogs.udima.es\/administracion-y-direccion-de-empresas\/#website"},"primaryImageOfPage":{"@id":"https:\/\/blogs.udima.es\/administracion-y-direccion-de-empresas\/emprestito-clase-i-tipo-i-puro-i-p59-htm\/#primaryimage"},"image":{"@id":"https:\/\/blogs.udima.es\/administracion-y-direccion-de-empresas\/emprestito-clase-i-tipo-i-puro-i-p59-htm\/#primaryimage"},"thumbnailUrl":"https:\/\/blogs.udima.es\/administracion-y-direccion-de-empresas\/images_book\/p383-01.png","datePublished":"2016-07-15T11:43:54+00:00","dateModified":"2016-07-15T11:50:01+00:00","breadcrumb":{"@id":"https:\/\/blogs.udima.es\/administracion-y-direccion-de-empresas\/emprestito-clase-i-tipo-i-puro-i-p59-htm\/#breadcrumb"},"inLanguage":"es","potentialAction":[{"@type":"ReadAction","target":["https:\/\/blogs.udima.es\/administracion-y-direccion-de-empresas\/emprestito-clase-i-tipo-i-puro-i-p59-htm\/"]}]},{"@type":"ImageObject","inLanguage":"es","@id":"https:\/\/blogs.udima.es\/administracion-y-direccion-de-empresas\/emprestito-clase-i-tipo-i-puro-i-p59-htm\/#primaryimage","url":"https:\/\/blogs.udima.es\/administracion-y-direccion-de-empresas\/images_book\/p383-01.png","contentUrl":"https:\/\/blogs.udima.es\/administracion-y-direccion-de-empresas\/images_book\/p383-01.png"},{"@type":"BreadcrumbList","@id":"https:\/\/blogs.udima.es\/administracion-y-direccion-de-empresas\/emprestito-clase-i-tipo-i-puro-i-p59-htm\/#breadcrumb","itemListElement":[{"@type":"ListItem","position":1,"name":"Portada","item":"https:\/\/blogs.udima.es\/administracion-y-direccion-de-empresas\/"},{"@type":"ListItem","position":2,"name":"2. Empr\u00e9stito clase I. Tipo I. Puro"}]},{"@type":"WebSite","@id":"https:\/\/blogs.udima.es\/administracion-y-direccion-de-empresas\/#website","url":"https:\/\/blogs.udima.es\/administracion-y-direccion-de-empresas\/","name":"Blog de ADE - Universidad a Distancia de Madrid | UDIMA","description":"","potentialAction":[{"@type":"SearchAction","target":{"@type":"EntryPoint","urlTemplate":"https:\/\/blogs.udima.es\/administracion-y-direccion-de-empresas\/?s={search_term_string}"},"query-input":"required name=search_term_string"}],"inLanguage":"es"}]}},"_links":{"self":[{"href":"https:\/\/blogs.udima.es\/administracion-y-direccion-de-empresas\/wp-json\/wp\/v2\/pages\/1938"}],"collection":[{"href":"https:\/\/blogs.udima.es\/administracion-y-direccion-de-empresas\/wp-json\/wp\/v2\/pages"}],"about":[{"href":"https:\/\/blogs.udima.es\/administracion-y-direccion-de-empresas\/wp-json\/wp\/v2\/types\/page"}],"author":[{"embeddable":true,"href":"https:\/\/blogs.udima.es\/administracion-y-direccion-de-empresas\/wp-json\/wp\/v2\/users\/27"}],"replies":[{"embeddable":true,"href":"https:\/\/blogs.udima.es\/administracion-y-direccion-de-empresas\/wp-json\/wp\/v2\/comments?post=1938"}],"version-history":[{"count":3,"href":"https:\/\/blogs.udima.es\/administracion-y-direccion-de-empresas\/wp-json\/wp\/v2\/pages\/1938\/revisions"}],"predecessor-version":[{"id":1945,"href":"https:\/\/blogs.udima.es\/administracion-y-direccion-de-empresas\/wp-json\/wp\/v2\/pages\/1938\/revisions\/1945"}],"wp:attachment":[{"href":"https:\/\/blogs.udima.es\/administracion-y-direccion-de-empresas\/wp-json\/wp\/v2\/media?parent=1938"}],"curies":[{"name":"wp","href":"https:\/\/api.w.org\/{rel}","templated":true}]}}