{"id":1936,"date":"2016-07-15T11:43:27","date_gmt":"2016-07-15T11:43:27","guid":{"rendered":"http:\/\/blogs.udima.es\/administracion-y-direccion-de-empresas\/?page_id=1936"},"modified":"2016-07-15T11:44:59","modified_gmt":"2016-07-15T11:44:59","slug":"9-1-prestamo-fraccionado-con-cuota-amortizacion-constante-html","status":"publish","type":"page","link":"https:\/\/blogs.udima.es\/administracion-y-direccion-de-empresas\/9-1-prestamo-fraccionado-con-cuota-amortizacion-constante-html\/","title":{"rendered":"9.1. Pr\u00e9stamo fraccionado con cuota de amortizaci\u00f3n constante"},"content":{"rendered":"<p>En este pr\u00e9stamo los intereses se har\u00e1n efectivos fraccionadamente dentro del per\u00edodo de amortizaci\u00f3n, mientras que las cuotas de amortizaci\u00f3n constantes no se fraccionan y se abonan al final del per\u00edodo.<\/p>\n<p>Considerando que el importe del pr\u00e9stamo es C0, amortizable en n pagos, con un tipo de inter\u00e9s constante i, expresado en la unidad en la que se amortiza el principal.<\/p>\n<p> Por tanto, debe cumplirse que:<\/p>\n<p>A<sub>1<\/sub> =  A<sub>2<\/sub> =  A<sub>3<\/sub> =  &#8230;  =  A<sub>n <\/sub> =  A <\/p>\n<p>En primer lugar se calcular\u00e1 todo lo que tenga que ver con las cuotas de amortizaci\u00f3n, ya calculadas, a continuaci\u00f3n los intereses y, finalmente, por suma, los t\u00e9rminos amortizativos.<\/p>\n<h3>9.1.1. C\u00e1lculo de la cuota de amortizaci\u00f3n (A)<\/h3>\n<p> Sabiendo que la suma de todas las cuotas de principal es el importe del pr\u00e9stamo y que, adem\u00e1s, \u00e9stas se mantienen constantes se debe cumplir:<\/p>\n<p>C<sub>0<\/sub>  =  A<sub>1  <\/sub>+  A<sub>2<\/sub>  +  A<sub>3<\/sub>  +  &#8230;  +  A<sub>n<\/sub>  =  A  x  n<\/p>\n<p>de donde se obtiene:<\/p>\n<p>&nbsp;&nbsp;&nbsp;&nbsp;&nbsp;&nbsp;&nbsp;&nbsp;C<sub>0<\/sub><br \/>\n    A = &#8212;&#8212; <br \/>\n&nbsp;&nbsp;&nbsp;&nbsp;&nbsp;&nbsp;&nbsp;&nbsp;&nbsp;n<\/p>\n<h3>9.1.2. C\u00e1lculo del total amortizado despu\u00e9s de t per\u00edodos (mt)<\/h3>\n<p> Conociendo lo que se amortiza en cada momento (A), el total amortizado hasta una fecha ser\u00e1 la suma aritm\u00e9tica de las cuotas ya efectuadas.<\/p>\n<p>m<sub>t  <\/sub>=  A<sub>1<\/sub>  +  A<sub>2<\/sub>  +  &#8230;  +  A<sub>t<\/sub>  =  A  x  t<\/p>\n<h3> 9.1.3. C\u00e1lculo del capital vivo a principios del per\u00edodo t+1 (Ct)<\/h3>\n<p>&nbsp; <\/p>\n<p><img loading=\"lazy\" decoding=\"async\" src=\"https:\/\/blogs.udima.es\/administracion-y-direccion-de-empresas\/images_book\/p283-01.png\" width=\"503\" height=\"174\" \/><\/p>\n<p>&nbsp;<\/p>\n<p> Se realizar\u00e1 a trav\u00e9s de las cuotas de amortizaci\u00f3n (pasadas o futuras).<\/p>\n<p class=\"progress\">1.\u00aa<br \/>\nposibilidad: por el m\u00e9todo retrospectivo, el capital pendiente ser\u00e1 el importe del pr\u00e9stamo disminuido en la totalidad de las cuotas de amortizaci\u00f3n ya practicadas<\/p>\n<p>C<sub>t  <\/sub>=  C<sub>0  <\/sub>&#8211;  [A<sub>1<\/sub>  +  A<sub>2<\/sub>  +  &#8230;  +  A<sub>t<\/sub>]  =  C<sub>0<\/sub>  &#8211;  m<sub>t  <\/sub>=  C<sub>0 <\/sub> &#8211;  A  x  t<\/p>\n<p class=\"progress\"> 2.\u00aa<br \/>\nposibilidad: por el m\u00e9todo prospectivo, el capital pendiente ser\u00e1 la suma aritm\u00e9tica de las cuotas de amortizaci\u00f3n a\u00fan pendientes de realizar<\/p>\n<p>C<sub>t <\/sub> =  A<sub>t+1 <\/sub> +  A<sub>t+2<\/sub>  +  &#8230;  +  A<sub>n<\/sub>  =  (n  &#8211;  t)  x  A<\/p>\n<h3> 9.1.4. C\u00e1lculo de las cuotas de intereses del per\u00edodo t+1<\/h3>\n<p> Los intereses de cualquier per\u00edodo se calcular\u00e1n a partir de la deuda pendiente a principios de ese per\u00edodo (C<sub>t<\/sub>), al tanto efectivo fraccionado (i<sub>k<\/sub>)vigente durante el mismo. Por tanto, dentro del per\u00edodo de amortizaci\u00f3n, habr\u00e1 k pagos de intereses, cuyo importe se calcula as\u00ed: I<sub>t+1<\/sub> = C<sub>t<\/sub> x i<sub>k<\/sub><\/p>\n<p>&nbsp;<\/p>\n<p><img loading=\"lazy\" decoding=\"async\" src=\"https:\/\/blogs.udima.es\/administracion-y-direccion-de-empresas\/images_book\/p284-01.png\" width=\"552\" height=\"184\" \/><\/p>\n<p>&nbsp;<\/p>\n<h3>9.1.5. C\u00e1lculo de los t\u00e9rminos amortizativos (a<sub>k<\/sub>)<\/h3>\n<p> Los t\u00e9rminos amortizativos se obtendr\u00e1n finalmente como la suma de la cuota de inter\u00e9s y la cuota de amortizaci\u00f3n, cuando \u00e9sta tenga lugar (al final de cada per\u00edodo). <\/p>\n<p> As\u00ed resulta para el per\u00edodo t:<\/p>\n<ul>\n<li> Los primeros k\u20131 subper\u00edodos s\u00f3lo incluye intereses:\n<p>a<sub>t, j<\/sub>  =  I<sub>t+1<\/sub> <\/p>\n<\/li>\n<li> El \u00faltimo subper\u00edodo, adem\u00e1s de inter\u00e9s incluye la cuota de amortizaci\u00f3n del per\u00edodo:\n<p>a<sub>t, k<\/sub>  =  I<sub>t+1<\/sub>  +  A<sub>t<\/sub><\/p>\n<\/li>\n<\/ul>\n<p>&nbsp;<\/p>\n<div class=\"ejemplo\">\n<p><strong>EJEMPLO 9 <\/strong><\/p>\n<p>Construir el cuadro de amortizaci\u00f3n del siguiente pr\u00e9stamo:<\/p>\n<ul>\n<li> Importe: 300.000 euros.<\/li>\n<li> Duraci\u00f3n: 3 a\u00f1os.<\/li>\n<li> Cuotas de amortizaci\u00f3n anuales constantes.<\/li>\n<li> Intereses semestrales al 6% efectivo semestral.<\/li>\n<\/ul>\n<p>&nbsp;<\/p>\n<p><img loading=\"lazy\" decoding=\"async\" src=\"https:\/\/blogs.udima.es\/administracion-y-direccion-de-empresas\/images_book\/p285-01.png\" width=\"466\" height=\"158\" \/><\/p>\n<p>&nbsp;<\/p>\n<table border=\"1\" align=\"center\" cellpadding=\"5\" cellspacing=\"0\">\n<tr>\n<td>\n<div align=\"center\">&nbsp;&nbsp;&nbsp;<\/div>\n<\/td>\n<td>\n<div align=\"center\" class=\"progress\">(3)\n      <\/div>\n<\/td>\n<td>\n<div align=\"center\" class=\"progress\">(4) <\/div>\n<\/td>\n<td>\n<div align=\"center\" class=\"progress\">(1) <\/div>\n<\/td>\n<td>\n<div align=\"center\" class=\"progress\">(2) <\/div>\n<\/td>\n<td>\n<div align=\"center\" class=\"progress\">(5)<\/div>\n<\/td>\n<\/tr>\n<tr>\n<td>\n<div align=\"center\" class=\"progress\">Per&iacute;odos<\/div>\n<\/td>\n<td>\n<div align=\"center\" class=\"progress\">Capital<br \/>\nvivo<\/div>\n<\/td>\n<td>\n<div align=\"center\" class=\"progress\">Cuota de inter\u00e9s <\/div>\n<\/td>\n<td>\n<div align=\"center\" class=\"progress\">Cuota de amortizaci\u00f3n<\/div>\n<\/td>\n<td>\n<div align=\"center\" class=\"progress\">Total amortizado <\/div>\n<\/td>\n<td>\n<div align=\"center\" class=\"progress\">T\u00e9rminos amortizativos<\/div>\n<\/td>\n<\/tr>\n<tr>\n<td>\n<div align=\"center\">1.1.<br \/>\n  1.2.\n      <\/div>\n<\/td>\n<td>\n<div align=\"right\">300.000,00<br \/>\n      300.000,00 <\/div>\n<\/td>\n<td>\n<div align=\"right\">18.000,00<br \/>\n      18.000,00 <\/div>\n<\/td>\n<td>\n<div align=\"right\">\u2013&nbsp;&nbsp;&nbsp;&nbsp;&nbsp;&nbsp;&nbsp;&nbsp;&nbsp;&nbsp;&nbsp;&nbsp;&nbsp;&nbsp;&nbsp; <br \/>\n      100.000,00 <\/div>\n<\/td>\n<td>\n<div align=\"right\">\u2013&nbsp;&nbsp;&nbsp;&nbsp;&nbsp;&nbsp;&nbsp;&nbsp;&nbsp;&nbsp;&nbsp;&nbsp;<br \/>\n      100.000,00 <\/div>\n<\/td>\n<td>\n<div align=\"right\">18.000,00<br \/>\n      118.000,00 <\/div>\n<\/td>\n<\/tr>\n<tr>\n<td>\n<div align=\"center\">2.1.<br \/>\n  2.2. <\/div>\n<\/td>\n<td>\n<div align=\"right\">200.000,00<br \/>\n      200.000,00 <\/div>\n<\/td>\n<td>\n<div align=\"right\">12.000,00<br \/>\n      12.000,00 <\/div>\n<\/td>\n<td>\n<div align=\"right\">\u2013&nbsp;&nbsp;&nbsp;&nbsp;&nbsp;&nbsp;&nbsp;&nbsp;&nbsp;&nbsp;&nbsp;&nbsp;&nbsp;&nbsp;&nbsp; <br \/>\n      100.000,00 <\/div>\n<\/td>\n<td>\n<div align=\"right\">100.000,00<br \/>\n      200.000,00 <\/div>\n<\/td>\n<td>\n<div align=\"right\">12.000,00<br \/>\n      112.000,00<\/div>\n<\/td>\n<\/tr>\n<tr>\n<td>\n<div align=\"center\">3.1.<br \/>\n  3.2. <\/div>\n<\/td>\n<td>\n<div align=\"right\">100.000,00<br \/>\n      100.000,00 <\/div>\n<\/td>\n<td>\n<div align=\"right\">6.000,00<br \/>\n      6.000,00 <\/div>\n<\/td>\n<td>\n<div align=\"right\">\u2013&nbsp;&nbsp;&nbsp;&nbsp;&nbsp;&nbsp;&nbsp;&nbsp;&nbsp;&nbsp;&nbsp;&nbsp;&nbsp;&nbsp;&nbsp; <br \/>\n      100.000,00<\/div>\n<\/td>\n<td>\n<div align=\"right\">200.000,00<br \/> <br \/>\n      300.000,00 <\/div>\n<\/td>\n<td>\n<div align=\"right\">6.000,00<br \/>\n      106.000,00 <\/div>\n<\/td>\n<\/tr>\n<tr>\n<td>\n<div align=\"center\"><span class=\"progress\">Total<\/span><\/div>\n<\/td>\n<td>\n<div align=\"right\" class=\"progress\">&nbsp;<\/div>\n<\/td>\n<td>\n<div align=\"right\" class=\"progress\">72.000,00<\/div>\n<\/td>\n<td>\n<div align=\"right\" class=\"progress\">300.000,00<\/div>\n<\/td>\n<td>\n<div align=\"right\" class=\"progress\">&nbsp;&nbsp;&nbsp;<\/div>\n<\/td>\n<td>\n<div align=\"right\" class=\"progress\">372.000,00<\/div>\n<\/td>\n<\/tr>\n<\/table>\n<p>&nbsp;<\/p>\n<p><em>  <u>Descripci\u00f3n de los pasos a seguir para construir el cuadro:<\/u><\/em><\/p>\n<p> <span class=\"progress\">(1)<\/span>    Se calcula la cuota de amortizaci\u00f3n a trav\u00e9s del fraccionamiento del importe del pr\u00e9stamo en tres pagos iguales.<\/p>\n<p> &nbsp;&nbsp;&nbsp;&nbsp;&nbsp;&nbsp;&nbsp;&nbsp;300.000<br \/>\n      A = &#8212;&#8212;&#8212;&#8212;- = 100.000<br \/>\n&nbsp;&nbsp;&nbsp;&nbsp;&nbsp;&nbsp;&nbsp;&nbsp;&nbsp;&nbsp;&nbsp;&nbsp;&nbsp;3<\/p>\n<p><span class=\"progress\">(2)<\/span>    Se calcula el total amortizado por sumas parciales de las cuotas de amortizaci\u00f3n practicadas hasta la fecha.<br \/>\n    <span class=\"progress\">(3)<\/span>    La deuda pendiente se obtendr\u00e1 de restar al capital a principios de cada per\u00edodo la cuota de amortizaci\u00f3n de ese mismo per\u00edodo, o bien, al importe del pr\u00e9stamo se le resta el total amortizado <span class=\"progress\">(2)<\/span> ya acumulado.<br \/>\n    <span class=\"progress\">(4)<\/span>    Las cuotas de inter\u00e9s se calculan sobre el capital pendiente a principios de cada per\u00edodo <span class=\"progress\">(3)<\/span> al tanto efectivo semestral.<br \/>\n    <span class=\"progress\">(5)<\/span>    El t\u00e9rmino amortizativo de cada per\u00edodo ser\u00e1 la suma de las columnas <span class=\"progress\">(1)<\/span> y <span class=\"progress\">(4)<\/span>. <\/p>\n<\/div>\n<p>&nbsp;<\/p>\n","protected":false},"excerpt":{"rendered":"<p>En este pr\u00e9stamo los intereses se har\u00e1n efectivos fraccionadamente dentro del per\u00edodo de amortizaci\u00f3n, mientras que las cuotas de amortizaci\u00f3n constantes no se fraccionan y se abonan al final del per\u00edodo. Considerando que el importe del pr\u00e9stamo es C0, amortizable en n pagos, con un tipo de inter\u00e9s constante i, expresado en la unidad en [&hellip;]<\/p>\n","protected":false},"author":27,"featured_media":0,"parent":0,"menu_order":4091,"comment_status":"closed","ping_status":"closed","template":"","meta":{"footnotes":""},"yoast_head":"<!-- This site is optimized with the Yoast SEO plugin v22.9 - https:\/\/yoast.com\/wordpress\/plugins\/seo\/ -->\n<title>9.1. Pr\u00e9stamo fraccionado con cuota de amortizaci\u00f3n constante - Blog de ADE<\/title>\n<meta name=\"robots\" content=\"index, follow, max-snippet:-1, max-image-preview:large, max-video-preview:-1\" \/>\n<link rel=\"canonical\" href=\"https:\/\/blogs.udima.es\/administracion-y-direccion-de-empresas\/9-1-prestamo-fraccionado-con-cuota-amortizacion-constante-html\/\" \/>\n<meta property=\"og:locale\" content=\"es_ES\" \/>\n<meta property=\"og:type\" content=\"article\" \/>\n<meta property=\"og:title\" content=\"9.1. Pr\u00e9stamo fraccionado con cuota de amortizaci\u00f3n constante - Blog de ADE\" \/>\n<meta property=\"og:description\" content=\"En este pr\u00e9stamo los intereses se har\u00e1n efectivos fraccionadamente dentro del per\u00edodo de amortizaci\u00f3n, mientras que las cuotas de amortizaci\u00f3n constantes no se fraccionan y se abonan al final del per\u00edodo. Considerando que el importe del pr\u00e9stamo es C0, amortizable en n pagos, con un tipo de inter\u00e9s constante i, expresado en la unidad en [&hellip;]\" \/>\n<meta property=\"og:url\" content=\"https:\/\/blogs.udima.es\/administracion-y-direccion-de-empresas\/9-1-prestamo-fraccionado-con-cuota-amortizacion-constante-html\/\" \/>\n<meta property=\"og:site_name\" content=\"Blog de ADE - Universidad a Distancia de Madrid | UDIMA\" \/>\n<meta property=\"article:modified_time\" content=\"2016-07-15T11:44:59+00:00\" \/>\n<meta property=\"og:image\" content=\"https:\/\/blogs.udima.es\/administracion-y-direccion-de-empresas\/images_book\/p283-01.png\" \/>\n<meta name=\"twitter:card\" content=\"summary_large_image\" \/>\n<meta name=\"twitter:label1\" content=\"Tiempo de lectura\" \/>\n\t<meta name=\"twitter:data1\" content=\"4 minutos\" \/>\n<script type=\"application\/ld+json\" class=\"yoast-schema-graph\">{\"@context\":\"https:\/\/schema.org\",\"@graph\":[{\"@type\":\"WebPage\",\"@id\":\"https:\/\/blogs.udima.es\/administracion-y-direccion-de-empresas\/9-1-prestamo-fraccionado-con-cuota-amortizacion-constante-html\/\",\"url\":\"https:\/\/blogs.udima.es\/administracion-y-direccion-de-empresas\/9-1-prestamo-fraccionado-con-cuota-amortizacion-constante-html\/\",\"name\":\"9.1. Pr\u00e9stamo fraccionado con cuota de amortizaci\u00f3n constante - Blog de ADE\",\"isPartOf\":{\"@id\":\"https:\/\/blogs.udima.es\/administracion-y-direccion-de-empresas\/#website\"},\"primaryImageOfPage\":{\"@id\":\"https:\/\/blogs.udima.es\/administracion-y-direccion-de-empresas\/9-1-prestamo-fraccionado-con-cuota-amortizacion-constante-html\/#primaryimage\"},\"image\":{\"@id\":\"https:\/\/blogs.udima.es\/administracion-y-direccion-de-empresas\/9-1-prestamo-fraccionado-con-cuota-amortizacion-constante-html\/#primaryimage\"},\"thumbnailUrl\":\"https:\/\/blogs.udima.es\/administracion-y-direccion-de-empresas\/images_book\/p283-01.png\",\"datePublished\":\"2016-07-15T11:43:27+00:00\",\"dateModified\":\"2016-07-15T11:44:59+00:00\",\"breadcrumb\":{\"@id\":\"https:\/\/blogs.udima.es\/administracion-y-direccion-de-empresas\/9-1-prestamo-fraccionado-con-cuota-amortizacion-constante-html\/#breadcrumb\"},\"inLanguage\":\"es\",\"potentialAction\":[{\"@type\":\"ReadAction\",\"target\":[\"https:\/\/blogs.udima.es\/administracion-y-direccion-de-empresas\/9-1-prestamo-fraccionado-con-cuota-amortizacion-constante-html\/\"]}]},{\"@type\":\"ImageObject\",\"inLanguage\":\"es\",\"@id\":\"https:\/\/blogs.udima.es\/administracion-y-direccion-de-empresas\/9-1-prestamo-fraccionado-con-cuota-amortizacion-constante-html\/#primaryimage\",\"url\":\"https:\/\/blogs.udima.es\/administracion-y-direccion-de-empresas\/images_book\/p283-01.png\",\"contentUrl\":\"https:\/\/blogs.udima.es\/administracion-y-direccion-de-empresas\/images_book\/p283-01.png\"},{\"@type\":\"BreadcrumbList\",\"@id\":\"https:\/\/blogs.udima.es\/administracion-y-direccion-de-empresas\/9-1-prestamo-fraccionado-con-cuota-amortizacion-constante-html\/#breadcrumb\",\"itemListElement\":[{\"@type\":\"ListItem\",\"position\":1,\"name\":\"Portada\",\"item\":\"https:\/\/blogs.udima.es\/administracion-y-direccion-de-empresas\/\"},{\"@type\":\"ListItem\",\"position\":2,\"name\":\"9.1. Pr\u00e9stamo fraccionado con cuota de amortizaci\u00f3n constante\"}]},{\"@type\":\"WebSite\",\"@id\":\"https:\/\/blogs.udima.es\/administracion-y-direccion-de-empresas\/#website\",\"url\":\"https:\/\/blogs.udima.es\/administracion-y-direccion-de-empresas\/\",\"name\":\"Blog de ADE - Universidad a Distancia de Madrid | UDIMA\",\"description\":\"\",\"potentialAction\":[{\"@type\":\"SearchAction\",\"target\":{\"@type\":\"EntryPoint\",\"urlTemplate\":\"https:\/\/blogs.udima.es\/administracion-y-direccion-de-empresas\/?s={search_term_string}\"},\"query-input\":\"required name=search_term_string\"}],\"inLanguage\":\"es\"}]}<\/script>\n<!-- \/ Yoast SEO plugin. -->","yoast_head_json":{"title":"9.1. Pr\u00e9stamo fraccionado con cuota de amortizaci\u00f3n constante - Blog de ADE","robots":{"index":"index","follow":"follow","max-snippet":"max-snippet:-1","max-image-preview":"max-image-preview:large","max-video-preview":"max-video-preview:-1"},"canonical":"https:\/\/blogs.udima.es\/administracion-y-direccion-de-empresas\/9-1-prestamo-fraccionado-con-cuota-amortizacion-constante-html\/","og_locale":"es_ES","og_type":"article","og_title":"9.1. Pr\u00e9stamo fraccionado con cuota de amortizaci\u00f3n constante - Blog de ADE","og_description":"En este pr\u00e9stamo los intereses se har\u00e1n efectivos fraccionadamente dentro del per\u00edodo de amortizaci\u00f3n, mientras que las cuotas de amortizaci\u00f3n constantes no se fraccionan y se abonan al final del per\u00edodo. Considerando que el importe del pr\u00e9stamo es C0, amortizable en n pagos, con un tipo de inter\u00e9s constante i, expresado en la unidad en [&hellip;]","og_url":"https:\/\/blogs.udima.es\/administracion-y-direccion-de-empresas\/9-1-prestamo-fraccionado-con-cuota-amortizacion-constante-html\/","og_site_name":"Blog de ADE - Universidad a Distancia de Madrid | UDIMA","article_modified_time":"2016-07-15T11:44:59+00:00","og_image":[{"url":"https:\/\/blogs.udima.es\/administracion-y-direccion-de-empresas\/images_book\/p283-01.png"}],"twitter_card":"summary_large_image","twitter_misc":{"Tiempo de lectura":"4 minutos"},"schema":{"@context":"https:\/\/schema.org","@graph":[{"@type":"WebPage","@id":"https:\/\/blogs.udima.es\/administracion-y-direccion-de-empresas\/9-1-prestamo-fraccionado-con-cuota-amortizacion-constante-html\/","url":"https:\/\/blogs.udima.es\/administracion-y-direccion-de-empresas\/9-1-prestamo-fraccionado-con-cuota-amortizacion-constante-html\/","name":"9.1. Pr\u00e9stamo fraccionado con cuota de amortizaci\u00f3n constante - Blog de ADE","isPartOf":{"@id":"https:\/\/blogs.udima.es\/administracion-y-direccion-de-empresas\/#website"},"primaryImageOfPage":{"@id":"https:\/\/blogs.udima.es\/administracion-y-direccion-de-empresas\/9-1-prestamo-fraccionado-con-cuota-amortizacion-constante-html\/#primaryimage"},"image":{"@id":"https:\/\/blogs.udima.es\/administracion-y-direccion-de-empresas\/9-1-prestamo-fraccionado-con-cuota-amortizacion-constante-html\/#primaryimage"},"thumbnailUrl":"https:\/\/blogs.udima.es\/administracion-y-direccion-de-empresas\/images_book\/p283-01.png","datePublished":"2016-07-15T11:43:27+00:00","dateModified":"2016-07-15T11:44:59+00:00","breadcrumb":{"@id":"https:\/\/blogs.udima.es\/administracion-y-direccion-de-empresas\/9-1-prestamo-fraccionado-con-cuota-amortizacion-constante-html\/#breadcrumb"},"inLanguage":"es","potentialAction":[{"@type":"ReadAction","target":["https:\/\/blogs.udima.es\/administracion-y-direccion-de-empresas\/9-1-prestamo-fraccionado-con-cuota-amortizacion-constante-html\/"]}]},{"@type":"ImageObject","inLanguage":"es","@id":"https:\/\/blogs.udima.es\/administracion-y-direccion-de-empresas\/9-1-prestamo-fraccionado-con-cuota-amortizacion-constante-html\/#primaryimage","url":"https:\/\/blogs.udima.es\/administracion-y-direccion-de-empresas\/images_book\/p283-01.png","contentUrl":"https:\/\/blogs.udima.es\/administracion-y-direccion-de-empresas\/images_book\/p283-01.png"},{"@type":"BreadcrumbList","@id":"https:\/\/blogs.udima.es\/administracion-y-direccion-de-empresas\/9-1-prestamo-fraccionado-con-cuota-amortizacion-constante-html\/#breadcrumb","itemListElement":[{"@type":"ListItem","position":1,"name":"Portada","item":"https:\/\/blogs.udima.es\/administracion-y-direccion-de-empresas\/"},{"@type":"ListItem","position":2,"name":"9.1. Pr\u00e9stamo fraccionado con cuota de amortizaci\u00f3n constante"}]},{"@type":"WebSite","@id":"https:\/\/blogs.udima.es\/administracion-y-direccion-de-empresas\/#website","url":"https:\/\/blogs.udima.es\/administracion-y-direccion-de-empresas\/","name":"Blog de ADE - Universidad a Distancia de Madrid | UDIMA","description":"","potentialAction":[{"@type":"SearchAction","target":{"@type":"EntryPoint","urlTemplate":"https:\/\/blogs.udima.es\/administracion-y-direccion-de-empresas\/?s={search_term_string}"},"query-input":"required name=search_term_string"}],"inLanguage":"es"}]}},"_links":{"self":[{"href":"https:\/\/blogs.udima.es\/administracion-y-direccion-de-empresas\/wp-json\/wp\/v2\/pages\/1936"}],"collection":[{"href":"https:\/\/blogs.udima.es\/administracion-y-direccion-de-empresas\/wp-json\/wp\/v2\/pages"}],"about":[{"href":"https:\/\/blogs.udima.es\/administracion-y-direccion-de-empresas\/wp-json\/wp\/v2\/types\/page"}],"author":[{"embeddable":true,"href":"https:\/\/blogs.udima.es\/administracion-y-direccion-de-empresas\/wp-json\/wp\/v2\/users\/27"}],"replies":[{"embeddable":true,"href":"https:\/\/blogs.udima.es\/administracion-y-direccion-de-empresas\/wp-json\/wp\/v2\/comments?post=1936"}],"version-history":[{"count":3,"href":"https:\/\/blogs.udima.es\/administracion-y-direccion-de-empresas\/wp-json\/wp\/v2\/pages\/1936\/revisions"}],"predecessor-version":[{"id":1941,"href":"https:\/\/blogs.udima.es\/administracion-y-direccion-de-empresas\/wp-json\/wp\/v2\/pages\/1936\/revisions\/1941"}],"wp:attachment":[{"href":"https:\/\/blogs.udima.es\/administracion-y-direccion-de-empresas\/wp-json\/wp\/v2\/media?parent=1936"}],"curies":[{"name":"wp","href":"https:\/\/api.w.org\/{rel}","templated":true}]}}