{"id":1930,"date":"2016-07-15T11:38:27","date_gmt":"2016-07-15T11:38:27","guid":{"rendered":"http:\/\/blogs.udima.es\/administracion-y-direccion-de-empresas\/?page_id=1930"},"modified":"2016-07-15T11:39:49","modified_gmt":"2016-07-15T11:39:49","slug":"concepto-generalidades-p7-htm","status":"publish","type":"page","link":"https:\/\/blogs.udima.es\/administracion-y-direccion-de-empresas\/concepto-generalidades-p7-htm\/","title":{"rendered":"1. Concepto. Generalidades"},"content":{"rendered":"<p>Los empr\u00e9stitos surgen cuando las necesidades de financiaci\u00f3n son tan elevadas que resulta dif\u00edcil obtener los fondos de un solo acreedor. Por ello se opta por fraccionar la deuda en peque\u00f1os pr\u00e9stamos, representados en t\u00edtulos, que son suscritos por un n\u00famero elevado de prestamistas (obligacionistas o bonistas). As\u00ed, se puede definir el empr\u00e9stito como un macro-pr\u00e9stamo de cuant\u00eda elevada que para facilitar el concurso de muchos acreedores se divide en partes iguales, las cuales se instrumentan en t\u00edtulos. Cada una de las cuales recoge las condiciones generales del empr\u00e9stito:<\/p>\n<ul>\n<li> El nombre, capital, objeto y domicilio del emisor.<\/li>\n<li> El valor nominal, intereses, vencimientos, primas y lote de obligaciones, si las tuviera.<\/li>\n<li> Garant\u00edas de la emisi\u00f3n.<\/li>\n<\/ul>\n<p>Los t\u00edtulos incorporan un derecho de cobro de intereses y recuperaci\u00f3n del nominal para el titular o poseedor del t\u00edtulo. Estos derechos se convierten en la obligaci\u00f3n para la sociedad emisora que se materializa en el pago de inter\u00e9s y devoluci\u00f3n del nominal.<\/p>\n<p>En el lenguaje financiero la parte igualitaria del empr\u00e9stito se reconoce con varios nombres: t\u00edtulo-valor, t\u00edtulo, obligaciones, t\u00edtulo de la obligaci\u00f3n si la emisi\u00f3n se hace a m\u00e1s de cinco a\u00f1os y bonos cuando la emisi\u00f3n es a cinco o menos a\u00f1os.<\/p>\n<h2>1.1. PERSONAS QUE INTERVIENEN EN EL EMPR\u00c9STITO<\/h2>\n<ul>\n<li>  <span class=\"progress\">El prestatario. <\/span>Es el emisor, la entidad o sociedad que solicita dinero en pr\u00e9stamo emitiendo obligaciones que colocar\u00e1 en el mercado financiero. El prestatario \u00abvende\u00bb obligaciones a los ahorradores.<\/li>\n<li> <span class=\"progress\">El prestamista. <\/span>Es la persona f\u00edsica o jur\u00eddica que presta el dinero. Tambi\u00e9n se llama obligacionista (o bonista) porque \u00abcompra\u00bb obligaciones (o bonos).<\/li>\n<li> <span class=\"progress\">Intermediario financiero. <\/span>Es la entidad que canaliza y hace coincidir los intereses y deseos de la sociedad que emite el empr\u00e9stito y de los ahorradores que desean rentabilizar sus ahorros.\n<p>    Normalmente son las entidades bancarias quienes colocan entre sus clientes el conjunto de obligaciones de un empr\u00e9stito, cobrando una comisi\u00f3n por ello.<\/li>\n<\/ul>\n<h2>1.2. TERMINOLOG\u00cdA<\/h2>\n<p> c: Valor nominal de un t\u00edtulo (obligaci\u00f3n o bono).<br \/>\n    n: Duraci\u00f3n del empr\u00e9stito.<br \/>\n    i: Tipo de inter\u00e9s del empr\u00e9stito.<br \/>\n    c x i: Cup\u00f3n o inter\u00e9s peri\u00f3dico de un t\u00edtulo.<br \/>\n    N<sub>1<\/sub>: N\u00famero de t\u00edtulos que componen la emisi\u00f3n de un empr\u00e9stito.<br \/>\n    N<sub>k<\/sub>:<br \/>\n    N\u00famero de t\u00edtulos en circulaci\u00f3n (pendientes de amortizar) a comienzos del per\u00edodo k.<br \/>\n    M<sub>k<\/sub>: N\u00famero de t\u00edtulos que se amortizan al final del per\u00edodo k.<br \/>\n    m<sub>k<\/sub>:<br \/>\n    Total acumulado de t\u00edtulos amortizados despu\u00e9s de k sorteos, incluidos los del per\u00edodo k.<br \/>\n    a<sub>k<\/sub>:<br \/>\n    T\u00e9rmino amortizativo del per\u00edodo k. Es la contraprestaci\u00f3n que la entidad emisora ha de pagar al final del per\u00edodo k.<br \/>\n    c x N<sub>1<\/sub>: Valor nominal del empr\u00e9stito.<br \/>\n    V:<br \/>\n  Precio de emisi\u00f3n de un t\u00edtulo. Es la cantidad realmente pagada por el obligacionista cuando adquiere el t\u00edtulo.<\/p>\n<p>Si c = V &#8212;&#8212;&#8212;&#8212;&#8211; &gt; Emisi\u00f3n a la par<br \/>\n      Si c &gt; V &#8212;&#8212;&#8212;&#8212;&#8211; &gt; Emisi\u00f3n bajo par<br \/>\n    Siendo p<sub>e<\/sub> la prima de emisi\u00f3n &#8212;&#8212;&#8212;&#8212;&#8211; &gt; p<sub>e<\/sub> = c \u2013 V<\/p>\n<p> V x N<sub>1<\/sub>:<br \/>\n    Valor de emisi\u00f3n del empr\u00e9stito. Resultante de multiplicar el n\u00famero de t\u00edtulos emitidos por el precio de emisi\u00f3n de \u00e9stos. <\/p>\n<h2>1.3.<br \/>\n  PRINCIPALES DERECHOS ECON\u00d3MICOS DE LOS OBLIGACIONISTAS<\/h2>\n<p> Todo obligacionista tiene, como m\u00ednimo, los siguientes derechos:<\/p>\n<ol class=\"lalpha\">\n<li> <span class=\"progress\">Cobro de intereses.<\/span> Se puede convenir que los intereses se abonen:\n<p>    \u2022 Peri\u00f3dicamente, los intereses los cobran los t\u00edtulos que en ese momento est\u00e1n en circulaci\u00f3n. Es lo que se conoce como emisiones de cup\u00f3n peri\u00f3dico.<br \/>\n    \u2022 De una sola vez, cobrando los intereses aquellos t\u00edtulos que resulten amortizados en cada per\u00edodo. Es lo que se conoce como emisiones de cup\u00f3n acumulado.<br \/>\n  Puede ocurrir que todos o parte de los t\u00edtulos que resulten amortizados en cada per\u00edodo pierdan el derecho de cobro del cup\u00f3n correspondiente al per\u00edodo del sorteo. Es lo que se denomina amortizaci\u00f3n seca o amortizaci\u00f3n ex-cup\u00f3n.\n  <\/li>\n<li><span class=\"progress\"> Recuperaci\u00f3n del dinero prestado.<\/span> La sociedad emisora deber\u00e1 reembolsar el importe de las obligaciones en las condiciones fijadas en el momento de la emisi\u00f3n. Dicha cantidad se denomina valor de reembolso del t\u00edtulo (c<sub>k<\/sub>), pudiendo ocurrir:\n<p>    c<sub>k<\/sub> = c  &#8212;&#8212;&#8212;&#8212;&#8211; &gt; Amortizaci\u00f3n a la par<br \/>\n    c<sub>k<\/sub> = c + p  &#8212;&#8212;&#8212; &gt; Amortizaci\u00f3n sobre la par (con prima)<br \/>\n    siendo p = Prima de amortizaci\u00f3n o reembolso<\/li>\n<\/ol>\n<p><em>Clases de amortizaci\u00f3n:<\/em><\/p>\n<p> A efectos de determinar el n\u00famero de t\u00edtulos que han de retirarse de la circulaci\u00f3n caben dos posibilidades:<\/p>\n<ol>\n<li><em> Amortizaci\u00f3n por sorteo. <\/em>Peri\u00f3dicamente, previo sorteo, se amortiza un n\u00famero determinado de t\u00edtulos.<\/li>\n<li><em> Amortizaci\u00f3n \u00fanica.<\/em> Todos los t\u00edtulos se amortizan de una sola vez al final de la vida del empr\u00e9stito.<\/li>\n<\/ol>\n<p>Adem\u00e1s de los derechos anteriores, algunos t\u00edtulos tendr\u00e1n derecho a un lote (L). Se trata de una cantidad que reciben parte de las obligaciones que resultan amortizadas en un per\u00edodo en concepto de premio. Puede ser fijo o variable.<\/p>\n<h2>1.4.<br \/>\nPROBLEM\u00c1TICA DE LOS GASTOS DEL EMISOR DE UN EMPR\u00c9STITO<\/h2>\n<p> En toda emisi\u00f3n se pueden distinguir dos tipos de gastos:<\/p>\n<ol class=\"lalpha\">\n<li><span class=\"progress\"> Gastos iniciales (G)\n<p>  <\/span>Se caracterizan por: <\/p>\n<p>  \u2022 Ser gastos inherentes a la emisi\u00f3n (registros, publicidad, &#8230;).<br \/>\n  \u2022 A efecto del c\u00e1lculo financiero se consideran en el momento de la emisi\u00f3n, con independencia de d\u00f3nde se produzcan.\n  <\/li>\n<li><span class=\"progress\"> Gastos de administraci\u00f3n (g)<\/span>\n<p>    Se caracterizan por: <\/p>\n<p>    \u2022 Tratarse de una comisi\u00f3n peri\u00f3dica que reciben las entidades que prestan el \u00abservicio financiero\u00bb del empr\u00e9stito, es decir, por encargarse del pago de cupones, realizaci\u00f3n de sorteos, amortizaci\u00f3n de t\u00edtulos, &#8230;<br \/>\n    \u2022 Se pueden calcular de varias formas:<br \/>\n    \u2013 Sobre las cantidades pagadas anualmente a los obligacionistas.<br \/>\n    \u2013 Sobre las cantidades destinadas al pago de cupones.<br \/>\n  \u2013 Sobre las cantidades destinadas a amortizaci\u00f3n, &#8230;<\/li>\n<\/ol>\n<h2>1.5. PLANTEAMIENTO INICIAL DEL EMISOR<\/h2>\n<p> Cuando una sociedad decide emitir un empr\u00e9stito conoce la cuant\u00eda de las necesidades financieras que tiene y pretende obtener con los t\u00edtulos que va a poner en circulaci\u00f3n. Asimismo, la emisi\u00f3n supone gastos (gastos de emisi\u00f3n) que tambi\u00e9n precisar\u00e1n ser financiados, por lo tanto, el valor de emisi\u00f3n ha de cubrir dichas cuant\u00edas. Por esto, en toda emisi\u00f3n se cumplir\u00e1 la siguiente expresi\u00f3n, desde el punto de vista del emisor:<\/p>\n<p>&nbsp;<\/p>\n<table border=\"1\" align=\"center\" cellpadding=\"5\" cellspacing=\"0\">\n<tr>\n<td>Necesidades financieras + Gastos de emisi\u00f3n = Valor emisi\u00f3n del empr\u00e9stito<br \/>\n &nbsp;&nbsp;&nbsp;&nbsp;&nbsp; &nbsp;&nbsp;&nbsp;&nbsp;&nbsp; &nbsp;&nbsp;&nbsp;&nbsp;&nbsp;(E) &nbsp;&nbsp;&nbsp;&nbsp;&nbsp; &nbsp;&nbsp;&nbsp;&nbsp;&nbsp; &nbsp;&nbsp;&nbsp;&nbsp;&nbsp; &nbsp;&nbsp;&nbsp;&nbsp;&nbsp; &nbsp; &nbsp;&nbsp;&nbsp;&nbsp;&nbsp;(G)  &nbsp;&nbsp;&nbsp;&nbsp;&nbsp; &nbsp;&nbsp;&nbsp;&nbsp;&nbsp; &nbsp;&nbsp;&nbsp;&nbsp;&nbsp; &nbsp;&nbsp;&nbsp;&nbsp;&nbsp; &nbsp;&nbsp;&nbsp;&nbsp;&nbsp; &nbsp;&nbsp;&nbsp;(V x N1)<\/td>\n<\/tr>\n<\/table>\n<p>&nbsp;<\/p>\n<p> A la hora de hacer el estudio de los empr\u00e9stitos nos centraremos en el punto de vista del emisor, ocup\u00e1ndonos de c\u00f3mo devuelve la deuda contra\u00edda (cuadro de amortizaci\u00f3n del empr\u00e9stito). No obstante, en la parte final del cap\u00edtulo se realizar\u00e1 un estudio desde la \u00f3ptica del obligacionista (valoraci\u00f3n de t\u00edtulos).<\/p>\n<p> En este sentido, los pagos que el emisor debe realizar vendr\u00e1n dados en funci\u00f3n del ritmo de amortizaci\u00f3n de los t\u00edtulos emitidos y, en consecuencia, de los t\u00edtulos que permanecen en circulaci\u00f3n en cada momento de tiempo. Conocidos los t\u00edtulos a amortizar y los que a\u00fan se encuentran en circulaci\u00f3n, y las cuant\u00edas que se han de pagar a unos y otros, el emisor podr\u00e1 construir el cuadro de pagos a realizar a lo largo de la operaci\u00f3n. <\/p>\n<p>&nbsp;<\/p>\n<div class=\"ejemplo\">\n<p><strong>EJEMPLO 1 <\/strong><\/p>\n<p>Construir el cuadro de amortizaci\u00f3n del siguiente empr\u00e9stito:<\/p>\n<ul>\n<li> T\u00edtulos emitidos: 9.000.<\/li>\n<li> Duraci\u00f3n: 3 a\u00f1os.<\/li>\n<li> Nominal t\u00edtulo: 1.000 euros.<\/li>\n<li> Cup\u00f3n anual vencido: 100 euros que cobran los t\u00edtulos en circulaci\u00f3n.<\/li>\n<li> Amortizaci\u00f3n de los t\u00edtulos por el nominal:<br \/>\n      \u2013 A\u00f1o 1: 1.000 t\u00edtulos.<br \/>\n      \u2013 A\u00f1o 2: 3.000 t\u00edtulos.<br \/>\n      \u2013 A\u00f1o 3: 5.000 t\u00edtulos.<\/li>\n<\/ul>\n<p class=\"progress\">Se pide:<\/p>\n<p> Cuadro de amortizaci\u00f3n.<\/p>\n<p class=\"progress\">Soluci\u00f3n:<\/p>\n<p> Gr\u00e1ficamente, el esquema de cobros y pagos del empr\u00e9stito ser\u00e1:<\/p>\n<p>&nbsp;<\/p>\n<p><img loading=\"lazy\" decoding=\"async\" src=\"https:\/\/blogs.udima.es\/administracion-y-direccion-de-empresas\/images_book\/p380-01.png\" width=\"535\" height=\"175\" \/><\/p>\n<p>&nbsp;<\/p>\n<table border=\"1\" align=\"center\" cellpadding=\"5\" cellspacing=\"0\">\n<tr>\n<td>\n<div align=\"center\"><\/div>\n<\/td>\n<td>\n<div align=\"center\" class=\"progress\">(1) <\/div>\n<\/td>\n<td>\n<div align=\"center\" class=\"progress\">(2)<\/div>\n<\/td>\n<td>\n<div align=\"center\" class=\"progress\">(3) <\/div>\n<\/td>\n<td>\n<div align=\"center\" class=\"progress\">(4) = (1) x 100 <\/div>\n<\/td>\n<td>\n<div align=\"center\" class=\"progress\">(5) = (2) x 1.000 <\/div>\n<\/td>\n<td>\n<div align=\"center\" class=\"progress\">(6) = (4) + (5)<\/div>\n<\/td>\n<\/tr>\n<tr>\n<td>\n<div align=\"center\" class=\"progress\">A\u00f1o<\/div>\n<\/td>\n<td>\n<div align=\"center\" class=\"progress\">T\u00edtulos vivos<\/div>\n<\/td>\n<td>\n<div align=\"center\" class=\"progress\">T\u00edtulos amortiz.<\/div>\n<\/td>\n<td>\n<div align=\"center\" class=\"progress\">Total <br \/>\n  T. amort. <\/div>\n<\/td>\n<td>\n<div align=\"center\" class=\"progress\">Intereses <\/div>\n<\/td>\n<td>\n<div align=\"center\" class=\"progress\">Amortizaci\u00f3n <\/div>\n<\/td>\n<td>\n<div align=\"center\" class=\"progress\">T\u00e9rmino amortizativo<\/div>\n<\/td>\n<\/tr>\n<tr>\n<td>\n<div align=\"center\">1<br \/>\n  2<br \/>\n  3 <\/div>\n<\/td>\n<td>\n<div align=\"right\">9.000<br \/>\n      8.000<br \/>\n      5.000 <\/div>\n<\/td>\n<td>\n<div align=\"right\">1.000<br \/> <br \/>\n      3.000<br \/>\n      5.000 <\/div>\n<\/td>\n<td>\n<div align=\"right\">1.000<br \/> <br \/>\n      4.000<br \/>\n      9.000 <\/div>\n<\/td>\n<td>\n<div align=\"right\">900.000<br \/> <br \/>\n      800.000<br \/> <br \/>\n      500.000 <\/div>\n<\/td>\n<td>\n<div align=\"right\">1.000.000<br \/>\n      3.000.000<br \/>\n      5.000.000 <\/div>\n<\/td>\n<td>\n<div align=\"right\">1.900.000<br \/>\n      3.800.000<br \/>\n      5.500.000<\/div>\n<\/td>\n<\/tr>\n<\/table>\n<p>&nbsp;<\/p>\n<p>    <span class=\"progress\">(1)<\/span>    T\u00edtulos que a\u00fan quedan en circulaci\u00f3n al principio de cada a\u00f1o.<br \/>\n    <span class=\"progress\">(2)<\/span>    N\u00famero de t\u00edtulos que resultan amortizados en cada sorteo, realizado al final de cada a\u00f1o.<br \/>\n    <span class=\"progress\">(3)<\/span>    Total de t\u00edtulos amortizados despu\u00e9s de cada sorteo, es decir, los t\u00edtulos que desde la emisi\u00f3n ya han resultado retirados de la circulaci\u00f3n.<br \/>\n    <span class=\"progress\">(4)<\/span>    Cantidad que, en concepto de intereses, paga el emisor al final de cada per\u00edodo. El importe es el resultado de pagar el cup\u00f3n acordado en la emisi\u00f3n (100 euros) a cada uno de los t\u00edtulos que durante ese per\u00edodo (a\u00f1o) han estado en circulaci\u00f3n.<br \/>\n    <span class=\"progress\">(5)<\/span>    Cuant\u00eda destinada por el emisor para retirar de la circulaci\u00f3n los t\u00edtulos acordados. Es el valor de reembolso de los t\u00edtulos amortizados en cada sorteo.<br \/>\n    <span class=\"progress\">(6)<\/span>  Total pagado en cada per\u00edodo por el emisor del empr\u00e9stito por todos los conceptos (intereses y valor de reembolso).<\/p>\n<\/div>\n<p>&nbsp;<\/p>\n<p>  No obstante, puede ocurrir que el emisor no establezca directamente el n\u00famero de t\u00edtulos a amortizar en cada momento y, en consecuencia y de acuerdo con el importe de los cupones y valor de reembolso, las cuant\u00edas totales de los pagos a realizar en cada momento. Sino que lo que hace es determinar el importe total del pago (cuant\u00eda del t\u00e9rmino amortizativo) y, en funci\u00f3n de su composici\u00f3n (cupones, valor de reembolso, lotes,\u2026), se tendr\u00e1 que determinar el n\u00famero de t\u00edtulos a amortizar en cada momento y cu\u00e1ntos han de quedar en circulaci\u00f3n. Por eso es necesario plantear los diferentes tipos de empr\u00e9stitos con los que nos podemos encontrar.<\/p>\n<h2>1.6. CLASIFICACI\u00d3N DE LOS EMPR\u00c9STITOS<\/h2>\n<p> Para el desarrollo del cap\u00edtulo se tienen que seguir diferentes criterios de clasificaci\u00f3n a la hora de hacer el estudio de los empr\u00e9stitos. <\/p>\n<ol>\n<li> Atendiendo a la forma de pago de los intereses a los obligacionistas:\n<ol class=\"lalpha\">\n<li> Con pago peri\u00f3dico de intereses (obligaciones americanas): empr\u00e9stitos clase I.<br \/>\n        Asimismo, podremos diferenciar entre:<br \/>\n        \u2022 Cup\u00f3n peri\u00f3dico vencido, pagadero al final del per\u00edodo.<br \/>\n        \u2022 Cup\u00f3n peri\u00f3dico anticipado o prepagable, pagadero al principio del per\u00edodo.<\/li>\n<li> Con cup\u00f3n acumulado: empr\u00e9stitos clase II.<br \/>\n        Asimismo, podremos diferenciar entre:<br \/>\n        \u2022 Cup\u00f3n acumulado en simple, cuando se emplea para la acumulaci\u00f3n el r\u00e9gimen de capitalizaci\u00f3n simple de intereses.<br \/>\n        \u2022 Cup\u00f3n acumulado en compuesta, cuando se emplea para la acumulaci\u00f3n el r\u00e9gimen de capitalizaci\u00f3n de intereses compuesta.<\/li>\n<\/ol>\n<\/li>\n<li> Atendiendo a la cuant\u00eda del t\u00e9rmino amortizativo y del cup\u00f3n:\n<ol class=\"lalpha\">\n<li> T\u00e9rmino amortizativo constante y cup\u00f3n constante: empr\u00e9stitos tipo I.<\/li>\n<li> T\u00e9rmino amortizativo variable y cup\u00f3n constante: empr\u00e9stitos tipo II.<\/li>\n<li> T\u00e9rmino amortizativo variable y cup\u00f3n variable: empr\u00e9stitos tipo III.<\/li>\n<\/ol>\n<\/li>\n<li> Atendiendo a la composici\u00f3n del t\u00e9rmino amortizativo:\n<ol class=\"lalpha\">\n<li> Sin caracter\u00edsticas comerciales, \u00abnormal\u00bb o \u00abpuro\u00bb. Cuando el t\u00e9rmino amortizativo se destina exclusivamente al pago de cupones y reembolso de los t\u00edtulos amortizados por el nominal.<\/li>\n<li> Con caracter\u00edsticas comerciales. Cuando el t\u00e9rmino amortizativo se destina a algo m\u00e1s que a pagar el cup\u00f3n y amortizar por el nominal (prima de reembolso, lotes, amortizaci\u00f3n seca, gastos de administraci\u00f3n,\u2026).<\/li>\n<\/ol>\n<\/li>\n<\/ol>\n<p>Al desarrollar la primera parte del cap\u00edtulo se estudiar\u00e1 en primer lugar los empr\u00e9stitos desde el punto de vista del emisor, empezando por los empr\u00e9stitos clase I, de cup\u00f3n peri\u00f3dico vencido y, a continuaci\u00f3n, de cup\u00f3n peri\u00f3dico prepagable y, finalmente, de los empr\u00e9stitos de cup\u00f3n acumulado (empr\u00e9stitos clase II). En la segunda parte se estudiar\u00e1n estas operaciones desde el punto de vista, no del emisor, sino de quienes suscriben estos t\u00edtulos (los obligacionistas).<\/p>\n","protected":false},"excerpt":{"rendered":"<p>Los empr\u00e9stitos surgen cuando las necesidades de financiaci\u00f3n son tan elevadas que resulta dif\u00edcil obtener los fondos de un solo acreedor. Por ello se opta por fraccionar la deuda en peque\u00f1os pr\u00e9stamos, representados en t\u00edtulos, que son suscritos por un n\u00famero elevado de prestamistas (obligacionistas o bonistas). As\u00ed, se puede definir el empr\u00e9stito como un [&hellip;]<\/p>\n","protected":false},"author":27,"featured_media":0,"parent":0,"menu_order":5010,"comment_status":"closed","ping_status":"closed","template":"","meta":{"footnotes":""},"yoast_head":"<!-- This site is optimized with the Yoast SEO plugin v22.9 - https:\/\/yoast.com\/wordpress\/plugins\/seo\/ -->\n<title>1. Concepto. Generalidades - Blog de ADE<\/title>\n<meta name=\"robots\" content=\"index, follow, max-snippet:-1, max-image-preview:large, max-video-preview:-1\" \/>\n<link rel=\"canonical\" href=\"https:\/\/blogs.udima.es\/administracion-y-direccion-de-empresas\/concepto-generalidades-p7-htm\/\" \/>\n<meta property=\"og:locale\" content=\"es_ES\" \/>\n<meta property=\"og:type\" content=\"article\" \/>\n<meta property=\"og:title\" content=\"1. Concepto. Generalidades - Blog de ADE\" \/>\n<meta property=\"og:description\" content=\"Los empr\u00e9stitos surgen cuando las necesidades de financiaci\u00f3n son tan elevadas que resulta dif\u00edcil obtener los fondos de un solo acreedor. Por ello se opta por fraccionar la deuda en peque\u00f1os pr\u00e9stamos, representados en t\u00edtulos, que son suscritos por un n\u00famero elevado de prestamistas (obligacionistas o bonistas). As\u00ed, se puede definir el empr\u00e9stito como un [&hellip;]\" \/>\n<meta property=\"og:url\" content=\"https:\/\/blogs.udima.es\/administracion-y-direccion-de-empresas\/concepto-generalidades-p7-htm\/\" \/>\n<meta property=\"og:site_name\" content=\"Blog de ADE - Universidad a Distancia de Madrid | UDIMA\" \/>\n<meta property=\"article:modified_time\" content=\"2016-07-15T11:39:49+00:00\" \/>\n<meta property=\"og:image\" content=\"https:\/\/blogs.udima.es\/administracion-y-direccion-de-empresas\/images_book\/p380-01.png\" \/>\n<meta name=\"twitter:card\" content=\"summary_large_image\" \/>\n<meta name=\"twitter:label1\" content=\"Tiempo de lectura\" \/>\n\t<meta name=\"twitter:data1\" content=\"10 minutos\" \/>\n<script type=\"application\/ld+json\" class=\"yoast-schema-graph\">{\"@context\":\"https:\/\/schema.org\",\"@graph\":[{\"@type\":\"WebPage\",\"@id\":\"https:\/\/blogs.udima.es\/administracion-y-direccion-de-empresas\/concepto-generalidades-p7-htm\/\",\"url\":\"https:\/\/blogs.udima.es\/administracion-y-direccion-de-empresas\/concepto-generalidades-p7-htm\/\",\"name\":\"1. Concepto. Generalidades - Blog de ADE\",\"isPartOf\":{\"@id\":\"https:\/\/blogs.udima.es\/administracion-y-direccion-de-empresas\/#website\"},\"primaryImageOfPage\":{\"@id\":\"https:\/\/blogs.udima.es\/administracion-y-direccion-de-empresas\/concepto-generalidades-p7-htm\/#primaryimage\"},\"image\":{\"@id\":\"https:\/\/blogs.udima.es\/administracion-y-direccion-de-empresas\/concepto-generalidades-p7-htm\/#primaryimage\"},\"thumbnailUrl\":\"https:\/\/blogs.udima.es\/administracion-y-direccion-de-empresas\/images_book\/p380-01.png\",\"datePublished\":\"2016-07-15T11:38:27+00:00\",\"dateModified\":\"2016-07-15T11:39:49+00:00\",\"breadcrumb\":{\"@id\":\"https:\/\/blogs.udima.es\/administracion-y-direccion-de-empresas\/concepto-generalidades-p7-htm\/#breadcrumb\"},\"inLanguage\":\"es\",\"potentialAction\":[{\"@type\":\"ReadAction\",\"target\":[\"https:\/\/blogs.udima.es\/administracion-y-direccion-de-empresas\/concepto-generalidades-p7-htm\/\"]}]},{\"@type\":\"ImageObject\",\"inLanguage\":\"es\",\"@id\":\"https:\/\/blogs.udima.es\/administracion-y-direccion-de-empresas\/concepto-generalidades-p7-htm\/#primaryimage\",\"url\":\"https:\/\/blogs.udima.es\/administracion-y-direccion-de-empresas\/images_book\/p380-01.png\",\"contentUrl\":\"https:\/\/blogs.udima.es\/administracion-y-direccion-de-empresas\/images_book\/p380-01.png\"},{\"@type\":\"BreadcrumbList\",\"@id\":\"https:\/\/blogs.udima.es\/administracion-y-direccion-de-empresas\/concepto-generalidades-p7-htm\/#breadcrumb\",\"itemListElement\":[{\"@type\":\"ListItem\",\"position\":1,\"name\":\"Portada\",\"item\":\"https:\/\/blogs.udima.es\/administracion-y-direccion-de-empresas\/\"},{\"@type\":\"ListItem\",\"position\":2,\"name\":\"1. Concepto. Generalidades\"}]},{\"@type\":\"WebSite\",\"@id\":\"https:\/\/blogs.udima.es\/administracion-y-direccion-de-empresas\/#website\",\"url\":\"https:\/\/blogs.udima.es\/administracion-y-direccion-de-empresas\/\",\"name\":\"Blog de ADE - Universidad a Distancia de Madrid | UDIMA\",\"description\":\"\",\"potentialAction\":[{\"@type\":\"SearchAction\",\"target\":{\"@type\":\"EntryPoint\",\"urlTemplate\":\"https:\/\/blogs.udima.es\/administracion-y-direccion-de-empresas\/?s={search_term_string}\"},\"query-input\":\"required name=search_term_string\"}],\"inLanguage\":\"es\"}]}<\/script>\n<!-- \/ Yoast SEO plugin. -->","yoast_head_json":{"title":"1. Concepto. Generalidades - Blog de ADE","robots":{"index":"index","follow":"follow","max-snippet":"max-snippet:-1","max-image-preview":"max-image-preview:large","max-video-preview":"max-video-preview:-1"},"canonical":"https:\/\/blogs.udima.es\/administracion-y-direccion-de-empresas\/concepto-generalidades-p7-htm\/","og_locale":"es_ES","og_type":"article","og_title":"1. Concepto. Generalidades - Blog de ADE","og_description":"Los empr\u00e9stitos surgen cuando las necesidades de financiaci\u00f3n son tan elevadas que resulta dif\u00edcil obtener los fondos de un solo acreedor. Por ello se opta por fraccionar la deuda en peque\u00f1os pr\u00e9stamos, representados en t\u00edtulos, que son suscritos por un n\u00famero elevado de prestamistas (obligacionistas o bonistas). As\u00ed, se puede definir el empr\u00e9stito como un [&hellip;]","og_url":"https:\/\/blogs.udima.es\/administracion-y-direccion-de-empresas\/concepto-generalidades-p7-htm\/","og_site_name":"Blog de ADE - Universidad a Distancia de Madrid | UDIMA","article_modified_time":"2016-07-15T11:39:49+00:00","og_image":[{"url":"https:\/\/blogs.udima.es\/administracion-y-direccion-de-empresas\/images_book\/p380-01.png"}],"twitter_card":"summary_large_image","twitter_misc":{"Tiempo de lectura":"10 minutos"},"schema":{"@context":"https:\/\/schema.org","@graph":[{"@type":"WebPage","@id":"https:\/\/blogs.udima.es\/administracion-y-direccion-de-empresas\/concepto-generalidades-p7-htm\/","url":"https:\/\/blogs.udima.es\/administracion-y-direccion-de-empresas\/concepto-generalidades-p7-htm\/","name":"1. Concepto. Generalidades - Blog de ADE","isPartOf":{"@id":"https:\/\/blogs.udima.es\/administracion-y-direccion-de-empresas\/#website"},"primaryImageOfPage":{"@id":"https:\/\/blogs.udima.es\/administracion-y-direccion-de-empresas\/concepto-generalidades-p7-htm\/#primaryimage"},"image":{"@id":"https:\/\/blogs.udima.es\/administracion-y-direccion-de-empresas\/concepto-generalidades-p7-htm\/#primaryimage"},"thumbnailUrl":"https:\/\/blogs.udima.es\/administracion-y-direccion-de-empresas\/images_book\/p380-01.png","datePublished":"2016-07-15T11:38:27+00:00","dateModified":"2016-07-15T11:39:49+00:00","breadcrumb":{"@id":"https:\/\/blogs.udima.es\/administracion-y-direccion-de-empresas\/concepto-generalidades-p7-htm\/#breadcrumb"},"inLanguage":"es","potentialAction":[{"@type":"ReadAction","target":["https:\/\/blogs.udima.es\/administracion-y-direccion-de-empresas\/concepto-generalidades-p7-htm\/"]}]},{"@type":"ImageObject","inLanguage":"es","@id":"https:\/\/blogs.udima.es\/administracion-y-direccion-de-empresas\/concepto-generalidades-p7-htm\/#primaryimage","url":"https:\/\/blogs.udima.es\/administracion-y-direccion-de-empresas\/images_book\/p380-01.png","contentUrl":"https:\/\/blogs.udima.es\/administracion-y-direccion-de-empresas\/images_book\/p380-01.png"},{"@type":"BreadcrumbList","@id":"https:\/\/blogs.udima.es\/administracion-y-direccion-de-empresas\/concepto-generalidades-p7-htm\/#breadcrumb","itemListElement":[{"@type":"ListItem","position":1,"name":"Portada","item":"https:\/\/blogs.udima.es\/administracion-y-direccion-de-empresas\/"},{"@type":"ListItem","position":2,"name":"1. Concepto. Generalidades"}]},{"@type":"WebSite","@id":"https:\/\/blogs.udima.es\/administracion-y-direccion-de-empresas\/#website","url":"https:\/\/blogs.udima.es\/administracion-y-direccion-de-empresas\/","name":"Blog de ADE - Universidad a Distancia de Madrid | UDIMA","description":"","potentialAction":[{"@type":"SearchAction","target":{"@type":"EntryPoint","urlTemplate":"https:\/\/blogs.udima.es\/administracion-y-direccion-de-empresas\/?s={search_term_string}"},"query-input":"required name=search_term_string"}],"inLanguage":"es"}]}},"_links":{"self":[{"href":"https:\/\/blogs.udima.es\/administracion-y-direccion-de-empresas\/wp-json\/wp\/v2\/pages\/1930"}],"collection":[{"href":"https:\/\/blogs.udima.es\/administracion-y-direccion-de-empresas\/wp-json\/wp\/v2\/pages"}],"about":[{"href":"https:\/\/blogs.udima.es\/administracion-y-direccion-de-empresas\/wp-json\/wp\/v2\/types\/page"}],"author":[{"embeddable":true,"href":"https:\/\/blogs.udima.es\/administracion-y-direccion-de-empresas\/wp-json\/wp\/v2\/users\/27"}],"replies":[{"embeddable":true,"href":"https:\/\/blogs.udima.es\/administracion-y-direccion-de-empresas\/wp-json\/wp\/v2\/comments?post=1930"}],"version-history":[{"count":3,"href":"https:\/\/blogs.udima.es\/administracion-y-direccion-de-empresas\/wp-json\/wp\/v2\/pages\/1930\/revisions"}],"predecessor-version":[{"id":1932,"href":"https:\/\/blogs.udima.es\/administracion-y-direccion-de-empresas\/wp-json\/wp\/v2\/pages\/1930\/revisions\/1932"}],"wp:attachment":[{"href":"https:\/\/blogs.udima.es\/administracion-y-direccion-de-empresas\/wp-json\/wp\/v2\/media?parent=1930"}],"curies":[{"name":"wp","href":"https:\/\/api.w.org\/{rel}","templated":true}]}}