{"id":1923,"date":"2016-07-15T11:20:39","date_gmt":"2016-07-15T11:20:39","guid":{"rendered":"http:\/\/blogs.udima.es\/administracion-y-direccion-de-empresas\/?page_id=1923"},"modified":"2016-07-15T11:22:35","modified_gmt":"2016-07-15T11:22:35","slug":"sistema-de-amortizacion-sinking-fund-p35-htm","status":"publish","type":"page","link":"https:\/\/blogs.udima.es\/administracion-y-direccion-de-empresas\/sistema-de-amortizacion-sinking-fund-p35-htm\/","title":{"rendered":"10. Sistema de amortizaci\u00f3n Sinking-Fund"},"content":{"rendered":"<p>Tambi\u00e9n se le conoce con el nombre de sistema de amortizaci\u00f3n con fondo de amortizaci\u00f3n.<\/p>\n<p>Este sistema de amortizaci\u00f3n consiste en el pago peri\u00f3dico de los intereses al prestamista (pr\u00e9stamo americano), y al mismo tiempo una aportaci\u00f3n a un fondo para construir un capital, con el que cancelar el principal del pr\u00e9stamo americano a su vencimiento.<\/p>\n<p>Desde un punto de vista operativo, al mismo tiempo que se contrata el pr\u00e9stamo americano se abre un fondo asociado al pr\u00e9stamo. De esta forma, el prestatario de la operaci\u00f3n de amortizaci\u00f3n al mismo tiempo se le considera deudor en el pr\u00e9stamo americano y acreedor en fondo que est\u00e1 constituyendo para devolver el pr\u00e9stamo.<\/p>\n<p>Por tanto, los pagos a satisfacer por el prestatario pueden calcularse como suma de dos conceptos:<\/p>\n<ol class=\"lalpha\">\n<li> Los intereses de un pr\u00e9stamo de cuant\u00eda C<sub>0<\/sub> al tanto de inter\u00e9s i (constante o variable) estipulado en el contrato de pr\u00e9stamo, que ser\u00e1n siempre del mismo importe, C<sub>0<\/sub> x i (si el tipo no var\u00eda).<\/li>\n<li> La aportaci\u00f3n peri\u00f3dica a un fondo de una cuant\u00eda F, tal que invertida al tanto del fondo i&#8217;, generalmente menor que i, reproduzca al final de la vida del pr\u00e9stamo el capital C<sub>0<\/sub> que tiene que entregar al prestamista. <\/li>\n<\/ol>\n<p class=\"progress\">Datos necesarios para el desarrollo de la operaci\u00f3n<\/p>\n<ul>\n<li> Del pr\u00e9stamo:<br \/>\n<blockquote>\n<p>Importe: C<sub>0<\/sub>.<br \/>\n        Duraci\u00f3n: n.<br \/>\n        Tipo de inter\u00e9s: i.<br \/>\n        Sistema de amortizaci\u00f3n: americano.<\/p>\n<\/blockquote>\n<\/li>\n<li> Del fondo:<br \/>\n<blockquote>\n<p>Tipo de inter\u00e9s: i&#8217;.<br \/>\n        Frecuencia y cuant\u00eda (constante o variable) de las aportaciones.<br \/>\n        Duraci\u00f3n: por defecto, la del pr\u00e9stamo.<\/p>\n<\/blockquote>\n<\/li>\n<\/ul>\n<p>Por lo que se refiere al pr\u00e9stamo, los t\u00e9rminos amortizativos coincidir\u00e1n con la cuota de inter\u00e9s de cada per\u00edodo (C<sub>0<\/sub> x i), salvo en el \u00faltimo pago en el que se incrementa en el importe del principal (C<sub>0<\/sub> x i + C<sub>0<\/sub>).<\/p>\n<p> En cuanto al fondo que se va constituyendo para hacer frente a la devoluci\u00f3n del pr\u00e9stamo americano, \u00e9ste va creciendo por dos motivos: las aportaciones peri\u00f3dicas efectuadas y por los intereses que genera el saldo que permanece acumulado en el mismo. <\/p>\n<p>Para el c\u00e1lculo de las aportaciones al fondo se tendr\u00e1 en cuenta la equivalencia financiera entre las aportaciones efectuadas al fondo y el capital que se quiere constituir finalmente (el importe del pr\u00e9stamo), empleando como tanto el aplicado al propio fondo (nunca el del pr\u00e9stamo). Al final de la operaci\u00f3n se tiene que verificar lo siguiente:<\/p>\n<p>&nbsp; <\/p>\n<blockquote>\n<p><img loading=\"lazy\" decoding=\"async\" src=\"https:\/\/blogs.udima.es\/administracion-y-direccion-de-empresas\/images_book\/p299-01.png\" width=\"402\" height=\"66\" \/><\/p>\n<\/blockquote>\n<p>&nbsp;<\/p>\n<p>Gr\u00e1ficamente:<\/p>\n<p>&nbsp; <\/p>\n<blockquote>\n<p><img loading=\"lazy\" decoding=\"async\" src=\"https:\/\/blogs.udima.es\/administracion-y-direccion-de-empresas\/images_book\/p299-02.png\" width=\"452\" height=\"190\" \/><\/p>\n<\/blockquote>\n<p>&nbsp;<\/p>\n<p> De la equivalencia se obtiene una ecuaci\u00f3n donde el primer miembro es el valor final de la renta (constante o variable, seg\u00fan se establezca) formada por las aportaciones al fondo y donde la \u00fanica inc\u00f3gnita es el importe de las aportaciones a efectuar al fondo:<\/p>\n<p>&nbsp;<\/p>\n<blockquote>\n<p><img loading=\"lazy\" decoding=\"async\" src=\"https:\/\/blogs.udima.es\/administracion-y-direccion-de-empresas\/images_book\/p299-03.png\" width=\"89\" height=\"34\" \/><\/p>\n<\/blockquote>\n<p>&nbsp;<\/p>\n<p> De donde se obtiene la cuant\u00eda a aportar (F) \u2013en el caso de que \u00e9sta sea constante\u2013 o la primera de ellas \u2013en el caso de que las aportaciones constituyan renta en progresi\u00f3n geom\u00e9trica o aritm\u00e9tica\u2013 (F<sub>i<\/sub>).<\/p>\n<p> En cualquier caso, estas aportaciones al fondo de constituci\u00f3n no tienen la condici\u00f3n de cuota de amortizaci\u00f3n, porque el importe del pr\u00e9stamo no decrece en el tiempo, sino que permanece constante durante toda la vida del mismo (no hay amortizaci\u00f3n de capital).<\/p>\n<p>Gr\u00e1ficamente esta operaci\u00f3n conjunta pr\u00e9stamo-fondo se muestra en la siguiente figura (para tres per\u00edodos):<\/p>\n<p>&nbsp;<\/p>\n<blockquote>\n<p><img loading=\"lazy\" decoding=\"async\" src=\"https:\/\/blogs.udima.es\/administracion-y-direccion-de-empresas\/images_book\/p300-01.png\" width=\"455\" height=\"334\" \/><\/p>\n<\/blockquote>\n<p>&nbsp;<\/p>\n<p class=\"progress\">Estructura del cuadro del pr\u00e9stamo<\/p>\n<p>&nbsp; <\/p>\n<table border=\"1\" align=\"center\" cellpadding=\"5\" cellspacing=\"0\">\n<tr>\n<td width=\"118\">\n<div align=\"center\" class=\"progress\">Per\u00edodos<\/div>\n<\/td>\n<td width=\"137\">\n<div align=\"center\" class=\"progress\">T\u00e9rmino amortizativo<\/div>\n<\/td>\n<td width=\"66\">\n<div align=\"center\" class=\"progress\">Cuota de <br \/>\n   inter\u00e9s <\/div>\n<\/td>\n<td width=\"147\">\n<div align=\"center\" class=\"progress\">Cuota de amortizaci\u00f3n<\/div>\n<\/td>\n<td width=\"111\">\n<div align=\"center\" class=\"progress\">Total amortizado<\/div>\n<\/td>\n<td width=\"78\">\n<div align=\"center\" class=\"progress\">Capital   vivo<\/div>\n<\/td>\n<\/tr>\n<tr>\n<td>\n<div align=\"center\">0<br \/>\n  1<br \/>\n  2<br \/>\n  3 <\/div>\n<\/td>\n<td>\n<div align=\"center\">&#8211;<br \/>\n        I<sub>1<br \/>\n        <\/sub>I<sub>2<br \/>\n      <\/sub>I<sub>3<\/sub> + C<sub>0<\/sub><\/div>\n<\/td>\n<td>\n<div align=\"center\">&#8211;<br \/>\n        I<sub>1<br \/>\n        <\/sub>I<sub>2<br \/>\n      <\/sub>I<sub>3<\/sub><\/div>\n<\/td>\n<td>\n<div align=\"center\">&#8211;<br \/>\n      &#8211;<br \/>\n      &#8211;<br \/>\n    C<sub>0<\/sub><\/div>\n<\/td>\n<td>\n<div align=\"center\">&#8211;<br \/>\n        &#8211;<br \/>\n        &#8211;<br \/>\n      C<sub>0<\/sub><\/div>\n<\/td>\n<td>\n<div align=\"center\">C<sub>0<br \/>\n        <\/sub>C<sub>0<br \/>\n        <\/sub>C<sub>0<br \/>\n      <\/sub>C<sub>0<\/sub><\/div>\n<\/td>\n<\/tr>\n<\/table>\n<p>&nbsp;<\/p>\n<p class=\"progress\">Estructura del cuadro del fondo<\/p>\n<p>&nbsp; <\/p>\n<table border=\"1\" align=\"center\" cellpadding=\"5\" cellspacing=\"0\">\n<tr>\n<td>\n<div align=\"center\" class=\"progress\">Per\u00edodos   \n    <\/div>\n<\/td>\n<td>\n<div align=\"center\" class=\"progress\">Aportaci\u00f3n al fondo<\/div>\n<\/td>\n<td>\n<div align=\"center\" class=\"progress\">Intereses fondo<\/div>\n<\/td>\n<td>\n<div align=\"center\" class=\"progress\">Variaci\u00f3n anual del<br \/>\n  fondo<\/div>\n<\/td>\n<td>\n<div align=\"center\" class=\"progress\">Capital constituido<\/div>\n<\/td>\n<td>\n<div align=\"center\" class=\"progress\">Capital pendiente<\/div>\n<\/td>\n<\/tr>\n<tr>\n<td>\n<div align=\"center\">0<br \/>\n  1<br \/>\n  2<br \/>\n  3  <\/div>\n<\/td>\n<td>\n<div align=\"center\">&#8211;<br \/>\n        F<sub>1<\/sub> <br \/>\n      F<sub>2<br \/>\n    <\/sub>F<sub>3<\/sub> <\/div>\n<\/td>\n<td>\n<div align=\"center\">&#8211;<br \/>\n        &#8211;<br \/> <br \/>\n        I&#8217;<sub>2<br \/>\n        <\/sub>I&#8217;<sub>3<\/sub> <br \/> \n    <\/div>\n<\/td>\n<td>\n<div align=\"center\">&#8211;<br \/>\n      F<sub>1<br \/>\n      <\/sub>F<sub>2<\/sub> + I&#8217;<sub>2<br \/>\n    <\/sub>F<sub>3<\/sub> + I&#8217;<sub>3<\/sub><\/div>\n<\/td>\n<td>\n<div align=\"center\">&#8211;<br \/>\n      F<sub>1<br \/>\n      <\/sub>F<sub>1<\/sub> + F<sub>2<\/sub> + I&#8217;<sub>2<br \/>\n    <\/sub>F<sub>1<\/sub> + F<sub>2<\/sub> + I&#8217;<sub>2<\/sub> + F<sub>3<\/sub> + I&#8217;<sub>3<\/sub><\/div>\n<\/td>\n<td>\n<div align=\"center\">C<sub>0<br \/>\n      <\/sub>C<sub>0<\/sub> \u2013 F<sub>1<br \/>\n      <\/sub>C<sub>0<\/sub> \u2013 F<sub>1<\/sub> \u2013 F<sub>2<\/sub> \u2013 I&#8217;<sub>2<br \/>\n    <\/sub>C<sub>0<\/sub> \u2013 F<sub>1<\/sub> \u2013 F<sub>2<\/sub> \u2013 I&#8217;<sub>2<\/sub> \u2013 F<sub>3<\/sub> \u2013 I&#8217;<sub>3<\/sub><\/div>\n<\/td>\n<\/tr>\n<\/table>\n<p>&nbsp;<\/p>\n<div class=\"ejemplo\">\n<p><strong>EJEMPLO 12 <\/strong><\/p>\n<p>Construir el cuadro de amortizaci\u00f3n de un pr\u00e9stamo de 1.000 euros contratado al 15% de inter\u00e9s anual, amortiz\u00e1ndose el principal de una sola vez a los 4 a\u00f1os y pag\u00e1ndose anualmente los intereses. <\/p>\n<p>Sabiendo que el prestatario se compromete a realizar aportaciones anuales constantes y pospagables en un fondo que devenga intereses del 10% anual, construir el cuadro de constituci\u00f3n del capital, que permita hacer frente a la devoluci\u00f3n del pr\u00e9stamo anterior.<\/p>\n<p class=\"progress\">Cuadro de amortizaci\u00f3n del pr\u00e9stamo<\/p>\n<p>&nbsp;<\/p>\n<blockquote>\n<p><img loading=\"lazy\" decoding=\"async\" src=\"https:\/\/blogs.udima.es\/administracion-y-direccion-de-empresas\/images_book\/p301-01.png\" width=\"467\" height=\"120\" \/><\/p>\n<\/blockquote>\n<p>&nbsp;<\/p>\n<table border=\"1\" align=\"center\" cellpadding=\"5\" cellspacing=\"0\">\n<tr>\n<td>\n<div align=\"center\" class=\"progress\">A\u00f1os <\/div>\n<\/td>\n<td>\n<div align=\"center\" class=\"progress\">T\u00e9rmino amortizativo<\/div>\n<\/td>\n<td>\n<div align=\"center\" class=\"progress\">Cuota de inter\u00e9s<\/div>\n<\/td>\n<td>\n<div align=\"center\" class=\"progress\">Cuota de amortizaci\u00f3n<\/div>\n<\/td>\n<td>\n<div align=\"center\" class=\"progress\">Total amortizado<\/div>\n<\/td>\n<td>\n<div align=\"center\" class=\"progress\">Capital vivo<\/div>\n<\/td>\n<\/tr>\n<tr>\n<td>\n<div align=\"center\">0<br \/>\n        1<br \/>\n        2<br \/>\n        3<br \/>\n        4<\/div>\n<\/td>\n<td>\n<div align=\"right\">\n        150,00<br \/>\n        150,00<br \/>\n        150,00<br \/>\n        1.150,00<\/div>\n<\/td>\n<td>\n<div align=\"right\">\n        150,00<br \/>\n        150,00<br \/>\n        150,00<br \/>\n        150,00<\/div>\n<\/td>\n<td>\n<div align=\"right\">\n<p>        1.000,00<\/p><\/div>\n<\/td>\n<td>\n<div align=\"right\">\n<p>        1.000,00<\/p><\/div>\n<\/td>\n<td>\n<div align=\"right\">1.000,00<br \/>\n        1.000,00<br \/>\n        1.000,00<br \/>\n        1.000,00\n      <\/div>\n<\/td>\n<\/tr>\n<tr>\n<td>\n<div align=\"center\" class=\"progress\">Total <\/div>\n<\/td>\n<td>\n<div align=\"right\" class=\"progress\">1.600,00 <\/div>\n<\/td>\n<td>\n<div align=\"right\" class=\"progress\">600,00 <\/div>\n<\/td>\n<td>\n<div align=\"right\" class=\"progress\">1.000,00<\/div>\n<\/td>\n<td>\n<div align=\"right\" class=\"progress\">&nbsp;<\/div>\n<\/td>\n<td>\n<div align=\"right\" class=\"progress\">&nbsp;<\/div>\n<\/td>\n<\/tr>\n<\/table>\n<p>&nbsp;<\/p>\n<p class=\"progress\">Cuadro de constituci\u00f3n del capital<\/p>\n<p>&nbsp; <\/p>\n<blockquote>\n<p><img loading=\"lazy\" decoding=\"async\" src=\"https:\/\/blogs.udima.es\/administracion-y-direccion-de-empresas\/images_book\/p301-02.png\" width=\"455\" height=\"144\" \/><\/p>\n<\/blockquote>\n<p>&nbsp;<\/p>\n<p> C\u00e1lculo de la aportaci\u00f3n constante a realizar: <\/p>\n<p>&nbsp;<\/p>\n<blockquote>\n<p><img loading=\"lazy\" decoding=\"async\" src=\"https:\/\/blogs.udima.es\/administracion-y-direccion-de-empresas\/images_book\/p302-01.png\" width=\"139\" height=\"63\" \/><\/p>\n<p>&nbsp;<\/p>\n<\/blockquote>\n<table border=\"1\" align=\"center\" cellpadding=\"5\" cellspacing=\"0\">\n<tr>\n<td>\n<div align=\"center\" class=\"progress\">\n&nbsp;<\/p>\n<p>\n      <\/div>\n<\/td>\n<td>\n<div align=\"center\" class=\"progress\">(1) <\/div>\n<\/td>\n<td>\n<div align=\"center\" class=\"progress\">(2) <\/div>\n<\/td>\n<td>\n<div align=\"center\" class=\"progress\">(3) <\/div>\n<\/td>\n<td>\n<div align=\"center\" class=\"progress\">(4) <\/div>\n<\/td>\n<td>\n<div align=\"center\" class=\"progress\">(5)<\/div>\n<\/td>\n<\/tr>\n<tr>\n<td>\n<div align=\"center\"><span class=\"progress\">A\u00f1os<\/span><\/div>\n<\/td>\n<td>\n<div align=\"center\"><span class=\"progress\">Aportaci\u00f3n al fondo<\/span><\/div>\n<\/td>\n<td>\n<div align=\"center\"><span class=\"progress\">Intereses<\/span><\/div>\n<\/td>\n<td>\n<div align=\"center\"><span class=\"progress\">Variaci\u00f3n anual del fondo<\/span><\/div>\n<\/td>\n<td>\n<div align=\"center\"><span class=\"progress\">Capital constituido<\/span><\/div>\n<\/td>\n<td>\n<div align=\"center\"><span class=\"progress\">Capital pendiente<\/span><\/div>\n<\/td>\n<\/tr>\n<tr>\n<td>\n<div align=\"center\">0<br \/>\n        1<br \/>\n        2<br \/>\n        3<br \/>\n        4\n      <\/div>\n<\/td>\n<td>\n<div align=\"right\">\n        215,47<br \/>\n        215,47<br \/>\n        215,47<br \/>\n        215,47<\/div>\n<\/td>\n<td>\n<div align=\"right\">\n<p>        21,55<br \/>\n        45,25<br \/>\n        71,32 <\/div>\n<\/td>\n<td>\n<div align=\"right\">\n        215,47<br \/>\n        237,02<br \/>\n        260,72<br \/>\n        286,79 <\/div>\n<\/td>\n<td>\n<div align=\"right\">\n        215,47<br \/>\n        452,49<br \/>\n        713,21<br \/>\n        1.000,00<\/div>\n<\/td>\n<td>\n<div align=\"right\">1.000,00<br \/>\n        784,53<br \/>\n        547,51<br \/>\n        286,79\n      <\/div>\n<\/td>\n<\/tr>\n<tr>\n<td>\n<div align=\"center\"><span class=\"progress\">Total <\/span><\/div>\n<\/td>\n<td>\n<div align=\"right\"><span class=\"progress\">861,88 <\/span><\/div>\n<\/td>\n<td>\n<div align=\"right\"><span class=\"progress\">138,12 <\/span><\/div>\n<\/td>\n<td>\n<div align=\"right\"><span class=\"progress\">1.000,00<\/span><\/div>\n<\/td>\n<td><span class=\"progress\">&nbsp;<\/span><\/td>\n<td><span class=\"progress\">&nbsp;<\/span><\/td>\n<\/tr>\n<\/table>\n<p>&nbsp;<\/p>\n<p><u><em>Descripci\u00f3n de los pasos a seguir para construir el cuadro:<\/em><\/u><\/p>\n<p> <span class=\"progress\">(1)<\/span> C\u00e1lculo de las aportaciones al fondo (F).<br \/>\n      <span class=\"progress\">(2)<\/span> Los intereses se calculan sobre el capital constituido al principio del per\u00edodo.<br \/>\n      <span class=\"progress\">(3)<\/span> Suma de la aportaci\u00f3n al fondo <span class=\"progress\">(1)<\/span> y los intereses generales durante el per\u00edodo <span class=\"progress\">(2)<\/span>.<br \/>\n      <span class=\"progress\">(4)<\/span> En el primer per\u00edodo coincide con la aportaci\u00f3n al fondo primero efectuado. Los siguientes se obtienen a\u00f1adiendo al capital constituido en el per\u00edodo anterior la variaci\u00f3n anual del fondo del per\u00edodo donde estamos <span class=\"progress\">(3)<\/span>.<br \/>\n      <span class=\"progress\">(5)<\/span> El capital pendiente se obtiene de restar al capital inicial el capital constituido en cada momento.  <\/p>\n<\/div>\n<p>&nbsp;<\/p>\n","protected":false},"excerpt":{"rendered":"<p>Tambi\u00e9n se le conoce con el nombre de sistema de amortizaci\u00f3n con fondo de amortizaci\u00f3n. Este sistema de amortizaci\u00f3n consiste en el pago peri\u00f3dico de los intereses al prestamista (pr\u00e9stamo americano), y al mismo tiempo una aportaci\u00f3n a un fondo para construir un capital, con el que cancelar el principal del pr\u00e9stamo americano a su [&hellip;]<\/p>\n","protected":false},"author":27,"featured_media":0,"parent":0,"menu_order":4110,"comment_status":"closed","ping_status":"closed","template":"","meta":{"footnotes":""},"yoast_head":"<!-- This site is optimized with the Yoast SEO plugin v22.9 - https:\/\/yoast.com\/wordpress\/plugins\/seo\/ -->\n<title>10. Sistema de amortizaci\u00f3n Sinking-Fund - Blog de ADE<\/title>\n<meta name=\"robots\" content=\"index, follow, max-snippet:-1, max-image-preview:large, max-video-preview:-1\" \/>\n<link rel=\"canonical\" href=\"https:\/\/blogs.udima.es\/administracion-y-direccion-de-empresas\/sistema-de-amortizacion-sinking-fund-p35-htm\/\" \/>\n<meta property=\"og:locale\" content=\"es_ES\" \/>\n<meta property=\"og:type\" content=\"article\" \/>\n<meta property=\"og:title\" content=\"10. Sistema de amortizaci\u00f3n Sinking-Fund - Blog de ADE\" \/>\n<meta property=\"og:description\" content=\"Tambi\u00e9n se le conoce con el nombre de sistema de amortizaci\u00f3n con fondo de amortizaci\u00f3n. Este sistema de amortizaci\u00f3n consiste en el pago peri\u00f3dico de los intereses al prestamista (pr\u00e9stamo americano), y al mismo tiempo una aportaci\u00f3n a un fondo para construir un capital, con el que cancelar el principal del pr\u00e9stamo americano a su [&hellip;]\" \/>\n<meta property=\"og:url\" content=\"https:\/\/blogs.udima.es\/administracion-y-direccion-de-empresas\/sistema-de-amortizacion-sinking-fund-p35-htm\/\" \/>\n<meta property=\"og:site_name\" content=\"Blog de ADE - Universidad a Distancia de Madrid | UDIMA\" \/>\n<meta property=\"article:modified_time\" content=\"2016-07-15T11:22:35+00:00\" \/>\n<meta property=\"og:image\" content=\"https:\/\/blogs.udima.es\/administracion-y-direccion-de-empresas\/images_book\/p299-01.png\" \/>\n<meta name=\"twitter:card\" content=\"summary_large_image\" \/>\n<meta name=\"twitter:label1\" content=\"Tiempo de lectura\" \/>\n\t<meta name=\"twitter:data1\" content=\"5 minutos\" \/>\n<script type=\"application\/ld+json\" class=\"yoast-schema-graph\">{\"@context\":\"https:\/\/schema.org\",\"@graph\":[{\"@type\":\"WebPage\",\"@id\":\"https:\/\/blogs.udima.es\/administracion-y-direccion-de-empresas\/sistema-de-amortizacion-sinking-fund-p35-htm\/\",\"url\":\"https:\/\/blogs.udima.es\/administracion-y-direccion-de-empresas\/sistema-de-amortizacion-sinking-fund-p35-htm\/\",\"name\":\"10. Sistema de amortizaci\u00f3n Sinking-Fund - Blog de ADE\",\"isPartOf\":{\"@id\":\"https:\/\/blogs.udima.es\/administracion-y-direccion-de-empresas\/#website\"},\"primaryImageOfPage\":{\"@id\":\"https:\/\/blogs.udima.es\/administracion-y-direccion-de-empresas\/sistema-de-amortizacion-sinking-fund-p35-htm\/#primaryimage\"},\"image\":{\"@id\":\"https:\/\/blogs.udima.es\/administracion-y-direccion-de-empresas\/sistema-de-amortizacion-sinking-fund-p35-htm\/#primaryimage\"},\"thumbnailUrl\":\"https:\/\/blogs.udima.es\/administracion-y-direccion-de-empresas\/images_book\/p299-01.png\",\"datePublished\":\"2016-07-15T11:20:39+00:00\",\"dateModified\":\"2016-07-15T11:22:35+00:00\",\"breadcrumb\":{\"@id\":\"https:\/\/blogs.udima.es\/administracion-y-direccion-de-empresas\/sistema-de-amortizacion-sinking-fund-p35-htm\/#breadcrumb\"},\"inLanguage\":\"es\",\"potentialAction\":[{\"@type\":\"ReadAction\",\"target\":[\"https:\/\/blogs.udima.es\/administracion-y-direccion-de-empresas\/sistema-de-amortizacion-sinking-fund-p35-htm\/\"]}]},{\"@type\":\"ImageObject\",\"inLanguage\":\"es\",\"@id\":\"https:\/\/blogs.udima.es\/administracion-y-direccion-de-empresas\/sistema-de-amortizacion-sinking-fund-p35-htm\/#primaryimage\",\"url\":\"https:\/\/blogs.udima.es\/administracion-y-direccion-de-empresas\/images_book\/p299-01.png\",\"contentUrl\":\"https:\/\/blogs.udima.es\/administracion-y-direccion-de-empresas\/images_book\/p299-01.png\"},{\"@type\":\"BreadcrumbList\",\"@id\":\"https:\/\/blogs.udima.es\/administracion-y-direccion-de-empresas\/sistema-de-amortizacion-sinking-fund-p35-htm\/#breadcrumb\",\"itemListElement\":[{\"@type\":\"ListItem\",\"position\":1,\"name\":\"Portada\",\"item\":\"https:\/\/blogs.udima.es\/administracion-y-direccion-de-empresas\/\"},{\"@type\":\"ListItem\",\"position\":2,\"name\":\"10. Sistema de amortizaci\u00f3n Sinking-Fund\"}]},{\"@type\":\"WebSite\",\"@id\":\"https:\/\/blogs.udima.es\/administracion-y-direccion-de-empresas\/#website\",\"url\":\"https:\/\/blogs.udima.es\/administracion-y-direccion-de-empresas\/\",\"name\":\"Blog de ADE - Universidad a Distancia de Madrid | UDIMA\",\"description\":\"\",\"potentialAction\":[{\"@type\":\"SearchAction\",\"target\":{\"@type\":\"EntryPoint\",\"urlTemplate\":\"https:\/\/blogs.udima.es\/administracion-y-direccion-de-empresas\/?s={search_term_string}\"},\"query-input\":\"required name=search_term_string\"}],\"inLanguage\":\"es\"}]}<\/script>\n<!-- \/ Yoast SEO plugin. -->","yoast_head_json":{"title":"10. Sistema de amortizaci\u00f3n Sinking-Fund - Blog de ADE","robots":{"index":"index","follow":"follow","max-snippet":"max-snippet:-1","max-image-preview":"max-image-preview:large","max-video-preview":"max-video-preview:-1"},"canonical":"https:\/\/blogs.udima.es\/administracion-y-direccion-de-empresas\/sistema-de-amortizacion-sinking-fund-p35-htm\/","og_locale":"es_ES","og_type":"article","og_title":"10. Sistema de amortizaci\u00f3n Sinking-Fund - Blog de ADE","og_description":"Tambi\u00e9n se le conoce con el nombre de sistema de amortizaci\u00f3n con fondo de amortizaci\u00f3n. Este sistema de amortizaci\u00f3n consiste en el pago peri\u00f3dico de los intereses al prestamista (pr\u00e9stamo americano), y al mismo tiempo una aportaci\u00f3n a un fondo para construir un capital, con el que cancelar el principal del pr\u00e9stamo americano a su [&hellip;]","og_url":"https:\/\/blogs.udima.es\/administracion-y-direccion-de-empresas\/sistema-de-amortizacion-sinking-fund-p35-htm\/","og_site_name":"Blog de ADE - Universidad a Distancia de Madrid | UDIMA","article_modified_time":"2016-07-15T11:22:35+00:00","og_image":[{"url":"https:\/\/blogs.udima.es\/administracion-y-direccion-de-empresas\/images_book\/p299-01.png"}],"twitter_card":"summary_large_image","twitter_misc":{"Tiempo de lectura":"5 minutos"},"schema":{"@context":"https:\/\/schema.org","@graph":[{"@type":"WebPage","@id":"https:\/\/blogs.udima.es\/administracion-y-direccion-de-empresas\/sistema-de-amortizacion-sinking-fund-p35-htm\/","url":"https:\/\/blogs.udima.es\/administracion-y-direccion-de-empresas\/sistema-de-amortizacion-sinking-fund-p35-htm\/","name":"10. Sistema de amortizaci\u00f3n Sinking-Fund - Blog de ADE","isPartOf":{"@id":"https:\/\/blogs.udima.es\/administracion-y-direccion-de-empresas\/#website"},"primaryImageOfPage":{"@id":"https:\/\/blogs.udima.es\/administracion-y-direccion-de-empresas\/sistema-de-amortizacion-sinking-fund-p35-htm\/#primaryimage"},"image":{"@id":"https:\/\/blogs.udima.es\/administracion-y-direccion-de-empresas\/sistema-de-amortizacion-sinking-fund-p35-htm\/#primaryimage"},"thumbnailUrl":"https:\/\/blogs.udima.es\/administracion-y-direccion-de-empresas\/images_book\/p299-01.png","datePublished":"2016-07-15T11:20:39+00:00","dateModified":"2016-07-15T11:22:35+00:00","breadcrumb":{"@id":"https:\/\/blogs.udima.es\/administracion-y-direccion-de-empresas\/sistema-de-amortizacion-sinking-fund-p35-htm\/#breadcrumb"},"inLanguage":"es","potentialAction":[{"@type":"ReadAction","target":["https:\/\/blogs.udima.es\/administracion-y-direccion-de-empresas\/sistema-de-amortizacion-sinking-fund-p35-htm\/"]}]},{"@type":"ImageObject","inLanguage":"es","@id":"https:\/\/blogs.udima.es\/administracion-y-direccion-de-empresas\/sistema-de-amortizacion-sinking-fund-p35-htm\/#primaryimage","url":"https:\/\/blogs.udima.es\/administracion-y-direccion-de-empresas\/images_book\/p299-01.png","contentUrl":"https:\/\/blogs.udima.es\/administracion-y-direccion-de-empresas\/images_book\/p299-01.png"},{"@type":"BreadcrumbList","@id":"https:\/\/blogs.udima.es\/administracion-y-direccion-de-empresas\/sistema-de-amortizacion-sinking-fund-p35-htm\/#breadcrumb","itemListElement":[{"@type":"ListItem","position":1,"name":"Portada","item":"https:\/\/blogs.udima.es\/administracion-y-direccion-de-empresas\/"},{"@type":"ListItem","position":2,"name":"10. Sistema de amortizaci\u00f3n Sinking-Fund"}]},{"@type":"WebSite","@id":"https:\/\/blogs.udima.es\/administracion-y-direccion-de-empresas\/#website","url":"https:\/\/blogs.udima.es\/administracion-y-direccion-de-empresas\/","name":"Blog de ADE - Universidad a Distancia de Madrid | UDIMA","description":"","potentialAction":[{"@type":"SearchAction","target":{"@type":"EntryPoint","urlTemplate":"https:\/\/blogs.udima.es\/administracion-y-direccion-de-empresas\/?s={search_term_string}"},"query-input":"required name=search_term_string"}],"inLanguage":"es"}]}},"_links":{"self":[{"href":"https:\/\/blogs.udima.es\/administracion-y-direccion-de-empresas\/wp-json\/wp\/v2\/pages\/1923"}],"collection":[{"href":"https:\/\/blogs.udima.es\/administracion-y-direccion-de-empresas\/wp-json\/wp\/v2\/pages"}],"about":[{"href":"https:\/\/blogs.udima.es\/administracion-y-direccion-de-empresas\/wp-json\/wp\/v2\/types\/page"}],"author":[{"embeddable":true,"href":"https:\/\/blogs.udima.es\/administracion-y-direccion-de-empresas\/wp-json\/wp\/v2\/users\/27"}],"replies":[{"embeddable":true,"href":"https:\/\/blogs.udima.es\/administracion-y-direccion-de-empresas\/wp-json\/wp\/v2\/comments?post=1923"}],"version-history":[{"count":2,"href":"https:\/\/blogs.udima.es\/administracion-y-direccion-de-empresas\/wp-json\/wp\/v2\/pages\/1923\/revisions"}],"predecessor-version":[{"id":1925,"href":"https:\/\/blogs.udima.es\/administracion-y-direccion-de-empresas\/wp-json\/wp\/v2\/pages\/1923\/revisions\/1925"}],"wp:attachment":[{"href":"https:\/\/blogs.udima.es\/administracion-y-direccion-de-empresas\/wp-json\/wp\/v2\/media?parent=1923"}],"curies":[{"name":"wp","href":"https:\/\/api.w.org\/{rel}","templated":true}]}}