{"id":1920,"date":"2016-07-15T11:16:29","date_gmt":"2016-07-15T11:16:29","guid":{"rendered":"http:\/\/blogs.udima.es\/administracion-y-direccion-de-empresas\/?page_id=1920"},"modified":"2016-07-15T11:40:21","modified_gmt":"2016-07-15T11:40:21","slug":"prestamos-con-intereses-fraccionados-p32-htm","status":"publish","type":"page","link":"https:\/\/blogs.udima.es\/administracion-y-direccion-de-empresas\/prestamos-con-intereses-fraccionados-p32-htm\/","title":{"rendered":"9. Pr\u00e9stamos con intereses fraccionados"},"content":{"rendered":"<p>Son aquellos pr\u00e9stamos en los que los intereses se hacen efectivos con mayor frecuencia que la empleada para amortizar el principal, cualquiera que sea la unidad de tiempo elegida. Es decir, las cuotas de inter\u00e9s se pagan fraccionadamente dentro del per\u00edodo de tiempo elegido para la amortizaci\u00f3n del capital, mientras que las cuotas de amortizaci\u00f3n no se fraccionan y se abonan al final de dicho per\u00edodo.<\/p>\n<p> Por lo tanto, lo que caracteriza al pr\u00e9stamo con intereses fraccionados es:<\/p>\n<ol>\n<li>  Las cuotas de amortizaci\u00f3n no se fraccionan, siguen venciendo al final de cada per\u00edodo (sea cu\u00e1l sea el elegido).<\/li>\n<li> Se fracciona el pago de intereses, es decir, en lugar de hacer un s\u00f3lo pago junto con la cuota de amortizaci\u00f3n al tanto efectivo expresado en la unidad de tiempo de amortizaci\u00f3n (i), se hacen k pagos al tanto efectivo ik por cada pago de principal, resultando dividido el per\u00edodo en k subper\u00edodos a efectos de pago de intereses.<\/li>\n<\/ol>\n<p>Gr\u00e1ficamente, para un pr\u00e9stamo de tres a\u00f1os con amortizaci\u00f3n anual y pago semestral de intereses, la operaci\u00f3n supondr\u00eda los siguientes pagos:<\/p>\n<p>&nbsp;<\/p>\n<p><img loading=\"lazy\" decoding=\"async\" src=\"https:\/\/blogs.udima.es\/administracion-y-direccion-de-empresas\/images_book\/p281-01.png\" width=\"493\" height=\"347\" \/><\/p>\n<p>&nbsp;<\/p>\n<p> El fraccionamiento se puede presentar en cualquiera de los sistemas de amortizaci\u00f3n conocidos (franc\u00e9s, lineal, con t\u00e9rminos en progresi\u00f3n, \u2026) e, incluso, puede presentarse con diferimiento. A continuaci\u00f3n se estudia para los sistemas amortizativos m\u00e1s frecuentes: lineal y franc\u00e9s.\n<\/p>\n<p><strong>\u00cdndice<\/strong><\/p>\n<ul>\n<li><a href=\"https:\/\/blogs.udima.es\/administracion-y-direccion-de-empresas\/9-1-prestamo-fraccionado-con-cuota-amortizacion-constante.html\">9.1. Pr\u00e9stamo fraccionado con cuota de amortizaci\u00f3n constante<\/a><\/li>\n<li><a href=\"https:\/\/blogs.udima.es\/administracion-y-direccion-de-empresas\/9-2-prestamo-frances-fraccionado.html\">9.2. Pr\u00e9stamo franc\u00e9s fraccionado<\/a><\/li>\n<\/ul>\n","protected":false},"excerpt":{"rendered":"<p>Son aquellos pr\u00e9stamos en los que los intereses se hacen efectivos con mayor frecuencia que la empleada para amortizar el principal, cualquiera que sea la unidad de tiempo elegida. Es decir, las cuotas de inter\u00e9s se pagan fraccionadamente dentro del per\u00edodo de tiempo elegido para la amortizaci\u00f3n del capital, mientras que las cuotas de amortizaci\u00f3n&#8230;<\/p>\n","protected":false},"author":27,"featured_media":0,"parent":0,"menu_order":4090,"comment_status":"closed","ping_status":"closed","template":"","meta":{"_kad_post_transparent":"","_kad_post_title":"","_kad_post_layout":"","_kad_post_sidebar_id":"","_kad_post_content_style":"","_kad_post_vertical_padding":"","_kad_post_feature":"","_kad_post_feature_position":"","_kad_post_header":false,"_kad_post_footer":false,"_kad_post_classname":"","footnotes":""},"class_list":["post-1920","page","type-page","status-publish","hentry"],"yoast_head":"<!-- This site is optimized with the Yoast SEO plugin v27.5 - https:\/\/yoast.com\/product\/yoast-seo-wordpress\/ -->\n<title>9. Pr\u00e9stamos con intereses fraccionados - Blog de ADE<\/title>\n<meta name=\"robots\" content=\"index, follow, max-snippet:-1, max-image-preview:large, max-video-preview:-1\" \/>\n<link rel=\"canonical\" href=\"https:\/\/blogs.udima.es\/administracion-y-direccion-de-empresas\/prestamos-con-intereses-fraccionados-p32-htm\/\" \/>\n<meta property=\"og:locale\" content=\"es_ES\" \/>\n<meta property=\"og:type\" content=\"article\" \/>\n<meta property=\"og:title\" content=\"9. Pr\u00e9stamos con intereses fraccionados - Blog de ADE\" \/>\n<meta property=\"og:description\" content=\"Son aquellos pr\u00e9stamos en los que los intereses se hacen efectivos con mayor frecuencia que la empleada para amortizar el principal, cualquiera que sea la unidad de tiempo elegida. Es decir, las cuotas de inter\u00e9s se pagan fraccionadamente dentro del per\u00edodo de tiempo elegido para la amortizaci\u00f3n del capital, mientras que las cuotas de amortizaci\u00f3n...\" \/>\n<meta property=\"og:url\" content=\"https:\/\/blogs.udima.es\/administracion-y-direccion-de-empresas\/prestamos-con-intereses-fraccionados-p32-htm\/\" \/>\n<meta property=\"og:site_name\" content=\"Blog de ADE - Universidad a Distancia de Madrid | UDIMA\" \/>\n<meta property=\"article:modified_time\" content=\"2016-07-15T11:40:21+00:00\" \/>\n<meta property=\"og:image\" content=\"https:\/\/blogs.udima.es\/administracion-y-direccion-de-empresas\/images_book\/p281-01.png\" \/>\n<meta name=\"twitter:card\" content=\"summary_large_image\" \/>\n<meta name=\"twitter:label1\" content=\"Tiempo de lectura\" \/>\n\t<meta name=\"twitter:data1\" content=\"1 minuto\" \/>\n<script type=\"application\/ld+json\" class=\"yoast-schema-graph\">{\"@context\":\"https:\\\/\\\/schema.org\",\"@graph\":[{\"@type\":\"WebPage\",\"@id\":\"https:\\\/\\\/blogs.udima.es\\\/administracion-y-direccion-de-empresas\\\/prestamos-con-intereses-fraccionados-p32-htm\\\/\",\"url\":\"https:\\\/\\\/blogs.udima.es\\\/administracion-y-direccion-de-empresas\\\/prestamos-con-intereses-fraccionados-p32-htm\\\/\",\"name\":\"9. Pr\u00e9stamos con intereses fraccionados - Blog de ADE\",\"isPartOf\":{\"@id\":\"https:\\\/\\\/blogs.udima.es\\\/administracion-y-direccion-de-empresas\\\/#website\"},\"primaryImageOfPage\":{\"@id\":\"https:\\\/\\\/blogs.udima.es\\\/administracion-y-direccion-de-empresas\\\/prestamos-con-intereses-fraccionados-p32-htm\\\/#primaryimage\"},\"image\":{\"@id\":\"https:\\\/\\\/blogs.udima.es\\\/administracion-y-direccion-de-empresas\\\/prestamos-con-intereses-fraccionados-p32-htm\\\/#primaryimage\"},\"thumbnailUrl\":\"https:\\\/\\\/blogs.udima.es\\\/administracion-y-direccion-de-empresas\\\/images_book\\\/p281-01.png\",\"datePublished\":\"2016-07-15T11:16:29+00:00\",\"dateModified\":\"2016-07-15T11:40:21+00:00\",\"breadcrumb\":{\"@id\":\"https:\\\/\\\/blogs.udima.es\\\/administracion-y-direccion-de-empresas\\\/prestamos-con-intereses-fraccionados-p32-htm\\\/#breadcrumb\"},\"inLanguage\":\"es\",\"potentialAction\":[{\"@type\":\"ReadAction\",\"target\":[\"https:\\\/\\\/blogs.udima.es\\\/administracion-y-direccion-de-empresas\\\/prestamos-con-intereses-fraccionados-p32-htm\\\/\"]}]},{\"@type\":\"ImageObject\",\"inLanguage\":\"es\",\"@id\":\"https:\\\/\\\/blogs.udima.es\\\/administracion-y-direccion-de-empresas\\\/prestamos-con-intereses-fraccionados-p32-htm\\\/#primaryimage\",\"url\":\"https:\\\/\\\/blogs.udima.es\\\/administracion-y-direccion-de-empresas\\\/images_book\\\/p281-01.png\",\"contentUrl\":\"https:\\\/\\\/blogs.udima.es\\\/administracion-y-direccion-de-empresas\\\/images_book\\\/p281-01.png\"},{\"@type\":\"BreadcrumbList\",\"@id\":\"https:\\\/\\\/blogs.udima.es\\\/administracion-y-direccion-de-empresas\\\/prestamos-con-intereses-fraccionados-p32-htm\\\/#breadcrumb\",\"itemListElement\":[{\"@type\":\"ListItem\",\"position\":1,\"name\":\"Portada\",\"item\":\"https:\\\/\\\/blogs.udima.es\\\/administracion-y-direccion-de-empresas\\\/\"},{\"@type\":\"ListItem\",\"position\":2,\"name\":\"9. Pr\u00e9stamos con intereses fraccionados\"}]},{\"@type\":\"WebSite\",\"@id\":\"https:\\\/\\\/blogs.udima.es\\\/administracion-y-direccion-de-empresas\\\/#website\",\"url\":\"https:\\\/\\\/blogs.udima.es\\\/administracion-y-direccion-de-empresas\\\/\",\"name\":\"Blog de ADE - Universidad a Distancia de Madrid | UDIMA\",\"description\":\"\",\"publisher\":{\"@id\":\"https:\\\/\\\/blogs.udima.es\\\/administracion-y-direccion-de-empresas\\\/#organization\"},\"potentialAction\":[{\"@type\":\"SearchAction\",\"target\":{\"@type\":\"EntryPoint\",\"urlTemplate\":\"https:\\\/\\\/blogs.udima.es\\\/administracion-y-direccion-de-empresas\\\/?s={search_term_string}\"},\"query-input\":{\"@type\":\"PropertyValueSpecification\",\"valueRequired\":true,\"valueName\":\"search_term_string\"}}],\"inLanguage\":\"es\"},{\"@type\":\"Organization\",\"@id\":\"https:\\\/\\\/blogs.udima.es\\\/administracion-y-direccion-de-empresas\\\/#organization\",\"name\":\"Blog de ADE - Universidad a Distancia de Madrid | UDIMA\",\"url\":\"https:\\\/\\\/blogs.udima.es\\\/administracion-y-direccion-de-empresas\\\/\",\"logo\":{\"@type\":\"ImageObject\",\"inLanguage\":\"es\",\"@id\":\"https:\\\/\\\/blogs.udima.es\\\/administracion-y-direccion-de-empresas\\\/#\\\/schema\\\/logo\\\/image\\\/\",\"url\":\"https:\\\/\\\/blogs.udima.es\\\/administracion-y-direccion-de-empresas\\\/wp-content\\\/uploads\\\/2019\\\/10\\\/BANNER_ADE_940_V2.jpg\",\"contentUrl\":\"https:\\\/\\\/blogs.udima.es\\\/administracion-y-direccion-de-empresas\\\/wp-content\\\/uploads\\\/2019\\\/10\\\/BANNER_ADE_940_V2.jpg\",\"width\":940,\"height\":106,\"caption\":\"Blog de ADE - Universidad a Distancia de Madrid | UDIMA\"},\"image\":{\"@id\":\"https:\\\/\\\/blogs.udima.es\\\/administracion-y-direccion-de-empresas\\\/#\\\/schema\\\/logo\\\/image\\\/\"}}]}<\/script>\n<!-- \/ Yoast SEO plugin. -->","yoast_head_json":{"title":"9. Pr\u00e9stamos con intereses fraccionados - Blog de ADE","robots":{"index":"index","follow":"follow","max-snippet":"max-snippet:-1","max-image-preview":"max-image-preview:large","max-video-preview":"max-video-preview:-1"},"canonical":"https:\/\/blogs.udima.es\/administracion-y-direccion-de-empresas\/prestamos-con-intereses-fraccionados-p32-htm\/","og_locale":"es_ES","og_type":"article","og_title":"9. Pr\u00e9stamos con intereses fraccionados - Blog de ADE","og_description":"Son aquellos pr\u00e9stamos en los que los intereses se hacen efectivos con mayor frecuencia que la empleada para amortizar el principal, cualquiera que sea la unidad de tiempo elegida. Es decir, las cuotas de inter\u00e9s se pagan fraccionadamente dentro del per\u00edodo de tiempo elegido para la amortizaci\u00f3n del capital, mientras que las cuotas de amortizaci\u00f3n...","og_url":"https:\/\/blogs.udima.es\/administracion-y-direccion-de-empresas\/prestamos-con-intereses-fraccionados-p32-htm\/","og_site_name":"Blog de ADE - Universidad a Distancia de Madrid | UDIMA","article_modified_time":"2016-07-15T11:40:21+00:00","og_image":[{"url":"https:\/\/blogs.udima.es\/administracion-y-direccion-de-empresas\/images_book\/p281-01.png","type":"","width":"","height":""}],"twitter_card":"summary_large_image","twitter_misc":{"Tiempo de lectura":"1 minuto"},"schema":{"@context":"https:\/\/schema.org","@graph":[{"@type":"WebPage","@id":"https:\/\/blogs.udima.es\/administracion-y-direccion-de-empresas\/prestamos-con-intereses-fraccionados-p32-htm\/","url":"https:\/\/blogs.udima.es\/administracion-y-direccion-de-empresas\/prestamos-con-intereses-fraccionados-p32-htm\/","name":"9. Pr\u00e9stamos con intereses fraccionados - Blog de ADE","isPartOf":{"@id":"https:\/\/blogs.udima.es\/administracion-y-direccion-de-empresas\/#website"},"primaryImageOfPage":{"@id":"https:\/\/blogs.udima.es\/administracion-y-direccion-de-empresas\/prestamos-con-intereses-fraccionados-p32-htm\/#primaryimage"},"image":{"@id":"https:\/\/blogs.udima.es\/administracion-y-direccion-de-empresas\/prestamos-con-intereses-fraccionados-p32-htm\/#primaryimage"},"thumbnailUrl":"https:\/\/blogs.udima.es\/administracion-y-direccion-de-empresas\/images_book\/p281-01.png","datePublished":"2016-07-15T11:16:29+00:00","dateModified":"2016-07-15T11:40:21+00:00","breadcrumb":{"@id":"https:\/\/blogs.udima.es\/administracion-y-direccion-de-empresas\/prestamos-con-intereses-fraccionados-p32-htm\/#breadcrumb"},"inLanguage":"es","potentialAction":[{"@type":"ReadAction","target":["https:\/\/blogs.udima.es\/administracion-y-direccion-de-empresas\/prestamos-con-intereses-fraccionados-p32-htm\/"]}]},{"@type":"ImageObject","inLanguage":"es","@id":"https:\/\/blogs.udima.es\/administracion-y-direccion-de-empresas\/prestamos-con-intereses-fraccionados-p32-htm\/#primaryimage","url":"https:\/\/blogs.udima.es\/administracion-y-direccion-de-empresas\/images_book\/p281-01.png","contentUrl":"https:\/\/blogs.udima.es\/administracion-y-direccion-de-empresas\/images_book\/p281-01.png"},{"@type":"BreadcrumbList","@id":"https:\/\/blogs.udima.es\/administracion-y-direccion-de-empresas\/prestamos-con-intereses-fraccionados-p32-htm\/#breadcrumb","itemListElement":[{"@type":"ListItem","position":1,"name":"Portada","item":"https:\/\/blogs.udima.es\/administracion-y-direccion-de-empresas\/"},{"@type":"ListItem","position":2,"name":"9. Pr\u00e9stamos con intereses fraccionados"}]},{"@type":"WebSite","@id":"https:\/\/blogs.udima.es\/administracion-y-direccion-de-empresas\/#website","url":"https:\/\/blogs.udima.es\/administracion-y-direccion-de-empresas\/","name":"Blog de ADE - Universidad a Distancia de Madrid | UDIMA","description":"","publisher":{"@id":"https:\/\/blogs.udima.es\/administracion-y-direccion-de-empresas\/#organization"},"potentialAction":[{"@type":"SearchAction","target":{"@type":"EntryPoint","urlTemplate":"https:\/\/blogs.udima.es\/administracion-y-direccion-de-empresas\/?s={search_term_string}"},"query-input":{"@type":"PropertyValueSpecification","valueRequired":true,"valueName":"search_term_string"}}],"inLanguage":"es"},{"@type":"Organization","@id":"https:\/\/blogs.udima.es\/administracion-y-direccion-de-empresas\/#organization","name":"Blog de ADE - Universidad a Distancia de Madrid | UDIMA","url":"https:\/\/blogs.udima.es\/administracion-y-direccion-de-empresas\/","logo":{"@type":"ImageObject","inLanguage":"es","@id":"https:\/\/blogs.udima.es\/administracion-y-direccion-de-empresas\/#\/schema\/logo\/image\/","url":"https:\/\/blogs.udima.es\/administracion-y-direccion-de-empresas\/wp-content\/uploads\/2019\/10\/BANNER_ADE_940_V2.jpg","contentUrl":"https:\/\/blogs.udima.es\/administracion-y-direccion-de-empresas\/wp-content\/uploads\/2019\/10\/BANNER_ADE_940_V2.jpg","width":940,"height":106,"caption":"Blog de ADE - Universidad a Distancia de Madrid | UDIMA"},"image":{"@id":"https:\/\/blogs.udima.es\/administracion-y-direccion-de-empresas\/#\/schema\/logo\/image\/"}}]}},"_links":{"self":[{"href":"https:\/\/blogs.udima.es\/administracion-y-direccion-de-empresas\/wp-json\/wp\/v2\/pages\/1920","targetHints":{"allow":["GET"]}}],"collection":[{"href":"https:\/\/blogs.udima.es\/administracion-y-direccion-de-empresas\/wp-json\/wp\/v2\/pages"}],"about":[{"href":"https:\/\/blogs.udima.es\/administracion-y-direccion-de-empresas\/wp-json\/wp\/v2\/types\/page"}],"author":[{"embeddable":true,"href":"https:\/\/blogs.udima.es\/administracion-y-direccion-de-empresas\/wp-json\/wp\/v2\/users\/27"}],"replies":[{"embeddable":true,"href":"https:\/\/blogs.udima.es\/administracion-y-direccion-de-empresas\/wp-json\/wp\/v2\/comments?post=1920"}],"version-history":[{"count":4,"href":"https:\/\/blogs.udima.es\/administracion-y-direccion-de-empresas\/wp-json\/wp\/v2\/pages\/1920\/revisions"}],"predecessor-version":[{"id":1935,"href":"https:\/\/blogs.udima.es\/administracion-y-direccion-de-empresas\/wp-json\/wp\/v2\/pages\/1920\/revisions\/1935"}],"wp:attachment":[{"href":"https:\/\/blogs.udima.es\/administracion-y-direccion-de-empresas\/wp-json\/wp\/v2\/media?parent=1920"}],"curies":[{"name":"wp","href":"https:\/\/api.w.org\/{rel}","templated":true}]}}