{"id":1917,"date":"2016-07-15T11:13:26","date_gmt":"2016-07-15T11:13:26","guid":{"rendered":"http:\/\/blogs.udima.es\/administracion-y-direccion-de-empresas\/?page_id=1917"},"modified":"2016-07-15T11:14:29","modified_gmt":"2016-07-15T11:14:29","slug":"prestamos-diferidos-p31-htm","status":"publish","type":"page","link":"https:\/\/blogs.udima.es\/administracion-y-direccion-de-empresas\/prestamos-diferidos-p31-htm\/","title":{"rendered":"8. Pr\u00e9stamos diferidos"},"content":{"rendered":"<p>Tambi\u00e9n denominados pr\u00e9stamos <em>con carencia<\/em>, son aquellos en los que, desde su concesi\u00f3n y durante una parte de su vida, no se realiza devoluci\u00f3n de capital. Por tanto, los pr\u00e9stamos diferidos son aquellos en los que se retrasa el pago de la primera cuota de amortizaci\u00f3n.<br \/>\n  Puede ocurrir que durante este primer tiempo en el cual no se amortiza deuda, se vayan pagando peri\u00f3dicamente los intereses a medida que \u00e9stos se van devengando y con la periodicidad acordada: estamos refiri\u00e9ndonos a pr\u00e9stamos con carencia parcial. Cuando durante este primer per\u00edodo no se realiza pago alguno, estamos ante una carencia total. En este \u00faltimo caso, los intereses devengados y no satisfechos se acumular\u00e1n al capital de partida (capitalizaci\u00f3n de intereses).<\/p>\n<p>Una vez pasado el per\u00edodo de carencia, estaremos ante un pr\u00e9stamo normal cualquiera que sea el sistema de amortizaci\u00f3n que presente (franc\u00e9s, lineal, con t\u00e9rminos en progresi\u00f3n, &#8230;).<\/p>\n<p>Pueden darse dos situaciones:<\/p>\n<h2>8.1. CARENCIA CON PAGO DE INTERESES: CARENCIA PARCIAL<\/h2>\n<p>&nbsp;<\/p>\n<p><img loading=\"lazy\" decoding=\"async\" src=\"https:\/\/blogs.udima.es\/administracion-y-direccion-de-empresas\/images_book\/p277-01.png\" width=\"582\" height=\"249\" \/><\/p>\n<p>&nbsp;<\/p>\n<h2>8.2. CARENCIA SIN PAGO DE INTERESES: CARENCIA TOTAL<\/h2>\n<p>&nbsp; <\/p>\n<p><img loading=\"lazy\" decoding=\"async\" src=\"https:\/\/blogs.udima.es\/administracion-y-direccion-de-empresas\/images_book\/p277-02.png\" width=\"576\" height=\"261\" \/><\/p>\n<p>&nbsp;<\/p>\n<table border=\"1\" align=\"center\" cellpadding=\"5\" cellspacing=\"0\">\n<tr>\n<td><span class=\"progress\">Importante.<\/span> En ambos casos se plantea la amortizaci\u00f3n efectiva del pr\u00e9stamo desde d hasta n y el per\u00edodo de amortizaci\u00f3n es n \u2013 d.<\/td>\n<\/tr>\n<\/table>\n<p>&nbsp;<\/p>\n<p>El tipo m\u00e1s extendido es el de carencia de capital (parcial), esto es, durante el per\u00edodo de carencia s\u00f3lo pagamos intereses. Esto se debe a que en la gran mayor\u00eda de las operaciones las garant\u00edas solicitadas son las necesarias para el principal solicitado. En este sentido, en el caso de carencia total (sin pago de intereses) la deuda es mayor que aquella para la que se solicitaron las garant\u00edas.<\/p>\n<p>Si bien es cierto que la carencia en los pr\u00e9stamos supone un alivio financiero durante un cierto per\u00edodo de tiempo al pagar s\u00f3lo los intereses (o nada, en el caso de carencia total), el pr\u00e9stamo al final se encarece considerablemente, ya que una vez finalizado este per\u00edodo de diferimiento tendr\u00e1 que hacer frente a unos pagos posteriores superiores.<\/p>\n<p>&nbsp;<\/p>\n<div class=\"ejemplo\">\n<p><strong>EJEMPLO 8 <\/strong><\/p>\n<p>&nbsp;Construir el cuadro de amortizaci\u00f3n de un pr\u00e9stamo de 100.000 euros, al 10% de inter\u00e9s anual y 4 a\u00f1os de duraci\u00f3n. Se amortizar\u00e1 por el sistema lineal con cuotas de amortizaci\u00f3n anuales, sabiendo que el primer pago de principal se realiza transcurridos 3 a\u00f1os.<\/p>\n<p><span class=\"progress\">1.<sup>er<\/sup> caso:<\/span> con pago de intereses durante el diferimiento. <\/p>\n<p>&nbsp; <\/p>\n<p><img loading=\"lazy\" decoding=\"async\" src=\"https:\/\/blogs.udima.es\/administracion-y-direccion-de-empresas\/images_book\/p278-01.png\" width=\"444\" height=\"187\" \/><\/p>\n<p>&nbsp;<\/p>\n<p> &nbsp;&nbsp;&nbsp;&nbsp;&nbsp;&nbsp;&nbsp;&nbsp;100.000<br \/>\n      A = &#8212;&#8212;&#8212;&#8212;&#8211; = 50.000<br \/>\n&nbsp;&nbsp;&nbsp;&nbsp;&nbsp;&nbsp;&nbsp;&nbsp;&nbsp;&nbsp;&nbsp;&nbsp;&nbsp;&nbsp;2<\/p>\n<p>&nbsp;<\/p>\n<table border=\"1\" align=\"center\" cellpadding=\"5\" cellspacing=\"0\">\n<tr>\n<td>\n<div align=\"center\">&nbsp;<\/div>\n<\/td>\n<td>\n<div align=\"center\" class=\"progress\">(5)\n      <\/div>\n<\/td>\n<td>\n<div align=\"center\" class=\"progress\">(4) <\/div>\n<\/td>\n<td>\n<div align=\"center\" class=\"progress\">(1) <\/div>\n<\/td>\n<td>\n<div align=\"center\" class=\"progress\">(2) <\/div>\n<\/td>\n<td>\n<div align=\"center\" class=\"progress\">(3)<\/div>\n<\/td>\n<\/tr>\n<tr>\n<td>\n<div align=\"center\" class=\"progress\">A\u00f1os <\/div>\n<\/td>\n<td>\n<div align=\"center\" class=\"progress\">T\u00e9rmino amortizativo<\/div>\n<\/td>\n<td>\n<div align=\"center\" class=\"progress\">Cuota de inter\u00e9s <\/div>\n<\/td>\n<td>\n<div align=\"center\" class=\"progress\">Cuota de amortizaci\u00f3n<\/div>\n<\/td>\n<td>\n<div align=\"center\" class=\"progress\">Total amortizado <\/div>\n<\/td>\n<td>\n<div align=\"center\" class=\"progress\">Capital<br \/>\n      vivo<\/div>\n<\/td>\n<\/tr>\n<tr>\n<td>\n<div align=\"center\">0 <br \/>\n  1 <br \/>\n  2 <br \/>\n  3  <br \/>\n  4  \n      <\/div>\n<\/td>\n<td>\n<div align=\"right\">\n        10.000,00<br \/>\n          10.000,00<br \/>\n        60.000,00<br \/>\n      55.000,00<\/div>\n<\/td>\n<td>\n<div align=\"right\">\n        10.000,00<br \/>\n          10.000,00<br \/>\n          10.000,00<br \/>\n      5.000,00 <\/div>\n<\/td>\n<td>\n<div align=\"right\">\n<p>\n        50.000,00<br \/>\n      50.000,00<\/div>\n<\/td>\n<td>\n<div align=\"right\">\n<p>\n        50.000,00<br \/>\n      100.000,00<\/div>\n<\/td>\n<td>\n<div align=\"right\">100.000,00<br \/>\n        100.000,00<br \/>\n          100.000,00<br \/>\n        50.000,00<\/p><\/div>\n<\/td>\n<\/tr>\n<tr>\n<td>\n<div align=\"center\" class=\"progress\">Total <\/div>\n<\/td>\n<td>\n<div align=\"right\" class=\"progress\">135.000,00 <\/div>\n<\/td>\n<td>\n<div align=\"right\" class=\"progress\">35.000,00 <\/div>\n<\/td>\n<td>\n<div align=\"right\" class=\"progress\">100.000,00<\/div>\n<\/td>\n<td>\n<div align=\"right\">&nbsp;<\/div>\n<\/td>\n<td>\n<div align=\"right\">&nbsp;<\/div>\n<\/td>\n<\/tr>\n<\/table>\n<p>\n    <span class=\"progress\">2.\u00ba caso:<\/span><\/p>\n<p>&nbsp;<\/p>\n<p><img loading=\"lazy\" decoding=\"async\" src=\"https:\/\/blogs.udima.es\/administracion-y-direccion-de-empresas\/images_book\/p279-01.png\" width=\"446\" height=\"202\" \/><\/p>\n<p>&nbsp;<\/p>\n<p> &nbsp;&nbsp;&nbsp;&nbsp;&nbsp;&nbsp;&nbsp;&nbsp;100.000 x (1,1)<sup>2<\/sup>&nbsp;&nbsp;&nbsp;&nbsp;&nbsp;&nbsp; 121.000<br \/>\n      A = &#8212;&#8212;&#8212;&#8212;&#8212;&#8212;&#8212;- = &#8212;&#8212;&#8212;&#8212; = 60.500<br \/>\n&nbsp;&nbsp;&nbsp;&nbsp;&nbsp;&nbsp;&nbsp;&nbsp;&nbsp;&nbsp;&nbsp;&nbsp;&nbsp;&nbsp;&nbsp;&nbsp;&nbsp;&nbsp;2&nbsp;&nbsp;&nbsp;&nbsp;&nbsp;&nbsp;&nbsp;&nbsp;&nbsp;&nbsp;&nbsp;&nbsp;&nbsp;&nbsp;&nbsp;&nbsp;&nbsp;&nbsp;&nbsp;&nbsp;&nbsp;&nbsp;&nbsp;&nbsp; 2<\/p>\n<p>&nbsp;<\/p>\n<table border=\"1\" align=\"center\" cellpadding=\"5\" cellspacing=\"0\">\n<tr>\n<td>\n<div align=\"center\">&nbsp;&nbsp;<\/div>\n<\/td>\n<td>\n<div align=\"center\" class=\"progress\">(5)\n      <\/div>\n<\/td>\n<td>\n<div align=\"center\" class=\"progress\">(4) <\/div>\n<\/td>\n<td>\n<div align=\"center\" class=\"progress\">(1) <\/div>\n<\/td>\n<td>\n<div align=\"center\" class=\"progress\">(2) <\/div>\n<\/td>\n<td>\n<div align=\"center\" class=\"progress\">(3)<\/div>\n<\/td>\n<\/tr>\n<tr>\n<td>\n<div align=\"center\" class=\"progress\">A\u00f1os <\/div>\n<\/td>\n<td>\n<div align=\"center\" class=\"progress\">T\u00e9rmino amortizativo<\/div>\n<\/td>\n<td>\n<div align=\"center\" class=\"progress\">Cuota de inter\u00e9s <\/div>\n<\/td>\n<td>\n<div align=\"center\" class=\"progress\">Cuota de amortizaci\u00f3n<\/div>\n<\/td>\n<td>\n<div align=\"center\" class=\"progress\">Total amortizado <\/div>\n<\/td>\n<td>\n<div align=\"center\" class=\"progress\">Capital<br \/>\n    vivo<\/div>\n<\/td>\n<\/tr>\n<tr>\n<td>\n<div align=\"center\">0<br \/>\n  1<br \/>\n  2<br \/>\n  3<br \/>\n  4 <\/div>\n<\/td>\n<td>\n<div align=\"right\">\n<p>\n      72.600,00<br \/>\n      66.550,00 <\/div>\n<\/td>\n<td>\n<div align=\"right\">\n<p>\n      12.100,00<br \/>\n      6.050,00 <\/div>\n<\/td>\n<td>\n<div align=\"right\">\n<p>\n      60.500,00<br \/>\n      60.500,00 <\/div>\n<\/td>\n<td>\n<div align=\"right\">\n<p>\n      60.500,00<br \/>\n      121.000,00<\/div>\n<\/td>\n<td>\n<div align=\"right\">100.000,00<br \/>\n          110.000,00<br \/>\n          121.000,00<br \/>\n          60.500,00<\/p><\/div>\n<\/td>\n<\/tr>\n<tr>\n<td>\n<div align=\"center\"><span class=\"progress\">Total <\/span><\/div>\n<\/td>\n<td>\n<div align=\"right\" class=\"progress\">139.150,00 <\/div>\n<\/td>\n<td>\n<div align=\"right\" class=\"progress\">18.150,00 <\/div>\n<\/td>\n<td>\n<div align=\"right\" class=\"progress\">121.000,00<\/div>\n<\/td>\n<td><span class=\"progress\">&nbsp;<\/span><\/td>\n<td><span class=\"progress\">&nbsp;<\/span><\/td>\n<\/tr>\n<\/table>\n<p>&nbsp;  <\/p>\n<\/div>\n<p>&nbsp;<\/p>\n","protected":false},"excerpt":{"rendered":"<p>Tambi\u00e9n denominados pr\u00e9stamos con carencia, son aquellos en los que, desde su concesi\u00f3n y durante una parte de su vida, no se realiza devoluci\u00f3n de capital. Por tanto, los pr\u00e9stamos diferidos son aquellos en los que se retrasa el pago de la primera cuota de amortizaci\u00f3n. Puede ocurrir que durante este primer tiempo en el [&hellip;]<\/p>\n","protected":false},"author":27,"featured_media":0,"parent":0,"menu_order":4080,"comment_status":"closed","ping_status":"closed","template":"","meta":{"footnotes":""},"yoast_head":"<!-- This site is optimized with the Yoast SEO plugin v22.9 - https:\/\/yoast.com\/wordpress\/plugins\/seo\/ -->\n<title>8. Pr\u00e9stamos diferidos - Blog de ADE<\/title>\n<meta name=\"robots\" content=\"index, follow, max-snippet:-1, max-image-preview:large, max-video-preview:-1\" \/>\n<link rel=\"canonical\" href=\"https:\/\/blogs.udima.es\/administracion-y-direccion-de-empresas\/prestamos-diferidos-p31-htm\/\" \/>\n<meta property=\"og:locale\" content=\"es_ES\" \/>\n<meta property=\"og:type\" content=\"article\" \/>\n<meta property=\"og:title\" content=\"8. Pr\u00e9stamos diferidos - Blog de ADE\" \/>\n<meta property=\"og:description\" content=\"Tambi\u00e9n denominados pr\u00e9stamos con carencia, son aquellos en los que, desde su concesi\u00f3n y durante una parte de su vida, no se realiza devoluci\u00f3n de capital. Por tanto, los pr\u00e9stamos diferidos son aquellos en los que se retrasa el pago de la primera cuota de amortizaci\u00f3n. Puede ocurrir que durante este primer tiempo en el [&hellip;]\" \/>\n<meta property=\"og:url\" content=\"https:\/\/blogs.udima.es\/administracion-y-direccion-de-empresas\/prestamos-diferidos-p31-htm\/\" \/>\n<meta property=\"og:site_name\" content=\"Blog de ADE - Universidad a Distancia de Madrid | UDIMA\" \/>\n<meta property=\"article:modified_time\" content=\"2016-07-15T11:14:29+00:00\" \/>\n<meta property=\"og:image\" content=\"https:\/\/blogs.udima.es\/administracion-y-direccion-de-empresas\/images_book\/p277-01.png\" \/>\n<meta name=\"twitter:card\" content=\"summary_large_image\" \/>\n<meta name=\"twitter:label1\" content=\"Tiempo de lectura\" \/>\n\t<meta name=\"twitter:data1\" content=\"3 minutos\" \/>\n<script type=\"application\/ld+json\" class=\"yoast-schema-graph\">{\"@context\":\"https:\/\/schema.org\",\"@graph\":[{\"@type\":\"WebPage\",\"@id\":\"https:\/\/blogs.udima.es\/administracion-y-direccion-de-empresas\/prestamos-diferidos-p31-htm\/\",\"url\":\"https:\/\/blogs.udima.es\/administracion-y-direccion-de-empresas\/prestamos-diferidos-p31-htm\/\",\"name\":\"8. Pr\u00e9stamos diferidos - Blog de ADE\",\"isPartOf\":{\"@id\":\"https:\/\/blogs.udima.es\/administracion-y-direccion-de-empresas\/#website\"},\"primaryImageOfPage\":{\"@id\":\"https:\/\/blogs.udima.es\/administracion-y-direccion-de-empresas\/prestamos-diferidos-p31-htm\/#primaryimage\"},\"image\":{\"@id\":\"https:\/\/blogs.udima.es\/administracion-y-direccion-de-empresas\/prestamos-diferidos-p31-htm\/#primaryimage\"},\"thumbnailUrl\":\"https:\/\/blogs.udima.es\/administracion-y-direccion-de-empresas\/images_book\/p277-01.png\",\"datePublished\":\"2016-07-15T11:13:26+00:00\",\"dateModified\":\"2016-07-15T11:14:29+00:00\",\"breadcrumb\":{\"@id\":\"https:\/\/blogs.udima.es\/administracion-y-direccion-de-empresas\/prestamos-diferidos-p31-htm\/#breadcrumb\"},\"inLanguage\":\"es\",\"potentialAction\":[{\"@type\":\"ReadAction\",\"target\":[\"https:\/\/blogs.udima.es\/administracion-y-direccion-de-empresas\/prestamos-diferidos-p31-htm\/\"]}]},{\"@type\":\"ImageObject\",\"inLanguage\":\"es\",\"@id\":\"https:\/\/blogs.udima.es\/administracion-y-direccion-de-empresas\/prestamos-diferidos-p31-htm\/#primaryimage\",\"url\":\"https:\/\/blogs.udima.es\/administracion-y-direccion-de-empresas\/images_book\/p277-01.png\",\"contentUrl\":\"https:\/\/blogs.udima.es\/administracion-y-direccion-de-empresas\/images_book\/p277-01.png\"},{\"@type\":\"BreadcrumbList\",\"@id\":\"https:\/\/blogs.udima.es\/administracion-y-direccion-de-empresas\/prestamos-diferidos-p31-htm\/#breadcrumb\",\"itemListElement\":[{\"@type\":\"ListItem\",\"position\":1,\"name\":\"Portada\",\"item\":\"https:\/\/blogs.udima.es\/administracion-y-direccion-de-empresas\/\"},{\"@type\":\"ListItem\",\"position\":2,\"name\":\"8. Pr\u00e9stamos diferidos\"}]},{\"@type\":\"WebSite\",\"@id\":\"https:\/\/blogs.udima.es\/administracion-y-direccion-de-empresas\/#website\",\"url\":\"https:\/\/blogs.udima.es\/administracion-y-direccion-de-empresas\/\",\"name\":\"Blog de ADE - Universidad a Distancia de Madrid | UDIMA\",\"description\":\"\",\"potentialAction\":[{\"@type\":\"SearchAction\",\"target\":{\"@type\":\"EntryPoint\",\"urlTemplate\":\"https:\/\/blogs.udima.es\/administracion-y-direccion-de-empresas\/?s={search_term_string}\"},\"query-input\":\"required name=search_term_string\"}],\"inLanguage\":\"es\"}]}<\/script>\n<!-- \/ Yoast SEO plugin. -->","yoast_head_json":{"title":"8. Pr\u00e9stamos diferidos - Blog de ADE","robots":{"index":"index","follow":"follow","max-snippet":"max-snippet:-1","max-image-preview":"max-image-preview:large","max-video-preview":"max-video-preview:-1"},"canonical":"https:\/\/blogs.udima.es\/administracion-y-direccion-de-empresas\/prestamos-diferidos-p31-htm\/","og_locale":"es_ES","og_type":"article","og_title":"8. Pr\u00e9stamos diferidos - Blog de ADE","og_description":"Tambi\u00e9n denominados pr\u00e9stamos con carencia, son aquellos en los que, desde su concesi\u00f3n y durante una parte de su vida, no se realiza devoluci\u00f3n de capital. Por tanto, los pr\u00e9stamos diferidos son aquellos en los que se retrasa el pago de la primera cuota de amortizaci\u00f3n. Puede ocurrir que durante este primer tiempo en el [&hellip;]","og_url":"https:\/\/blogs.udima.es\/administracion-y-direccion-de-empresas\/prestamos-diferidos-p31-htm\/","og_site_name":"Blog de ADE - Universidad a Distancia de Madrid | UDIMA","article_modified_time":"2016-07-15T11:14:29+00:00","og_image":[{"url":"https:\/\/blogs.udima.es\/administracion-y-direccion-de-empresas\/images_book\/p277-01.png"}],"twitter_card":"summary_large_image","twitter_misc":{"Tiempo de lectura":"3 minutos"},"schema":{"@context":"https:\/\/schema.org","@graph":[{"@type":"WebPage","@id":"https:\/\/blogs.udima.es\/administracion-y-direccion-de-empresas\/prestamos-diferidos-p31-htm\/","url":"https:\/\/blogs.udima.es\/administracion-y-direccion-de-empresas\/prestamos-diferidos-p31-htm\/","name":"8. Pr\u00e9stamos diferidos - Blog de ADE","isPartOf":{"@id":"https:\/\/blogs.udima.es\/administracion-y-direccion-de-empresas\/#website"},"primaryImageOfPage":{"@id":"https:\/\/blogs.udima.es\/administracion-y-direccion-de-empresas\/prestamos-diferidos-p31-htm\/#primaryimage"},"image":{"@id":"https:\/\/blogs.udima.es\/administracion-y-direccion-de-empresas\/prestamos-diferidos-p31-htm\/#primaryimage"},"thumbnailUrl":"https:\/\/blogs.udima.es\/administracion-y-direccion-de-empresas\/images_book\/p277-01.png","datePublished":"2016-07-15T11:13:26+00:00","dateModified":"2016-07-15T11:14:29+00:00","breadcrumb":{"@id":"https:\/\/blogs.udima.es\/administracion-y-direccion-de-empresas\/prestamos-diferidos-p31-htm\/#breadcrumb"},"inLanguage":"es","potentialAction":[{"@type":"ReadAction","target":["https:\/\/blogs.udima.es\/administracion-y-direccion-de-empresas\/prestamos-diferidos-p31-htm\/"]}]},{"@type":"ImageObject","inLanguage":"es","@id":"https:\/\/blogs.udima.es\/administracion-y-direccion-de-empresas\/prestamos-diferidos-p31-htm\/#primaryimage","url":"https:\/\/blogs.udima.es\/administracion-y-direccion-de-empresas\/images_book\/p277-01.png","contentUrl":"https:\/\/blogs.udima.es\/administracion-y-direccion-de-empresas\/images_book\/p277-01.png"},{"@type":"BreadcrumbList","@id":"https:\/\/blogs.udima.es\/administracion-y-direccion-de-empresas\/prestamos-diferidos-p31-htm\/#breadcrumb","itemListElement":[{"@type":"ListItem","position":1,"name":"Portada","item":"https:\/\/blogs.udima.es\/administracion-y-direccion-de-empresas\/"},{"@type":"ListItem","position":2,"name":"8. Pr\u00e9stamos diferidos"}]},{"@type":"WebSite","@id":"https:\/\/blogs.udima.es\/administracion-y-direccion-de-empresas\/#website","url":"https:\/\/blogs.udima.es\/administracion-y-direccion-de-empresas\/","name":"Blog de ADE - Universidad a Distancia de Madrid | UDIMA","description":"","potentialAction":[{"@type":"SearchAction","target":{"@type":"EntryPoint","urlTemplate":"https:\/\/blogs.udima.es\/administracion-y-direccion-de-empresas\/?s={search_term_string}"},"query-input":"required name=search_term_string"}],"inLanguage":"es"}]}},"_links":{"self":[{"href":"https:\/\/blogs.udima.es\/administracion-y-direccion-de-empresas\/wp-json\/wp\/v2\/pages\/1917"}],"collection":[{"href":"https:\/\/blogs.udima.es\/administracion-y-direccion-de-empresas\/wp-json\/wp\/v2\/pages"}],"about":[{"href":"https:\/\/blogs.udima.es\/administracion-y-direccion-de-empresas\/wp-json\/wp\/v2\/types\/page"}],"author":[{"embeddable":true,"href":"https:\/\/blogs.udima.es\/administracion-y-direccion-de-empresas\/wp-json\/wp\/v2\/users\/27"}],"replies":[{"embeddable":true,"href":"https:\/\/blogs.udima.es\/administracion-y-direccion-de-empresas\/wp-json\/wp\/v2\/comments?post=1917"}],"version-history":[{"count":2,"href":"https:\/\/blogs.udima.es\/administracion-y-direccion-de-empresas\/wp-json\/wp\/v2\/pages\/1917\/revisions"}],"predecessor-version":[{"id":1919,"href":"https:\/\/blogs.udima.es\/administracion-y-direccion-de-empresas\/wp-json\/wp\/v2\/pages\/1917\/revisions\/1919"}],"wp:attachment":[{"href":"https:\/\/blogs.udima.es\/administracion-y-direccion-de-empresas\/wp-json\/wp\/v2\/media?parent=1917"}],"curies":[{"name":"wp","href":"https:\/\/api.w.org\/{rel}","templated":true}]}}