{"id":1911,"date":"2016-07-15T11:08:58","date_gmt":"2016-07-15T11:08:58","guid":{"rendered":"http:\/\/blogs.udima.es\/administracion-y-direccion-de-empresas\/?page_id=1911"},"modified":"2016-07-15T11:09:55","modified_gmt":"2016-07-15T11:09:55","slug":"metodo-de-amortizacion-con-terminos-amortizativos-variables-en-progresion-geometrica-i-p29-htm","status":"publish","type":"page","link":"https:\/\/blogs.udima.es\/administracion-y-direccion-de-empresas\/metodo-de-amortizacion-con-terminos-amortizativos-variables-en-progresion-geometrica-i-p29-htm\/","title":{"rendered":"6. M\u00e9todo de amortizaci\u00f3n con t\u00e9rminos amortizativos variables en progresi\u00f3n"},"content":{"rendered":"<p>Este m\u00e9todo se caracteriza porque:<\/p>\n<ul>\n<li>  Los t\u00e9rminos amortizativos var\u00edan en progresi\u00f3n geom\u00e9trica, y<\/li>\n<li> El tanto de valoraci\u00f3n y la raz\u00f3n de la progresi\u00f3n permanecen constantes, durante toda la operaci\u00f3n.<\/li>\n<\/ul>\n<p> De esta raz\u00f3n va a depender la variaci\u00f3n que se ir\u00e1 produciendo en las cuotas. As\u00ed, a mayor raz\u00f3n menor es la cuota inicial y mayor ser\u00e1 la final.<\/p>\n<p>Adem\u00e1s se pone de manifiesto que cuanto mayor es la raz\u00f3n de la progresi\u00f3n mayor es el importe de los intereses pagados a lo largo de toda la operaci\u00f3n.<\/p>\n<p> Gr\u00e1ficamente, el esquema de cobros y pagos de la operaci\u00f3n para un pr\u00e9stamo de C0, a amortizar en n per\u00edodos, con pagos que var\u00edan en progresi\u00f3n geom\u00e9trica de raz\u00f3n conocida q, al tipo de inter\u00e9s i, es el siguiente:<\/p>\n<p>&nbsp;<\/p>\n<p><img loading=\"lazy\" decoding=\"async\" src=\"https:\/\/blogs.udima.es\/administracion-y-direccion-de-empresas\/images_book\/p263-01.png\" width=\"544\" height=\"156\" \/><\/p>\n<p>&nbsp;<\/p>\n<h2> 6.1. PASOS A SEGUIR<\/h2>\n<h3> 6.1.1. C\u00e1lculo de los t\u00e9rminos amortizativos (a<sub>k<\/sub>)<\/h3>\n<p> Los pagos que se realizan durante la vida del pr\u00e9stamo incorporan la cuota de inter\u00e9s y la cuota de amortizaci\u00f3n. Para eliminar los intereses bastar\u00eda con actualizar los t\u00e9rminos amortizativos a la tasa de inter\u00e9s del pr\u00e9stamo, con lo cual s\u00f3lo quedar\u00edan las cuotas de principal, que sumadas coinciden con el importe del pr\u00e9stamo.<\/p>\n<p> Es decir, planteamos una equivalencia financiera en el origen entre el importe del pr\u00e9stamo y la renta en progresi\u00f3n geom\u00e9trica formada por los t\u00e9rminos amortizativos, cuyo valor actual se pondr\u00e1 en funci\u00f3n del primer t\u00e9rmino y la raz\u00f3n de la progresi\u00f3n.<\/p>\n<p>Al desarrollar esta equivalencia pueden darse dos casos seg\u00fan la relaci\u00f3n entre la raz\u00f3n de la progresi\u00f3n que siguen los t\u00e9rminos y el tipo de inter\u00e9s del pr\u00e9stamo:<\/p>\n<p>&nbsp; <\/p>\n<p><img loading=\"lazy\" decoding=\"async\" src=\"https:\/\/blogs.udima.es\/administracion-y-direccion-de-empresas\/images_book\/p264-01.png\" width=\"388\" height=\"253\" \/><\/p>\n<p>&nbsp;<\/p>\n<p>En ambos casos la variable desconocida y que se despeja es el primer t\u00e9rmino amortizativo (a<sub>1<\/sub>), que ser\u00e1 la inc\u00f3gnita a calcular.<\/p>\n<p>Una vez calculado el primer t\u00e9rmino amortizativo, al seguir los dem\u00e1s una progresi\u00f3n geom\u00e9trica, el resto de ellos se calcular\u00e1 a trav\u00e9s de dicha ley, as\u00ed:<\/p>\n<p>a<sub>2<\/sub> = a<sub>1<\/sub> x q<br \/>\n    a<sub>3<\/sub> = a<sub>2<\/sub> x q = a<sub>1<\/sub> x q<sup>2<\/sup><br \/>\n      &#8230;<br \/>\n      a<sub>k+1<\/sub> = a<sub>k<\/sub> x q = a<sub>1<\/sub> x q<sup>k<\/sup><br \/>\n      \u2026<br \/>\n      a<sub>n<\/sub> = a<sub>n-1<\/sub> x q = a<sub>1<\/sub> x q<sup>n-1<\/sup><\/p>\n<h3> 6.1.2. C\u00e1lculo de las cuotas de amortizaci\u00f3n (A<sub>k<\/sub>)<\/h3>\n<h4> 6.1.2.1. 1.\u00aa posibilidad: a trav\u00e9s de la estructura del t\u00e9rmino amortizativo<\/h4>\n<p> Una vez calculados los t\u00e9rminos amortizativos, se cumple lo siguiente:<\/p>\n<p> Per\u00edodo 1: a<sub>1<\/sub> = I<sub>1<\/sub> + A<sub>1<\/sub> = C<sub>0<\/sub> x i + A<sub>1<\/sub>, de donde se despeja A<sub>1<\/sub> (ya que lo dem\u00e1s se conoce)<br \/>\n    Per\u00edodo 2: a<sub>2<\/sub> = I<sub>2<\/sub> + A<sub>2<\/sub> = C<sub>1<\/sub> x i + A<sub>2<\/sub> = (C0 \u2013 A<sub>1<\/sub>) x i + A<sub>2<\/sub>, y despejamos A<sub>2<\/sub>,<br \/>\n  Per\u00edodo 3: a<sub>3<\/sub> = I<sub>3<\/sub> + A<sub>3<\/sub> = C<sub>2<\/sub> x i + A<sub>3<\/sub> = (C<sub>1<\/sub> \u2013 A<sub>2<\/sub>) x i + A<sub>3<\/sub>, y despejamos A<sub>3<\/sub>,<\/p>\n<p>y as\u00ed se continuar\u00eda hasta calcular el resto de cuotas de amortizaci\u00f3n.<\/p>\n<h4> 6.1.2.2.<br \/>\n2.\u00aa posibilidad: a trav\u00e9s de la ley de recurrencia que siguen las cuotas de amortizaci\u00f3n<\/h4>\n<p> Al ser variable el t\u00e9rmino amortizativo, las cuotas de amortizaci\u00f3n normalmente tambi\u00e9n variar\u00e1n, si bien el sentido de esta variaci\u00f3n (creciente o decreciente) estar\u00e1 en funci\u00f3n de la raz\u00f3n de la progresi\u00f3n y el tipo de inter\u00e9s del pr\u00e9stamo. No obstante, se puede comprobar si lo hacen siguiendo alguna ley matem\u00e1tica (ley de recurrencia).<\/p>\n<p> Se trata de encontrar la relaci\u00f3n matem\u00e1tica que siguen dos cuotas de amortizaci\u00f3n consecutivas. Para ello se relacionan por diferencias los t\u00e9rminos amortizativos de dos per\u00edodos consecutivos cualesquiera:<\/p>\n<p>Per\u00edodo k: &nbsp;&nbsp;&nbsp;&nbsp;&nbsp;&nbsp;&nbsp;&nbsp;a<sub>k<\/sub>   =  I<sub>k<\/sub>  + A<sub>k<\/sub>  =  C<sub>k-1<\/sub>  x  i  +  A<sub>k<br \/>\n    <\/sub>Per\u00edodo k+1: &nbsp;&nbsp;&nbsp;&nbsp;a<sub>k+1<\/sub>   =  I<sub>k+1<\/sub><sub> <\/sub> +  A<sub>k+1<\/sub>  =  C<sub>k<\/sub><sub>  <\/sub>x<sub>  <\/sub>i  +  A<sub>k+1<br \/>\n      &#8212;&#8212;&#8212;&#8212;&#8212;&#8212;&#8212;&#8212;&#8212;&#8212;&#8212;&#8212;&#8212;&#8212;&#8212;&#8212;&#8212;&#8212;&#8212;&#8212;&#8212;&#8212;<br \/>\n    <\/sub>&nbsp;&nbsp;&nbsp;&nbsp;&nbsp;&nbsp;&nbsp;&nbsp;&nbsp;&nbsp;&nbsp;&nbsp;&nbsp;&nbsp;&nbsp;&nbsp;&nbsp;&nbsp;&nbsp;&nbsp;&nbsp;&nbsp;&nbsp;&nbsp;&nbsp;a<sub>k<\/sub>  &#8211;  a<sub>k+1<\/sub>        =  (C<sub>k-1<\/sub>  &#8211;  C<sub>k<\/sub>)  x  i  +  A<sub>k  <\/sub>&#8211;  A<sub>k+1<\/sub><\/p>\n<p>siendo: C<sub>k-1<\/sub>  &#8211;  C<sub>k<\/sub>  =  A<sub>k<\/sub>,  queda:<\/p>\n<p>a<sub>k<\/sub><sub> <\/sub> &#8211;  a<sub>k+1<\/sub>  =  A<sub>k<\/sub>  x  i  +  A<sub>k<\/sub><sub>  <\/sub>&#8211;  A<sub>k+1<\/sub><\/p>\n<p>de donde: <\/p>\n<p>A<sub>k+1  <\/sub>=  A<sub>k<\/sub>  x  (1  +  i)  + a<sub>k+1<\/sub>  &#8211;  a<sub>k<\/sub><\/p>\n<p>y como: a<sub>k+1<\/sub>  =  a<sub>k <\/sub> x  q, la expresi\u00f3n puede quedar:<\/p>\n<p>A<sub>k+1<\/sub><sub> <\/sub> =  A<sub>k<\/sub>  x  (1  +  i)  &#8211;  a<sub>k<\/sub>  x  (1  &#8211;  q)<\/p>\n<p>expresi\u00f3n que permite calcular una cuota de amortizaci\u00f3n a partir de la cuota de amortizaci\u00f3n anterior.<br \/>\n  Ley que puede resultar poco pr\u00e1ctica, ya que adem\u00e1s de conocer la cuota de amortizaci\u00f3n anterior se debe considerar el t\u00e9rmino amortizativo de aquel per\u00edodo, por lo que quiz\u00e1 sea m\u00e1s pr\u00e1ctico hacer uso del primer sistema de c\u00e1lculo anteriormente comentado.<\/p>\n<h3>6.1.3. C\u00e1lculo del total amortizado despu\u00e9s de k per\u00edodos (mk)<\/h3>\n<p> Conocer la totalidad de la deuda amortizada en un momento de tiempo concreto se puede hacer de dos formas posibles:<br \/>\n\u2022 Por diferencias, entre el importe del pr\u00e9stamo y lo que a\u00fan se debe:<\/p>\n<p>m<sub>k<\/sub>  =  C<sub>0<\/sub>  &#8211;  C<sub>k<\/sub>\n  <\/p>\n<p> \u2022 Por sumas de cuotas de amortizaci\u00f3n practicadas hasta la fecha:<\/p>\n<p> m<sub>k<\/sub>  =  A<sub>1<\/sub>  +  A<sub>2<\/sub>  +  &#8230;.  +  A<sub>k<\/sub>\n  <\/p>\n<h3> 6.1.4. C\u00e1lculo del capital vivo a principios del per\u00edodo k+1 (C<sub>k<\/sub>)<\/h3>\n<p>En este tipo de pr\u00e9stamos el c\u00e1lculo del capital vivo a trav\u00e9s de las cuotas de amortizaci\u00f3n resulta poco pr\u00e1ctico, salvo que nos encontremos muy cerca del principio o del final de la operaci\u00f3n. Pretendemos buscar un sistema que permita calcular el capital pendiente a partir de los t\u00e9rminos amortizativos del pr\u00e9stamo.<\/p>\n<p> Al trabajar con los t\u00e9rminos amortizativos se deber\u00e1n hacer de forma financiera (no bastar\u00e1 con sumar y restar aritm\u00e9ticamente) puesto que los t\u00e9rminos incorporan intereses y principal; habr\u00e1 que mover financieramente las cantidades correspondientes.<\/p>\n<p>&nbsp; <\/p>\n<p><img loading=\"lazy\" decoding=\"async\" src=\"https:\/\/blogs.udima.es\/administracion-y-direccion-de-empresas\/images_book\/p267-01.png\" width=\"498\" height=\"140\" \/><\/p>\n<p>&nbsp;<\/p>\n<h4> 6.1.4.1.<br \/>\n1.\u00aa posibilidad: m\u00e9todo retrospectivo, a trav\u00e9s de los t\u00e9rminos amortizativos pasados<\/h4>\n<p>&nbsp; <\/p>\n<p><img loading=\"lazy\" decoding=\"async\" src=\"https:\/\/blogs.udima.es\/administracion-y-direccion-de-empresas\/images_book\/p267-02.png\" width=\"478\" height=\"148\" \/><\/p>\n<p>&nbsp;<\/p>\n<p> en k se debe cumplir:<\/p>\n<p> lo que se debe en k = [lo recibido \u2013 lo pagado]<sub>k<\/sub><\/p>\n<p>por tanto en k:<\/p>\n<p>&nbsp;<\/p>\n<p><img loading=\"lazy\" decoding=\"async\" src=\"https:\/\/blogs.udima.es\/administracion-y-direccion-de-empresas\/images_book\/p267-03.png\" width=\"238\" height=\"39\" \/><\/p>\n<p>&nbsp; <\/p>\n<h4>6.1.4.2. 2\u00aa posibilidad: m\u00e9todo prospectivo, a trav\u00e9s de los t\u00e9rminos amortizativos futuros<\/h4>\n<p>&nbsp; <\/p>\n<p><img loading=\"lazy\" decoding=\"async\" src=\"https:\/\/blogs.udima.es\/administracion-y-direccion-de-empresas\/images_book\/p268-01.png\" width=\"501\" height=\"131\" \/><\/p>\n<p>&nbsp;<\/p>\n<p> en k se debe cumplir:<\/p>\n<p>lo que supondr\u00eda la cancelaci\u00f3n total en k = [cantidades pendientes de pagar]<sub>k<\/sub><\/p>\n<p> por tanto en k:<\/p>\n<p>&nbsp; <\/p>\n<p><img loading=\"lazy\" decoding=\"async\" src=\"https:\/\/blogs.udima.es\/administracion-y-direccion-de-empresas\/images_book\/p268-02.png\" width=\"153\" height=\"38\" \/><\/p>\n<p>&nbsp;<\/p>\n<h3> 6.1.5. C\u00e1lculo de la cuota de inter\u00e9s del per\u00edodo k+1 (I<sub>k+1<\/sub>)<\/h3>\n<p> Los intereses de cualquier per\u00edodo se calcular\u00e1n a partir de la deuda pendiente a principios de ese per\u00edodo, al tanto efectivo vigente durante el mismo.<\/p>\n<p>I<sub>k+1<\/sub>  =  C<sub>k<\/sub>  x  i<\/p>\n<p>&nbsp;<\/p>\n<div class=\"ejemplo\">\n<p><strong>EJEMPLO 6 <\/strong><\/p>\n<p> Construir el cuadro de amortizaci\u00f3n de un pr\u00e9stamo de 10.000 euros, al 10% de inter\u00e9s anual, amortizable en 3 a\u00f1os, con anualidades que van aumentando un 5% cada a\u00f1o de forma acumulativa.<\/p>\n<p>&nbsp;<\/p>\n<table border=\"1\" align=\"center\" cellpadding=\"5\" cellspacing=\"0\">\n<tr>\n<td>\n<div align=\"center\"><span class=\"progress\">&nbsp;<\/span><\/div>\n<\/td>\n<td>\n<div align=\"center\"><span class=\"progress\">(1) <br \/>\n      <\/span><\/div>\n<\/td>\n<td>\n<div align=\"center\"><span class=\"progress\">(2) <\/span><\/div>\n<\/td>\n<td>\n<div align=\"center\"><span class=\"progress\">(3) <\/span><\/div>\n<\/td>\n<td>\n<div align=\"center\"><span class=\"progress\">(4) <\/span><\/div>\n<\/td>\n<td>\n<div align=\"center\"><span class=\"progress\">(5)<\/span><\/div>\n<\/td>\n<\/tr>\n<tr>\n<td>\n<div align=\"center\"><span class=\"progress\">A\u00f1os<\/span><\/div>\n<\/td>\n<td>\n<div align=\"center\"><span class=\"progress\">T\u00e9rmino amortizativo<br \/>\n      <\/span><\/div>\n<\/td>\n<td>\n<div align=\"center\"><span class=\"progress\"> Cuota de inter\u00e9s<\/span><\/div>\n<\/td>\n<td>\n<div align=\"center\"><span class=\"progress\">Cuota de amortizaci\u00f3n<\/span><\/div>\n<\/td>\n<td>\n<div align=\"center\"><span class=\"progress\">Total amortizado<\/span><\/div>\n<\/td>\n<td>\n<div align=\"center\"><span class=\"progress\">Capital<br \/>\n     vivo<\/span><\/div>\n<\/td>\n<\/tr>\n<tr>\n<td>\n<div align=\"center\">0<br \/>\n  1<br \/>\n  2<br \/>\n  3 <\/div>\n<\/td>\n<td>\n<div align=\"right\">\n        3.838,50<br \/>\n        4.030,43<br \/>\n      4.231,94 <\/div>\n<\/td>\n<td>\n<div align=\"right\">\n        1.000,00<br \/>\n        716,15<br \/>\n      384,72 <\/div>\n<\/td>\n<td>\n<div align=\"right\">\n        2.838,50<br \/>\n        3.314,28<br \/>\n      3.847,22 <\/div>\n<\/td>\n<td>\n<div align=\"right\">\n        2.838,50<br \/>\n        6.152,78<br \/>\n      10.000,00<\/div>\n<\/td>\n<td>\n<div align=\"right\">10.000,00<br \/>\n        7.161,50<br \/>\n        3.847,22\n      <\/div>\n<\/td>\n<\/tr>\n<tr>\n<td>\n<div align=\"center\" class=\"progress\">Total <\/div>\n<\/td>\n<td>\n<div align=\"right\" class=\"progress\">12.100,87 <\/div>\n<\/td>\n<td>\n<div align=\"right\" class=\"progress\">2.100,87 <\/div>\n<\/td>\n<td>\n<div align=\"right\" class=\"progress\">10.000,00<\/div>\n<\/td>\n<td><span class=\"progress\">&nbsp;<br \/>\n      <\/span><\/p>\n<div align=\"right\" class=\"progress\"><\/div>\n<\/td>\n<td><span class=\"progress\">&nbsp;<br \/>\n      <\/span><\/p>\n<div align=\"right\" class=\"progress\"><\/div>\n<\/td>\n<\/tr>\n<\/table>\n<p>&nbsp;<\/p>\n<p>\n    <u><em>Descripci\u00f3n de los pasos a seguir para construir el cuadro:<\/em><\/u><\/p>\n<p> <span class=\"progress\">(1)<\/span>  Se calcula el importe del pago total a realizar en el primer per\u00edodo (t\u00e9rmino amortizativo) a trav\u00e9s de la f\u00f3rmula anterior.<\/p>\n<p><img loading=\"lazy\" decoding=\"async\" src=\"https:\/\/blogs.udima.es\/administracion-y-direccion-de-empresas\/images_book\/p269-01.png\" width=\"347\" height=\"78\" \/><\/p>\n<p><span class=\"progress\">(2)<\/span>    La cuota de inter\u00e9s se calcula sobre el capital pendiente a principios de cada per\u00edodo <span class=\"progress\">(5)<\/span>.<br \/>\n    <span class=\"progress\">(3)<\/span>    La cantidad destinada a amortizar ser\u00e1 la diferencia entre el total pagado en el per\u00edodo <span class=\"progress\">(1)<\/span> y lo que se dedica a intereses <span class=\"progress\">(2)<\/span>.<br \/>\n    <span class=\"progress\">(4)<\/span>    Se calcula el total amortizado por sumas parciales de las cuotas de amortizaci\u00f3n practicadas hasta la fecha.<br \/>\n    <span class=\"progress\">(5)<\/span>    La deuda pendiente se obtendr\u00e1 de restar al capital a principios de cada per\u00edodo la cuota de amortizaci\u00f3n de ese mismo per\u00edodo, o bien, al importe del pr\u00e9stamo (C<sub>0<\/sub>) se le resta el total amortizado <span class=\"progress\">(4)<\/span> ya acumulado hasta ese momento.\n          <\/p>\n<\/div>\n<p>&nbsp;<\/p>\n<p>&nbsp;<\/p>\n","protected":false},"excerpt":{"rendered":"<p>Este m\u00e9todo se caracteriza porque: Los t\u00e9rminos amortizativos var\u00edan en progresi\u00f3n geom\u00e9trica, y El tanto de valoraci\u00f3n y la raz\u00f3n de la progresi\u00f3n permanecen constantes, durante toda la operaci\u00f3n. De esta raz\u00f3n va a depender la variaci\u00f3n que se ir\u00e1 produciendo en las cuotas. As\u00ed, a mayor raz\u00f3n menor es la cuota inicial y mayor [&hellip;]<\/p>\n","protected":false},"author":27,"featured_media":0,"parent":0,"menu_order":4060,"comment_status":"closed","ping_status":"closed","template":"","meta":{"footnotes":""},"yoast_head":"<!-- This site is optimized with the Yoast SEO plugin v22.9 - https:\/\/yoast.com\/wordpress\/plugins\/seo\/ -->\n<title>6. M\u00e9todo de amortizaci\u00f3n con t\u00e9rminos amortizativos variables en progresi\u00f3n - Blog de ADE<\/title>\n<meta name=\"robots\" content=\"index, follow, max-snippet:-1, max-image-preview:large, max-video-preview:-1\" \/>\n<link rel=\"canonical\" href=\"https:\/\/blogs.udima.es\/administracion-y-direccion-de-empresas\/metodo-de-amortizacion-con-terminos-amortizativos-variables-en-progresion-geometrica-i-p29-htm\/\" \/>\n<meta property=\"og:locale\" content=\"es_ES\" \/>\n<meta property=\"og:type\" content=\"article\" \/>\n<meta property=\"og:title\" content=\"6. M\u00e9todo de amortizaci\u00f3n con t\u00e9rminos amortizativos variables en progresi\u00f3n - Blog de ADE\" \/>\n<meta property=\"og:description\" content=\"Este m\u00e9todo se caracteriza porque: Los t\u00e9rminos amortizativos var\u00edan en progresi\u00f3n geom\u00e9trica, y El tanto de valoraci\u00f3n y la raz\u00f3n de la progresi\u00f3n permanecen constantes, durante toda la operaci\u00f3n. De esta raz\u00f3n va a depender la variaci\u00f3n que se ir\u00e1 produciendo en las cuotas. As\u00ed, a mayor raz\u00f3n menor es la cuota inicial y mayor [&hellip;]\" \/>\n<meta property=\"og:url\" content=\"https:\/\/blogs.udima.es\/administracion-y-direccion-de-empresas\/metodo-de-amortizacion-con-terminos-amortizativos-variables-en-progresion-geometrica-i-p29-htm\/\" \/>\n<meta property=\"og:site_name\" content=\"Blog de ADE - Universidad a Distancia de Madrid | UDIMA\" \/>\n<meta property=\"article:modified_time\" content=\"2016-07-15T11:09:55+00:00\" \/>\n<meta property=\"og:image\" content=\"https:\/\/blogs.udima.es\/administracion-y-direccion-de-empresas\/images_book\/p263-01.png\" \/>\n<meta name=\"twitter:card\" content=\"summary_large_image\" \/>\n<meta name=\"twitter:label1\" content=\"Tiempo de lectura\" \/>\n\t<meta name=\"twitter:data1\" content=\"6 minutos\" \/>\n<script type=\"application\/ld+json\" class=\"yoast-schema-graph\">{\"@context\":\"https:\/\/schema.org\",\"@graph\":[{\"@type\":\"WebPage\",\"@id\":\"https:\/\/blogs.udima.es\/administracion-y-direccion-de-empresas\/metodo-de-amortizacion-con-terminos-amortizativos-variables-en-progresion-geometrica-i-p29-htm\/\",\"url\":\"https:\/\/blogs.udima.es\/administracion-y-direccion-de-empresas\/metodo-de-amortizacion-con-terminos-amortizativos-variables-en-progresion-geometrica-i-p29-htm\/\",\"name\":\"6. M\u00e9todo de amortizaci\u00f3n con t\u00e9rminos amortizativos variables en progresi\u00f3n - Blog de ADE\",\"isPartOf\":{\"@id\":\"https:\/\/blogs.udima.es\/administracion-y-direccion-de-empresas\/#website\"},\"primaryImageOfPage\":{\"@id\":\"https:\/\/blogs.udima.es\/administracion-y-direccion-de-empresas\/metodo-de-amortizacion-con-terminos-amortizativos-variables-en-progresion-geometrica-i-p29-htm\/#primaryimage\"},\"image\":{\"@id\":\"https:\/\/blogs.udima.es\/administracion-y-direccion-de-empresas\/metodo-de-amortizacion-con-terminos-amortizativos-variables-en-progresion-geometrica-i-p29-htm\/#primaryimage\"},\"thumbnailUrl\":\"https:\/\/blogs.udima.es\/administracion-y-direccion-de-empresas\/images_book\/p263-01.png\",\"datePublished\":\"2016-07-15T11:08:58+00:00\",\"dateModified\":\"2016-07-15T11:09:55+00:00\",\"breadcrumb\":{\"@id\":\"https:\/\/blogs.udima.es\/administracion-y-direccion-de-empresas\/metodo-de-amortizacion-con-terminos-amortizativos-variables-en-progresion-geometrica-i-p29-htm\/#breadcrumb\"},\"inLanguage\":\"es\",\"potentialAction\":[{\"@type\":\"ReadAction\",\"target\":[\"https:\/\/blogs.udima.es\/administracion-y-direccion-de-empresas\/metodo-de-amortizacion-con-terminos-amortizativos-variables-en-progresion-geometrica-i-p29-htm\/\"]}]},{\"@type\":\"ImageObject\",\"inLanguage\":\"es\",\"@id\":\"https:\/\/blogs.udima.es\/administracion-y-direccion-de-empresas\/metodo-de-amortizacion-con-terminos-amortizativos-variables-en-progresion-geometrica-i-p29-htm\/#primaryimage\",\"url\":\"https:\/\/blogs.udima.es\/administracion-y-direccion-de-empresas\/images_book\/p263-01.png\",\"contentUrl\":\"https:\/\/blogs.udima.es\/administracion-y-direccion-de-empresas\/images_book\/p263-01.png\"},{\"@type\":\"BreadcrumbList\",\"@id\":\"https:\/\/blogs.udima.es\/administracion-y-direccion-de-empresas\/metodo-de-amortizacion-con-terminos-amortizativos-variables-en-progresion-geometrica-i-p29-htm\/#breadcrumb\",\"itemListElement\":[{\"@type\":\"ListItem\",\"position\":1,\"name\":\"Portada\",\"item\":\"https:\/\/blogs.udima.es\/administracion-y-direccion-de-empresas\/\"},{\"@type\":\"ListItem\",\"position\":2,\"name\":\"6. M\u00e9todo de amortizaci\u00f3n con t\u00e9rminos amortizativos variables en progresi\u00f3n\"}]},{\"@type\":\"WebSite\",\"@id\":\"https:\/\/blogs.udima.es\/administracion-y-direccion-de-empresas\/#website\",\"url\":\"https:\/\/blogs.udima.es\/administracion-y-direccion-de-empresas\/\",\"name\":\"Blog de ADE - Universidad a Distancia de Madrid | UDIMA\",\"description\":\"\",\"potentialAction\":[{\"@type\":\"SearchAction\",\"target\":{\"@type\":\"EntryPoint\",\"urlTemplate\":\"https:\/\/blogs.udima.es\/administracion-y-direccion-de-empresas\/?s={search_term_string}\"},\"query-input\":\"required name=search_term_string\"}],\"inLanguage\":\"es\"}]}<\/script>\n<!-- \/ Yoast SEO plugin. -->","yoast_head_json":{"title":"6. M\u00e9todo de amortizaci\u00f3n con t\u00e9rminos amortizativos variables en progresi\u00f3n - Blog de ADE","robots":{"index":"index","follow":"follow","max-snippet":"max-snippet:-1","max-image-preview":"max-image-preview:large","max-video-preview":"max-video-preview:-1"},"canonical":"https:\/\/blogs.udima.es\/administracion-y-direccion-de-empresas\/metodo-de-amortizacion-con-terminos-amortizativos-variables-en-progresion-geometrica-i-p29-htm\/","og_locale":"es_ES","og_type":"article","og_title":"6. M\u00e9todo de amortizaci\u00f3n con t\u00e9rminos amortizativos variables en progresi\u00f3n - Blog de ADE","og_description":"Este m\u00e9todo se caracteriza porque: Los t\u00e9rminos amortizativos var\u00edan en progresi\u00f3n geom\u00e9trica, y El tanto de valoraci\u00f3n y la raz\u00f3n de la progresi\u00f3n permanecen constantes, durante toda la operaci\u00f3n. De esta raz\u00f3n va a depender la variaci\u00f3n que se ir\u00e1 produciendo en las cuotas. As\u00ed, a mayor raz\u00f3n menor es la cuota inicial y mayor [&hellip;]","og_url":"https:\/\/blogs.udima.es\/administracion-y-direccion-de-empresas\/metodo-de-amortizacion-con-terminos-amortizativos-variables-en-progresion-geometrica-i-p29-htm\/","og_site_name":"Blog de ADE - Universidad a Distancia de Madrid | UDIMA","article_modified_time":"2016-07-15T11:09:55+00:00","og_image":[{"url":"https:\/\/blogs.udima.es\/administracion-y-direccion-de-empresas\/images_book\/p263-01.png"}],"twitter_card":"summary_large_image","twitter_misc":{"Tiempo de lectura":"6 minutos"},"schema":{"@context":"https:\/\/schema.org","@graph":[{"@type":"WebPage","@id":"https:\/\/blogs.udima.es\/administracion-y-direccion-de-empresas\/metodo-de-amortizacion-con-terminos-amortizativos-variables-en-progresion-geometrica-i-p29-htm\/","url":"https:\/\/blogs.udima.es\/administracion-y-direccion-de-empresas\/metodo-de-amortizacion-con-terminos-amortizativos-variables-en-progresion-geometrica-i-p29-htm\/","name":"6. M\u00e9todo de amortizaci\u00f3n con t\u00e9rminos amortizativos variables en progresi\u00f3n - Blog de ADE","isPartOf":{"@id":"https:\/\/blogs.udima.es\/administracion-y-direccion-de-empresas\/#website"},"primaryImageOfPage":{"@id":"https:\/\/blogs.udima.es\/administracion-y-direccion-de-empresas\/metodo-de-amortizacion-con-terminos-amortizativos-variables-en-progresion-geometrica-i-p29-htm\/#primaryimage"},"image":{"@id":"https:\/\/blogs.udima.es\/administracion-y-direccion-de-empresas\/metodo-de-amortizacion-con-terminos-amortizativos-variables-en-progresion-geometrica-i-p29-htm\/#primaryimage"},"thumbnailUrl":"https:\/\/blogs.udima.es\/administracion-y-direccion-de-empresas\/images_book\/p263-01.png","datePublished":"2016-07-15T11:08:58+00:00","dateModified":"2016-07-15T11:09:55+00:00","breadcrumb":{"@id":"https:\/\/blogs.udima.es\/administracion-y-direccion-de-empresas\/metodo-de-amortizacion-con-terminos-amortizativos-variables-en-progresion-geometrica-i-p29-htm\/#breadcrumb"},"inLanguage":"es","potentialAction":[{"@type":"ReadAction","target":["https:\/\/blogs.udima.es\/administracion-y-direccion-de-empresas\/metodo-de-amortizacion-con-terminos-amortizativos-variables-en-progresion-geometrica-i-p29-htm\/"]}]},{"@type":"ImageObject","inLanguage":"es","@id":"https:\/\/blogs.udima.es\/administracion-y-direccion-de-empresas\/metodo-de-amortizacion-con-terminos-amortizativos-variables-en-progresion-geometrica-i-p29-htm\/#primaryimage","url":"https:\/\/blogs.udima.es\/administracion-y-direccion-de-empresas\/images_book\/p263-01.png","contentUrl":"https:\/\/blogs.udima.es\/administracion-y-direccion-de-empresas\/images_book\/p263-01.png"},{"@type":"BreadcrumbList","@id":"https:\/\/blogs.udima.es\/administracion-y-direccion-de-empresas\/metodo-de-amortizacion-con-terminos-amortizativos-variables-en-progresion-geometrica-i-p29-htm\/#breadcrumb","itemListElement":[{"@type":"ListItem","position":1,"name":"Portada","item":"https:\/\/blogs.udima.es\/administracion-y-direccion-de-empresas\/"},{"@type":"ListItem","position":2,"name":"6. M\u00e9todo de amortizaci\u00f3n con t\u00e9rminos amortizativos variables en progresi\u00f3n"}]},{"@type":"WebSite","@id":"https:\/\/blogs.udima.es\/administracion-y-direccion-de-empresas\/#website","url":"https:\/\/blogs.udima.es\/administracion-y-direccion-de-empresas\/","name":"Blog de ADE - Universidad a Distancia de Madrid | UDIMA","description":"","potentialAction":[{"@type":"SearchAction","target":{"@type":"EntryPoint","urlTemplate":"https:\/\/blogs.udima.es\/administracion-y-direccion-de-empresas\/?s={search_term_string}"},"query-input":"required name=search_term_string"}],"inLanguage":"es"}]}},"_links":{"self":[{"href":"https:\/\/blogs.udima.es\/administracion-y-direccion-de-empresas\/wp-json\/wp\/v2\/pages\/1911"}],"collection":[{"href":"https:\/\/blogs.udima.es\/administracion-y-direccion-de-empresas\/wp-json\/wp\/v2\/pages"}],"about":[{"href":"https:\/\/blogs.udima.es\/administracion-y-direccion-de-empresas\/wp-json\/wp\/v2\/types\/page"}],"author":[{"embeddable":true,"href":"https:\/\/blogs.udima.es\/administracion-y-direccion-de-empresas\/wp-json\/wp\/v2\/users\/27"}],"replies":[{"embeddable":true,"href":"https:\/\/blogs.udima.es\/administracion-y-direccion-de-empresas\/wp-json\/wp\/v2\/comments?post=1911"}],"version-history":[{"count":2,"href":"https:\/\/blogs.udima.es\/administracion-y-direccion-de-empresas\/wp-json\/wp\/v2\/pages\/1911\/revisions"}],"predecessor-version":[{"id":1913,"href":"https:\/\/blogs.udima.es\/administracion-y-direccion-de-empresas\/wp-json\/wp\/v2\/pages\/1911\/revisions\/1913"}],"wp:attachment":[{"href":"https:\/\/blogs.udima.es\/administracion-y-direccion-de-empresas\/wp-json\/wp\/v2\/media?parent=1911"}],"curies":[{"name":"wp","href":"https:\/\/api.w.org\/{rel}","templated":true}]}}