{"id":1906,"date":"2016-07-15T10:54:10","date_gmt":"2016-07-15T10:54:10","guid":{"rendered":"http:\/\/blogs.udima.es\/administracion-y-direccion-de-empresas\/?page_id=1906"},"modified":"2016-07-15T11:05:33","modified_gmt":"2016-07-15T11:05:33","slug":"metodo-de-cuota-de-amortizacion-constante-metodo-lineal-p28-htm","status":"publish","type":"page","link":"https:\/\/blogs.udima.es\/administracion-y-direccion-de-empresas\/metodo-de-cuota-de-amortizacion-constante-metodo-lineal-p28-htm\/","title":{"rendered":"5. M\u00e9todo de cuota de amortizaci\u00f3n constante m\u00e9todo lineal"},"content":{"rendered":"<p>En este tipo de pr\u00e9stamos, el prestatario se compromete a devolver todos los per\u00edodos la misma cantidad de capital, esto es, la cuota de amortizaci\u00f3n (A<sub>k<\/sub>) se mantiene constante durante todo el pr\u00e9stamo.<\/p>\n<p> Considerando que el importe del pr\u00e9stamo es C<sub>0<\/sub>, con un tipo de inter\u00e9s constante i, y amortizable en n per\u00edodos, en este caso debe cumplirse que:<\/p>\n<blockquote>\n<p> A<sub>1<\/sub> = A<sub>2<\/sub> = A<sub>3<\/sub> = \u2026 = A<sub>n<\/sub> = A<\/p>\n<\/blockquote>\n<h2> 5.1. PASOS A SEGUIR<\/h2>\n<p> En este caso, se calcula en primer lugar todo lo que tenga que ver con las cuotas de amortizaci\u00f3n, f\u00e1ciles de calcular, a continuaci\u00f3n los intereses y, finalmente, los t\u00e9rminos amortizativos.<\/p>\n<h3> 5.1.1. C\u00e1lculo de la cuota de amortizaci\u00f3n (A)<\/h3>\n<p> Sabiendo que la suma de todas las cuotas de principal es el importe del pr\u00e9stamo y que, adem\u00e1s, \u00e9stas se mantienen constantes se debe cumplir:<\/p>\n<blockquote>\n<p> C<sub>0<\/sub> = A<sub>1<\/sub> + A<sub>2<\/sub> + A<sub>3<\/sub> + \u2026  + A<sub>n<\/sub> = A x n<\/p>\n<\/blockquote>\n<p> de donde se obtiene:<\/p>\n<blockquote>\n<p> &nbsp;&nbsp;&nbsp;&nbsp;&nbsp;&nbsp;&nbsp;&nbsp;&nbsp;C<sub>0<\/sub><br \/>\n    A = &#8212;&#8212;&#8211; <br \/>\n&nbsp;&nbsp;&nbsp;&nbsp;&nbsp;&nbsp;&nbsp;&nbsp;&nbsp;&nbsp;n<\/p>\n<\/blockquote>\n<h3>5.1.2. C\u00e1lculo del total amortizado despu\u00e9s de k per\u00edodos (mk)<\/h3>\n<p>&nbsp;<\/p>\n<blockquote>\n<p><img loading=\"lazy\" decoding=\"async\" src=\"https:\/\/blogs.udima.es\/administracion-y-direccion-de-empresas\/images_book\/p259-01.png\" width=\"477\" height=\"182\" \/> <\/p>\n<\/blockquote>\n<p>&nbsp;<\/p>\n<p>Si se conoce lo que se amortiza en cada momento, el total amortizado hasta una fecha ser\u00e1 la suma aritm\u00e9tica de las cuotas ya practicadas.<\/p>\n<blockquote>\n<p>m<sub>k<\/sub> = A<sub>1<\/sub> + A<sub>2<\/sub> + \u2026 + A<sub>k<\/sub> = A x k<\/p>\n<\/blockquote>\n<h3>5.1.3. C\u00e1lculo del capital vivo a principios del per\u00edodo k+1 (C<sub>k<\/sub>)<\/h3>\n<p> Se realizar\u00e1 a trav\u00e9s de las cuotas de amortizaci\u00f3n (pasadas o futuras).<\/p>\n<p>&nbsp; <\/p>\n<blockquote>\n<p><img loading=\"lazy\" decoding=\"async\" src=\"https:\/\/blogs.udima.es\/administracion-y-direccion-de-empresas\/images_book\/p260-01.png\" width=\"501\" height=\"171\" \/><\/p>\n<\/blockquote>\n<p>&nbsp;<\/p>\n<h4> 5.1.3.1. 1.\u00aa posibilidad: por el m\u00e9todo retrospectivo, el capital pendiente ser\u00e1 el importe del pr\u00e9stamo disminuido en la totalidad de las cuotas de amortizaci\u00f3n ya practicadas<\/h4>\n<blockquote>\n<p> C<sub>k<\/sub> = C<sub>0<\/sub> \u2013 m<sub>k<\/sub> = C<sub>0<\/sub> \u2013 [A + A + \u2026 + A] = C<sub>0<\/sub> \u2013 A x k<\/p>\n<\/blockquote>\n<h4>5.1.3.2.<br \/>\n  2.\u00aa posibilidad: por el m\u00e9todo prospectivo, el capital pendiente ser\u00e1 la suma aritm\u00e9tica de las cuotas de amortizaci\u00f3n a\u00fan pendientes de realizar<\/h4>\n<blockquote>\n<p> C<sub>k<\/sub> = A<sub>k+1<\/sub> + A<sub>k+2<\/sub> + \u2026 + A<sub>n<\/sub> = (n \u2013 k) x A<\/p>\n<\/blockquote>\n<h3> 5.1.4. C\u00e1lculo de cuota de inter\u00e9s del per\u00edodo k+1 (I<sub>k+1<\/sub>)<\/h3>\n<p> Los intereses de cualquier per\u00edodo se calcular\u00e1n a partir de la deuda pendiente a principios de ese per\u00edodo, al tanto efectivo vigente durante el mismo.<\/p>\n<blockquote>\n<p>I<sub>k+1<\/sub> = C<sub>k<\/sub> x i<\/p>\n<\/blockquote>\n<h3> 5.1.5. C\u00e1lculo de los t\u00e9rminos amortizativos: ley de recurrencia (a<sub>k<\/sub>)<\/h3>\n<p> Puesto que los t\u00e9rminos amortizativos son la suma de la cuota de inter\u00e9s (decrecientes porque se calculan sobre capitales cada vez menores) y la cuota de amortizaci\u00f3n (en este caso constantes), los t\u00e9rminos variar\u00e1n como lo hacen las cuotas de inter\u00e9s y seguir\u00e1n una ley matem\u00e1tica.<\/p>\n<h4>5.1.5.1.<br \/>\n  1.\u00aa posibilidad: calcular el importe del t\u00e9rmino amortizativo a trav\u00e9s de su propia estructura, calculando la cuota de inter\u00e9s y a\u00f1adiendo la cuota de amortizaci\u00f3n constante ya conocida<\/h4>\n<blockquote>\n<p> Per\u00edodo 1: a<sub>1<\/sub> = I<sub>1<\/sub> + A = C<sub>0<\/sub> x i + A<br \/>\n    Per\u00edodo 2: a<sub>2<\/sub> = I<sub>2<\/sub> + A = C<sub>1<\/sub> x i + A = (C<sub>0<\/sub> \u2013 A) x i + A<br \/>\n    &#8230;<\/p>\n<\/blockquote>\n<h4>5.1.5.2.<br \/>\n  2.\u00aa posibilidad: consistir\u00e1 en calcular el primer t\u00e9rmino y obtener todos a trav\u00e9s de la ley de recurrencia que \u00e9stos siguen y que se obtiene al relacionar, por diferencias, dos t\u00e9rminos amortizativos consecutivos cualesquiera<\/h4>\n<blockquote>\n<p> Per\u00edodo k:&nbsp;&nbsp;&nbsp;&nbsp;&nbsp;&nbsp;&nbsp;&nbsp; a<sub>k<\/sub> = I<sub>k<\/sub> + A = C<sub>k-1<\/sub> x i + A<br \/>\n    Per\u00edodo k+1: &nbsp;&nbsp;&nbsp;&nbsp;a<sub>k+1<\/sub> = I<sub>k+1<\/sub> + A = C<sub>k<\/sub> x i + A <br \/>\n    &#8212;&#8212;&#8212;&#8212;&#8212;&#8212;&#8212;&#8212;&#8212;&#8212;&#8212;&#8212;&#8212;&#8212;&#8212;&#8212;&#8212;&#8212;-<br \/>\n    <br \/>\n    &nbsp;&nbsp;&nbsp;&nbsp;&nbsp;&nbsp;&nbsp;&nbsp;&nbsp;&nbsp;&nbsp;&nbsp;&nbsp;&nbsp;&nbsp;&nbsp;&nbsp;&nbsp;&nbsp;&nbsp;&nbsp;&nbsp;&nbsp;&nbsp;&nbsp;a<sub>k<\/sub> \u2013 a<sub>k+1<\/sub> = (C<sub>k-1<\/sub> \u2013 C<sub>k<\/sub>) x i <\/p>\n<\/blockquote>\n<p> siendo: C<sub>k-1<\/sub> \u2013 C<sub>k<\/sub> = A, queda:<\/p>\n<blockquote>\n<p> a<sub>k<\/sub> \u2013 a<sub>k+1<\/sub> = A x i<\/p>\n<\/blockquote>\n<p> de donde se obtiene:<\/p>\n<blockquote>\n<p> a<sub>k+1<\/sub> = a<sub>k<\/sub> \u2013 A x i<\/p>\n<\/blockquote>\n<p> lo que indica que cualquier t\u00e9rmino amortizativo es el anterior menos una cuant\u00eda constante, es decir, los t\u00e9rminos var\u00edan en progresi\u00f3n aritm\u00e9tica de raz\u00f3n \u2013 (A x i), por lo que todos los t\u00e9rminos se pueden calcular a partir del primero de ellos:<\/p>\n<blockquote>\n<p> a<sub>k+1<\/sub> = a<sub>1<\/sub> \u2013 k x A x i<\/p>\n<\/blockquote>\n<p>&nbsp;<\/p>\n<div class=\"ejemplo\">\n<p><strong>EJEMPLO 5 <\/strong><\/p>\n<p>Construir el cuadro de amortizaci\u00f3n de un pr\u00e9stamo de 300.000 euros, al 10% de inter\u00e9s anual, amortizable en 3 a\u00f1os, con cuotas de amortizaci\u00f3n anuales constantes.<\/p>\n<p>&nbsp;<\/p>\n<table border=\"1\" align=\"center\" cellpadding=\"5\" cellspacing=\"0\">\n<tr>\n<td>\n<div align=\"center\">&nbsp;<\/div>\n<\/td>\n<td>\n<div align=\"center\" class=\"progress\">(5) \n      <\/div>\n<\/td>\n<td>\n<div align=\"center\" class=\"progress\">(4) <\/div>\n<\/td>\n<td>\n<div align=\"center\" class=\"progress\">(1)<\/div>\n<\/td>\n<td>\n<div align=\"center\" class=\"progress\">(2)<\/div>\n<\/td>\n<td>\n<div align=\"center\" class=\"progress\">(3)<\/div>\n<\/td>\n<\/tr>\n<tr>\n<td>\n<div align=\"center\" class=\"progress\">A\u00f1os \n      <\/div>\n<\/td>\n<td>\n<div align=\"center\" class=\"progress\">T\u00e9rmino amortizativo<\/div>\n<\/td>\n<td>\n<div align=\"center\" class=\"progress\">Cuota de inter\u00e9s <\/div>\n<\/td>\n<td>\n<div align=\"center\" class=\"progress\">Cuota de amortizaci\u00f3n <\/div>\n<\/td>\n<td>\n<div align=\"center\" class=\"progress\">Total amortizado<\/div>\n<\/td>\n<td>\n<div align=\"center\" class=\"progress\">Capital<br \/>\n   vivo<\/div>\n<\/td>\n<\/tr>\n<tr>\n<td>\n<div align=\"center\">0 <br \/>\n  1 <br \/>\n  2 <br \/>\n  3 \n      <\/div>\n<\/td>\n<td>\n<div align=\"right\">\n          130.000,00 <br \/>\n        120.000,00 <br \/>\n      110.000,00 <\/div>\n<\/td>\n<td>\n<div align=\"right\">\n          30.000,00 <br \/>\n        20.000,00 <br \/>\n      10.000,00 <\/div>\n<\/td>\n<td>\n<div align=\"right\">\n          100.000,00 <br \/>\n        100.000,00 <br \/>\n      100.000,00 <\/div>\n<\/td>\n<td>\n<div align=\"right\">\n          100.000,00 <br \/>\n        200.000,00 <br \/>\n      300.000,00<\/div>\n<\/td>\n<td>\n<div align=\"right\">300.000,00<br \/>\n        200.000,00<br \/>\n        100.000,00\n      <\/div>\n<\/td>\n<\/tr>\n<tr>\n<td>\n<div align=\"center\" class=\"progress\">Total <\/div>\n<\/td>\n<td>\n<div align=\"right\" class=\"progress\">360.000,00 <\/div>\n<\/td>\n<td>\n<div align=\"right\" class=\"progress\">60.000,00 <\/div>\n<\/td>\n<td>\n<div align=\"right\" class=\"progress\">300.000,00<\/div>\n<\/td>\n<td>&nbsp;<\/p>\n<div align=\"right\"><\/div>\n<\/td>\n<td>&nbsp;<\/p>\n<div align=\"right\"><\/div>\n<\/td>\n<\/tr>\n<\/table>\n<p>&nbsp;<\/p>\n<p>\n    <u><em>Descripci\u00f3n de los pasos a seguir para construir el cuadro:<\/em><\/u><\/p>\n<p> <span class=\"progress\">(1)<\/span>    Se calcula la cuota de amortizaci\u00f3n a trav\u00e9s del fraccionamiento del importe del pr\u00e9stamo en pagos iguales.<\/p>\n<blockquote>\n<p>&nbsp;&nbsp;&nbsp;&nbsp;&nbsp;&nbsp;&nbsp;300.000<br \/>\n      A = &#8212;&#8212;&#8212;&#8211; = 100.000<br \/>\n&nbsp;&nbsp;&nbsp;&nbsp;&nbsp;&nbsp;&nbsp;&nbsp;&nbsp;&nbsp;&nbsp;&nbsp;3<\/p>\n<\/blockquote>\n<p> <span class=\"progress\">(2)<\/span>    Se calcula el total amortizado por sumas parciales de las cuotas de amortizaci\u00f3n practicadas hasta la fecha.<br \/>\n    <span class=\"progress\">(3)<\/span>    La deuda pendiente se obtendr\u00e1 de restar al capital pendiente a principios de cada per\u00edodo la cuota de amortizaci\u00f3n de ese mismo per\u00edodo, o bien, al importe del pr\u00e9stamo se le resta el total amortizado <span class=\"progress\">(2) <\/span>ya acumulado.<br \/>\n    <span class=\"progress\">(4) <\/span>Las cuotas de inter\u00e9s se calculan sobre el capital pendiente a principios de cada per\u00edodo <span class=\"progress\">(3)<\/span> y se pagan al final del mismo.<br \/>\n    <span class=\"progress\">(5)<\/span>    El t\u00e9rmino amortizativo de cada per\u00edodo ser\u00e1 la suma de las columnas <span class=\"progress\">(1)<\/span> y <span class=\"progress\">(4)<\/span>.<\/p>\n<\/div>\n<p>&nbsp;<\/p>\n<p>&nbsp;<\/p>\n<p><\/p>\n","protected":false},"excerpt":{"rendered":"<p>En este tipo de pr\u00e9stamos, el prestatario se compromete a devolver todos los per\u00edodos la misma cantidad de capital, esto es, la cuota de amortizaci\u00f3n (Ak) se mantiene constante durante todo el pr\u00e9stamo. Considerando que el importe del pr\u00e9stamo es C0, con un tipo de inter\u00e9s constante i, y amortizable en n per\u00edodos, en este [&hellip;]<\/p>\n","protected":false},"author":27,"featured_media":0,"parent":0,"menu_order":4050,"comment_status":"closed","ping_status":"closed","template":"","meta":{"footnotes":""},"yoast_head":"<!-- This site is optimized with the Yoast SEO plugin v22.9 - https:\/\/yoast.com\/wordpress\/plugins\/seo\/ -->\n<title>5. M\u00e9todo de cuota de amortizaci\u00f3n constante m\u00e9todo lineal - Blog de ADE<\/title>\n<meta name=\"robots\" content=\"index, follow, max-snippet:-1, max-image-preview:large, max-video-preview:-1\" \/>\n<link rel=\"canonical\" href=\"https:\/\/blogs.udima.es\/administracion-y-direccion-de-empresas\/metodo-de-cuota-de-amortizacion-constante-metodo-lineal-p28-htm\/\" \/>\n<meta property=\"og:locale\" content=\"es_ES\" \/>\n<meta property=\"og:type\" content=\"article\" \/>\n<meta property=\"og:title\" content=\"5. M\u00e9todo de cuota de amortizaci\u00f3n constante m\u00e9todo lineal - Blog de ADE\" \/>\n<meta property=\"og:description\" content=\"En este tipo de pr\u00e9stamos, el prestatario se compromete a devolver todos los per\u00edodos la misma cantidad de capital, esto es, la cuota de amortizaci\u00f3n (Ak) se mantiene constante durante todo el pr\u00e9stamo. Considerando que el importe del pr\u00e9stamo es C0, con un tipo de inter\u00e9s constante i, y amortizable en n per\u00edodos, en este [&hellip;]\" \/>\n<meta property=\"og:url\" content=\"https:\/\/blogs.udima.es\/administracion-y-direccion-de-empresas\/metodo-de-cuota-de-amortizacion-constante-metodo-lineal-p28-htm\/\" \/>\n<meta property=\"og:site_name\" content=\"Blog de ADE - Universidad a Distancia de Madrid | UDIMA\" \/>\n<meta property=\"article:modified_time\" content=\"2016-07-15T11:05:33+00:00\" \/>\n<meta property=\"og:image\" content=\"https:\/\/blogs.udima.es\/administracion-y-direccion-de-empresas\/images_book\/p259-01.png\" \/>\n<meta name=\"twitter:card\" content=\"summary_large_image\" \/>\n<meta name=\"twitter:label1\" content=\"Tiempo de lectura\" \/>\n\t<meta name=\"twitter:data1\" content=\"4 minutos\" \/>\n<script type=\"application\/ld+json\" class=\"yoast-schema-graph\">{\"@context\":\"https:\/\/schema.org\",\"@graph\":[{\"@type\":\"WebPage\",\"@id\":\"https:\/\/blogs.udima.es\/administracion-y-direccion-de-empresas\/metodo-de-cuota-de-amortizacion-constante-metodo-lineal-p28-htm\/\",\"url\":\"https:\/\/blogs.udima.es\/administracion-y-direccion-de-empresas\/metodo-de-cuota-de-amortizacion-constante-metodo-lineal-p28-htm\/\",\"name\":\"5. M\u00e9todo de cuota de amortizaci\u00f3n constante m\u00e9todo lineal - Blog de ADE\",\"isPartOf\":{\"@id\":\"https:\/\/blogs.udima.es\/administracion-y-direccion-de-empresas\/#website\"},\"primaryImageOfPage\":{\"@id\":\"https:\/\/blogs.udima.es\/administracion-y-direccion-de-empresas\/metodo-de-cuota-de-amortizacion-constante-metodo-lineal-p28-htm\/#primaryimage\"},\"image\":{\"@id\":\"https:\/\/blogs.udima.es\/administracion-y-direccion-de-empresas\/metodo-de-cuota-de-amortizacion-constante-metodo-lineal-p28-htm\/#primaryimage\"},\"thumbnailUrl\":\"https:\/\/blogs.udima.es\/administracion-y-direccion-de-empresas\/images_book\/p259-01.png\",\"datePublished\":\"2016-07-15T10:54:10+00:00\",\"dateModified\":\"2016-07-15T11:05:33+00:00\",\"breadcrumb\":{\"@id\":\"https:\/\/blogs.udima.es\/administracion-y-direccion-de-empresas\/metodo-de-cuota-de-amortizacion-constante-metodo-lineal-p28-htm\/#breadcrumb\"},\"inLanguage\":\"es\",\"potentialAction\":[{\"@type\":\"ReadAction\",\"target\":[\"https:\/\/blogs.udima.es\/administracion-y-direccion-de-empresas\/metodo-de-cuota-de-amortizacion-constante-metodo-lineal-p28-htm\/\"]}]},{\"@type\":\"ImageObject\",\"inLanguage\":\"es\",\"@id\":\"https:\/\/blogs.udima.es\/administracion-y-direccion-de-empresas\/metodo-de-cuota-de-amortizacion-constante-metodo-lineal-p28-htm\/#primaryimage\",\"url\":\"https:\/\/blogs.udima.es\/administracion-y-direccion-de-empresas\/images_book\/p259-01.png\",\"contentUrl\":\"https:\/\/blogs.udima.es\/administracion-y-direccion-de-empresas\/images_book\/p259-01.png\"},{\"@type\":\"BreadcrumbList\",\"@id\":\"https:\/\/blogs.udima.es\/administracion-y-direccion-de-empresas\/metodo-de-cuota-de-amortizacion-constante-metodo-lineal-p28-htm\/#breadcrumb\",\"itemListElement\":[{\"@type\":\"ListItem\",\"position\":1,\"name\":\"Portada\",\"item\":\"https:\/\/blogs.udima.es\/administracion-y-direccion-de-empresas\/\"},{\"@type\":\"ListItem\",\"position\":2,\"name\":\"5. M\u00e9todo de cuota de amortizaci\u00f3n constante m\u00e9todo lineal\"}]},{\"@type\":\"WebSite\",\"@id\":\"https:\/\/blogs.udima.es\/administracion-y-direccion-de-empresas\/#website\",\"url\":\"https:\/\/blogs.udima.es\/administracion-y-direccion-de-empresas\/\",\"name\":\"Blog de ADE - Universidad a Distancia de Madrid | UDIMA\",\"description\":\"\",\"potentialAction\":[{\"@type\":\"SearchAction\",\"target\":{\"@type\":\"EntryPoint\",\"urlTemplate\":\"https:\/\/blogs.udima.es\/administracion-y-direccion-de-empresas\/?s={search_term_string}\"},\"query-input\":\"required name=search_term_string\"}],\"inLanguage\":\"es\"}]}<\/script>\n<!-- \/ Yoast SEO plugin. -->","yoast_head_json":{"title":"5. M\u00e9todo de cuota de amortizaci\u00f3n constante m\u00e9todo lineal - Blog de ADE","robots":{"index":"index","follow":"follow","max-snippet":"max-snippet:-1","max-image-preview":"max-image-preview:large","max-video-preview":"max-video-preview:-1"},"canonical":"https:\/\/blogs.udima.es\/administracion-y-direccion-de-empresas\/metodo-de-cuota-de-amortizacion-constante-metodo-lineal-p28-htm\/","og_locale":"es_ES","og_type":"article","og_title":"5. M\u00e9todo de cuota de amortizaci\u00f3n constante m\u00e9todo lineal - Blog de ADE","og_description":"En este tipo de pr\u00e9stamos, el prestatario se compromete a devolver todos los per\u00edodos la misma cantidad de capital, esto es, la cuota de amortizaci\u00f3n (Ak) se mantiene constante durante todo el pr\u00e9stamo. Considerando que el importe del pr\u00e9stamo es C0, con un tipo de inter\u00e9s constante i, y amortizable en n per\u00edodos, en este [&hellip;]","og_url":"https:\/\/blogs.udima.es\/administracion-y-direccion-de-empresas\/metodo-de-cuota-de-amortizacion-constante-metodo-lineal-p28-htm\/","og_site_name":"Blog de ADE - Universidad a Distancia de Madrid | UDIMA","article_modified_time":"2016-07-15T11:05:33+00:00","og_image":[{"url":"https:\/\/blogs.udima.es\/administracion-y-direccion-de-empresas\/images_book\/p259-01.png"}],"twitter_card":"summary_large_image","twitter_misc":{"Tiempo de lectura":"4 minutos"},"schema":{"@context":"https:\/\/schema.org","@graph":[{"@type":"WebPage","@id":"https:\/\/blogs.udima.es\/administracion-y-direccion-de-empresas\/metodo-de-cuota-de-amortizacion-constante-metodo-lineal-p28-htm\/","url":"https:\/\/blogs.udima.es\/administracion-y-direccion-de-empresas\/metodo-de-cuota-de-amortizacion-constante-metodo-lineal-p28-htm\/","name":"5. M\u00e9todo de cuota de amortizaci\u00f3n constante m\u00e9todo lineal - Blog de ADE","isPartOf":{"@id":"https:\/\/blogs.udima.es\/administracion-y-direccion-de-empresas\/#website"},"primaryImageOfPage":{"@id":"https:\/\/blogs.udima.es\/administracion-y-direccion-de-empresas\/metodo-de-cuota-de-amortizacion-constante-metodo-lineal-p28-htm\/#primaryimage"},"image":{"@id":"https:\/\/blogs.udima.es\/administracion-y-direccion-de-empresas\/metodo-de-cuota-de-amortizacion-constante-metodo-lineal-p28-htm\/#primaryimage"},"thumbnailUrl":"https:\/\/blogs.udima.es\/administracion-y-direccion-de-empresas\/images_book\/p259-01.png","datePublished":"2016-07-15T10:54:10+00:00","dateModified":"2016-07-15T11:05:33+00:00","breadcrumb":{"@id":"https:\/\/blogs.udima.es\/administracion-y-direccion-de-empresas\/metodo-de-cuota-de-amortizacion-constante-metodo-lineal-p28-htm\/#breadcrumb"},"inLanguage":"es","potentialAction":[{"@type":"ReadAction","target":["https:\/\/blogs.udima.es\/administracion-y-direccion-de-empresas\/metodo-de-cuota-de-amortizacion-constante-metodo-lineal-p28-htm\/"]}]},{"@type":"ImageObject","inLanguage":"es","@id":"https:\/\/blogs.udima.es\/administracion-y-direccion-de-empresas\/metodo-de-cuota-de-amortizacion-constante-metodo-lineal-p28-htm\/#primaryimage","url":"https:\/\/blogs.udima.es\/administracion-y-direccion-de-empresas\/images_book\/p259-01.png","contentUrl":"https:\/\/blogs.udima.es\/administracion-y-direccion-de-empresas\/images_book\/p259-01.png"},{"@type":"BreadcrumbList","@id":"https:\/\/blogs.udima.es\/administracion-y-direccion-de-empresas\/metodo-de-cuota-de-amortizacion-constante-metodo-lineal-p28-htm\/#breadcrumb","itemListElement":[{"@type":"ListItem","position":1,"name":"Portada","item":"https:\/\/blogs.udima.es\/administracion-y-direccion-de-empresas\/"},{"@type":"ListItem","position":2,"name":"5. M\u00e9todo de cuota de amortizaci\u00f3n constante m\u00e9todo lineal"}]},{"@type":"WebSite","@id":"https:\/\/blogs.udima.es\/administracion-y-direccion-de-empresas\/#website","url":"https:\/\/blogs.udima.es\/administracion-y-direccion-de-empresas\/","name":"Blog de ADE - Universidad a Distancia de Madrid | UDIMA","description":"","potentialAction":[{"@type":"SearchAction","target":{"@type":"EntryPoint","urlTemplate":"https:\/\/blogs.udima.es\/administracion-y-direccion-de-empresas\/?s={search_term_string}"},"query-input":"required name=search_term_string"}],"inLanguage":"es"}]}},"_links":{"self":[{"href":"https:\/\/blogs.udima.es\/administracion-y-direccion-de-empresas\/wp-json\/wp\/v2\/pages\/1906"}],"collection":[{"href":"https:\/\/blogs.udima.es\/administracion-y-direccion-de-empresas\/wp-json\/wp\/v2\/pages"}],"about":[{"href":"https:\/\/blogs.udima.es\/administracion-y-direccion-de-empresas\/wp-json\/wp\/v2\/types\/page"}],"author":[{"embeddable":true,"href":"https:\/\/blogs.udima.es\/administracion-y-direccion-de-empresas\/wp-json\/wp\/v2\/users\/27"}],"replies":[{"embeddable":true,"href":"https:\/\/blogs.udima.es\/administracion-y-direccion-de-empresas\/wp-json\/wp\/v2\/comments?post=1906"}],"version-history":[{"count":2,"href":"https:\/\/blogs.udima.es\/administracion-y-direccion-de-empresas\/wp-json\/wp\/v2\/pages\/1906\/revisions"}],"predecessor-version":[{"id":1910,"href":"https:\/\/blogs.udima.es\/administracion-y-direccion-de-empresas\/wp-json\/wp\/v2\/pages\/1906\/revisions\/1910"}],"wp:attachment":[{"href":"https:\/\/blogs.udima.es\/administracion-y-direccion-de-empresas\/wp-json\/wp\/v2\/media?parent=1906"}],"curies":[{"name":"wp","href":"https:\/\/api.w.org\/{rel}","templated":true}]}}