{"id":1893,"date":"2016-07-15T10:31:19","date_gmt":"2016-07-15T10:31:19","guid":{"rendered":"http:\/\/blogs.udima.es\/administracion-y-direccion-de-empresas\/?page_id=1893"},"modified":"2016-07-15T10:34:49","modified_gmt":"2016-07-15T10:34:49","slug":"reembolso-unico-con-pago-periodico-de-intereses-prestamo-americano-p26-htm","status":"publish","type":"page","link":"https:\/\/blogs.udima.es\/administracion-y-direccion-de-empresas\/reembolso-unico-con-pago-periodico-de-intereses-prestamo-americano-p26-htm\/","title":{"rendered":"3. Reembolso \u00fanico con pago peri\u00f3dico de intereses pr\u00e9stamo americano"},"content":{"rendered":"<p>Se trata de diferir la devoluci\u00f3n del capital y de los intereses devengados hasta el final de la operaci\u00f3n, pagando todo conjuntamente de una sola vez. <\/p>\n<p>Gr\u00e1ficamente: <\/p>\n<p>&nbsp;<\/p>\n<p align=\"left\"><img loading=\"lazy\" decoding=\"async\" src=\"https:\/\/blogs.udima.es\/administracion-y-direccion-de-empresas\/images_book\/p247-01.png\" width=\"511\" height=\"184\" \/><\/p>\n<p>&nbsp;<\/p>\n<p>Para el prestatario esta operaci\u00f3n solamente produce dos flujos de caja: uno de entrada (cobro) en el origen, por el importe del pr\u00e9stamo, y otro al final, de salida (pago), por el importe del pr\u00e9stamo m\u00e1s los intereses devengados y acumulados. <\/p>\n<p>La acumulaci\u00f3n de intereses se puede realizar tanto en r\u00e9gimen de capitalizaci\u00f3n simple como en compuesta. <\/p>\n<p>&nbsp;<\/p>\n<div class=\"ejemplo\">\n<p><strong>EJEMPLO 2 <\/strong><\/p>\n<p>Se solicita el siguiente pr\u00e9stamo simple: <\/p>\n<ul>\n<li> Capital prestado: 100.000 euros. <\/li>\n<li> Duraci\u00f3n: 3 a\u00f1os. <\/li>\n<li> Inter\u00e9s del 12% anual. <\/li>\n<\/ul>\n<p><strong>Se pide: <\/strong><\/p>\n<p>Determinar el capital a devolver. <\/p>\n<p>&nbsp;<\/p>\n<p><img loading=\"lazy\" decoding=\"async\" src=\"https:\/\/blogs.udima.es\/administracion-y-direccion-de-empresas\/images_book\/p248-01.png\" width=\"509\" height=\"167\" \/><\/p>\n<p>&nbsp;<\/p>\n<\/div>\n","protected":false},"excerpt":{"rendered":"<p>Se trata de diferir la devoluci\u00f3n del capital y de los intereses devengados hasta el final de la operaci\u00f3n, pagando todo conjuntamente de una sola vez. Gr\u00e1ficamente: &nbsp; &nbsp; Para el prestatario esta operaci\u00f3n solamente produce dos flujos de caja: uno de entrada (cobro) en el origen, por el importe del pr\u00e9stamo, y otro al [&hellip;]<\/p>\n","protected":false},"author":27,"featured_media":0,"parent":0,"menu_order":4030,"comment_status":"closed","ping_status":"closed","template":"","meta":{"footnotes":""},"yoast_head":"<!-- This site is optimized with the Yoast SEO plugin v22.9 - https:\/\/yoast.com\/wordpress\/plugins\/seo\/ -->\n<title>3. Reembolso \u00fanico con pago peri\u00f3dico de intereses pr\u00e9stamo americano - Blog de ADE<\/title>\n<meta name=\"robots\" content=\"index, follow, max-snippet:-1, max-image-preview:large, max-video-preview:-1\" \/>\n<link rel=\"canonical\" href=\"https:\/\/blogs.udima.es\/administracion-y-direccion-de-empresas\/reembolso-unico-con-pago-periodico-de-intereses-prestamo-americano-p26-htm\/\" \/>\n<meta property=\"og:locale\" content=\"es_ES\" \/>\n<meta property=\"og:type\" content=\"article\" \/>\n<meta property=\"og:title\" content=\"3. Reembolso \u00fanico con pago peri\u00f3dico de intereses pr\u00e9stamo americano - Blog de ADE\" \/>\n<meta property=\"og:description\" content=\"Se trata de diferir la devoluci\u00f3n del capital y de los intereses devengados hasta el final de la operaci\u00f3n, pagando todo conjuntamente de una sola vez. Gr\u00e1ficamente: &nbsp; &nbsp; Para el prestatario esta operaci\u00f3n solamente produce dos flujos de caja: uno de entrada (cobro) en el origen, por el importe del pr\u00e9stamo, y otro al [&hellip;]\" \/>\n<meta property=\"og:url\" content=\"https:\/\/blogs.udima.es\/administracion-y-direccion-de-empresas\/reembolso-unico-con-pago-periodico-de-intereses-prestamo-americano-p26-htm\/\" \/>\n<meta property=\"og:site_name\" content=\"Blog de ADE - Universidad a Distancia de Madrid | UDIMA\" \/>\n<meta property=\"article:modified_time\" content=\"2016-07-15T10:34:49+00:00\" \/>\n<meta property=\"og:image\" content=\"https:\/\/blogs.udima.es\/administracion-y-direccion-de-empresas\/images_book\/p247-01.png\" \/>\n<meta name=\"twitter:card\" content=\"summary_large_image\" \/>\n<meta name=\"twitter:label1\" content=\"Tiempo de lectura\" \/>\n\t<meta name=\"twitter:data1\" content=\"1 minuto\" \/>\n<script type=\"application\/ld+json\" class=\"yoast-schema-graph\">{\"@context\":\"https:\/\/schema.org\",\"@graph\":[{\"@type\":\"WebPage\",\"@id\":\"https:\/\/blogs.udima.es\/administracion-y-direccion-de-empresas\/reembolso-unico-con-pago-periodico-de-intereses-prestamo-americano-p26-htm\/\",\"url\":\"https:\/\/blogs.udima.es\/administracion-y-direccion-de-empresas\/reembolso-unico-con-pago-periodico-de-intereses-prestamo-americano-p26-htm\/\",\"name\":\"3. Reembolso \u00fanico con pago peri\u00f3dico de intereses pr\u00e9stamo americano - Blog de ADE\",\"isPartOf\":{\"@id\":\"https:\/\/blogs.udima.es\/administracion-y-direccion-de-empresas\/#website\"},\"primaryImageOfPage\":{\"@id\":\"https:\/\/blogs.udima.es\/administracion-y-direccion-de-empresas\/reembolso-unico-con-pago-periodico-de-intereses-prestamo-americano-p26-htm\/#primaryimage\"},\"image\":{\"@id\":\"https:\/\/blogs.udima.es\/administracion-y-direccion-de-empresas\/reembolso-unico-con-pago-periodico-de-intereses-prestamo-americano-p26-htm\/#primaryimage\"},\"thumbnailUrl\":\"https:\/\/blogs.udima.es\/administracion-y-direccion-de-empresas\/images_book\/p247-01.png\",\"datePublished\":\"2016-07-15T10:31:19+00:00\",\"dateModified\":\"2016-07-15T10:34:49+00:00\",\"breadcrumb\":{\"@id\":\"https:\/\/blogs.udima.es\/administracion-y-direccion-de-empresas\/reembolso-unico-con-pago-periodico-de-intereses-prestamo-americano-p26-htm\/#breadcrumb\"},\"inLanguage\":\"es\",\"potentialAction\":[{\"@type\":\"ReadAction\",\"target\":[\"https:\/\/blogs.udima.es\/administracion-y-direccion-de-empresas\/reembolso-unico-con-pago-periodico-de-intereses-prestamo-americano-p26-htm\/\"]}]},{\"@type\":\"ImageObject\",\"inLanguage\":\"es\",\"@id\":\"https:\/\/blogs.udima.es\/administracion-y-direccion-de-empresas\/reembolso-unico-con-pago-periodico-de-intereses-prestamo-americano-p26-htm\/#primaryimage\",\"url\":\"https:\/\/blogs.udima.es\/administracion-y-direccion-de-empresas\/images_book\/p247-01.png\",\"contentUrl\":\"https:\/\/blogs.udima.es\/administracion-y-direccion-de-empresas\/images_book\/p247-01.png\"},{\"@type\":\"BreadcrumbList\",\"@id\":\"https:\/\/blogs.udima.es\/administracion-y-direccion-de-empresas\/reembolso-unico-con-pago-periodico-de-intereses-prestamo-americano-p26-htm\/#breadcrumb\",\"itemListElement\":[{\"@type\":\"ListItem\",\"position\":1,\"name\":\"Portada\",\"item\":\"https:\/\/blogs.udima.es\/administracion-y-direccion-de-empresas\/\"},{\"@type\":\"ListItem\",\"position\":2,\"name\":\"3. Reembolso \u00fanico con pago peri\u00f3dico de intereses pr\u00e9stamo americano\"}]},{\"@type\":\"WebSite\",\"@id\":\"https:\/\/blogs.udima.es\/administracion-y-direccion-de-empresas\/#website\",\"url\":\"https:\/\/blogs.udima.es\/administracion-y-direccion-de-empresas\/\",\"name\":\"Blog de ADE - Universidad a Distancia de Madrid | UDIMA\",\"description\":\"\",\"potentialAction\":[{\"@type\":\"SearchAction\",\"target\":{\"@type\":\"EntryPoint\",\"urlTemplate\":\"https:\/\/blogs.udima.es\/administracion-y-direccion-de-empresas\/?s={search_term_string}\"},\"query-input\":\"required name=search_term_string\"}],\"inLanguage\":\"es\"}]}<\/script>\n<!-- \/ Yoast SEO plugin. -->","yoast_head_json":{"title":"3. Reembolso \u00fanico con pago peri\u00f3dico de intereses pr\u00e9stamo americano - Blog de ADE","robots":{"index":"index","follow":"follow","max-snippet":"max-snippet:-1","max-image-preview":"max-image-preview:large","max-video-preview":"max-video-preview:-1"},"canonical":"https:\/\/blogs.udima.es\/administracion-y-direccion-de-empresas\/reembolso-unico-con-pago-periodico-de-intereses-prestamo-americano-p26-htm\/","og_locale":"es_ES","og_type":"article","og_title":"3. Reembolso \u00fanico con pago peri\u00f3dico de intereses pr\u00e9stamo americano - Blog de ADE","og_description":"Se trata de diferir la devoluci\u00f3n del capital y de los intereses devengados hasta el final de la operaci\u00f3n, pagando todo conjuntamente de una sola vez. Gr\u00e1ficamente: &nbsp; &nbsp; Para el prestatario esta operaci\u00f3n solamente produce dos flujos de caja: uno de entrada (cobro) en el origen, por el importe del pr\u00e9stamo, y otro al [&hellip;]","og_url":"https:\/\/blogs.udima.es\/administracion-y-direccion-de-empresas\/reembolso-unico-con-pago-periodico-de-intereses-prestamo-americano-p26-htm\/","og_site_name":"Blog de ADE - Universidad a Distancia de Madrid | UDIMA","article_modified_time":"2016-07-15T10:34:49+00:00","og_image":[{"url":"https:\/\/blogs.udima.es\/administracion-y-direccion-de-empresas\/images_book\/p247-01.png"}],"twitter_card":"summary_large_image","twitter_misc":{"Tiempo de lectura":"1 minuto"},"schema":{"@context":"https:\/\/schema.org","@graph":[{"@type":"WebPage","@id":"https:\/\/blogs.udima.es\/administracion-y-direccion-de-empresas\/reembolso-unico-con-pago-periodico-de-intereses-prestamo-americano-p26-htm\/","url":"https:\/\/blogs.udima.es\/administracion-y-direccion-de-empresas\/reembolso-unico-con-pago-periodico-de-intereses-prestamo-americano-p26-htm\/","name":"3. Reembolso \u00fanico con pago peri\u00f3dico de intereses pr\u00e9stamo americano - Blog de ADE","isPartOf":{"@id":"https:\/\/blogs.udima.es\/administracion-y-direccion-de-empresas\/#website"},"primaryImageOfPage":{"@id":"https:\/\/blogs.udima.es\/administracion-y-direccion-de-empresas\/reembolso-unico-con-pago-periodico-de-intereses-prestamo-americano-p26-htm\/#primaryimage"},"image":{"@id":"https:\/\/blogs.udima.es\/administracion-y-direccion-de-empresas\/reembolso-unico-con-pago-periodico-de-intereses-prestamo-americano-p26-htm\/#primaryimage"},"thumbnailUrl":"https:\/\/blogs.udima.es\/administracion-y-direccion-de-empresas\/images_book\/p247-01.png","datePublished":"2016-07-15T10:31:19+00:00","dateModified":"2016-07-15T10:34:49+00:00","breadcrumb":{"@id":"https:\/\/blogs.udima.es\/administracion-y-direccion-de-empresas\/reembolso-unico-con-pago-periodico-de-intereses-prestamo-americano-p26-htm\/#breadcrumb"},"inLanguage":"es","potentialAction":[{"@type":"ReadAction","target":["https:\/\/blogs.udima.es\/administracion-y-direccion-de-empresas\/reembolso-unico-con-pago-periodico-de-intereses-prestamo-americano-p26-htm\/"]}]},{"@type":"ImageObject","inLanguage":"es","@id":"https:\/\/blogs.udima.es\/administracion-y-direccion-de-empresas\/reembolso-unico-con-pago-periodico-de-intereses-prestamo-americano-p26-htm\/#primaryimage","url":"https:\/\/blogs.udima.es\/administracion-y-direccion-de-empresas\/images_book\/p247-01.png","contentUrl":"https:\/\/blogs.udima.es\/administracion-y-direccion-de-empresas\/images_book\/p247-01.png"},{"@type":"BreadcrumbList","@id":"https:\/\/blogs.udima.es\/administracion-y-direccion-de-empresas\/reembolso-unico-con-pago-periodico-de-intereses-prestamo-americano-p26-htm\/#breadcrumb","itemListElement":[{"@type":"ListItem","position":1,"name":"Portada","item":"https:\/\/blogs.udima.es\/administracion-y-direccion-de-empresas\/"},{"@type":"ListItem","position":2,"name":"3. Reembolso \u00fanico con pago peri\u00f3dico de intereses pr\u00e9stamo americano"}]},{"@type":"WebSite","@id":"https:\/\/blogs.udima.es\/administracion-y-direccion-de-empresas\/#website","url":"https:\/\/blogs.udima.es\/administracion-y-direccion-de-empresas\/","name":"Blog de ADE - Universidad a Distancia de Madrid | UDIMA","description":"","potentialAction":[{"@type":"SearchAction","target":{"@type":"EntryPoint","urlTemplate":"https:\/\/blogs.udima.es\/administracion-y-direccion-de-empresas\/?s={search_term_string}"},"query-input":"required name=search_term_string"}],"inLanguage":"es"}]}},"_links":{"self":[{"href":"https:\/\/blogs.udima.es\/administracion-y-direccion-de-empresas\/wp-json\/wp\/v2\/pages\/1893"}],"collection":[{"href":"https:\/\/blogs.udima.es\/administracion-y-direccion-de-empresas\/wp-json\/wp\/v2\/pages"}],"about":[{"href":"https:\/\/blogs.udima.es\/administracion-y-direccion-de-empresas\/wp-json\/wp\/v2\/types\/page"}],"author":[{"embeddable":true,"href":"https:\/\/blogs.udima.es\/administracion-y-direccion-de-empresas\/wp-json\/wp\/v2\/users\/27"}],"replies":[{"embeddable":true,"href":"https:\/\/blogs.udima.es\/administracion-y-direccion-de-empresas\/wp-json\/wp\/v2\/comments?post=1893"}],"version-history":[{"count":3,"href":"https:\/\/blogs.udima.es\/administracion-y-direccion-de-empresas\/wp-json\/wp\/v2\/pages\/1893\/revisions"}],"predecessor-version":[{"id":1900,"href":"https:\/\/blogs.udima.es\/administracion-y-direccion-de-empresas\/wp-json\/wp\/v2\/pages\/1893\/revisions\/1900"}],"wp:attachment":[{"href":"https:\/\/blogs.udima.es\/administracion-y-direccion-de-empresas\/wp-json\/wp\/v2\/media?parent=1893"}],"curies":[{"name":"wp","href":"https:\/\/api.w.org\/{rel}","templated":true}]}}