{"id":1880,"date":"2016-07-15T10:13:46","date_gmt":"2016-07-15T10:13:46","guid":{"rendered":"http:\/\/blogs.udima.es\/administracion-y-direccion-de-empresas\/?page_id=1880"},"modified":"2016-07-15T10:16:23","modified_gmt":"2016-07-15T10:16:23","slug":"rentas-variables-en-progresion-geometrica-i-p20-htm","status":"publish","type":"page","link":"https:\/\/blogs.udima.es\/administracion-y-direccion-de-empresas\/rentas-variables-en-progresion-geometrica-i-p20-htm\/","title":{"rendered":"3. Rentas variables en progresi\u00f3n geom\u00e9trica"},"content":{"rendered":"<p>Este tipo de rentas sirve para valorar un conjunto de capitales equidistantes en el tiempo cuyas cuant\u00edas son variables siguiendo una ley en progresi\u00f3n geom\u00e9trica, esto es, cada t\u00e9rmino es el anterior multiplicado por un mismo n\u00famero (que se denomina raz\u00f3n de la progresi\u00f3n geom\u00e9trica) y que notaremos por q.<\/p>\n<p> Para calcular cualquier t\u00e9rmino basta con conocer, por tanto, el primero de ellos (c) y la raz\u00f3n de la progresi\u00f3n (q).<\/p>\n<h2>3.1.<br \/>\nRENTA VARIABLE EN PROGRESI\u00d3N GEOM\u00c9TRICA, TEMPORAL, POSPAGABLE, INMEDIATA Y ENTERA<\/h2>\n<p> Vamos a estudiar una renta variable (t\u00e9rminos que siguen una progresi\u00f3n geom\u00e9trica), temporal (tiene un n\u00famero determinado de capitales), pospagable (los t\u00e9rminos vencen al final del per\u00edodo), inmediata (valoraremos la renta en su origen y su final) y entera (t\u00e9rminos y tanto est\u00e1n en la misma unidad de tiempo). Aunque no se diga expresamente se calcular\u00e1 en r\u00e9gimen de compuesta (renta compuesta).<\/p>\n<h3>3.1.1. C\u00e1lculo del valor actual<\/h3>\n<p> La representaci\u00f3n gr\u00e1fica de la renta anteriormente citada es la siguiente:<\/p>\n<p>&nbsp;<\/p>\n<p align=\"center\"><img loading=\"lazy\" decoding=\"async\" src=\"https:\/\/blogs.udima.es\/administracion-y-direccion-de-empresas\/images_book\/p148-01.png\" width=\"518\" height=\"255\" \/><\/p>\n<p>&nbsp;<\/p>\n<p>Se trata de valorar en el origen todos los t\u00e9rminos que componen la renta. Para ello llevaremos, uno a uno, descontando en r\u00e9gimen de descuento compuesto al tanto de la renta i, desde donde est\u00e1 cada capital hasta el origen, obteni\u00e9ndose el valor actual, que se nota con la siguiente terminolog\u00eda: A(c; q) n\u00f9i, expresi\u00f3n que recoge la informaci\u00f3n de la renta (n t\u00e9rminos al tanto i) y tambi\u00e9n datos de la progresi\u00f3n que siguen los capitales (primer t\u00e9rmino \u2013c\u2013 y raz\u00f3n de la progresi\u00f3n \u2013q\u2013):<\/p>\n<p><img loading=\"lazy\" decoding=\"async\" src=\"https:\/\/blogs.udima.es\/administracion-y-direccion-de-empresas\/images_book\/p149-01.png\" width=\"541\" height=\"63\" \/><\/p>\n<p>&nbsp; <\/p>\n<p>Sacando factor com\u00fan:<\/p>\n<p>&nbsp;&nbsp;&nbsp;&nbsp;&nbsp;&nbsp;&nbsp;&nbsp;&nbsp;&nbsp;&nbsp;&nbsp;c<br \/>\n&nbsp;&nbsp;&nbsp;&nbsp;&nbsp;&nbsp;&#8212;&#8212;&#8212;- <br \/>\n&nbsp;&nbsp;&nbsp;&nbsp;&nbsp;&nbsp;&nbsp;&nbsp;(1 + i)<\/p>\n<p>se obtiene:<\/p>\n<p>&nbsp;<\/p>\n<p><img loading=\"lazy\" decoding=\"async\" src=\"https:\/\/blogs.udima.es\/administracion-y-direccion-de-empresas\/images_book\/p149-02.png\" width=\"553\" height=\"79\" \/><\/p>\n<p>&nbsp;<\/p>\n<p>donde el corchete es la suma de n t\u00e9rminos en progresi\u00f3n geom\u00e9trica creciente de raz\u00f3n:<\/p>\n<p> &nbsp;&nbsp;&nbsp;&nbsp;&nbsp;&nbsp;&nbsp;&nbsp;&nbsp;&nbsp;&nbsp;&nbsp;&nbsp;&nbsp;&nbsp;q<br \/>\n&nbsp;&nbsp;&nbsp;&nbsp;&nbsp;&nbsp;r = &#8212;&#8212;&#8211;<br \/>\n&nbsp;&nbsp;&nbsp;&nbsp;&nbsp;&nbsp;&nbsp;&nbsp;&nbsp;&nbsp;&nbsp;&nbsp;&nbsp;1 + i<\/p>\n<p> Aplicando la expresi\u00f3n que suma t\u00e9rminos que siguen esta ley:<\/p>\n<p>&nbsp;&nbsp;&nbsp;&nbsp;&nbsp;&nbsp;&nbsp;&nbsp;&nbsp;&nbsp;&nbsp;&nbsp;&nbsp;&nbsp;&nbsp;&nbsp;&nbsp;&nbsp;a<sub>1<\/sub> \u2013 a<sub>n<\/sub> x r<br \/>\n  &nbsp;&nbsp;&nbsp;&nbsp;&nbsp;&nbsp;S = &#8212;&#8212;&#8212;&#8212;&#8212;&#8212;&#8212;<br \/>\n  &nbsp;&nbsp;&nbsp;&nbsp;&nbsp;&nbsp;&nbsp;&nbsp;&nbsp;&nbsp;&nbsp;&nbsp;&nbsp;&nbsp;&nbsp;&nbsp;&nbsp;&nbsp;&nbsp;&nbsp;&nbsp;&nbsp;1 \u2013 r<\/p>\n<p>siendo a<sub>1<\/sub> el primer t\u00e9rmino de la progresi\u00f3n, a<sub>n<\/sub>, el \u00faltimo t\u00e9rmino y r, la raz\u00f3n. <\/p>\n<p> Aplicando dicha f\u00f3rmula a los t\u00e9rminos actualizados de la renta, el valor actual de la renta queda de la siguiente forma:<\/p>\n<p>&nbsp;<\/p>\n<p><img loading=\"lazy\" decoding=\"async\" src=\"https:\/\/blogs.udima.es\/administracion-y-direccion-de-empresas\/images_book\/p150-01.png\" width=\"535\" height=\"157\" \/><\/p>\n<p>&nbsp;<\/p>\n<p>de donde finalmente se puede obtener:<\/p>\n<p>&nbsp; <\/p>\n<p align=\"center\"><img loading=\"lazy\" decoding=\"async\" src=\"https:\/\/blogs.udima.es\/administracion-y-direccion-de-empresas\/images_book\/p150-02.png\" width=\"333\" height=\"102\" \/><\/p>\n<p>&nbsp;<\/p>\n<p> expresi\u00f3n que solamente se podr\u00e1 utilizar cuando q \u2260 1 + i.<\/p>\n<p> Cuando se cumple: q = 1 + i, la expresi\u00f3n del valor actual quedar\u00e1 de la siguiente forma:<\/p>\n<p>&nbsp;<\/p>\n<p><img loading=\"lazy\" decoding=\"async\" src=\"https:\/\/blogs.udima.es\/administracion-y-direccion-de-empresas\/images_book\/p150-03.png\" width=\"533\" height=\"65\" \/><\/p>\n<p>&nbsp;<\/p>\n<p>  sacando factor com\u00fan:<\/p>\n<p>&nbsp;<\/p>\n<p><img loading=\"lazy\" decoding=\"async\" src=\"https:\/\/blogs.udima.es\/administracion-y-direccion-de-empresas\/images_book\/p150-04.png\" width=\"550\" height=\"83\" \/><\/p>\n<p>&nbsp;<\/p>\n<p>  El corchete, al simplificarse, no es m\u00e1s que la suma aritm\u00e9tica de n veces la unidad, quedando el valor actual as\u00ed:<\/p>\n<p>&nbsp; <\/p>\n<p align=\"center\"><img loading=\"lazy\" decoding=\"async\" src=\"https:\/\/blogs.udima.es\/administracion-y-direccion-de-empresas\/images_book\/p151-01.png\" width=\"216\" height=\"99\" \/><\/p>\n<p>&nbsp;<\/p>\n<h3>3.1.2. C\u00e1lculo del valor final<\/h3>\n<p>A partir del valor actual se podr\u00e1 calcular el valor de la renta en cualquier otro momento, utilizando la relaci\u00f3n que existe entre los valores financieros en los diferentes momentos de tiempo. En concreto, el valor final ser\u00e1 el resultado de capitalizar el valor actual antes calculado.<\/p>\n<p>&nbsp;<\/p>\n<p align=\"center\"><img loading=\"lazy\" decoding=\"async\" src=\"https:\/\/blogs.udima.es\/administracion-y-direccion-de-empresas\/images_book\/p151-02.png\" width=\"529\" height=\"275\" \/><\/p>\n<p align=\"center\">&nbsp;<\/p>\n<div class=\"ejemplo\">\n<p><strong>EJEMPLO 10 <\/strong><\/p>\n<p align=\"left\">Hallar el valor actual y final de los ingresos anuales vencidos de un trabajador que el primer a\u00f1o va a ganar 20.000 euros y espera que crezcan un 5% anual de forma acumulativa para un horizonte temporal de 4 a\u00f1os.<\/p>\n<p> a) Suponiendo una tasa de valoraci\u00f3n del 7%.<br \/>\n  b) Suponiendo una tasa de valoraci\u00f3n del 5%.<\/p>\n<p>&nbsp;<\/p>\n<p align=\"center\"><img loading=\"lazy\" decoding=\"async\" src=\"https:\/\/blogs.udima.es\/administracion-y-direccion-de-empresas\/images_book\/p152-01.png\" width=\"506\" height=\"182\" \/><\/p>\n<p>&nbsp;<\/p>\n<p> a) Valorando al 7%:<\/p>\n<p>&nbsp;<\/p>\n<p><img loading=\"lazy\" decoding=\"async\" src=\"https:\/\/blogs.udima.es\/administracion-y-direccion-de-empresas\/images_book\/p152-02.png\" width=\"457\" height=\"110\" \/><\/p>\n<p>&nbsp;<\/p>\n<p> b) Valorando al 5%:<\/p>\n<p>&nbsp;<\/p>\n<p><img loading=\"lazy\" decoding=\"async\" src=\"https:\/\/blogs.udima.es\/administracion-y-direccion-de-empresas\/images_book\/p152-03.png\" width=\"359\" height=\"104\" \/><\/p>\n<p>&nbsp;<\/p>\n<table border=\"1\" align=\"center\" cellpadding=\"5\" cellspacing=\"0\">\n<tr>\n<td><span class=\"progress\">Nota.<\/span> A id\u00e9nticos resultados se hubiera llegado si desplazamos uno a uno los capitales a la fecha de estudio.<\/td>\n<\/tr>\n<\/table>\n<p>&nbsp;<\/p>\n<\/div>\n<p align=\"left\">&nbsp;<\/p>\n<h2>3.2. RENTAS PREPAGABLES<\/h2>\n<p> Para una renta variable con t\u00e9rminos en progresi\u00f3n geom\u00e9trica, temporal (n capitales), pospagable, inmediata, entera y valorada en compuesta, la representaci\u00f3n gr\u00e1fica queda de la siguiente forma:<\/p>\n<p>&nbsp;<\/p>\n<p align=\"center\"><img loading=\"lazy\" decoding=\"async\" src=\"https:\/\/blogs.udima.es\/administracion-y-direccion-de-empresas\/images_book\/p153-01.png\" width=\"516\" height=\"164\" \/><\/p>\n<p>&nbsp;<\/p>\n<h3>3.2.1. C\u00e1lculo del valor actual<\/h3>\n<p> Una posibilidad consiste en valorar los n capitales moviendo, por una parte, el primer capital, que ya est\u00e1 en el origen y el resto de capitales, n\u20131, como renta pospagable inmediata de n\u20131 t\u00e9rminos:<\/p>\n<p>&nbsp; <\/p>\n<p align=\"center\"><img loading=\"lazy\" decoding=\"async\" src=\"https:\/\/blogs.udima.es\/administracion-y-direccion-de-empresas\/images_book\/p153-02.png\" width=\"515\" height=\"218\" \/><\/p>\n<p>&nbsp;<\/p>\n<p>Otra posibilidad consiste en convertirla en pospagable multiplicando por (1 + i) todos los t\u00e9rminos.<\/p>\n<p>&nbsp;<\/p>\n<p><img loading=\"lazy\" decoding=\"async\" src=\"https:\/\/blogs.udima.es\/administracion-y-direccion-de-empresas\/images_book\/p153-03.png\" width=\"254\" height=\"60\" \/><\/p>\n<p>&nbsp;<\/p>\n<h3> 3.2.2. C\u00e1lculo del valor final<\/h3>\n<p> Se puede obtener capitalizando el valor actual de la misma renta.<\/p>\n<p>&nbsp;<\/p>\n<p align=\"center\"><img loading=\"lazy\" decoding=\"async\" src=\"https:\/\/blogs.udima.es\/administracion-y-direccion-de-empresas\/images_book\/p154-01.png\" width=\"510\" height=\"215\" \/><\/p>\n<p>&nbsp;<\/p>\n<h2>3.3. RENTAS PERPETUAS<\/h2>\n<p> El c\u00e1lculo de la renta en progresi\u00f3n geom\u00e9trica perpetua se realiza, como las dem\u00e1s rentas perpetuas, a trav\u00e9s del l\u00edmite cuando el n\u00famero de t\u00e9rminos de la renta (n) tiende a infinito:<\/p>\n<p>&nbsp;<\/p>\n<p><img loading=\"lazy\" decoding=\"async\" src=\"https:\/\/blogs.udima.es\/administracion-y-direccion-de-empresas\/images_book\/p154-02.png\" width=\"560\" height=\"119\" \/><\/p>\n<p>&nbsp;<\/p>\n<p> resultando finalmente que el l\u00edmite, y por tanto el resultado del valor actual, est\u00e1 en funci\u00f3n de la relaci\u00f3n existente entre el valor de la raz\u00f3n de la progresi\u00f3n (q) y (1 + i), y s\u00f3lo tendr\u00e1 sentido financiero cuando q &lt; 1 + i, quedando el siguiente valor actual:<\/p>\n<p>&nbsp;<\/p>\n<p align=\"center\"><img loading=\"lazy\" decoding=\"async\" src=\"https:\/\/blogs.udima.es\/administracion-y-direccion-de-empresas\/images_book\/p154-03.png\" width=\"241\" height=\"95\" \/><\/p>\n<p>&nbsp;<\/p>\n<h2>3.4. RENTAS DIFERIDAS<\/h2>\n<p> Cuando se valoran con anterioridad a su origen. El tiempo que transcurre entre el origen de la renta y el momento de valoraci\u00f3n se denomina per\u00edodo de diferimiento de la renta.<\/p>\n<p> Para valorar la renta diferida, primero valoraremos renta en su origen (se considera como inmediata y se calcula su valor actual) y posteriormente descontaremos dicho valor actual (como un solo capital) hasta el momento t elegido, en r\u00e9gimen de descuento compuesto al tanto de inter\u00e9s vigente durante el per\u00edodo de diferimiento. Gr\u00e1ficamente ser\u00eda:<\/p>\n<p>&nbsp;<\/p>\n<p align=\"center\"><img loading=\"lazy\" decoding=\"async\" src=\"https:\/\/blogs.udima.es\/administracion-y-direccion-de-empresas\/images_book\/p155-01.png\" width=\"565\" height=\"315\" \/><\/p>\n<p>&nbsp;<\/p>\n<p> El resultado final quedar\u00eda as\u00ed:<\/p>\n<p>&nbsp;<\/p>\n<p><img loading=\"lazy\" decoding=\"async\" src=\"https:\/\/blogs.udima.es\/administracion-y-direccion-de-empresas\/images_book\/p155-02.png\" width=\"370\" height=\"66\" \/><\/p>\n<p>&nbsp;<\/p>\n<p> El diferimiento solamente afecta al valor actual, por tanto, el valor final se calcula como en una renta inmediata.<\/p>\n<h2>3.5. RENTAS ANTICIPADAS<\/h2>\n<p> Son aquellas que se valoran con posterioridad a su final, siendo el per\u00edodo de anticipaci\u00f3n de la renta el tiempo que transcurre entre el final de la renta y el momento de su valoraci\u00f3n.<\/p>\n<p> Valoraremos la renta, trat\u00e1ndola como renta inmediata, en su final y posteriormente capitalizamos este valor, al mismo tipo (i), durante el per\u00edodo de anticipaci\u00f3n (h). Tambi\u00e9n se podr\u00e1 valorar la renta en su origen y posteriormente capitalizamos hasta el punto deseado.<\/p>\n<p>&nbsp;<\/p>\n<p align=\"center\"><img loading=\"lazy\" decoding=\"async\" src=\"https:\/\/blogs.udima.es\/administracion-y-direccion-de-empresas\/images_book\/p156-01.png\" width=\"572\" height=\"266\" \/><\/p>\n<p>&nbsp;<\/p>\n<p>El resultado ser\u00e1:<\/p>\n<p>&nbsp;<\/p>\n<p><img loading=\"lazy\" decoding=\"async\" src=\"https:\/\/blogs.udima.es\/administracion-y-direccion-de-empresas\/images_book\/p156-02.png\" width=\"468\" height=\"36\" \/><\/p>\n<p>&nbsp;<\/p>\n<p> La anticipaci\u00f3n solamente afecta al valor final pero no al valor actual, que se realizar\u00e1 como si de una renta inmediata se tratara, cumpli\u00e9ndose la siguiente relaci\u00f3n, como en cualquier otro tipo de renta, entre diferentes valores de la renta:<\/p>\n<p>&nbsp;<\/p>\n<p align=\"center\"><img loading=\"lazy\" decoding=\"async\" src=\"https:\/\/blogs.udima.es\/administracion-y-direccion-de-empresas\/images_book\/p156-03.png\" width=\"573\" height=\"264\" \/><\/p>\n<p align=\"center\">&nbsp;<\/p>\n<p align=\"left\">&nbsp;&nbsp;&nbsp;&nbsp;&nbsp;&nbsp;&nbsp;&nbsp;&nbsp;&nbsp;&nbsp;&nbsp;&nbsp;&nbsp;&nbsp;&nbsp;V<sub>n<\/sub> &nbsp;&nbsp;&nbsp;&nbsp;&nbsp;&nbsp;&nbsp;&nbsp;&nbsp;&nbsp;&nbsp;&nbsp;&nbsp;&nbsp;&nbsp;&nbsp;&nbsp;V<sub>n+h<br \/>\n    <\/sub>V<sub>0<\/sub>  = &#8212;&#8212;&#8212;&#8212;&#8212;     = &#8212;&#8212;&#8212;&#8212;&#8212;- <br \/>\n&nbsp;&nbsp;&nbsp;&nbsp;&nbsp;&nbsp;&nbsp;&nbsp;&nbsp;&nbsp;&nbsp;&nbsp;(1  +  i)<sup>n&nbsp;&nbsp;&nbsp;&nbsp;&nbsp;&nbsp;&nbsp;&nbsp;&nbsp;&nbsp;&nbsp;&nbsp;&nbsp;&nbsp;<\/sup>    (1  + i)<sup>n+h<\/sup><\/p>\n<p>&nbsp; <\/p>\n<div class=\"ejemplo\">\n<p><strong>EJEMPLO 11 <\/strong><\/p>\n<p>Determinar el valor actual de los ingresos de una empresa para los pr\u00f3ximos 15 semestres si para el primer per\u00edodo ascienden a 500 euros y se estima un incremento semestral del 8% durante los primeros 10 semestres y manteni\u00e9ndose constante a partir de entonces. Tipo de valoraci\u00f3n el 10% efectivo semestral.<\/p>\n<p> Los 15 ingresos constituyen una renta, pero tomados conjuntamente ser\u00eda aleatoria. Por el contrario, si se consideran en primer lugar los 10 primeros t\u00e9rminos (renta en progresi\u00f3n geom\u00e9trica inmediata) y a continuaci\u00f3n los 5 \u00faltimos (renta constante y diferida), podremos emplear f\u00f3rmulas de rentas.<\/p>\n<p>As\u00ed:<\/p>\n<p align=\"center\"> <img loading=\"lazy\" decoding=\"async\" src=\"https:\/\/blogs.udima.es\/administracion-y-direccion-de-empresas\/images_book\/p157-01.png\" width=\"540\" height=\"189\" \/><\/p>\n<p>&nbsp;<\/p>\n<p align=\"left\"><img loading=\"lazy\" decoding=\"async\" src=\"https:\/\/blogs.udima.es\/administracion-y-direccion-de-empresas\/images_book\/p157-02.png\" width=\"510\" height=\"117\" \/><\/p>\n<p>&nbsp;<\/p>\n<\/div>\n","protected":false},"excerpt":{"rendered":"<p>Este tipo de rentas sirve para valorar un conjunto de capitales equidistantes en el tiempo cuyas cuant\u00edas son variables siguiendo una ley en progresi\u00f3n geom\u00e9trica, esto es, cada t\u00e9rmino es el anterior multiplicado por un mismo n\u00famero (que se denomina raz\u00f3n de la progresi\u00f3n geom\u00e9trica) y que notaremos por q. Para calcular cualquier t\u00e9rmino basta [&hellip;]<\/p>\n","protected":false},"author":27,"featured_media":0,"parent":0,"menu_order":3030,"comment_status":"closed","ping_status":"closed","template":"","meta":{"footnotes":""},"yoast_head":"<!-- This site is optimized with the Yoast SEO plugin v22.9 - https:\/\/yoast.com\/wordpress\/plugins\/seo\/ -->\n<title>3. Rentas variables en progresi\u00f3n geom\u00e9trica - Blog de ADE<\/title>\n<meta name=\"robots\" content=\"index, follow, max-snippet:-1, max-image-preview:large, max-video-preview:-1\" \/>\n<link rel=\"canonical\" href=\"https:\/\/blogs.udima.es\/administracion-y-direccion-de-empresas\/rentas-variables-en-progresion-geometrica-i-p20-htm\/\" \/>\n<meta property=\"og:locale\" content=\"es_ES\" \/>\n<meta property=\"og:type\" content=\"article\" \/>\n<meta property=\"og:title\" content=\"3. Rentas variables en progresi\u00f3n geom\u00e9trica - Blog de ADE\" \/>\n<meta property=\"og:description\" content=\"Este tipo de rentas sirve para valorar un conjunto de capitales equidistantes en el tiempo cuyas cuant\u00edas son variables siguiendo una ley en progresi\u00f3n geom\u00e9trica, esto es, cada t\u00e9rmino es el anterior multiplicado por un mismo n\u00famero (que se denomina raz\u00f3n de la progresi\u00f3n geom\u00e9trica) y que notaremos por q. Para calcular cualquier t\u00e9rmino basta [&hellip;]\" \/>\n<meta property=\"og:url\" content=\"https:\/\/blogs.udima.es\/administracion-y-direccion-de-empresas\/rentas-variables-en-progresion-geometrica-i-p20-htm\/\" \/>\n<meta property=\"og:site_name\" content=\"Blog de ADE - Universidad a Distancia de Madrid | UDIMA\" \/>\n<meta property=\"article:modified_time\" content=\"2016-07-15T10:16:23+00:00\" \/>\n<meta property=\"og:image\" content=\"https:\/\/blogs.udima.es\/administracion-y-direccion-de-empresas\/images_book\/p148-01.png\" \/>\n<meta name=\"twitter:card\" content=\"summary_large_image\" \/>\n<meta name=\"twitter:label1\" content=\"Tiempo de lectura\" \/>\n\t<meta name=\"twitter:data1\" content=\"7 minutos\" \/>\n<script type=\"application\/ld+json\" class=\"yoast-schema-graph\">{\"@context\":\"https:\/\/schema.org\",\"@graph\":[{\"@type\":\"WebPage\",\"@id\":\"https:\/\/blogs.udima.es\/administracion-y-direccion-de-empresas\/rentas-variables-en-progresion-geometrica-i-p20-htm\/\",\"url\":\"https:\/\/blogs.udima.es\/administracion-y-direccion-de-empresas\/rentas-variables-en-progresion-geometrica-i-p20-htm\/\",\"name\":\"3. Rentas variables en progresi\u00f3n geom\u00e9trica - Blog de ADE\",\"isPartOf\":{\"@id\":\"https:\/\/blogs.udima.es\/administracion-y-direccion-de-empresas\/#website\"},\"primaryImageOfPage\":{\"@id\":\"https:\/\/blogs.udima.es\/administracion-y-direccion-de-empresas\/rentas-variables-en-progresion-geometrica-i-p20-htm\/#primaryimage\"},\"image\":{\"@id\":\"https:\/\/blogs.udima.es\/administracion-y-direccion-de-empresas\/rentas-variables-en-progresion-geometrica-i-p20-htm\/#primaryimage\"},\"thumbnailUrl\":\"https:\/\/blogs.udima.es\/administracion-y-direccion-de-empresas\/images_book\/p148-01.png\",\"datePublished\":\"2016-07-15T10:13:46+00:00\",\"dateModified\":\"2016-07-15T10:16:23+00:00\",\"breadcrumb\":{\"@id\":\"https:\/\/blogs.udima.es\/administracion-y-direccion-de-empresas\/rentas-variables-en-progresion-geometrica-i-p20-htm\/#breadcrumb\"},\"inLanguage\":\"es\",\"potentialAction\":[{\"@type\":\"ReadAction\",\"target\":[\"https:\/\/blogs.udima.es\/administracion-y-direccion-de-empresas\/rentas-variables-en-progresion-geometrica-i-p20-htm\/\"]}]},{\"@type\":\"ImageObject\",\"inLanguage\":\"es\",\"@id\":\"https:\/\/blogs.udima.es\/administracion-y-direccion-de-empresas\/rentas-variables-en-progresion-geometrica-i-p20-htm\/#primaryimage\",\"url\":\"https:\/\/blogs.udima.es\/administracion-y-direccion-de-empresas\/images_book\/p148-01.png\",\"contentUrl\":\"https:\/\/blogs.udima.es\/administracion-y-direccion-de-empresas\/images_book\/p148-01.png\"},{\"@type\":\"BreadcrumbList\",\"@id\":\"https:\/\/blogs.udima.es\/administracion-y-direccion-de-empresas\/rentas-variables-en-progresion-geometrica-i-p20-htm\/#breadcrumb\",\"itemListElement\":[{\"@type\":\"ListItem\",\"position\":1,\"name\":\"Portada\",\"item\":\"https:\/\/blogs.udima.es\/administracion-y-direccion-de-empresas\/\"},{\"@type\":\"ListItem\",\"position\":2,\"name\":\"3. Rentas variables en progresi\u00f3n geom\u00e9trica\"}]},{\"@type\":\"WebSite\",\"@id\":\"https:\/\/blogs.udima.es\/administracion-y-direccion-de-empresas\/#website\",\"url\":\"https:\/\/blogs.udima.es\/administracion-y-direccion-de-empresas\/\",\"name\":\"Blog de ADE - Universidad a Distancia de Madrid | UDIMA\",\"description\":\"\",\"potentialAction\":[{\"@type\":\"SearchAction\",\"target\":{\"@type\":\"EntryPoint\",\"urlTemplate\":\"https:\/\/blogs.udima.es\/administracion-y-direccion-de-empresas\/?s={search_term_string}\"},\"query-input\":\"required name=search_term_string\"}],\"inLanguage\":\"es\"}]}<\/script>\n<!-- \/ Yoast SEO plugin. -->","yoast_head_json":{"title":"3. Rentas variables en progresi\u00f3n geom\u00e9trica - Blog de ADE","robots":{"index":"index","follow":"follow","max-snippet":"max-snippet:-1","max-image-preview":"max-image-preview:large","max-video-preview":"max-video-preview:-1"},"canonical":"https:\/\/blogs.udima.es\/administracion-y-direccion-de-empresas\/rentas-variables-en-progresion-geometrica-i-p20-htm\/","og_locale":"es_ES","og_type":"article","og_title":"3. Rentas variables en progresi\u00f3n geom\u00e9trica - Blog de ADE","og_description":"Este tipo de rentas sirve para valorar un conjunto de capitales equidistantes en el tiempo cuyas cuant\u00edas son variables siguiendo una ley en progresi\u00f3n geom\u00e9trica, esto es, cada t\u00e9rmino es el anterior multiplicado por un mismo n\u00famero (que se denomina raz\u00f3n de la progresi\u00f3n geom\u00e9trica) y que notaremos por q. Para calcular cualquier t\u00e9rmino basta [&hellip;]","og_url":"https:\/\/blogs.udima.es\/administracion-y-direccion-de-empresas\/rentas-variables-en-progresion-geometrica-i-p20-htm\/","og_site_name":"Blog de ADE - Universidad a Distancia de Madrid | UDIMA","article_modified_time":"2016-07-15T10:16:23+00:00","og_image":[{"url":"https:\/\/blogs.udima.es\/administracion-y-direccion-de-empresas\/images_book\/p148-01.png"}],"twitter_card":"summary_large_image","twitter_misc":{"Tiempo de lectura":"7 minutos"},"schema":{"@context":"https:\/\/schema.org","@graph":[{"@type":"WebPage","@id":"https:\/\/blogs.udima.es\/administracion-y-direccion-de-empresas\/rentas-variables-en-progresion-geometrica-i-p20-htm\/","url":"https:\/\/blogs.udima.es\/administracion-y-direccion-de-empresas\/rentas-variables-en-progresion-geometrica-i-p20-htm\/","name":"3. Rentas variables en progresi\u00f3n geom\u00e9trica - Blog de ADE","isPartOf":{"@id":"https:\/\/blogs.udima.es\/administracion-y-direccion-de-empresas\/#website"},"primaryImageOfPage":{"@id":"https:\/\/blogs.udima.es\/administracion-y-direccion-de-empresas\/rentas-variables-en-progresion-geometrica-i-p20-htm\/#primaryimage"},"image":{"@id":"https:\/\/blogs.udima.es\/administracion-y-direccion-de-empresas\/rentas-variables-en-progresion-geometrica-i-p20-htm\/#primaryimage"},"thumbnailUrl":"https:\/\/blogs.udima.es\/administracion-y-direccion-de-empresas\/images_book\/p148-01.png","datePublished":"2016-07-15T10:13:46+00:00","dateModified":"2016-07-15T10:16:23+00:00","breadcrumb":{"@id":"https:\/\/blogs.udima.es\/administracion-y-direccion-de-empresas\/rentas-variables-en-progresion-geometrica-i-p20-htm\/#breadcrumb"},"inLanguage":"es","potentialAction":[{"@type":"ReadAction","target":["https:\/\/blogs.udima.es\/administracion-y-direccion-de-empresas\/rentas-variables-en-progresion-geometrica-i-p20-htm\/"]}]},{"@type":"ImageObject","inLanguage":"es","@id":"https:\/\/blogs.udima.es\/administracion-y-direccion-de-empresas\/rentas-variables-en-progresion-geometrica-i-p20-htm\/#primaryimage","url":"https:\/\/blogs.udima.es\/administracion-y-direccion-de-empresas\/images_book\/p148-01.png","contentUrl":"https:\/\/blogs.udima.es\/administracion-y-direccion-de-empresas\/images_book\/p148-01.png"},{"@type":"BreadcrumbList","@id":"https:\/\/blogs.udima.es\/administracion-y-direccion-de-empresas\/rentas-variables-en-progresion-geometrica-i-p20-htm\/#breadcrumb","itemListElement":[{"@type":"ListItem","position":1,"name":"Portada","item":"https:\/\/blogs.udima.es\/administracion-y-direccion-de-empresas\/"},{"@type":"ListItem","position":2,"name":"3. Rentas variables en progresi\u00f3n geom\u00e9trica"}]},{"@type":"WebSite","@id":"https:\/\/blogs.udima.es\/administracion-y-direccion-de-empresas\/#website","url":"https:\/\/blogs.udima.es\/administracion-y-direccion-de-empresas\/","name":"Blog de ADE - Universidad a Distancia de Madrid | UDIMA","description":"","potentialAction":[{"@type":"SearchAction","target":{"@type":"EntryPoint","urlTemplate":"https:\/\/blogs.udima.es\/administracion-y-direccion-de-empresas\/?s={search_term_string}"},"query-input":"required name=search_term_string"}],"inLanguage":"es"}]}},"_links":{"self":[{"href":"https:\/\/blogs.udima.es\/administracion-y-direccion-de-empresas\/wp-json\/wp\/v2\/pages\/1880"}],"collection":[{"href":"https:\/\/blogs.udima.es\/administracion-y-direccion-de-empresas\/wp-json\/wp\/v2\/pages"}],"about":[{"href":"https:\/\/blogs.udima.es\/administracion-y-direccion-de-empresas\/wp-json\/wp\/v2\/types\/page"}],"author":[{"embeddable":true,"href":"https:\/\/blogs.udima.es\/administracion-y-direccion-de-empresas\/wp-json\/wp\/v2\/users\/27"}],"replies":[{"embeddable":true,"href":"https:\/\/blogs.udima.es\/administracion-y-direccion-de-empresas\/wp-json\/wp\/v2\/comments?post=1880"}],"version-history":[{"count":3,"href":"https:\/\/blogs.udima.es\/administracion-y-direccion-de-empresas\/wp-json\/wp\/v2\/pages\/1880\/revisions"}],"predecessor-version":[{"id":1883,"href":"https:\/\/blogs.udima.es\/administracion-y-direccion-de-empresas\/wp-json\/wp\/v2\/pages\/1880\/revisions\/1883"}],"wp:attachment":[{"href":"https:\/\/blogs.udima.es\/administracion-y-direccion-de-empresas\/wp-json\/wp\/v2\/media?parent=1880"}],"curies":[{"name":"wp","href":"https:\/\/api.w.org\/{rel}","templated":true}]}}