{"id":1864,"date":"2016-07-15T09:46:40","date_gmt":"2016-07-15T09:46:40","guid":{"rendered":"http:\/\/blogs.udima.es\/administracion-y-direccion-de-empresas\/?page_id=1864"},"modified":"2016-07-15T09:48:16","modified_gmt":"2016-07-15T09:48:16","slug":"prestamos-p6-htm","status":"publish","type":"page","link":"https:\/\/blogs.udima.es\/administracion-y-direccion-de-empresas\/prestamos-p6-htm\/","title":{"rendered":"CAP\u00cdTULO 4. Pr\u00e9stamos"},"content":{"rendered":"<ul>\n<li><a href=\"https:\/\/blogs.udima.es\/administracion-y-direccion-de-empresas\/Concepto-de-Prestamos-P6.htm\">1. Concepto de pr\u00e9stamo<\/a><\/li>\n<li><a href=\"https:\/\/blogs.udima.es\/administracion-y-direccion-de-empresas\/Reembolso-unico-sin-pago-Periodico-de-Intereses--Prestamo-Simple-P25.htm\">2. Reembolso \u00fanico sin pago peri\u00f3dico de intereses pr\u00e9stamo simple<\/a><\/li>\n<li><a href=\"https:\/\/blogs.udima.es\/administracion-y-direccion-de-empresas\/Reembolso-unico-con-pago-Periodico-de-Intereses--Prestamo-Americano-P26.htm\">3. Reembolso \u00fanico con pago peri\u00f3dico de intereses pr\u00e9stamo americano<\/a><\/li>\n<li><a href=\"https:\/\/blogs.udima.es\/administracion-y-direccion-de-empresas\/Amortizacion-con-Terminos-Amortizativos-Constantes--Metodo-Frances-I-P27.htm\">4. Amortizaci\u00f3n con t\u00e9rminos amortizativos constantes m\u00e9todo franc\u00e9s<\/a><\/li>\n<li><a href=\"https:\/\/blogs.udima.es\/administracion-y-direccion-de-empresas\/Metodo-de-Cuota-de-Amortizacion-Constante---Metodo-Lineal-P28.htm\">5. M\u00e9todo de cuota de amortizaci\u00f3n constante m\u00e9todo lineal<\/a><\/li>\n<li><a href=\"https:\/\/blogs.udima.es\/administracion-y-direccion-de-empresas\/Metodo-de-Amortizacion-con-Terminos-Amortizativos-Variables-en-Progresion-Geometrica-I-P29.htm\">6. M\u00e9todo de amortizaci\u00f3n con t\u00e9rminos amortizativos variables en progresi\u00f3n<\/a><\/li>\n<li><a href=\"https:\/\/blogs.udima.es\/administracion-y-direccion-de-empresas\/Metodo-de-Amortizacion-con-Terminos-Amortizativos-variables-en-Progresion-Aritmetica-I-P30.htm\">7. M\u00e9todo de amortizaci\u00f3n con t\u00e9rminos amortizativos variables en progresi\u00f3n<\/a><\/li>\n<li><a href=\"https:\/\/blogs.udima.es\/administracion-y-direccion-de-empresas\/Prestamos-Diferidos-P31.htm\">8. Pr\u00e9stamos diferidos<\/a><\/li>\n<li><a href=\"https:\/\/blogs.udima.es\/administracion-y-direccion-de-empresas\/Prestamos-con-Intereses-Fraccionados-P32.htm\">9. Pr\u00e9stamos con intereses fraccionados<\/a><\/li>\n<li><a href=\"https:\/\/blogs.udima.es\/administracion-y-direccion-de-empresas\/Sistema-de-Amortizacion-SINKING-FUND-P35.htm\">10. Sistema de amortizaci\u00f3n Sinking-Fund<\/a><\/li>\n<li><a href=\"https:\/\/blogs.udima.es\/administracion-y-direccion-de-empresas\/Prestamos-con-Intereses-Prepagables-I-P36.htm\">11. Pr\u00e9stamos con intereses prepagables<\/a><\/li>\n<li><a href=\"https:\/\/blogs.udima.es\/administracion-y-direccion-de-empresas\/Valor-Financiero-del-Prestamo--Usufructo-y-Nuda-Propiedad-I-P37.htm\">12. Valor finaciero del pr\u00e9stamo usufructo y nuda propiedad<\/a><\/li>\n<li><a href=\"https:\/\/blogs.udima.es\/administracion-y-direccion-de-empresas\/Tantos-Efectivos-P38.htm\">13. Tantos efectivos<\/a><\/li>\n<li><a href=\"https:\/\/blogs.udima.es\/administracion-y-direccion-de-empresas\/Prestamos-con-Interes-Revisable-I-P39.htm\">14. Pr\u00e9stamos con inter\u00e9s revisable<\/a><\/li>\n<li><a href=\"https:\/\/blogs.udima.es\/administracion-y-direccion-de-empresas\/Tantos-Efectivos-de-los-Prestamos-segun-el-Banco-de-Espana-I-P40.htm\">15. Tantos efectivos de los pr\u00e9stamos seg\u00fan el Banco de Espa\u00f1a<\/a><\/li>\n<\/ul>\n","protected":false},"excerpt":{"rendered":"<p>1. Concepto de pr\u00e9stamo 2. Reembolso \u00fanico sin pago peri\u00f3dico de intereses pr\u00e9stamo simple 3. Reembolso \u00fanico con pago peri\u00f3dico de intereses pr\u00e9stamo americano 4. Amortizaci\u00f3n con t\u00e9rminos amortizativos constantes m\u00e9todo franc\u00e9s 5. M\u00e9todo de cuota de amortizaci\u00f3n constante m\u00e9todo lineal 6. M\u00e9todo de amortizaci\u00f3n con t\u00e9rminos amortizativos variables en progresi\u00f3n 7. M\u00e9todo de amortizaci\u00f3n [&hellip;]<\/p>\n","protected":false},"author":27,"featured_media":0,"parent":0,"menu_order":4000,"comment_status":"closed","ping_status":"closed","template":"","meta":{"footnotes":""},"yoast_head":"<!-- This site is optimized with the Yoast SEO plugin v22.9 - https:\/\/yoast.com\/wordpress\/plugins\/seo\/ -->\n<title>CAP\u00cdTULO 4. Pr\u00e9stamos - Blog de ADE<\/title>\n<meta name=\"robots\" content=\"index, follow, max-snippet:-1, max-image-preview:large, max-video-preview:-1\" \/>\n<link rel=\"canonical\" href=\"https:\/\/blogs.udima.es\/administracion-y-direccion-de-empresas\/prestamos-p6-htm\/\" \/>\n<meta property=\"og:locale\" content=\"es_ES\" \/>\n<meta property=\"og:type\" content=\"article\" \/>\n<meta property=\"og:title\" content=\"CAP\u00cdTULO 4. Pr\u00e9stamos - Blog de ADE\" \/>\n<meta property=\"og:description\" content=\"1. Concepto de pr\u00e9stamo 2. Reembolso \u00fanico sin pago peri\u00f3dico de intereses pr\u00e9stamo simple 3. Reembolso \u00fanico con pago peri\u00f3dico de intereses pr\u00e9stamo americano 4. Amortizaci\u00f3n con t\u00e9rminos amortizativos constantes m\u00e9todo franc\u00e9s 5. M\u00e9todo de cuota de amortizaci\u00f3n constante m\u00e9todo lineal 6. M\u00e9todo de amortizaci\u00f3n con t\u00e9rminos amortizativos variables en progresi\u00f3n 7. M\u00e9todo de amortizaci\u00f3n [&hellip;]\" \/>\n<meta property=\"og:url\" content=\"https:\/\/blogs.udima.es\/administracion-y-direccion-de-empresas\/prestamos-p6-htm\/\" \/>\n<meta property=\"og:site_name\" content=\"Blog de ADE - Universidad a Distancia de Madrid | UDIMA\" \/>\n<meta property=\"article:modified_time\" content=\"2016-07-15T09:48:16+00:00\" \/>\n<meta name=\"twitter:card\" content=\"summary_large_image\" \/>\n<meta name=\"twitter:label1\" content=\"Tiempo de lectura\" \/>\n\t<meta name=\"twitter:data1\" content=\"1 minuto\" \/>\n<script type=\"application\/ld+json\" class=\"yoast-schema-graph\">{\"@context\":\"https:\/\/schema.org\",\"@graph\":[{\"@type\":\"WebPage\",\"@id\":\"https:\/\/blogs.udima.es\/administracion-y-direccion-de-empresas\/prestamos-p6-htm\/\",\"url\":\"https:\/\/blogs.udima.es\/administracion-y-direccion-de-empresas\/prestamos-p6-htm\/\",\"name\":\"CAP\u00cdTULO 4. Pr\u00e9stamos - Blog de ADE\",\"isPartOf\":{\"@id\":\"https:\/\/blogs.udima.es\/administracion-y-direccion-de-empresas\/#website\"},\"datePublished\":\"2016-07-15T09:46:40+00:00\",\"dateModified\":\"2016-07-15T09:48:16+00:00\",\"breadcrumb\":{\"@id\":\"https:\/\/blogs.udima.es\/administracion-y-direccion-de-empresas\/prestamos-p6-htm\/#breadcrumb\"},\"inLanguage\":\"es\",\"potentialAction\":[{\"@type\":\"ReadAction\",\"target\":[\"https:\/\/blogs.udima.es\/administracion-y-direccion-de-empresas\/prestamos-p6-htm\/\"]}]},{\"@type\":\"BreadcrumbList\",\"@id\":\"https:\/\/blogs.udima.es\/administracion-y-direccion-de-empresas\/prestamos-p6-htm\/#breadcrumb\",\"itemListElement\":[{\"@type\":\"ListItem\",\"position\":1,\"name\":\"Portada\",\"item\":\"https:\/\/blogs.udima.es\/administracion-y-direccion-de-empresas\/\"},{\"@type\":\"ListItem\",\"position\":2,\"name\":\"CAP\u00cdTULO 4. Pr\u00e9stamos\"}]},{\"@type\":\"WebSite\",\"@id\":\"https:\/\/blogs.udima.es\/administracion-y-direccion-de-empresas\/#website\",\"url\":\"https:\/\/blogs.udima.es\/administracion-y-direccion-de-empresas\/\",\"name\":\"Blog de ADE - Universidad a Distancia de Madrid | UDIMA\",\"description\":\"\",\"potentialAction\":[{\"@type\":\"SearchAction\",\"target\":{\"@type\":\"EntryPoint\",\"urlTemplate\":\"https:\/\/blogs.udima.es\/administracion-y-direccion-de-empresas\/?s={search_term_string}\"},\"query-input\":\"required name=search_term_string\"}],\"inLanguage\":\"es\"}]}<\/script>\n<!-- \/ Yoast SEO plugin. -->","yoast_head_json":{"title":"CAP\u00cdTULO 4. Pr\u00e9stamos - Blog de ADE","robots":{"index":"index","follow":"follow","max-snippet":"max-snippet:-1","max-image-preview":"max-image-preview:large","max-video-preview":"max-video-preview:-1"},"canonical":"https:\/\/blogs.udima.es\/administracion-y-direccion-de-empresas\/prestamos-p6-htm\/","og_locale":"es_ES","og_type":"article","og_title":"CAP\u00cdTULO 4. Pr\u00e9stamos - Blog de ADE","og_description":"1. Concepto de pr\u00e9stamo 2. Reembolso \u00fanico sin pago peri\u00f3dico de intereses pr\u00e9stamo simple 3. Reembolso \u00fanico con pago peri\u00f3dico de intereses pr\u00e9stamo americano 4. Amortizaci\u00f3n con t\u00e9rminos amortizativos constantes m\u00e9todo franc\u00e9s 5. M\u00e9todo de cuota de amortizaci\u00f3n constante m\u00e9todo lineal 6. M\u00e9todo de amortizaci\u00f3n con t\u00e9rminos amortizativos variables en progresi\u00f3n 7. M\u00e9todo de amortizaci\u00f3n [&hellip;]","og_url":"https:\/\/blogs.udima.es\/administracion-y-direccion-de-empresas\/prestamos-p6-htm\/","og_site_name":"Blog de ADE - Universidad a Distancia de Madrid | UDIMA","article_modified_time":"2016-07-15T09:48:16+00:00","twitter_card":"summary_large_image","twitter_misc":{"Tiempo de lectura":"1 minuto"},"schema":{"@context":"https:\/\/schema.org","@graph":[{"@type":"WebPage","@id":"https:\/\/blogs.udima.es\/administracion-y-direccion-de-empresas\/prestamos-p6-htm\/","url":"https:\/\/blogs.udima.es\/administracion-y-direccion-de-empresas\/prestamos-p6-htm\/","name":"CAP\u00cdTULO 4. Pr\u00e9stamos - Blog de ADE","isPartOf":{"@id":"https:\/\/blogs.udima.es\/administracion-y-direccion-de-empresas\/#website"},"datePublished":"2016-07-15T09:46:40+00:00","dateModified":"2016-07-15T09:48:16+00:00","breadcrumb":{"@id":"https:\/\/blogs.udima.es\/administracion-y-direccion-de-empresas\/prestamos-p6-htm\/#breadcrumb"},"inLanguage":"es","potentialAction":[{"@type":"ReadAction","target":["https:\/\/blogs.udima.es\/administracion-y-direccion-de-empresas\/prestamos-p6-htm\/"]}]},{"@type":"BreadcrumbList","@id":"https:\/\/blogs.udima.es\/administracion-y-direccion-de-empresas\/prestamos-p6-htm\/#breadcrumb","itemListElement":[{"@type":"ListItem","position":1,"name":"Portada","item":"https:\/\/blogs.udima.es\/administracion-y-direccion-de-empresas\/"},{"@type":"ListItem","position":2,"name":"CAP\u00cdTULO 4. Pr\u00e9stamos"}]},{"@type":"WebSite","@id":"https:\/\/blogs.udima.es\/administracion-y-direccion-de-empresas\/#website","url":"https:\/\/blogs.udima.es\/administracion-y-direccion-de-empresas\/","name":"Blog de ADE - Universidad a Distancia de Madrid | UDIMA","description":"","potentialAction":[{"@type":"SearchAction","target":{"@type":"EntryPoint","urlTemplate":"https:\/\/blogs.udima.es\/administracion-y-direccion-de-empresas\/?s={search_term_string}"},"query-input":"required name=search_term_string"}],"inLanguage":"es"}]}},"_links":{"self":[{"href":"https:\/\/blogs.udima.es\/administracion-y-direccion-de-empresas\/wp-json\/wp\/v2\/pages\/1864"}],"collection":[{"href":"https:\/\/blogs.udima.es\/administracion-y-direccion-de-empresas\/wp-json\/wp\/v2\/pages"}],"about":[{"href":"https:\/\/blogs.udima.es\/administracion-y-direccion-de-empresas\/wp-json\/wp\/v2\/types\/page"}],"author":[{"embeddable":true,"href":"https:\/\/blogs.udima.es\/administracion-y-direccion-de-empresas\/wp-json\/wp\/v2\/users\/27"}],"replies":[{"embeddable":true,"href":"https:\/\/blogs.udima.es\/administracion-y-direccion-de-empresas\/wp-json\/wp\/v2\/comments?post=1864"}],"version-history":[{"count":3,"href":"https:\/\/blogs.udima.es\/administracion-y-direccion-de-empresas\/wp-json\/wp\/v2\/pages\/1864\/revisions"}],"predecessor-version":[{"id":1869,"href":"https:\/\/blogs.udima.es\/administracion-y-direccion-de-empresas\/wp-json\/wp\/v2\/pages\/1864\/revisions\/1869"}],"wp:attachment":[{"href":"https:\/\/blogs.udima.es\/administracion-y-direccion-de-empresas\/wp-json\/wp\/v2\/media?parent=1864"}],"curies":[{"name":"wp","href":"https:\/\/api.w.org\/{rel}","templated":true}]}}