{"id":1855,"date":"2016-07-15T09:30:55","date_gmt":"2016-07-15T09:30:55","guid":{"rendered":"http:\/\/blogs.udima.es\/administracion-y-direccion-de-empresas\/?page_id=1855"},"modified":"2016-07-15T09:34:37","modified_gmt":"2016-07-15T09:34:37","slug":"rentas-p5-htm","status":"publish","type":"page","link":"https:\/\/blogs.udima.es\/administracion-y-direccion-de-empresas\/rentas-p5-htm\/","title":{"rendered":"CAP\u00cdTULO 3. Rentas"},"content":{"rendered":"<ul>\n<li><a href=\"https:\/\/blogs.udima.es\/administracion-y-direccion-de-empresas\/Rentas-nbsp--P5.htm\">1. Rentas<\/a><\/li>\n<li><a href=\"https:\/\/blogs.udima.es\/administracion-y-direccion-de-empresas\/Rentas-Constantes-I-P18.htm\">2. Rentas constantes<\/a><\/li>\n<li><a href=\"https:\/\/blogs.udima.es\/administracion-y-direccion-de-empresas\/Rentas-Variables-en-Progresion-Geometrica-I-P20.htm\">3. Rentas variables en progresi\u00f3n geom\u00e9trica<\/a><\/li>\n<li><a href=\"https:\/\/blogs.udima.es\/administracion-y-direccion-de-empresas\/4-rentas-variables-progresion-aritmetica.html\">4. Rentas variables en progresi\u00f3n aritm\u00e9tica<\/a><\/li>\n<li><a href=\"https:\/\/blogs.udima.es\/administracion-y-direccion-de-empresas\/Rentas-Fraccionadas-I-P22.htm\">5. Rentas fraccionadas<\/a><\/li>\n<li><a href=\"https:\/\/blogs.udima.es\/administracion-y-direccion-de-empresas\/Rentas-Continuas-I-P23.htm\">6. Rentas continuas<\/a><\/li>\n<li><a href=\"https:\/\/blogs.udima.es\/administracion-y-direccion-de-empresas\/Rentas-a-Interes-simple-I-P24.htm\">7. Rentas a inter\u00e9s simple<\/a><\/li>\n<\/ul>\n","protected":false},"excerpt":{"rendered":"<p>1. Rentas 2. Rentas constantes 3. Rentas variables en progresi\u00f3n geom\u00e9trica 4. Rentas variables en progresi\u00f3n aritm\u00e9tica 5. Rentas fraccionadas 6. Rentas continuas 7. Rentas a inter\u00e9s simple<\/p>\n","protected":false},"author":27,"featured_media":0,"parent":0,"menu_order":3000,"comment_status":"closed","ping_status":"closed","template":"","meta":{"footnotes":""},"yoast_head":"<!-- This site is optimized with the Yoast SEO plugin v22.9 - https:\/\/yoast.com\/wordpress\/plugins\/seo\/ -->\n<title>CAP\u00cdTULO 3. Rentas - Blog de ADE<\/title>\n<meta name=\"robots\" content=\"index, follow, max-snippet:-1, max-image-preview:large, max-video-preview:-1\" \/>\n<link rel=\"canonical\" href=\"https:\/\/blogs.udima.es\/administracion-y-direccion-de-empresas\/rentas-p5-htm\/\" \/>\n<meta property=\"og:locale\" content=\"es_ES\" \/>\n<meta property=\"og:type\" content=\"article\" \/>\n<meta property=\"og:title\" content=\"CAP\u00cdTULO 3. Rentas - Blog de ADE\" \/>\n<meta property=\"og:description\" content=\"1. Rentas 2. Rentas constantes 3. Rentas variables en progresi\u00f3n geom\u00e9trica 4. Rentas variables en progresi\u00f3n aritm\u00e9tica 5. Rentas fraccionadas 6. Rentas continuas 7. Rentas a inter\u00e9s simple\" \/>\n<meta property=\"og:url\" content=\"https:\/\/blogs.udima.es\/administracion-y-direccion-de-empresas\/rentas-p5-htm\/\" \/>\n<meta property=\"og:site_name\" content=\"Blog de ADE - Universidad a Distancia de Madrid | UDIMA\" \/>\n<meta property=\"article:modified_time\" content=\"2016-07-15T09:34:37+00:00\" \/>\n<meta name=\"twitter:card\" content=\"summary_large_image\" \/>\n<script type=\"application\/ld+json\" class=\"yoast-schema-graph\">{\"@context\":\"https:\/\/schema.org\",\"@graph\":[{\"@type\":\"WebPage\",\"@id\":\"https:\/\/blogs.udima.es\/administracion-y-direccion-de-empresas\/rentas-p5-htm\/\",\"url\":\"https:\/\/blogs.udima.es\/administracion-y-direccion-de-empresas\/rentas-p5-htm\/\",\"name\":\"CAP\u00cdTULO 3. Rentas - Blog de ADE\",\"isPartOf\":{\"@id\":\"https:\/\/blogs.udima.es\/administracion-y-direccion-de-empresas\/#website\"},\"datePublished\":\"2016-07-15T09:30:55+00:00\",\"dateModified\":\"2016-07-15T09:34:37+00:00\",\"breadcrumb\":{\"@id\":\"https:\/\/blogs.udima.es\/administracion-y-direccion-de-empresas\/rentas-p5-htm\/#breadcrumb\"},\"inLanguage\":\"es\",\"potentialAction\":[{\"@type\":\"ReadAction\",\"target\":[\"https:\/\/blogs.udima.es\/administracion-y-direccion-de-empresas\/rentas-p5-htm\/\"]}]},{\"@type\":\"BreadcrumbList\",\"@id\":\"https:\/\/blogs.udima.es\/administracion-y-direccion-de-empresas\/rentas-p5-htm\/#breadcrumb\",\"itemListElement\":[{\"@type\":\"ListItem\",\"position\":1,\"name\":\"Portada\",\"item\":\"https:\/\/blogs.udima.es\/administracion-y-direccion-de-empresas\/\"},{\"@type\":\"ListItem\",\"position\":2,\"name\":\"CAP\u00cdTULO 3. Rentas\"}]},{\"@type\":\"WebSite\",\"@id\":\"https:\/\/blogs.udima.es\/administracion-y-direccion-de-empresas\/#website\",\"url\":\"https:\/\/blogs.udima.es\/administracion-y-direccion-de-empresas\/\",\"name\":\"Blog de ADE - Universidad a Distancia de Madrid | UDIMA\",\"description\":\"\",\"potentialAction\":[{\"@type\":\"SearchAction\",\"target\":{\"@type\":\"EntryPoint\",\"urlTemplate\":\"https:\/\/blogs.udima.es\/administracion-y-direccion-de-empresas\/?s={search_term_string}\"},\"query-input\":\"required name=search_term_string\"}],\"inLanguage\":\"es\"}]}<\/script>\n<!-- \/ Yoast SEO plugin. -->","yoast_head_json":{"title":"CAP\u00cdTULO 3. Rentas - Blog de ADE","robots":{"index":"index","follow":"follow","max-snippet":"max-snippet:-1","max-image-preview":"max-image-preview:large","max-video-preview":"max-video-preview:-1"},"canonical":"https:\/\/blogs.udima.es\/administracion-y-direccion-de-empresas\/rentas-p5-htm\/","og_locale":"es_ES","og_type":"article","og_title":"CAP\u00cdTULO 3. Rentas - Blog de ADE","og_description":"1. Rentas 2. Rentas constantes 3. Rentas variables en progresi\u00f3n geom\u00e9trica 4. Rentas variables en progresi\u00f3n aritm\u00e9tica 5. Rentas fraccionadas 6. Rentas continuas 7. Rentas a inter\u00e9s simple","og_url":"https:\/\/blogs.udima.es\/administracion-y-direccion-de-empresas\/rentas-p5-htm\/","og_site_name":"Blog de ADE - Universidad a Distancia de Madrid | UDIMA","article_modified_time":"2016-07-15T09:34:37+00:00","twitter_card":"summary_large_image","schema":{"@context":"https:\/\/schema.org","@graph":[{"@type":"WebPage","@id":"https:\/\/blogs.udima.es\/administracion-y-direccion-de-empresas\/rentas-p5-htm\/","url":"https:\/\/blogs.udima.es\/administracion-y-direccion-de-empresas\/rentas-p5-htm\/","name":"CAP\u00cdTULO 3. Rentas - Blog de ADE","isPartOf":{"@id":"https:\/\/blogs.udima.es\/administracion-y-direccion-de-empresas\/#website"},"datePublished":"2016-07-15T09:30:55+00:00","dateModified":"2016-07-15T09:34:37+00:00","breadcrumb":{"@id":"https:\/\/blogs.udima.es\/administracion-y-direccion-de-empresas\/rentas-p5-htm\/#breadcrumb"},"inLanguage":"es","potentialAction":[{"@type":"ReadAction","target":["https:\/\/blogs.udima.es\/administracion-y-direccion-de-empresas\/rentas-p5-htm\/"]}]},{"@type":"BreadcrumbList","@id":"https:\/\/blogs.udima.es\/administracion-y-direccion-de-empresas\/rentas-p5-htm\/#breadcrumb","itemListElement":[{"@type":"ListItem","position":1,"name":"Portada","item":"https:\/\/blogs.udima.es\/administracion-y-direccion-de-empresas\/"},{"@type":"ListItem","position":2,"name":"CAP\u00cdTULO 3. Rentas"}]},{"@type":"WebSite","@id":"https:\/\/blogs.udima.es\/administracion-y-direccion-de-empresas\/#website","url":"https:\/\/blogs.udima.es\/administracion-y-direccion-de-empresas\/","name":"Blog de ADE - Universidad a Distancia de Madrid | UDIMA","description":"","potentialAction":[{"@type":"SearchAction","target":{"@type":"EntryPoint","urlTemplate":"https:\/\/blogs.udima.es\/administracion-y-direccion-de-empresas\/?s={search_term_string}"},"query-input":"required name=search_term_string"}],"inLanguage":"es"}]}},"_links":{"self":[{"href":"https:\/\/blogs.udima.es\/administracion-y-direccion-de-empresas\/wp-json\/wp\/v2\/pages\/1855"}],"collection":[{"href":"https:\/\/blogs.udima.es\/administracion-y-direccion-de-empresas\/wp-json\/wp\/v2\/pages"}],"about":[{"href":"https:\/\/blogs.udima.es\/administracion-y-direccion-de-empresas\/wp-json\/wp\/v2\/types\/page"}],"author":[{"embeddable":true,"href":"https:\/\/blogs.udima.es\/administracion-y-direccion-de-empresas\/wp-json\/wp\/v2\/users\/27"}],"replies":[{"embeddable":true,"href":"https:\/\/blogs.udima.es\/administracion-y-direccion-de-empresas\/wp-json\/wp\/v2\/comments?post=1855"}],"version-history":[{"count":3,"href":"https:\/\/blogs.udima.es\/administracion-y-direccion-de-empresas\/wp-json\/wp\/v2\/pages\/1855\/revisions"}],"predecessor-version":[{"id":1858,"href":"https:\/\/blogs.udima.es\/administracion-y-direccion-de-empresas\/wp-json\/wp\/v2\/pages\/1855\/revisions\/1858"}],"wp:attachment":[{"href":"https:\/\/blogs.udima.es\/administracion-y-direccion-de-empresas\/wp-json\/wp\/v2\/media?parent=1855"}],"curies":[{"name":"wp","href":"https:\/\/api.w.org\/{rel}","templated":true}]}}