{"id":1847,"date":"2016-07-15T08:48:20","date_gmt":"2016-07-15T08:48:20","guid":{"rendered":"http:\/\/blogs.udima.es\/administracion-y-direccion-de-empresas\/?page_id=1847"},"modified":"2016-07-15T08:49:51","modified_gmt":"2016-07-15T08:49:51","slug":"tanto-nominal-j-sub-k-sub-p15-htm","status":"publish","type":"page","link":"https:\/\/blogs.udima.es\/administracion-y-direccion-de-empresas\/tanto-nominal-j-sub-k-sub-p15-htm\/","title":{"rendered":"3. Tanto nominal (Jk)"},"content":{"rendered":"<p>Por una parte, nos encontramos con la necesidad de aplicar la relaci\u00f3n anterior de equivalencia de tantos si queremos que, aun trabajando en diferentes unidades de tiempo, los resultados finales sigan siendo id\u00e9nticos. Por otra, hay que ser conscientes de la dificultad que supone el conocer y aplicar dicha expresi\u00f3n de equivalencia. En este punto surge la necesidad de emplear un tanto que permita pasar f\u00e1cilmente de su unidad habitual (en a\u00f1os) a cualquier otra diferente y que financieramente resulte correcta: el tanto nominal.<\/p>\n<p>El tanto nominal se define como un tanto te\u00f3rico que se obtiene multiplicando la frecuencia de capitalizaci\u00f3n k por el tanto k-esimal:<\/p>\n<p align=\"center\"> J<sub>k<\/sub> = i<sub>k<\/sub> x k<\/p>\n<p>Expresi\u00f3n pensada para pasar f\u00e1cilmente de un tanto referido al a\u00f1o (el tanto nominal) a un tanto efectivo k-esimal, ya que el tanto nominal es proporcional. <\/p>\n<p>As\u00ed pues, en compuesta, los tantos de inter\u00e9s pueden ser tantos efectivos (i o ik) o nominales (Jk), teniendo en cuenta que el tanto nominal (tambi\u00e9n conocido como anualizado) no es un tanto que realmente se emplee para operar: a partir de \u00e9l se obtienen tantos efectivos con los que s\u00ed se har\u00e1n los c\u00e1lculos necesarios.<\/p>\n<p>A continuaci\u00f3n se muestran las relaciones existentes entre tantos nominales y tantos efectivos anuales.<\/p>\n<p>&nbsp;<\/p>\n<p align=\"center\"><em><u>Tabla de conversi\u00f3n de tantos nominales a tantos anuales efectivos (TAE)<\/u><\/em><\/p>\n<p>La f\u00f3rmula de c\u00e1lculo es:<\/p>\n<blockquote>\n<p align=\"left\">i = (1 + i<sub>k<\/sub>)<sup>k<\/sup> \u2013 1 = (1 + J<sub>k<\/sub>\/k)<sup>k<\/sup> \u2013 1 <\/p>\n<\/blockquote>\n<p>Frecuencia de capitalizaci\u00f3n<\/p>\n<p>&nbsp;<\/p>\n<table border=\"1\" align=\"center\" cellpadding=\"5\" cellspacing=\"0\">\n<tr>\n<td>\n<div align=\"center\">&nbsp;<\/div>\n<\/td>\n<td>\n<div align=\"center\" class=\"progress\">k = 1 <\/div>\n<\/td>\n<td>\n<div align=\"center\" class=\"progress\">k = 2 <\/div>\n<\/td>\n<td>\n<div align=\"center\" class=\"progress\">k = 4 <\/div>\n<\/td>\n<td>\n<div align=\"center\" class=\"progress\">k = 12<\/div>\n<\/td>\n<\/tr>\n<tr>\n<td>\n<div align=\"center\" class=\"progress\">Inter\u00e9s nominal<\/div>\n<\/td>\n<td>\n<div align=\"center\" class=\"progress\">Anual <\/div>\n<\/td>\n<td>\n<div align=\"center\" class=\"progress\">Semestral <\/div>\n<\/td>\n<td>\n<div align=\"center\" class=\"progress\">Trimestral <\/div>\n<\/td>\n<td>\n<div align=\"center\" class=\"progress\">Mensual<\/div>\n<\/td>\n<\/tr>\n<tr>\n<td>\n<div align=\"center\">8% \n    <\/div>\n<\/td>\n<td>\n<div align=\"center\">8,000% <\/div>\n<\/td>\n<td>\n<div align=\"center\">8,160% <\/div>\n<\/td>\n<td>\n<div align=\"center\">8,243% <\/div>\n<\/td>\n<td>\n<div align=\"center\">8,300%<\/div>\n<\/td>\n<\/tr>\n<tr>\n<td>\n<div align=\"center\">9% \n    <\/div>\n<\/td>\n<td>\n<div align=\"center\">9,000% <\/div>\n<\/td>\n<td>\n<div align=\"center\">9,202% <\/div>\n<\/td>\n<td>\n<div align=\"center\">9,308% <\/div>\n<\/td>\n<td>\n<div align=\"center\">9,381%<\/div>\n<\/td>\n<\/tr>\n<tr>\n<td>\n<div align=\"center\">10% \n    <\/div>\n<\/td>\n<td>\n<div align=\"center\">10,000% <\/div>\n<\/td>\n<td>\n<div align=\"center\">10,250% <\/div>\n<\/td>\n<td>\n<div align=\"center\">10,381% <\/div>\n<\/td>\n<td>\n<div align=\"center\">10,471%<\/div>\n<\/td>\n<\/tr>\n<tr>\n<td>\n<div align=\"center\">11% \n    <\/div>\n<\/td>\n<td>\n<div align=\"center\">11,000% <\/div>\n<\/td>\n<td>\n<div align=\"center\">11,303% <\/div>\n<\/td>\n<td>\n<div align=\"center\">11,462% <\/div>\n<\/td>\n<td>\n<div align=\"center\">11,572%<\/div>\n<\/td>\n<\/tr>\n<tr>\n<td>\n<div align=\"center\">12% <\/div>\n<\/td>\n<td>\n<div align=\"center\">12,000% <\/div>\n<\/td>\n<td>\n<div align=\"center\">12,360% <\/div>\n<\/td>\n<td>\n<div align=\"center\">12,551% <\/div>\n<\/td>\n<td>\n<div align=\"center\">12,683%<\/div>\n<\/td>\n<\/tr>\n<\/table>\n<p>&nbsp;<\/p>\n<p>El tipo de inter\u00e9s efectivo anual correspondiente a un tipo nominal aumenta a medida que aumenta el n\u00famero de capitalizaciones anuales. Es decir, cada tipo nominal est\u00e1 calculado para trabajar en una determinada unidad de tiempo y s\u00f3lo en \u00e9sa; si se quiere cambiar a otra unidad distinta, habr\u00e1 que volver a recalcular el tanto nominal, para que el resultado final no cambie.<\/p>\n<p align=\"center\"><u><em>Tabla de conversi\u00f3n de tantos efectivos anuales (TAE) a tantos nominales<\/em><\/u><\/p>\n<p> La f\u00f3rmula de c\u00e1lculo es:<\/p>\n<blockquote>\n<p> J<sub>k<\/sub> = i<sub>k<\/sub> x k = [(1 + i)<sup>1\/k<\/sup> \u2013 1] x k<\/p>\n<\/blockquote>\n<p align=\"center\" class=\"progress\">Frecuencia de capitalizaci\u00f3n<\/p>\n<p align=\"center\" class=\"progress\">&nbsp;<\/p>\n<table border=\"1\" align=\"center\" cellpadding=\"5\" cellspacing=\"0\">\n<tr>\n<td>\n<p align=\"center\" class=\"progress progress\">&nbsp;<\/p>\n<\/td>\n<td>\n<div align=\"center\" class=\"progress progress\">\n<div align=\"center\">k = 1 <\/div>\n<\/p><\/div>\n<\/td>\n<td>\n<div align=\"center\" class=\"progress progress\">\n<div align=\"center\">k = 2 <\/div>\n<\/p><\/div>\n<\/td>\n<td>\n<div align=\"center\" class=\"progress progress\">\n<div align=\"center\">k = 4 <\/div>\n<\/p><\/div>\n<\/td>\n<td>\n<div align=\"center\" class=\"progress progress\">\n<div align=\"center\">k = 12<\/div>\n<\/p><\/div>\n<\/td>\n<\/tr>\n<tr>\n<td>\n<div align=\"center\" class=\"progress\">\n<div align=\"center\">Inter\u00e9s <br \/>\n          efectivo anual \n      <\/div>\n<\/p><\/div>\n<\/td>\n<td>\n<div align=\"center\" class=\"progress progress\">\n<div align=\"center\">Anual <\/div>\n<\/p><\/div>\n<\/td>\n<td>\n<div align=\"center\" class=\"progress progress\">\n<div align=\"center\">Semestral <\/div>\n<\/p><\/div>\n<\/td>\n<td>\n<div align=\"center\" class=\"progress progress\">\n<div align=\"center\">Trimestral <\/div>\n<\/p><\/div>\n<\/td>\n<td>\n<div align=\"center\" class=\"progress progress\">\n<div align=\"center\">Mensual<\/div>\n<\/p><\/div>\n<\/td>\n<\/tr>\n<tr>\n<td>\n<div align=\"center\">8%<br \/> \n    <\/div>\n<\/td>\n<td>\n<div align=\"center\">8,000% <\/div>\n<\/td>\n<td>\n<div align=\"center\">7,846% <\/div>\n<\/td>\n<td>\n<div align=\"center\">7,771% <\/div>\n<\/td>\n<td>\n<div align=\"center\">7,721%<\/div>\n<\/td>\n<\/tr>\n<tr>\n<td>\n<div align=\"center\">9%\n    <\/div>\n<\/td>\n<td>\n<div align=\"center\">9,000% <\/div>\n<\/td>\n<td>\n<div align=\"center\">8,806%<\/div>\n<\/td>\n<td>\n<div align=\"center\">8,711% <\/div>\n<\/td>\n<td>\n<div align=\"center\">8,649%<\/div>\n<\/td>\n<\/tr>\n<tr>\n<td>\n<div align=\"center\">10% \n    <\/div>\n<\/td>\n<td>\n<div align=\"center\">10,000% <\/div>\n<\/td>\n<td>\n<div align=\"center\">9,762% <\/div>\n<\/td>\n<td>\n<div align=\"center\">9,645% <\/div>\n<\/td>\n<td>\n<div align=\"center\">9,569%<\/div>\n<\/td>\n<\/tr>\n<tr>\n<td>\n<div align=\"center\">11% \n    <\/div>\n<\/td>\n<td>\n<div align=\"center\">11,000% <\/div>\n<\/td>\n<td>\n<div align=\"center\">10,713% <\/div>\n<\/td>\n<td>\n<div align=\"center\">10,573% <\/div>\n<\/td>\n<td>\n<div align=\"center\">10,482%<\/div>\n<\/td>\n<\/tr>\n<tr>\n<td>\n<div align=\"center\">12% <\/div>\n<\/td>\n<td>\n<div align=\"center\">12,000% <\/div>\n<\/td>\n<td>\n<div align=\"center\">11,660% <\/div>\n<\/td>\n<td>\n<div align=\"center\">11,495% <\/div>\n<\/td>\n<td>\n<div align=\"center\">11,387%<\/div>\n<\/td>\n<\/tr>\n<\/table>\n<p align=\"center\" class=\"progress\">&nbsp;<\/p>\n<p>  El tipo de inter\u00e9s nominal correspondiente a un tipo efectivo anual disminuye a medida que aumenta el n\u00famero de capitalizaciones anuales.<\/p>\n<p>Igual que antes, si queremos conseguir un mismo tanto efectivo anual a partir de un tanto nominal, \u00e9ste deber\u00e1 ser diferente en funci\u00f3n de la frecuencia de capitalizaci\u00f3n para la cual se haya calculado.<\/p>\n","protected":false},"excerpt":{"rendered":"<p>Por una parte, nos encontramos con la necesidad de aplicar la relaci\u00f3n anterior de equivalencia de tantos si queremos que, aun trabajando en diferentes unidades de tiempo, los resultados finales sigan siendo id\u00e9nticos. Por otra, hay que ser conscientes de la dificultad que supone el conocer y aplicar dicha expresi\u00f3n de equivalencia. En este punto [&hellip;]<\/p>\n","protected":false},"author":27,"featured_media":0,"parent":0,"menu_order":2030,"comment_status":"closed","ping_status":"closed","template":"","meta":{"footnotes":""},"yoast_head":"<!-- This site is optimized with the Yoast SEO plugin v22.9 - https:\/\/yoast.com\/wordpress\/plugins\/seo\/ -->\n<title>3. Tanto nominal (Jk) - Blog de ADE<\/title>\n<meta name=\"robots\" content=\"index, follow, max-snippet:-1, max-image-preview:large, max-video-preview:-1\" \/>\n<link rel=\"canonical\" href=\"https:\/\/blogs.udima.es\/administracion-y-direccion-de-empresas\/tanto-nominal-j-sub-k-sub-p15-htm\/\" \/>\n<meta property=\"og:locale\" content=\"es_ES\" \/>\n<meta property=\"og:type\" content=\"article\" \/>\n<meta property=\"og:title\" content=\"3. Tanto nominal (Jk) - Blog de ADE\" \/>\n<meta property=\"og:description\" content=\"Por una parte, nos encontramos con la necesidad de aplicar la relaci\u00f3n anterior de equivalencia de tantos si queremos que, aun trabajando en diferentes unidades de tiempo, los resultados finales sigan siendo id\u00e9nticos. Por otra, hay que ser conscientes de la dificultad que supone el conocer y aplicar dicha expresi\u00f3n de equivalencia. En este punto [&hellip;]\" \/>\n<meta property=\"og:url\" content=\"https:\/\/blogs.udima.es\/administracion-y-direccion-de-empresas\/tanto-nominal-j-sub-k-sub-p15-htm\/\" \/>\n<meta property=\"og:site_name\" content=\"Blog de ADE - Universidad a Distancia de Madrid | UDIMA\" \/>\n<meta property=\"article:modified_time\" content=\"2016-07-15T08:49:51+00:00\" \/>\n<meta name=\"twitter:card\" content=\"summary_large_image\" \/>\n<meta name=\"twitter:label1\" content=\"Tiempo de lectura\" \/>\n\t<meta name=\"twitter:data1\" content=\"2 minutos\" \/>\n<script type=\"application\/ld+json\" class=\"yoast-schema-graph\">{\"@context\":\"https:\/\/schema.org\",\"@graph\":[{\"@type\":\"WebPage\",\"@id\":\"https:\/\/blogs.udima.es\/administracion-y-direccion-de-empresas\/tanto-nominal-j-sub-k-sub-p15-htm\/\",\"url\":\"https:\/\/blogs.udima.es\/administracion-y-direccion-de-empresas\/tanto-nominal-j-sub-k-sub-p15-htm\/\",\"name\":\"3. Tanto nominal (Jk) - Blog de ADE\",\"isPartOf\":{\"@id\":\"https:\/\/blogs.udima.es\/administracion-y-direccion-de-empresas\/#website\"},\"datePublished\":\"2016-07-15T08:48:20+00:00\",\"dateModified\":\"2016-07-15T08:49:51+00:00\",\"breadcrumb\":{\"@id\":\"https:\/\/blogs.udima.es\/administracion-y-direccion-de-empresas\/tanto-nominal-j-sub-k-sub-p15-htm\/#breadcrumb\"},\"inLanguage\":\"es\",\"potentialAction\":[{\"@type\":\"ReadAction\",\"target\":[\"https:\/\/blogs.udima.es\/administracion-y-direccion-de-empresas\/tanto-nominal-j-sub-k-sub-p15-htm\/\"]}]},{\"@type\":\"BreadcrumbList\",\"@id\":\"https:\/\/blogs.udima.es\/administracion-y-direccion-de-empresas\/tanto-nominal-j-sub-k-sub-p15-htm\/#breadcrumb\",\"itemListElement\":[{\"@type\":\"ListItem\",\"position\":1,\"name\":\"Portada\",\"item\":\"https:\/\/blogs.udima.es\/administracion-y-direccion-de-empresas\/\"},{\"@type\":\"ListItem\",\"position\":2,\"name\":\"3. Tanto nominal (Jk)\"}]},{\"@type\":\"WebSite\",\"@id\":\"https:\/\/blogs.udima.es\/administracion-y-direccion-de-empresas\/#website\",\"url\":\"https:\/\/blogs.udima.es\/administracion-y-direccion-de-empresas\/\",\"name\":\"Blog de ADE - Universidad a Distancia de Madrid | UDIMA\",\"description\":\"\",\"potentialAction\":[{\"@type\":\"SearchAction\",\"target\":{\"@type\":\"EntryPoint\",\"urlTemplate\":\"https:\/\/blogs.udima.es\/administracion-y-direccion-de-empresas\/?s={search_term_string}\"},\"query-input\":\"required name=search_term_string\"}],\"inLanguage\":\"es\"}]}<\/script>\n<!-- \/ Yoast SEO plugin. -->","yoast_head_json":{"title":"3. Tanto nominal (Jk) - Blog de ADE","robots":{"index":"index","follow":"follow","max-snippet":"max-snippet:-1","max-image-preview":"max-image-preview:large","max-video-preview":"max-video-preview:-1"},"canonical":"https:\/\/blogs.udima.es\/administracion-y-direccion-de-empresas\/tanto-nominal-j-sub-k-sub-p15-htm\/","og_locale":"es_ES","og_type":"article","og_title":"3. Tanto nominal (Jk) - Blog de ADE","og_description":"Por una parte, nos encontramos con la necesidad de aplicar la relaci\u00f3n anterior de equivalencia de tantos si queremos que, aun trabajando en diferentes unidades de tiempo, los resultados finales sigan siendo id\u00e9nticos. Por otra, hay que ser conscientes de la dificultad que supone el conocer y aplicar dicha expresi\u00f3n de equivalencia. En este punto [&hellip;]","og_url":"https:\/\/blogs.udima.es\/administracion-y-direccion-de-empresas\/tanto-nominal-j-sub-k-sub-p15-htm\/","og_site_name":"Blog de ADE - Universidad a Distancia de Madrid | UDIMA","article_modified_time":"2016-07-15T08:49:51+00:00","twitter_card":"summary_large_image","twitter_misc":{"Tiempo de lectura":"2 minutos"},"schema":{"@context":"https:\/\/schema.org","@graph":[{"@type":"WebPage","@id":"https:\/\/blogs.udima.es\/administracion-y-direccion-de-empresas\/tanto-nominal-j-sub-k-sub-p15-htm\/","url":"https:\/\/blogs.udima.es\/administracion-y-direccion-de-empresas\/tanto-nominal-j-sub-k-sub-p15-htm\/","name":"3. Tanto nominal (Jk) - Blog de ADE","isPartOf":{"@id":"https:\/\/blogs.udima.es\/administracion-y-direccion-de-empresas\/#website"},"datePublished":"2016-07-15T08:48:20+00:00","dateModified":"2016-07-15T08:49:51+00:00","breadcrumb":{"@id":"https:\/\/blogs.udima.es\/administracion-y-direccion-de-empresas\/tanto-nominal-j-sub-k-sub-p15-htm\/#breadcrumb"},"inLanguage":"es","potentialAction":[{"@type":"ReadAction","target":["https:\/\/blogs.udima.es\/administracion-y-direccion-de-empresas\/tanto-nominal-j-sub-k-sub-p15-htm\/"]}]},{"@type":"BreadcrumbList","@id":"https:\/\/blogs.udima.es\/administracion-y-direccion-de-empresas\/tanto-nominal-j-sub-k-sub-p15-htm\/#breadcrumb","itemListElement":[{"@type":"ListItem","position":1,"name":"Portada","item":"https:\/\/blogs.udima.es\/administracion-y-direccion-de-empresas\/"},{"@type":"ListItem","position":2,"name":"3. Tanto nominal (Jk)"}]},{"@type":"WebSite","@id":"https:\/\/blogs.udima.es\/administracion-y-direccion-de-empresas\/#website","url":"https:\/\/blogs.udima.es\/administracion-y-direccion-de-empresas\/","name":"Blog de ADE - Universidad a Distancia de Madrid | UDIMA","description":"","potentialAction":[{"@type":"SearchAction","target":{"@type":"EntryPoint","urlTemplate":"https:\/\/blogs.udima.es\/administracion-y-direccion-de-empresas\/?s={search_term_string}"},"query-input":"required name=search_term_string"}],"inLanguage":"es"}]}},"_links":{"self":[{"href":"https:\/\/blogs.udima.es\/administracion-y-direccion-de-empresas\/wp-json\/wp\/v2\/pages\/1847"}],"collection":[{"href":"https:\/\/blogs.udima.es\/administracion-y-direccion-de-empresas\/wp-json\/wp\/v2\/pages"}],"about":[{"href":"https:\/\/blogs.udima.es\/administracion-y-direccion-de-empresas\/wp-json\/wp\/v2\/types\/page"}],"author":[{"embeddable":true,"href":"https:\/\/blogs.udima.es\/administracion-y-direccion-de-empresas\/wp-json\/wp\/v2\/users\/27"}],"replies":[{"embeddable":true,"href":"https:\/\/blogs.udima.es\/administracion-y-direccion-de-empresas\/wp-json\/wp\/v2\/comments?post=1847"}],"version-history":[{"count":3,"href":"https:\/\/blogs.udima.es\/administracion-y-direccion-de-empresas\/wp-json\/wp\/v2\/pages\/1847\/revisions"}],"predecessor-version":[{"id":1850,"href":"https:\/\/blogs.udima.es\/administracion-y-direccion-de-empresas\/wp-json\/wp\/v2\/pages\/1847\/revisions\/1850"}],"wp:attachment":[{"href":"https:\/\/blogs.udima.es\/administracion-y-direccion-de-empresas\/wp-json\/wp\/v2\/media?parent=1847"}],"curies":[{"name":"wp","href":"https:\/\/api.w.org\/{rel}","templated":true}]}}