{"id":1843,"date":"2016-07-15T08:44:03","date_gmt":"2016-07-15T08:44:03","guid":{"rendered":"http:\/\/blogs.udima.es\/administracion-y-direccion-de-empresas\/?page_id=1843"},"modified":"2016-07-15T08:46:09","modified_gmt":"2016-07-15T08:46:09","slug":"tantos-equivalentes-p14-htm","status":"publish","type":"page","link":"https:\/\/blogs.udima.es\/administracion-y-direccion-de-empresas\/tantos-equivalentes-p14-htm\/","title":{"rendered":"2. Tantos equivalentes"},"content":{"rendered":"<p>La definici\u00f3n de tantos equivalentes es la misma que la vista en r\u00e9gimen de simple, esto es, dos tantos cualesquiera, expresados en distintas unidades de tiempo, son tantos equivalentes cuando aplicados a un mismo capital inicial y durante un mismo per\u00edodo de tiempo producen el mismo inter\u00e9s o generan el mismo capital final o montante.<\/p>\n<p>Como ya se coment\u00f3 cuando se hablaba del inter\u00e9s simple, la variaci\u00f3n en la frecuencia del c\u00e1lculo (y abono) de los intereses supon\u00eda cambiar el tipo de inter\u00e9s a aplicar para que la operaci\u00f3n no se viera afectada finalmente. Entonces se comprob\u00f3 que los tantos de inter\u00e9s equivalentes en simple son proporcionales, es decir, cumplen la siguiente expresi\u00f3n:<\/p>\n<p align=\"center\">i = i<sub>k<\/sub> x k<\/p>\n<p>Sin embargo, esta relaci\u00f3n de proporcionalidad no va a ser v\u00e1lida en r\u00e9gimen de compuesta, ya que al irse acumulando los intereses generados al capital de partida, el c\u00e1lculo de intereses se hace sobre una base cada vez m\u00e1s grande; por tanto, cuanto mayor sea la frecuencia de capitalizaci\u00f3n antes se acumular\u00e1n los intereses y antes generar\u00e1n nuevos intereses, por lo que existir\u00e1n diferencias en funci\u00f3n de la frecuencia de acumulaci\u00f3n de los mismos al capital para un tanto de inter\u00e9s dado.<\/p>\n<p>Este car\u00e1cter acumulativo de los intereses se ha de compensar con una aplicaci\u00f3n de un tipo m\u00e1s peque\u00f1o que el proporcional en funci\u00f3n de la frecuencia de c\u00f3mputo de intereses. Todo esto se puede apreciar en el siguiente ejemplo, consistente en determinar el montante resultante de invertir 1.000 euros durante 1 a\u00f1o en las siguientes condiciones:<\/p>\n<ol class=\"lalpha\">\n<li>Inter\u00e9s anual del 12%\n<p>C<sub>n<\/sub> = 1.000 x (1 + 0,12)<sup>1<\/sup> = 1.120,00<\/p>\n<\/li>\n<li>Inter\u00e9s semestral del 6%\n<p>C<sub>n<\/sub> = 1.000 x (1 + 0,06)<sup>2<\/sup> = 1.123,60 <\/p>\n<\/li>\n<li>Inter\u00e9s trimestral del 3%\n<p>C<sub>n<\/sub> = 1.000 x (1 + 0,03)<sup>4<\/sup> = 1.125,51 <\/li>\n<\/ol>\n<p>Los resultados no son los mismos, debido a que la capitalizaci\u00f3n de los intereses se est\u00e1 realizando con diferentes frecuencias manteniendo la proporcionalidad en los diferentes tipos aplicados.<\/p>\n<p>Para conseguir que, cualquiera que sea la frecuencia de capitalizaci\u00f3n, el montante final siga siendo el mismo es necesario cambiar la ley de equivalencia de los tantos.<\/p>\n<h2>2.1. RELACI\u00d3N DE TANTOS EQUIVALENTES EN COMPUESTA<\/h2>\n<p>Los tantos en compuesta para que resulten equivalentes han de guardar la siguiente relaci\u00f3n:<\/p>\n<p align=\"center\">1 + i = (1 + i<sub>k<\/sub>)<sup>k<\/sup> <\/p>\n<p>donde k es la frecuencia de capitalizaci\u00f3n, que indica:<\/p>\n<ul>\n<li>El n\u00famero de partes iguales en las que se divide el per\u00edodo de referencia que se tome (habitualmente el a\u00f1o).<\/li>\n<li>Cada cu\u00e1nto tiempo se hacen productivos los intereses, esto es, cada cu\u00e1nto tiempo se acumulan los intereses, dentro del per\u00edodo, al capital para producir nuevos intereses.<\/li>\n<\/ul>\n<p>Esta relaci\u00f3n se obtiene a partir de la definici\u00f3n de equivalencia vista anteriormente, obligando a que un capital (C0) colocado un determinado per\u00edodo de tiempo (n a\u00f1os) genere el mismo montante (Cn) con independencia de la frecuencia de acumulaci\u00f3n de intereses (i o ik):<br \/>Utilizando el tanto anual i, el montante obtenido ser\u00e1:<\/p>\n<p align=\"center\"><img loading=\"lazy\" decoding=\"async\" src=\"https:\/\/blogs.udima.es\/administracion-y-direccion-de-empresas\/images_book\/p094-01.png\" alt=\"\" width=\"393\" height=\"163\" \/><\/p>\n<p align=\"center\">C<sub>n<\/sub> = C<sub>0<\/sub> x (1 + i)<sup>n<\/sup><\/p>\n<p>Utilizando el tanto k-esimal ik, el montante obtenido ser\u00e1:<\/p>\n<p align=\"center\"><img loading=\"lazy\" decoding=\"async\" src=\"https:\/\/blogs.udima.es\/administracion-y-direccion-de-empresas\/images_book\/p094-02.png\" alt=\"\" width=\"512\" height=\"161\" \/><\/p>\n<p align=\"center\">C<sub>n<\/sub> = C<sub>0<\/sub> x (1 + i<sub>k<\/sub>)<sup>nk<\/sup><\/p>\n<p>Si queremos que el montante sea el mismo en los dos casos, se tiene que producir la igualdad entre los resultados de ambas operaciones, esto es, dado que la operaci\u00f3n es la misma \u2013ya que lo \u00fanico que ha cambiado es la frecuencia de c\u00e1lculo de los intereses\u2013, se debe conseguir el mismo capital final en ambos casos, por tanto, obligando a que se cumpla esa igualdad de montantes: <\/p>\n<p align=\"center\">C<sub>0<\/sub> x (1 + i)<sup>n<\/sup> = C<sub>0<\/sub> x (1 + i<sub>k<\/sub>)<sup>nk<\/sup><\/p>\n<p>Simplificando la igualdad, eliminando C0 y la potencia n: <\/p>\n<p align=\"center\">C<sub>0<\/sub> x (1 + i)<sup>n<\/sup> = C<sub>0<\/sub> x (1 + i<sub>k<\/sub>)<sup>nk<\/sup> <\/p>\n<p>Quedando finalmente:<\/p>\n<table border=\"1\" cellspacing=\"0\" cellpadding=\"10\" width=\"0\" height=\"0\" align=\"center\">\n<tbody>\n<tr>\n<td>(1 + i ) = (1 + i<sub>k<\/sub>)<sup>k<\/sup><\/td>\n<\/tr>\n<\/tbody>\n<\/table>\n<p>Expresi\u00f3n que indica la relaci\u00f3n en la que han de estar los tantos, i e ik, para que produzcan el mismo efecto, es decir, para que sean equivalentes.<\/p>\n<p>El valor de i en funci\u00f3n de ik ser\u00e1:<\/p>\n<table border=\"1\" cellspacing=\"0\" cellpadding=\"10\" width=\"0\" height=\"0\" align=\"center\">\n<tbody>\n<tr>\n<td>i = (1 + i<sub>k<\/sub>)<sup>k<\/sup> \u2013 1 <\/td>\n<\/tr>\n<\/tbody>\n<\/table>\n<p>El valor de ik en funci\u00f3n de i ser\u00e1:<\/p>\n<table border=\"1\" cellspacing=\"0\" cellpadding=\"10\" width=\"0\" height=\"0\" align=\"center\">\n<tbody>\n<tr>\n<td>i<sub>k<\/sub> = (1 + i)<sup>1\/k<\/sup> \u2013 1<\/td>\n<\/tr>\n<\/tbody>\n<\/table>\n<p><\/p>\n<div class=\"ejemplo\">\n<p><strong>EJEMPLO 6 <\/strong><\/p>\n<p>Determinar el montante resultante de invertir 1.000 euros durante 1 a\u00f1o a un tanto del 12% efectivo anual, suponiendo:<\/p>\n<ol class=\"lalpha\">\n<li>Devengo anual de intereses:\n<p>i = 0,12<br \/>C<sub>n<\/sub> = 1.000 x (1 + 0,12)<sup>1<\/sup> = 1.120,00 \u20ac<\/p>\n<\/li>\n<li>Devengo semestral de intereses:\n<p>Puesto que el tipo que se conoce es anual y ahora la frecuencia de c\u00e1lculo es semestral, habr\u00e1 que calcular previamente el tanto semestral equivalente al anual de partida, para despu\u00e9s calcular el montante.<\/p>\n<p>i<sub>2<\/sub> = (1 + 0,12)<sup>1\/2<\/sup> \u2013 1 = 0,05830<br \/>C<sub>n<\/sub> = 1.000 x (1 + 0,05830)<sup>2<\/sup> = 1.120,00 \u20ac<\/p>\n<\/li>\n<li>Devengo trimestral de intereses:\n<p>Igual que en el caso anterior, habr\u00e1 que calcular el tanto trimestral equivalente al anual conocido.<\/p>\n<p>i<sub>4<\/sub> = (1 + 0,12)<sup>1\/4<\/sup> \u2013 1 = 0,028737<br \/>C<sub>n<\/sub> = 1.000 x (1 + 0,028737)<sup>4<\/sup> = 1.120,00 \u20ac<\/li>\n<\/ol>\n<p>Los resultados son los mismos, debido a la utilizaci\u00f3n de intereses equivalentes.<\/p>\n<\/div>\n","protected":false},"excerpt":{"rendered":"<p>La definici\u00f3n de tantos equivalentes es la misma que la vista en r\u00e9gimen de simple, esto es, dos tantos cualesquiera, expresados en distintas unidades de tiempo, son tantos equivalentes cuando aplicados a un mismo capital inicial y durante un mismo per\u00edodo de tiempo producen el mismo inter\u00e9s o generan el mismo capital final o montante. [&hellip;]<\/p>\n","protected":false},"author":27,"featured_media":0,"parent":0,"menu_order":2020,"comment_status":"closed","ping_status":"closed","template":"","meta":{"footnotes":""},"yoast_head":"<!-- This site is optimized with the Yoast SEO plugin v22.9 - https:\/\/yoast.com\/wordpress\/plugins\/seo\/ -->\n<title>2. Tantos equivalentes - Blog de ADE<\/title>\n<meta name=\"robots\" content=\"index, follow, max-snippet:-1, max-image-preview:large, max-video-preview:-1\" \/>\n<link rel=\"canonical\" href=\"https:\/\/blogs.udima.es\/administracion-y-direccion-de-empresas\/tantos-equivalentes-p14-htm\/\" \/>\n<meta property=\"og:locale\" content=\"es_ES\" \/>\n<meta property=\"og:type\" content=\"article\" \/>\n<meta property=\"og:title\" content=\"2. Tantos equivalentes - Blog de ADE\" \/>\n<meta property=\"og:description\" content=\"La definici\u00f3n de tantos equivalentes es la misma que la vista en r\u00e9gimen de simple, esto es, dos tantos cualesquiera, expresados en distintas unidades de tiempo, son tantos equivalentes cuando aplicados a un mismo capital inicial y durante un mismo per\u00edodo de tiempo producen el mismo inter\u00e9s o generan el mismo capital final o montante. [&hellip;]\" \/>\n<meta property=\"og:url\" content=\"https:\/\/blogs.udima.es\/administracion-y-direccion-de-empresas\/tantos-equivalentes-p14-htm\/\" \/>\n<meta property=\"og:site_name\" content=\"Blog de ADE - Universidad a Distancia de Madrid | UDIMA\" \/>\n<meta property=\"article:modified_time\" content=\"2016-07-15T08:46:09+00:00\" \/>\n<meta property=\"og:image\" content=\"https:\/\/blogs.udima.es\/administracion-y-direccion-de-empresas\/images_book\/p094-01.png\" \/>\n<meta name=\"twitter:card\" content=\"summary_large_image\" \/>\n<meta name=\"twitter:label1\" content=\"Tiempo de lectura\" \/>\n\t<meta name=\"twitter:data1\" content=\"4 minutos\" \/>\n<script type=\"application\/ld+json\" class=\"yoast-schema-graph\">{\"@context\":\"https:\/\/schema.org\",\"@graph\":[{\"@type\":\"WebPage\",\"@id\":\"https:\/\/blogs.udima.es\/administracion-y-direccion-de-empresas\/tantos-equivalentes-p14-htm\/\",\"url\":\"https:\/\/blogs.udima.es\/administracion-y-direccion-de-empresas\/tantos-equivalentes-p14-htm\/\",\"name\":\"2. Tantos equivalentes - Blog de ADE\",\"isPartOf\":{\"@id\":\"https:\/\/blogs.udima.es\/administracion-y-direccion-de-empresas\/#website\"},\"primaryImageOfPage\":{\"@id\":\"https:\/\/blogs.udima.es\/administracion-y-direccion-de-empresas\/tantos-equivalentes-p14-htm\/#primaryimage\"},\"image\":{\"@id\":\"https:\/\/blogs.udima.es\/administracion-y-direccion-de-empresas\/tantos-equivalentes-p14-htm\/#primaryimage\"},\"thumbnailUrl\":\"https:\/\/blogs.udima.es\/administracion-y-direccion-de-empresas\/images_book\/p094-01.png\",\"datePublished\":\"2016-07-15T08:44:03+00:00\",\"dateModified\":\"2016-07-15T08:46:09+00:00\",\"breadcrumb\":{\"@id\":\"https:\/\/blogs.udima.es\/administracion-y-direccion-de-empresas\/tantos-equivalentes-p14-htm\/#breadcrumb\"},\"inLanguage\":\"es\",\"potentialAction\":[{\"@type\":\"ReadAction\",\"target\":[\"https:\/\/blogs.udima.es\/administracion-y-direccion-de-empresas\/tantos-equivalentes-p14-htm\/\"]}]},{\"@type\":\"ImageObject\",\"inLanguage\":\"es\",\"@id\":\"https:\/\/blogs.udima.es\/administracion-y-direccion-de-empresas\/tantos-equivalentes-p14-htm\/#primaryimage\",\"url\":\"https:\/\/blogs.udima.es\/administracion-y-direccion-de-empresas\/images_book\/p094-01.png\",\"contentUrl\":\"https:\/\/blogs.udima.es\/administracion-y-direccion-de-empresas\/images_book\/p094-01.png\"},{\"@type\":\"BreadcrumbList\",\"@id\":\"https:\/\/blogs.udima.es\/administracion-y-direccion-de-empresas\/tantos-equivalentes-p14-htm\/#breadcrumb\",\"itemListElement\":[{\"@type\":\"ListItem\",\"position\":1,\"name\":\"Portada\",\"item\":\"https:\/\/blogs.udima.es\/administracion-y-direccion-de-empresas\/\"},{\"@type\":\"ListItem\",\"position\":2,\"name\":\"2. Tantos equivalentes\"}]},{\"@type\":\"WebSite\",\"@id\":\"https:\/\/blogs.udima.es\/administracion-y-direccion-de-empresas\/#website\",\"url\":\"https:\/\/blogs.udima.es\/administracion-y-direccion-de-empresas\/\",\"name\":\"Blog de ADE - Universidad a Distancia de Madrid | UDIMA\",\"description\":\"\",\"potentialAction\":[{\"@type\":\"SearchAction\",\"target\":{\"@type\":\"EntryPoint\",\"urlTemplate\":\"https:\/\/blogs.udima.es\/administracion-y-direccion-de-empresas\/?s={search_term_string}\"},\"query-input\":\"required name=search_term_string\"}],\"inLanguage\":\"es\"}]}<\/script>\n<!-- \/ Yoast SEO plugin. -->","yoast_head_json":{"title":"2. Tantos equivalentes - Blog de ADE","robots":{"index":"index","follow":"follow","max-snippet":"max-snippet:-1","max-image-preview":"max-image-preview:large","max-video-preview":"max-video-preview:-1"},"canonical":"https:\/\/blogs.udima.es\/administracion-y-direccion-de-empresas\/tantos-equivalentes-p14-htm\/","og_locale":"es_ES","og_type":"article","og_title":"2. Tantos equivalentes - Blog de ADE","og_description":"La definici\u00f3n de tantos equivalentes es la misma que la vista en r\u00e9gimen de simple, esto es, dos tantos cualesquiera, expresados en distintas unidades de tiempo, son tantos equivalentes cuando aplicados a un mismo capital inicial y durante un mismo per\u00edodo de tiempo producen el mismo inter\u00e9s o generan el mismo capital final o montante. [&hellip;]","og_url":"https:\/\/blogs.udima.es\/administracion-y-direccion-de-empresas\/tantos-equivalentes-p14-htm\/","og_site_name":"Blog de ADE - Universidad a Distancia de Madrid | UDIMA","article_modified_time":"2016-07-15T08:46:09+00:00","og_image":[{"url":"https:\/\/blogs.udima.es\/administracion-y-direccion-de-empresas\/images_book\/p094-01.png"}],"twitter_card":"summary_large_image","twitter_misc":{"Tiempo de lectura":"4 minutos"},"schema":{"@context":"https:\/\/schema.org","@graph":[{"@type":"WebPage","@id":"https:\/\/blogs.udima.es\/administracion-y-direccion-de-empresas\/tantos-equivalentes-p14-htm\/","url":"https:\/\/blogs.udima.es\/administracion-y-direccion-de-empresas\/tantos-equivalentes-p14-htm\/","name":"2. Tantos equivalentes - Blog de ADE","isPartOf":{"@id":"https:\/\/blogs.udima.es\/administracion-y-direccion-de-empresas\/#website"},"primaryImageOfPage":{"@id":"https:\/\/blogs.udima.es\/administracion-y-direccion-de-empresas\/tantos-equivalentes-p14-htm\/#primaryimage"},"image":{"@id":"https:\/\/blogs.udima.es\/administracion-y-direccion-de-empresas\/tantos-equivalentes-p14-htm\/#primaryimage"},"thumbnailUrl":"https:\/\/blogs.udima.es\/administracion-y-direccion-de-empresas\/images_book\/p094-01.png","datePublished":"2016-07-15T08:44:03+00:00","dateModified":"2016-07-15T08:46:09+00:00","breadcrumb":{"@id":"https:\/\/blogs.udima.es\/administracion-y-direccion-de-empresas\/tantos-equivalentes-p14-htm\/#breadcrumb"},"inLanguage":"es","potentialAction":[{"@type":"ReadAction","target":["https:\/\/blogs.udima.es\/administracion-y-direccion-de-empresas\/tantos-equivalentes-p14-htm\/"]}]},{"@type":"ImageObject","inLanguage":"es","@id":"https:\/\/blogs.udima.es\/administracion-y-direccion-de-empresas\/tantos-equivalentes-p14-htm\/#primaryimage","url":"https:\/\/blogs.udima.es\/administracion-y-direccion-de-empresas\/images_book\/p094-01.png","contentUrl":"https:\/\/blogs.udima.es\/administracion-y-direccion-de-empresas\/images_book\/p094-01.png"},{"@type":"BreadcrumbList","@id":"https:\/\/blogs.udima.es\/administracion-y-direccion-de-empresas\/tantos-equivalentes-p14-htm\/#breadcrumb","itemListElement":[{"@type":"ListItem","position":1,"name":"Portada","item":"https:\/\/blogs.udima.es\/administracion-y-direccion-de-empresas\/"},{"@type":"ListItem","position":2,"name":"2. Tantos equivalentes"}]},{"@type":"WebSite","@id":"https:\/\/blogs.udima.es\/administracion-y-direccion-de-empresas\/#website","url":"https:\/\/blogs.udima.es\/administracion-y-direccion-de-empresas\/","name":"Blog de ADE - Universidad a Distancia de Madrid | UDIMA","description":"","potentialAction":[{"@type":"SearchAction","target":{"@type":"EntryPoint","urlTemplate":"https:\/\/blogs.udima.es\/administracion-y-direccion-de-empresas\/?s={search_term_string}"},"query-input":"required name=search_term_string"}],"inLanguage":"es"}]}},"_links":{"self":[{"href":"https:\/\/blogs.udima.es\/administracion-y-direccion-de-empresas\/wp-json\/wp\/v2\/pages\/1843"}],"collection":[{"href":"https:\/\/blogs.udima.es\/administracion-y-direccion-de-empresas\/wp-json\/wp\/v2\/pages"}],"about":[{"href":"https:\/\/blogs.udima.es\/administracion-y-direccion-de-empresas\/wp-json\/wp\/v2\/types\/page"}],"author":[{"embeddable":true,"href":"https:\/\/blogs.udima.es\/administracion-y-direccion-de-empresas\/wp-json\/wp\/v2\/users\/27"}],"replies":[{"embeddable":true,"href":"https:\/\/blogs.udima.es\/administracion-y-direccion-de-empresas\/wp-json\/wp\/v2\/comments?post=1843"}],"version-history":[{"count":3,"href":"https:\/\/blogs.udima.es\/administracion-y-direccion-de-empresas\/wp-json\/wp\/v2\/pages\/1843\/revisions"}],"predecessor-version":[{"id":1846,"href":"https:\/\/blogs.udima.es\/administracion-y-direccion-de-empresas\/wp-json\/wp\/v2\/pages\/1843\/revisions\/1846"}],"wp:attachment":[{"href":"https:\/\/blogs.udima.es\/administracion-y-direccion-de-empresas\/wp-json\/wp\/v2\/media?parent=1843"}],"curies":[{"name":"wp","href":"https:\/\/api.w.org\/{rel}","templated":true}]}}