{"id":1837,"date":"2016-07-15T08:29:37","date_gmt":"2016-07-15T08:29:37","guid":{"rendered":"http:\/\/blogs.udima.es\/administracion-y-direccion-de-empresas\/?page_id=1837"},"modified":"2017-02-14T14:58:53","modified_gmt":"2017-02-14T14:58:53","slug":"capitalizacion-compuesta-p4-htm","status":"publish","type":"page","link":"https:\/\/blogs.udima.es\/administracion-y-direccion-de-empresas\/capitalizacion-compuesta-p4-htm\/","title":{"rendered":"CAP\u00cdTULO 2. Capitalizaci\u00f3n compuesta."},"content":{"rendered":"<p>Las operaciones en r\u00e9gimen de compuesta se caracterizan porque los intereses, a diferencia de lo que ocurre en <a href=\"https:\/\/blogs.udima.es\/administracion-y-direccion-de-empresas\/operaciones-en-regimen-de-simple-ii-p68-htm\/\" title=\"capitalizacion-simple\">r\u00e9gimen de simple<\/a>, a medida que se van generando pasan a formar parte del capital de partida, se van acumulando, y producen a su vez intereses en per\u00edodos siguientes (son productivos). En definitiva, lo que tiene lugar es una capitalizaci\u00f3n peri\u00f3dica de los intereses. De esta forma los intereses generados en cada per\u00edodo se calculan sobre capitales distintos (cada vez mayores ya que incorporan los intereses de per\u00edodos anteriores).<\/p>\n<ul>\n<li><a href=\"https:\/\/blogs.udima.es\/administracion-y-direccion-de-empresas\/Capitalizacion-Compuesta--I-P4.htm\">1. Capitalizaci\u00f3n compuesta<\/a><\/li>\n<li><a href=\"https:\/\/blogs.udima.es\/administracion-y-direccion-de-empresas\/Tantos-Equivalentes-P14.htm\">2. Tantos equivalentes<\/a><\/li>\n<li><a href=\"https:\/\/blogs.udima.es\/administracion-y-direccion-de-empresas\/Tanto-Nominal--J-sub-k--sub---P15.htm\">3. Tanto nominal (Jk)<\/a><\/li>\n<li><a href=\"https:\/\/blogs.udima.es\/administracion-y-direccion-de-empresas\/Descuento-Compuesto-P16.htm\">4. Descuento compuesto<\/a><\/li>\n<li><a href=\"https:\/\/blogs.udima.es\/administracion-y-direccion-de-empresas\/Equivalencia-de-Capitales-en-Compuesta-P17.htm\">5. Equivalencia de capitales en compuesta<\/a><\/li>\n<\/ul>\n","protected":false},"excerpt":{"rendered":"<p>Las operaciones en r\u00e9gimen de compuesta se caracterizan porque los intereses, a diferencia de lo que ocurre en r\u00e9gimen de simple, a medida que se van generando pasan a formar parte del capital de partida, se van acumulando, y producen a su vez intereses en per\u00edodos siguientes (son productivos). En definitiva, lo que tiene lugar [&hellip;]<\/p>\n","protected":false},"author":27,"featured_media":0,"parent":0,"menu_order":2000,"comment_status":"closed","ping_status":"closed","template":"","meta":{"footnotes":""},"yoast_head":"<!-- This site is optimized with the Yoast SEO plugin v22.9 - https:\/\/yoast.com\/wordpress\/plugins\/seo\/ -->\n<title>CAP\u00cdTULO 2. Capitalizaci\u00f3n compuesta. - Blog de ADE<\/title>\n<meta name=\"robots\" content=\"index, follow, max-snippet:-1, max-image-preview:large, max-video-preview:-1\" \/>\n<link rel=\"canonical\" href=\"https:\/\/blogs.udima.es\/administracion-y-direccion-de-empresas\/capitalizacion-compuesta-p4-htm\/\" \/>\n<meta property=\"og:locale\" content=\"es_ES\" \/>\n<meta property=\"og:type\" content=\"article\" \/>\n<meta property=\"og:title\" content=\"CAP\u00cdTULO 2. Capitalizaci\u00f3n compuesta. - Blog de ADE\" \/>\n<meta property=\"og:description\" content=\"Las operaciones en r\u00e9gimen de compuesta se caracterizan porque los intereses, a diferencia de lo que ocurre en r\u00e9gimen de simple, a medida que se van generando pasan a formar parte del capital de partida, se van acumulando, y producen a su vez intereses en per\u00edodos siguientes (son productivos). En definitiva, lo que tiene lugar [&hellip;]\" \/>\n<meta property=\"og:url\" content=\"https:\/\/blogs.udima.es\/administracion-y-direccion-de-empresas\/capitalizacion-compuesta-p4-htm\/\" \/>\n<meta property=\"og:site_name\" content=\"Blog de ADE - Universidad a Distancia de Madrid | UDIMA\" \/>\n<meta property=\"article:modified_time\" content=\"2017-02-14T14:58:53+00:00\" \/>\n<meta name=\"twitter:card\" content=\"summary_large_image\" \/>\n<meta name=\"twitter:label1\" content=\"Tiempo de lectura\" \/>\n\t<meta name=\"twitter:data1\" content=\"1 minuto\" \/>\n<script type=\"application\/ld+json\" class=\"yoast-schema-graph\">{\"@context\":\"https:\/\/schema.org\",\"@graph\":[{\"@type\":\"WebPage\",\"@id\":\"https:\/\/blogs.udima.es\/administracion-y-direccion-de-empresas\/capitalizacion-compuesta-p4-htm\/\",\"url\":\"https:\/\/blogs.udima.es\/administracion-y-direccion-de-empresas\/capitalizacion-compuesta-p4-htm\/\",\"name\":\"CAP\u00cdTULO 2. Capitalizaci\u00f3n compuesta. - Blog de ADE\",\"isPartOf\":{\"@id\":\"https:\/\/blogs.udima.es\/administracion-y-direccion-de-empresas\/#website\"},\"datePublished\":\"2016-07-15T08:29:37+00:00\",\"dateModified\":\"2017-02-14T14:58:53+00:00\",\"breadcrumb\":{\"@id\":\"https:\/\/blogs.udima.es\/administracion-y-direccion-de-empresas\/capitalizacion-compuesta-p4-htm\/#breadcrumb\"},\"inLanguage\":\"es\",\"potentialAction\":[{\"@type\":\"ReadAction\",\"target\":[\"https:\/\/blogs.udima.es\/administracion-y-direccion-de-empresas\/capitalizacion-compuesta-p4-htm\/\"]}]},{\"@type\":\"BreadcrumbList\",\"@id\":\"https:\/\/blogs.udima.es\/administracion-y-direccion-de-empresas\/capitalizacion-compuesta-p4-htm\/#breadcrumb\",\"itemListElement\":[{\"@type\":\"ListItem\",\"position\":1,\"name\":\"Portada\",\"item\":\"https:\/\/blogs.udima.es\/administracion-y-direccion-de-empresas\/\"},{\"@type\":\"ListItem\",\"position\":2,\"name\":\"CAP\u00cdTULO 2. Capitalizaci\u00f3n compuesta.\"}]},{\"@type\":\"WebSite\",\"@id\":\"https:\/\/blogs.udima.es\/administracion-y-direccion-de-empresas\/#website\",\"url\":\"https:\/\/blogs.udima.es\/administracion-y-direccion-de-empresas\/\",\"name\":\"Blog de ADE - Universidad a Distancia de Madrid | UDIMA\",\"description\":\"\",\"potentialAction\":[{\"@type\":\"SearchAction\",\"target\":{\"@type\":\"EntryPoint\",\"urlTemplate\":\"https:\/\/blogs.udima.es\/administracion-y-direccion-de-empresas\/?s={search_term_string}\"},\"query-input\":\"required name=search_term_string\"}],\"inLanguage\":\"es\"}]}<\/script>\n<!-- \/ Yoast SEO plugin. -->","yoast_head_json":{"title":"CAP\u00cdTULO 2. Capitalizaci\u00f3n compuesta. - Blog de ADE","robots":{"index":"index","follow":"follow","max-snippet":"max-snippet:-1","max-image-preview":"max-image-preview:large","max-video-preview":"max-video-preview:-1"},"canonical":"https:\/\/blogs.udima.es\/administracion-y-direccion-de-empresas\/capitalizacion-compuesta-p4-htm\/","og_locale":"es_ES","og_type":"article","og_title":"CAP\u00cdTULO 2. Capitalizaci\u00f3n compuesta. - Blog de ADE","og_description":"Las operaciones en r\u00e9gimen de compuesta se caracterizan porque los intereses, a diferencia de lo que ocurre en r\u00e9gimen de simple, a medida que se van generando pasan a formar parte del capital de partida, se van acumulando, y producen a su vez intereses en per\u00edodos siguientes (son productivos). En definitiva, lo que tiene lugar [&hellip;]","og_url":"https:\/\/blogs.udima.es\/administracion-y-direccion-de-empresas\/capitalizacion-compuesta-p4-htm\/","og_site_name":"Blog de ADE - Universidad a Distancia de Madrid | UDIMA","article_modified_time":"2017-02-14T14:58:53+00:00","twitter_card":"summary_large_image","twitter_misc":{"Tiempo de lectura":"1 minuto"},"schema":{"@context":"https:\/\/schema.org","@graph":[{"@type":"WebPage","@id":"https:\/\/blogs.udima.es\/administracion-y-direccion-de-empresas\/capitalizacion-compuesta-p4-htm\/","url":"https:\/\/blogs.udima.es\/administracion-y-direccion-de-empresas\/capitalizacion-compuesta-p4-htm\/","name":"CAP\u00cdTULO 2. Capitalizaci\u00f3n compuesta. - Blog de ADE","isPartOf":{"@id":"https:\/\/blogs.udima.es\/administracion-y-direccion-de-empresas\/#website"},"datePublished":"2016-07-15T08:29:37+00:00","dateModified":"2017-02-14T14:58:53+00:00","breadcrumb":{"@id":"https:\/\/blogs.udima.es\/administracion-y-direccion-de-empresas\/capitalizacion-compuesta-p4-htm\/#breadcrumb"},"inLanguage":"es","potentialAction":[{"@type":"ReadAction","target":["https:\/\/blogs.udima.es\/administracion-y-direccion-de-empresas\/capitalizacion-compuesta-p4-htm\/"]}]},{"@type":"BreadcrumbList","@id":"https:\/\/blogs.udima.es\/administracion-y-direccion-de-empresas\/capitalizacion-compuesta-p4-htm\/#breadcrumb","itemListElement":[{"@type":"ListItem","position":1,"name":"Portada","item":"https:\/\/blogs.udima.es\/administracion-y-direccion-de-empresas\/"},{"@type":"ListItem","position":2,"name":"CAP\u00cdTULO 2. Capitalizaci\u00f3n compuesta."}]},{"@type":"WebSite","@id":"https:\/\/blogs.udima.es\/administracion-y-direccion-de-empresas\/#website","url":"https:\/\/blogs.udima.es\/administracion-y-direccion-de-empresas\/","name":"Blog de ADE - Universidad a Distancia de Madrid | UDIMA","description":"","potentialAction":[{"@type":"SearchAction","target":{"@type":"EntryPoint","urlTemplate":"https:\/\/blogs.udima.es\/administracion-y-direccion-de-empresas\/?s={search_term_string}"},"query-input":"required name=search_term_string"}],"inLanguage":"es"}]}},"_links":{"self":[{"href":"https:\/\/blogs.udima.es\/administracion-y-direccion-de-empresas\/wp-json\/wp\/v2\/pages\/1837"}],"collection":[{"href":"https:\/\/blogs.udima.es\/administracion-y-direccion-de-empresas\/wp-json\/wp\/v2\/pages"}],"about":[{"href":"https:\/\/blogs.udima.es\/administracion-y-direccion-de-empresas\/wp-json\/wp\/v2\/types\/page"}],"author":[{"embeddable":true,"href":"https:\/\/blogs.udima.es\/administracion-y-direccion-de-empresas\/wp-json\/wp\/v2\/users\/27"}],"replies":[{"embeddable":true,"href":"https:\/\/blogs.udima.es\/administracion-y-direccion-de-empresas\/wp-json\/wp\/v2\/comments?post=1837"}],"version-history":[{"count":4,"href":"https:\/\/blogs.udima.es\/administracion-y-direccion-de-empresas\/wp-json\/wp\/v2\/pages\/1837\/revisions"}],"predecessor-version":[{"id":2302,"href":"https:\/\/blogs.udima.es\/administracion-y-direccion-de-empresas\/wp-json\/wp\/v2\/pages\/1837\/revisions\/2302"}],"wp:attachment":[{"href":"https:\/\/blogs.udima.es\/administracion-y-direccion-de-empresas\/wp-json\/wp\/v2\/media?parent=1837"}],"curies":[{"name":"wp","href":"https:\/\/api.w.org\/{rel}","templated":true}]}}