{"id":1815,"date":"2016-07-08T13:26:14","date_gmt":"2016-07-08T13:26:14","guid":{"rendered":"http:\/\/blogs.udima.es\/administracion-y-direccion-de-empresas\/?page_id=1815"},"modified":"2016-07-08T13:28:42","modified_gmt":"2016-07-08T13:28:42","slug":"descuento-de-efectos-i-p11-htm","status":"publish","type":"page","link":"https:\/\/blogs.udima.es\/administracion-y-direccion-de-empresas\/descuento-de-efectos-i-p11-htm\/","title":{"rendered":"3. Descuento de efectos"},"content":{"rendered":"<h2>3.1. CONCEPTO<\/h2>\n<p> El descuento bancario es una operaci\u00f3n financiera que consiste en la presentaci\u00f3n de un t\u00edtulo de cr\u00e9dito en una entidad financiera para que \u00e9sta anticipe su importe y gestione su cobro. El tenedor cede el t\u00edtulo al banco y \u00e9ste le abona su importe en dinero, descontando el importe de las cantidades cobradas por los servicios prestados.<\/p>\n<h2>3.2. CLASIFICACI\u00d3N<\/h2>\n<p> Seg\u00fan el t\u00edtulo de cr\u00e9dito presentado a descuento, distinguimos:<\/p>\n<ul>\n<li> Descuento bancario, cuando el t\u00edtulo es una letra de cambio.\n<p>    \u2013 Descuento comercial. Cuando las letras proceden de una venta o de una prestaci\u00f3n de servicios que constituyen la actividad habitual del cedente.<br \/>\n    \u2013 Descuento financiero. Cuando las letras son la instrumentalizaci\u00f3n de un pr\u00e9stamo concedido por el banco a su cliente.\n<\/li>\n<li> Descuento no cambiario, cuando se trata de cualquier otro derecho de cobro (pagar\u00e9s, certificaciones de obra, facturas, recibos ).<\/li>\n<\/ul>\n<p>&nbsp;<\/p>\n<h2>3.3. C\u00c1LCULO FINANCIERO DEL DESCUENTO<\/h2>\n<p> El importe anticipado por la entidad al cliente se denomina <span class=\"progress\">efectivo o l\u00edquido<\/span>, y se obtiene restando del importe de la letra (nominal) el importe de todos los costes originados por el descuento (intereses, comisiones y otros gastos).<\/p>\n<p>Intereses: cantidad cobrada por la anticipaci\u00f3n del importe de la letra. Se calcula en funci\u00f3n del nominal descontado, el tiempo que se anticipa su vencimiento y el tipo de inter\u00e9s aplicado por la entidad financiera.<\/p>\n<p>&nbsp; <\/p>\n<table width=\"0\" height=\"0\"  border=\"1\" align=\"center\" cellpadding=\"10\" cellspacing=\"0\">\n<tr>\n<td><span class=\"progress\">&nbsp;&nbsp;&nbsp;&nbsp;&nbsp;&nbsp;&nbsp;&nbsp;&nbsp;&nbsp;&nbsp;&nbsp;&nbsp;&nbsp;&nbsp;&nbsp;&nbsp;&nbsp;&nbsp;&nbsp;&nbsp;&nbsp;&nbsp;&nbsp;&nbsp;&nbsp;&nbsp;&nbsp;&nbsp;t<br \/>\nIntereses = N x &#8212;&#8212;- x d<br \/>\n&nbsp;&nbsp;&nbsp;&nbsp;&nbsp;&nbsp;&nbsp;&nbsp;&nbsp;&nbsp;&nbsp;&nbsp;&nbsp;&nbsp;&nbsp;&nbsp;&nbsp;&nbsp;&nbsp;&nbsp;&nbsp;&nbsp;&nbsp;&nbsp;&nbsp;&nbsp;&nbsp;360<\/span><\/td>\n<\/tr>\n<\/table>\n<p>&nbsp;<\/p>\n<p>siendo:<\/p>\n<blockquote>\n<p> N: Nominal del efecto.<br \/>\n    t: N\u00famero de d\u00edas que el banco anticipa el dinero.<br \/>\n    d: Tipo de descuento anual, en tanto por uno.<\/p>\n<\/blockquote>\n<p>Comisiones: tambi\u00e9n denominado quebranto o da\u00f1o, es la cantidad cobrada por la gesti\u00f3n del cobro de la letra que realiza el banco.<\/p>\n<p>Se obtiene tomando la mayor de las siguientes cantidades:<\/p>\n<ul>\n<li> Un porcentaje sobre el nominal.<\/li>\n<li> Una cantidad fija (m\u00ednimo).<\/li>\n<\/ul>\n<p>Otros gastos: son los denominados suplidos, donde se pueden incluir los siguientes conceptos: el timbre, correspondiente al IAJD y el correo, seg\u00fan la tarifa postal.<\/p>\n<p>&nbsp; <\/p>\n<div class=\"ejemplo\">\n<p><strong>EJEMPLO 14 <\/strong><\/p>\n<p>Se desea descontar una letra de 3.250 euros cuando a\u00fan faltan 60 d\u00edas para su vencimiento en las siguientes condiciones:<\/p>\n<ul>\n<li> Tipo de descuento: 14% anual.<\/li>\n<li> Comisi\u00f3n: 3\u2030 (m\u00ednimo 5 euros).<\/li>\n<li> Otros gastos: 2 euros.<\/li>\n<\/ul>\n<p class=\"progress\">Se pide: <\/p>\n<p> Conocer el efectivo recibido por el cedente.<\/p>\n<p>&nbsp;<\/p>\n<table border=\"1\" align=\"center\" cellpadding=\"5\" cellspacing=\"0\">\n<tr>\n<td colspan=\"2\" nowrap=\"nowrap\">Nominal <\/td>\n<td width=\"0%\" nowrap=\"nowrap\">\n<div align=\"right\">3.250,00<\/div>\n<\/td>\n<\/tr>\n<tr>\n<td width=\"0%\" nowrap=\"nowrap\">Intereses (3.250 x 0,14 x 60\/360)<br \/>\n      Comisi\u00f3n protesto (3.250 x 0,003)<br \/>\n      Otros gastos <\/td>\n<td width=\"0%\" align=\"center\" valign=\"middle\" nowrap=\"nowrap\">\n<div align=\"right\">75,83<br \/>\n      9,75<br \/>\n      2,00<\/div>\n<\/td>\n<td width=\"0%\" nowrap=\"nowrap\"><\/td>\n<\/tr>\n<tr>\n<td colspan=\"2\" nowrap=\"nowrap\">Total gastos <\/td>\n<td width=\"0%\" nowrap=\"nowrap\">\n<div align=\"right\">87,58<\/div>\n<\/td>\n<\/tr>\n<tr>\n<td colspan=\"2\" nowrap=\"nowrap\">\n      Efectivo <\/td>\n<td width=\"0%\" nowrap=\"nowrap\">\n<p align=\"right\">&#8212;&#8212;&#8212;&#8212;<br \/>\n      3.162,42<\/p>\n<\/td>\n<\/tr>\n<\/table>\n<p>&nbsp;<\/p>\n<\/div>\n<h2>3.4. LETRA DEVUELTA<\/h2>\n<p> Es aquella que se devuelve al cedente al no ser atendido su pago a su vencimiento por parte del librado.<\/p>\n<p>Si la letra hab\u00eda sido descontada previamente, el banco se la cargar\u00e1 en cuenta del cliente, junto con los gastos originados por el impago.<\/p>\n<ul>\n<li> Gastos de devoluci\u00f3n:\n<p>    \u2013 Comisi\u00f3n de devoluci\u00f3n.<br \/>\n    \u2013 Correo.\n  <\/li>\n<li> Gastos de protesto:\n<p>    \u2013 Comisi\u00f3n de protesto.<br \/>\n    \u2013 Coste del protesto.\n<\/li>\n<li> Intereses:\n<p>  Cuando el banco cobre con posterioridad a la fecha de vencimiento de la letra devuelta por impagada. Se calcular\u00e1n sobre la suma del nominal de la letra impagada m\u00e1s el importe de todos los gastos originados por el impago, por el per\u00edodo transcurrido entre vencimiento y cargo.<\/li>\n<\/ul>\n<p>&nbsp;<\/p>\n<div class=\"ejemplo\">\n<p><strong>EJEMPLO 15 <\/strong><\/p>\n<p>Llegado el vencimiento de la letra del ejemplo 14, \u00e9sta es devuelta por impagada, carg\u00e1ndose en la cuenta del cedente por los siguientes conceptos:<\/p>\n<ul>\n<li>  Comisi\u00f3n de devoluci\u00f3n: 1\u2030.<\/li>\n<li> Comisi\u00f3n de protesto: 2\u2030.<\/li>\n<li> Correo: 2,50 euros.<\/li>\n<\/ul>\n<p class=\"progress\"> Se pide: <\/p>\n<p> Determinar el importe adeudado en la cuenta corriente del cedente.<\/p>\n<p>&nbsp;<\/p>\n<table border=\"1\" align=\"center\" cellpadding=\"5\" cellspacing=\"0\">\n<tr>\n<td colspan=\"2\" nowrap=\"NOWRAP\">Nominal ..<\/td>\n<td width=\"0%\" nowrap=\"NOWRAP\">\n<div align=\"right\">3.250,00<\/div>\n<\/td>\n<\/tr>\n<tr>\n<td width=\"0%\" nowrap=\"NOWRAP\">Comisi\u00f3n devoluc. (3.250 x 0,001) .<br \/>\n      Comisi\u00f3n protesto (3.250 x 0,002) .<br \/>\n      Correo ..<\/td>\n<td width=\"0%\" align=\"center\" valign=\"middle\" nowrap=\"NOWRAP\">\n<div align=\"right\">3,25 <br \/>\n      6,50 <br \/>\n      2,50<\/div>\n<\/td>\n<td width=\"0%\" nowrap=\"NOWRAP\">\n<div align=\"left\"><\/div>\n<\/td>\n<\/tr>\n<tr>\n<td colspan=\"2\" nowrap=\"NOWRAP\">Total gastos .<\/td>\n<td width=\"0%\" nowrap=\"NOWRAP\">\n<div align=\"right\">12,25<\/div>\n<\/td>\n<\/tr>\n<tr>\n<td colspan=\"2\" nowrap=\"NOWRAP\">\n      Adeudo en c\/c .<\/td>\n<td width=\"0%\" nowrap=\"NOWRAP\">\n<p align=\"left\">&#8212;&#8212;&#8212;&#8212;<br \/>\n      3.262,25<\/p>\n<\/td>\n<\/tr>\n<\/table>\n<p>&nbsp;<\/p>\n<\/div>\n<p>&nbsp;<\/p>\n<h2>3.5. LETRA DE RESACA O RENOVACI\u00d3N<\/h2>\n<p> Se designa as\u00ed a aquella que se emite para recuperar otra anterior que ha sido devuelta, junto con los gastos que origin\u00f3 su devoluci\u00f3n.<\/p>\n<p>Se trata de determinar cu\u00e1l ha de ser el nominal de esta nueva letra de forma tal que todos los gastos se le repercutan a quien los origin\u00f3 (el librado).<\/p>\n<p>Para su c\u00e1lculo se tratar\u00e1 como una letra que se emite y descuenta en unas condiciones normales, con la particularidad de que ahora el efectivo es conocido (la cantidad que se desea recuperar \u2013nominal impagado m\u00e1s los gastos de la devoluci\u00f3n m\u00e1s los gastos del giro y descuento de la nueva letra\u2013) y el nominal es desconocido (que hay que calcular).<\/p>\n<p>&nbsp;<\/p>\n<div class=\"ejemplo\">\n<p><strong>EJEMPLO 16 <\/strong><\/p>\n<p>Finalmente para recuperar la letra devuelta por impagada del ejemplo 15 se llega al acuerdo de girar una nueva letra con vencimiento a 30 d\u00edas, en las siguientes condiciones:<\/p>\n<ul>\n<li> Tipo de descuento: 15%.<\/li>\n<li> Comisi\u00f3n: 3\u2030.<\/li>\n<li> Otros gastos: 10 euros.<\/li>\n<\/ul>\n<p class=\"progress\">Se pide: <\/p>\n<p> Determinar el importe de la nueva letra.<\/p>\n<p>&nbsp;<\/p>\n<p align=\"center\"><img loading=\"lazy\" decoding=\"async\" src=\"https:\/\/blogs.udima.es\/administracion-y-direccion-de-empresas\/images_book\/p047-01.png\" width=\"429\" height=\"129\" \/> <\/p>\n<p>&nbsp;<\/p>\n<p align=\"center\">    E\u2019 = N\u2019 \u2013 (I\u2019 + C\u2019 + F\u2019)<\/p>\n<p align=\"center\"> 3.262,25 = N\u2019 \u2013 N\u2019 x 0,15 x 30\/360 \u2013 0,003 x N\u2019 \u2013 10<\/p>\n<p align=\"center\"> N\u2019 = 3.323,77 \u20ac<\/p>\n<\/div>\n<p>&nbsp;<\/p>\n<h2>3.6. DESCUENTO DE UNA REMESA DE EFECTOS<\/h2>\n<p> En ocasiones no se descuentan los efectos de uno en uno, sino que se acude al banco con un conjunto de ellos, una <span class=\"progress\">remesa de efectos<\/span>, agrupados por per\u00edodos temporales, para descontarlos conjuntamente en las mismas condiciones generales.<\/p>\n<p>El documento en el que se liquida el descuento de la remesa se denomina factura de negociaci\u00f3n.<\/p>\n<p>Proceso de liquidaci\u00f3n:<\/p>\n<ul>\n<li>  Confeccionar la factura con todos los efectos que componen la remesa.\n  <\/li>\n<li> Sumar cada una de las tres siguientes columnas:\n<p>    \u2013 Importe nominal.<br \/>\n    \u2013 Importe intereses.<br \/>\n    \u2013 Importe comisiones.\n<\/li>\n<li> Si han existido gastos (correo, timbres, etc.) sus importes se consignar\u00e1n aparte.\n  <\/li>\n<li> El importe l\u00edquido resultante de la negociaci\u00f3n se obtendr\u00e1 restando del nominal total de la remesa el montante de todos los gastos habidos.<\/li>\n<\/ul>\n<p>&nbsp;<\/p>\n<div class=\"ejemplo\">\n<p><strong>EJEMPLO 17 <\/strong><\/p>\n<p>Se presenta a descuento la siguiente remesa de efectos:<\/p>\n<p>&nbsp; <\/p>\n<table border=\"1\" align=\"center\" cellpadding=\"5\" cellspacing=\"0\">\n<tr>\n<td><span class=\"progress\">Efecto <br \/>\n    <\/span><\/td>\n<td><span class=\"progress\">Nominal <\/span><\/td>\n<td><span class=\"progress\">D\u00edas de descuento<\/span><\/td>\n<\/tr>\n<tr>\n<td>\n<div align=\"center\">A<br \/>\n  B<br \/>\n  C <\/div>\n<\/td>\n<td>\n<div align=\"right\">30.000<br \/>\n        20.000<br \/>\n      15.000<\/div>\n<\/td>\n<td>\n<div align=\"center\">20<br \/> <br \/>\n        25<br \/> <br \/>\n      30<\/div>\n<\/td>\n<\/tr>\n<\/table>\n<p>&nbsp;<\/p>\n<p>Las condiciones del descuento son:<\/p>\n<ul>\n<li>  Tipo descuento: 12%.<\/li>\n<li> Comisi\u00f3n: 5\u2030 (m\u00ednimo 90 euros).<\/li>\n<li> Correo: 6 euros\/efecto.<\/li>\n<\/ul>\n<p class=\"progress\">Se pide: <\/p>\n<p> Descontar la remesa anterior.<\/p>\n<p class=\"progress\">Soluci\u00f3n: <\/p>\n<p>&nbsp; <\/p>\n<table border=\"1\" align=\"center\" cellpadding=\"5\" cellspacing=\"0\">\n<tr>\n<td>\n<div align=\"center\" class=\"progress\">Efecto\n    <\/div>\n<\/td>\n<td>\n<div align=\"center\" class=\"progress\">Nominal <\/div>\n<\/td>\n<td>\n<div align=\"center\" class=\"progress\">D\u00edas <\/div>\n<\/td>\n<td>\n<div align=\"center\" class=\"progress\">Tipo <\/div>\n<\/td>\n<td>\n<div align=\"center\" class=\"progress\">Intereses <\/div>\n<\/td>\n<td>\n<div align=\"center\" class=\"progress\">Porcentaje <\/div>\n<\/td>\n<td>\n<div align=\"center\" class=\"progress\">Comisi\u00f3n <\/div>\n<\/td>\n<td>\n<div align=\"center\" class=\"progress\">Correo<\/div>\n<\/td>\n<\/tr>\n<tr>\n<td>\n<div align=\"center\">A<br \/>\n  B<br \/>\n  C<\/div>\n<\/td>\n<td>\n<div align=\"right\">30.000<br \/>\n      20.000<br \/>\n      15.000 <\/div>\n<\/td>\n<td>\n<div align=\"center\">20<br \/>\n        25<br \/>\n      30 <\/div>\n<\/td>\n<td>\n<div align=\"right\">12%<br \/>\n      12%<br \/>\n      12% <\/div>\n<\/td>\n<td>\n<div align=\"right\">200,00<br \/>\n      166,67<br \/>\n      150,00 <\/div>\n<\/td>\n<td>\n<div align=\"center\">5\u2030<br \/>\n        5\u2030<br \/>\n      m\u00ednimo <\/div>\n<\/td>\n<td>\n<div align=\"right\">150<br \/>\n      100<br \/>\n      90 <\/div>\n<\/td>\n<td>\n<div align=\"center\">6<br \/>\n        6<br \/>\n      6  <\/div>\n<\/td>\n<\/tr>\n<tr>\n<td>&nbsp;<\/td>\n<td>\n<div align=\"right\">65.000  <\/div>\n<\/td>\n<td>&nbsp;<\/p>\n<div align=\"right\"><\/div>\n<\/td>\n<td>&nbsp;<\/p>\n<div align=\"right\"><\/div>\n<\/td>\n<td>\n<div align=\"right\">516,67<\/div>\n<\/td>\n<td>&nbsp;<\/p>\n<div align=\"right\"><\/div>\n<\/td>\n<td>\n<div align=\"right\">340 <\/div>\n<\/td>\n<td>\n<div align=\"center\">18<\/div>\n<\/td>\n<\/tr>\n<\/table>\n<p>&nbsp;<\/p>\n<table border=\"1\" align=\"center\" cellpadding=\"5\" cellspacing=\"0\">\n<tr>\n<td colspan=\"2\" nowrap=\"nowrap\">Nominal <\/td>\n<td width=\"0%\" nowrap=\"nowrap\">\n<div align=\"right\">65.000,00<\/div>\n<\/td>\n<\/tr>\n<tr>\n<td width=\"0%\" nowrap=\"nowrap\">Inter&eacute;s .<br \/>\n      Comisi\u00f3n <br \/>\n      Correo ..<\/td>\n<td width=\"0%\" align=\"center\" valign=\"middle\" nowrap=\"nowrap\">\n<div align=\"right\">516,67<br \/>\n      340,00<br \/>\n      18,00<\/div>\n<\/td>\n<td width=\"0%\" nowrap=\"nowrap\">&nbsp;<\/td>\n<\/tr>\n<tr>\n<td colspan=\"2\" nowrap=\"nowrap\">Total gastos ..<\/td>\n<td width=\"0%\" nowrap=\"nowrap\">\n<div align=\"right\">874,67<\/div>\n<\/td>\n<\/tr>\n<tr>\n<td colspan=\"2\" nowrap=\"nowrap\">\n      Efectivo .<\/td>\n<td width=\"0%\" nowrap=\"nowrap\">\n<p align=\"right\">&#8212;&#8212;&#8212;&#8212;-<br \/>\n      64.125,33 <\/p>\n<\/td>\n<\/tr>\n<\/table>\n","protected":false},"excerpt":{"rendered":"<p>3.1. CONCEPTO El descuento bancario es una operaci\u00f3n financiera que consiste en la presentaci\u00f3n de un t\u00edtulo de cr\u00e9dito en una entidad financiera para que \u00e9sta anticipe su importe y gestione su cobro. El tenedor cede el t\u00edtulo al banco y \u00e9ste le abona su importe en dinero, descontando el importe de las cantidades cobradas [&hellip;]<\/p>\n","protected":false},"author":27,"featured_media":0,"parent":0,"menu_order":1130,"comment_status":"closed","ping_status":"closed","template":"","meta":{"footnotes":""},"yoast_head":"<!-- This site is optimized with the Yoast SEO plugin v22.9 - https:\/\/yoast.com\/wordpress\/plugins\/seo\/ -->\n<title>3. Descuento de efectos - Blog de ADE<\/title>\n<meta name=\"robots\" content=\"index, follow, max-snippet:-1, max-image-preview:large, max-video-preview:-1\" \/>\n<link rel=\"canonical\" href=\"https:\/\/blogs.udima.es\/administracion-y-direccion-de-empresas\/descuento-de-efectos-i-p11-htm\/\" \/>\n<meta property=\"og:locale\" content=\"es_ES\" \/>\n<meta property=\"og:type\" content=\"article\" \/>\n<meta property=\"og:title\" content=\"3. Descuento de efectos - Blog de ADE\" \/>\n<meta property=\"og:description\" content=\"3.1. CONCEPTO El descuento bancario es una operaci\u00f3n financiera que consiste en la presentaci\u00f3n de un t\u00edtulo de cr\u00e9dito en una entidad financiera para que \u00e9sta anticipe su importe y gestione su cobro. El tenedor cede el t\u00edtulo al banco y \u00e9ste le abona su importe en dinero, descontando el importe de las cantidades cobradas [&hellip;]\" \/>\n<meta property=\"og:url\" content=\"https:\/\/blogs.udima.es\/administracion-y-direccion-de-empresas\/descuento-de-efectos-i-p11-htm\/\" \/>\n<meta property=\"og:site_name\" content=\"Blog de ADE - Universidad a Distancia de Madrid | UDIMA\" \/>\n<meta property=\"article:modified_time\" content=\"2016-07-08T13:28:42+00:00\" \/>\n<meta property=\"og:image\" content=\"https:\/\/blogs.udima.es\/administracion-y-direccion-de-empresas\/images_book\/p047-01.png\" \/>\n<meta name=\"twitter:card\" content=\"summary_large_image\" \/>\n<meta name=\"twitter:label1\" content=\"Tiempo de lectura\" \/>\n\t<meta name=\"twitter:data1\" content=\"5 minutos\" \/>\n<script type=\"application\/ld+json\" class=\"yoast-schema-graph\">{\"@context\":\"https:\/\/schema.org\",\"@graph\":[{\"@type\":\"WebPage\",\"@id\":\"https:\/\/blogs.udima.es\/administracion-y-direccion-de-empresas\/descuento-de-efectos-i-p11-htm\/\",\"url\":\"https:\/\/blogs.udima.es\/administracion-y-direccion-de-empresas\/descuento-de-efectos-i-p11-htm\/\",\"name\":\"3. Descuento de efectos - Blog de ADE\",\"isPartOf\":{\"@id\":\"https:\/\/blogs.udima.es\/administracion-y-direccion-de-empresas\/#website\"},\"primaryImageOfPage\":{\"@id\":\"https:\/\/blogs.udima.es\/administracion-y-direccion-de-empresas\/descuento-de-efectos-i-p11-htm\/#primaryimage\"},\"image\":{\"@id\":\"https:\/\/blogs.udima.es\/administracion-y-direccion-de-empresas\/descuento-de-efectos-i-p11-htm\/#primaryimage\"},\"thumbnailUrl\":\"https:\/\/blogs.udima.es\/administracion-y-direccion-de-empresas\/images_book\/p047-01.png\",\"datePublished\":\"2016-07-08T13:26:14+00:00\",\"dateModified\":\"2016-07-08T13:28:42+00:00\",\"breadcrumb\":{\"@id\":\"https:\/\/blogs.udima.es\/administracion-y-direccion-de-empresas\/descuento-de-efectos-i-p11-htm\/#breadcrumb\"},\"inLanguage\":\"es\",\"potentialAction\":[{\"@type\":\"ReadAction\",\"target\":[\"https:\/\/blogs.udima.es\/administracion-y-direccion-de-empresas\/descuento-de-efectos-i-p11-htm\/\"]}]},{\"@type\":\"ImageObject\",\"inLanguage\":\"es\",\"@id\":\"https:\/\/blogs.udima.es\/administracion-y-direccion-de-empresas\/descuento-de-efectos-i-p11-htm\/#primaryimage\",\"url\":\"https:\/\/blogs.udima.es\/administracion-y-direccion-de-empresas\/images_book\/p047-01.png\",\"contentUrl\":\"https:\/\/blogs.udima.es\/administracion-y-direccion-de-empresas\/images_book\/p047-01.png\"},{\"@type\":\"BreadcrumbList\",\"@id\":\"https:\/\/blogs.udima.es\/administracion-y-direccion-de-empresas\/descuento-de-efectos-i-p11-htm\/#breadcrumb\",\"itemListElement\":[{\"@type\":\"ListItem\",\"position\":1,\"name\":\"Portada\",\"item\":\"https:\/\/blogs.udima.es\/administracion-y-direccion-de-empresas\/\"},{\"@type\":\"ListItem\",\"position\":2,\"name\":\"3. Descuento de efectos\"}]},{\"@type\":\"WebSite\",\"@id\":\"https:\/\/blogs.udima.es\/administracion-y-direccion-de-empresas\/#website\",\"url\":\"https:\/\/blogs.udima.es\/administracion-y-direccion-de-empresas\/\",\"name\":\"Blog de ADE - Universidad a Distancia de Madrid | UDIMA\",\"description\":\"\",\"potentialAction\":[{\"@type\":\"SearchAction\",\"target\":{\"@type\":\"EntryPoint\",\"urlTemplate\":\"https:\/\/blogs.udima.es\/administracion-y-direccion-de-empresas\/?s={search_term_string}\"},\"query-input\":\"required name=search_term_string\"}],\"inLanguage\":\"es\"}]}<\/script>\n<!-- \/ Yoast SEO plugin. -->","yoast_head_json":{"title":"3. Descuento de efectos - Blog de ADE","robots":{"index":"index","follow":"follow","max-snippet":"max-snippet:-1","max-image-preview":"max-image-preview:large","max-video-preview":"max-video-preview:-1"},"canonical":"https:\/\/blogs.udima.es\/administracion-y-direccion-de-empresas\/descuento-de-efectos-i-p11-htm\/","og_locale":"es_ES","og_type":"article","og_title":"3. Descuento de efectos - Blog de ADE","og_description":"3.1. CONCEPTO El descuento bancario es una operaci\u00f3n financiera que consiste en la presentaci\u00f3n de un t\u00edtulo de cr\u00e9dito en una entidad financiera para que \u00e9sta anticipe su importe y gestione su cobro. El tenedor cede el t\u00edtulo al banco y \u00e9ste le abona su importe en dinero, descontando el importe de las cantidades cobradas [&hellip;]","og_url":"https:\/\/blogs.udima.es\/administracion-y-direccion-de-empresas\/descuento-de-efectos-i-p11-htm\/","og_site_name":"Blog de ADE - Universidad a Distancia de Madrid | UDIMA","article_modified_time":"2016-07-08T13:28:42+00:00","og_image":[{"url":"https:\/\/blogs.udima.es\/administracion-y-direccion-de-empresas\/images_book\/p047-01.png"}],"twitter_card":"summary_large_image","twitter_misc":{"Tiempo de lectura":"5 minutos"},"schema":{"@context":"https:\/\/schema.org","@graph":[{"@type":"WebPage","@id":"https:\/\/blogs.udima.es\/administracion-y-direccion-de-empresas\/descuento-de-efectos-i-p11-htm\/","url":"https:\/\/blogs.udima.es\/administracion-y-direccion-de-empresas\/descuento-de-efectos-i-p11-htm\/","name":"3. Descuento de efectos - Blog de ADE","isPartOf":{"@id":"https:\/\/blogs.udima.es\/administracion-y-direccion-de-empresas\/#website"},"primaryImageOfPage":{"@id":"https:\/\/blogs.udima.es\/administracion-y-direccion-de-empresas\/descuento-de-efectos-i-p11-htm\/#primaryimage"},"image":{"@id":"https:\/\/blogs.udima.es\/administracion-y-direccion-de-empresas\/descuento-de-efectos-i-p11-htm\/#primaryimage"},"thumbnailUrl":"https:\/\/blogs.udima.es\/administracion-y-direccion-de-empresas\/images_book\/p047-01.png","datePublished":"2016-07-08T13:26:14+00:00","dateModified":"2016-07-08T13:28:42+00:00","breadcrumb":{"@id":"https:\/\/blogs.udima.es\/administracion-y-direccion-de-empresas\/descuento-de-efectos-i-p11-htm\/#breadcrumb"},"inLanguage":"es","potentialAction":[{"@type":"ReadAction","target":["https:\/\/blogs.udima.es\/administracion-y-direccion-de-empresas\/descuento-de-efectos-i-p11-htm\/"]}]},{"@type":"ImageObject","inLanguage":"es","@id":"https:\/\/blogs.udima.es\/administracion-y-direccion-de-empresas\/descuento-de-efectos-i-p11-htm\/#primaryimage","url":"https:\/\/blogs.udima.es\/administracion-y-direccion-de-empresas\/images_book\/p047-01.png","contentUrl":"https:\/\/blogs.udima.es\/administracion-y-direccion-de-empresas\/images_book\/p047-01.png"},{"@type":"BreadcrumbList","@id":"https:\/\/blogs.udima.es\/administracion-y-direccion-de-empresas\/descuento-de-efectos-i-p11-htm\/#breadcrumb","itemListElement":[{"@type":"ListItem","position":1,"name":"Portada","item":"https:\/\/blogs.udima.es\/administracion-y-direccion-de-empresas\/"},{"@type":"ListItem","position":2,"name":"3. Descuento de efectos"}]},{"@type":"WebSite","@id":"https:\/\/blogs.udima.es\/administracion-y-direccion-de-empresas\/#website","url":"https:\/\/blogs.udima.es\/administracion-y-direccion-de-empresas\/","name":"Blog de ADE - Universidad a Distancia de Madrid | UDIMA","description":"","potentialAction":[{"@type":"SearchAction","target":{"@type":"EntryPoint","urlTemplate":"https:\/\/blogs.udima.es\/administracion-y-direccion-de-empresas\/?s={search_term_string}"},"query-input":"required name=search_term_string"}],"inLanguage":"es"}]}},"_links":{"self":[{"href":"https:\/\/blogs.udima.es\/administracion-y-direccion-de-empresas\/wp-json\/wp\/v2\/pages\/1815"}],"collection":[{"href":"https:\/\/blogs.udima.es\/administracion-y-direccion-de-empresas\/wp-json\/wp\/v2\/pages"}],"about":[{"href":"https:\/\/blogs.udima.es\/administracion-y-direccion-de-empresas\/wp-json\/wp\/v2\/types\/page"}],"author":[{"embeddable":true,"href":"https:\/\/blogs.udima.es\/administracion-y-direccion-de-empresas\/wp-json\/wp\/v2\/users\/27"}],"replies":[{"embeddable":true,"href":"https:\/\/blogs.udima.es\/administracion-y-direccion-de-empresas\/wp-json\/wp\/v2\/comments?post=1815"}],"version-history":[{"count":2,"href":"https:\/\/blogs.udima.es\/administracion-y-direccion-de-empresas\/wp-json\/wp\/v2\/pages\/1815\/revisions"}],"predecessor-version":[{"id":1817,"href":"https:\/\/blogs.udima.es\/administracion-y-direccion-de-empresas\/wp-json\/wp\/v2\/pages\/1815\/revisions\/1817"}],"wp:attachment":[{"href":"https:\/\/blogs.udima.es\/administracion-y-direccion-de-empresas\/wp-json\/wp\/v2\/media?parent=1815"}],"curies":[{"name":"wp","href":"https:\/\/api.w.org\/{rel}","templated":true}]}}