{"id":1810,"date":"2016-07-08T11:55:48","date_gmt":"2016-07-08T11:55:48","guid":{"rendered":"http:\/\/blogs.udima.es\/administracion-y-direccion-de-empresas\/?page_id=1810"},"modified":"2016-07-08T11:56:14","modified_gmt":"2016-07-08T11:56:14","slug":"2-1-principio-equivalencia-capitales-concepto-html","status":"publish","type":"page","link":"https:\/\/blogs.udima.es\/administracion-y-direccion-de-empresas\/2-1-principio-equivalencia-capitales-concepto-html\/","title":{"rendered":"2.1. Principio de equivalencia de capitales: concepto"},"content":{"rendered":"<p>Dos capitales, C<sub>1<\/sub> y C<sub>2<\/sub>, que vencen en los momentos t<sub>1<\/sub> y t<sub>2<\/sub> respectivamente, son equivalentes cuando, valorados en un mismo momento de tiempo t, tienen la misma cuant\u00eda.<\/p>\n<p> Esta definici\u00f3n se cumple cualquiera que sea el n\u00famero de capitales que intervengan en la operaci\u00f3n.<\/p>\n<p> Si dos o m\u00e1s capitales se dice que son equivalentes resultar\u00e1 indiferente cualquiera de ellos, no habiendo preferencia por ninguno en particular. Por el contrario, si no se cumple la equivalencia habr\u00e1 uno sobre el que tendremos preferencia y, en consecuencia, lo elegiremos.<\/p>\n<p>Si el principio de equivalencia se cumple en un momento de tiempo concreto, no tiene por qu\u00e9 cumplirse en otro momento cualquiera (siendo lo normal que no se cumpla en ning\u00fan otro momento). Consecuencia de esta circunstancia ser\u00e1 que la elecci\u00f3n de la fecha donde se haga el estudio comparativo afectar\u00e1 y condicionar\u00e1 el resultado.<\/p>\n","protected":false},"excerpt":{"rendered":"<p>Dos capitales, C1 y C2, que vencen en los momentos t1 y t2 respectivamente, son equivalentes cuando, valorados en un mismo momento de tiempo t, tienen la misma cuant\u00eda. Esta definici\u00f3n se cumple cualquiera que sea el n\u00famero de capitales que intervengan en la operaci\u00f3n. Si dos o m\u00e1s capitales se dice que son equivalentes [&hellip;]<\/p>\n","protected":false},"author":27,"featured_media":0,"parent":0,"menu_order":1121,"comment_status":"closed","ping_status":"closed","template":"","meta":{"footnotes":""},"yoast_head":"<!-- This site is optimized with the Yoast SEO plugin v22.9 - https:\/\/yoast.com\/wordpress\/plugins\/seo\/ -->\n<title>2.1. Principio de equivalencia de capitales: concepto - Blog de ADE<\/title>\n<meta name=\"robots\" content=\"index, follow, max-snippet:-1, max-image-preview:large, max-video-preview:-1\" \/>\n<link rel=\"canonical\" href=\"https:\/\/blogs.udima.es\/administracion-y-direccion-de-empresas\/2-1-principio-equivalencia-capitales-concepto-html\/\" \/>\n<meta property=\"og:locale\" content=\"es_ES\" \/>\n<meta property=\"og:type\" content=\"article\" \/>\n<meta property=\"og:title\" content=\"2.1. Principio de equivalencia de capitales: concepto - Blog de ADE\" \/>\n<meta property=\"og:description\" content=\"Dos capitales, C1 y C2, que vencen en los momentos t1 y t2 respectivamente, son equivalentes cuando, valorados en un mismo momento de tiempo t, tienen la misma cuant\u00eda. Esta definici\u00f3n se cumple cualquiera que sea el n\u00famero de capitales que intervengan en la operaci\u00f3n. Si dos o m\u00e1s capitales se dice que son equivalentes [&hellip;]\" \/>\n<meta property=\"og:url\" content=\"https:\/\/blogs.udima.es\/administracion-y-direccion-de-empresas\/2-1-principio-equivalencia-capitales-concepto-html\/\" \/>\n<meta property=\"og:site_name\" content=\"Blog de ADE - Universidad a Distancia de Madrid | UDIMA\" \/>\n<meta property=\"article:modified_time\" content=\"2016-07-08T11:56:14+00:00\" \/>\n<meta name=\"twitter:card\" content=\"summary_large_image\" \/>\n<meta name=\"twitter:label1\" content=\"Tiempo de lectura\" \/>\n\t<meta name=\"twitter:data1\" content=\"1 minuto\" \/>\n<script type=\"application\/ld+json\" class=\"yoast-schema-graph\">{\"@context\":\"https:\/\/schema.org\",\"@graph\":[{\"@type\":\"WebPage\",\"@id\":\"https:\/\/blogs.udima.es\/administracion-y-direccion-de-empresas\/2-1-principio-equivalencia-capitales-concepto-html\/\",\"url\":\"https:\/\/blogs.udima.es\/administracion-y-direccion-de-empresas\/2-1-principio-equivalencia-capitales-concepto-html\/\",\"name\":\"2.1. Principio de equivalencia de capitales: concepto - Blog de ADE\",\"isPartOf\":{\"@id\":\"https:\/\/blogs.udima.es\/administracion-y-direccion-de-empresas\/#website\"},\"datePublished\":\"2016-07-08T11:55:48+00:00\",\"dateModified\":\"2016-07-08T11:56:14+00:00\",\"breadcrumb\":{\"@id\":\"https:\/\/blogs.udima.es\/administracion-y-direccion-de-empresas\/2-1-principio-equivalencia-capitales-concepto-html\/#breadcrumb\"},\"inLanguage\":\"es\",\"potentialAction\":[{\"@type\":\"ReadAction\",\"target\":[\"https:\/\/blogs.udima.es\/administracion-y-direccion-de-empresas\/2-1-principio-equivalencia-capitales-concepto-html\/\"]}]},{\"@type\":\"BreadcrumbList\",\"@id\":\"https:\/\/blogs.udima.es\/administracion-y-direccion-de-empresas\/2-1-principio-equivalencia-capitales-concepto-html\/#breadcrumb\",\"itemListElement\":[{\"@type\":\"ListItem\",\"position\":1,\"name\":\"Portada\",\"item\":\"https:\/\/blogs.udima.es\/administracion-y-direccion-de-empresas\/\"},{\"@type\":\"ListItem\",\"position\":2,\"name\":\"2.1. Principio de equivalencia de capitales: concepto\"}]},{\"@type\":\"WebSite\",\"@id\":\"https:\/\/blogs.udima.es\/administracion-y-direccion-de-empresas\/#website\",\"url\":\"https:\/\/blogs.udima.es\/administracion-y-direccion-de-empresas\/\",\"name\":\"Blog de ADE - Universidad a Distancia de Madrid | UDIMA\",\"description\":\"\",\"potentialAction\":[{\"@type\":\"SearchAction\",\"target\":{\"@type\":\"EntryPoint\",\"urlTemplate\":\"https:\/\/blogs.udima.es\/administracion-y-direccion-de-empresas\/?s={search_term_string}\"},\"query-input\":\"required name=search_term_string\"}],\"inLanguage\":\"es\"}]}<\/script>\n<!-- \/ Yoast SEO plugin. -->","yoast_head_json":{"title":"2.1. Principio de equivalencia de capitales: concepto - Blog de ADE","robots":{"index":"index","follow":"follow","max-snippet":"max-snippet:-1","max-image-preview":"max-image-preview:large","max-video-preview":"max-video-preview:-1"},"canonical":"https:\/\/blogs.udima.es\/administracion-y-direccion-de-empresas\/2-1-principio-equivalencia-capitales-concepto-html\/","og_locale":"es_ES","og_type":"article","og_title":"2.1. Principio de equivalencia de capitales: concepto - Blog de ADE","og_description":"Dos capitales, C1 y C2, que vencen en los momentos t1 y t2 respectivamente, son equivalentes cuando, valorados en un mismo momento de tiempo t, tienen la misma cuant\u00eda. Esta definici\u00f3n se cumple cualquiera que sea el n\u00famero de capitales que intervengan en la operaci\u00f3n. Si dos o m\u00e1s capitales se dice que son equivalentes [&hellip;]","og_url":"https:\/\/blogs.udima.es\/administracion-y-direccion-de-empresas\/2-1-principio-equivalencia-capitales-concepto-html\/","og_site_name":"Blog de ADE - Universidad a Distancia de Madrid | UDIMA","article_modified_time":"2016-07-08T11:56:14+00:00","twitter_card":"summary_large_image","twitter_misc":{"Tiempo de lectura":"1 minuto"},"schema":{"@context":"https:\/\/schema.org","@graph":[{"@type":"WebPage","@id":"https:\/\/blogs.udima.es\/administracion-y-direccion-de-empresas\/2-1-principio-equivalencia-capitales-concepto-html\/","url":"https:\/\/blogs.udima.es\/administracion-y-direccion-de-empresas\/2-1-principio-equivalencia-capitales-concepto-html\/","name":"2.1. Principio de equivalencia de capitales: concepto - Blog de ADE","isPartOf":{"@id":"https:\/\/blogs.udima.es\/administracion-y-direccion-de-empresas\/#website"},"datePublished":"2016-07-08T11:55:48+00:00","dateModified":"2016-07-08T11:56:14+00:00","breadcrumb":{"@id":"https:\/\/blogs.udima.es\/administracion-y-direccion-de-empresas\/2-1-principio-equivalencia-capitales-concepto-html\/#breadcrumb"},"inLanguage":"es","potentialAction":[{"@type":"ReadAction","target":["https:\/\/blogs.udima.es\/administracion-y-direccion-de-empresas\/2-1-principio-equivalencia-capitales-concepto-html\/"]}]},{"@type":"BreadcrumbList","@id":"https:\/\/blogs.udima.es\/administracion-y-direccion-de-empresas\/2-1-principio-equivalencia-capitales-concepto-html\/#breadcrumb","itemListElement":[{"@type":"ListItem","position":1,"name":"Portada","item":"https:\/\/blogs.udima.es\/administracion-y-direccion-de-empresas\/"},{"@type":"ListItem","position":2,"name":"2.1. Principio de equivalencia de capitales: concepto"}]},{"@type":"WebSite","@id":"https:\/\/blogs.udima.es\/administracion-y-direccion-de-empresas\/#website","url":"https:\/\/blogs.udima.es\/administracion-y-direccion-de-empresas\/","name":"Blog de ADE - Universidad a Distancia de Madrid | UDIMA","description":"","potentialAction":[{"@type":"SearchAction","target":{"@type":"EntryPoint","urlTemplate":"https:\/\/blogs.udima.es\/administracion-y-direccion-de-empresas\/?s={search_term_string}"},"query-input":"required name=search_term_string"}],"inLanguage":"es"}]}},"_links":{"self":[{"href":"https:\/\/blogs.udima.es\/administracion-y-direccion-de-empresas\/wp-json\/wp\/v2\/pages\/1810"}],"collection":[{"href":"https:\/\/blogs.udima.es\/administracion-y-direccion-de-empresas\/wp-json\/wp\/v2\/pages"}],"about":[{"href":"https:\/\/blogs.udima.es\/administracion-y-direccion-de-empresas\/wp-json\/wp\/v2\/types\/page"}],"author":[{"embeddable":true,"href":"https:\/\/blogs.udima.es\/administracion-y-direccion-de-empresas\/wp-json\/wp\/v2\/users\/27"}],"replies":[{"embeddable":true,"href":"https:\/\/blogs.udima.es\/administracion-y-direccion-de-empresas\/wp-json\/wp\/v2\/comments?post=1810"}],"version-history":[{"count":2,"href":"https:\/\/blogs.udima.es\/administracion-y-direccion-de-empresas\/wp-json\/wp\/v2\/pages\/1810\/revisions"}],"predecessor-version":[{"id":1812,"href":"https:\/\/blogs.udima.es\/administracion-y-direccion-de-empresas\/wp-json\/wp\/v2\/pages\/1810\/revisions\/1812"}],"wp:attachment":[{"href":"https:\/\/blogs.udima.es\/administracion-y-direccion-de-empresas\/wp-json\/wp\/v2\/media?parent=1810"}],"curies":[{"name":"wp","href":"https:\/\/api.w.org\/{rel}","templated":true}]}}