{"id":181,"date":"2010-12-28T16:44:13","date_gmt":"2010-12-28T16:44:13","guid":{"rendered":"http:\/\/www.adeudima.com\/?page_id=181"},"modified":"2016-01-25T13:00:30","modified_gmt":"2016-01-25T13:00:30","slug":"libros","status":"publish","type":"page","link":"https:\/\/blogs.udima.es\/administracion-y-direccion-de-empresas\/libros\/","title":{"rendered":"Libros"},"content":{"rendered":"<p style=\"text-align: center;\"><a href=\"http:\/\/www.adeudima.com\/?page_id=102\" target=\"_self\" rel=\"nofollow\"><img loading=\"lazy\" decoding=\"async\" class=\"wp-image-1543 alignleft\" src=\"https:\/\/blogs.udima.es\/administracion-y-direccion-de-empresas\/wp-content\/uploads\/Libro.jpg\" alt=\"Libro Introducci\u00f3n a la organizaci\u00f3n de empresas\" width=\"190\" height=\"238\" \/><br \/>\n<\/a><\/p>\n<p style=\"text-align: left;\"><a style=\"text-align: left; line-height: 1.5;\" href=\"http:\/\/www.adeudima.com\/?page_id=102\" target=\"_self\" rel=\"nofollow\">Introducci\u00f3n a la Organizaci\u00f3n de Empresas<\/a><\/p>\n<p style=\"text-align: left;\">Autor: Eduardo Bueno Campos<\/p>\n<p>&nbsp;<\/p>\n<p><strong style=\"line-height: 1.5; text-align: center;\">\u00a0<\/strong><\/p>\n<p><strong style=\"line-height: 1.5; text-align: center;\">\u00a0<\/strong><\/p>\n<p><strong style=\"line-height: 1.5; text-align: center;\">\u00a0<\/strong><\/p>\n<p><strong style=\"line-height: 1.5; text-align: center;\">\u00cdndice<\/strong><\/p>\n<p><a href=\"https:\/\/blogs.udima.es\/administracion-y-direccion-de-empresas\/libros\/introduccion-a-la-organizacion-de-empresas-2\/unidad-didactica-1-la-empresa-como-organizacion-los-sistemas-funcionales\/\">Unidad did\u00e1ctica 1. La empresa como organizaci\u00f3n: los sistemas funcionales<\/a><\/p>\n<p><a href=\"http:\/\/www.adeudima.com\/?page_id=144\" target=\"_self\" rel=\"nofollow\">Unidad did\u00e1ctica 2. El sistema de direcci\u00f3n y organizaci\u00f3n: principios y modelos organizativos<\/a><\/p>\n<p><a href=\"http:\/\/www.adeudima.com\/?page_id=226\" target=\"_self\" rel=\"nofollow\">Unidad did\u00e1ctica 3. An\u00e1lisis econ\u00f3mico del sistema t\u00e9cnico de la empresa<\/a><\/p>\n<p><a href=\"http:\/\/www.adeudima.com\/?page_id=319\" target=\"_self\" rel=\"nofollow\">Unidad did\u00e1ctica 4. El sistema de financiaci\u00f3n de la empresa<\/a><\/p>\n<p><a href=\"http:\/\/www.adeudima.com\/?page_id=360\" target=\"_self\" rel=\"nofollow\">Unidad did\u00e1ctica 5. El sistema de producci\u00f3n de la empresa<\/a><\/p>\n<p><a href=\"http:\/\/www.adeudima.com\/?page_id=427\" target=\"_self\" rel=\"nofollow\">Unidad did\u00e1ctica 6. El sistema de comercializaci\u00f3n de la empresa<\/a><\/p>\n<p><a href=\"http:\/\/www.adeudima.com\/?page_id=475\" target=\"_self\" rel=\"nofollow\">Unidad did\u00e1ctica 7. El sistema de distribuci\u00f3n o log\u00edstico de la empresa<\/a><\/p>\n<p><a href=\"http:\/\/www.adeudima.com\/?page_id=533\" target=\"_self\" rel=\"nofollow\">Unidad did\u00e1ctica 8. El factor humano en el desarrollo organizativo<\/a><\/p>\n<p><a href=\"http:\/\/www.adeudima.com\/?page_id=578\" target=\"_self\" rel=\"nofollow\">Unidad did\u00e1ctica 9. Tama\u00f1o, concentraci\u00f3n y crecimiento de la empresa<\/a><\/p>\n<p><a href=\"http:\/\/www.adeudima.com\/?page_id=626\" target=\"_self\" rel=\"nofollow\">Unidad did\u00e1ctica 10. Internacionalizaci\u00f3n de la empresa<\/a><\/p>\n","protected":false},"excerpt":{"rendered":"<p>Introducci\u00f3n a la Organizaci\u00f3n de Empresas Autor: Eduardo Bueno Campos &nbsp; \u00a0 \u00a0 \u00a0 \u00cdndice Unidad did\u00e1ctica 1. La empresa como organizaci\u00f3n: los sistemas funcionales Unidad did\u00e1ctica 2. El sistema de direcci\u00f3n y organizaci\u00f3n: principios y modelos organizativos Unidad did\u00e1ctica 3. An\u00e1lisis econ\u00f3mico del sistema t\u00e9cnico de la empresa Unidad did\u00e1ctica 4. El sistema de [&hellip;]<\/p>\n","protected":false},"author":2,"featured_media":0,"parent":0,"menu_order":0,"comment_status":"open","ping_status":"open","template":"","meta":{"footnotes":""},"yoast_head":"<!-- This site is optimized with the Yoast SEO plugin v22.9 - https:\/\/yoast.com\/wordpress\/plugins\/seo\/ -->\n<title>Libros - Blog de ADE<\/title>\n<meta name=\"robots\" content=\"index, follow, max-snippet:-1, max-image-preview:large, max-video-preview:-1\" \/>\n<link rel=\"canonical\" href=\"https:\/\/blogs.udima.es\/administracion-y-direccion-de-empresas\/libros\/\" \/>\n<meta property=\"og:locale\" content=\"es_ES\" \/>\n<meta property=\"og:type\" content=\"article\" \/>\n<meta property=\"og:title\" content=\"Libros - Blog de ADE\" \/>\n<meta property=\"og:description\" content=\"Introducci\u00f3n a la Organizaci\u00f3n de Empresas Autor: Eduardo Bueno Campos &nbsp; \u00a0 \u00a0 \u00a0 \u00cdndice Unidad did\u00e1ctica 1. La empresa como organizaci\u00f3n: los sistemas funcionales Unidad did\u00e1ctica 2. El sistema de direcci\u00f3n y organizaci\u00f3n: principios y modelos organizativos Unidad did\u00e1ctica 3. An\u00e1lisis econ\u00f3mico del sistema t\u00e9cnico de la empresa Unidad did\u00e1ctica 4. El sistema de [&hellip;]\" \/>\n<meta property=\"og:url\" content=\"https:\/\/blogs.udima.es\/administracion-y-direccion-de-empresas\/libros\/\" \/>\n<meta property=\"og:site_name\" content=\"Blog de ADE - Universidad a Distancia de Madrid | UDIMA\" \/>\n<meta property=\"article:modified_time\" content=\"2016-01-25T13:00:30+00:00\" \/>\n<meta property=\"og:image\" content=\"https:\/\/blogs.udima.es\/administracion-y-direccion-de-empresas\/wp-content\/uploads\/Libro.jpg\" \/>\n<meta name=\"twitter:card\" content=\"summary_large_image\" \/>\n<meta name=\"twitter:label1\" content=\"Tiempo de lectura\" \/>\n\t<meta name=\"twitter:data1\" content=\"1 minuto\" \/>\n<script type=\"application\/ld+json\" class=\"yoast-schema-graph\">{\"@context\":\"https:\/\/schema.org\",\"@graph\":[{\"@type\":\"WebPage\",\"@id\":\"https:\/\/blogs.udima.es\/administracion-y-direccion-de-empresas\/libros\/\",\"url\":\"https:\/\/blogs.udima.es\/administracion-y-direccion-de-empresas\/libros\/\",\"name\":\"Libros - Blog de ADE\",\"isPartOf\":{\"@id\":\"https:\/\/blogs.udima.es\/administracion-y-direccion-de-empresas\/#website\"},\"primaryImageOfPage\":{\"@id\":\"https:\/\/blogs.udima.es\/administracion-y-direccion-de-empresas\/libros\/#primaryimage\"},\"image\":{\"@id\":\"https:\/\/blogs.udima.es\/administracion-y-direccion-de-empresas\/libros\/#primaryimage\"},\"thumbnailUrl\":\"https:\/\/blogs.udima.es\/administracion-y-direccion-de-empresas\/wp-content\/uploads\/Libro.jpg\",\"datePublished\":\"2010-12-28T16:44:13+00:00\",\"dateModified\":\"2016-01-25T13:00:30+00:00\",\"breadcrumb\":{\"@id\":\"https:\/\/blogs.udima.es\/administracion-y-direccion-de-empresas\/libros\/#breadcrumb\"},\"inLanguage\":\"es\",\"potentialAction\":[{\"@type\":\"ReadAction\",\"target\":[\"https:\/\/blogs.udima.es\/administracion-y-direccion-de-empresas\/libros\/\"]}]},{\"@type\":\"ImageObject\",\"inLanguage\":\"es\",\"@id\":\"https:\/\/blogs.udima.es\/administracion-y-direccion-de-empresas\/libros\/#primaryimage\",\"url\":\"https:\/\/blogs.udima.es\/administracion-y-direccion-de-empresas\/wp-content\/uploads\/Libro.jpg\",\"contentUrl\":\"https:\/\/blogs.udima.es\/administracion-y-direccion-de-empresas\/wp-content\/uploads\/Libro.jpg\",\"width\":239,\"height\":300},{\"@type\":\"BreadcrumbList\",\"@id\":\"https:\/\/blogs.udima.es\/administracion-y-direccion-de-empresas\/libros\/#breadcrumb\",\"itemListElement\":[{\"@type\":\"ListItem\",\"position\":1,\"name\":\"Portada\",\"item\":\"https:\/\/blogs.udima.es\/administracion-y-direccion-de-empresas\/\"},{\"@type\":\"ListItem\",\"position\":2,\"name\":\"Libros\"}]},{\"@type\":\"WebSite\",\"@id\":\"https:\/\/blogs.udima.es\/administracion-y-direccion-de-empresas\/#website\",\"url\":\"https:\/\/blogs.udima.es\/administracion-y-direccion-de-empresas\/\",\"name\":\"Blog de ADE - Universidad a Distancia de Madrid | UDIMA\",\"description\":\"\",\"potentialAction\":[{\"@type\":\"SearchAction\",\"target\":{\"@type\":\"EntryPoint\",\"urlTemplate\":\"https:\/\/blogs.udima.es\/administracion-y-direccion-de-empresas\/?s={search_term_string}\"},\"query-input\":\"required name=search_term_string\"}],\"inLanguage\":\"es\"}]}<\/script>\n<!-- \/ Yoast SEO plugin. -->","yoast_head_json":{"title":"Libros - Blog de ADE","robots":{"index":"index","follow":"follow","max-snippet":"max-snippet:-1","max-image-preview":"max-image-preview:large","max-video-preview":"max-video-preview:-1"},"canonical":"https:\/\/blogs.udima.es\/administracion-y-direccion-de-empresas\/libros\/","og_locale":"es_ES","og_type":"article","og_title":"Libros - Blog de ADE","og_description":"Introducci\u00f3n a la Organizaci\u00f3n de Empresas Autor: Eduardo Bueno Campos &nbsp; \u00a0 \u00a0 \u00a0 \u00cdndice Unidad did\u00e1ctica 1. La empresa como organizaci\u00f3n: los sistemas funcionales Unidad did\u00e1ctica 2. El sistema de direcci\u00f3n y organizaci\u00f3n: principios y modelos organizativos Unidad did\u00e1ctica 3. An\u00e1lisis econ\u00f3mico del sistema t\u00e9cnico de la empresa Unidad did\u00e1ctica 4. El sistema de [&hellip;]","og_url":"https:\/\/blogs.udima.es\/administracion-y-direccion-de-empresas\/libros\/","og_site_name":"Blog de ADE - Universidad a Distancia de Madrid | UDIMA","article_modified_time":"2016-01-25T13:00:30+00:00","og_image":[{"url":"https:\/\/blogs.udima.es\/administracion-y-direccion-de-empresas\/wp-content\/uploads\/Libro.jpg"}],"twitter_card":"summary_large_image","twitter_misc":{"Tiempo de lectura":"1 minuto"},"schema":{"@context":"https:\/\/schema.org","@graph":[{"@type":"WebPage","@id":"https:\/\/blogs.udima.es\/administracion-y-direccion-de-empresas\/libros\/","url":"https:\/\/blogs.udima.es\/administracion-y-direccion-de-empresas\/libros\/","name":"Libros - Blog de ADE","isPartOf":{"@id":"https:\/\/blogs.udima.es\/administracion-y-direccion-de-empresas\/#website"},"primaryImageOfPage":{"@id":"https:\/\/blogs.udima.es\/administracion-y-direccion-de-empresas\/libros\/#primaryimage"},"image":{"@id":"https:\/\/blogs.udima.es\/administracion-y-direccion-de-empresas\/libros\/#primaryimage"},"thumbnailUrl":"https:\/\/blogs.udima.es\/administracion-y-direccion-de-empresas\/wp-content\/uploads\/Libro.jpg","datePublished":"2010-12-28T16:44:13+00:00","dateModified":"2016-01-25T13:00:30+00:00","breadcrumb":{"@id":"https:\/\/blogs.udima.es\/administracion-y-direccion-de-empresas\/libros\/#breadcrumb"},"inLanguage":"es","potentialAction":[{"@type":"ReadAction","target":["https:\/\/blogs.udima.es\/administracion-y-direccion-de-empresas\/libros\/"]}]},{"@type":"ImageObject","inLanguage":"es","@id":"https:\/\/blogs.udima.es\/administracion-y-direccion-de-empresas\/libros\/#primaryimage","url":"https:\/\/blogs.udima.es\/administracion-y-direccion-de-empresas\/wp-content\/uploads\/Libro.jpg","contentUrl":"https:\/\/blogs.udima.es\/administracion-y-direccion-de-empresas\/wp-content\/uploads\/Libro.jpg","width":239,"height":300},{"@type":"BreadcrumbList","@id":"https:\/\/blogs.udima.es\/administracion-y-direccion-de-empresas\/libros\/#breadcrumb","itemListElement":[{"@type":"ListItem","position":1,"name":"Portada","item":"https:\/\/blogs.udima.es\/administracion-y-direccion-de-empresas\/"},{"@type":"ListItem","position":2,"name":"Libros"}]},{"@type":"WebSite","@id":"https:\/\/blogs.udima.es\/administracion-y-direccion-de-empresas\/#website","url":"https:\/\/blogs.udima.es\/administracion-y-direccion-de-empresas\/","name":"Blog de ADE - Universidad a Distancia de Madrid | UDIMA","description":"","potentialAction":[{"@type":"SearchAction","target":{"@type":"EntryPoint","urlTemplate":"https:\/\/blogs.udima.es\/administracion-y-direccion-de-empresas\/?s={search_term_string}"},"query-input":"required name=search_term_string"}],"inLanguage":"es"}]}},"_links":{"self":[{"href":"https:\/\/blogs.udima.es\/administracion-y-direccion-de-empresas\/wp-json\/wp\/v2\/pages\/181"}],"collection":[{"href":"https:\/\/blogs.udima.es\/administracion-y-direccion-de-empresas\/wp-json\/wp\/v2\/pages"}],"about":[{"href":"https:\/\/blogs.udima.es\/administracion-y-direccion-de-empresas\/wp-json\/wp\/v2\/types\/page"}],"author":[{"embeddable":true,"href":"https:\/\/blogs.udima.es\/administracion-y-direccion-de-empresas\/wp-json\/wp\/v2\/users\/2"}],"replies":[{"embeddable":true,"href":"https:\/\/blogs.udima.es\/administracion-y-direccion-de-empresas\/wp-json\/wp\/v2\/comments?post=181"}],"version-history":[{"count":8,"href":"https:\/\/blogs.udima.es\/administracion-y-direccion-de-empresas\/wp-json\/wp\/v2\/pages\/181\/revisions"}],"predecessor-version":[{"id":1544,"href":"https:\/\/blogs.udima.es\/administracion-y-direccion-de-empresas\/wp-json\/wp\/v2\/pages\/181\/revisions\/1544"}],"wp:attachment":[{"href":"https:\/\/blogs.udima.es\/administracion-y-direccion-de-empresas\/wp-json\/wp\/v2\/media?parent=181"}],"curies":[{"name":"wp","href":"https:\/\/api.w.org\/{rel}","templated":true}]}}