{"id":1808,"date":"2016-07-08T11:50:17","date_gmt":"2016-07-08T11:50:17","guid":{"rendered":"http:\/\/blogs.udima.es\/administracion-y-direccion-de-empresas\/?page_id=1808"},"modified":"2016-07-08T11:54:17","modified_gmt":"2016-07-08T11:54:17","slug":"equivalencia-financiera-de-capitales-i-p10-htm","status":"publish","type":"page","link":"https:\/\/blogs.udima.es\/administracion-y-direccion-de-empresas\/equivalencia-financiera-de-capitales-i-p10-htm\/","title":{"rendered":"2. Equivalencia financiera de capitales"},"content":{"rendered":"<p>Cuando se dispone de varios capitales de diferentes cuant\u00edas y situados en diferentes momentos de tiempo puede resultar conveniente saber cu\u00e1l de ellos es m\u00e1s interesante desde el punto de vista financiero (porque valga m\u00e1s o menos que los dem\u00e1s). Para decidir habr\u00eda que compararlos, pero no basta con fijarse solamente en las cuant\u00edas, se tendr\u00eda que considerar, a la vez, el momento de tiempo donde se encuentran situados. Adem\u00e1s, la comparaci\u00f3n deber\u00eda ser homog\u00e9nea, es decir, tendr\u00edan que llevarse todos los capitales a un mismo momento y ah\u00ed efectuar la comparaci\u00f3n.<\/p>\n<p>Comprobar la equivalencia financiera entre capitales consiste en comparar dos o m\u00e1s capitales situados en distintos momentos y, para un tipo dado, observando si tienen el mismo valor en el momento en que se comparan. Para igualar los capitales en un momento determinado se utilizar\u00e1 la capitalizaci\u00f3n o el descuento.<\/p>\n<ul>\n<li><a href=\"https:\/\/blogs.udima.es\/administracion-y-direccion-de-empresas\/2-1-principio-equivalencia-capitales-concepto.html\">2.1. Principio de equivalencia de capitales: concepto<\/a><\/li>\n<li><a href=\"https:\/\/blogs.udima.es\/administracion-y-direccion-de-empresas\/2-2-aplicaciones-principio-equivalencia-sustitucion-capitales.html\">2.2. Aplicaciones del principio de equivalencia: sustituci\u00f3n de capitales<\/a><\/li>\n<\/ul>\n","protected":false},"excerpt":{"rendered":"<p>Cuando se dispone de varios capitales de diferentes cuant\u00edas y situados en diferentes momentos de tiempo puede resultar conveniente saber cu\u00e1l de ellos es m\u00e1s interesante desde el punto de vista financiero (porque valga m\u00e1s o menos que los dem\u00e1s). Para decidir habr\u00eda que compararlos, pero no basta con fijarse solamente en las cuant\u00edas, se [&hellip;]<\/p>\n","protected":false},"author":27,"featured_media":0,"parent":0,"menu_order":1120,"comment_status":"closed","ping_status":"closed","template":"","meta":{"footnotes":""},"yoast_head":"<!-- This site is optimized with the Yoast SEO plugin v22.9 - https:\/\/yoast.com\/wordpress\/plugins\/seo\/ -->\n<title>2. Equivalencia financiera de capitales - Blog de ADE<\/title>\n<meta name=\"robots\" content=\"index, follow, max-snippet:-1, max-image-preview:large, max-video-preview:-1\" \/>\n<link rel=\"canonical\" href=\"https:\/\/blogs.udima.es\/administracion-y-direccion-de-empresas\/equivalencia-financiera-de-capitales-i-p10-htm\/\" \/>\n<meta property=\"og:locale\" content=\"es_ES\" \/>\n<meta property=\"og:type\" content=\"article\" \/>\n<meta property=\"og:title\" content=\"2. Equivalencia financiera de capitales - Blog de ADE\" \/>\n<meta property=\"og:description\" content=\"Cuando se dispone de varios capitales de diferentes cuant\u00edas y situados en diferentes momentos de tiempo puede resultar conveniente saber cu\u00e1l de ellos es m\u00e1s interesante desde el punto de vista financiero (porque valga m\u00e1s o menos que los dem\u00e1s). Para decidir habr\u00eda que compararlos, pero no basta con fijarse solamente en las cuant\u00edas, se [&hellip;]\" \/>\n<meta property=\"og:url\" content=\"https:\/\/blogs.udima.es\/administracion-y-direccion-de-empresas\/equivalencia-financiera-de-capitales-i-p10-htm\/\" \/>\n<meta property=\"og:site_name\" content=\"Blog de ADE - Universidad a Distancia de Madrid | UDIMA\" \/>\n<meta property=\"article:modified_time\" content=\"2016-07-08T11:54:17+00:00\" \/>\n<meta name=\"twitter:card\" content=\"summary_large_image\" \/>\n<meta name=\"twitter:label1\" content=\"Tiempo de lectura\" \/>\n\t<meta name=\"twitter:data1\" content=\"1 minuto\" \/>\n<script type=\"application\/ld+json\" class=\"yoast-schema-graph\">{\"@context\":\"https:\/\/schema.org\",\"@graph\":[{\"@type\":\"WebPage\",\"@id\":\"https:\/\/blogs.udima.es\/administracion-y-direccion-de-empresas\/equivalencia-financiera-de-capitales-i-p10-htm\/\",\"url\":\"https:\/\/blogs.udima.es\/administracion-y-direccion-de-empresas\/equivalencia-financiera-de-capitales-i-p10-htm\/\",\"name\":\"2. Equivalencia financiera de capitales - Blog de ADE\",\"isPartOf\":{\"@id\":\"https:\/\/blogs.udima.es\/administracion-y-direccion-de-empresas\/#website\"},\"datePublished\":\"2016-07-08T11:50:17+00:00\",\"dateModified\":\"2016-07-08T11:54:17+00:00\",\"breadcrumb\":{\"@id\":\"https:\/\/blogs.udima.es\/administracion-y-direccion-de-empresas\/equivalencia-financiera-de-capitales-i-p10-htm\/#breadcrumb\"},\"inLanguage\":\"es\",\"potentialAction\":[{\"@type\":\"ReadAction\",\"target\":[\"https:\/\/blogs.udima.es\/administracion-y-direccion-de-empresas\/equivalencia-financiera-de-capitales-i-p10-htm\/\"]}]},{\"@type\":\"BreadcrumbList\",\"@id\":\"https:\/\/blogs.udima.es\/administracion-y-direccion-de-empresas\/equivalencia-financiera-de-capitales-i-p10-htm\/#breadcrumb\",\"itemListElement\":[{\"@type\":\"ListItem\",\"position\":1,\"name\":\"Portada\",\"item\":\"https:\/\/blogs.udima.es\/administracion-y-direccion-de-empresas\/\"},{\"@type\":\"ListItem\",\"position\":2,\"name\":\"2. Equivalencia financiera de capitales\"}]},{\"@type\":\"WebSite\",\"@id\":\"https:\/\/blogs.udima.es\/administracion-y-direccion-de-empresas\/#website\",\"url\":\"https:\/\/blogs.udima.es\/administracion-y-direccion-de-empresas\/\",\"name\":\"Blog de ADE - Universidad a Distancia de Madrid | UDIMA\",\"description\":\"\",\"potentialAction\":[{\"@type\":\"SearchAction\",\"target\":{\"@type\":\"EntryPoint\",\"urlTemplate\":\"https:\/\/blogs.udima.es\/administracion-y-direccion-de-empresas\/?s={search_term_string}\"},\"query-input\":\"required name=search_term_string\"}],\"inLanguage\":\"es\"}]}<\/script>\n<!-- \/ Yoast SEO plugin. -->","yoast_head_json":{"title":"2. Equivalencia financiera de capitales - Blog de ADE","robots":{"index":"index","follow":"follow","max-snippet":"max-snippet:-1","max-image-preview":"max-image-preview:large","max-video-preview":"max-video-preview:-1"},"canonical":"https:\/\/blogs.udima.es\/administracion-y-direccion-de-empresas\/equivalencia-financiera-de-capitales-i-p10-htm\/","og_locale":"es_ES","og_type":"article","og_title":"2. Equivalencia financiera de capitales - Blog de ADE","og_description":"Cuando se dispone de varios capitales de diferentes cuant\u00edas y situados en diferentes momentos de tiempo puede resultar conveniente saber cu\u00e1l de ellos es m\u00e1s interesante desde el punto de vista financiero (porque valga m\u00e1s o menos que los dem\u00e1s). Para decidir habr\u00eda que compararlos, pero no basta con fijarse solamente en las cuant\u00edas, se [&hellip;]","og_url":"https:\/\/blogs.udima.es\/administracion-y-direccion-de-empresas\/equivalencia-financiera-de-capitales-i-p10-htm\/","og_site_name":"Blog de ADE - Universidad a Distancia de Madrid | UDIMA","article_modified_time":"2016-07-08T11:54:17+00:00","twitter_card":"summary_large_image","twitter_misc":{"Tiempo de lectura":"1 minuto"},"schema":{"@context":"https:\/\/schema.org","@graph":[{"@type":"WebPage","@id":"https:\/\/blogs.udima.es\/administracion-y-direccion-de-empresas\/equivalencia-financiera-de-capitales-i-p10-htm\/","url":"https:\/\/blogs.udima.es\/administracion-y-direccion-de-empresas\/equivalencia-financiera-de-capitales-i-p10-htm\/","name":"2. Equivalencia financiera de capitales - Blog de ADE","isPartOf":{"@id":"https:\/\/blogs.udima.es\/administracion-y-direccion-de-empresas\/#website"},"datePublished":"2016-07-08T11:50:17+00:00","dateModified":"2016-07-08T11:54:17+00:00","breadcrumb":{"@id":"https:\/\/blogs.udima.es\/administracion-y-direccion-de-empresas\/equivalencia-financiera-de-capitales-i-p10-htm\/#breadcrumb"},"inLanguage":"es","potentialAction":[{"@type":"ReadAction","target":["https:\/\/blogs.udima.es\/administracion-y-direccion-de-empresas\/equivalencia-financiera-de-capitales-i-p10-htm\/"]}]},{"@type":"BreadcrumbList","@id":"https:\/\/blogs.udima.es\/administracion-y-direccion-de-empresas\/equivalencia-financiera-de-capitales-i-p10-htm\/#breadcrumb","itemListElement":[{"@type":"ListItem","position":1,"name":"Portada","item":"https:\/\/blogs.udima.es\/administracion-y-direccion-de-empresas\/"},{"@type":"ListItem","position":2,"name":"2. Equivalencia financiera de capitales"}]},{"@type":"WebSite","@id":"https:\/\/blogs.udima.es\/administracion-y-direccion-de-empresas\/#website","url":"https:\/\/blogs.udima.es\/administracion-y-direccion-de-empresas\/","name":"Blog de ADE - Universidad a Distancia de Madrid | UDIMA","description":"","potentialAction":[{"@type":"SearchAction","target":{"@type":"EntryPoint","urlTemplate":"https:\/\/blogs.udima.es\/administracion-y-direccion-de-empresas\/?s={search_term_string}"},"query-input":"required name=search_term_string"}],"inLanguage":"es"}]}},"_links":{"self":[{"href":"https:\/\/blogs.udima.es\/administracion-y-direccion-de-empresas\/wp-json\/wp\/v2\/pages\/1808"}],"collection":[{"href":"https:\/\/blogs.udima.es\/administracion-y-direccion-de-empresas\/wp-json\/wp\/v2\/pages"}],"about":[{"href":"https:\/\/blogs.udima.es\/administracion-y-direccion-de-empresas\/wp-json\/wp\/v2\/types\/page"}],"author":[{"embeddable":true,"href":"https:\/\/blogs.udima.es\/administracion-y-direccion-de-empresas\/wp-json\/wp\/v2\/users\/27"}],"replies":[{"embeddable":true,"href":"https:\/\/blogs.udima.es\/administracion-y-direccion-de-empresas\/wp-json\/wp\/v2\/comments?post=1808"}],"version-history":[{"count":1,"href":"https:\/\/blogs.udima.es\/administracion-y-direccion-de-empresas\/wp-json\/wp\/v2\/pages\/1808\/revisions"}],"predecessor-version":[{"id":1809,"href":"https:\/\/blogs.udima.es\/administracion-y-direccion-de-empresas\/wp-json\/wp\/v2\/pages\/1808\/revisions\/1809"}],"wp:attachment":[{"href":"https:\/\/blogs.udima.es\/administracion-y-direccion-de-empresas\/wp-json\/wp\/v2\/media?parent=1808"}],"curies":[{"name":"wp","href":"https:\/\/api.w.org\/{rel}","templated":true}]}}