{"id":1793,"date":"2016-07-05T09:04:48","date_gmt":"2016-07-05T09:04:48","guid":{"rendered":"http:\/\/blogs.udima.es\/administracion-y-direccion-de-empresas\/?page_id=1793"},"modified":"2016-07-11T10:26:23","modified_gmt":"2016-07-11T10:26:23","slug":"capitalizacion-simple-p3-htm","status":"publish","type":"page","link":"https:\/\/blogs.udima.es\/administracion-y-direccion-de-empresas\/capitalizacion-simple-p3-htm\/","title":{"rendered":"CAP\u00cdTULO 1. Capitalizaci\u00f3n simple"},"content":{"rendered":"<p><strong>\u00cdndice<\/strong><\/p>\n<ul>\n<li><a href=\"https:\/\/blogs.udima.es\/administracion-y-direccion-de-empresas\/Operaciones-en-regimen-de-simple-III-P69.htm\">1. Operaciones en r\u00e9gimen de simple<\/a><\/li>\n<li><a href=\"https:\/\/blogs.udima.es\/administracion-y-direccion-de-empresas\/Equivalencia-Financiera-de-capitales-I-P10.htm\">2. Equivalencia financiera de capitales<\/a><\/li>\n<li><a href=\"https:\/\/blogs.udima.es\/administracion-y-direccion-de-empresas\/Descuento-de-Efectos-I-P11.htm\">3. Descuento de efectos<\/a><\/li>\n<li><a href=\"https:\/\/blogs.udima.es\/administracion-y-direccion-de-empresas\/Cuentas-Corrientes-I-P12.htm\">4. Cuentas corrientes<\/a><\/li>\n<li><a href=\"https:\/\/blogs.udima.es\/administracion-y-direccion-de-empresas\/Credito-Bancario--La-Poliza-de-Credito-P13.htm\">5. Cr\u00e9dito bancario: la p\u00f3liza de cr\u00e9dito<\/a><\/li>\n<\/ul>\n","protected":false},"excerpt":{"rendered":"<p>\u00cdndice 1. Operaciones en r\u00e9gimen de simple 2. Equivalencia financiera de capitales 3. Descuento de efectos 4. Cuentas corrientes 5. Cr\u00e9dito bancario: la p\u00f3liza de cr\u00e9dito<\/p>\n","protected":false},"author":27,"featured_media":0,"parent":0,"menu_order":1100,"comment_status":"closed","ping_status":"closed","template":"","meta":{"footnotes":""},"yoast_head":"<!-- This site is optimized with the Yoast SEO plugin v22.9 - https:\/\/yoast.com\/wordpress\/plugins\/seo\/ -->\n<title>CAP\u00cdTULO 1. Capitalizaci\u00f3n simple - Blog de ADE<\/title>\n<meta name=\"robots\" content=\"index, follow, max-snippet:-1, max-image-preview:large, max-video-preview:-1\" \/>\n<link rel=\"canonical\" href=\"https:\/\/blogs.udima.es\/administracion-y-direccion-de-empresas\/capitalizacion-simple-p3-htm\/\" \/>\n<meta property=\"og:locale\" content=\"es_ES\" \/>\n<meta property=\"og:type\" content=\"article\" \/>\n<meta property=\"og:title\" content=\"CAP\u00cdTULO 1. Capitalizaci\u00f3n simple - Blog de ADE\" \/>\n<meta property=\"og:description\" content=\"\u00cdndice 1. Operaciones en r\u00e9gimen de simple 2. Equivalencia financiera de capitales 3. Descuento de efectos 4. Cuentas corrientes 5. Cr\u00e9dito bancario: la p\u00f3liza de cr\u00e9dito\" \/>\n<meta property=\"og:url\" content=\"https:\/\/blogs.udima.es\/administracion-y-direccion-de-empresas\/capitalizacion-simple-p3-htm\/\" \/>\n<meta property=\"og:site_name\" content=\"Blog de ADE - Universidad a Distancia de Madrid | UDIMA\" \/>\n<meta property=\"article:modified_time\" content=\"2016-07-11T10:26:23+00:00\" \/>\n<meta name=\"twitter:card\" content=\"summary_large_image\" \/>\n<script type=\"application\/ld+json\" class=\"yoast-schema-graph\">{\"@context\":\"https:\/\/schema.org\",\"@graph\":[{\"@type\":\"WebPage\",\"@id\":\"https:\/\/blogs.udima.es\/administracion-y-direccion-de-empresas\/capitalizacion-simple-p3-htm\/\",\"url\":\"https:\/\/blogs.udima.es\/administracion-y-direccion-de-empresas\/capitalizacion-simple-p3-htm\/\",\"name\":\"CAP\u00cdTULO 1. Capitalizaci\u00f3n simple - Blog de ADE\",\"isPartOf\":{\"@id\":\"https:\/\/blogs.udima.es\/administracion-y-direccion-de-empresas\/#website\"},\"datePublished\":\"2016-07-05T09:04:48+00:00\",\"dateModified\":\"2016-07-11T10:26:23+00:00\",\"breadcrumb\":{\"@id\":\"https:\/\/blogs.udima.es\/administracion-y-direccion-de-empresas\/capitalizacion-simple-p3-htm\/#breadcrumb\"},\"inLanguage\":\"es\",\"potentialAction\":[{\"@type\":\"ReadAction\",\"target\":[\"https:\/\/blogs.udima.es\/administracion-y-direccion-de-empresas\/capitalizacion-simple-p3-htm\/\"]}]},{\"@type\":\"BreadcrumbList\",\"@id\":\"https:\/\/blogs.udima.es\/administracion-y-direccion-de-empresas\/capitalizacion-simple-p3-htm\/#breadcrumb\",\"itemListElement\":[{\"@type\":\"ListItem\",\"position\":1,\"name\":\"Portada\",\"item\":\"https:\/\/blogs.udima.es\/administracion-y-direccion-de-empresas\/\"},{\"@type\":\"ListItem\",\"position\":2,\"name\":\"CAP\u00cdTULO 1. Capitalizaci\u00f3n simple\"}]},{\"@type\":\"WebSite\",\"@id\":\"https:\/\/blogs.udima.es\/administracion-y-direccion-de-empresas\/#website\",\"url\":\"https:\/\/blogs.udima.es\/administracion-y-direccion-de-empresas\/\",\"name\":\"Blog de ADE - Universidad a Distancia de Madrid | UDIMA\",\"description\":\"\",\"potentialAction\":[{\"@type\":\"SearchAction\",\"target\":{\"@type\":\"EntryPoint\",\"urlTemplate\":\"https:\/\/blogs.udima.es\/administracion-y-direccion-de-empresas\/?s={search_term_string}\"},\"query-input\":\"required name=search_term_string\"}],\"inLanguage\":\"es\"}]}<\/script>\n<!-- \/ Yoast SEO plugin. -->","yoast_head_json":{"title":"CAP\u00cdTULO 1. Capitalizaci\u00f3n simple - Blog de ADE","robots":{"index":"index","follow":"follow","max-snippet":"max-snippet:-1","max-image-preview":"max-image-preview:large","max-video-preview":"max-video-preview:-1"},"canonical":"https:\/\/blogs.udima.es\/administracion-y-direccion-de-empresas\/capitalizacion-simple-p3-htm\/","og_locale":"es_ES","og_type":"article","og_title":"CAP\u00cdTULO 1. Capitalizaci\u00f3n simple - Blog de ADE","og_description":"\u00cdndice 1. Operaciones en r\u00e9gimen de simple 2. Equivalencia financiera de capitales 3. Descuento de efectos 4. Cuentas corrientes 5. Cr\u00e9dito bancario: la p\u00f3liza de cr\u00e9dito","og_url":"https:\/\/blogs.udima.es\/administracion-y-direccion-de-empresas\/capitalizacion-simple-p3-htm\/","og_site_name":"Blog de ADE - Universidad a Distancia de Madrid | UDIMA","article_modified_time":"2016-07-11T10:26:23+00:00","twitter_card":"summary_large_image","schema":{"@context":"https:\/\/schema.org","@graph":[{"@type":"WebPage","@id":"https:\/\/blogs.udima.es\/administracion-y-direccion-de-empresas\/capitalizacion-simple-p3-htm\/","url":"https:\/\/blogs.udima.es\/administracion-y-direccion-de-empresas\/capitalizacion-simple-p3-htm\/","name":"CAP\u00cdTULO 1. Capitalizaci\u00f3n simple - Blog de ADE","isPartOf":{"@id":"https:\/\/blogs.udima.es\/administracion-y-direccion-de-empresas\/#website"},"datePublished":"2016-07-05T09:04:48+00:00","dateModified":"2016-07-11T10:26:23+00:00","breadcrumb":{"@id":"https:\/\/blogs.udima.es\/administracion-y-direccion-de-empresas\/capitalizacion-simple-p3-htm\/#breadcrumb"},"inLanguage":"es","potentialAction":[{"@type":"ReadAction","target":["https:\/\/blogs.udima.es\/administracion-y-direccion-de-empresas\/capitalizacion-simple-p3-htm\/"]}]},{"@type":"BreadcrumbList","@id":"https:\/\/blogs.udima.es\/administracion-y-direccion-de-empresas\/capitalizacion-simple-p3-htm\/#breadcrumb","itemListElement":[{"@type":"ListItem","position":1,"name":"Portada","item":"https:\/\/blogs.udima.es\/administracion-y-direccion-de-empresas\/"},{"@type":"ListItem","position":2,"name":"CAP\u00cdTULO 1. Capitalizaci\u00f3n simple"}]},{"@type":"WebSite","@id":"https:\/\/blogs.udima.es\/administracion-y-direccion-de-empresas\/#website","url":"https:\/\/blogs.udima.es\/administracion-y-direccion-de-empresas\/","name":"Blog de ADE - Universidad a Distancia de Madrid | UDIMA","description":"","potentialAction":[{"@type":"SearchAction","target":{"@type":"EntryPoint","urlTemplate":"https:\/\/blogs.udima.es\/administracion-y-direccion-de-empresas\/?s={search_term_string}"},"query-input":"required name=search_term_string"}],"inLanguage":"es"}]}},"_links":{"self":[{"href":"https:\/\/blogs.udima.es\/administracion-y-direccion-de-empresas\/wp-json\/wp\/v2\/pages\/1793"}],"collection":[{"href":"https:\/\/blogs.udima.es\/administracion-y-direccion-de-empresas\/wp-json\/wp\/v2\/pages"}],"about":[{"href":"https:\/\/blogs.udima.es\/administracion-y-direccion-de-empresas\/wp-json\/wp\/v2\/types\/page"}],"author":[{"embeddable":true,"href":"https:\/\/blogs.udima.es\/administracion-y-direccion-de-empresas\/wp-json\/wp\/v2\/users\/27"}],"replies":[{"embeddable":true,"href":"https:\/\/blogs.udima.es\/administracion-y-direccion-de-empresas\/wp-json\/wp\/v2\/comments?post=1793"}],"version-history":[{"count":2,"href":"https:\/\/blogs.udima.es\/administracion-y-direccion-de-empresas\/wp-json\/wp\/v2\/pages\/1793\/revisions"}],"predecessor-version":[{"id":1828,"href":"https:\/\/blogs.udima.es\/administracion-y-direccion-de-empresas\/wp-json\/wp\/v2\/pages\/1793\/revisions\/1828"}],"wp:attachment":[{"href":"https:\/\/blogs.udima.es\/administracion-y-direccion-de-empresas\/wp-json\/wp\/v2\/media?parent=1793"}],"curies":[{"name":"wp","href":"https:\/\/api.w.org\/{rel}","templated":true}]}}