{"id":1791,"date":"2016-07-05T08:56:55","date_gmt":"2016-07-05T08:56:55","guid":{"rendered":"http:\/\/blogs.udima.es\/administracion-y-direccion-de-empresas\/?page_id=1791"},"modified":"2016-07-11T10:43:22","modified_gmt":"2016-07-11T10:43:22","slug":"prologo-p1-htm","status":"publish","type":"page","link":"https:\/\/blogs.udima.es\/administracion-y-direccion-de-empresas\/prologo-p1-htm\/","title":{"rendered":"Introducci\u00f3n"},"content":{"rendered":"<p>Cuando se dispone de una cantidad de dinero (capital) se puede destinar, o bien a gastarlo -satisfaciendo alguna necesidad-, o bien a invertirlo para recuperarlo en un futuro m\u00e1s o menos pr\u00f3ximo, seg\u00fan se acuerde.<\/p>\n<p>De la misma manera que estamos dispuestos a gastarlo para satisfacer una necesidad, estaremos dispuestos a invertir siempre y cuando la compensaci\u00f3n econ\u00f3mica nos resulte suficiente. En este sentido el <strong>principio b\u00e1sico de la preferencia de liquidez <\/strong>establece que a igualdad de cantidad los bienes m\u00e1s cercanos en el tiempo son preferidos a los disponibles en momentos m\u00e1s lejanos. La raz\u00f3n es el sacrificio del consumo.<\/p>\n<p>Este aprecio de la liquidez es subjetivo pero el mercado de dinero le asigna un valor objetivo fijando un precio por la financiaci\u00f3n que se llama inter\u00e9s. El <strong>inter\u00e9s <\/strong>se puede definir como la retribuci\u00f3n por el aplazamiento en el tiempo del consumo, esto es, el precio por el alquiler o uso del dinero durante un per\u00edodo de tiempo.<\/p>\n<p>Esta compensaci\u00f3n econ\u00f3mica se exige, entre otras, por tres razones b\u00e1sicas:<\/p>\n<ul>\n<li>Por el <em>riesgo <\/em>que se asume.<\/li>\n<li>Por <em>la falta de disponibilidad <\/em>que supone desprenderse del capital durante un tiempo.<\/li>\n<li>Por la <em>depreciaci\u00f3n <\/em>del valor del dinero en el tiempo.<\/li>\n<\/ul>\n<p>La cuantificaci\u00f3n de esa compensaci\u00f3n econ\u00f3mica, de los intereses, depende de tres variables, a saber:<\/p>\n<ul>\n<li>La cuant\u00eda del capital invertido,<\/li>\n<li>El tiempo que dura la operaci\u00f3n, y<\/li>\n<li>El tanto de inter\u00e9s al que se acuerda la operaci\u00f3n.<\/li>\n<\/ul>\n<p>Por otra parte, cuando se habla de <strong>capital financiero (C; t) <\/strong>nos referimos a una cuant\u00eda (C) de unidades monetarias asociada a un momento determinado de tiempo (t).<\/p>\n<p>Finalmente, en una operaci\u00f3n financiera no tiene sentido hablar de <strong>capitales igua<\/strong><strong>les <\/strong>(aquellos en los que coinciden cuant\u00edas y vencimientos), sino que siempre estaremos refiri\u00e9ndonos a <strong>capitales equivalentes, <\/strong>cuya definici\u00f3n se dar\u00e1 m\u00e1s adelante, si bien se adelanta la idea de que hay equivalencia entre dos capitales cuando a su propietario le resulta indiferente una situaci\u00f3n u otra. Es decir, si a usted le resulta indiferente cobrar hoy 1.000 euros a cobrar 1.050 euros dentro de un a\u00f1o, entonces diremos que ambos capitales (1.000; 0) y (1.050; 1) son equivalentes.<\/p>\n<p>De una manera m\u00e1s general, dos capitales cualesquiera, C<sub>1<\/sub> con vencimiento en t<sub>1<\/sub> y C<sub>2<\/sub> con vencimiento en t<sub>2<\/sub>, son equivalentes cuando se est\u00e1 de acuerdo en intercambiar uno por otro.<\/p>\n<p>El concepto de equivalencia no significa que no haya ganancia o coste en la operaci\u00f3n. Todo lo contrario, la equivalencia permite cuantificar ese beneficio o p\u00e9rdida que estamos dispuestos a asumir en una operaci\u00f3n concreta.<\/p>\n<p>Para que una operaci\u00f3n financiera se realice es necesario que a los sujetos intervinientes las cuant\u00edas que dan y reciben les resulten equivalentes. Es necesario que deudor y acreedor se pongan de acuerdo en cuantificar los capitales de los que se parte y a los que finalmente se llega. Esto implica elegir un m\u00e9todo matem\u00e1tico que permita dicha sustituci\u00f3n: una ley financiera. La <strong>ley financiera <\/strong>se define como un modelo matem\u00e1tico (una f\u00f3rmula) para cuantificar los intereses por el aplazamiento y\/o anticipaci\u00f3n de un capital en el tiempo.<\/p>\n<p>Conociendo las diferentes leyes financieras que existen y c\u00f3mo funcionan se podr\u00e1n sustituir unos capitales por otros, pudi\u00e9ndose formalizar las diferentes operaciones financieras.<\/p>\n<h2>1. OPERACI\u00d3N FINANCIERA<\/h2>\n<h3>1.1. CONCEPTO<\/h3>\n<p>Se entiende por operaci\u00f3n financiera la sustituci\u00f3n de uno o m\u00e1s capitales por otro u otros equivalentes en distintos momentos de tiempo, mediante la aplicaci\u00f3n de una ley financiera.<\/p>\n<p>En definitiva, cualquier operaci\u00f3n financiera se reduce a un conjunto de flujos de caja (cobros y pagos) de signo opuesto y distintas cuant\u00edas que se suceden en el tiempo. As\u00ed, por ejemplo, la concesi\u00f3n de un pr\u00e9stamo por parte de una entidad bancaria a un cliente supone para este \u00faltimo un cobro inicial (el importe del pr\u00e9stamo) y unos pagos peri\u00f3dicos (las cuotas) durante el tiempo que dure la operaci\u00f3n. Por parte del banco, la operaci\u00f3n implica un pago inicial \u00fanico y unos cobros peri\u00f3dicos.<\/p>\n<p>La realizaci\u00f3n de una operaci\u00f3n financiera implica, por tanto, que se cumplan tres puntos:<\/p>\n<ol>\n<li><em>Sustituci\u00f3n de capitales. <\/em>Ha de existir un intercambio de un(os) capital (es) por otro(s).<\/li>\n<li><em>Equivalencia. <\/em>Los capitales han de ser equivalentes, es decir, debe resultar de la aplicaci\u00f3n de una ley financiera.<\/li>\n<li>Aplicaci\u00f3n de una ley financiera. Debe existir acuerdo sobre la forma de determinar el importe de todos y cada uno de los capitales que compongan la operaci\u00f3n, resultado de la consideraci\u00f3n de los intereses generados.<\/li>\n<\/ol>\n<h3>1.2. ELEMENTOS<\/h3>\n<h4>1.2.1. Personales<\/h4>\n<p>En una operaci\u00f3n financiera b\u00e1sica interviene un sujeto (acreedor) que pone a disposici\u00f3n de otra (deudor) uno o m\u00e1s capitales y que posteriormente recuperar\u00e1, incrementados en el importe de los intereses.<\/p>\n<p>La acci\u00f3n de entregar por parte del acreedor y de recibir por parte del deudor se considerar\u00e1 la <strong>prestaci\u00f3n de la operaci\u00f3n <\/strong>financiera. La operaci\u00f3n concluir\u00e1 cuando el deudor termine de entregar al acreedor el capital (m\u00e1s los intereses); a esta actuaci\u00f3n por ambas partes se le denomina la <strong>contraprestaci\u00f3n de la operaci\u00f3n <\/strong>financiera.<\/p>\n<p>En toda operaci\u00f3n financiera las cantidades entregadas y recibidas por cada una de las partes no coinciden. El aplazamiento (o adelantamiento) de un capital en el tiempo supone la producci\u00f3n de intereses que formar\u00e1n parte de la operaci\u00f3n y que habr\u00e1 que considerar y cuantificar. Por tanto, prestaci\u00f3n y contraprestaci\u00f3n nunca son aritm\u00e9ticamente iguales. No obstante, habr\u00e1 una ley financiera que haga que resulten financieramente equivalentes, es decir, que si valor\u00e1semos prestaci\u00f3n y contraprestaci\u00f3n en el mismo momento, con la misma ley y con el mismo tanto, entonces s\u00ed se producir\u00eda la igualdad num\u00e9rica entre ambas.<\/p>\n<p>Tanto la prestaci\u00f3n como la contraprestaci\u00f3n pueden estar formadas por m\u00e1s de un capital que incluso se pueden solapar en el tiempo.<\/p>\n<h4>1.2.2. Temporales<\/h4>\n<p>Al momento de tiempo donde comienza la prestaci\u00f3n de la operaci\u00f3n financiera se le denomina <strong>origen <\/strong>de la operaci\u00f3n financiera. Donde concluye la contraprestaci\u00f3n de la operaci\u00f3n financiera se le llama <strong>final <\/strong>de la operaci\u00f3n financiera. Al intervalo de tiempo que transcurre entre ambas fechas se le denomina <strong>duraci\u00f3n <\/strong>de la operaci\u00f3n financiera, durante el cual se generan los intereses.<\/p>\n<h4>1.2.3. Objetivos<\/h4>\n<p>La realizaci\u00f3n de la operaci\u00f3n financiera exige un acuerdo sobre aspectos tales como: la cuant\u00eda del capital de partida, la ley financiera que se va a emplear y, finalmente, el tanto de inter\u00e9s (coste\/ganancia) unitario acordado.<\/p>\n<h3>1.3. CLASES<\/h3>\n<p>1. Seg\u00fan la duraci\u00f3n:<\/p>\n<ul>\n<li>A corto plazo: la duraci\u00f3n de la operaci\u00f3n no supera el a\u00f1o.<\/li>\n<li>A largo plazo: aquellas con una duraci\u00f3n superior al a\u00f1o.<\/li>\n<\/ul>\n<p>2. Seg\u00fan la ley financiera que opera:<\/p>\n<ul>\n<li>Seg\u00fan la generaci\u00f3n de intereses:\n<ul>\n<li>En r\u00e9gimen de simple: los intereses generados en el pasadono se acumulan y, por tanto, no generan, a su vez, interesesen el futuro.<\/li>\n<li>En r\u00e9gimen de compuesta: los intereses generados en el pasado s\u00ed se acumulan al capital de partida y generan, a su vez, intereses en el futuro.<\/li>\n<\/ul>\n<\/li>\n<li>Seg\u00fan el sentido en el que se aplica la ley financiera:\n<ul>\n<li>De capitalizaci\u00f3n: sustituye un capital presente por otro capital futuro.<\/li>\n<li>De actualizaci\u00f3n o descuento: sustituye un capital futuro porotro capital presente.<\/li>\n<\/ul>\n<\/li>\n<\/ul>\n<p>3. Seg\u00fan el n\u00famero de capitales de que consta:<\/p>\n<ul>\n<li>Simples: constan de un solo capital en la prestaci\u00f3n y en la contraprestaci\u00f3n.<\/li>\n<li>Complejas (o compuestas): cuando constan de m\u00e1s de un capital enla prestaci\u00f3n y\/o en la contraprestaci\u00f3n.<\/li>\n<\/ul>\n<h2>2. R\u00c9DITO Y TANTO DE INTER\u00c9S<\/h2>\n<p>Se entiende por r\u00e9dito (r) el rendimiento generado por un capital. Se puede expresar en tanto por cien (%), o en tanto por uno.<\/p>\n<p>Si en el momento t1 disponemos de un capital Q y \u00e9ste se convierte en un capital C<sub>2<\/sub> en un determinado momento t2, el r\u00e9dito de la operaci\u00f3n ser\u00e1:<\/p>\n<p align=\"center\"><img loading=\"lazy\" decoding=\"async\" src=\"https:\/\/blogs.udima.es\/administracion-y-direccion-de-empresas\/images_book\/p012-01.png\" alt=\"\" width=\"146\" height=\"64\" \/><\/p>\n<p>Sin embargo, aunque se consideran las cuant\u00edas de los capitales inicial y final, no se tiene en cuenta el aspecto temporal, es decir, en cu\u00e1nto tiempo se ha generado ese rendimiento. Surge la necesidad de una medida que tenga en cuenta el tiempo: el tanto de inter\u00e9s (i).<\/p>\n<p>Se define el tipo de inter\u00e9s (i) como el r\u00e9dito por unidad de tiempo, es decir:<\/p>\n<p align=\"center\"><img loading=\"lazy\" decoding=\"async\" src=\"https:\/\/blogs.udima.es\/administracion-y-direccion-de-empresas\/images_book\/p012-02.png\" alt=\"\" width=\"215\" height=\"92\" \/><\/p>\n<p>R\u00e9dito y tanto coincidir\u00e1n cuando el intervalo de tiempo es la unidad.<\/p>\n<div class=\"ejemplo\">\n<p align=\"left\"><strong>EJEMPLO<\/strong><\/p>\n<p align=\"left\">Un capital de 1.000 euros se sustituye hoy por otro de 1.100 dispo nible dentro de un a\u00f1o. \u00bfCu\u00e1l es el r\u00e9dito de la operaci\u00f3n? \u00bfY el tanto de inter\u00e9s anual?<\/p>\n<p align=\"center\"><img loading=\"lazy\" decoding=\"async\" src=\"https:\/\/blogs.udima.es\/administracion-y-direccion-de-empresas\/images_book\/p012-03.png\" alt=\"\" width=\"315\" height=\"128\" \/><\/p>\n<p align=\"center\"><img loading=\"lazy\" decoding=\"async\" src=\"https:\/\/blogs.udima.es\/administracion-y-direccion-de-empresas\/images_book\/p013-01.png\" alt=\"\" width=\"285\" height=\"136\" \/><\/p>\n<p>Pero si la operaci\u00f3n dura 2 a\u00f1os:<\/p>\n<p align=\"center\"><img loading=\"lazy\" decoding=\"async\" src=\"https:\/\/blogs.udima.es\/administracion-y-direccion-de-empresas\/images_book\/p013-02.png\" alt=\"\" width=\"276\" height=\"128\" \/><\/p>\n<p>Por lo tanto, el r\u00e9dito permanece constante ante variaciones del horizonte tem poral, no ocurriendo lo mismo con el tipo de inter\u00e9s que es, permaneciendo invariable el resto de elementos, inversamente proporcional al plazo de la operaci\u00f3n.\n<\/p><\/div>\n","protected":false},"excerpt":{"rendered":"<p>Cuando se dispone de una cantidad de dinero (capital) se puede destinar, o bien a gastarlo -satisfaciendo alguna necesidad-, o bien a invertirlo para recuperarlo en un futuro m\u00e1s o menos pr\u00f3ximo, seg\u00fan se acuerde. De la misma manera que estamos dispuestos a gastarlo para satisfacer una necesidad, estaremos dispuestos a invertir siempre y cuando [&hellip;]<\/p>\n","protected":false},"author":27,"featured_media":0,"parent":0,"menu_order":1010,"comment_status":"closed","ping_status":"closed","template":"","meta":{"footnotes":""},"yoast_head":"<!-- This site is optimized with the Yoast SEO plugin v22.9 - https:\/\/yoast.com\/wordpress\/plugins\/seo\/ -->\n<title>Introducci\u00f3n - Blog de ADE<\/title>\n<meta name=\"description\" content=\"Una operaci\u00f3n financiera es aquella en la que dos sujetos econ\u00f3micos intercambian capitales en tiempos distintos, acreedor y deudor.\" \/>\n<meta name=\"robots\" content=\"index, follow, max-snippet:-1, max-image-preview:large, max-video-preview:-1\" \/>\n<link rel=\"canonical\" href=\"https:\/\/blogs.udima.es\/administracion-y-direccion-de-empresas\/prologo-p1-htm\/\" \/>\n<meta property=\"og:locale\" content=\"es_ES\" \/>\n<meta property=\"og:type\" content=\"article\" \/>\n<meta property=\"og:title\" content=\"Introducci\u00f3n - Blog de ADE\" \/>\n<meta property=\"og:description\" content=\"Una operaci\u00f3n financiera es aquella en la que dos sujetos econ\u00f3micos intercambian capitales en tiempos distintos, acreedor y deudor.\" \/>\n<meta property=\"og:url\" content=\"https:\/\/blogs.udima.es\/administracion-y-direccion-de-empresas\/prologo-p1-htm\/\" \/>\n<meta property=\"og:site_name\" content=\"Blog de ADE - Universidad a Distancia de Madrid | UDIMA\" \/>\n<meta property=\"article:modified_time\" content=\"2016-07-11T10:43:22+00:00\" \/>\n<meta property=\"og:image\" content=\"https:\/\/blogs.udima.es\/administracion-y-direccion-de-empresas\/images_book\/p012-01.png\" \/>\n<meta name=\"twitter:card\" content=\"summary_large_image\" \/>\n<meta name=\"twitter:label1\" content=\"Tiempo de lectura\" \/>\n\t<meta name=\"twitter:data1\" content=\"8 minutos\" \/>\n<script type=\"application\/ld+json\" class=\"yoast-schema-graph\">{\"@context\":\"https:\/\/schema.org\",\"@graph\":[{\"@type\":\"WebPage\",\"@id\":\"https:\/\/blogs.udima.es\/administracion-y-direccion-de-empresas\/prologo-p1-htm\/\",\"url\":\"https:\/\/blogs.udima.es\/administracion-y-direccion-de-empresas\/prologo-p1-htm\/\",\"name\":\"Introducci\u00f3n - Blog de ADE\",\"isPartOf\":{\"@id\":\"https:\/\/blogs.udima.es\/administracion-y-direccion-de-empresas\/#website\"},\"primaryImageOfPage\":{\"@id\":\"https:\/\/blogs.udima.es\/administracion-y-direccion-de-empresas\/prologo-p1-htm\/#primaryimage\"},\"image\":{\"@id\":\"https:\/\/blogs.udima.es\/administracion-y-direccion-de-empresas\/prologo-p1-htm\/#primaryimage\"},\"thumbnailUrl\":\"https:\/\/blogs.udima.es\/administracion-y-direccion-de-empresas\/images_book\/p012-01.png\",\"datePublished\":\"2016-07-05T08:56:55+00:00\",\"dateModified\":\"2016-07-11T10:43:22+00:00\",\"description\":\"Una operaci\u00f3n financiera es aquella en la que dos sujetos econ\u00f3micos intercambian capitales en tiempos distintos, acreedor y deudor.\",\"breadcrumb\":{\"@id\":\"https:\/\/blogs.udima.es\/administracion-y-direccion-de-empresas\/prologo-p1-htm\/#breadcrumb\"},\"inLanguage\":\"es\",\"potentialAction\":[{\"@type\":\"ReadAction\",\"target\":[\"https:\/\/blogs.udima.es\/administracion-y-direccion-de-empresas\/prologo-p1-htm\/\"]}]},{\"@type\":\"ImageObject\",\"inLanguage\":\"es\",\"@id\":\"https:\/\/blogs.udima.es\/administracion-y-direccion-de-empresas\/prologo-p1-htm\/#primaryimage\",\"url\":\"https:\/\/blogs.udima.es\/administracion-y-direccion-de-empresas\/images_book\/p012-01.png\",\"contentUrl\":\"https:\/\/blogs.udima.es\/administracion-y-direccion-de-empresas\/images_book\/p012-01.png\"},{\"@type\":\"BreadcrumbList\",\"@id\":\"https:\/\/blogs.udima.es\/administracion-y-direccion-de-empresas\/prologo-p1-htm\/#breadcrumb\",\"itemListElement\":[{\"@type\":\"ListItem\",\"position\":1,\"name\":\"Portada\",\"item\":\"https:\/\/blogs.udima.es\/administracion-y-direccion-de-empresas\/\"},{\"@type\":\"ListItem\",\"position\":2,\"name\":\"Introducci\u00f3n\"}]},{\"@type\":\"WebSite\",\"@id\":\"https:\/\/blogs.udima.es\/administracion-y-direccion-de-empresas\/#website\",\"url\":\"https:\/\/blogs.udima.es\/administracion-y-direccion-de-empresas\/\",\"name\":\"Blog de ADE - Universidad a Distancia de Madrid | UDIMA\",\"description\":\"\",\"potentialAction\":[{\"@type\":\"SearchAction\",\"target\":{\"@type\":\"EntryPoint\",\"urlTemplate\":\"https:\/\/blogs.udima.es\/administracion-y-direccion-de-empresas\/?s={search_term_string}\"},\"query-input\":\"required name=search_term_string\"}],\"inLanguage\":\"es\"}]}<\/script>\n<!-- \/ Yoast SEO plugin. -->","yoast_head_json":{"title":"Introducci\u00f3n - Blog de ADE","description":"Una operaci\u00f3n financiera es aquella en la que dos sujetos econ\u00f3micos intercambian capitales en tiempos distintos, acreedor y deudor.","robots":{"index":"index","follow":"follow","max-snippet":"max-snippet:-1","max-image-preview":"max-image-preview:large","max-video-preview":"max-video-preview:-1"},"canonical":"https:\/\/blogs.udima.es\/administracion-y-direccion-de-empresas\/prologo-p1-htm\/","og_locale":"es_ES","og_type":"article","og_title":"Introducci\u00f3n - Blog de ADE","og_description":"Una operaci\u00f3n financiera es aquella en la que dos sujetos econ\u00f3micos intercambian capitales en tiempos distintos, acreedor y deudor.","og_url":"https:\/\/blogs.udima.es\/administracion-y-direccion-de-empresas\/prologo-p1-htm\/","og_site_name":"Blog de ADE - Universidad a Distancia de Madrid | UDIMA","article_modified_time":"2016-07-11T10:43:22+00:00","og_image":[{"url":"https:\/\/blogs.udima.es\/administracion-y-direccion-de-empresas\/images_book\/p012-01.png"}],"twitter_card":"summary_large_image","twitter_misc":{"Tiempo de lectura":"8 minutos"},"schema":{"@context":"https:\/\/schema.org","@graph":[{"@type":"WebPage","@id":"https:\/\/blogs.udima.es\/administracion-y-direccion-de-empresas\/prologo-p1-htm\/","url":"https:\/\/blogs.udima.es\/administracion-y-direccion-de-empresas\/prologo-p1-htm\/","name":"Introducci\u00f3n - Blog de ADE","isPartOf":{"@id":"https:\/\/blogs.udima.es\/administracion-y-direccion-de-empresas\/#website"},"primaryImageOfPage":{"@id":"https:\/\/blogs.udima.es\/administracion-y-direccion-de-empresas\/prologo-p1-htm\/#primaryimage"},"image":{"@id":"https:\/\/blogs.udima.es\/administracion-y-direccion-de-empresas\/prologo-p1-htm\/#primaryimage"},"thumbnailUrl":"https:\/\/blogs.udima.es\/administracion-y-direccion-de-empresas\/images_book\/p012-01.png","datePublished":"2016-07-05T08:56:55+00:00","dateModified":"2016-07-11T10:43:22+00:00","description":"Una operaci\u00f3n financiera es aquella en la que dos sujetos econ\u00f3micos intercambian capitales en tiempos distintos, acreedor y deudor.","breadcrumb":{"@id":"https:\/\/blogs.udima.es\/administracion-y-direccion-de-empresas\/prologo-p1-htm\/#breadcrumb"},"inLanguage":"es","potentialAction":[{"@type":"ReadAction","target":["https:\/\/blogs.udima.es\/administracion-y-direccion-de-empresas\/prologo-p1-htm\/"]}]},{"@type":"ImageObject","inLanguage":"es","@id":"https:\/\/blogs.udima.es\/administracion-y-direccion-de-empresas\/prologo-p1-htm\/#primaryimage","url":"https:\/\/blogs.udima.es\/administracion-y-direccion-de-empresas\/images_book\/p012-01.png","contentUrl":"https:\/\/blogs.udima.es\/administracion-y-direccion-de-empresas\/images_book\/p012-01.png"},{"@type":"BreadcrumbList","@id":"https:\/\/blogs.udima.es\/administracion-y-direccion-de-empresas\/prologo-p1-htm\/#breadcrumb","itemListElement":[{"@type":"ListItem","position":1,"name":"Portada","item":"https:\/\/blogs.udima.es\/administracion-y-direccion-de-empresas\/"},{"@type":"ListItem","position":2,"name":"Introducci\u00f3n"}]},{"@type":"WebSite","@id":"https:\/\/blogs.udima.es\/administracion-y-direccion-de-empresas\/#website","url":"https:\/\/blogs.udima.es\/administracion-y-direccion-de-empresas\/","name":"Blog de ADE - Universidad a Distancia de Madrid | UDIMA","description":"","potentialAction":[{"@type":"SearchAction","target":{"@type":"EntryPoint","urlTemplate":"https:\/\/blogs.udima.es\/administracion-y-direccion-de-empresas\/?s={search_term_string}"},"query-input":"required name=search_term_string"}],"inLanguage":"es"}]}},"_links":{"self":[{"href":"https:\/\/blogs.udima.es\/administracion-y-direccion-de-empresas\/wp-json\/wp\/v2\/pages\/1791"}],"collection":[{"href":"https:\/\/blogs.udima.es\/administracion-y-direccion-de-empresas\/wp-json\/wp\/v2\/pages"}],"about":[{"href":"https:\/\/blogs.udima.es\/administracion-y-direccion-de-empresas\/wp-json\/wp\/v2\/types\/page"}],"author":[{"embeddable":true,"href":"https:\/\/blogs.udima.es\/administracion-y-direccion-de-empresas\/wp-json\/wp\/v2\/users\/27"}],"replies":[{"embeddable":true,"href":"https:\/\/blogs.udima.es\/administracion-y-direccion-de-empresas\/wp-json\/wp\/v2\/comments?post=1791"}],"version-history":[{"count":8,"href":"https:\/\/blogs.udima.es\/administracion-y-direccion-de-empresas\/wp-json\/wp\/v2\/pages\/1791\/revisions"}],"predecessor-version":[{"id":1834,"href":"https:\/\/blogs.udima.es\/administracion-y-direccion-de-empresas\/wp-json\/wp\/v2\/pages\/1791\/revisions\/1834"}],"wp:attachment":[{"href":"https:\/\/blogs.udima.es\/administracion-y-direccion-de-empresas\/wp-json\/wp\/v2\/media?parent=1791"}],"curies":[{"name":"wp","href":"https:\/\/api.w.org\/{rel}","templated":true}]}}