{"id":1788,"date":"2016-07-05T08:50:09","date_gmt":"2016-07-05T08:50:09","guid":{"rendered":"http:\/\/blogs.udima.es\/administracion-y-direccion-de-empresas\/?page_id=1788"},"modified":"2017-10-31T11:34:17","modified_gmt":"2017-10-31T11:34:17","slug":"operaciones-financieras-html","status":"publish","type":"page","link":"https:\/\/blogs.udima.es\/administracion-y-direccion-de-empresas\/operaciones-financieras-html\/","title":{"rendered":"Operaciones Financieras"},"content":{"rendered":"<p>Este libro trata de una recopilaci\u00f3n de las operaciones financieras agrupadas en cinco grandes \u00e1reas, muy interrelacionadas entre ellas, pero al mismo tiempo con rasgos particulares: capitalizaci\u00f3n, rentas, pr\u00e9stamos, empr\u00e9stitos y valores mobiliarios.<\/p>\n<p>El enfoque pretendido ha sido el de combinar el rigor de las operaciones con planteamientos pr\u00e1cticos que huyen de los desarrollos matem\u00e1ticos complejos, dando especial importancia a la resoluci\u00f3n de supuestos pr\u00e1cticos.<\/p>\n<p>La obra va dirigida a personas que en su trabajo necesitan conocimientos financieros, as\u00ed como a alumnos de Formaci\u00f3n Profesional de la rama administrativa, universitarios y opositores que tienen que superar alg\u00fan ejercicio de operaciones financieras.<\/p>\n<p><strong>\u00cdndice<\/strong><\/p>\n<ul>\n<li><a href=\"https:\/\/blogs.udima.es\/administracion-y-direccion-de-empresas\/Prologo-P1.htm\">Introducci\u00f3n<\/a><\/li>\n<li><a href=\"https:\/\/blogs.udima.es\/administracion-y-direccion-de-empresas\/Capitalizacion-Simple-P3.htm\">CAP\u00cdTULO 1. Capitalizaci\u00f3n simple<\/a><\/li>\n<li><a href=\"https:\/\/blogs.udima.es\/administracion-y-direccion-de-empresas\/Capitalizacion-Compuesta-P4.htm\">CAP\u00cdTULO 2. Capitalizaci\u00f3n compuesta<\/a><\/li>\n<li><a href=\"https:\/\/blogs.udima.es\/administracion-y-direccion-de-empresas\/Rentas-P5.htm\">CAP\u00cdTULO 3. Rentas<\/a><\/li>\n<li><a href=\"https:\/\/blogs.udima.es\/administracion-y-direccion-de-empresas\/Prestamos-P6.htm\">CAP\u00cdTULO 4. Pr\u00e9stamos<\/a><\/li>\n<li><a href=\"https:\/\/blogs.udima.es\/administracion-y-direccion-de-empresas\/Emprestitos-P7.htm\">CAP\u00cdTULO 5. Empr\u00e9stitos<\/a><\/li>\n<li><a href=\"https:\/\/blogs.udima.es\/administracion-y-direccion-de-empresas\/Valores-Mobiliarios-P8.htm\">CAP\u00cdTULO 6. Valores mobiliarios<\/a><\/li>\n<\/ul>\n","protected":false},"excerpt":{"rendered":"<p>Este libro trata de una recopilaci\u00f3n de las operaciones financieras agrupadas en cinco grandes \u00e1reas, muy interrelacionadas entre ellas, pero al mismo tiempo con rasgos particulares: capitalizaci\u00f3n, rentas, pr\u00e9stamos, empr\u00e9stitos y valores mobiliarios. El enfoque pretendido ha sido el de combinar el rigor de las operaciones con planteamientos pr\u00e1cticos que huyen de los desarrollos matem\u00e1ticos [&hellip;]<\/p>\n","protected":false},"author":27,"featured_media":0,"parent":0,"menu_order":1000,"comment_status":"closed","ping_status":"closed","template":"","meta":{"footnotes":""},"yoast_head":"<!-- This site is optimized with the Yoast SEO plugin v22.9 - https:\/\/yoast.com\/wordpress\/plugins\/seo\/ -->\n<title>Operaciones Financieras - Blog de ADE<\/title>\n<meta name=\"robots\" content=\"index, follow, max-snippet:-1, max-image-preview:large, max-video-preview:-1\" \/>\n<link rel=\"canonical\" href=\"https:\/\/blogs.udima.es\/administracion-y-direccion-de-empresas\/operaciones-financieras-html\/\" \/>\n<meta property=\"og:locale\" content=\"es_ES\" \/>\n<meta property=\"og:type\" content=\"article\" \/>\n<meta property=\"og:title\" content=\"Operaciones Financieras - Blog de ADE\" \/>\n<meta property=\"og:description\" content=\"Este libro trata de una recopilaci\u00f3n de las operaciones financieras agrupadas en cinco grandes \u00e1reas, muy interrelacionadas entre ellas, pero al mismo tiempo con rasgos particulares: capitalizaci\u00f3n, rentas, pr\u00e9stamos, empr\u00e9stitos y valores mobiliarios. El enfoque pretendido ha sido el de combinar el rigor de las operaciones con planteamientos pr\u00e1cticos que huyen de los desarrollos matem\u00e1ticos [&hellip;]\" \/>\n<meta property=\"og:url\" content=\"https:\/\/blogs.udima.es\/administracion-y-direccion-de-empresas\/operaciones-financieras-html\/\" \/>\n<meta property=\"og:site_name\" content=\"Blog de ADE - Universidad a Distancia de Madrid | UDIMA\" \/>\n<meta property=\"article:modified_time\" content=\"2017-10-31T11:34:17+00:00\" \/>\n<meta name=\"twitter:card\" content=\"summary_large_image\" \/>\n<meta name=\"twitter:label1\" content=\"Tiempo de lectura\" \/>\n\t<meta name=\"twitter:data1\" content=\"1 minuto\" \/>\n<script type=\"application\/ld+json\" class=\"yoast-schema-graph\">{\"@context\":\"https:\/\/schema.org\",\"@graph\":[{\"@type\":\"WebPage\",\"@id\":\"https:\/\/blogs.udima.es\/administracion-y-direccion-de-empresas\/operaciones-financieras-html\/\",\"url\":\"https:\/\/blogs.udima.es\/administracion-y-direccion-de-empresas\/operaciones-financieras-html\/\",\"name\":\"Operaciones Financieras - Blog de ADE\",\"isPartOf\":{\"@id\":\"https:\/\/blogs.udima.es\/administracion-y-direccion-de-empresas\/#website\"},\"datePublished\":\"2016-07-05T08:50:09+00:00\",\"dateModified\":\"2017-10-31T11:34:17+00:00\",\"breadcrumb\":{\"@id\":\"https:\/\/blogs.udima.es\/administracion-y-direccion-de-empresas\/operaciones-financieras-html\/#breadcrumb\"},\"inLanguage\":\"es\",\"potentialAction\":[{\"@type\":\"ReadAction\",\"target\":[\"https:\/\/blogs.udima.es\/administracion-y-direccion-de-empresas\/operaciones-financieras-html\/\"]}]},{\"@type\":\"BreadcrumbList\",\"@id\":\"https:\/\/blogs.udima.es\/administracion-y-direccion-de-empresas\/operaciones-financieras-html\/#breadcrumb\",\"itemListElement\":[{\"@type\":\"ListItem\",\"position\":1,\"name\":\"Portada\",\"item\":\"https:\/\/blogs.udima.es\/administracion-y-direccion-de-empresas\/\"},{\"@type\":\"ListItem\",\"position\":2,\"name\":\"Operaciones Financieras\"}]},{\"@type\":\"WebSite\",\"@id\":\"https:\/\/blogs.udima.es\/administracion-y-direccion-de-empresas\/#website\",\"url\":\"https:\/\/blogs.udima.es\/administracion-y-direccion-de-empresas\/\",\"name\":\"Blog de ADE - Universidad a Distancia de Madrid | UDIMA\",\"description\":\"\",\"potentialAction\":[{\"@type\":\"SearchAction\",\"target\":{\"@type\":\"EntryPoint\",\"urlTemplate\":\"https:\/\/blogs.udima.es\/administracion-y-direccion-de-empresas\/?s={search_term_string}\"},\"query-input\":\"required name=search_term_string\"}],\"inLanguage\":\"es\"}]}<\/script>\n<!-- \/ Yoast SEO plugin. -->","yoast_head_json":{"title":"Operaciones Financieras - Blog de ADE","robots":{"index":"index","follow":"follow","max-snippet":"max-snippet:-1","max-image-preview":"max-image-preview:large","max-video-preview":"max-video-preview:-1"},"canonical":"https:\/\/blogs.udima.es\/administracion-y-direccion-de-empresas\/operaciones-financieras-html\/","og_locale":"es_ES","og_type":"article","og_title":"Operaciones Financieras - Blog de ADE","og_description":"Este libro trata de una recopilaci\u00f3n de las operaciones financieras agrupadas en cinco grandes \u00e1reas, muy interrelacionadas entre ellas, pero al mismo tiempo con rasgos particulares: capitalizaci\u00f3n, rentas, pr\u00e9stamos, empr\u00e9stitos y valores mobiliarios. El enfoque pretendido ha sido el de combinar el rigor de las operaciones con planteamientos pr\u00e1cticos que huyen de los desarrollos matem\u00e1ticos [&hellip;]","og_url":"https:\/\/blogs.udima.es\/administracion-y-direccion-de-empresas\/operaciones-financieras-html\/","og_site_name":"Blog de ADE - Universidad a Distancia de Madrid | UDIMA","article_modified_time":"2017-10-31T11:34:17+00:00","twitter_card":"summary_large_image","twitter_misc":{"Tiempo de lectura":"1 minuto"},"schema":{"@context":"https:\/\/schema.org","@graph":[{"@type":"WebPage","@id":"https:\/\/blogs.udima.es\/administracion-y-direccion-de-empresas\/operaciones-financieras-html\/","url":"https:\/\/blogs.udima.es\/administracion-y-direccion-de-empresas\/operaciones-financieras-html\/","name":"Operaciones Financieras - Blog de ADE","isPartOf":{"@id":"https:\/\/blogs.udima.es\/administracion-y-direccion-de-empresas\/#website"},"datePublished":"2016-07-05T08:50:09+00:00","dateModified":"2017-10-31T11:34:17+00:00","breadcrumb":{"@id":"https:\/\/blogs.udima.es\/administracion-y-direccion-de-empresas\/operaciones-financieras-html\/#breadcrumb"},"inLanguage":"es","potentialAction":[{"@type":"ReadAction","target":["https:\/\/blogs.udima.es\/administracion-y-direccion-de-empresas\/operaciones-financieras-html\/"]}]},{"@type":"BreadcrumbList","@id":"https:\/\/blogs.udima.es\/administracion-y-direccion-de-empresas\/operaciones-financieras-html\/#breadcrumb","itemListElement":[{"@type":"ListItem","position":1,"name":"Portada","item":"https:\/\/blogs.udima.es\/administracion-y-direccion-de-empresas\/"},{"@type":"ListItem","position":2,"name":"Operaciones Financieras"}]},{"@type":"WebSite","@id":"https:\/\/blogs.udima.es\/administracion-y-direccion-de-empresas\/#website","url":"https:\/\/blogs.udima.es\/administracion-y-direccion-de-empresas\/","name":"Blog de ADE - Universidad a Distancia de Madrid | UDIMA","description":"","potentialAction":[{"@type":"SearchAction","target":{"@type":"EntryPoint","urlTemplate":"https:\/\/blogs.udima.es\/administracion-y-direccion-de-empresas\/?s={search_term_string}"},"query-input":"required name=search_term_string"}],"inLanguage":"es"}]}},"_links":{"self":[{"href":"https:\/\/blogs.udima.es\/administracion-y-direccion-de-empresas\/wp-json\/wp\/v2\/pages\/1788"}],"collection":[{"href":"https:\/\/blogs.udima.es\/administracion-y-direccion-de-empresas\/wp-json\/wp\/v2\/pages"}],"about":[{"href":"https:\/\/blogs.udima.es\/administracion-y-direccion-de-empresas\/wp-json\/wp\/v2\/types\/page"}],"author":[{"embeddable":true,"href":"https:\/\/blogs.udima.es\/administracion-y-direccion-de-empresas\/wp-json\/wp\/v2\/users\/27"}],"replies":[{"embeddable":true,"href":"https:\/\/blogs.udima.es\/administracion-y-direccion-de-empresas\/wp-json\/wp\/v2\/comments?post=1788"}],"version-history":[{"count":5,"href":"https:\/\/blogs.udima.es\/administracion-y-direccion-de-empresas\/wp-json\/wp\/v2\/pages\/1788\/revisions"}],"predecessor-version":[{"id":2469,"href":"https:\/\/blogs.udima.es\/administracion-y-direccion-de-empresas\/wp-json\/wp\/v2\/pages\/1788\/revisions\/2469"}],"wp:attachment":[{"href":"https:\/\/blogs.udima.es\/administracion-y-direccion-de-empresas\/wp-json\/wp\/v2\/media?parent=1788"}],"curies":[{"name":"wp","href":"https:\/\/api.w.org\/{rel}","templated":true}]}}