{"id":1072,"date":"2010-12-30T08:22:34","date_gmt":"2010-12-30T08:22:34","guid":{"rendered":"http:\/\/www.adeudima.com\/?page_id=240"},"modified":"2010-12-30T08:22:34","modified_gmt":"2010-12-30T08:22:34","slug":"1-concepto-y-estructura-del-sistema-tecnico","status":"publish","type":"page","link":"https:\/\/blogs.udima.es\/administracion-y-direccion-de-empresas\/libros\/introduccion-a-la-organizacion-de-empresas-2\/unidad-didactica-3-analisis-economico-del-sistema-tecnico-de-la-empresa\/1-concepto-y-estructura-del-sistema-tecnico\/","title":{"rendered":"1. Concepto y estructura del sistema t\u00e9cnico"},"content":{"rendered":"<p>Como ya es sabido, las aportaciones originarias  sobre la teor\u00eda de  la empresa se han acotado com\u00fanmente al \u00e1mbito productivo o  t\u00e9cnico,  dada su imbricaci\u00f3n como unidad productiva. La evoluci\u00f3n de los   paradigmas econ\u00f3micos ha incluido en el seno de este planteamiento la  realidad  financiera, es decir, la empresa como unidad financiera,  agente principal del  sistema capitalista, de la econom\u00eda de mercado.  Todas estas perspectivas sirven  para generar el marco de an\u00e1lisis  funcional de la empresa aplicando el  diagn\u00f3stico de las diferentes  \u00e1reas funcionales que componen el sistema  t\u00e9cnico.<\/p>\n<p>De esta forma, cabe dejar constancia del concepto y  caracter\u00edsticas  de este sistema de una manera sint\u00e9tica con el fin de facilitar  el  alcance y dimensi\u00f3n de este t\u00e9rmino (v\u00e9ase figura 1). As\u00ed, el sistema   t\u00e9cnico se definir\u00eda como el \u00abconjunto de procesos, m\u00e9todos, tecnolog\u00edas  e nstrumentos que permiten desarrollar la producci\u00f3n econ\u00f3mica de  bienes y  servicios\u00bb, que resulta de la observaci\u00f3n de los procesos de  transformaci\u00f3n del  valor dentro de la organizaci\u00f3n utilizando para ello  una tecnolog\u00eda y un  conjunto de operaciones (circulaci\u00f3n f\u00edsica y  financiera).<\/p>\n<table border=\"0\" cellspacing=\"0\" cellpadding=\"5\" width=\"90%\" align=\"center\">\n<tbody>\n<tr>\n<td colspan=\"2\">\n<div>Figura 1. Concepto y caracter\u00edsticas del sistema t\u00e9cnico<\/div>\n<\/td>\n<\/tr>\n<tr>\n<td valign=\"top\"><strong>Concepto<\/strong><\/td>\n<td valign=\"top\">Conjunto de procesos, m\u00e9todos y  tecnolog\u00edas e    instrumentos que permiten desarrollar la producci\u00f3n  econ\u00f3mica de bienes y    servicios.<\/td>\n<\/tr>\n<tr>\n<td valign=\"top\"><strong>Objetivo<\/strong><\/td>\n<td valign=\"top\">Eficiencia t\u00e9cnico-econ\u00f3mica (relaciones    entradas\/salidas).<\/td>\n<\/tr>\n<tr>\n<td valign=\"top\"><strong>Aspecto    dominante<\/strong><\/td>\n<td valign=\"top\">Tecnolog\u00eda y operaciones de transformaci\u00f3n de    valor (en t\u00e9rminos reales y monetarios).<\/td>\n<\/tr>\n<tr>\n<td valign=\"top\"><strong>Enfoque    de an\u00e1lisis<\/strong><\/td>\n<td valign=\"top\">Interdiciplinar.<br \/>\nCuantitativo (modelos).<\/td>\n<\/tr>\n<tr>\n<td valign=\"top\"><strong>T\u00e9cnicas    aplicadas<\/strong><\/td>\n<td valign=\"top\">Estudios de tiempos y movimientos.<br \/>\nDise\u00f1o y programaci\u00f3n de tareas.<br \/>\nModelos econ\u00f3micos y m\u00e9todos cuantitativos.<\/td>\n<\/tr>\n<tr>\n<td valign=\"top\"><strong>Papel    de los datos y juicios de valor<\/strong><\/td>\n<td valign=\"top\">Datos cuantitativos (de car\u00e1cter t\u00e9cnico-econ\u00f3mico    y financieros).<br \/>\nMenor confianza en los factores subjetivos y    cualitativos.<\/td>\n<\/tr>\n<tr>\n<td valign=\"top\"><strong>Programas    de investigaci\u00f3n<\/strong><\/td>\n<td valign=\"top\">Programa econ\u00f3mico-normativo.<br \/>\nPrograma decisional.<br \/>\nPrograma sist\u00e9mico.<\/td>\n<\/tr>\n<tr>\n<td colspan=\"2\">\n<div><strong>Fuente:<\/strong> <em>Bueno y Valero (1985)<\/em><\/div>\n<\/td>\n<\/tr>\n<\/tbody>\n<\/table>\n<p>Por tanto, el prop\u00f3sito que pretende este sistema es  la consecuci\u00f3n  de una eficiencia t\u00e9cnico-econ\u00f3mica maximizada, cuyo resultado  puede  ser medido en t\u00e9rminos de productividad o ratios de eficiencia (entradas   de factores y salidas de productos), relaciones <em>input-output<\/em>,  a trav\u00e9s  de indicadores basados en unidades f\u00edsicas o monetarias, es  decir, obteniendo  tasas de rentabilidad donde identificar el retorno  generado en un horizonte  temporal concreto respecto de la inversi\u00f3n  realizada.<\/p>\n<p>As\u00ed, en la figura 2 se exponen los ratios m\u00e1s  comunes que se  utilizan para medir la mencionada productividad y rentabilidad  dentro  del contexto de las organizaciones. Con relaci\u00f3n a la primera se   distinguen a su vez dos categor\u00edas: una parcial y otra global. En el  primer  caso, se manejan generalmente dos tipos de ratios seg\u00fan la  naturaleza de la  variable de medida, a saber:<\/p>\n<ul>\n<li>Productividad  o rendimiento t\u00e9cnico de cada factor, es decir,  unidades f\u00edsicas o t\u00e9cnicas  equivalentes de producci\u00f3n obtenida (en  virtud de diferentes unidades de medida  (metros cuadrados, metros  c\u00fabicos, vatios, etc.) con relaci\u00f3n a las unidades  f\u00edsicas utilizadas  (horas de trabajo, personal, consumos, etc.).<\/li>\n<li>Productividad o rendimiento econ\u00f3mico de cada factor, lo  que  supone identificar el valor a\u00f1adido o coste total de la producci\u00f3n o  ventas  efectuadas teniendo en cuenta las unidades f\u00edsicas de factores  empleados (puntos  de venta, horas de trabajo, oficinas, etc.).<\/li>\n<\/ul>\n<table border=\"0\" cellspacing=\"0\" cellpadding=\"5\" width=\"90%\" align=\"center\">\n<tbody>\n<tr>\n<td colspan=\"3\">\n<div>Figura 2. Ratios de productividad y de rentabilidad<\/div>\n<\/td>\n<\/tr>\n<tr>\n<td>\n<div><strong>Productividad<\/strong><\/div>\n<\/td>\n<td>\n<div><strong>Ratios<\/strong><\/div>\n<\/td>\n<td>\n<div><strong>Clases de medidas <\/strong><\/div>\n<\/td>\n<\/tr>\n<tr>\n<td valign=\"top\">Parcial o de los factores<\/td>\n<td valign=\"top\"><\/td>\n<td valign=\"top\"><\/td>\n<\/tr>\n<tr>\n<td valign=\"top\">\u2022\u00a0\u00a0 Rendimiento t\u00e9cnico<\/td>\n<td valign=\"top\">Ptf\u00a0 =\u00a0\u00a0 Cantidad f\u00edsica de producto\/Cantidad    f\u00edsica de factor (F)<\/td>\n<td valign=\"top\">Unidades t\u00e9cnicas<\/td>\n<\/tr>\n<tr>\n<td valign=\"top\">\u2022\u00a0\u00a0 Rendimiento econ\u00f3mico<\/td>\n<td valign=\"top\">Pef\u00a0 =\u00a0 Valor de la producci\u00f3n\/Cantidad f\u00edsica de    factor (F)<\/td>\n<td valign=\"top\">Valor a\u00f1adido<br \/>\nCoste    total<br \/>\nVentas<\/td>\n<\/tr>\n<tr>\n<td valign=\"top\">\n<div>Global (excedente de<br \/>\nproductividad global)<\/div>\n<\/td>\n<td valign=\"top\"><\/td>\n<td rowspan=\"3\" valign=\"top\">V\u00a0 =\u00a0    Variaci\u00f3n entre 2 periodos<br \/>\nQf\u00a0 =\u00a0    Cantidad de un factor<br \/>\nPf\u00a0 =\u00a0    Precio de un factor<br \/>\nQp\u00a0 =\u00a0    Cantidad de un producto<br \/>\nPp\u00a0 =\u00a0    Precio de un producto<br \/>\nR\u00a0 =\u00a0    Resultado de un periodo<\/td>\n<\/tr>\n<tr>\n<td valign=\"top\">\u2022\u00a0\u00a0 Variaci\u00f3n en cantidades<\/td>\n<td valign=\"top\">EPGq\u00a0 =\u00a0 VQp \u00a0\u2013\u00a0 VQf<\/td>\n<\/tr>\n<tr>\n<td valign=\"top\">\u2022\u00a0\u00a0 Variaci\u00f3n en precios<\/td>\n<td valign=\"top\">EPGp\u00a0 =\u00a0 \u2013 VPp\u00a0    +\u00a0 VPf\u00a0 +\u00a0 VR<br \/>\nEPGq\u00a0 =\u00a0\u00a0    EPGp<\/td>\n<\/tr>\n<tr>\n<td valign=\"top\">\n<div><strong>Rentabilidad<\/strong><\/div>\n<\/td>\n<td valign=\"top\"><\/td>\n<td valign=\"top\"><\/td>\n<\/tr>\n<tr>\n<td valign=\"top\">Rentabilidad    econ\u00f3mica de la inversi\u00f3n<\/td>\n<td valign=\"top\">ROI\u00a0 =\u00a0    Beneficio de la explotaci\u00f3n\/Inversi\u00f3n\u00a0    =\u00a0 BAII\/I<br \/>\nROA\u00a0 =\u00a0    Beneficio de la explotaci\u00f3n\/Activo total neto\u00a0 =\u00a0    BAII\/ATN<\/td>\n<td valign=\"top\">ROI\u00a0 =\u00a0    Return on investment<br \/>\nROA\u00a0 =\u00a0    Return on assets<br \/>\nBAII\u00a0 =\u00a0    Beneficio antes de intereses e impuestos<\/td>\n<\/tr>\n<tr>\n<td valign=\"top\">Rentabilidad econ\u00f3mica de las ventas (margen de    ventas)<\/td>\n<td valign=\"top\">ROS\u00a0 =\u00a0 MV\u00a0 =    \u00a0BAII\/Ventas<\/td>\n<td valign=\"top\">ROS\u00a0 =\u00a0    Return on sales<\/td>\n<\/tr>\n<tr>\n<td valign=\"top\">Rentabilidad financiera<\/td>\n<td valign=\"top\">ROE\u00a0 =    Beneficio neto de la empresa\/Fondos propios\u00a0    =\u00a0 BN\/FP<\/td>\n<td valign=\"top\">ROE\u00a0 =\u00a0    Return on equity<br \/>\nBN\u00a0 =\u00a0    Beneficio despu\u00e9s de intereses e impuestos<\/td>\n<\/tr>\n<\/tbody>\n<\/table>\n<p>Por su parte, la productividad global se vincula con  el excedente  neto obtenido en dos periodos consecutivos basado en cantidades de   productos y factores, eso s\u00ed, teniendo en cuenta una valoraci\u00f3n seg\u00fan  los  precios del a\u00f1o anterior. Las variaciones de este excedente pueden   diagnosticarse dentro del marco de la cuenta de p\u00e9rdidas y ganancias   (cantidades y precios) teniendo que ser iguales a las variaciones de  precios y  factores m\u00e1s la variaci\u00f3n de los resultados, obteniendo un  modelo de suma cero,  dado que lo que para un \u00edtem es una ganancia para  el otro es una aplicaci\u00f3n  (Mart\u00ednez Vilches y Rodr\u00edguez Ant\u00f3n, 1992).<\/p>\n<table border=\"0\" cellspacing=\"0\" cellpadding=\"5\" align=\"center\">\n<tbody>\n<tr>\n<td>\n<div>\n<p>EPG\u00a0 =\u00a0 VQp\u00a0  \u2013\u00a0 VQf\u00a0 =\u00a0 \u2013 VPp\u00a0 +\u00a0  VPf\u00a0 +\u00a0 VR<\/p>\n<\/div>\n<\/td>\n<\/tr>\n<\/tbody>\n<\/table>\n<p>Con relaci\u00f3n a la rentabilidad se suelen usar tres  ratios en virtud  del concepto con el que se establece la comparaci\u00f3n, es decir,   inversi\u00f3n (ROI) o activo total neto (ROA), ventas (ROS) o fondos propios  (ROE).  El planteamiento de los tres primeros evidencian la  rentabilidad econ\u00f3mica de  la compa\u00f1\u00eda, lo que implica la utilizaci\u00f3n  del beneficio neto de la explotaci\u00f3n  antes de introducir la variable de  intereses e impuestos, mientras que en el  caso de los fondos propios  (capital m\u00e1s reservas) se cuenta el beneficio neto  con los impuestos e  intereses deducidos, siendo as\u00ed una medida de la  rentabilidad  financiera de la empresa.<\/p>\n<p>Estas m\u00e9tricas sobre la eficiencia t\u00e9cnico-econ\u00f3mica  de este  sistema son \u00fatiles con matizaciones en cada uno de los subsistemas de   la empresa. En la figura 3 se exponen los cuatro \u00e1mbitos o sistemas  funcionales  que componen el proceso de transformaci\u00f3n de valor de las  organizaciones donde  el flujo comienza en una inversi\u00f3n dineraria que  se realiza para la obtenci\u00f3n o  desarrollo de una serie de activos con  el fin de crear una oferta de productos  o servicios.<\/p>\n<table border=\"0\" cellspacing=\"0\" cellpadding=\"5\" align=\"center\">\n<tbody>\n<tr>\n<td>\n<div>Figura 3. Estructura del sistema t\u00e9cnico de la empresa<\/div>\n<\/td>\n<\/tr>\n<tr>\n<td>\n<div><a href=\"https:\/\/blogs.udima.es\/administracion-y-direccion-de-empresas\/wp-content\/uploads\/03_01_01.jpg\"><img loading=\"lazy\" decoding=\"async\" class=\"aligncenter size-full wp-image-241\" title=\"03_01_01\" src=\"https:\/\/blogs.udima.es\/administracion-y-direccion-de-empresas\/wp-content\/uploads\/03_01_01.jpg\" alt=\"\" width=\"482\" height=\"342\" \/><\/a><\/div>\n<\/td>\n<\/tr>\n<\/tbody>\n<\/table>\n","protected":false},"excerpt":{"rendered":"<p>Como ya es sabido, las aportaciones originarias sobre la teor\u00eda de la empresa se han acotado com\u00fanmente al \u00e1mbito productivo o t\u00e9cnico, dada su imbricaci\u00f3n como unidad productiva. La evoluci\u00f3n de los paradigmas econ\u00f3micos ha incluido en el seno de este planteamiento la realidad financiera, es decir, la empresa como unidad financiera, agente principal del [&hellip;]<\/p>\n","protected":false},"author":2,"featured_media":0,"parent":1071,"menu_order":2,"comment_status":"open","ping_status":"open","template":"","meta":{"footnotes":""},"yoast_head":"<!-- This site is optimized with the Yoast SEO plugin v22.9 - https:\/\/yoast.com\/wordpress\/plugins\/seo\/ -->\n<title>1. Concepto y estructura del sistema t\u00e9cnico - Blog de ADE<\/title>\n<meta name=\"robots\" content=\"index, follow, max-snippet:-1, max-image-preview:large, max-video-preview:-1\" \/>\n<link rel=\"canonical\" href=\"https:\/\/blogs.udima.es\/administracion-y-direccion-de-empresas\/libros\/introduccion-a-la-organizacion-de-empresas-2\/unidad-didactica-3-analisis-economico-del-sistema-tecnico-de-la-empresa\/1-concepto-y-estructura-del-sistema-tecnico\/\" \/>\n<meta property=\"og:locale\" content=\"es_ES\" \/>\n<meta property=\"og:type\" content=\"article\" \/>\n<meta property=\"og:title\" content=\"1. Concepto y estructura del sistema t\u00e9cnico - Blog de ADE\" \/>\n<meta property=\"og:description\" content=\"Como ya es sabido, las aportaciones originarias sobre la teor\u00eda de la empresa se han acotado com\u00fanmente al \u00e1mbito productivo o t\u00e9cnico, dada su imbricaci\u00f3n como unidad productiva. La evoluci\u00f3n de los paradigmas econ\u00f3micos ha incluido en el seno de este planteamiento la realidad financiera, es decir, la empresa como unidad financiera, agente principal del [&hellip;]\" \/>\n<meta property=\"og:url\" content=\"https:\/\/blogs.udima.es\/administracion-y-direccion-de-empresas\/libros\/introduccion-a-la-organizacion-de-empresas-2\/unidad-didactica-3-analisis-economico-del-sistema-tecnico-de-la-empresa\/1-concepto-y-estructura-del-sistema-tecnico\/\" \/>\n<meta property=\"og:site_name\" content=\"Blog de ADE - Universidad a Distancia de Madrid | UDIMA\" \/>\n<meta property=\"og:image\" content=\"https:\/\/blogs.udima.es\/administracion-y-direccion-de-empresas\/wp-content\/uploads\/03_01_01.jpg\" \/>\n<meta name=\"twitter:card\" content=\"summary_large_image\" \/>\n<meta name=\"twitter:label1\" content=\"Tiempo de lectura\" \/>\n\t<meta name=\"twitter:data1\" content=\"5 minutos\" \/>\n<script type=\"application\/ld+json\" class=\"yoast-schema-graph\">{\"@context\":\"https:\/\/schema.org\",\"@graph\":[{\"@type\":\"WebPage\",\"@id\":\"https:\/\/blogs.udima.es\/administracion-y-direccion-de-empresas\/libros\/introduccion-a-la-organizacion-de-empresas-2\/unidad-didactica-3-analisis-economico-del-sistema-tecnico-de-la-empresa\/1-concepto-y-estructura-del-sistema-tecnico\/\",\"url\":\"https:\/\/blogs.udima.es\/administracion-y-direccion-de-empresas\/libros\/introduccion-a-la-organizacion-de-empresas-2\/unidad-didactica-3-analisis-economico-del-sistema-tecnico-de-la-empresa\/1-concepto-y-estructura-del-sistema-tecnico\/\",\"name\":\"1. Concepto y estructura del sistema t\u00e9cnico - Blog de ADE\",\"isPartOf\":{\"@id\":\"https:\/\/blogs.udima.es\/administracion-y-direccion-de-empresas\/#website\"},\"primaryImageOfPage\":{\"@id\":\"https:\/\/blogs.udima.es\/administracion-y-direccion-de-empresas\/libros\/introduccion-a-la-organizacion-de-empresas-2\/unidad-didactica-3-analisis-economico-del-sistema-tecnico-de-la-empresa\/1-concepto-y-estructura-del-sistema-tecnico\/#primaryimage\"},\"image\":{\"@id\":\"https:\/\/blogs.udima.es\/administracion-y-direccion-de-empresas\/libros\/introduccion-a-la-organizacion-de-empresas-2\/unidad-didactica-3-analisis-economico-del-sistema-tecnico-de-la-empresa\/1-concepto-y-estructura-del-sistema-tecnico\/#primaryimage\"},\"thumbnailUrl\":\"https:\/\/blogs.udima.es\/administracion-y-direccion-de-empresas\/wp-content\/uploads\/03_01_01.jpg\",\"datePublished\":\"2010-12-30T08:22:34+00:00\",\"dateModified\":\"2010-12-30T08:22:34+00:00\",\"breadcrumb\":{\"@id\":\"https:\/\/blogs.udima.es\/administracion-y-direccion-de-empresas\/libros\/introduccion-a-la-organizacion-de-empresas-2\/unidad-didactica-3-analisis-economico-del-sistema-tecnico-de-la-empresa\/1-concepto-y-estructura-del-sistema-tecnico\/#breadcrumb\"},\"inLanguage\":\"es\",\"potentialAction\":[{\"@type\":\"ReadAction\",\"target\":[\"https:\/\/blogs.udima.es\/administracion-y-direccion-de-empresas\/libros\/introduccion-a-la-organizacion-de-empresas-2\/unidad-didactica-3-analisis-economico-del-sistema-tecnico-de-la-empresa\/1-concepto-y-estructura-del-sistema-tecnico\/\"]}]},{\"@type\":\"ImageObject\",\"inLanguage\":\"es\",\"@id\":\"https:\/\/blogs.udima.es\/administracion-y-direccion-de-empresas\/libros\/introduccion-a-la-organizacion-de-empresas-2\/unidad-didactica-3-analisis-economico-del-sistema-tecnico-de-la-empresa\/1-concepto-y-estructura-del-sistema-tecnico\/#primaryimage\",\"url\":\"https:\/\/blogs.udima.es\/administracion-y-direccion-de-empresas\/wp-content\/uploads\/03_01_01.jpg\",\"contentUrl\":\"https:\/\/blogs.udima.es\/administracion-y-direccion-de-empresas\/wp-content\/uploads\/03_01_01.jpg\",\"width\":482,\"height\":342},{\"@type\":\"BreadcrumbList\",\"@id\":\"https:\/\/blogs.udima.es\/administracion-y-direccion-de-empresas\/libros\/introduccion-a-la-organizacion-de-empresas-2\/unidad-didactica-3-analisis-economico-del-sistema-tecnico-de-la-empresa\/1-concepto-y-estructura-del-sistema-tecnico\/#breadcrumb\",\"itemListElement\":[{\"@type\":\"ListItem\",\"position\":1,\"name\":\"Portada\",\"item\":\"https:\/\/blogs.udima.es\/administracion-y-direccion-de-empresas\/\"},{\"@type\":\"ListItem\",\"position\":2,\"name\":\"Libros\",\"item\":\"https:\/\/blogs.udima.es\/administracion-y-direccion-de-empresas\/libros\/\"},{\"@type\":\"ListItem\",\"position\":3,\"name\":\"Introducci\u00f3n a la Organizaci\u00f3n de Empresas\",\"item\":\"https:\/\/blogs.udima.es\/administracion-y-direccion-de-empresas\/libros\/introduccion-a-la-organizacion-de-empresas-2\/\"},{\"@type\":\"ListItem\",\"position\":4,\"name\":\"Unidad did\u00e1ctica 3. An\u00e1lisis econ\u00f3mico del sistema t\u00e9cnico de la empresa\",\"item\":\"https:\/\/blogs.udima.es\/administracion-y-direccion-de-empresas\/libros\/introduccion-a-la-organizacion-de-empresas-2\/unidad-didactica-3-analisis-economico-del-sistema-tecnico-de-la-empresa\/\"},{\"@type\":\"ListItem\",\"position\":5,\"name\":\"1. Concepto y estructura del sistema t\u00e9cnico\"}]},{\"@type\":\"WebSite\",\"@id\":\"https:\/\/blogs.udima.es\/administracion-y-direccion-de-empresas\/#website\",\"url\":\"https:\/\/blogs.udima.es\/administracion-y-direccion-de-empresas\/\",\"name\":\"Blog de ADE - Universidad a Distancia de Madrid | UDIMA\",\"description\":\"\",\"potentialAction\":[{\"@type\":\"SearchAction\",\"target\":{\"@type\":\"EntryPoint\",\"urlTemplate\":\"https:\/\/blogs.udima.es\/administracion-y-direccion-de-empresas\/?s={search_term_string}\"},\"query-input\":\"required name=search_term_string\"}],\"inLanguage\":\"es\"}]}<\/script>\n<!-- \/ Yoast SEO plugin. -->","yoast_head_json":{"title":"1. Concepto y estructura del sistema t\u00e9cnico - Blog de ADE","robots":{"index":"index","follow":"follow","max-snippet":"max-snippet:-1","max-image-preview":"max-image-preview:large","max-video-preview":"max-video-preview:-1"},"canonical":"https:\/\/blogs.udima.es\/administracion-y-direccion-de-empresas\/libros\/introduccion-a-la-organizacion-de-empresas-2\/unidad-didactica-3-analisis-economico-del-sistema-tecnico-de-la-empresa\/1-concepto-y-estructura-del-sistema-tecnico\/","og_locale":"es_ES","og_type":"article","og_title":"1. Concepto y estructura del sistema t\u00e9cnico - Blog de ADE","og_description":"Como ya es sabido, las aportaciones originarias sobre la teor\u00eda de la empresa se han acotado com\u00fanmente al \u00e1mbito productivo o t\u00e9cnico, dada su imbricaci\u00f3n como unidad productiva. La evoluci\u00f3n de los paradigmas econ\u00f3micos ha incluido en el seno de este planteamiento la realidad financiera, es decir, la empresa como unidad financiera, agente principal del [&hellip;]","og_url":"https:\/\/blogs.udima.es\/administracion-y-direccion-de-empresas\/libros\/introduccion-a-la-organizacion-de-empresas-2\/unidad-didactica-3-analisis-economico-del-sistema-tecnico-de-la-empresa\/1-concepto-y-estructura-del-sistema-tecnico\/","og_site_name":"Blog de ADE - Universidad a Distancia de Madrid | UDIMA","og_image":[{"url":"https:\/\/blogs.udima.es\/administracion-y-direccion-de-empresas\/wp-content\/uploads\/03_01_01.jpg"}],"twitter_card":"summary_large_image","twitter_misc":{"Tiempo de lectura":"5 minutos"},"schema":{"@context":"https:\/\/schema.org","@graph":[{"@type":"WebPage","@id":"https:\/\/blogs.udima.es\/administracion-y-direccion-de-empresas\/libros\/introduccion-a-la-organizacion-de-empresas-2\/unidad-didactica-3-analisis-economico-del-sistema-tecnico-de-la-empresa\/1-concepto-y-estructura-del-sistema-tecnico\/","url":"https:\/\/blogs.udima.es\/administracion-y-direccion-de-empresas\/libros\/introduccion-a-la-organizacion-de-empresas-2\/unidad-didactica-3-analisis-economico-del-sistema-tecnico-de-la-empresa\/1-concepto-y-estructura-del-sistema-tecnico\/","name":"1. Concepto y estructura del sistema t\u00e9cnico - Blog de ADE","isPartOf":{"@id":"https:\/\/blogs.udima.es\/administracion-y-direccion-de-empresas\/#website"},"primaryImageOfPage":{"@id":"https:\/\/blogs.udima.es\/administracion-y-direccion-de-empresas\/libros\/introduccion-a-la-organizacion-de-empresas-2\/unidad-didactica-3-analisis-economico-del-sistema-tecnico-de-la-empresa\/1-concepto-y-estructura-del-sistema-tecnico\/#primaryimage"},"image":{"@id":"https:\/\/blogs.udima.es\/administracion-y-direccion-de-empresas\/libros\/introduccion-a-la-organizacion-de-empresas-2\/unidad-didactica-3-analisis-economico-del-sistema-tecnico-de-la-empresa\/1-concepto-y-estructura-del-sistema-tecnico\/#primaryimage"},"thumbnailUrl":"https:\/\/blogs.udima.es\/administracion-y-direccion-de-empresas\/wp-content\/uploads\/03_01_01.jpg","datePublished":"2010-12-30T08:22:34+00:00","dateModified":"2010-12-30T08:22:34+00:00","breadcrumb":{"@id":"https:\/\/blogs.udima.es\/administracion-y-direccion-de-empresas\/libros\/introduccion-a-la-organizacion-de-empresas-2\/unidad-didactica-3-analisis-economico-del-sistema-tecnico-de-la-empresa\/1-concepto-y-estructura-del-sistema-tecnico\/#breadcrumb"},"inLanguage":"es","potentialAction":[{"@type":"ReadAction","target":["https:\/\/blogs.udima.es\/administracion-y-direccion-de-empresas\/libros\/introduccion-a-la-organizacion-de-empresas-2\/unidad-didactica-3-analisis-economico-del-sistema-tecnico-de-la-empresa\/1-concepto-y-estructura-del-sistema-tecnico\/"]}]},{"@type":"ImageObject","inLanguage":"es","@id":"https:\/\/blogs.udima.es\/administracion-y-direccion-de-empresas\/libros\/introduccion-a-la-organizacion-de-empresas-2\/unidad-didactica-3-analisis-economico-del-sistema-tecnico-de-la-empresa\/1-concepto-y-estructura-del-sistema-tecnico\/#primaryimage","url":"https:\/\/blogs.udima.es\/administracion-y-direccion-de-empresas\/wp-content\/uploads\/03_01_01.jpg","contentUrl":"https:\/\/blogs.udima.es\/administracion-y-direccion-de-empresas\/wp-content\/uploads\/03_01_01.jpg","width":482,"height":342},{"@type":"BreadcrumbList","@id":"https:\/\/blogs.udima.es\/administracion-y-direccion-de-empresas\/libros\/introduccion-a-la-organizacion-de-empresas-2\/unidad-didactica-3-analisis-economico-del-sistema-tecnico-de-la-empresa\/1-concepto-y-estructura-del-sistema-tecnico\/#breadcrumb","itemListElement":[{"@type":"ListItem","position":1,"name":"Portada","item":"https:\/\/blogs.udima.es\/administracion-y-direccion-de-empresas\/"},{"@type":"ListItem","position":2,"name":"Libros","item":"https:\/\/blogs.udima.es\/administracion-y-direccion-de-empresas\/libros\/"},{"@type":"ListItem","position":3,"name":"Introducci\u00f3n a la Organizaci\u00f3n de Empresas","item":"https:\/\/blogs.udima.es\/administracion-y-direccion-de-empresas\/libros\/introduccion-a-la-organizacion-de-empresas-2\/"},{"@type":"ListItem","position":4,"name":"Unidad did\u00e1ctica 3. An\u00e1lisis econ\u00f3mico del sistema t\u00e9cnico de la empresa","item":"https:\/\/blogs.udima.es\/administracion-y-direccion-de-empresas\/libros\/introduccion-a-la-organizacion-de-empresas-2\/unidad-didactica-3-analisis-economico-del-sistema-tecnico-de-la-empresa\/"},{"@type":"ListItem","position":5,"name":"1. Concepto y estructura del sistema t\u00e9cnico"}]},{"@type":"WebSite","@id":"https:\/\/blogs.udima.es\/administracion-y-direccion-de-empresas\/#website","url":"https:\/\/blogs.udima.es\/administracion-y-direccion-de-empresas\/","name":"Blog de ADE - Universidad a Distancia de Madrid | UDIMA","description":"","potentialAction":[{"@type":"SearchAction","target":{"@type":"EntryPoint","urlTemplate":"https:\/\/blogs.udima.es\/administracion-y-direccion-de-empresas\/?s={search_term_string}"},"query-input":"required name=search_term_string"}],"inLanguage":"es"}]}},"_links":{"self":[{"href":"https:\/\/blogs.udima.es\/administracion-y-direccion-de-empresas\/wp-json\/wp\/v2\/pages\/1072"}],"collection":[{"href":"https:\/\/blogs.udima.es\/administracion-y-direccion-de-empresas\/wp-json\/wp\/v2\/pages"}],"about":[{"href":"https:\/\/blogs.udima.es\/administracion-y-direccion-de-empresas\/wp-json\/wp\/v2\/types\/page"}],"author":[{"embeddable":true,"href":"https:\/\/blogs.udima.es\/administracion-y-direccion-de-empresas\/wp-json\/wp\/v2\/users\/2"}],"replies":[{"embeddable":true,"href":"https:\/\/blogs.udima.es\/administracion-y-direccion-de-empresas\/wp-json\/wp\/v2\/comments?post=1072"}],"version-history":[{"count":0,"href":"https:\/\/blogs.udima.es\/administracion-y-direccion-de-empresas\/wp-json\/wp\/v2\/pages\/1072\/revisions"}],"up":[{"embeddable":true,"href":"https:\/\/blogs.udima.es\/administracion-y-direccion-de-empresas\/wp-json\/wp\/v2\/pages\/1071"}],"wp:attachment":[{"href":"https:\/\/blogs.udima.es\/administracion-y-direccion-de-empresas\/wp-json\/wp\/v2\/media?parent=1072"}],"curies":[{"name":"wp","href":"https:\/\/api.w.org\/{rel}","templated":true}]}}