{"id":1070,"date":"2010-12-29T09:21:00","date_gmt":"2010-12-29T09:21:00","guid":{"rendered":"http:\/\/www.adeudima.com\/?page_id=223"},"modified":"2010-12-29T09:21:00","modified_gmt":"2010-12-29T09:21:00","slug":"referencias-bibliograficas","status":"publish","type":"page","link":"https:\/\/blogs.udima.es\/administracion-y-direccion-de-empresas\/libros\/introduccion-a-la-organizacion-de-empresas-2\/unidad-didactica-2-el-sistema-de-direccion-y-organizacion-principios-y-modelos-organizativos\/referencias-bibliograficas\/","title":{"rendered":"REFERENCIAS BIBLIOGR\u00c1FICAS"},"content":{"rendered":"<p><strong>B\u00e1sica<\/strong><\/p>\n<p>BUENO,  E.: <em>Curso b\u00e1sico de Econom\u00eda de la Empresa. Un  enfoque de organizaci\u00f3n<\/em>, 5.\u00aa ed., Madrid: Pir\u00e1mide,\u00a0 2004.<\/p>\n<p>BUENO,  E.: <em>Organizaci\u00f3n de Empresas. Estructura, procesos y modelos<\/em>, 2.\u00aa ed.,  Madrid: Pir\u00e1mide, 2007.<\/p>\n<p><strong>Avanzada<\/strong><\/p>\n<p>ANSOFF,  H.I.: <em>Corporate strategy<\/em>, New    York: McGraw-Hill, 1965.<\/p>\n<p>BUENO,  E.: <em>Direcci\u00f3n estrat\u00e9gica de la empresa. Metodolog\u00eda, t\u00e9cnicas y casos<\/em>,  3.\u00aa ed., Madrid: Pir\u00e1mide, 1991.<\/p>\n<p>BUENO,  E., CRUZ, I., DUR\u00c1N, J.: <em>Econom\u00eda de la empresa. An\u00e1lisis de las decisiones  empresariales,<\/em> 14.\u00aa ed., Madrid: Pir\u00e1mide, 1991.<\/p>\n<p>BUENO,  E., VALERO, F.J.: <em>Los subsistemas de la organizaci\u00f3n<\/em>, Madrid: Documentos  IADE, n.\u00ba 2, UAM, 1985.<\/p>\n<p>KAST,  F.E., ROSENZWEIG, J.E.: <em>Administraci\u00f3n en las organizaciones: un enfoque de  sistemas<\/em>, M\u00e9xico: McGraw-Hill (primera versi\u00f3n en ingl\u00e9s de 1974), 1979.<\/p>\n<p>KOONTZ,  H., WEIHRICH, H.: <em>Administraci\u00f3n<\/em>, 9.\u00aa ed., M\u00e9xico: McGraw-Hill, (primera  versi\u00f3n en ingl\u00e9s de 1988), 1991.<\/p>\n<p>MARGULIES,  N., RAIA, A.P.: <em>Conceptual formulation of organizations development<\/em>, New York: McGraw-Hill,  1978<strong><\/strong><\/p>\n<p>MINTZBERG, H.: <em>La estructuraci\u00f3n de las  organizaciones<\/em>, Barcelona: Ariel, (primera versi\u00f3n en ingl\u00e9s de 1979),  1984.<\/p>\n<p>ROBBINS,  S.P.: <em>Administraci\u00f3n, te\u00f3rica y pr\u00e1ctica<\/em>, M\u00e9xico: Prentice  Hall-Hispanoamericana, (primera versi\u00f3n en ingl\u00e9s de 1984), 1987.<\/p>\n<p>SIMON, H.A.: <em>El comportamiento administrativo<\/em>,  Madrid: Aguilar, (primera versi\u00f3n en ingl\u00e9s de 1957), 1964.<\/p>\n","protected":false},"excerpt":{"rendered":"<p>B\u00e1sica BUENO, E.: Curso b\u00e1sico de Econom\u00eda de la Empresa. Un enfoque de organizaci\u00f3n, 5.\u00aa ed., Madrid: Pir\u00e1mide,\u00a0 2004. BUENO, E.: Organizaci\u00f3n de Empresas. Estructura, procesos y modelos, 2.\u00aa ed., Madrid: Pir\u00e1mide, 2007. Avanzada ANSOFF, H.I.: Corporate strategy, New York: McGraw-Hill, 1965. BUENO, E.: Direcci\u00f3n estrat\u00e9gica de la empresa. Metodolog\u00eda, t\u00e9cnicas y casos, 3.\u00aa ed., [&hellip;]<\/p>\n","protected":false},"author":2,"featured_media":0,"parent":1051,"menu_order":0,"comment_status":"open","ping_status":"open","template":"","meta":{"footnotes":""},"yoast_head":"<!-- This site is optimized with the Yoast SEO plugin v22.9 - https:\/\/yoast.com\/wordpress\/plugins\/seo\/ -->\n<title>REFERENCIAS BIBLIOGR\u00c1FICAS - Blog de ADE<\/title>\n<meta name=\"robots\" content=\"index, follow, max-snippet:-1, max-image-preview:large, max-video-preview:-1\" \/>\n<link rel=\"canonical\" href=\"https:\/\/blogs.udima.es\/administracion-y-direccion-de-empresas\/libros\/introduccion-a-la-organizacion-de-empresas-2\/unidad-didactica-2-el-sistema-de-direccion-y-organizacion-principios-y-modelos-organizativos\/referencias-bibliograficas\/\" \/>\n<meta property=\"og:locale\" content=\"es_ES\" \/>\n<meta property=\"og:type\" content=\"article\" \/>\n<meta property=\"og:title\" content=\"REFERENCIAS BIBLIOGR\u00c1FICAS - Blog de ADE\" \/>\n<meta property=\"og:description\" content=\"B\u00e1sica BUENO, E.: Curso b\u00e1sico de Econom\u00eda de la Empresa. Un enfoque de organizaci\u00f3n, 5.\u00aa ed., Madrid: Pir\u00e1mide,\u00a0 2004. BUENO, E.: Organizaci\u00f3n de Empresas. Estructura, procesos y modelos, 2.\u00aa ed., Madrid: Pir\u00e1mide, 2007. Avanzada ANSOFF, H.I.: Corporate strategy, New York: McGraw-Hill, 1965. BUENO, E.: Direcci\u00f3n estrat\u00e9gica de la empresa. Metodolog\u00eda, t\u00e9cnicas y casos, 3.\u00aa ed., [&hellip;]\" \/>\n<meta property=\"og:url\" content=\"https:\/\/blogs.udima.es\/administracion-y-direccion-de-empresas\/libros\/introduccion-a-la-organizacion-de-empresas-2\/unidad-didactica-2-el-sistema-de-direccion-y-organizacion-principios-y-modelos-organizativos\/referencias-bibliograficas\/\" \/>\n<meta property=\"og:site_name\" content=\"Blog de ADE - Universidad a Distancia de Madrid | UDIMA\" \/>\n<meta name=\"twitter:card\" content=\"summary_large_image\" \/>\n<meta name=\"twitter:label1\" content=\"Tiempo de lectura\" \/>\n\t<meta name=\"twitter:data1\" content=\"1 minuto\" \/>\n<script type=\"application\/ld+json\" class=\"yoast-schema-graph\">{\"@context\":\"https:\/\/schema.org\",\"@graph\":[{\"@type\":\"WebPage\",\"@id\":\"https:\/\/blogs.udima.es\/administracion-y-direccion-de-empresas\/libros\/introduccion-a-la-organizacion-de-empresas-2\/unidad-didactica-2-el-sistema-de-direccion-y-organizacion-principios-y-modelos-organizativos\/referencias-bibliograficas\/\",\"url\":\"https:\/\/blogs.udima.es\/administracion-y-direccion-de-empresas\/libros\/introduccion-a-la-organizacion-de-empresas-2\/unidad-didactica-2-el-sistema-de-direccion-y-organizacion-principios-y-modelos-organizativos\/referencias-bibliograficas\/\",\"name\":\"REFERENCIAS BIBLIOGR\u00c1FICAS - Blog de ADE\",\"isPartOf\":{\"@id\":\"https:\/\/blogs.udima.es\/administracion-y-direccion-de-empresas\/#website\"},\"datePublished\":\"2010-12-29T09:21:00+00:00\",\"dateModified\":\"2010-12-29T09:21:00+00:00\",\"breadcrumb\":{\"@id\":\"https:\/\/blogs.udima.es\/administracion-y-direccion-de-empresas\/libros\/introduccion-a-la-organizacion-de-empresas-2\/unidad-didactica-2-el-sistema-de-direccion-y-organizacion-principios-y-modelos-organizativos\/referencias-bibliograficas\/#breadcrumb\"},\"inLanguage\":\"es\",\"potentialAction\":[{\"@type\":\"ReadAction\",\"target\":[\"https:\/\/blogs.udima.es\/administracion-y-direccion-de-empresas\/libros\/introduccion-a-la-organizacion-de-empresas-2\/unidad-didactica-2-el-sistema-de-direccion-y-organizacion-principios-y-modelos-organizativos\/referencias-bibliograficas\/\"]}]},{\"@type\":\"BreadcrumbList\",\"@id\":\"https:\/\/blogs.udima.es\/administracion-y-direccion-de-empresas\/libros\/introduccion-a-la-organizacion-de-empresas-2\/unidad-didactica-2-el-sistema-de-direccion-y-organizacion-principios-y-modelos-organizativos\/referencias-bibliograficas\/#breadcrumb\",\"itemListElement\":[{\"@type\":\"ListItem\",\"position\":1,\"name\":\"Portada\",\"item\":\"https:\/\/blogs.udima.es\/administracion-y-direccion-de-empresas\/\"},{\"@type\":\"ListItem\",\"position\":2,\"name\":\"Libros\",\"item\":\"https:\/\/blogs.udima.es\/administracion-y-direccion-de-empresas\/libros\/\"},{\"@type\":\"ListItem\",\"position\":3,\"name\":\"Introducci\u00f3n a la Organizaci\u00f3n de Empresas\",\"item\":\"https:\/\/blogs.udima.es\/administracion-y-direccion-de-empresas\/libros\/introduccion-a-la-organizacion-de-empresas-2\/\"},{\"@type\":\"ListItem\",\"position\":4,\"name\":\"Unidad did\u00e1ctica 2. El sistema de direcci\u00f3n y organizaci\u00f3n: principios y modelos organizativos\",\"item\":\"https:\/\/blogs.udima.es\/administracion-y-direccion-de-empresas\/libros\/introduccion-a-la-organizacion-de-empresas-2\/unidad-didactica-2-el-sistema-de-direccion-y-organizacion-principios-y-modelos-organizativos\/\"},{\"@type\":\"ListItem\",\"position\":5,\"name\":\"REFERENCIAS BIBLIOGR\u00c1FICAS\"}]},{\"@type\":\"WebSite\",\"@id\":\"https:\/\/blogs.udima.es\/administracion-y-direccion-de-empresas\/#website\",\"url\":\"https:\/\/blogs.udima.es\/administracion-y-direccion-de-empresas\/\",\"name\":\"Blog de ADE - Universidad a Distancia de Madrid | UDIMA\",\"description\":\"\",\"potentialAction\":[{\"@type\":\"SearchAction\",\"target\":{\"@type\":\"EntryPoint\",\"urlTemplate\":\"https:\/\/blogs.udima.es\/administracion-y-direccion-de-empresas\/?s={search_term_string}\"},\"query-input\":\"required name=search_term_string\"}],\"inLanguage\":\"es\"}]}<\/script>\n<!-- \/ Yoast SEO plugin. -->","yoast_head_json":{"title":"REFERENCIAS BIBLIOGR\u00c1FICAS - Blog de ADE","robots":{"index":"index","follow":"follow","max-snippet":"max-snippet:-1","max-image-preview":"max-image-preview:large","max-video-preview":"max-video-preview:-1"},"canonical":"https:\/\/blogs.udima.es\/administracion-y-direccion-de-empresas\/libros\/introduccion-a-la-organizacion-de-empresas-2\/unidad-didactica-2-el-sistema-de-direccion-y-organizacion-principios-y-modelos-organizativos\/referencias-bibliograficas\/","og_locale":"es_ES","og_type":"article","og_title":"REFERENCIAS BIBLIOGR\u00c1FICAS - Blog de ADE","og_description":"B\u00e1sica BUENO, E.: Curso b\u00e1sico de Econom\u00eda de la Empresa. Un enfoque de organizaci\u00f3n, 5.\u00aa ed., Madrid: Pir\u00e1mide,\u00a0 2004. BUENO, E.: Organizaci\u00f3n de Empresas. Estructura, procesos y modelos, 2.\u00aa ed., Madrid: Pir\u00e1mide, 2007. Avanzada ANSOFF, H.I.: Corporate strategy, New York: McGraw-Hill, 1965. BUENO, E.: Direcci\u00f3n estrat\u00e9gica de la empresa. Metodolog\u00eda, t\u00e9cnicas y casos, 3.\u00aa ed., [&hellip;]","og_url":"https:\/\/blogs.udima.es\/administracion-y-direccion-de-empresas\/libros\/introduccion-a-la-organizacion-de-empresas-2\/unidad-didactica-2-el-sistema-de-direccion-y-organizacion-principios-y-modelos-organizativos\/referencias-bibliograficas\/","og_site_name":"Blog de ADE - Universidad a Distancia de Madrid | UDIMA","twitter_card":"summary_large_image","twitter_misc":{"Tiempo de lectura":"1 minuto"},"schema":{"@context":"https:\/\/schema.org","@graph":[{"@type":"WebPage","@id":"https:\/\/blogs.udima.es\/administracion-y-direccion-de-empresas\/libros\/introduccion-a-la-organizacion-de-empresas-2\/unidad-didactica-2-el-sistema-de-direccion-y-organizacion-principios-y-modelos-organizativos\/referencias-bibliograficas\/","url":"https:\/\/blogs.udima.es\/administracion-y-direccion-de-empresas\/libros\/introduccion-a-la-organizacion-de-empresas-2\/unidad-didactica-2-el-sistema-de-direccion-y-organizacion-principios-y-modelos-organizativos\/referencias-bibliograficas\/","name":"REFERENCIAS BIBLIOGR\u00c1FICAS - Blog de ADE","isPartOf":{"@id":"https:\/\/blogs.udima.es\/administracion-y-direccion-de-empresas\/#website"},"datePublished":"2010-12-29T09:21:00+00:00","dateModified":"2010-12-29T09:21:00+00:00","breadcrumb":{"@id":"https:\/\/blogs.udima.es\/administracion-y-direccion-de-empresas\/libros\/introduccion-a-la-organizacion-de-empresas-2\/unidad-didactica-2-el-sistema-de-direccion-y-organizacion-principios-y-modelos-organizativos\/referencias-bibliograficas\/#breadcrumb"},"inLanguage":"es","potentialAction":[{"@type":"ReadAction","target":["https:\/\/blogs.udima.es\/administracion-y-direccion-de-empresas\/libros\/introduccion-a-la-organizacion-de-empresas-2\/unidad-didactica-2-el-sistema-de-direccion-y-organizacion-principios-y-modelos-organizativos\/referencias-bibliograficas\/"]}]},{"@type":"BreadcrumbList","@id":"https:\/\/blogs.udima.es\/administracion-y-direccion-de-empresas\/libros\/introduccion-a-la-organizacion-de-empresas-2\/unidad-didactica-2-el-sistema-de-direccion-y-organizacion-principios-y-modelos-organizativos\/referencias-bibliograficas\/#breadcrumb","itemListElement":[{"@type":"ListItem","position":1,"name":"Portada","item":"https:\/\/blogs.udima.es\/administracion-y-direccion-de-empresas\/"},{"@type":"ListItem","position":2,"name":"Libros","item":"https:\/\/blogs.udima.es\/administracion-y-direccion-de-empresas\/libros\/"},{"@type":"ListItem","position":3,"name":"Introducci\u00f3n a la Organizaci\u00f3n de Empresas","item":"https:\/\/blogs.udima.es\/administracion-y-direccion-de-empresas\/libros\/introduccion-a-la-organizacion-de-empresas-2\/"},{"@type":"ListItem","position":4,"name":"Unidad did\u00e1ctica 2. El sistema de direcci\u00f3n y organizaci\u00f3n: principios y modelos organizativos","item":"https:\/\/blogs.udima.es\/administracion-y-direccion-de-empresas\/libros\/introduccion-a-la-organizacion-de-empresas-2\/unidad-didactica-2-el-sistema-de-direccion-y-organizacion-principios-y-modelos-organizativos\/"},{"@type":"ListItem","position":5,"name":"REFERENCIAS BIBLIOGR\u00c1FICAS"}]},{"@type":"WebSite","@id":"https:\/\/blogs.udima.es\/administracion-y-direccion-de-empresas\/#website","url":"https:\/\/blogs.udima.es\/administracion-y-direccion-de-empresas\/","name":"Blog de ADE - Universidad a Distancia de Madrid | UDIMA","description":"","potentialAction":[{"@type":"SearchAction","target":{"@type":"EntryPoint","urlTemplate":"https:\/\/blogs.udima.es\/administracion-y-direccion-de-empresas\/?s={search_term_string}"},"query-input":"required name=search_term_string"}],"inLanguage":"es"}]}},"_links":{"self":[{"href":"https:\/\/blogs.udima.es\/administracion-y-direccion-de-empresas\/wp-json\/wp\/v2\/pages\/1070"}],"collection":[{"href":"https:\/\/blogs.udima.es\/administracion-y-direccion-de-empresas\/wp-json\/wp\/v2\/pages"}],"about":[{"href":"https:\/\/blogs.udima.es\/administracion-y-direccion-de-empresas\/wp-json\/wp\/v2\/types\/page"}],"author":[{"embeddable":true,"href":"https:\/\/blogs.udima.es\/administracion-y-direccion-de-empresas\/wp-json\/wp\/v2\/users\/2"}],"replies":[{"embeddable":true,"href":"https:\/\/blogs.udima.es\/administracion-y-direccion-de-empresas\/wp-json\/wp\/v2\/comments?post=1070"}],"version-history":[{"count":0,"href":"https:\/\/blogs.udima.es\/administracion-y-direccion-de-empresas\/wp-json\/wp\/v2\/pages\/1070\/revisions"}],"up":[{"embeddable":true,"href":"https:\/\/blogs.udima.es\/administracion-y-direccion-de-empresas\/wp-json\/wp\/v2\/pages\/1051"}],"wp:attachment":[{"href":"https:\/\/blogs.udima.es\/administracion-y-direccion-de-empresas\/wp-json\/wp\/v2\/media?parent=1070"}],"curies":[{"name":"wp","href":"https:\/\/api.w.org\/{rel}","templated":true}]}}