{"id":1069,"date":"2010-12-28T16:54:32","date_gmt":"2010-12-28T16:54:32","guid":{"rendered":"http:\/\/www.adeudima.com\/?page_id=150"},"modified":"2010-12-28T16:54:32","modified_gmt":"2010-12-28T16:54:32","slug":"objetivos-de-la-unidad-2","status":"publish","type":"page","link":"https:\/\/blogs.udima.es\/administracion-y-direccion-de-empresas\/libros\/introduccion-a-la-organizacion-de-empresas-2\/unidad-didactica-2-el-sistema-de-direccion-y-organizacion-principios-y-modelos-organizativos\/objetivos-de-la-unidad-2\/","title":{"rendered":"OBJETIVOS DE LA UNIDAD 2"},"content":{"rendered":"<p>En esta Unidad did\u00e1ctica se introduce el sistema de direcci\u00f3n y   organizaci\u00f3n de la empresa, es decir el proceso de direcci\u00f3n y la  funci\u00f3n  organizativa que permitir\u00e1 el gobierno efectivo y eficiente de  la empresa como  organizaci\u00f3n, coordinando y vertebrando las diferentes  funciones y actividades  de los subsistemas o \u00abaspectos\u00bb de aquella, es  decir: sistema t\u00e9cnico, con sus  componentes b\u00e1sicos, sistema humano,  sistema cultural y sistema pol\u00edtico o de  poder; ordenaci\u00f3n y relaci\u00f3n  que se lleva a cabo en torno del papel decisor y  estrat\u00e9gico del  \u00abaspecto\u00bb definido como sistema de direcci\u00f3n.<\/p>\n<p>Esta funci\u00f3n directiva en los momentos actuales  requiere de grandes  dosis de profesionalidad y nivel elevado de conocimientos  en un amplio  y diverso n\u00famero de enfoque, modelos, m\u00e9todos de an\u00e1lisis y  t\u00e9cnicas  de gesti\u00f3n, en coherencia con el contenido multidisciplinar de la  Organizaci\u00f3n de  Empresa. En concreto este sistema de direcci\u00f3n y  organizaci\u00f3n debe responder al  an\u00e1lisis y desarrollo de las tareas  directivas principales: planificar,  organizar, crear equipo, decidir,  coordinar, informar, programar, ejecutar y  controlar.<\/p>\n<p>En este sentido, en el ep\u00edgrafe primero se abordar\u00e1  el concepto y  estructura del sistema directivo de la empresa, con el fin de  llevar a  cabo la citada coordinaci\u00f3n y relaci\u00f3n de los diferentes \u00abaspectos\u00bb de   la organizaci\u00f3n con las funciones o tareas espec\u00edficas de la funci\u00f3n  directiva.  En el ep\u00edgrafe segundo se profundiza en el proceso de  direcci\u00f3n a trav\u00e9s del  estudio del conjunto de conceptos y actividades  que representan dicho proceso,  concretados en la propuesta de las \u00ab7P\u00bb  del <em>Management<\/em>.<\/p>\n<p>En el ep\u00edgrafe tercero se desarrolla, en particular,  una  introducci\u00f3n fundamental de la funci\u00f3n organizativa, una vez se efect\u00faa  un  an\u00e1lisis del \u00absistema de objetivos\u00bb o del \u00abmodelo teleol\u00f3gico\u00bb de la  empresa,  todo ello con el fin de entender el papel de los conceptos de  estructura y  comportamiento que explican la citada funci\u00f3n  organizativa.<\/p>\n<p>En el ep\u00edgrafe cuarto se abordan los principios  b\u00e1sicos que  permiten el dise\u00f1o de la estructura de organizaci\u00f3n para el   funcionamiento efectivo y eficiente de la empresa y el buen logro de los   objetivos planteados. En el ep\u00edgrafe quinto se introducen los modelos  b\u00e1sicos  de organizaci\u00f3n, en respuesta a la prevalencia de unos u otros  principios de  dise\u00f1o y a los requerimientos de la actividad econ\u00f3mica  de la empresa.  Principios y modelos organizativos que deber\u00e1n ser  objeto de un estudio y  an\u00e1lisis pormenorizado en otras obras  especializadas y avanzadas de Organizaci\u00f3n  de Empresas.<\/p>\n<p>Finalmente se recogen los conceptos b\u00e1sicos a  retener, las  actividades que permiten un mejor aprendizaje de los contenidos de  la  Unidad  did\u00e1ctica y la bibliograf\u00eda que facultar\u00e1 el estudio y  ampliaci\u00f3n de los  conocimientos relacionados con el tema de la Unidad.<\/p>\n<p>En definitiva, la Unidad did\u00e1ctica pretende introducir los   conceptos b\u00e1sicos que explican la funci\u00f3n y el \u00e1mbito de aplicaci\u00f3n del  sistema  de direcci\u00f3n y organizaci\u00f3n de la empresa, a trav\u00e9s de una  visi\u00f3n sist\u00e9mica y  pr\u00e1ctica de lo que representa en la econom\u00eda actual  el proceso de direcci\u00f3n y  la funci\u00f3n organizativa de las empresas.<\/p>\n","protected":false},"excerpt":{"rendered":"<p>En esta Unidad did\u00e1ctica se introduce el sistema de direcci\u00f3n y organizaci\u00f3n de la empresa, es decir el proceso de direcci\u00f3n y la funci\u00f3n organizativa que permitir\u00e1 el gobierno efectivo y eficiente de la empresa como organizaci\u00f3n, coordinando y vertebrando las diferentes funciones y actividades de los subsistemas o \u00abaspectos\u00bb de aquella, es decir: sistema [&hellip;]<\/p>\n","protected":false},"author":2,"featured_media":0,"parent":1051,"menu_order":0,"comment_status":"open","ping_status":"open","template":"","meta":{"footnotes":""},"yoast_head":"<!-- This site is optimized with the Yoast SEO plugin v22.9 - https:\/\/yoast.com\/wordpress\/plugins\/seo\/ -->\n<title>OBJETIVOS DE LA UNIDAD 2 - Blog de ADE<\/title>\n<meta name=\"robots\" content=\"index, follow, max-snippet:-1, max-image-preview:large, max-video-preview:-1\" \/>\n<link rel=\"canonical\" href=\"https:\/\/blogs.udima.es\/administracion-y-direccion-de-empresas\/libros\/introduccion-a-la-organizacion-de-empresas-2\/unidad-didactica-2-el-sistema-de-direccion-y-organizacion-principios-y-modelos-organizativos\/objetivos-de-la-unidad-2\/\" \/>\n<meta property=\"og:locale\" content=\"es_ES\" \/>\n<meta property=\"og:type\" content=\"article\" \/>\n<meta property=\"og:title\" content=\"OBJETIVOS DE LA UNIDAD 2 - Blog de ADE\" \/>\n<meta property=\"og:description\" content=\"En esta Unidad did\u00e1ctica se introduce el sistema de direcci\u00f3n y organizaci\u00f3n de la empresa, es decir el proceso de direcci\u00f3n y la funci\u00f3n organizativa que permitir\u00e1 el gobierno efectivo y eficiente de la empresa como organizaci\u00f3n, coordinando y vertebrando las diferentes funciones y actividades de los subsistemas o \u00abaspectos\u00bb de aquella, es decir: sistema [&hellip;]\" \/>\n<meta property=\"og:url\" content=\"https:\/\/blogs.udima.es\/administracion-y-direccion-de-empresas\/libros\/introduccion-a-la-organizacion-de-empresas-2\/unidad-didactica-2-el-sistema-de-direccion-y-organizacion-principios-y-modelos-organizativos\/objetivos-de-la-unidad-2\/\" \/>\n<meta property=\"og:site_name\" content=\"Blog de ADE - Universidad a Distancia de Madrid | UDIMA\" \/>\n<meta name=\"twitter:card\" content=\"summary_large_image\" \/>\n<meta name=\"twitter:label1\" content=\"Tiempo de lectura\" \/>\n\t<meta name=\"twitter:data1\" content=\"3 minutos\" \/>\n<script type=\"application\/ld+json\" class=\"yoast-schema-graph\">{\"@context\":\"https:\/\/schema.org\",\"@graph\":[{\"@type\":\"WebPage\",\"@id\":\"https:\/\/blogs.udima.es\/administracion-y-direccion-de-empresas\/libros\/introduccion-a-la-organizacion-de-empresas-2\/unidad-didactica-2-el-sistema-de-direccion-y-organizacion-principios-y-modelos-organizativos\/objetivos-de-la-unidad-2\/\",\"url\":\"https:\/\/blogs.udima.es\/administracion-y-direccion-de-empresas\/libros\/introduccion-a-la-organizacion-de-empresas-2\/unidad-didactica-2-el-sistema-de-direccion-y-organizacion-principios-y-modelos-organizativos\/objetivos-de-la-unidad-2\/\",\"name\":\"OBJETIVOS DE LA UNIDAD 2 - Blog de ADE\",\"isPartOf\":{\"@id\":\"https:\/\/blogs.udima.es\/administracion-y-direccion-de-empresas\/#website\"},\"datePublished\":\"2010-12-28T16:54:32+00:00\",\"dateModified\":\"2010-12-28T16:54:32+00:00\",\"breadcrumb\":{\"@id\":\"https:\/\/blogs.udima.es\/administracion-y-direccion-de-empresas\/libros\/introduccion-a-la-organizacion-de-empresas-2\/unidad-didactica-2-el-sistema-de-direccion-y-organizacion-principios-y-modelos-organizativos\/objetivos-de-la-unidad-2\/#breadcrumb\"},\"inLanguage\":\"es\",\"potentialAction\":[{\"@type\":\"ReadAction\",\"target\":[\"https:\/\/blogs.udima.es\/administracion-y-direccion-de-empresas\/libros\/introduccion-a-la-organizacion-de-empresas-2\/unidad-didactica-2-el-sistema-de-direccion-y-organizacion-principios-y-modelos-organizativos\/objetivos-de-la-unidad-2\/\"]}]},{\"@type\":\"BreadcrumbList\",\"@id\":\"https:\/\/blogs.udima.es\/administracion-y-direccion-de-empresas\/libros\/introduccion-a-la-organizacion-de-empresas-2\/unidad-didactica-2-el-sistema-de-direccion-y-organizacion-principios-y-modelos-organizativos\/objetivos-de-la-unidad-2\/#breadcrumb\",\"itemListElement\":[{\"@type\":\"ListItem\",\"position\":1,\"name\":\"Portada\",\"item\":\"https:\/\/blogs.udima.es\/administracion-y-direccion-de-empresas\/\"},{\"@type\":\"ListItem\",\"position\":2,\"name\":\"Libros\",\"item\":\"https:\/\/blogs.udima.es\/administracion-y-direccion-de-empresas\/libros\/\"},{\"@type\":\"ListItem\",\"position\":3,\"name\":\"Introducci\u00f3n a la Organizaci\u00f3n de Empresas\",\"item\":\"https:\/\/blogs.udima.es\/administracion-y-direccion-de-empresas\/libros\/introduccion-a-la-organizacion-de-empresas-2\/\"},{\"@type\":\"ListItem\",\"position\":4,\"name\":\"Unidad did\u00e1ctica 2. El sistema de direcci\u00f3n y organizaci\u00f3n: principios y modelos organizativos\",\"item\":\"https:\/\/blogs.udima.es\/administracion-y-direccion-de-empresas\/libros\/introduccion-a-la-organizacion-de-empresas-2\/unidad-didactica-2-el-sistema-de-direccion-y-organizacion-principios-y-modelos-organizativos\/\"},{\"@type\":\"ListItem\",\"position\":5,\"name\":\"OBJETIVOS DE LA UNIDAD 2\"}]},{\"@type\":\"WebSite\",\"@id\":\"https:\/\/blogs.udima.es\/administracion-y-direccion-de-empresas\/#website\",\"url\":\"https:\/\/blogs.udima.es\/administracion-y-direccion-de-empresas\/\",\"name\":\"Blog de ADE - Universidad a Distancia de Madrid | UDIMA\",\"description\":\"\",\"potentialAction\":[{\"@type\":\"SearchAction\",\"target\":{\"@type\":\"EntryPoint\",\"urlTemplate\":\"https:\/\/blogs.udima.es\/administracion-y-direccion-de-empresas\/?s={search_term_string}\"},\"query-input\":\"required name=search_term_string\"}],\"inLanguage\":\"es\"}]}<\/script>\n<!-- \/ Yoast SEO plugin. -->","yoast_head_json":{"title":"OBJETIVOS DE LA UNIDAD 2 - Blog de ADE","robots":{"index":"index","follow":"follow","max-snippet":"max-snippet:-1","max-image-preview":"max-image-preview:large","max-video-preview":"max-video-preview:-1"},"canonical":"https:\/\/blogs.udima.es\/administracion-y-direccion-de-empresas\/libros\/introduccion-a-la-organizacion-de-empresas-2\/unidad-didactica-2-el-sistema-de-direccion-y-organizacion-principios-y-modelos-organizativos\/objetivos-de-la-unidad-2\/","og_locale":"es_ES","og_type":"article","og_title":"OBJETIVOS DE LA UNIDAD 2 - Blog de ADE","og_description":"En esta Unidad did\u00e1ctica se introduce el sistema de direcci\u00f3n y organizaci\u00f3n de la empresa, es decir el proceso de direcci\u00f3n y la funci\u00f3n organizativa que permitir\u00e1 el gobierno efectivo y eficiente de la empresa como organizaci\u00f3n, coordinando y vertebrando las diferentes funciones y actividades de los subsistemas o \u00abaspectos\u00bb de aquella, es decir: sistema [&hellip;]","og_url":"https:\/\/blogs.udima.es\/administracion-y-direccion-de-empresas\/libros\/introduccion-a-la-organizacion-de-empresas-2\/unidad-didactica-2-el-sistema-de-direccion-y-organizacion-principios-y-modelos-organizativos\/objetivos-de-la-unidad-2\/","og_site_name":"Blog de ADE - Universidad a Distancia de Madrid | UDIMA","twitter_card":"summary_large_image","twitter_misc":{"Tiempo de lectura":"3 minutos"},"schema":{"@context":"https:\/\/schema.org","@graph":[{"@type":"WebPage","@id":"https:\/\/blogs.udima.es\/administracion-y-direccion-de-empresas\/libros\/introduccion-a-la-organizacion-de-empresas-2\/unidad-didactica-2-el-sistema-de-direccion-y-organizacion-principios-y-modelos-organizativos\/objetivos-de-la-unidad-2\/","url":"https:\/\/blogs.udima.es\/administracion-y-direccion-de-empresas\/libros\/introduccion-a-la-organizacion-de-empresas-2\/unidad-didactica-2-el-sistema-de-direccion-y-organizacion-principios-y-modelos-organizativos\/objetivos-de-la-unidad-2\/","name":"OBJETIVOS DE LA UNIDAD 2 - Blog de ADE","isPartOf":{"@id":"https:\/\/blogs.udima.es\/administracion-y-direccion-de-empresas\/#website"},"datePublished":"2010-12-28T16:54:32+00:00","dateModified":"2010-12-28T16:54:32+00:00","breadcrumb":{"@id":"https:\/\/blogs.udima.es\/administracion-y-direccion-de-empresas\/libros\/introduccion-a-la-organizacion-de-empresas-2\/unidad-didactica-2-el-sistema-de-direccion-y-organizacion-principios-y-modelos-organizativos\/objetivos-de-la-unidad-2\/#breadcrumb"},"inLanguage":"es","potentialAction":[{"@type":"ReadAction","target":["https:\/\/blogs.udima.es\/administracion-y-direccion-de-empresas\/libros\/introduccion-a-la-organizacion-de-empresas-2\/unidad-didactica-2-el-sistema-de-direccion-y-organizacion-principios-y-modelos-organizativos\/objetivos-de-la-unidad-2\/"]}]},{"@type":"BreadcrumbList","@id":"https:\/\/blogs.udima.es\/administracion-y-direccion-de-empresas\/libros\/introduccion-a-la-organizacion-de-empresas-2\/unidad-didactica-2-el-sistema-de-direccion-y-organizacion-principios-y-modelos-organizativos\/objetivos-de-la-unidad-2\/#breadcrumb","itemListElement":[{"@type":"ListItem","position":1,"name":"Portada","item":"https:\/\/blogs.udima.es\/administracion-y-direccion-de-empresas\/"},{"@type":"ListItem","position":2,"name":"Libros","item":"https:\/\/blogs.udima.es\/administracion-y-direccion-de-empresas\/libros\/"},{"@type":"ListItem","position":3,"name":"Introducci\u00f3n a la Organizaci\u00f3n de Empresas","item":"https:\/\/blogs.udima.es\/administracion-y-direccion-de-empresas\/libros\/introduccion-a-la-organizacion-de-empresas-2\/"},{"@type":"ListItem","position":4,"name":"Unidad did\u00e1ctica 2. El sistema de direcci\u00f3n y organizaci\u00f3n: principios y modelos organizativos","item":"https:\/\/blogs.udima.es\/administracion-y-direccion-de-empresas\/libros\/introduccion-a-la-organizacion-de-empresas-2\/unidad-didactica-2-el-sistema-de-direccion-y-organizacion-principios-y-modelos-organizativos\/"},{"@type":"ListItem","position":5,"name":"OBJETIVOS DE LA UNIDAD 2"}]},{"@type":"WebSite","@id":"https:\/\/blogs.udima.es\/administracion-y-direccion-de-empresas\/#website","url":"https:\/\/blogs.udima.es\/administracion-y-direccion-de-empresas\/","name":"Blog de ADE - Universidad a Distancia de Madrid | UDIMA","description":"","potentialAction":[{"@type":"SearchAction","target":{"@type":"EntryPoint","urlTemplate":"https:\/\/blogs.udima.es\/administracion-y-direccion-de-empresas\/?s={search_term_string}"},"query-input":"required name=search_term_string"}],"inLanguage":"es"}]}},"_links":{"self":[{"href":"https:\/\/blogs.udima.es\/administracion-y-direccion-de-empresas\/wp-json\/wp\/v2\/pages\/1069"}],"collection":[{"href":"https:\/\/blogs.udima.es\/administracion-y-direccion-de-empresas\/wp-json\/wp\/v2\/pages"}],"about":[{"href":"https:\/\/blogs.udima.es\/administracion-y-direccion-de-empresas\/wp-json\/wp\/v2\/types\/page"}],"author":[{"embeddable":true,"href":"https:\/\/blogs.udima.es\/administracion-y-direccion-de-empresas\/wp-json\/wp\/v2\/users\/2"}],"replies":[{"embeddable":true,"href":"https:\/\/blogs.udima.es\/administracion-y-direccion-de-empresas\/wp-json\/wp\/v2\/comments?post=1069"}],"version-history":[{"count":0,"href":"https:\/\/blogs.udima.es\/administracion-y-direccion-de-empresas\/wp-json\/wp\/v2\/pages\/1069\/revisions"}],"up":[{"embeddable":true,"href":"https:\/\/blogs.udima.es\/administracion-y-direccion-de-empresas\/wp-json\/wp\/v2\/pages\/1051"}],"wp:attachment":[{"href":"https:\/\/blogs.udima.es\/administracion-y-direccion-de-empresas\/wp-json\/wp\/v2\/media?parent=1069"}],"curies":[{"name":"wp","href":"https:\/\/api.w.org\/{rel}","templated":true}]}}