{"id":1051,"date":"2010-12-28T16:52:44","date_gmt":"2010-12-28T16:52:44","guid":{"rendered":"http:\/\/www.adeudima.com\/?page_id=144"},"modified":"2016-01-25T13:12:40","modified_gmt":"2016-01-25T13:12:40","slug":"unidad-didactica-2-el-sistema-de-direccion-y-organizacion-principios-y-modelos-organizativos","status":"publish","type":"page","link":"https:\/\/blogs.udima.es\/administracion-y-direccion-de-empresas\/libros\/introduccion-a-la-organizacion-de-empresas-2\/unidad-didactica-2-el-sistema-de-direccion-y-organizacion-principios-y-modelos-organizativos\/","title":{"rendered":"Unidad did\u00e1ctica 2. El sistema de direcci\u00f3n y organizaci\u00f3n: principios y modelos organizativos"},"content":{"rendered":"<p style=\"text-align: center;\"><strong>SUMARIO<\/strong><\/p>\n<p>DESARROLLO DE LA UNIDAD<\/p>\n<p><a href=\"https:\/\/blogs.udima.es\/administracion-y-direccion-de-empresas\/libros\/introduccion-a-la-organizacion-de-empresas-2\/unidad-didactica-2-el-sistema-de-direccion-y-organizacion-principios-y-modelos-organizativos\/1-introduccion-concepto-y-estructura-del-sistema-directivo\/\">1. Introducci\u00f3n: concepto y estructura del sistema directivo<\/a><br \/>\n<a href=\"https:\/\/blogs.udima.es\/administracion-y-direccion-de-empresas\/libros\/introduccion-a-la-organizacion-de-empresas-2\/unidad-didactica-2-el-sistema-de-direccion-y-organizacion-principios-y-modelos-organizativos\/2-el-proceso-de-direccion-de-la-empresa\/\">2. El proceso de direcci\u00f3n de la empresa<\/a><br \/>\n<a href=\"https:\/\/blogs.udima.es\/administracion-y-direccion-de-empresas\/libros\/introduccion-a-la-organizacion-de-empresas-2\/unidad-didactica-2-el-sistema-de-direccion-y-organizacion-principios-y-modelos-organizativos\/3-la-funcion-organizativa-estructura-y-comportamiento\/\">3. La funci\u00f3n organizativa: estructura y comportamiento<\/a><br \/>\n<a href=\"https:\/\/blogs.udima.es\/administracion-y-direccion-de-empresas\/libros\/introduccion-a-la-organizacion-de-empresas-2\/unidad-didactica-2-el-sistema-de-direccion-y-organizacion-principios-y-modelos-organizativos\/4-principios-basicos-de-diseno-organizativo\/\">4. Principios b\u00e1sicos de dise\u00f1o organizativo<\/a><br \/>\n<a href=\"https:\/\/blogs.udima.es\/administracion-y-direccion-de-empresas\/libros\/introduccion-a-la-organizacion-de-empresas-2\/unidad-didactica-2-el-sistema-de-direccion-y-organizacion-principios-y-modelos-organizativos\/5-modelos-basicos-de-organizacion\/\">5. Modelos b\u00e1sicos de organizaci\u00f3n<\/a><\/p>\n<p><a href=\"https:\/\/blogs.udima.es\/administracion-y-direccion-de-empresas\/libros\/introduccion-a-la-organizacion-de-empresas-2\/unidad-didactica-2-el-sistema-de-direccion-y-organizacion-principios-y-modelos-organizativos\/objetivos-de-la-unidad-2\/\">OBJETIVOS DE LA UNIDAD<\/a><\/p>\n<p><a href=\"https:\/\/blogs.udima.es\/administracion-y-direccion-de-empresas\/libros\/introduccion-a-la-organizacion-de-empresas-2\/unidad-didactica-2-el-sistema-de-direccion-y-organizacion-principios-y-modelos-organizativos\/conceptos-basicos-a-retener\/\">CONCEPTOS B\u00c1SICOS A RETENER<\/a><\/p>\n<p><a href=\"https:\/\/blogs.udima.es\/administracion-y-direccion-de-empresas\/libros\/introduccion-a-la-organizacion-de-empresas-2\/unidad-didactica-2-el-sistema-de-direccion-y-organizacion-principios-y-modelos-organizativos\/actividades-de-autocomprobacion\/\">ACTIVIDADES DE AUTOCOMPROBACI\u00d3N<\/a><\/p>\n<p><a href=\"https:\/\/blogs.udima.es\/administracion-y-direccion-de-empresas\/libros\/introduccion-a-la-organizacion-de-empresas-2\/unidad-didactica-2-el-sistema-de-direccion-y-organizacion-principios-y-modelos-organizativos\/referencias-bibliograficas\/\">REFERENCIAS BIBLIOGR\u00c1FICAS<\/a><\/p>\n<p>1 En la elaboraci\u00f3n de esta Unidad did\u00e1ctica ha colaborado Julio C. Acosta Prado (Investigador del Instituto Universitario de Investigaci\u00f3n IADE de la Universidad Aut\u00f3noma de Madrid).<\/p>\n","protected":false},"excerpt":{"rendered":"<p>SUMARIO DESARROLLO DE LA UNIDAD 1. Introducci\u00f3n: concepto y estructura del sistema directivo 2. El proceso de direcci\u00f3n de la empresa 3. La funci\u00f3n organizativa: estructura y comportamiento 4. Principios b\u00e1sicos de dise\u00f1o organizativo 5. Modelos b\u00e1sicos de organizaci\u00f3n OBJETIVOS DE LA UNIDAD CONCEPTOS B\u00c1SICOS A RETENER ACTIVIDADES DE AUTOCOMPROBACI\u00d3N REFERENCIAS BIBLIOGR\u00c1FICAS 1 En la [&hellip;]<\/p>\n","protected":false},"author":2,"featured_media":0,"parent":102,"menu_order":0,"comment_status":"open","ping_status":"open","template":"","meta":{"footnotes":""},"yoast_head":"<!-- This site is optimized with the Yoast SEO plugin v22.9 - https:\/\/yoast.com\/wordpress\/plugins\/seo\/ -->\n<title>Unidad did\u00e1ctica 2. El sistema de direcci\u00f3n y organizaci\u00f3n: principios y modelos organizativos - Blog de ADE<\/title>\n<meta name=\"robots\" content=\"index, follow, max-snippet:-1, max-image-preview:large, max-video-preview:-1\" \/>\n<link rel=\"canonical\" href=\"https:\/\/blogs.udima.es\/administracion-y-direccion-de-empresas\/libros\/introduccion-a-la-organizacion-de-empresas-2\/unidad-didactica-2-el-sistema-de-direccion-y-organizacion-principios-y-modelos-organizativos\/\" \/>\n<meta property=\"og:locale\" content=\"es_ES\" \/>\n<meta property=\"og:type\" content=\"article\" \/>\n<meta property=\"og:title\" content=\"Unidad did\u00e1ctica 2. El sistema de direcci\u00f3n y organizaci\u00f3n: principios y modelos organizativos - Blog de ADE\" \/>\n<meta property=\"og:description\" content=\"SUMARIO DESARROLLO DE LA UNIDAD 1. Introducci\u00f3n: concepto y estructura del sistema directivo 2. El proceso de direcci\u00f3n de la empresa 3. La funci\u00f3n organizativa: estructura y comportamiento 4. Principios b\u00e1sicos de dise\u00f1o organizativo 5. Modelos b\u00e1sicos de organizaci\u00f3n OBJETIVOS DE LA UNIDAD CONCEPTOS B\u00c1SICOS A RETENER ACTIVIDADES DE AUTOCOMPROBACI\u00d3N REFERENCIAS BIBLIOGR\u00c1FICAS 1 En la [&hellip;]\" \/>\n<meta property=\"og:url\" content=\"https:\/\/blogs.udima.es\/administracion-y-direccion-de-empresas\/libros\/introduccion-a-la-organizacion-de-empresas-2\/unidad-didactica-2-el-sistema-de-direccion-y-organizacion-principios-y-modelos-organizativos\/\" \/>\n<meta property=\"og:site_name\" content=\"Blog de ADE - Universidad a Distancia de Madrid | UDIMA\" \/>\n<meta property=\"article:modified_time\" content=\"2016-01-25T13:12:40+00:00\" \/>\n<meta name=\"twitter:card\" content=\"summary_large_image\" \/>\n<script type=\"application\/ld+json\" class=\"yoast-schema-graph\">{\"@context\":\"https:\/\/schema.org\",\"@graph\":[{\"@type\":\"WebPage\",\"@id\":\"https:\/\/blogs.udima.es\/administracion-y-direccion-de-empresas\/libros\/introduccion-a-la-organizacion-de-empresas-2\/unidad-didactica-2-el-sistema-de-direccion-y-organizacion-principios-y-modelos-organizativos\/\",\"url\":\"https:\/\/blogs.udima.es\/administracion-y-direccion-de-empresas\/libros\/introduccion-a-la-organizacion-de-empresas-2\/unidad-didactica-2-el-sistema-de-direccion-y-organizacion-principios-y-modelos-organizativos\/\",\"name\":\"Unidad did\u00e1ctica 2. El sistema de direcci\u00f3n y organizaci\u00f3n: principios y modelos organizativos - Blog de ADE\",\"isPartOf\":{\"@id\":\"https:\/\/blogs.udima.es\/administracion-y-direccion-de-empresas\/#website\"},\"datePublished\":\"2010-12-28T16:52:44+00:00\",\"dateModified\":\"2016-01-25T13:12:40+00:00\",\"breadcrumb\":{\"@id\":\"https:\/\/blogs.udima.es\/administracion-y-direccion-de-empresas\/libros\/introduccion-a-la-organizacion-de-empresas-2\/unidad-didactica-2-el-sistema-de-direccion-y-organizacion-principios-y-modelos-organizativos\/#breadcrumb\"},\"inLanguage\":\"es\",\"potentialAction\":[{\"@type\":\"ReadAction\",\"target\":[\"https:\/\/blogs.udima.es\/administracion-y-direccion-de-empresas\/libros\/introduccion-a-la-organizacion-de-empresas-2\/unidad-didactica-2-el-sistema-de-direccion-y-organizacion-principios-y-modelos-organizativos\/\"]}]},{\"@type\":\"BreadcrumbList\",\"@id\":\"https:\/\/blogs.udima.es\/administracion-y-direccion-de-empresas\/libros\/introduccion-a-la-organizacion-de-empresas-2\/unidad-didactica-2-el-sistema-de-direccion-y-organizacion-principios-y-modelos-organizativos\/#breadcrumb\",\"itemListElement\":[{\"@type\":\"ListItem\",\"position\":1,\"name\":\"Portada\",\"item\":\"https:\/\/blogs.udima.es\/administracion-y-direccion-de-empresas\/\"},{\"@type\":\"ListItem\",\"position\":2,\"name\":\"Libros\",\"item\":\"https:\/\/blogs.udima.es\/administracion-y-direccion-de-empresas\/libros\/\"},{\"@type\":\"ListItem\",\"position\":3,\"name\":\"Introducci\u00f3n a la Organizaci\u00f3n de Empresas\",\"item\":\"https:\/\/blogs.udima.es\/administracion-y-direccion-de-empresas\/libros\/introduccion-a-la-organizacion-de-empresas-2\/\"},{\"@type\":\"ListItem\",\"position\":4,\"name\":\"Unidad did\u00e1ctica 2. El sistema de direcci\u00f3n y organizaci\u00f3n: principios y modelos organizativos\"}]},{\"@type\":\"WebSite\",\"@id\":\"https:\/\/blogs.udima.es\/administracion-y-direccion-de-empresas\/#website\",\"url\":\"https:\/\/blogs.udima.es\/administracion-y-direccion-de-empresas\/\",\"name\":\"Blog de ADE - Universidad a Distancia de Madrid | UDIMA\",\"description\":\"\",\"potentialAction\":[{\"@type\":\"SearchAction\",\"target\":{\"@type\":\"EntryPoint\",\"urlTemplate\":\"https:\/\/blogs.udima.es\/administracion-y-direccion-de-empresas\/?s={search_term_string}\"},\"query-input\":\"required name=search_term_string\"}],\"inLanguage\":\"es\"}]}<\/script>\n<!-- \/ Yoast SEO plugin. -->","yoast_head_json":{"title":"Unidad did\u00e1ctica 2. El sistema de direcci\u00f3n y organizaci\u00f3n: principios y modelos organizativos - Blog de ADE","robots":{"index":"index","follow":"follow","max-snippet":"max-snippet:-1","max-image-preview":"max-image-preview:large","max-video-preview":"max-video-preview:-1"},"canonical":"https:\/\/blogs.udima.es\/administracion-y-direccion-de-empresas\/libros\/introduccion-a-la-organizacion-de-empresas-2\/unidad-didactica-2-el-sistema-de-direccion-y-organizacion-principios-y-modelos-organizativos\/","og_locale":"es_ES","og_type":"article","og_title":"Unidad did\u00e1ctica 2. El sistema de direcci\u00f3n y organizaci\u00f3n: principios y modelos organizativos - Blog de ADE","og_description":"SUMARIO DESARROLLO DE LA UNIDAD 1. Introducci\u00f3n: concepto y estructura del sistema directivo 2. El proceso de direcci\u00f3n de la empresa 3. La funci\u00f3n organizativa: estructura y comportamiento 4. Principios b\u00e1sicos de dise\u00f1o organizativo 5. Modelos b\u00e1sicos de organizaci\u00f3n OBJETIVOS DE LA UNIDAD CONCEPTOS B\u00c1SICOS A RETENER ACTIVIDADES DE AUTOCOMPROBACI\u00d3N REFERENCIAS BIBLIOGR\u00c1FICAS 1 En la [&hellip;]","og_url":"https:\/\/blogs.udima.es\/administracion-y-direccion-de-empresas\/libros\/introduccion-a-la-organizacion-de-empresas-2\/unidad-didactica-2-el-sistema-de-direccion-y-organizacion-principios-y-modelos-organizativos\/","og_site_name":"Blog de ADE - Universidad a Distancia de Madrid | UDIMA","article_modified_time":"2016-01-25T13:12:40+00:00","twitter_card":"summary_large_image","schema":{"@context":"https:\/\/schema.org","@graph":[{"@type":"WebPage","@id":"https:\/\/blogs.udima.es\/administracion-y-direccion-de-empresas\/libros\/introduccion-a-la-organizacion-de-empresas-2\/unidad-didactica-2-el-sistema-de-direccion-y-organizacion-principios-y-modelos-organizativos\/","url":"https:\/\/blogs.udima.es\/administracion-y-direccion-de-empresas\/libros\/introduccion-a-la-organizacion-de-empresas-2\/unidad-didactica-2-el-sistema-de-direccion-y-organizacion-principios-y-modelos-organizativos\/","name":"Unidad did\u00e1ctica 2. El sistema de direcci\u00f3n y organizaci\u00f3n: principios y modelos organizativos - Blog de ADE","isPartOf":{"@id":"https:\/\/blogs.udima.es\/administracion-y-direccion-de-empresas\/#website"},"datePublished":"2010-12-28T16:52:44+00:00","dateModified":"2016-01-25T13:12:40+00:00","breadcrumb":{"@id":"https:\/\/blogs.udima.es\/administracion-y-direccion-de-empresas\/libros\/introduccion-a-la-organizacion-de-empresas-2\/unidad-didactica-2-el-sistema-de-direccion-y-organizacion-principios-y-modelos-organizativos\/#breadcrumb"},"inLanguage":"es","potentialAction":[{"@type":"ReadAction","target":["https:\/\/blogs.udima.es\/administracion-y-direccion-de-empresas\/libros\/introduccion-a-la-organizacion-de-empresas-2\/unidad-didactica-2-el-sistema-de-direccion-y-organizacion-principios-y-modelos-organizativos\/"]}]},{"@type":"BreadcrumbList","@id":"https:\/\/blogs.udima.es\/administracion-y-direccion-de-empresas\/libros\/introduccion-a-la-organizacion-de-empresas-2\/unidad-didactica-2-el-sistema-de-direccion-y-organizacion-principios-y-modelos-organizativos\/#breadcrumb","itemListElement":[{"@type":"ListItem","position":1,"name":"Portada","item":"https:\/\/blogs.udima.es\/administracion-y-direccion-de-empresas\/"},{"@type":"ListItem","position":2,"name":"Libros","item":"https:\/\/blogs.udima.es\/administracion-y-direccion-de-empresas\/libros\/"},{"@type":"ListItem","position":3,"name":"Introducci\u00f3n a la Organizaci\u00f3n de Empresas","item":"https:\/\/blogs.udima.es\/administracion-y-direccion-de-empresas\/libros\/introduccion-a-la-organizacion-de-empresas-2\/"},{"@type":"ListItem","position":4,"name":"Unidad did\u00e1ctica 2. El sistema de direcci\u00f3n y organizaci\u00f3n: principios y modelos organizativos"}]},{"@type":"WebSite","@id":"https:\/\/blogs.udima.es\/administracion-y-direccion-de-empresas\/#website","url":"https:\/\/blogs.udima.es\/administracion-y-direccion-de-empresas\/","name":"Blog de ADE - Universidad a Distancia de Madrid | UDIMA","description":"","potentialAction":[{"@type":"SearchAction","target":{"@type":"EntryPoint","urlTemplate":"https:\/\/blogs.udima.es\/administracion-y-direccion-de-empresas\/?s={search_term_string}"},"query-input":"required name=search_term_string"}],"inLanguage":"es"}]}},"_links":{"self":[{"href":"https:\/\/blogs.udima.es\/administracion-y-direccion-de-empresas\/wp-json\/wp\/v2\/pages\/1051"}],"collection":[{"href":"https:\/\/blogs.udima.es\/administracion-y-direccion-de-empresas\/wp-json\/wp\/v2\/pages"}],"about":[{"href":"https:\/\/blogs.udima.es\/administracion-y-direccion-de-empresas\/wp-json\/wp\/v2\/types\/page"}],"author":[{"embeddable":true,"href":"https:\/\/blogs.udima.es\/administracion-y-direccion-de-empresas\/wp-json\/wp\/v2\/users\/2"}],"replies":[{"embeddable":true,"href":"https:\/\/blogs.udima.es\/administracion-y-direccion-de-empresas\/wp-json\/wp\/v2\/comments?post=1051"}],"version-history":[{"count":2,"href":"https:\/\/blogs.udima.es\/administracion-y-direccion-de-empresas\/wp-json\/wp\/v2\/pages\/1051\/revisions"}],"predecessor-version":[{"id":1656,"href":"https:\/\/blogs.udima.es\/administracion-y-direccion-de-empresas\/wp-json\/wp\/v2\/pages\/1051\/revisions\/1656"}],"up":[{"embeddable":true,"href":"https:\/\/blogs.udima.es\/administracion-y-direccion-de-empresas\/wp-json\/wp\/v2\/pages\/102"}],"wp:attachment":[{"href":"https:\/\/blogs.udima.es\/administracion-y-direccion-de-empresas\/wp-json\/wp\/v2\/media?parent=1051"}],"curies":[{"name":"wp","href":"https:\/\/api.w.org\/{rel}","templated":true}]}}