{"id":1050,"date":"2010-12-28T16:51:26","date_gmt":"2010-12-28T16:51:26","guid":{"rendered":"http:\/\/www.adeudima.com\/?page_id=139"},"modified":"2010-12-28T16:51:26","modified_gmt":"2010-12-28T16:51:26","slug":"referencias-bibliograficas","status":"publish","type":"page","link":"https:\/\/blogs.udima.es\/administracion-y-direccion-de-empresas\/libros\/introduccion-a-la-organizacion-de-empresas-2\/unidad-didactica-1-la-empresa-como-organizacion-los-sistemas-funcionales\/referencias-bibliograficas\/","title":{"rendered":"REFERENCIAS BIBLIOGR\u00c1FICAS"},"content":{"rendered":"<p><strong>B\u00e1sica<\/strong><\/p>\n<p>BUENO,  E.: <em>Curso b\u00e1sico de Econom\u00eda de la Empresa. Un enfoque de organizaci\u00f3n<\/em>, 5.\u00aa ed.,  Madrid: 2004.<\/p>\n<p>BUENO,  E.: <em>Organizaci\u00f3n de empresas. Estructura, procesos y modelos<\/em>, 2.\u00aa ed.,  Madrid: Pir\u00e1mide, 2007.<\/p>\n<p><strong>En  la red<\/strong><\/p>\n<p><a href=\"http:\/\/www.navactiva.com\/web\/es\/documentacion\/casos-practicos\/\" target=\"_blank\" rel=\"nofollow\">www.navactiva.com\/web\/es\/atic\/doc\/casospracticos\/<\/a><\/p>\n<p><strong>Avanzada<\/strong><sup>1<\/sup><\/p>\n<p>ARRU\u00d1ADA,  B.: <em>Econom\u00eda de la Empresa:  Un enfoque contractual<\/em>, Barcelona: Ariel, 1990.<\/p>\n<p>BUENO,  E.: <em>El sistema de informaci\u00f3n en la empresa<\/em>, Madrid: FIES, 1974.<\/p>\n<p>BUENO,  E; CRUZ, I; DUR\u00c1N, J.: <em>Econom\u00eda de la Empresa. An\u00e1lisis  de las decisiones empresariales<\/em>, 14.\u00aa ed., Madrid: Pir\u00e1mide, 1991.<\/p>\n<p>BUENO,  E; VALERO, F.J.: <em>Los subsistemas de la organizaci\u00f3n<\/em>, Madrid: Documento  IADE, n.\u00ba 1, 1985.<\/p>\n<p>COHEN,  K.J; CYERT, R.M.: <em>Econom\u00eda de Empresas (teor\u00eda de la firma),<\/em> Buenos  Aires: El Ateneo, 1973.<\/p>\n<p>MARCH,  J.G; SIMON, H.A.: <em>Teor\u00eda de la Organizaci\u00f3n<\/em>, Barcelona: Ariel, 1961.<\/p>\n<p>SALAS,  V.: <em>Econom\u00eda de la   Empresa. Decisiones y organizaci\u00f3n<\/em>, Barcelona: Ariel,  1986.<\/p>\n<p>SERRA,  A.: <em>Sistema econ\u00f3mico y empresa<\/em>, Barcelona: Ariel, 1986.<\/p>\n<p>SIMON,  H.A.: <em>El comportamiento administrativo<\/em>, Madrid: Aguilar, 1964.<\/p>\n<p>SUAREZ,  A.S.: <em>Curso de introducci\u00f3n a la   Econom\u00eda de la   Empresa<\/em>, Madrid: Pir\u00e1mide, 1986.<\/p>\n<p>VEBLEN,  T.: <em>Teor\u00eda de la empresa de negocios<\/em>, Buenos Aires: Buenos Aires, 1965.<\/p>\n<p><sup>1<\/sup>En la bibliograf\u00eda de apoyo  solo  se han recogido las referencias b\u00e1sicas y doctrinales dejando sin   incorporar las citas espec\u00edficas que se han ido mencionando en el  desarrollo  te\u00f3rico de la Unidad  did\u00e1ctica.<\/p>\n","protected":false},"excerpt":{"rendered":"<p>B\u00e1sica BUENO, E.: Curso b\u00e1sico de Econom\u00eda de la Empresa. Un enfoque de organizaci\u00f3n, 5.\u00aa ed., Madrid: 2004. BUENO, E.: Organizaci\u00f3n de empresas. Estructura, procesos y modelos, 2.\u00aa ed., Madrid: Pir\u00e1mide, 2007. En la red www.navactiva.com\/web\/es\/atic\/doc\/casospracticos\/ Avanzada1 ARRU\u00d1ADA, B.: Econom\u00eda de la Empresa: Un enfoque contractual, Barcelona: Ariel, 1990. BUENO, E.: El sistema de informaci\u00f3n [&hellip;]<\/p>\n","protected":false},"author":2,"featured_media":0,"parent":1042,"menu_order":0,"comment_status":"open","ping_status":"open","template":"","meta":{"footnotes":""},"yoast_head":"<!-- This site is optimized with the Yoast SEO plugin v22.9 - https:\/\/yoast.com\/wordpress\/plugins\/seo\/ -->\n<title>REFERENCIAS BIBLIOGR\u00c1FICAS - Blog de ADE<\/title>\n<meta name=\"robots\" content=\"index, follow, max-snippet:-1, max-image-preview:large, max-video-preview:-1\" \/>\n<link rel=\"canonical\" href=\"https:\/\/blogs.udima.es\/administracion-y-direccion-de-empresas\/libros\/introduccion-a-la-organizacion-de-empresas-2\/unidad-didactica-1-la-empresa-como-organizacion-los-sistemas-funcionales\/referencias-bibliograficas\/\" \/>\n<meta property=\"og:locale\" content=\"es_ES\" \/>\n<meta property=\"og:type\" content=\"article\" \/>\n<meta property=\"og:title\" content=\"REFERENCIAS BIBLIOGR\u00c1FICAS - Blog de ADE\" \/>\n<meta property=\"og:description\" content=\"B\u00e1sica BUENO, E.: Curso b\u00e1sico de Econom\u00eda de la Empresa. Un enfoque de organizaci\u00f3n, 5.\u00aa ed., Madrid: 2004. BUENO, E.: Organizaci\u00f3n de empresas. Estructura, procesos y modelos, 2.\u00aa ed., Madrid: Pir\u00e1mide, 2007. En la red www.navactiva.com\/web\/es\/atic\/doc\/casospracticos\/ Avanzada1 ARRU\u00d1ADA, B.: Econom\u00eda de la Empresa: Un enfoque contractual, Barcelona: Ariel, 1990. BUENO, E.: El sistema de informaci\u00f3n [&hellip;]\" \/>\n<meta property=\"og:url\" content=\"https:\/\/blogs.udima.es\/administracion-y-direccion-de-empresas\/libros\/introduccion-a-la-organizacion-de-empresas-2\/unidad-didactica-1-la-empresa-como-organizacion-los-sistemas-funcionales\/referencias-bibliograficas\/\" \/>\n<meta property=\"og:site_name\" content=\"Blog de ADE - Universidad a Distancia de Madrid | UDIMA\" \/>\n<meta name=\"twitter:card\" content=\"summary_large_image\" \/>\n<meta name=\"twitter:label1\" content=\"Tiempo de lectura\" \/>\n\t<meta name=\"twitter:data1\" content=\"1 minuto\" \/>\n<script type=\"application\/ld+json\" class=\"yoast-schema-graph\">{\"@context\":\"https:\/\/schema.org\",\"@graph\":[{\"@type\":\"WebPage\",\"@id\":\"https:\/\/blogs.udima.es\/administracion-y-direccion-de-empresas\/libros\/introduccion-a-la-organizacion-de-empresas-2\/unidad-didactica-1-la-empresa-como-organizacion-los-sistemas-funcionales\/referencias-bibliograficas\/\",\"url\":\"https:\/\/blogs.udima.es\/administracion-y-direccion-de-empresas\/libros\/introduccion-a-la-organizacion-de-empresas-2\/unidad-didactica-1-la-empresa-como-organizacion-los-sistemas-funcionales\/referencias-bibliograficas\/\",\"name\":\"REFERENCIAS BIBLIOGR\u00c1FICAS - Blog de ADE\",\"isPartOf\":{\"@id\":\"https:\/\/blogs.udima.es\/administracion-y-direccion-de-empresas\/#website\"},\"datePublished\":\"2010-12-28T16:51:26+00:00\",\"dateModified\":\"2010-12-28T16:51:26+00:00\",\"breadcrumb\":{\"@id\":\"https:\/\/blogs.udima.es\/administracion-y-direccion-de-empresas\/libros\/introduccion-a-la-organizacion-de-empresas-2\/unidad-didactica-1-la-empresa-como-organizacion-los-sistemas-funcionales\/referencias-bibliograficas\/#breadcrumb\"},\"inLanguage\":\"es\",\"potentialAction\":[{\"@type\":\"ReadAction\",\"target\":[\"https:\/\/blogs.udima.es\/administracion-y-direccion-de-empresas\/libros\/introduccion-a-la-organizacion-de-empresas-2\/unidad-didactica-1-la-empresa-como-organizacion-los-sistemas-funcionales\/referencias-bibliograficas\/\"]}]},{\"@type\":\"BreadcrumbList\",\"@id\":\"https:\/\/blogs.udima.es\/administracion-y-direccion-de-empresas\/libros\/introduccion-a-la-organizacion-de-empresas-2\/unidad-didactica-1-la-empresa-como-organizacion-los-sistemas-funcionales\/referencias-bibliograficas\/#breadcrumb\",\"itemListElement\":[{\"@type\":\"ListItem\",\"position\":1,\"name\":\"Portada\",\"item\":\"https:\/\/blogs.udima.es\/administracion-y-direccion-de-empresas\/\"},{\"@type\":\"ListItem\",\"position\":2,\"name\":\"Libros\",\"item\":\"https:\/\/blogs.udima.es\/administracion-y-direccion-de-empresas\/libros\/\"},{\"@type\":\"ListItem\",\"position\":3,\"name\":\"Introducci\u00f3n a la Organizaci\u00f3n de Empresas\",\"item\":\"https:\/\/blogs.udima.es\/administracion-y-direccion-de-empresas\/libros\/introduccion-a-la-organizacion-de-empresas-2\/\"},{\"@type\":\"ListItem\",\"position\":4,\"name\":\"Unidad did\u00e1ctica 1. La empresa como organizaci\u00f3n: los sistemas funcionales\",\"item\":\"https:\/\/blogs.udima.es\/administracion-y-direccion-de-empresas\/libros\/introduccion-a-la-organizacion-de-empresas-2\/unidad-didactica-1-la-empresa-como-organizacion-los-sistemas-funcionales\/\"},{\"@type\":\"ListItem\",\"position\":5,\"name\":\"REFERENCIAS BIBLIOGR\u00c1FICAS\"}]},{\"@type\":\"WebSite\",\"@id\":\"https:\/\/blogs.udima.es\/administracion-y-direccion-de-empresas\/#website\",\"url\":\"https:\/\/blogs.udima.es\/administracion-y-direccion-de-empresas\/\",\"name\":\"Blog de ADE - Universidad a Distancia de Madrid | UDIMA\",\"description\":\"\",\"potentialAction\":[{\"@type\":\"SearchAction\",\"target\":{\"@type\":\"EntryPoint\",\"urlTemplate\":\"https:\/\/blogs.udima.es\/administracion-y-direccion-de-empresas\/?s={search_term_string}\"},\"query-input\":\"required name=search_term_string\"}],\"inLanguage\":\"es\"}]}<\/script>\n<!-- \/ Yoast SEO plugin. -->","yoast_head_json":{"title":"REFERENCIAS BIBLIOGR\u00c1FICAS - Blog de ADE","robots":{"index":"index","follow":"follow","max-snippet":"max-snippet:-1","max-image-preview":"max-image-preview:large","max-video-preview":"max-video-preview:-1"},"canonical":"https:\/\/blogs.udima.es\/administracion-y-direccion-de-empresas\/libros\/introduccion-a-la-organizacion-de-empresas-2\/unidad-didactica-1-la-empresa-como-organizacion-los-sistemas-funcionales\/referencias-bibliograficas\/","og_locale":"es_ES","og_type":"article","og_title":"REFERENCIAS BIBLIOGR\u00c1FICAS - Blog de ADE","og_description":"B\u00e1sica BUENO, E.: Curso b\u00e1sico de Econom\u00eda de la Empresa. Un enfoque de organizaci\u00f3n, 5.\u00aa ed., Madrid: 2004. BUENO, E.: Organizaci\u00f3n de empresas. Estructura, procesos y modelos, 2.\u00aa ed., Madrid: Pir\u00e1mide, 2007. En la red www.navactiva.com\/web\/es\/atic\/doc\/casospracticos\/ Avanzada1 ARRU\u00d1ADA, B.: Econom\u00eda de la Empresa: Un enfoque contractual, Barcelona: Ariel, 1990. BUENO, E.: El sistema de informaci\u00f3n [&hellip;]","og_url":"https:\/\/blogs.udima.es\/administracion-y-direccion-de-empresas\/libros\/introduccion-a-la-organizacion-de-empresas-2\/unidad-didactica-1-la-empresa-como-organizacion-los-sistemas-funcionales\/referencias-bibliograficas\/","og_site_name":"Blog de ADE - Universidad a Distancia de Madrid | UDIMA","twitter_card":"summary_large_image","twitter_misc":{"Tiempo de lectura":"1 minuto"},"schema":{"@context":"https:\/\/schema.org","@graph":[{"@type":"WebPage","@id":"https:\/\/blogs.udima.es\/administracion-y-direccion-de-empresas\/libros\/introduccion-a-la-organizacion-de-empresas-2\/unidad-didactica-1-la-empresa-como-organizacion-los-sistemas-funcionales\/referencias-bibliograficas\/","url":"https:\/\/blogs.udima.es\/administracion-y-direccion-de-empresas\/libros\/introduccion-a-la-organizacion-de-empresas-2\/unidad-didactica-1-la-empresa-como-organizacion-los-sistemas-funcionales\/referencias-bibliograficas\/","name":"REFERENCIAS BIBLIOGR\u00c1FICAS - Blog de ADE","isPartOf":{"@id":"https:\/\/blogs.udima.es\/administracion-y-direccion-de-empresas\/#website"},"datePublished":"2010-12-28T16:51:26+00:00","dateModified":"2010-12-28T16:51:26+00:00","breadcrumb":{"@id":"https:\/\/blogs.udima.es\/administracion-y-direccion-de-empresas\/libros\/introduccion-a-la-organizacion-de-empresas-2\/unidad-didactica-1-la-empresa-como-organizacion-los-sistemas-funcionales\/referencias-bibliograficas\/#breadcrumb"},"inLanguage":"es","potentialAction":[{"@type":"ReadAction","target":["https:\/\/blogs.udima.es\/administracion-y-direccion-de-empresas\/libros\/introduccion-a-la-organizacion-de-empresas-2\/unidad-didactica-1-la-empresa-como-organizacion-los-sistemas-funcionales\/referencias-bibliograficas\/"]}]},{"@type":"BreadcrumbList","@id":"https:\/\/blogs.udima.es\/administracion-y-direccion-de-empresas\/libros\/introduccion-a-la-organizacion-de-empresas-2\/unidad-didactica-1-la-empresa-como-organizacion-los-sistemas-funcionales\/referencias-bibliograficas\/#breadcrumb","itemListElement":[{"@type":"ListItem","position":1,"name":"Portada","item":"https:\/\/blogs.udima.es\/administracion-y-direccion-de-empresas\/"},{"@type":"ListItem","position":2,"name":"Libros","item":"https:\/\/blogs.udima.es\/administracion-y-direccion-de-empresas\/libros\/"},{"@type":"ListItem","position":3,"name":"Introducci\u00f3n a la Organizaci\u00f3n de Empresas","item":"https:\/\/blogs.udima.es\/administracion-y-direccion-de-empresas\/libros\/introduccion-a-la-organizacion-de-empresas-2\/"},{"@type":"ListItem","position":4,"name":"Unidad did\u00e1ctica 1. La empresa como organizaci\u00f3n: los sistemas funcionales","item":"https:\/\/blogs.udima.es\/administracion-y-direccion-de-empresas\/libros\/introduccion-a-la-organizacion-de-empresas-2\/unidad-didactica-1-la-empresa-como-organizacion-los-sistemas-funcionales\/"},{"@type":"ListItem","position":5,"name":"REFERENCIAS BIBLIOGR\u00c1FICAS"}]},{"@type":"WebSite","@id":"https:\/\/blogs.udima.es\/administracion-y-direccion-de-empresas\/#website","url":"https:\/\/blogs.udima.es\/administracion-y-direccion-de-empresas\/","name":"Blog de ADE - Universidad a Distancia de Madrid | UDIMA","description":"","potentialAction":[{"@type":"SearchAction","target":{"@type":"EntryPoint","urlTemplate":"https:\/\/blogs.udima.es\/administracion-y-direccion-de-empresas\/?s={search_term_string}"},"query-input":"required name=search_term_string"}],"inLanguage":"es"}]}},"_links":{"self":[{"href":"https:\/\/blogs.udima.es\/administracion-y-direccion-de-empresas\/wp-json\/wp\/v2\/pages\/1050"}],"collection":[{"href":"https:\/\/blogs.udima.es\/administracion-y-direccion-de-empresas\/wp-json\/wp\/v2\/pages"}],"about":[{"href":"https:\/\/blogs.udima.es\/administracion-y-direccion-de-empresas\/wp-json\/wp\/v2\/types\/page"}],"author":[{"embeddable":true,"href":"https:\/\/blogs.udima.es\/administracion-y-direccion-de-empresas\/wp-json\/wp\/v2\/users\/2"}],"replies":[{"embeddable":true,"href":"https:\/\/blogs.udima.es\/administracion-y-direccion-de-empresas\/wp-json\/wp\/v2\/comments?post=1050"}],"version-history":[{"count":0,"href":"https:\/\/blogs.udima.es\/administracion-y-direccion-de-empresas\/wp-json\/wp\/v2\/pages\/1050\/revisions"}],"up":[{"embeddable":true,"href":"https:\/\/blogs.udima.es\/administracion-y-direccion-de-empresas\/wp-json\/wp\/v2\/pages\/1042"}],"wp:attachment":[{"href":"https:\/\/blogs.udima.es\/administracion-y-direccion-de-empresas\/wp-json\/wp\/v2\/media?parent=1050"}],"curies":[{"name":"wp","href":"https:\/\/api.w.org\/{rel}","templated":true}]}}