{"id":1043,"date":"2010-12-28T16:50:17","date_gmt":"2010-12-28T16:50:17","guid":{"rendered":"http:\/\/www.adeudima.com\/?page_id=92"},"modified":"2010-12-28T16:50:17","modified_gmt":"2010-12-28T16:50:17","slug":"objetivos-de-la-unidad-1","status":"publish","type":"page","link":"https:\/\/blogs.udima.es\/administracion-y-direccion-de-empresas\/libros\/introduccion-a-la-organizacion-de-empresas-2\/unidad-didactica-1-la-empresa-como-organizacion-los-sistemas-funcionales\/objetivos-de-la-unidad-1\/","title":{"rendered":"OBJETIVOS DE LA UNIDAD 1"},"content":{"rendered":"<p>Si algo caracteriza el estado actual de la ciencia o la Teor\u00eda de la Organizaci\u00f3n es la comprensi\u00f3n de la empresa como organizaci\u00f3n, es decir, como sistema o instituci\u00f3n principal que responde e integra el conjunto diverso de enfoques cient\u00edficos que estudian la misma, con el fin de entender su realidad socio-econ\u00f3mica y permitir una direcci\u00f3n eficiente y efectiva de la entidad o del sujeto econ\u00f3mico que vertebra la econom\u00eda moderna.<\/p>\n<p>En suma, dicho estado del conocimiento organizativo faculta el an\u00e1lisis necesario para comprender la diversidad, la taxonom\u00eda de las estructuras y del comportamiento de las organizaciones o de las empresas, consideradas como sistemas socio-t\u00e9cnicos abiertos. Planteamiento que conduce a la construcci\u00f3n de una teor\u00eda general de la organizaci\u00f3n de empresas, como objetivo principal de esta obra y que ahora se inicia con esta Unidad did\u00e1ctica, en la que se introduce el concepto nuclear de la empresa como organizaci\u00f3n.<\/p>\n<p>En consecuencia, en el ep\u00edgrafe siguiente se resumen los enfoques principales que han construido el concepto de empresa bajo la perspectiva citada. S\u00edntesis te\u00f3rica que fundamenta el contenido de la disciplina denotada como Organizaci\u00f3n de Empresas. En el ep\u00edgrafe segundo se aborda el concepto de la empresa como sistema y el an\u00e1lisis de los sistemas empresariales o subsistemas que lo componen, como forma de entender la estructura y el comportamiento de la empresa concebida como un sistema, de naturaleza compleja y adaptativo respecto a su entorno.<\/p>\n<p>En los ep\u00edgrafes tercero y cuarto se tratan, primero del concepto b\u00e1sico de la empresa como organizaci\u00f3n, es decir como un sistema socio-t\u00e9cnico abierto y, segundo, del concepto y elementos que configuran la estructura organizativa de la empresa.<\/p>\n<p>En el ep\u00edgrafe quinto se presentan las \u00e1reas o los sistemas funcionales de la empresa en la perspectiva que se ha venido desarrollando en esta Unidad did\u00e1ctica.<\/p>\n<p>Finalmente se ofrecen los conceptos clave o b\u00e1sicos a retener, las actividades a desarrollar y la bibliograf\u00eda recomendada para el estudio de la Unidad did\u00e1ctica.<\/p>\n<p>En definitiva, en esta Unidad did\u00e1ctica se pretende entender el concepto de la empresa como organizaci\u00f3n, a trav\u00e9s del an\u00e1lisis b\u00e1sico de la evoluci\u00f3n de los enfoques conceptuales principales, as\u00ed como de la descripci\u00f3n de los subsistemas o funciones que integran su consideraci\u00f3n de sistema socio-t\u00e9cnico abierto, desde la moderna perspectiva del \u00abenfoque sist\u00e9mico\u00bb, de forma que permita entender su estructura organizativa y el funcionamiento b\u00e1sico de sus sistemas empresariales o aspectos, los cuales se ir\u00e1n considerando y detallando en las siguientes Unidades did\u00e1cticas.<\/p>\n","protected":false},"excerpt":{"rendered":"<p>Si algo caracteriza el estado actual de la ciencia o la Teor\u00eda de la Organizaci\u00f3n es la comprensi\u00f3n de la empresa como organizaci\u00f3n, es decir, como sistema o instituci\u00f3n principal que responde e integra el conjunto diverso de enfoques cient\u00edficos que estudian la misma, con el fin de entender su realidad socio-econ\u00f3mica y permitir una [&hellip;]<\/p>\n","protected":false},"author":2,"featured_media":0,"parent":1042,"menu_order":0,"comment_status":"open","ping_status":"open","template":"","meta":{"footnotes":""},"yoast_head":"<!-- This site is optimized with the Yoast SEO plugin v22.9 - https:\/\/yoast.com\/wordpress\/plugins\/seo\/ -->\n<title>OBJETIVOS DE LA UNIDAD 1 - Blog de ADE<\/title>\n<meta name=\"robots\" content=\"index, follow, max-snippet:-1, max-image-preview:large, max-video-preview:-1\" \/>\n<link rel=\"canonical\" href=\"https:\/\/blogs.udima.es\/administracion-y-direccion-de-empresas\/libros\/introduccion-a-la-organizacion-de-empresas-2\/unidad-didactica-1-la-empresa-como-organizacion-los-sistemas-funcionales\/objetivos-de-la-unidad-1\/\" \/>\n<meta property=\"og:locale\" content=\"es_ES\" \/>\n<meta property=\"og:type\" content=\"article\" \/>\n<meta property=\"og:title\" content=\"OBJETIVOS DE LA UNIDAD 1 - Blog de ADE\" \/>\n<meta property=\"og:description\" content=\"Si algo caracteriza el estado actual de la ciencia o la Teor\u00eda de la Organizaci\u00f3n es la comprensi\u00f3n de la empresa como organizaci\u00f3n, es decir, como sistema o instituci\u00f3n principal que responde e integra el conjunto diverso de enfoques cient\u00edficos que estudian la misma, con el fin de entender su realidad socio-econ\u00f3mica y permitir una [&hellip;]\" \/>\n<meta property=\"og:url\" content=\"https:\/\/blogs.udima.es\/administracion-y-direccion-de-empresas\/libros\/introduccion-a-la-organizacion-de-empresas-2\/unidad-didactica-1-la-empresa-como-organizacion-los-sistemas-funcionales\/objetivos-de-la-unidad-1\/\" \/>\n<meta property=\"og:site_name\" content=\"Blog de ADE - Universidad a Distancia de Madrid | UDIMA\" \/>\n<meta name=\"twitter:card\" content=\"summary_large_image\" \/>\n<meta name=\"twitter:label1\" content=\"Tiempo de lectura\" \/>\n\t<meta name=\"twitter:data1\" content=\"2 minutos\" \/>\n<script type=\"application\/ld+json\" class=\"yoast-schema-graph\">{\"@context\":\"https:\/\/schema.org\",\"@graph\":[{\"@type\":\"WebPage\",\"@id\":\"https:\/\/blogs.udima.es\/administracion-y-direccion-de-empresas\/libros\/introduccion-a-la-organizacion-de-empresas-2\/unidad-didactica-1-la-empresa-como-organizacion-los-sistemas-funcionales\/objetivos-de-la-unidad-1\/\",\"url\":\"https:\/\/blogs.udima.es\/administracion-y-direccion-de-empresas\/libros\/introduccion-a-la-organizacion-de-empresas-2\/unidad-didactica-1-la-empresa-como-organizacion-los-sistemas-funcionales\/objetivos-de-la-unidad-1\/\",\"name\":\"OBJETIVOS DE LA UNIDAD 1 - Blog de ADE\",\"isPartOf\":{\"@id\":\"https:\/\/blogs.udima.es\/administracion-y-direccion-de-empresas\/#website\"},\"datePublished\":\"2010-12-28T16:50:17+00:00\",\"dateModified\":\"2010-12-28T16:50:17+00:00\",\"breadcrumb\":{\"@id\":\"https:\/\/blogs.udima.es\/administracion-y-direccion-de-empresas\/libros\/introduccion-a-la-organizacion-de-empresas-2\/unidad-didactica-1-la-empresa-como-organizacion-los-sistemas-funcionales\/objetivos-de-la-unidad-1\/#breadcrumb\"},\"inLanguage\":\"es\",\"potentialAction\":[{\"@type\":\"ReadAction\",\"target\":[\"https:\/\/blogs.udima.es\/administracion-y-direccion-de-empresas\/libros\/introduccion-a-la-organizacion-de-empresas-2\/unidad-didactica-1-la-empresa-como-organizacion-los-sistemas-funcionales\/objetivos-de-la-unidad-1\/\"]}]},{\"@type\":\"BreadcrumbList\",\"@id\":\"https:\/\/blogs.udima.es\/administracion-y-direccion-de-empresas\/libros\/introduccion-a-la-organizacion-de-empresas-2\/unidad-didactica-1-la-empresa-como-organizacion-los-sistemas-funcionales\/objetivos-de-la-unidad-1\/#breadcrumb\",\"itemListElement\":[{\"@type\":\"ListItem\",\"position\":1,\"name\":\"Portada\",\"item\":\"https:\/\/blogs.udima.es\/administracion-y-direccion-de-empresas\/\"},{\"@type\":\"ListItem\",\"position\":2,\"name\":\"Libros\",\"item\":\"https:\/\/blogs.udima.es\/administracion-y-direccion-de-empresas\/libros\/\"},{\"@type\":\"ListItem\",\"position\":3,\"name\":\"Introducci\u00f3n a la Organizaci\u00f3n de Empresas\",\"item\":\"https:\/\/blogs.udima.es\/administracion-y-direccion-de-empresas\/libros\/introduccion-a-la-organizacion-de-empresas-2\/\"},{\"@type\":\"ListItem\",\"position\":4,\"name\":\"Unidad did\u00e1ctica 1. La empresa como organizaci\u00f3n: los sistemas funcionales\",\"item\":\"https:\/\/blogs.udima.es\/administracion-y-direccion-de-empresas\/libros\/introduccion-a-la-organizacion-de-empresas-2\/unidad-didactica-1-la-empresa-como-organizacion-los-sistemas-funcionales\/\"},{\"@type\":\"ListItem\",\"position\":5,\"name\":\"OBJETIVOS DE LA UNIDAD 1\"}]},{\"@type\":\"WebSite\",\"@id\":\"https:\/\/blogs.udima.es\/administracion-y-direccion-de-empresas\/#website\",\"url\":\"https:\/\/blogs.udima.es\/administracion-y-direccion-de-empresas\/\",\"name\":\"Blog de ADE - Universidad a Distancia de Madrid | UDIMA\",\"description\":\"\",\"potentialAction\":[{\"@type\":\"SearchAction\",\"target\":{\"@type\":\"EntryPoint\",\"urlTemplate\":\"https:\/\/blogs.udima.es\/administracion-y-direccion-de-empresas\/?s={search_term_string}\"},\"query-input\":\"required name=search_term_string\"}],\"inLanguage\":\"es\"}]}<\/script>\n<!-- \/ Yoast SEO plugin. -->","yoast_head_json":{"title":"OBJETIVOS DE LA UNIDAD 1 - Blog de ADE","robots":{"index":"index","follow":"follow","max-snippet":"max-snippet:-1","max-image-preview":"max-image-preview:large","max-video-preview":"max-video-preview:-1"},"canonical":"https:\/\/blogs.udima.es\/administracion-y-direccion-de-empresas\/libros\/introduccion-a-la-organizacion-de-empresas-2\/unidad-didactica-1-la-empresa-como-organizacion-los-sistemas-funcionales\/objetivos-de-la-unidad-1\/","og_locale":"es_ES","og_type":"article","og_title":"OBJETIVOS DE LA UNIDAD 1 - Blog de ADE","og_description":"Si algo caracteriza el estado actual de la ciencia o la Teor\u00eda de la Organizaci\u00f3n es la comprensi\u00f3n de la empresa como organizaci\u00f3n, es decir, como sistema o instituci\u00f3n principal que responde e integra el conjunto diverso de enfoques cient\u00edficos que estudian la misma, con el fin de entender su realidad socio-econ\u00f3mica y permitir una [&hellip;]","og_url":"https:\/\/blogs.udima.es\/administracion-y-direccion-de-empresas\/libros\/introduccion-a-la-organizacion-de-empresas-2\/unidad-didactica-1-la-empresa-como-organizacion-los-sistemas-funcionales\/objetivos-de-la-unidad-1\/","og_site_name":"Blog de ADE - Universidad a Distancia de Madrid | UDIMA","twitter_card":"summary_large_image","twitter_misc":{"Tiempo de lectura":"2 minutos"},"schema":{"@context":"https:\/\/schema.org","@graph":[{"@type":"WebPage","@id":"https:\/\/blogs.udima.es\/administracion-y-direccion-de-empresas\/libros\/introduccion-a-la-organizacion-de-empresas-2\/unidad-didactica-1-la-empresa-como-organizacion-los-sistemas-funcionales\/objetivos-de-la-unidad-1\/","url":"https:\/\/blogs.udima.es\/administracion-y-direccion-de-empresas\/libros\/introduccion-a-la-organizacion-de-empresas-2\/unidad-didactica-1-la-empresa-como-organizacion-los-sistemas-funcionales\/objetivos-de-la-unidad-1\/","name":"OBJETIVOS DE LA UNIDAD 1 - Blog de ADE","isPartOf":{"@id":"https:\/\/blogs.udima.es\/administracion-y-direccion-de-empresas\/#website"},"datePublished":"2010-12-28T16:50:17+00:00","dateModified":"2010-12-28T16:50:17+00:00","breadcrumb":{"@id":"https:\/\/blogs.udima.es\/administracion-y-direccion-de-empresas\/libros\/introduccion-a-la-organizacion-de-empresas-2\/unidad-didactica-1-la-empresa-como-organizacion-los-sistemas-funcionales\/objetivos-de-la-unidad-1\/#breadcrumb"},"inLanguage":"es","potentialAction":[{"@type":"ReadAction","target":["https:\/\/blogs.udima.es\/administracion-y-direccion-de-empresas\/libros\/introduccion-a-la-organizacion-de-empresas-2\/unidad-didactica-1-la-empresa-como-organizacion-los-sistemas-funcionales\/objetivos-de-la-unidad-1\/"]}]},{"@type":"BreadcrumbList","@id":"https:\/\/blogs.udima.es\/administracion-y-direccion-de-empresas\/libros\/introduccion-a-la-organizacion-de-empresas-2\/unidad-didactica-1-la-empresa-como-organizacion-los-sistemas-funcionales\/objetivos-de-la-unidad-1\/#breadcrumb","itemListElement":[{"@type":"ListItem","position":1,"name":"Portada","item":"https:\/\/blogs.udima.es\/administracion-y-direccion-de-empresas\/"},{"@type":"ListItem","position":2,"name":"Libros","item":"https:\/\/blogs.udima.es\/administracion-y-direccion-de-empresas\/libros\/"},{"@type":"ListItem","position":3,"name":"Introducci\u00f3n a la Organizaci\u00f3n de Empresas","item":"https:\/\/blogs.udima.es\/administracion-y-direccion-de-empresas\/libros\/introduccion-a-la-organizacion-de-empresas-2\/"},{"@type":"ListItem","position":4,"name":"Unidad did\u00e1ctica 1. La empresa como organizaci\u00f3n: los sistemas funcionales","item":"https:\/\/blogs.udima.es\/administracion-y-direccion-de-empresas\/libros\/introduccion-a-la-organizacion-de-empresas-2\/unidad-didactica-1-la-empresa-como-organizacion-los-sistemas-funcionales\/"},{"@type":"ListItem","position":5,"name":"OBJETIVOS DE LA UNIDAD 1"}]},{"@type":"WebSite","@id":"https:\/\/blogs.udima.es\/administracion-y-direccion-de-empresas\/#website","url":"https:\/\/blogs.udima.es\/administracion-y-direccion-de-empresas\/","name":"Blog de ADE - Universidad a Distancia de Madrid | UDIMA","description":"","potentialAction":[{"@type":"SearchAction","target":{"@type":"EntryPoint","urlTemplate":"https:\/\/blogs.udima.es\/administracion-y-direccion-de-empresas\/?s={search_term_string}"},"query-input":"required name=search_term_string"}],"inLanguage":"es"}]}},"_links":{"self":[{"href":"https:\/\/blogs.udima.es\/administracion-y-direccion-de-empresas\/wp-json\/wp\/v2\/pages\/1043"}],"collection":[{"href":"https:\/\/blogs.udima.es\/administracion-y-direccion-de-empresas\/wp-json\/wp\/v2\/pages"}],"about":[{"href":"https:\/\/blogs.udima.es\/administracion-y-direccion-de-empresas\/wp-json\/wp\/v2\/types\/page"}],"author":[{"embeddable":true,"href":"https:\/\/blogs.udima.es\/administracion-y-direccion-de-empresas\/wp-json\/wp\/v2\/users\/2"}],"replies":[{"embeddable":true,"href":"https:\/\/blogs.udima.es\/administracion-y-direccion-de-empresas\/wp-json\/wp\/v2\/comments?post=1043"}],"version-history":[{"count":0,"href":"https:\/\/blogs.udima.es\/administracion-y-direccion-de-empresas\/wp-json\/wp\/v2\/pages\/1043\/revisions"}],"up":[{"embeddable":true,"href":"https:\/\/blogs.udima.es\/administracion-y-direccion-de-empresas\/wp-json\/wp\/v2\/pages\/1042"}],"wp:attachment":[{"href":"https:\/\/blogs.udima.es\/administracion-y-direccion-de-empresas\/wp-json\/wp\/v2\/media?parent=1043"}],"curies":[{"name":"wp","href":"https:\/\/api.w.org\/{rel}","templated":true}]}}